{"id":5190,"date":"2025-03-17T09:20:43","date_gmt":"2025-03-17T09:20:43","guid":{"rendered":"https:\/\/zipline-dolinka.si\/?page_id=5190"},"modified":"2025-03-17T13:45:33","modified_gmt":"2025-03-17T13:45:33","slug":"osma-zajla-tvoj-zapik-po-adrenalinski-avanturi","status":"publish","type":"page","link":"https:\/\/zipline-dolinka.si\/sl\/teambuilding\/osma-zajla-tvoj-zapik-po-adrenalinski-avanturi\/","title":{"rendered":"OSMA ZAJLA. &#8220;Tvoj zapik po adrenalinski avanturi&#8221;"},"content":{"rendered":"\n<p><\/p>\n\n\n\n<div id=\"wp-block-themeisle-blocks-advanced-columns-7fc3d663\" class=\"wp-block-themeisle-blocks-advanced-columns has-2-columns has-desktop-equal-layout has-tablet-equal-layout has-mobile-collapsedRows-layout has-vertical-unset\"><div class=\"wp-block-themeisle-blocks-advanced-columns-overlay\"><\/div><div class=\"innerblocks-wrap\">\n<div id=\"wp-block-themeisle-blocks-advanced-column-6fd1b65f\" class=\"wp-block-themeisle-blocks-advanced-column\">\n<h2 class=\"wp-block-heading has-medium-font-size\">V na\u0161em lokalu vam ponujamo zajtrk in brunch s skrbno izbranimi lokalnimi sestavinami, ki zagotavljajo sve\u017eino in pristne okuse.<\/h2>\n\n\n\n<h2 class=\"wp-block-heading has-medium-font-size\"><strong>ZAJTRK<\/strong><em>&nbsp;<\/em><\/h2>\n\n\n\n<ul class=\"wp-block-list\">\n<li><strong>Doma\u010di kruh<\/strong>&nbsp;\u2013 pe\u010den po tradicionalnem receptu<\/li>\n\n\n\n<li><strong>Doma\u010de maslo<\/strong>&nbsp;\u2013 kremasto in polnega okusa<\/li>\n\n\n\n<li><strong>Doma\u010da marmelada<\/strong>&nbsp;\u2013 iz sezonskega sadja<\/li>\n\n\n\n<li><strong>Lokalni med<\/strong>&nbsp;\u2013 naravno sladilo iz bli\u017enjih \u010debelnjakov<\/li>\n\n\n\n<li><strong>Homemade granola s sadjem in jogurtom<\/strong>&nbsp;\u2013 hrustljava in hranljiva kombinacija<\/li>\n\n\n\n<li><strong>Jajca na razli\u010dne na\u010dine<\/strong>&nbsp;\u2013 (iz proste reje) ume\u0161ana, na oko, po\u0161irana\u2026<\/li>\n\n\n\n<li><strong>Siri lokalnih pridelovalcev<\/strong>&nbsp;\u2013 pristni okusi doma\u010dih sirarn<\/li>\n\n\n\n<li><strong>Francoski roglji\u010d<\/strong>&nbsp;\u2013 sve\u017ee pe\u010den in hrustljav<\/li>\n\n\n\n<li><strong>Pala\u010dinke<\/strong>&nbsp;\u2013 mehke in slastne, z razli\u010dnimi nadevi<\/li>\n\n\n\n<li><strong>Kava, \u010daj, metin sok<\/strong>&nbsp;\u2013 popolna izbira za za\u010detek dneva<\/li>\n\n\n\n<li><strong>Sve\u017ee stisnjen pomaran\u010dni sok<\/strong>&nbsp;\u2013 naravna doza vitaminov<\/li>\n<\/ul>\n\n\n\n<hr class=\"wp-block-separator has-text-color has-nv-light-bg-color has-alpha-channel-opacity has-nv-light-bg-background-color has-background\"\/>\n\n\n\n<h2 class=\"wp-block-heading has-medium-font-size\">BRUNCH&nbsp;<\/h2>\n\n\n\n<ul class=\"wp-block-list\">\n<li><strong>Jajca Benedict s sirom<\/strong>&nbsp;\u2013 popolno po\u0161irana jajca na hrustljavi podlagi<\/li>\n\n\n\n<li><strong>Croque Madame<\/strong>&nbsp;\u2013 prefinjen francoski sendvi\u010d z jajcem in sirom<\/li>\n\n\n\n<li><strong>Polenta s sirom in smetano ali kislim mlekom<\/strong>&nbsp;\u2013 tradicionalna in bogata jed<\/li>\n\n\n\n<li><strong>Shakshuka<\/strong>&nbsp;\u2013 jajca v aromati\u010dni paradi\u017enikovi omaki<\/li>\n\n\n\n<li><strong>Lokalni siri, humus, olive in zelenjava<\/strong>&nbsp;\u2013 lahka, a nasitna izbira<\/li>\n<\/ul>\n\n\n\n<hr class=\"wp-block-separator has-text-color has-nv-light-bg-color has-alpha-channel-opacity has-nv-light-bg-background-color has-background\"\/>\n\n\n\n<h2 class=\"wp-block-heading has-medium-font-size\">SENDVI\u010cI&nbsp;\ud83e\udd6a<\/h2>\n\n\n\n<p>Pripravljeni s skrbno izbranimi sestavinami, brez mesnin, a polni okusa!<\/p>\n\n\n\n<ul class=\"wp-block-list\">\n<li><strong>&#8220;Zelena Oaza&#8221;<\/strong>&nbsp;\u2013 avokado, feta sir, rukola, son\u010dni\u010dna semena, limetin preliv<\/li>\n\n\n\n<li><strong>&#8220;Gozdni Skrivnost&#8221;<\/strong>&nbsp;\u2013 pe\u010deni jur\u010dki, dimljen sir, orehi, rukola, tartufata<\/li>\n\n\n\n<li><strong>&#8220;Alpski Klasik&#8221;<\/strong>&nbsp;\u2013 lokalni sir, hru\u0161ka, med, orehi, hrustljava bageta<\/li>\n\n\n\n<li><strong>&#8220;Mediteranski Utrip&#8221;<\/strong>&nbsp;\u2013 humus, pe\u010dena paprika, olive, feta, bazilika<\/li>\n\n\n\n<li><strong>&#8220;Koren\u010dkov Twist&#8221;<\/strong>&nbsp;\u2013 mariniran koren\u010dek, kremni sir, rukola, sezam<\/li>\n<\/ul>\n\n\n\n<hr class=\"wp-block-separator has-text-color has-nv-light-bg-color has-alpha-channel-opacity has-nv-light-bg-background-color has-background is-style-default\"\/>\n\n\n\n<h2 class=\"wp-block-heading has-medium-font-size\">KOSILO&nbsp;\ud83c\udf72<\/h2>\n\n\n\n<ul class=\"wp-block-list\">\n<li><strong>Gosta babi\u010dina juha<\/strong>&nbsp;\u2013 bogata in hranljiva, kot jo je kuhala babica<\/li>\n\n\n\n<li><strong>Bu\u010dna ri\u017eota s parmezanom<\/strong>&nbsp;\u2013 kremasta in di\u0161e\u010da<\/li>\n\n\n\n<li><strong>Blejska regratova solata s krompirjem in jajcem<\/strong>&nbsp;\u2013 tradicionalna lokalna specialiteta<\/li>\n\n\n\n<li><strong>Hi\u0161na blejska rezina<\/strong>&nbsp;\u2013 sladek zaklju\u010dek z znano blejsko klasiko<\/li>\n<\/ul>\n\n\n\n<h2 class=\"wp-block-heading has-large-font-size\"><strong><strong>Kontaktirajte nas<\/strong><\/strong><\/h2>\n\n\n\n<div class=\"wp-block-buttons is-content-justification-left is-layout-flex wp-container-core-buttons-is-layout-fdcfc74e wp-block-buttons-is-layout-flex\">\n<div class=\"wp-block-button ticss-f30ccda4\"><a class=\"wp-block-button__link has-nv-site-bg-color has-neve-link-hover-color-background-color has-text-color has-background wp-element-button\" href=\"https:\/\/zipline-dolinka.si\/sl\/teambuilding\/povprasevanje\/\" style=\"border-radius:30px\">Povpra\u0161evanje<\/a><\/div>\n\n\n\n<div class=\"wp-block-button ticss-f30ccda4\"><a class=\"wp-block-button__link has-neve-link-hover-color-color has-nv-light-bg-background-color has-text-color has-background wp-element-button\" href=\"https:\/\/www.osmazajla.si\/\" style=\"border-radius:30px\" target=\"_blank\" rel=\" noreferrer noopener nofollow\">Ve\u010d o 8. Zajli<\/a><\/div>\n<\/div>\n\n\n\n<div style=\"height:49px\" aria-hidden=\"true\" class=\"wp-block-spacer\"><\/div>\n<\/div>\n\n\n\n<section id=\"wp-block-themeisle-blocks-advanced-column-0015c705\" class=\"wp-block-themeisle-blocks-advanced-column\">\n<figure class=\"wp-block-image size-full\"><img loading=\"lazy\" decoding=\"async\" width=\"698\" height=\"472\" src=\"https:\/\/zipline-dolinka.si\/wp-content\/uploads\/2025\/03\/01_8zajla.png\" alt=\"\" class=\"wp-image-5191\" srcset=\"https:\/\/zipline-dolinka.si\/wp-content\/uploads\/2025\/03\/01_8zajla.png 698w, https:\/\/zipline-dolinka.si\/wp-content\/uploads\/2025\/03\/01_8zajla-300x203.png 300w\" sizes=\"auto, (max-width: 698px) 100vw, 698px\" \/><\/figure>\n\n\n\n<div style=\"height:22px\" aria-hidden=\"true\" class=\"wp-block-spacer\"><\/div>\n\n\n\n<figure class=\"wp-block-image size-full\"><img loading=\"lazy\" decoding=\"async\" width=\"698\" height=\"472\" src=\"https:\/\/zipline-dolinka.si\/wp-content\/uploads\/2025\/03\/02_8zajla.png\" alt=\"\" class=\"wp-image-5215\" srcset=\"https:\/\/zipline-dolinka.si\/wp-content\/uploads\/2025\/03\/02_8zajla.png 698w, https:\/\/zipline-dolinka.si\/wp-content\/uploads\/2025\/03\/02_8zajla-300x203.png 300w\" sizes=\"auto, (max-width: 698px) 100vw, 698px\" \/><\/figure>\n\n\n\n<div style=\"height:22px\" aria-hidden=\"true\" class=\"wp-block-spacer\"><\/div>\n\n\n\n<figure class=\"wp-block-image size-full\"><img loading=\"lazy\" decoding=\"async\" width=\"698\" height=\"472\" src=\"https:\/\/zipline-dolinka.si\/wp-content\/uploads\/2025\/03\/03_8zajla.png\" alt=\"\" class=\"wp-image-5203\" srcset=\"https:\/\/zipline-dolinka.si\/wp-content\/uploads\/2025\/03\/03_8zajla.png 698w, https:\/\/zipline-dolinka.si\/wp-content\/uploads\/2025\/03\/03_8zajla-300x203.png 300w\" sizes=\"auto, (max-width: 698px) 100vw, 698px\" \/><\/figure>\n<\/section>\n<\/div><\/div>\n\n\n\n<div style=\"height:100px\" aria-hidden=\"true\" class=\"wp-block-spacer\"><\/div>\n\n\n\n<p><\/p>\n","protected":false},"excerpt":{"rendered":"","protected":false},"author":1,"featured_media":0,"parent":4852,"menu_order":1,"comment_status":"closed","ping_status":"closed","template":"","meta":{"neve_meta_sidebar":"","neve_meta_container":"","neve_meta_enable_content_width":"off","neve_meta_content_width":70,"neve_meta_title_alignment":"","neve_meta_author_avatar":"","neve_post_elements_order":"","neve_meta_disable_header":"","neve_meta_disable_footer":"","neve_meta_disable_title":"","_themeisle_gutenberg_block_has_review":false,"footnotes":""},"class_list":["post-5190","page","type-page","status-publish","hentry"],"yoast_head":"<!-- This site is optimized with the Yoast SEO plugin v27.0 - https:\/\/yoast.com\/product\/yoast-seo-wordpress\/ -->\n<title>OSMA ZAJLA. &quot;Tvoj zapik po adrenalinski avanturi&quot; - Zipline Dolinka<\/title>\n<meta name=\"description\" content=\"Do\u017eivite nepozabno pustolov\u0161\u010dino z dru\u017einskim ziplinom v Bledu! Varen in zabaven zipline za otroke in star\u0161e, obkro\u017een s \u010dudovito naravo. Rezervirajte zdaj!\" \/>\n<meta name=\"robots\" content=\"index, follow, max-snippet:-1, max-image-preview:large, max-video-preview:-1\" \/>\n<link rel=\"canonical\" href=\"https:\/\/zipline-dolinka.si\/sl\/teambuilding\/osma-zajla-tvoj-zapik-po-adrenalinski-avanturi\/\" \/>\n<meta property=\"og:locale\" content=\"sl_SI\" \/>\n<meta property=\"og:type\" content=\"article\" \/>\n<meta property=\"og:title\" content=\"OSMA ZAJLA. &quot;Tvoj zapik po adrenalinski avanturi&quot; - Zipline Dolinka\" \/>\n<meta property=\"og:description\" content=\"Do\u017eivite nepozabno pustolov\u0161\u010dino z dru\u017einskim ziplinom v Bledu! Varen in zabaven zipline za otroke in star\u0161e, obkro\u017een s \u010dudovito naravo. Rezervirajte zdaj!\" \/>\n<meta property=\"og:url\" content=\"https:\/\/zipline-dolinka.si\/sl\/teambuilding\/osma-zajla-tvoj-zapik-po-adrenalinski-avanturi\/\" \/>\n<meta property=\"og:site_name\" content=\"Zipline Dolinka\" \/>\n<meta property=\"article:publisher\" content=\"https:\/\/www.facebook.com\/ZiplineDolinka\/\" \/>\n<meta property=\"article:modified_time\" content=\"2025-03-17T13:45:33+00:00\" \/>\n<meta property=\"og:image\" content=\"https:\/\/zipline-dolinka.si\/wp-content\/uploads\/2025\/03\/01_8zajla.png\" \/>\n<meta name=\"twitter:card\" content=\"summary_large_image\" \/>\n<meta name=\"twitter:label1\" content=\"Est. reading time\" \/>\n\t<meta name=\"twitter:data1\" content=\"2 minuti\" \/>\n<script type=\"application\/ld+json\" class=\"yoast-schema-graph\">{\"@context\":\"https:\/\/schema.org\",\"@graph\":[{\"@type\":\"WebPage\",\"@id\":\"https:\/\/zipline-dolinka.si\/sl\/teambuilding\/osma-zajla-tvoj-zapik-po-adrenalinski-avanturi\/\",\"url\":\"https:\/\/zipline-dolinka.si\/sl\/teambuilding\/osma-zajla-tvoj-zapik-po-adrenalinski-avanturi\/\",\"name\":\"OSMA ZAJLA. \\\"Tvoj zapik po adrenalinski avanturi\\\" - Zipline Dolinka\",\"isPartOf\":{\"@id\":\"https:\/\/zipline-dolinka.si\/sl\/#website\"},\"primaryImageOfPage\":{\"@id\":\"https:\/\/zipline-dolinka.si\/sl\/teambuilding\/osma-zajla-tvoj-zapik-po-adrenalinski-avanturi\/#primaryimage\"},\"image\":{\"@id\":\"https:\/\/zipline-dolinka.si\/sl\/teambuilding\/osma-zajla-tvoj-zapik-po-adrenalinski-avanturi\/#primaryimage\"},\"thumbnailUrl\":\"https:\/\/zipline-dolinka.si\/wp-content\/uploads\/2025\/03\/01_8zajla.png\",\"datePublished\":\"2025-03-17T09:20:43+00:00\",\"dateModified\":\"2025-03-17T13:45:33+00:00\",\"description\":\"Do\u017eivite nepozabno pustolov\u0161\u010dino z dru\u017einskim ziplinom v Bledu! Varen in zabaven zipline za otroke in star\u0161e, obkro\u017een s \u010dudovito naravo. Rezervirajte zdaj!\",\"breadcrumb\":{\"@id\":\"https:\/\/zipline-dolinka.si\/sl\/teambuilding\/osma-zajla-tvoj-zapik-po-adrenalinski-avanturi\/#breadcrumb\"},\"inLanguage\":\"sl-SI\",\"potentialAction\":[{\"@type\":\"ReadAction\",\"target\":[\"https:\/\/zipline-dolinka.si\/sl\/teambuilding\/osma-zajla-tvoj-zapik-po-adrenalinski-avanturi\/\"]}]},{\"@type\":\"ImageObject\",\"inLanguage\":\"sl-SI\",\"@id\":\"https:\/\/zipline-dolinka.si\/sl\/teambuilding\/osma-zajla-tvoj-zapik-po-adrenalinski-avanturi\/#primaryimage\",\"url\":\"https:\/\/zipline-dolinka.si\/wp-content\/uploads\/2025\/03\/01_8zajla.png\",\"contentUrl\":\"https:\/\/zipline-dolinka.si\/wp-content\/uploads\/2025\/03\/01_8zajla.png\"},{\"@type\":\"BreadcrumbList\",\"@id\":\"https:\/\/zipline-dolinka.si\/sl\/teambuilding\/osma-zajla-tvoj-zapik-po-adrenalinski-avanturi\/#breadcrumb\",\"itemListElement\":[{\"@type\":\"ListItem\",\"position\":1,\"name\":\"Domov\",\"item\":\"https:\/\/zipline-dolinka.si\/sl\/\"},{\"@type\":\"ListItem\",\"position\":2,\"name\":\"Povezovanje ekipe &#8211; Teambuilding\",\"item\":\"https:\/\/zipline-dolinka.si\/sl\/teambuilding\/\"},{\"@type\":\"ListItem\",\"position\":3,\"name\":\"OSMA ZAJLA. &#8220;Tvoj zapik po adrenalinski avanturi&#8221;\"}]},{\"@type\":\"WebSite\",\"@id\":\"https:\/\/zipline-dolinka.si\/sl\/#website\",\"url\":\"https:\/\/zipline-dolinka.si\/sl\/\",\"name\":\"Zipline Dolinka\",\"description\":\"The Longest Zipline in Europe\",\"publisher\":{\"@id\":\"https:\/\/zipline-dolinka.si\/sl\/#organization\"},\"potentialAction\":[{\"@type\":\"SearchAction\",\"target\":{\"@type\":\"EntryPoint\",\"urlTemplate\":\"https:\/\/zipline-dolinka.si\/sl\/?s={search_term_string}\"},\"query-input\":{\"@type\":\"PropertyValueSpecification\",\"valueRequired\":true,\"valueName\":\"search_term_string\"}}],\"inLanguage\":\"sl-SI\"},{\"@type\":\"Organization\",\"@id\":\"https:\/\/zipline-dolinka.si\/sl\/#organization\",\"name\":\"Zipline Dolinka Bled\",\"url\":\"https:\/\/zipline-dolinka.si\/sl\/\",\"logo\":{\"@type\":\"ImageObject\",\"inLanguage\":\"sl-SI\",\"@id\":\"https:\/\/zipline-dolinka.si\/sl\/#\/schema\/logo\/image\/\",\"url\":\"https:\/\/zipline-dolinka.si\/wp-content\/uploads\/2022\/05\/cropped-ziplinedolonka-favicon.png\",\"contentUrl\":\"https:\/\/zipline-dolinka.si\/wp-content\/uploads\/2022\/05\/cropped-ziplinedolonka-favicon.png\",\"width\":512,\"height\":512,\"caption\":\"Zipline Dolinka Bled\"},\"image\":{\"@id\":\"https:\/\/zipline-dolinka.si\/sl\/#\/schema\/logo\/image\/\"},\"sameAs\":[\"https:\/\/www.facebook.com\/ZiplineDolinka\/\",\"https:\/\/www.tripadvisor.com\/Attraction_Review-g274863-d14139627-Reviews-Zipline_Dolinka-Bled_Upper_Carniola_Region.html\"]}]}<\/script>\n<!-- \/ Yoast SEO plugin. -->","yoast_head_json":{"title":"OSMA ZAJLA. \"Tvoj zapik po adrenalinski avanturi\" - Zipline Dolinka","description":"Do\u017eivite nepozabno pustolov\u0161\u010dino z dru\u017einskim ziplinom v Bledu! Varen in zabaven zipline za otroke in star\u0161e, obkro\u017een s \u010dudovito naravo. Rezervirajte zdaj!","robots":{"index":"index","follow":"follow","max-snippet":"max-snippet:-1","max-image-preview":"max-image-preview:large","max-video-preview":"max-video-preview:-1"},"canonical":"https:\/\/zipline-dolinka.si\/sl\/teambuilding\/osma-zajla-tvoj-zapik-po-adrenalinski-avanturi\/","og_locale":"sl_SI","og_type":"article","og_title":"OSMA ZAJLA. \"Tvoj zapik po adrenalinski avanturi\" - Zipline Dolinka","og_description":"Do\u017eivite nepozabno pustolov\u0161\u010dino z dru\u017einskim ziplinom v Bledu! Varen in zabaven zipline za otroke in star\u0161e, obkro\u017een s \u010dudovito naravo. Rezervirajte zdaj!","og_url":"https:\/\/zipline-dolinka.si\/sl\/teambuilding\/osma-zajla-tvoj-zapik-po-adrenalinski-avanturi\/","og_site_name":"Zipline Dolinka","article_publisher":"https:\/\/www.facebook.com\/ZiplineDolinka\/","article_modified_time":"2025-03-17T13:45:33+00:00","og_image":[{"url":"https:\/\/zipline-dolinka.si\/wp-content\/uploads\/2025\/03\/01_8zajla.png","type":"","width":"","height":""}],"twitter_card":"summary_large_image","twitter_misc":{"Est. reading time":"2 minuti"},"schema":{"@context":"https:\/\/schema.org","@graph":[{"@type":"WebPage","@id":"https:\/\/zipline-dolinka.si\/sl\/teambuilding\/osma-zajla-tvoj-zapik-po-adrenalinski-avanturi\/","url":"https:\/\/zipline-dolinka.si\/sl\/teambuilding\/osma-zajla-tvoj-zapik-po-adrenalinski-avanturi\/","name":"OSMA ZAJLA. \"Tvoj zapik po adrenalinski avanturi\" - Zipline Dolinka","isPartOf":{"@id":"https:\/\/zipline-dolinka.si\/sl\/#website"},"primaryImageOfPage":{"@id":"https:\/\/zipline-dolinka.si\/sl\/teambuilding\/osma-zajla-tvoj-zapik-po-adrenalinski-avanturi\/#primaryimage"},"image":{"@id":"https:\/\/zipline-dolinka.si\/sl\/teambuilding\/osma-zajla-tvoj-zapik-po-adrenalinski-avanturi\/#primaryimage"},"thumbnailUrl":"https:\/\/zipline-dolinka.si\/wp-content\/uploads\/2025\/03\/01_8zajla.png","datePublished":"2025-03-17T09:20:43+00:00","dateModified":"2025-03-17T13:45:33+00:00","description":"Do\u017eivite nepozabno pustolov\u0161\u010dino z dru\u017einskim ziplinom v Bledu! Varen in zabaven zipline za otroke in star\u0161e, obkro\u017een s \u010dudovito naravo. Rezervirajte zdaj!","breadcrumb":{"@id":"https:\/\/zipline-dolinka.si\/sl\/teambuilding\/osma-zajla-tvoj-zapik-po-adrenalinski-avanturi\/#breadcrumb"},"inLanguage":"sl-SI","potentialAction":[{"@type":"ReadAction","target":["https:\/\/zipline-dolinka.si\/sl\/teambuilding\/osma-zajla-tvoj-zapik-po-adrenalinski-avanturi\/"]}]},{"@type":"ImageObject","inLanguage":"sl-SI","@id":"https:\/\/zipline-dolinka.si\/sl\/teambuilding\/osma-zajla-tvoj-zapik-po-adrenalinski-avanturi\/#primaryimage","url":"https:\/\/zipline-dolinka.si\/wp-content\/uploads\/2025\/03\/01_8zajla.png","contentUrl":"https:\/\/zipline-dolinka.si\/wp-content\/uploads\/2025\/03\/01_8zajla.png"},{"@type":"BreadcrumbList","@id":"https:\/\/zipline-dolinka.si\/sl\/teambuilding\/osma-zajla-tvoj-zapik-po-adrenalinski-avanturi\/#breadcrumb","itemListElement":[{"@type":"ListItem","position":1,"name":"Domov","item":"https:\/\/zipline-dolinka.si\/sl\/"},{"@type":"ListItem","position":2,"name":"Povezovanje ekipe &#8211; Teambuilding","item":"https:\/\/zipline-dolinka.si\/sl\/teambuilding\/"},{"@type":"ListItem","position":3,"name":"OSMA ZAJLA. &#8220;Tvoj zapik po adrenalinski avanturi&#8221;"}]},{"@type":"WebSite","@id":"https:\/\/zipline-dolinka.si\/sl\/#website","url":"https:\/\/zipline-dolinka.si\/sl\/","name":"Zipline Dolinka","description":"The Longest Zipline in Europe","publisher":{"@id":"https:\/\/zipline-dolinka.si\/sl\/#organization"},"potentialAction":[{"@type":"SearchAction","target":{"@type":"EntryPoint","urlTemplate":"https:\/\/zipline-dolinka.si\/sl\/?s={search_term_string}"},"query-input":{"@type":"PropertyValueSpecification","valueRequired":true,"valueName":"search_term_string"}}],"inLanguage":"sl-SI"},{"@type":"Organization","@id":"https:\/\/zipline-dolinka.si\/sl\/#organization","name":"Zipline Dolinka Bled","url":"https:\/\/zipline-dolinka.si\/sl\/","logo":{"@type":"ImageObject","inLanguage":"sl-SI","@id":"https:\/\/zipline-dolinka.si\/sl\/#\/schema\/logo\/image\/","url":"https:\/\/zipline-dolinka.si\/wp-content\/uploads\/2022\/05\/cropped-ziplinedolonka-favicon.png","contentUrl":"https:\/\/zipline-dolinka.si\/wp-content\/uploads\/2022\/05\/cropped-ziplinedolonka-favicon.png","width":512,"height":512,"caption":"Zipline Dolinka Bled"},"image":{"@id":"https:\/\/zipline-dolinka.si\/sl\/#\/schema\/logo\/image\/"},"sameAs":["https:\/\/www.facebook.com\/ZiplineDolinka\/","https:\/\/www.tripadvisor.com\/Attraction_Review-g274863-d14139627-Reviews-Zipline_Dolinka-Bled_Upper_Carniola_Region.html"]}]}},"_links":{"self":[{"href":"https:\/\/zipline-dolinka.si\/sl\/wp-json\/wp\/v2\/pages\/5190","targetHints":{"allow":["GET"]}}],"collection":[{"href":"https:\/\/zipline-dolinka.si\/sl\/wp-json\/wp\/v2\/pages"}],"about":[{"href":"https:\/\/zipline-dolinka.si\/sl\/wp-json\/wp\/v2\/types\/page"}],"author":[{"embeddable":true,"href":"https:\/\/zipline-dolinka.si\/sl\/wp-json\/wp\/v2\/users\/1"}],"replies":[{"embeddable":true,"href":"https:\/\/zipline-dolinka.si\/sl\/wp-json\/wp\/v2\/comments?post=5190"}],"version-history":[{"count":0,"href":"https:\/\/zipline-dolinka.si\/sl\/wp-json\/wp\/v2\/pages\/5190\/revisions"}],"up":[{"embeddable":true,"href":"https:\/\/zipline-dolinka.si\/sl\/wp-json\/wp\/v2\/pages\/4852"}],"wp:attachment":[{"href":"https:\/\/zipline-dolinka.si\/sl\/wp-json\/wp\/v2\/media?parent=5190"}],"curies":[{"name":"wp","href":"https:\/\/api.w.org\/{rel}","templated":true}]}}