{"id":5180,"date":"2025-03-17T08:21:26","date_gmt":"2025-03-17T08:21:26","guid":{"rendered":"https:\/\/zipline-dolinka.si\/?page_id=5180"},"modified":"2025-03-17T15:40:40","modified_gmt":"2025-03-17T15:40:40","slug":"teambuilding-program","status":"publish","type":"page","link":"https:\/\/zipline-dolinka.si\/sl\/teambuilding\/teambuilding-program\/","title":{"rendered":"Teambuilding program"},"content":{"rendered":"\n<p><\/p>\n\n\n\n<div id=\"wp-block-themeisle-blocks-advanced-columns-7fc3d663\" class=\"wp-block-themeisle-blocks-advanced-columns has-2-columns has-desktop-equal-layout has-tablet-equal-layout has-mobile-collapsedRows-layout has-vertical-unset\"><div class=\"wp-block-themeisle-blocks-advanced-columns-overlay\"><\/div><div class=\"innerblocks-wrap\">\n<div id=\"wp-block-themeisle-blocks-advanced-column-6fd1b65f\" class=\"wp-block-themeisle-blocks-advanced-column\">\n<h2 class=\"wp-block-heading has-medium-font-size\"><strong><strong>Teambuilding program &#8220;Varuhi doline Brje&#8221;<\/strong><\/strong><\/h2>\n\n\n\n<p>Vsaka postaja ima simboli\u010dno \u017eival ali element narave kot navdih.<\/p>\n\n\n\n<ul class=\"wp-block-list\">\n<li><strong>1. Izziv<\/strong>: &#8220;Sokolova perspektiva&#8221; (Osredoto\u010denost in zbranost)&nbsp;<\/li>\n\n\n\n<li><strong>2. Izziv<\/strong>: &#8220;Lisi\u010dja uganka&#8221; (Empatija in razumevanje)&nbsp;<\/li>\n\n\n\n<li><strong>3. Izziv: <\/strong>&#8220;Mo\u010d mravlje dru\u017eine&#8221; (Timsko delo in koordinacija)&nbsp;<\/li>\n\n\n\n<li><strong>4. Izziv:<\/strong> &#8220;Lastovkina skrivnost&#8221; (Opazovanje in orientacija)&nbsp;<\/li>\n\n\n\n<li><strong>5. Izziv:<\/strong> &#8220;Srnin korak&#8221; (Zaupanje in vodenje)&nbsp;<\/li>\n\n\n\n<li><strong>6. Izziv:<\/strong> &#8220;Sovina gozdna u\u010dilnica&#8221; (Spomin in opazovanje)&nbsp;<\/li>\n\n\n\n<li><strong>7. Izziv: <\/strong>&#8220;Gamsov peteroboj&#8221; (Preciznost in tekmovalnost)&nbsp;<\/li>\n\n\n\n<li><strong>8. Izziv:<\/strong> &#8220;Kolo pantomime&#8221; (Kreativna komunikacija)&nbsp;<\/li>\n\n\n\n<li><strong>9. Individualni izziv:<\/strong> &#8220;Utrinek dneva&#8221; (Kreativnost )&nbsp;<\/li>\n<\/ul>\n\n\n\n<p><\/p>\n\n\n\n<h2 class=\"wp-block-heading has-medium-font-size\"><strong><strong>Zakaj je ta program izjemen?<\/strong><\/strong><\/h2>\n\n\n\n<ul class=\"wp-block-list\">\n<li>Spodbuja&nbsp;<strong>sodelovanje, zaupanje, opazovanje in kreativnost<\/strong>.<\/li>\n\n\n\n<li>Povezuje udele\u017eence s&nbsp;<strong>pristno naravno izku\u0161njo<\/strong>.<\/li>\n\n\n\n<li>Vsak izziv ima&nbsp;<strong>jasno strukturo in simboliko<\/strong>.<\/li>\n<\/ul>\n\n\n\n<p>Program zagotavlja nepozabno avanturo, ki bo udele\u017eence povezana skozi izku\u0161nje, ki krepijo timski duh! Celotna avantura traja pribli\u017eno 3,5 \u2013 4,5 ure. <strong>Dogodek se spremlja in dokumentira s fotoaparatom in dronom.<\/strong><br><\/p>\n\n\n\n<h2 class=\"wp-block-heading has-medium-font-size\"><strong>Prihod na zbirno mesto 15 minut pred dogodkom<\/strong>. <\/h2>\n\n\n\n<ul class=\"wp-block-list\">\n<li>Sre\u010danje z vodniki in prevzem varnostne opreme<\/li>\n\n\n\n<li>7 minut vo\u017enje do \u0161tartnega mesta<\/li>\n\n\n\n<li>Predstavitev in namestitev varnostne opreme<\/li>\n\n\n\n<li>15 minutni varnostni briefing&nbsp;<\/li>\n\n\n\n<li>Testni spust po kratki jeklenici<br><\/li>\n<\/ul>\n\n\n\n<h2 class=\"wp-block-heading has-medium-font-size\">Sledi 7 pravih spustov dol\u017eine 250 m do 700 m<\/h2>\n\n\n\n<ul class=\"wp-block-list\">\n<li>V pustolov\u0161\u010dino so vpeti posamezni Teambuikding izzivi<\/li>\n\n\n\n<li>Po zaklju\u010dku sledi 10 minutna vo\u017enja nazaj na \u0161tartno mesto<\/li>\n\n\n\n<li>Celotna avantura traja pribli\u017eno 3,5 &#8211; 4,5 ure.<\/li>\n<\/ul>\n\n\n\n<p>Udele\u017eenci postanejo varuhi narave, ki skozi dogodiv\u0161\u010dino zipline-a re\u0161ujejo razli\u010dne izzive v dolini reke Save Dolinke. <\/p>\n\n\n\n<p>Cilj je, da ekipe skozi sodelovanje, komunikacijo, iznajdljivost in strate\u0161ko razmi\u0161ljanje skupaj uspe\u0161no prebrodijo vse izzive ter na koncu simboli\u010dno postanejo pravi &#8220;Varuhi doline Brje&#8221;. <\/p>\n\n\n\n<h2 class=\"wp-block-heading has-large-font-size\"><strong><strong>Kontaktirajte nas<\/strong><\/strong><\/h2>\n\n\n\n<div class=\"wp-block-buttons is-content-justification-left is-layout-flex wp-container-core-buttons-is-layout-fdcfc74e wp-block-buttons-is-layout-flex\">\n<div class=\"wp-block-button ticss-f30ccda4\"><a class=\"wp-block-button__link has-nv-site-bg-color has-neve-link-hover-color-background-color has-text-color has-background wp-element-button\" href=\"https:\/\/zipline-dolinka.si\/sl\/teambuilding\/povprasevanje\/\" style=\"border-radius:30px\">Povpra\u0161evanje in dodatne informacije<\/a><\/div>\n<\/div>\n\n\n\n<div style=\"height:49px\" aria-hidden=\"true\" class=\"wp-block-spacer\"><\/div>\n<\/div>\n\n\n\n<section id=\"wp-block-themeisle-blocks-advanced-column-0015c705\" class=\"wp-block-themeisle-blocks-advanced-column\">\n<figure class=\"wp-block-image size-large\"><img loading=\"lazy\" decoding=\"async\" width=\"1024\" height=\"576\" src=\"https:\/\/zipline-dolinka.si\/wp-content\/uploads\/2025\/01\/IMG_0724-1024x576.jpg\" alt=\"\" class=\"wp-image-4768\" srcset=\"https:\/\/zipline-dolinka.si\/wp-content\/uploads\/2025\/01\/IMG_0724-1024x576.jpg 1024w, https:\/\/zipline-dolinka.si\/wp-content\/uploads\/2025\/01\/IMG_0724-300x169.jpg 300w, https:\/\/zipline-dolinka.si\/wp-content\/uploads\/2025\/01\/IMG_0724-768x432.jpg 768w, https:\/\/zipline-dolinka.si\/wp-content\/uploads\/2025\/01\/IMG_0724-1536x864.jpg 1536w, https:\/\/zipline-dolinka.si\/wp-content\/uploads\/2025\/01\/IMG_0724-2048x1152.jpg 2048w\" sizes=\"auto, (max-width: 1024px) 100vw, 1024px\" \/><\/figure>\n\n\n\n<div style=\"height:22px\" aria-hidden=\"true\" class=\"wp-block-spacer\"><\/div>\n\n\n\n<figure class=\"wp-block-image size-full\"><img loading=\"lazy\" decoding=\"async\" width=\"930\" height=\"620\" src=\"https:\/\/zipline-dolinka.si\/wp-content\/uploads\/2023\/07\/Group_Incentive-930x620.jpg.webp\" alt=\"\" class=\"wp-image-4130\" srcset=\"https:\/\/zipline-dolinka.si\/wp-content\/uploads\/2023\/07\/Group_Incentive-930x620.jpg.webp 930w, https:\/\/zipline-dolinka.si\/wp-content\/uploads\/2023\/07\/Group_Incentive-930x620.jpg-300x200.webp 300w, https:\/\/zipline-dolinka.si\/wp-content\/uploads\/2023\/07\/Group_Incentive-930x620.jpg-768x512.webp 768w\" sizes=\"auto, (max-width: 930px) 100vw, 930px\" \/><\/figure>\n\n\n\n<div style=\"height:22px\" aria-hidden=\"true\" class=\"wp-block-spacer\"><\/div>\n\n\n\n<figure class=\"wp-block-image size-large\"><img loading=\"lazy\" decoding=\"async\" width=\"1024\" height=\"684\" src=\"https:\/\/zipline-dolinka.si\/wp-content\/uploads\/2022\/06\/zipline_dolinka_17-1-1024x684.jpeg\" alt=\"\" class=\"wp-image-816\" srcset=\"https:\/\/zipline-dolinka.si\/wp-content\/uploads\/2022\/06\/zipline_dolinka_17-1-1024x684.jpeg 1024w, https:\/\/zipline-dolinka.si\/wp-content\/uploads\/2022\/06\/zipline_dolinka_17-1-300x200.jpeg 300w, https:\/\/zipline-dolinka.si\/wp-content\/uploads\/2022\/06\/zipline_dolinka_17-1-768x513.jpeg 768w, https:\/\/zipline-dolinka.si\/wp-content\/uploads\/2022\/06\/zipline_dolinka_17-1-930x620.jpeg 930w, https:\/\/zipline-dolinka.si\/wp-content\/uploads\/2022\/06\/zipline_dolinka_17-1.jpeg 1444w\" sizes=\"auto, (max-width: 1024px) 100vw, 1024px\" \/><\/figure>\n\n\n\n<div style=\"height:22px\" aria-hidden=\"true\" class=\"wp-block-spacer\"><\/div>\n\n\n\n<figure class=\"wp-block-image size-full\"><img loading=\"lazy\" decoding=\"async\" width=\"2560\" height=\"1709\" src=\"https:\/\/zipline-dolinka.si\/wp-content\/uploads\/2025\/01\/0009697-scaled.jpg\" alt=\"\" class=\"wp-image-4612\" srcset=\"https:\/\/zipline-dolinka.si\/wp-content\/uploads\/2025\/01\/0009697-scaled.jpg 2560w, https:\/\/zipline-dolinka.si\/wp-content\/uploads\/2025\/01\/0009697-300x200.jpg 300w, https:\/\/zipline-dolinka.si\/wp-content\/uploads\/2025\/01\/0009697-1024x684.jpg 1024w, https:\/\/zipline-dolinka.si\/wp-content\/uploads\/2025\/01\/0009697-768x513.jpg 768w, https:\/\/zipline-dolinka.si\/wp-content\/uploads\/2025\/01\/0009697-1536x1025.jpg 1536w, https:\/\/zipline-dolinka.si\/wp-content\/uploads\/2025\/01\/0009697-2048x1367.jpg 2048w, https:\/\/zipline-dolinka.si\/wp-content\/uploads\/2025\/01\/0009697-930x620.jpg 930w\" sizes=\"auto, (max-width: 2560px) 100vw, 2560px\" \/><\/figure>\n<\/section>\n<\/div><\/div>\n\n\n\n<div style=\"height:100px\" aria-hidden=\"true\" class=\"wp-block-spacer\"><\/div>\n\n\n\n<p><\/p>\n","protected":false},"excerpt":{"rendered":"","protected":false},"author":1,"featured_media":0,"parent":4852,"menu_order":0,"comment_status":"closed","ping_status":"closed","template":"","meta":{"neve_meta_sidebar":"","neve_meta_container":"","neve_meta_enable_content_width":"off","neve_meta_content_width":70,"neve_meta_title_alignment":"","neve_meta_author_avatar":"","neve_post_elements_order":"","neve_meta_disable_header":"","neve_meta_disable_footer":"","neve_meta_disable_title":"","_themeisle_gutenberg_block_has_review":false,"footnotes":""},"class_list":["post-5180","page","type-page","status-publish","hentry"],"yoast_head":"<!-- This site is optimized with the Yoast SEO plugin v27.0 - https:\/\/yoast.com\/product\/yoast-seo-wordpress\/ -->\n<title>Teambuilding program - Zipline Dolinka<\/title>\n<meta name=\"description\" content=\"Do\u017eivite nepozabno pustolov\u0161\u010dino z dru\u017einskim ziplinom v Bledu! Varen in zabaven zipline za otroke in star\u0161e, obkro\u017een s \u010dudovito naravo. Rezervirajte zdaj!\" \/>\n<meta name=\"robots\" content=\"index, follow, max-snippet:-1, max-image-preview:large, max-video-preview:-1\" \/>\n<link rel=\"canonical\" href=\"https:\/\/zipline-dolinka.si\/sl\/teambuilding\/teambuilding-program\/\" \/>\n<meta property=\"og:locale\" content=\"sl_SI\" \/>\n<meta property=\"og:type\" content=\"article\" \/>\n<meta property=\"og:title\" content=\"Teambuilding program - Zipline Dolinka\" \/>\n<meta property=\"og:description\" content=\"Do\u017eivite nepozabno pustolov\u0161\u010dino z dru\u017einskim ziplinom v Bledu! Varen in zabaven zipline za otroke in star\u0161e, obkro\u017een s \u010dudovito naravo. Rezervirajte zdaj!\" \/>\n<meta property=\"og:url\" content=\"https:\/\/zipline-dolinka.si\/sl\/teambuilding\/teambuilding-program\/\" \/>\n<meta property=\"og:site_name\" content=\"Zipline Dolinka\" \/>\n<meta property=\"article:publisher\" content=\"https:\/\/www.facebook.com\/ZiplineDolinka\/\" \/>\n<meta property=\"article:modified_time\" content=\"2025-03-17T15:40:40+00:00\" \/>\n<meta property=\"og:image\" content=\"https:\/\/zipline-dolinka.si\/wp-content\/uploads\/2025\/01\/IMG_0724-1024x576.jpg\" \/>\n<meta name=\"twitter:card\" content=\"summary_large_image\" \/>\n<meta name=\"twitter:label1\" content=\"Est. reading time\" \/>\n\t<meta name=\"twitter:data1\" content=\"2 minuti\" \/>\n<script type=\"application\/ld+json\" class=\"yoast-schema-graph\">{\"@context\":\"https:\/\/schema.org\",\"@graph\":[{\"@type\":\"WebPage\",\"@id\":\"https:\/\/zipline-dolinka.si\/sl\/teambuilding\/teambuilding-program\/\",\"url\":\"https:\/\/zipline-dolinka.si\/sl\/teambuilding\/teambuilding-program\/\",\"name\":\"Teambuilding program - Zipline Dolinka\",\"isPartOf\":{\"@id\":\"https:\/\/zipline-dolinka.si\/sl\/#website\"},\"primaryImageOfPage\":{\"@id\":\"https:\/\/zipline-dolinka.si\/sl\/teambuilding\/teambuilding-program\/#primaryimage\"},\"image\":{\"@id\":\"https:\/\/zipline-dolinka.si\/sl\/teambuilding\/teambuilding-program\/#primaryimage\"},\"thumbnailUrl\":\"https:\/\/zipline-dolinka.si\/wp-content\/uploads\/2025\/01\/IMG_0724-1024x576.jpg\",\"datePublished\":\"2025-03-17T08:21:26+00:00\",\"dateModified\":\"2025-03-17T15:40:40+00:00\",\"description\":\"Do\u017eivite nepozabno pustolov\u0161\u010dino z dru\u017einskim ziplinom v Bledu! Varen in zabaven zipline za otroke in star\u0161e, obkro\u017een s \u010dudovito naravo. Rezervirajte zdaj!\",\"breadcrumb\":{\"@id\":\"https:\/\/zipline-dolinka.si\/sl\/teambuilding\/teambuilding-program\/#breadcrumb\"},\"inLanguage\":\"sl-SI\",\"potentialAction\":[{\"@type\":\"ReadAction\",\"target\":[\"https:\/\/zipline-dolinka.si\/sl\/teambuilding\/teambuilding-program\/\"]}]},{\"@type\":\"ImageObject\",\"inLanguage\":\"sl-SI\",\"@id\":\"https:\/\/zipline-dolinka.si\/sl\/teambuilding\/teambuilding-program\/#primaryimage\",\"url\":\"https:\/\/zipline-dolinka.si\/wp-content\/uploads\/2025\/01\/IMG_0724-1024x576.jpg\",\"contentUrl\":\"https:\/\/zipline-dolinka.si\/wp-content\/uploads\/2025\/01\/IMG_0724-1024x576.jpg\"},{\"@type\":\"BreadcrumbList\",\"@id\":\"https:\/\/zipline-dolinka.si\/sl\/teambuilding\/teambuilding-program\/#breadcrumb\",\"itemListElement\":[{\"@type\":\"ListItem\",\"position\":1,\"name\":\"Domov\",\"item\":\"https:\/\/zipline-dolinka.si\/sl\/\"},{\"@type\":\"ListItem\",\"position\":2,\"name\":\"Povezovanje ekipe &#8211; Teambuilding\",\"item\":\"https:\/\/zipline-dolinka.si\/sl\/teambuilding\/\"},{\"@type\":\"ListItem\",\"position\":3,\"name\":\"Teambuilding program\"}]},{\"@type\":\"WebSite\",\"@id\":\"https:\/\/zipline-dolinka.si\/sl\/#website\",\"url\":\"https:\/\/zipline-dolinka.si\/sl\/\",\"name\":\"Zipline Dolinka\",\"description\":\"The Longest Zipline in Europe\",\"publisher\":{\"@id\":\"https:\/\/zipline-dolinka.si\/sl\/#organization\"},\"potentialAction\":[{\"@type\":\"SearchAction\",\"target\":{\"@type\":\"EntryPoint\",\"urlTemplate\":\"https:\/\/zipline-dolinka.si\/sl\/?s={search_term_string}\"},\"query-input\":{\"@type\":\"PropertyValueSpecification\",\"valueRequired\":true,\"valueName\":\"search_term_string\"}}],\"inLanguage\":\"sl-SI\"},{\"@type\":\"Organization\",\"@id\":\"https:\/\/zipline-dolinka.si\/sl\/#organization\",\"name\":\"Zipline Dolinka Bled\",\"url\":\"https:\/\/zipline-dolinka.si\/sl\/\",\"logo\":{\"@type\":\"ImageObject\",\"inLanguage\":\"sl-SI\",\"@id\":\"https:\/\/zipline-dolinka.si\/sl\/#\/schema\/logo\/image\/\",\"url\":\"https:\/\/zipline-dolinka.si\/wp-content\/uploads\/2022\/05\/cropped-ziplinedolonka-favicon.png\",\"contentUrl\":\"https:\/\/zipline-dolinka.si\/wp-content\/uploads\/2022\/05\/cropped-ziplinedolonka-favicon.png\",\"width\":512,\"height\":512,\"caption\":\"Zipline Dolinka Bled\"},\"image\":{\"@id\":\"https:\/\/zipline-dolinka.si\/sl\/#\/schema\/logo\/image\/\"},\"sameAs\":[\"https:\/\/www.facebook.com\/ZiplineDolinka\/\",\"https:\/\/www.tripadvisor.com\/Attraction_Review-g274863-d14139627-Reviews-Zipline_Dolinka-Bled_Upper_Carniola_Region.html\"]}]}<\/script>\n<!-- \/ Yoast SEO plugin. -->","yoast_head_json":{"title":"Teambuilding program - Zipline Dolinka","description":"Do\u017eivite nepozabno pustolov\u0161\u010dino z dru\u017einskim ziplinom v Bledu! Varen in zabaven zipline za otroke in star\u0161e, obkro\u017een s \u010dudovito naravo. Rezervirajte zdaj!","robots":{"index":"index","follow":"follow","max-snippet":"max-snippet:-1","max-image-preview":"max-image-preview:large","max-video-preview":"max-video-preview:-1"},"canonical":"https:\/\/zipline-dolinka.si\/sl\/teambuilding\/teambuilding-program\/","og_locale":"sl_SI","og_type":"article","og_title":"Teambuilding program - Zipline Dolinka","og_description":"Do\u017eivite nepozabno pustolov\u0161\u010dino z dru\u017einskim ziplinom v Bledu! Varen in zabaven zipline za otroke in star\u0161e, obkro\u017een s \u010dudovito naravo. Rezervirajte zdaj!","og_url":"https:\/\/zipline-dolinka.si\/sl\/teambuilding\/teambuilding-program\/","og_site_name":"Zipline Dolinka","article_publisher":"https:\/\/www.facebook.com\/ZiplineDolinka\/","article_modified_time":"2025-03-17T15:40:40+00:00","og_image":[{"url":"https:\/\/zipline-dolinka.si\/wp-content\/uploads\/2025\/01\/IMG_0724-1024x576.jpg","type":"","width":"","height":""}],"twitter_card":"summary_large_image","twitter_misc":{"Est. reading time":"2 minuti"},"schema":{"@context":"https:\/\/schema.org","@graph":[{"@type":"WebPage","@id":"https:\/\/zipline-dolinka.si\/sl\/teambuilding\/teambuilding-program\/","url":"https:\/\/zipline-dolinka.si\/sl\/teambuilding\/teambuilding-program\/","name":"Teambuilding program - Zipline Dolinka","isPartOf":{"@id":"https:\/\/zipline-dolinka.si\/sl\/#website"},"primaryImageOfPage":{"@id":"https:\/\/zipline-dolinka.si\/sl\/teambuilding\/teambuilding-program\/#primaryimage"},"image":{"@id":"https:\/\/zipline-dolinka.si\/sl\/teambuilding\/teambuilding-program\/#primaryimage"},"thumbnailUrl":"https:\/\/zipline-dolinka.si\/wp-content\/uploads\/2025\/01\/IMG_0724-1024x576.jpg","datePublished":"2025-03-17T08:21:26+00:00","dateModified":"2025-03-17T15:40:40+00:00","description":"Do\u017eivite nepozabno pustolov\u0161\u010dino z dru\u017einskim ziplinom v Bledu! Varen in zabaven zipline za otroke in star\u0161e, obkro\u017een s \u010dudovito naravo. Rezervirajte zdaj!","breadcrumb":{"@id":"https:\/\/zipline-dolinka.si\/sl\/teambuilding\/teambuilding-program\/#breadcrumb"},"inLanguage":"sl-SI","potentialAction":[{"@type":"ReadAction","target":["https:\/\/zipline-dolinka.si\/sl\/teambuilding\/teambuilding-program\/"]}]},{"@type":"ImageObject","inLanguage":"sl-SI","@id":"https:\/\/zipline-dolinka.si\/sl\/teambuilding\/teambuilding-program\/#primaryimage","url":"https:\/\/zipline-dolinka.si\/wp-content\/uploads\/2025\/01\/IMG_0724-1024x576.jpg","contentUrl":"https:\/\/zipline-dolinka.si\/wp-content\/uploads\/2025\/01\/IMG_0724-1024x576.jpg"},{"@type":"BreadcrumbList","@id":"https:\/\/zipline-dolinka.si\/sl\/teambuilding\/teambuilding-program\/#breadcrumb","itemListElement":[{"@type":"ListItem","position":1,"name":"Domov","item":"https:\/\/zipline-dolinka.si\/sl\/"},{"@type":"ListItem","position":2,"name":"Povezovanje ekipe &#8211; Teambuilding","item":"https:\/\/zipline-dolinka.si\/sl\/teambuilding\/"},{"@type":"ListItem","position":3,"name":"Teambuilding program"}]},{"@type":"WebSite","@id":"https:\/\/zipline-dolinka.si\/sl\/#website","url":"https:\/\/zipline-dolinka.si\/sl\/","name":"Zipline Dolinka","description":"The Longest Zipline in Europe","publisher":{"@id":"https:\/\/zipline-dolinka.si\/sl\/#organization"},"potentialAction":[{"@type":"SearchAction","target":{"@type":"EntryPoint","urlTemplate":"https:\/\/zipline-dolinka.si\/sl\/?s={search_term_string}"},"query-input":{"@type":"PropertyValueSpecification","valueRequired":true,"valueName":"search_term_string"}}],"inLanguage":"sl-SI"},{"@type":"Organization","@id":"https:\/\/zipline-dolinka.si\/sl\/#organization","name":"Zipline Dolinka Bled","url":"https:\/\/zipline-dolinka.si\/sl\/","logo":{"@type":"ImageObject","inLanguage":"sl-SI","@id":"https:\/\/zipline-dolinka.si\/sl\/#\/schema\/logo\/image\/","url":"https:\/\/zipline-dolinka.si\/wp-content\/uploads\/2022\/05\/cropped-ziplinedolonka-favicon.png","contentUrl":"https:\/\/zipline-dolinka.si\/wp-content\/uploads\/2022\/05\/cropped-ziplinedolonka-favicon.png","width":512,"height":512,"caption":"Zipline Dolinka Bled"},"image":{"@id":"https:\/\/zipline-dolinka.si\/sl\/#\/schema\/logo\/image\/"},"sameAs":["https:\/\/www.facebook.com\/ZiplineDolinka\/","https:\/\/www.tripadvisor.com\/Attraction_Review-g274863-d14139627-Reviews-Zipline_Dolinka-Bled_Upper_Carniola_Region.html"]}]}},"_links":{"self":[{"href":"https:\/\/zipline-dolinka.si\/sl\/wp-json\/wp\/v2\/pages\/5180","targetHints":{"allow":["GET"]}}],"collection":[{"href":"https:\/\/zipline-dolinka.si\/sl\/wp-json\/wp\/v2\/pages"}],"about":[{"href":"https:\/\/zipline-dolinka.si\/sl\/wp-json\/wp\/v2\/types\/page"}],"author":[{"embeddable":true,"href":"https:\/\/zipline-dolinka.si\/sl\/wp-json\/wp\/v2\/users\/1"}],"replies":[{"embeddable":true,"href":"https:\/\/zipline-dolinka.si\/sl\/wp-json\/wp\/v2\/comments?post=5180"}],"version-history":[{"count":0,"href":"https:\/\/zipline-dolinka.si\/sl\/wp-json\/wp\/v2\/pages\/5180\/revisions"}],"up":[{"embeddable":true,"href":"https:\/\/zipline-dolinka.si\/sl\/wp-json\/wp\/v2\/pages\/4852"}],"wp:attachment":[{"href":"https:\/\/zipline-dolinka.si\/sl\/wp-json\/wp\/v2\/media?parent=5180"}],"curies":[{"name":"wp","href":"https:\/\/api.w.org\/{rel}","templated":true}]}}