{"id":5026,"date":"2025-02-06T07:11:28","date_gmt":"2025-02-06T07:11:28","guid":{"rendered":"https:\/\/zipline-dolinka.si\/?page_id=5026"},"modified":"2025-03-17T15:42:03","modified_gmt":"2025-03-17T15:42:03","slug":"osnovni-teambuilding-zipline-paket","status":"publish","type":"page","link":"https:\/\/zipline-dolinka.si\/sl\/teambuilding\/osnovni-teambuilding-zipline-paket\/","title":{"rendered":"Teambuilding: Klasi\u010dni paket"},"content":{"rendered":"\n<p><\/p>\n\n\n\n<div id=\"wp-block-themeisle-blocks-advanced-columns-7fc3d663\" class=\"wp-block-themeisle-blocks-advanced-columns has-2-columns has-desktop-equal-layout has-tablet-equal-layout has-mobile-collapsedRows-layout has-vertical-unset\"><div class=\"wp-block-themeisle-blocks-advanced-columns-overlay\"><\/div><div class=\"innerblocks-wrap\">\n<div id=\"wp-block-themeisle-blocks-advanced-column-6fd1b65f\" class=\"wp-block-themeisle-blocks-advanced-column\">\n<h2 class=\"wp-block-heading has-medium-font-size\"><strong>Prihod na zbirno mesto 15 minut pred dogodkom<\/strong>. <\/h2>\n\n\n\n<ul class=\"wp-block-list\">\n<li>Sre\u010danje z vodniki in prevzem varnostne opreme<\/li>\n\n\n\n<li>7 minut vo\u017enje do \u0161tartnega mesta<\/li>\n\n\n\n<li>Predstavitev in namestitev varnostne opreme<\/li>\n\n\n\n<li>15 minutni varnostni briefing&nbsp;<\/li>\n\n\n\n<li>Testni spust po kratki jeklenici<br><\/li>\n<\/ul>\n\n\n\n<h2 class=\"wp-block-heading has-medium-font-size\">Sledi 7 pravih spustov, dol\u017eine 250 m do 700m.<\/h2>\n\n\n\n<ul class=\"wp-block-list\">\n<li>Med posameznimi spusti so kratki nekajminutni pohodi skozi gost in preko travnikov<\/li>\n\n\n\n<li>Po zaklju\u010dku sledi 10 minutna vo\u017enja nazaj na \u0161tartno mesto<\/li>\n\n\n\n<li>Celotna avantura traja pribli\u017eno 2,5 ure.<\/li>\n<\/ul>\n\n\n\n<h2 class=\"wp-block-heading has-medium-font-size\"><strong>Gostje prejmejo skupinsko fotografijo posneto pred spustom in po zaklju\u010dku.<\/strong><\/h2>\n\n\n\n<p>Poleg izredne zipline avanture gostje do\u017eivijo tudi neokrnjeno naravo doline Save Dolinke, ki je v tem delu za\u0161\u010ditena kot naravni spomenik lokalnega pomena in je del programa Natura2000.&nbsp;<\/p>\n\n\n\n<p><strong>Ekipa se pred odhodom lahko v na\u0161i bazi v Gostilnici \u00bb<a href=\"https:\/\/www.osmazajla.si\/\">Osma zajla<\/a>\u00ab okrep\u010da tudi z doma\u010dim zajtrkom. Po zaklju\u010dku pa tudi s kosilom, malico ali samo z &#8220;recovery&#8221; pivom. <\/strong><\/p>\n\n\n\n<h2 class=\"wp-block-heading has-large-font-size\"><strong><strong>Kontaktirajte nas<\/strong><\/strong><\/h2>\n\n\n\n<div class=\"wp-block-buttons is-content-justification-left is-layout-flex wp-container-core-buttons-is-layout-fdcfc74e wp-block-buttons-is-layout-flex\">\n<div class=\"wp-block-button ticss-f30ccda4\"><a class=\"wp-block-button__link has-nv-site-bg-color has-neve-link-hover-color-background-color has-text-color has-background wp-element-button\" href=\"https:\/\/zipline-dolinka.si\/sl\/teambuilding\/povprasevanje\/\" style=\"border-radius:30px\">Povpra\u0161evanje in dodatne informacije<\/a><\/div>\n<\/div>\n\n\n\n<div style=\"height:49px\" aria-hidden=\"true\" class=\"wp-block-spacer\"><\/div>\n<\/div>\n\n\n\n<section id=\"wp-block-themeisle-blocks-advanced-column-0015c705\" class=\"wp-block-themeisle-blocks-advanced-column\">\n<figure class=\"wp-block-image size-large\"><img loading=\"lazy\" decoding=\"async\" width=\"1024\" height=\"684\" src=\"https:\/\/zipline-dolinka.si\/wp-content\/uploads\/2025\/01\/0009917-1024x684.jpg\" alt=\"\" class=\"wp-image-4660\" srcset=\"https:\/\/zipline-dolinka.si\/wp-content\/uploads\/2025\/01\/0009917-1024x684.jpg 1024w, https:\/\/zipline-dolinka.si\/wp-content\/uploads\/2025\/01\/0009917-300x200.jpg 300w, https:\/\/zipline-dolinka.si\/wp-content\/uploads\/2025\/01\/0009917-768x513.jpg 768w, https:\/\/zipline-dolinka.si\/wp-content\/uploads\/2025\/01\/0009917-1536x1025.jpg 1536w, https:\/\/zipline-dolinka.si\/wp-content\/uploads\/2025\/01\/0009917-2048x1367.jpg 2048w, https:\/\/zipline-dolinka.si\/wp-content\/uploads\/2025\/01\/0009917-930x620.jpg 930w\" sizes=\"auto, (max-width: 1024px) 100vw, 1024px\" \/><\/figure>\n\n\n\n<div style=\"height:22px\" aria-hidden=\"true\" class=\"wp-block-spacer\"><\/div>\n\n\n\n<figure class=\"wp-block-image size-large\"><img loading=\"lazy\" decoding=\"async\" width=\"1024\" height=\"684\" src=\"https:\/\/zipline-dolinka.si\/wp-content\/uploads\/2022\/06\/zipline_dolinka_18-1-1024x684.jpeg\" alt=\"\" class=\"wp-image-818\" srcset=\"https:\/\/zipline-dolinka.si\/wp-content\/uploads\/2022\/06\/zipline_dolinka_18-1-1024x684.jpeg 1024w, https:\/\/zipline-dolinka.si\/wp-content\/uploads\/2022\/06\/zipline_dolinka_18-1-300x200.jpeg 300w, https:\/\/zipline-dolinka.si\/wp-content\/uploads\/2022\/06\/zipline_dolinka_18-1-768x513.jpeg 768w, https:\/\/zipline-dolinka.si\/wp-content\/uploads\/2022\/06\/zipline_dolinka_18-1-930x620.jpeg 930w, https:\/\/zipline-dolinka.si\/wp-content\/uploads\/2022\/06\/zipline_dolinka_18-1.jpeg 1444w\" sizes=\"auto, (max-width: 1024px) 100vw, 1024px\" \/><\/figure>\n\n\n\n<div style=\"height:22px\" aria-hidden=\"true\" class=\"wp-block-spacer\"><\/div>\n\n\n\n<figure class=\"wp-block-image size-large\"><img loading=\"lazy\" decoding=\"async\" width=\"1024\" height=\"768\" src=\"https:\/\/zipline-dolinka.si\/wp-content\/uploads\/2022\/06\/Classic-1024x768.jpg\" alt=\"\" class=\"wp-image-834\" srcset=\"https:\/\/zipline-dolinka.si\/wp-content\/uploads\/2022\/06\/Classic-1024x768.jpg 1024w, https:\/\/zipline-dolinka.si\/wp-content\/uploads\/2022\/06\/Classic-300x225.jpg 300w, https:\/\/zipline-dolinka.si\/wp-content\/uploads\/2022\/06\/Classic-768x576.jpg 768w, https:\/\/zipline-dolinka.si\/wp-content\/uploads\/2022\/06\/Classic.jpg 1400w\" sizes=\"auto, (max-width: 1024px) 100vw, 1024px\" \/><\/figure>\n<\/section>\n<\/div><\/div>\n\n\n\n<div style=\"height:100px\" aria-hidden=\"true\" class=\"wp-block-spacer\"><\/div>\n\n\n\n<p><\/p>\n","protected":false},"excerpt":{"rendered":"","protected":false},"author":1,"featured_media":0,"parent":4852,"menu_order":2,"comment_status":"closed","ping_status":"closed","template":"","meta":{"neve_meta_sidebar":"","neve_meta_container":"","neve_meta_enable_content_width":"off","neve_meta_content_width":70,"neve_meta_title_alignment":"","neve_meta_author_avatar":"","neve_post_elements_order":"","neve_meta_disable_header":"","neve_meta_disable_footer":"","neve_meta_disable_title":"","_themeisle_gutenberg_block_has_review":false,"footnotes":""},"class_list":["post-5026","page","type-page","status-publish","hentry"],"yoast_head":"<!-- This site is optimized with the Yoast SEO plugin v27.0 - https:\/\/yoast.com\/product\/yoast-seo-wordpress\/ -->\n<title>Teambuilding: Klasi\u010dni paket - Zipline Dolinka<\/title>\n<meta name=\"description\" content=\"Do\u017eivite nepozabno pustolov\u0161\u010dino z dru\u017einskim ziplinom v Bledu! Varen in zabaven zipline za otroke in star\u0161e, obkro\u017een s \u010dudovito naravo. Rezervirajte zdaj!\" \/>\n<meta name=\"robots\" content=\"index, follow, max-snippet:-1, max-image-preview:large, max-video-preview:-1\" \/>\n<link rel=\"canonical\" href=\"https:\/\/zipline-dolinka.si\/sl\/teambuilding\/osnovni-teambuilding-zipline-paket\/\" \/>\n<meta property=\"og:locale\" content=\"sl_SI\" \/>\n<meta property=\"og:type\" content=\"article\" \/>\n<meta property=\"og:title\" content=\"Teambuilding: Klasi\u010dni paket - Zipline Dolinka\" \/>\n<meta property=\"og:description\" content=\"Do\u017eivite nepozabno pustolov\u0161\u010dino z dru\u017einskim ziplinom v Bledu! Varen in zabaven zipline za otroke in star\u0161e, obkro\u017een s \u010dudovito naravo. Rezervirajte zdaj!\" \/>\n<meta property=\"og:url\" content=\"https:\/\/zipline-dolinka.si\/sl\/teambuilding\/osnovni-teambuilding-zipline-paket\/\" \/>\n<meta property=\"og:site_name\" content=\"Zipline Dolinka\" \/>\n<meta property=\"article:publisher\" content=\"https:\/\/www.facebook.com\/ZiplineDolinka\/\" \/>\n<meta property=\"article:modified_time\" content=\"2025-03-17T15:42:03+00:00\" \/>\n<meta property=\"og:image\" content=\"https:\/\/zipline-dolinka.si\/wp-content\/uploads\/2025\/01\/0009917-1024x684.jpg\" \/>\n<meta name=\"twitter:card\" content=\"summary_large_image\" \/>\n<meta name=\"twitter:label1\" content=\"Est. reading time\" \/>\n\t<meta name=\"twitter:data1\" content=\"2 minuti\" \/>\n<script type=\"application\/ld+json\" class=\"yoast-schema-graph\">{\"@context\":\"https:\/\/schema.org\",\"@graph\":[{\"@type\":\"WebPage\",\"@id\":\"https:\/\/zipline-dolinka.si\/sl\/teambuilding\/osnovni-teambuilding-zipline-paket\/\",\"url\":\"https:\/\/zipline-dolinka.si\/sl\/teambuilding\/osnovni-teambuilding-zipline-paket\/\",\"name\":\"Teambuilding: Klasi\u010dni paket - Zipline Dolinka\",\"isPartOf\":{\"@id\":\"https:\/\/zipline-dolinka.si\/sl\/#website\"},\"primaryImageOfPage\":{\"@id\":\"https:\/\/zipline-dolinka.si\/sl\/teambuilding\/osnovni-teambuilding-zipline-paket\/#primaryimage\"},\"image\":{\"@id\":\"https:\/\/zipline-dolinka.si\/sl\/teambuilding\/osnovni-teambuilding-zipline-paket\/#primaryimage\"},\"thumbnailUrl\":\"https:\/\/zipline-dolinka.si\/wp-content\/uploads\/2025\/01\/0009917-1024x684.jpg\",\"datePublished\":\"2025-02-06T07:11:28+00:00\",\"dateModified\":\"2025-03-17T15:42:03+00:00\",\"description\":\"Do\u017eivite nepozabno pustolov\u0161\u010dino z dru\u017einskim ziplinom v Bledu! Varen in zabaven zipline za otroke in star\u0161e, obkro\u017een s \u010dudovito naravo. Rezervirajte zdaj!\",\"breadcrumb\":{\"@id\":\"https:\/\/zipline-dolinka.si\/sl\/teambuilding\/osnovni-teambuilding-zipline-paket\/#breadcrumb\"},\"inLanguage\":\"sl-SI\",\"potentialAction\":[{\"@type\":\"ReadAction\",\"target\":[\"https:\/\/zipline-dolinka.si\/sl\/teambuilding\/osnovni-teambuilding-zipline-paket\/\"]}]},{\"@type\":\"ImageObject\",\"inLanguage\":\"sl-SI\",\"@id\":\"https:\/\/zipline-dolinka.si\/sl\/teambuilding\/osnovni-teambuilding-zipline-paket\/#primaryimage\",\"url\":\"https:\/\/zipline-dolinka.si\/wp-content\/uploads\/2025\/01\/0009917-1024x684.jpg\",\"contentUrl\":\"https:\/\/zipline-dolinka.si\/wp-content\/uploads\/2025\/01\/0009917-1024x684.jpg\"},{\"@type\":\"BreadcrumbList\",\"@id\":\"https:\/\/zipline-dolinka.si\/sl\/teambuilding\/osnovni-teambuilding-zipline-paket\/#breadcrumb\",\"itemListElement\":[{\"@type\":\"ListItem\",\"position\":1,\"name\":\"Domov\",\"item\":\"https:\/\/zipline-dolinka.si\/sl\/\"},{\"@type\":\"ListItem\",\"position\":2,\"name\":\"Povezovanje ekipe &#8211; Teambuilding\",\"item\":\"https:\/\/zipline-dolinka.si\/sl\/teambuilding\/\"},{\"@type\":\"ListItem\",\"position\":3,\"name\":\"Teambuilding: Klasi\u010dni paket\"}]},{\"@type\":\"WebSite\",\"@id\":\"https:\/\/zipline-dolinka.si\/sl\/#website\",\"url\":\"https:\/\/zipline-dolinka.si\/sl\/\",\"name\":\"Zipline Dolinka\",\"description\":\"The Longest Zipline in Europe\",\"publisher\":{\"@id\":\"https:\/\/zipline-dolinka.si\/sl\/#organization\"},\"potentialAction\":[{\"@type\":\"SearchAction\",\"target\":{\"@type\":\"EntryPoint\",\"urlTemplate\":\"https:\/\/zipline-dolinka.si\/sl\/?s={search_term_string}\"},\"query-input\":{\"@type\":\"PropertyValueSpecification\",\"valueRequired\":true,\"valueName\":\"search_term_string\"}}],\"inLanguage\":\"sl-SI\"},{\"@type\":\"Organization\",\"@id\":\"https:\/\/zipline-dolinka.si\/sl\/#organization\",\"name\":\"Zipline Dolinka Bled\",\"url\":\"https:\/\/zipline-dolinka.si\/sl\/\",\"logo\":{\"@type\":\"ImageObject\",\"inLanguage\":\"sl-SI\",\"@id\":\"https:\/\/zipline-dolinka.si\/sl\/#\/schema\/logo\/image\/\",\"url\":\"https:\/\/zipline-dolinka.si\/wp-content\/uploads\/2022\/05\/cropped-ziplinedolonka-favicon.png\",\"contentUrl\":\"https:\/\/zipline-dolinka.si\/wp-content\/uploads\/2022\/05\/cropped-ziplinedolonka-favicon.png\",\"width\":512,\"height\":512,\"caption\":\"Zipline Dolinka Bled\"},\"image\":{\"@id\":\"https:\/\/zipline-dolinka.si\/sl\/#\/schema\/logo\/image\/\"},\"sameAs\":[\"https:\/\/www.facebook.com\/ZiplineDolinka\/\",\"https:\/\/www.tripadvisor.com\/Attraction_Review-g274863-d14139627-Reviews-Zipline_Dolinka-Bled_Upper_Carniola_Region.html\"]}]}<\/script>\n<!-- \/ Yoast SEO plugin. -->","yoast_head_json":{"title":"Teambuilding: Klasi\u010dni paket - Zipline Dolinka","description":"Do\u017eivite nepozabno pustolov\u0161\u010dino z dru\u017einskim ziplinom v Bledu! Varen in zabaven zipline za otroke in star\u0161e, obkro\u017een s \u010dudovito naravo. Rezervirajte zdaj!","robots":{"index":"index","follow":"follow","max-snippet":"max-snippet:-1","max-image-preview":"max-image-preview:large","max-video-preview":"max-video-preview:-1"},"canonical":"https:\/\/zipline-dolinka.si\/sl\/teambuilding\/osnovni-teambuilding-zipline-paket\/","og_locale":"sl_SI","og_type":"article","og_title":"Teambuilding: Klasi\u010dni paket - Zipline Dolinka","og_description":"Do\u017eivite nepozabno pustolov\u0161\u010dino z dru\u017einskim ziplinom v Bledu! Varen in zabaven zipline za otroke in star\u0161e, obkro\u017een s \u010dudovito naravo. Rezervirajte zdaj!","og_url":"https:\/\/zipline-dolinka.si\/sl\/teambuilding\/osnovni-teambuilding-zipline-paket\/","og_site_name":"Zipline Dolinka","article_publisher":"https:\/\/www.facebook.com\/ZiplineDolinka\/","article_modified_time":"2025-03-17T15:42:03+00:00","og_image":[{"url":"https:\/\/zipline-dolinka.si\/wp-content\/uploads\/2025\/01\/0009917-1024x684.jpg","type":"","width":"","height":""}],"twitter_card":"summary_large_image","twitter_misc":{"Est. reading time":"2 minuti"},"schema":{"@context":"https:\/\/schema.org","@graph":[{"@type":"WebPage","@id":"https:\/\/zipline-dolinka.si\/sl\/teambuilding\/osnovni-teambuilding-zipline-paket\/","url":"https:\/\/zipline-dolinka.si\/sl\/teambuilding\/osnovni-teambuilding-zipline-paket\/","name":"Teambuilding: Klasi\u010dni paket - Zipline Dolinka","isPartOf":{"@id":"https:\/\/zipline-dolinka.si\/sl\/#website"},"primaryImageOfPage":{"@id":"https:\/\/zipline-dolinka.si\/sl\/teambuilding\/osnovni-teambuilding-zipline-paket\/#primaryimage"},"image":{"@id":"https:\/\/zipline-dolinka.si\/sl\/teambuilding\/osnovni-teambuilding-zipline-paket\/#primaryimage"},"thumbnailUrl":"https:\/\/zipline-dolinka.si\/wp-content\/uploads\/2025\/01\/0009917-1024x684.jpg","datePublished":"2025-02-06T07:11:28+00:00","dateModified":"2025-03-17T15:42:03+00:00","description":"Do\u017eivite nepozabno pustolov\u0161\u010dino z dru\u017einskim ziplinom v Bledu! Varen in zabaven zipline za otroke in star\u0161e, obkro\u017een s \u010dudovito naravo. Rezervirajte zdaj!","breadcrumb":{"@id":"https:\/\/zipline-dolinka.si\/sl\/teambuilding\/osnovni-teambuilding-zipline-paket\/#breadcrumb"},"inLanguage":"sl-SI","potentialAction":[{"@type":"ReadAction","target":["https:\/\/zipline-dolinka.si\/sl\/teambuilding\/osnovni-teambuilding-zipline-paket\/"]}]},{"@type":"ImageObject","inLanguage":"sl-SI","@id":"https:\/\/zipline-dolinka.si\/sl\/teambuilding\/osnovni-teambuilding-zipline-paket\/#primaryimage","url":"https:\/\/zipline-dolinka.si\/wp-content\/uploads\/2025\/01\/0009917-1024x684.jpg","contentUrl":"https:\/\/zipline-dolinka.si\/wp-content\/uploads\/2025\/01\/0009917-1024x684.jpg"},{"@type":"BreadcrumbList","@id":"https:\/\/zipline-dolinka.si\/sl\/teambuilding\/osnovni-teambuilding-zipline-paket\/#breadcrumb","itemListElement":[{"@type":"ListItem","position":1,"name":"Domov","item":"https:\/\/zipline-dolinka.si\/sl\/"},{"@type":"ListItem","position":2,"name":"Povezovanje ekipe &#8211; Teambuilding","item":"https:\/\/zipline-dolinka.si\/sl\/teambuilding\/"},{"@type":"ListItem","position":3,"name":"Teambuilding: Klasi\u010dni paket"}]},{"@type":"WebSite","@id":"https:\/\/zipline-dolinka.si\/sl\/#website","url":"https:\/\/zipline-dolinka.si\/sl\/","name":"Zipline Dolinka","description":"The Longest Zipline in Europe","publisher":{"@id":"https:\/\/zipline-dolinka.si\/sl\/#organization"},"potentialAction":[{"@type":"SearchAction","target":{"@type":"EntryPoint","urlTemplate":"https:\/\/zipline-dolinka.si\/sl\/?s={search_term_string}"},"query-input":{"@type":"PropertyValueSpecification","valueRequired":true,"valueName":"search_term_string"}}],"inLanguage":"sl-SI"},{"@type":"Organization","@id":"https:\/\/zipline-dolinka.si\/sl\/#organization","name":"Zipline Dolinka Bled","url":"https:\/\/zipline-dolinka.si\/sl\/","logo":{"@type":"ImageObject","inLanguage":"sl-SI","@id":"https:\/\/zipline-dolinka.si\/sl\/#\/schema\/logo\/image\/","url":"https:\/\/zipline-dolinka.si\/wp-content\/uploads\/2022\/05\/cropped-ziplinedolonka-favicon.png","contentUrl":"https:\/\/zipline-dolinka.si\/wp-content\/uploads\/2022\/05\/cropped-ziplinedolonka-favicon.png","width":512,"height":512,"caption":"Zipline Dolinka Bled"},"image":{"@id":"https:\/\/zipline-dolinka.si\/sl\/#\/schema\/logo\/image\/"},"sameAs":["https:\/\/www.facebook.com\/ZiplineDolinka\/","https:\/\/www.tripadvisor.com\/Attraction_Review-g274863-d14139627-Reviews-Zipline_Dolinka-Bled_Upper_Carniola_Region.html"]}]}},"_links":{"self":[{"href":"https:\/\/zipline-dolinka.si\/sl\/wp-json\/wp\/v2\/pages\/5026","targetHints":{"allow":["GET"]}}],"collection":[{"href":"https:\/\/zipline-dolinka.si\/sl\/wp-json\/wp\/v2\/pages"}],"about":[{"href":"https:\/\/zipline-dolinka.si\/sl\/wp-json\/wp\/v2\/types\/page"}],"author":[{"embeddable":true,"href":"https:\/\/zipline-dolinka.si\/sl\/wp-json\/wp\/v2\/users\/1"}],"replies":[{"embeddable":true,"href":"https:\/\/zipline-dolinka.si\/sl\/wp-json\/wp\/v2\/comments?post=5026"}],"version-history":[{"count":0,"href":"https:\/\/zipline-dolinka.si\/sl\/wp-json\/wp\/v2\/pages\/5026\/revisions"}],"up":[{"embeddable":true,"href":"https:\/\/zipline-dolinka.si\/sl\/wp-json\/wp\/v2\/pages\/4852"}],"wp:attachment":[{"href":"https:\/\/zipline-dolinka.si\/sl\/wp-json\/wp\/v2\/media?parent=5026"}],"curies":[{"name":"wp","href":"https:\/\/api.w.org\/{rel}","templated":true}]}}