{"id":1130,"date":"2022-06-15T18:44:24","date_gmt":"2022-06-15T18:44:24","guid":{"rendered":"https:\/\/zipline-dolinka.si\/tour\/classic-ticket\/"},"modified":"2026-03-06T07:44:29","modified_gmt":"2026-03-06T07:44:29","slug":"klasicni-zipline","status":"publish","type":"page","link":"https:\/\/zipline-dolinka.si\/sl\/ture\/klasicni-zipline\/","title":{"rendered":"Klasi\u010dni zipline"},"content":{"rendered":"\n<p class=\"has-medium-font-size\"><\/p>\n\n\n\n<div id=\"wp-block-themeisle-blocks-advanced-columns-492a7691\" class=\"wp-block-themeisle-blocks-advanced-columns has-2-columns has-desktop-equal-layout has-tablet-equal-layout has-mobile-collapsedRows-layout has-vertical-unset\"><div class=\"wp-block-themeisle-blocks-advanced-columns-overlay\"><\/div><div class=\"innerblocks-wrap\">\n<div id=\"wp-block-themeisle-blocks-advanced-column-d438b6cb\" class=\"wp-block-themeisle-blocks-advanced-column\">\n\n\n\n<script>\nga(function (tracker) {\n \/\/ Gets the client ID of the default tracker.\n var clientId = tracker.get('clientId');\n\n\n \/\/ Gets the Checkfront iframe.\n var checkfrontIframe = document.getElementById('CHECKFRONT_WIDGET_01').getElementsByTagName('iframe')[0]; \n\n\n \/\/ Sends the client ID to the window inside the destination frame, once it's loaded.\n checkfrontIframe.addEventListener(\"load\", function () {\n this.contentWindow.postMessage(clientId, 'https:\/\/zipline-dolinka.checkfront.com');\n });\n});\n<\/script>\n<\/div>\n\n\n\n<div id=\"wp-block-themeisle-blocks-advanced-column-8e0e692e\" class=\"wp-block-themeisle-blocks-advanced-column\">\n<p><strong>Zipline Dolinka na Bledu<\/strong> prina\u0161a do\u017eivetje na prostem, ki zdru\u017euje atraktivne spuste po razli\u010dnih jeklenicah in voden naravoslovni izlet v objemu doline <strong>Save Dolinke<\/strong>, ki je zaradi izjemnih naravnih vrednot v osrednjem delu Brja za\u0161\u010ditena kot naravni spomenik.<\/p>\n\n\n\n<p>Udele\u017eenci avanture se zberejo <strong>15 minut<\/strong> pred predvidenim pri\u010detkom izleta v na\u0161ih prostorih na <strong><mark style=\"background-color:rgba(0, 0, 0, 0)\" class=\"has-inline-color has-neve-link-color-color\">\u201cCesta svobode 1\u201d<\/mark><\/strong> v stare va\u0161kem jedru Grad. Tam se spoznajo z na\u0161o ekipo, prejmejo vso potrebno varovalno opremo ter se seznanijo s dejanskim potekom izleta. Po spoznavanju in oblikovanju skupine, se ob predvidenem \u010dasu za odhod vsi skupaj z na\u0161imi vozili odpeljejo na \u0161tartno mesto nad Savo Dolinko.<\/p>\n\n\n\n<p>Po opravljeni testni vo\u017enji na 20 metrov dolgi jeklenici, se izlet po dolini pri\u010dne. Skupino ves \u010das spremljata <strong>dva vodnika<\/strong>, ki skrbita za varno vpenjanje in izpenjanje, za varen let ter varen pohod po travnikih in gozdovih. Po dolini nad reko nas iz roba na rob vodi <strong><mark style=\"background-color:rgba(0, 0, 0, 0)\" class=\"has-inline-color has-neve-link-color-color\">7 jeklenic<\/mark><\/strong>, dolgih od <strong><mark style=\"background-color:rgba(0, 0, 0, 0)\" class=\"has-inline-color has-neve-link-color-color\">350 m do 700 m<\/mark><\/strong>, v skupni dol\u017eini <strong><mark style=\"background-color:rgba(0, 0, 0, 0)\" class=\"has-inline-color has-neve-link-color-color\">4 km<\/mark><\/strong>. Posamezni spusti so med seboj povezani z zanimivimi gozdnimi in poljskimi potmi. Pripravljenih je ve\u010d postajali\u0161\u010d, kjer se ponuja vpogled v rastlinski in \u017eivalski svet doline ali pa razgled na spektakularen <strong>Triglav, Stol, Ajdno ali Babji zob<\/strong>.<\/p>\n<\/div>\n<\/div><\/div>\n\n\n\n<p><\/p>\n","protected":false},"excerpt":{"rendered":"","protected":false},"author":1,"featured_media":0,"parent":1039,"menu_order":2,"comment_status":"closed","ping_status":"closed","template":"","meta":{"neve_meta_sidebar":"","neve_meta_container":"","neve_meta_enable_content_width":"off","neve_meta_content_width":70,"neve_meta_title_alignment":"","neve_meta_author_avatar":"","neve_post_elements_order":"","neve_meta_disable_header":"","neve_meta_disable_footer":"","neve_meta_disable_title":"","_themeisle_gutenberg_block_has_review":false,"footnotes":""},"class_list":["post-1130","page","type-page","status-publish","hentry"],"yoast_head":"<!-- This site is optimized with the Yoast SEO plugin v27.0 - https:\/\/yoast.com\/product\/yoast-seo-wordpress\/ -->\n<title>Klasi\u010dni zipline - Zipline Dolinka<\/title>\n<meta name=\"description\" content=\"Do\u017eivite pristno adrenalinsko izku\u0161njo s klasi\u010dnim zipline Dolinka na Bledu! Spustite se po jeklenicah nad reko Savo in u\u017eivajte v nepozabni avanturi. Rezervirajte zdaj!\" \/>\n<meta name=\"robots\" content=\"index, follow, max-snippet:-1, max-image-preview:large, max-video-preview:-1\" \/>\n<link rel=\"canonical\" href=\"https:\/\/zipline-dolinka.si\/sl\/ture\/klasicni-zipline\/\" \/>\n<meta property=\"og:locale\" content=\"sl_SI\" \/>\n<meta property=\"og:type\" content=\"article\" \/>\n<meta property=\"og:title\" content=\"Klasi\u010dni zipline - Zipline Dolinka\" \/>\n<meta property=\"og:description\" content=\"Do\u017eivite pristno adrenalinsko izku\u0161njo s klasi\u010dnim zipline Dolinka na Bledu! Spustite se po jeklenicah nad reko Savo in u\u017eivajte v nepozabni avanturi. Rezervirajte zdaj!\" \/>\n<meta property=\"og:url\" content=\"https:\/\/zipline-dolinka.si\/sl\/ture\/klasicni-zipline\/\" \/>\n<meta property=\"og:site_name\" content=\"Zipline Dolinka\" \/>\n<meta property=\"article:publisher\" content=\"https:\/\/www.facebook.com\/ZiplineDolinka\/\" \/>\n<meta property=\"article:modified_time\" content=\"2026-03-06T07:44:29+00:00\" \/>\n<meta name=\"twitter:card\" content=\"summary_large_image\" \/>\n<meta name=\"twitter:label1\" content=\"Est. reading time\" \/>\n\t<meta name=\"twitter:data1\" content=\"1 minuta\" \/>\n<script type=\"application\/ld+json\" class=\"yoast-schema-graph\">{\"@context\":\"https:\/\/schema.org\",\"@graph\":[{\"@type\":\"WebPage\",\"@id\":\"https:\/\/zipline-dolinka.si\/sl\/ture\/klasicni-zipline\/\",\"url\":\"https:\/\/zipline-dolinka.si\/sl\/ture\/klasicni-zipline\/\",\"name\":\"Klasi\u010dni zipline - Zipline Dolinka\",\"isPartOf\":{\"@id\":\"https:\/\/zipline-dolinka.si\/sl\/#website\"},\"datePublished\":\"2022-06-15T18:44:24+00:00\",\"dateModified\":\"2026-03-06T07:44:29+00:00\",\"description\":\"Do\u017eivite pristno adrenalinsko izku\u0161njo s klasi\u010dnim zipline Dolinka na Bledu! Spustite se po jeklenicah nad reko Savo in u\u017eivajte v nepozabni avanturi. Rezervirajte zdaj!\",\"breadcrumb\":{\"@id\":\"https:\/\/zipline-dolinka.si\/sl\/ture\/klasicni-zipline\/#breadcrumb\"},\"inLanguage\":\"sl-SI\",\"potentialAction\":[{\"@type\":\"ReadAction\",\"target\":[\"https:\/\/zipline-dolinka.si\/sl\/ture\/klasicni-zipline\/\"]}]},{\"@type\":\"BreadcrumbList\",\"@id\":\"https:\/\/zipline-dolinka.si\/sl\/ture\/klasicni-zipline\/#breadcrumb\",\"itemListElement\":[{\"@type\":\"ListItem\",\"position\":1,\"name\":\"Domov\",\"item\":\"https:\/\/zipline-dolinka.si\/sl\/\"},{\"@type\":\"ListItem\",\"position\":2,\"name\":\"Zipline ture\",\"item\":\"https:\/\/zipline-dolinka.si\/sl\/ture\/\"},{\"@type\":\"ListItem\",\"position\":3,\"name\":\"Klasi\u010dni zipline\"}]},{\"@type\":\"WebSite\",\"@id\":\"https:\/\/zipline-dolinka.si\/sl\/#website\",\"url\":\"https:\/\/zipline-dolinka.si\/sl\/\",\"name\":\"Zipline Dolinka\",\"description\":\"The Longest Zipline in Europe\",\"publisher\":{\"@id\":\"https:\/\/zipline-dolinka.si\/sl\/#organization\"},\"potentialAction\":[{\"@type\":\"SearchAction\",\"target\":{\"@type\":\"EntryPoint\",\"urlTemplate\":\"https:\/\/zipline-dolinka.si\/sl\/?s={search_term_string}\"},\"query-input\":{\"@type\":\"PropertyValueSpecification\",\"valueRequired\":true,\"valueName\":\"search_term_string\"}}],\"inLanguage\":\"sl-SI\"},{\"@type\":\"Organization\",\"@id\":\"https:\/\/zipline-dolinka.si\/sl\/#organization\",\"name\":\"Zipline Dolinka Bled\",\"url\":\"https:\/\/zipline-dolinka.si\/sl\/\",\"logo\":{\"@type\":\"ImageObject\",\"inLanguage\":\"sl-SI\",\"@id\":\"https:\/\/zipline-dolinka.si\/sl\/#\/schema\/logo\/image\/\",\"url\":\"https:\/\/zipline-dolinka.si\/wp-content\/uploads\/2022\/05\/cropped-ziplinedolonka-favicon.png\",\"contentUrl\":\"https:\/\/zipline-dolinka.si\/wp-content\/uploads\/2022\/05\/cropped-ziplinedolonka-favicon.png\",\"width\":512,\"height\":512,\"caption\":\"Zipline Dolinka Bled\"},\"image\":{\"@id\":\"https:\/\/zipline-dolinka.si\/sl\/#\/schema\/logo\/image\/\"},\"sameAs\":[\"https:\/\/www.facebook.com\/ZiplineDolinka\/\",\"https:\/\/www.tripadvisor.com\/Attraction_Review-g274863-d14139627-Reviews-Zipline_Dolinka-Bled_Upper_Carniola_Region.html\"]}]}<\/script>\n<!-- \/ Yoast SEO plugin. -->","yoast_head_json":{"title":"Klasi\u010dni zipline - Zipline Dolinka","description":"Do\u017eivite pristno adrenalinsko izku\u0161njo s klasi\u010dnim zipline Dolinka na Bledu! Spustite se po jeklenicah nad reko Savo in u\u017eivajte v nepozabni avanturi. Rezervirajte zdaj!","robots":{"index":"index","follow":"follow","max-snippet":"max-snippet:-1","max-image-preview":"max-image-preview:large","max-video-preview":"max-video-preview:-1"},"canonical":"https:\/\/zipline-dolinka.si\/sl\/ture\/klasicni-zipline\/","og_locale":"sl_SI","og_type":"article","og_title":"Klasi\u010dni zipline - Zipline Dolinka","og_description":"Do\u017eivite pristno adrenalinsko izku\u0161njo s klasi\u010dnim zipline Dolinka na Bledu! Spustite se po jeklenicah nad reko Savo in u\u017eivajte v nepozabni avanturi. Rezervirajte zdaj!","og_url":"https:\/\/zipline-dolinka.si\/sl\/ture\/klasicni-zipline\/","og_site_name":"Zipline Dolinka","article_publisher":"https:\/\/www.facebook.com\/ZiplineDolinka\/","article_modified_time":"2026-03-06T07:44:29+00:00","twitter_card":"summary_large_image","twitter_misc":{"Est. reading time":"1 minuta"},"schema":{"@context":"https:\/\/schema.org","@graph":[{"@type":"WebPage","@id":"https:\/\/zipline-dolinka.si\/sl\/ture\/klasicni-zipline\/","url":"https:\/\/zipline-dolinka.si\/sl\/ture\/klasicni-zipline\/","name":"Klasi\u010dni zipline - Zipline Dolinka","isPartOf":{"@id":"https:\/\/zipline-dolinka.si\/sl\/#website"},"datePublished":"2022-06-15T18:44:24+00:00","dateModified":"2026-03-06T07:44:29+00:00","description":"Do\u017eivite pristno adrenalinsko izku\u0161njo s klasi\u010dnim zipline Dolinka na Bledu! Spustite se po jeklenicah nad reko Savo in u\u017eivajte v nepozabni avanturi. Rezervirajte zdaj!","breadcrumb":{"@id":"https:\/\/zipline-dolinka.si\/sl\/ture\/klasicni-zipline\/#breadcrumb"},"inLanguage":"sl-SI","potentialAction":[{"@type":"ReadAction","target":["https:\/\/zipline-dolinka.si\/sl\/ture\/klasicni-zipline\/"]}]},{"@type":"BreadcrumbList","@id":"https:\/\/zipline-dolinka.si\/sl\/ture\/klasicni-zipline\/#breadcrumb","itemListElement":[{"@type":"ListItem","position":1,"name":"Domov","item":"https:\/\/zipline-dolinka.si\/sl\/"},{"@type":"ListItem","position":2,"name":"Zipline ture","item":"https:\/\/zipline-dolinka.si\/sl\/ture\/"},{"@type":"ListItem","position":3,"name":"Klasi\u010dni zipline"}]},{"@type":"WebSite","@id":"https:\/\/zipline-dolinka.si\/sl\/#website","url":"https:\/\/zipline-dolinka.si\/sl\/","name":"Zipline Dolinka","description":"The Longest Zipline in Europe","publisher":{"@id":"https:\/\/zipline-dolinka.si\/sl\/#organization"},"potentialAction":[{"@type":"SearchAction","target":{"@type":"EntryPoint","urlTemplate":"https:\/\/zipline-dolinka.si\/sl\/?s={search_term_string}"},"query-input":{"@type":"PropertyValueSpecification","valueRequired":true,"valueName":"search_term_string"}}],"inLanguage":"sl-SI"},{"@type":"Organization","@id":"https:\/\/zipline-dolinka.si\/sl\/#organization","name":"Zipline Dolinka Bled","url":"https:\/\/zipline-dolinka.si\/sl\/","logo":{"@type":"ImageObject","inLanguage":"sl-SI","@id":"https:\/\/zipline-dolinka.si\/sl\/#\/schema\/logo\/image\/","url":"https:\/\/zipline-dolinka.si\/wp-content\/uploads\/2022\/05\/cropped-ziplinedolonka-favicon.png","contentUrl":"https:\/\/zipline-dolinka.si\/wp-content\/uploads\/2022\/05\/cropped-ziplinedolonka-favicon.png","width":512,"height":512,"caption":"Zipline Dolinka Bled"},"image":{"@id":"https:\/\/zipline-dolinka.si\/sl\/#\/schema\/logo\/image\/"},"sameAs":["https:\/\/www.facebook.com\/ZiplineDolinka\/","https:\/\/www.tripadvisor.com\/Attraction_Review-g274863-d14139627-Reviews-Zipline_Dolinka-Bled_Upper_Carniola_Region.html"]}]}},"_links":{"self":[{"href":"https:\/\/zipline-dolinka.si\/sl\/wp-json\/wp\/v2\/pages\/1130","targetHints":{"allow":["GET"]}}],"collection":[{"href":"https:\/\/zipline-dolinka.si\/sl\/wp-json\/wp\/v2\/pages"}],"about":[{"href":"https:\/\/zipline-dolinka.si\/sl\/wp-json\/wp\/v2\/types\/page"}],"author":[{"embeddable":true,"href":"https:\/\/zipline-dolinka.si\/sl\/wp-json\/wp\/v2\/users\/1"}],"replies":[{"embeddable":true,"href":"https:\/\/zipline-dolinka.si\/sl\/wp-json\/wp\/v2\/comments?post=1130"}],"version-history":[{"count":3,"href":"https:\/\/zipline-dolinka.si\/sl\/wp-json\/wp\/v2\/pages\/1130\/revisions"}],"predecessor-version":[{"id":6044,"href":"https:\/\/zipline-dolinka.si\/sl\/wp-json\/wp\/v2\/pages\/1130\/revisions\/6044"}],"up":[{"embeddable":true,"href":"https:\/\/zipline-dolinka.si\/sl\/wp-json\/wp\/v2\/pages\/1039"}],"wp:attachment":[{"href":"https:\/\/zipline-dolinka.si\/sl\/wp-json\/wp\/v2\/media?parent=1130"}],"curies":[{"name":"wp","href":"https:\/\/api.w.org\/{rel}","templated":true}]}}