{"id":1071,"date":"2022-06-15T18:27:14","date_gmt":"2022-06-15T18:27:14","guid":{"rendered":"https:\/\/zipline-dolinka.si\/faq\/"},"modified":"2026-01-26T11:17:39","modified_gmt":"2026-01-26T11:17:39","slug":"pogosta-vprasanja","status":"publish","type":"page","link":"https:\/\/zipline-dolinka.si\/sl\/pogosta-vprasanja\/","title":{"rendered":"Pogosta vpra\u0161anja"},"content":{"rendered":"\n<div id=\"wp-block-themeisle-blocks-accordion-a4f23050\" class=\"wp-block-themeisle-blocks-accordion exclusive is-wider-gap has-light-content-bg\">\n<details class=\"wp-block-themeisle-blocks-accordion-item\"><summary class=\"wp-block-themeisle-blocks-accordion-item__title\"><div>Kje je zbirno mesto za udele\u017eence izleta Zipline Dolinka?<\/div><\/summary><div class=\"wp-block-themeisle-blocks-accordion-item__content\">\n<p><strong>Zbirno mesto<\/strong> se nahaja ob glavni avtobusni postaji na Bledu na naslovu <strong><mark style=\"background-color:rgba(0, 0, 0, 0)\" class=\"has-inline-color has-neve-link-color-color\"><a href=\"https:\/\/www.google.com\/maps\/place\/Zipline+Dolinka+Bled\/@46.3709209,14.1052506,881m\/data=!3m2!1e3!4b1!4m6!3m5!1s0x477a91c52a77f053:0x96038353209dd853!8m2!3d46.3709209!4d14.1078255!16s%2Fg%2F11gjz2gjpl?entry=ttu&amp;g_ep=EgoyMDI2MDEwNi4wIKXMDSoKLDEwMDc5MjA3MUgBUAM%3D\">\u00bbCesta svobode 1, 4260 Bled\u00ab<\/a><\/mark><\/strong>. Udele\u017eenci se morajo na zbirnem mestu zglasiti najkasneje <strong>15 minut<\/strong> pred predvidenim pri\u010detkom avanture. Parkiri\u0161\u010da za obiskovalce ne zagotavljamo.<\/p>\n<\/div><\/details>\n\n\n\n<details class=\"wp-block-themeisle-blocks-accordion-item\"><summary class=\"wp-block-themeisle-blocks-accordion-item__title\"><div>Kje lahko parkiram?<\/div><\/summary><div class=\"wp-block-themeisle-blocks-accordion-item__content\">\n<p>Parkiri\u0161\u010da za stranke <strong>ne zagotavljamo<\/strong>. Parkiranje na Bledu je predvsem v poletnih mesecih te\u017eje dostopno, zato predlagamo, da se na pot odpravite pravo\u010dasno in uporabite eno izmed okoli\u0161kih parkiri\u0161\u010d, ki so od nas oddaljena pribli\u017eno 10 min hoje.<\/p>\n\n\n\n<p>1. Parkiri\u0161\u010de pri osnovni \u0161oli: P15 \u2013 Osnovna \u0161ola, Naslov: <strong><mark style=\"background-color:rgba(0, 0, 0, 0)\" class=\"has-inline-color has-neve-link-color-color\"><a href=\"https:\/\/www.google.com\/maps\/place\/Parkiri\u0161\u010de+Seli\u0161e+2\/@46.3735925,14.1050722,881m\/data=!3m2!1e3!4b1!4m6!3m5!1s0x477a912b70f79e61:0x51686c9256ab5758!8m2!3d46.3735925!4d14.1076471!16s%2Fg%2F11cn3hfyqd?entry=ttu&amp;g_ep=EgoyMDI2MDEwNi4wIKXMDSoKLDEwMDc5MjA3MUgBUAM%3D\">Parkiri\u0161\u010de Seli\u0161e 2&nbsp;<\/a><\/mark><\/strong><\/p>\n\n\n\n<p>2. Parkiri\u0161\u010de pri Infrastrukturi: P11 \u2013 Blejski grad, Naslov: <a href=\"https:\/\/www.google.com\/maps\/place\/Re\u010di\u0161ka+cesta+2,+4260+Bled\/@46.3730491,14.0984056,881m\/data=!3m2!1e3!4b1!4m6!3m5!1s0x477a912edab05191:0x3f7715697057683b!8m2!3d46.3730491!4d14.1009805!16s%2Fg%2F11c4x_xvzc?entry=ttu&amp;g_ep=EgoyMDI2MDEwNi4wIKXMDSoKLDEwMDc5MjA3MUgBUAM%3D\"><strong>Re\u010di\u0161ka cesta 2&nbsp;<\/strong><\/a><\/p>\n\n\n\n<p>3. Parkiri\u0161\u010de pri ledeni dvorani: P04 \u2013 Ledena dvorana, Naslov: <strong><a href=\"https:\/\/www.google.com\/maps\/place\/Ljubljanska+cesta+5,+4260+Bled\/@46.368334,14.1085446,881m\/data=!3m2!1e3!4b1!4m6!3m5!1s0x477a96d2625a7e0b:0x66532bd1d207c874!8m2!3d46.368334!4d14.1111195!16s%2Fg%2F11c5q9ymcq?entry=ttu&amp;g_ep=EgoyMDI2MDEwNi4wIKXMDSoKLDEwMDc5MjA3MUgBUAM%3D\">Ljubljanska cesta 5<\/a><\/strong><\/p>\n\n\n\n<p>4. Parkiri\u0161\u010de Bled, Naslov: <strong><a href=\"https:\/\/www.google.com\/maps\/place\/Ljubljanska+cesta+5,+4260+Bled\/@46.368334,14.1085446,881m\/data=!3m2!1e3!4b1!4m6!3m5!1s0x477a96d2625a7e0b:0x66532bd1d207c874!8m2!3d46.368334!4d14.1111195!16s%2Fg%2F11c5q9ymcq?entry=ttu&amp;g_ep=EgoyMDI2MDEwNi4wIKXMDSoKLDEwMDc5MjA3MUgBUAM%3D\">Pre\u0161ernova cesta 23<\/a><\/strong><\/p>\n\n\n\n<p>5. Centralno parkiri\u0161\u010de Bled: Naslov: <strong><a href=\"https:\/\/www.google.com\/maps\/place\/Ljubljanska+cesta+5,+4260+Bled\/@46.368334,14.1085446,881m\/data=!3m2!1e3!4b1!4m6!3m5!1s0x477a96d2625a7e0b:0x66532bd1d207c874!8m2!3d46.368334!4d14.1111195!16s%2Fg%2F11c5q9ymcq?entry=ttu&amp;g_ep=EgoyMDI2MDEwNi4wIKXMDSoKLDEwMDc5MjA3MUgBUAM%3D\">Re\u010di\u0161ka cesta 2<\/a><\/strong> <\/p>\n\n\n\n<p>Vsa parkiri\u0161\u010da na Bledu so pla\u010dljiva.<\/p>\n<\/div><\/details>\n\n\n\n<details class=\"wp-block-themeisle-blocks-accordion-item\"><summary class=\"wp-block-themeisle-blocks-accordion-item__title\"><div>Ali je prevoz do lokacije zipline-a organiziran?<\/div><\/summary><div class=\"wp-block-themeisle-blocks-accordion-item__content\">\n<p><strong>Da<\/strong>, va\u0161a naloga je, da se <strong>najkasneje 15 minut pred predvidenim za\u010detkom<\/strong> izleta zglasite na zbirnem mestu na <strong><mark style=\"background-color:rgba(0, 0, 0, 0)\" class=\"has-inline-color has-neve-link-color-color\"><a href=\"https:\/\/www.google.com\/maps\/place\/Ojstrica\/@46.3699146,14.0980422,881m\/data=!3m1!1e3!4m6!3m5!1s0x477a9140358fc021:0x838d97bb326c5291!8m2!3d46.3595562!4d14.0785755!16s%2Fg%2F11bx8hhk_n?entry=ttu&amp;g_ep=EgoyMDI2MDEyMS4wIKXMDSoASAFQAw%3D%3D\">\u00bbCesti svobode 1<\/a>\u00ab<\/mark><\/strong>, ob glavni avtobusni postaji na Bledu. Vsi prevozi do doline Save Dolinke in nazaj na zbirno mesto so <strong>organizirani <\/strong>in <strong>vklju\u010deni<\/strong> v ceno izleta.<\/p>\n<\/div><\/details>\n\n\n\n<details class=\"wp-block-themeisle-blocks-accordion-item\"><summary class=\"wp-block-themeisle-blocks-accordion-item__title\"><div>Koliko \u010dasa traja avantura Zipline Dolinka?<\/div><\/summary><div class=\"wp-block-themeisle-blocks-accordion-item__content\">\n<p><strong><mark style=\"background-color:rgba(0, 0, 0, 0)\" class=\"has-inline-color has-neve-link-color-color\">Zipline Dolinka<\/mark><\/strong> od \u0161tarta na zbirnem mestu na Bledu do vrnitve obi\u010dajno traja <strong>okrog 2,5 ure. <\/strong>Glede na skupino, vreme in druge dejavnike pa le-ta lahko traja tudi nekoliko manj ali ve\u010d.<\/p>\n<\/div><\/details>\n\n\n\n<details class=\"wp-block-themeisle-blocks-accordion-item\"><summary class=\"wp-block-themeisle-blocks-accordion-item__title\"><div>Ali Zipline Dolinka poteka v vsakem vremenu?<\/div><\/summary><div class=\"wp-block-themeisle-blocks-accordion-item__content\">\n<p>Zipline je avantura, ki se dogaja na prostem in poteka v razli\u010dnih vremenskih razmerah. V primeru slabega vremena morajo udele\u017eenci ustrezno prilagoditi svojo obutev in obla\u010dila. <strong>V primeru nevihte izlet odpade oziroma se prestavi.<\/strong><\/p>\n<\/div><\/details>\n\n\n\n<details class=\"wp-block-themeisle-blocks-accordion-item\"><summary class=\"wp-block-themeisle-blocks-accordion-item__title\"><div>Kak\u0161ne so zdravstvene zahteve za udele\u017ebo na izletu Zipline Dolinka?<\/div><\/summary><div class=\"wp-block-themeisle-blocks-accordion-item__content\">\n<p>Udele\u017eba na avanturi ni dovoljena <strong>nose\u010dnicam, sr\u010dnim bolnikom, osebam s po\u0161kodbami hrbta, ramenskega obro\u010da oziroma okon\u010din<\/strong>. <strong>Alergiki in sladkorni bolniki<\/strong> morajo imeti s seboj predpisana zdravila, zipline-a pa se morajo udele\u017eiti v spremstvu osebe, ki je seznanjena z njegovim zdravstvenim stanjem. Prav tako zipline ni priporo\u010dljiv za osebe s posebnimi potrebami (slepi, gluhi, gibalno ovirani, osebe z motnjo v du\u0161evnem razvoju). Vsem, ki niste prepri\u010dani glede va\u0161ega zdravstvenega stanja, priporo\u010damo, da se pred udele\u017ebo Zipline izleta posvetujete z zdravnikom. <strong>Udele\u017eba ni dovoljena osebam pod vplivom drog ali alkohola.<\/strong><\/p>\n<\/div><\/details>\n\n\n\n<details class=\"wp-block-themeisle-blocks-accordion-item\"><summary class=\"wp-block-themeisle-blocks-accordion-item__title\"><div>Kak\u0161ne so starostne omejitve za udele\u017ebo?<\/div><\/summary><div class=\"wp-block-themeisle-blocks-accordion-item__content\">\n<p>Dobrodo\u0161li so otroci od 6. leta starosti dalje. Otroci med <strong><mark style=\"background-color:rgba(0, 0, 0, 0)\" class=\"has-inline-color has-neve-link-color-color\">6. in 12. letom <\/mark><\/strong>starosti preko zipline jeklenic udobno drsijo <strong>v spremstvu na\u0161ih usposobljenih vodnikov.<\/strong> Vsi <strong><mark style=\"background-color:rgba(0, 0, 0, 0)\" class=\"has-inline-color has-neve-link-color-color\">starej\u0161i od 12. leta<\/mark><\/strong> in z <strong>dopolnjenimi 45kg<\/strong>, se zipline lahko udele\u017eijo brez spremstva vodnika. <strong><mark style=\"background-color:rgba(0, 0, 0, 0)\" class=\"has-inline-color has-neve-link-color-color\">Otroci do 15. leta<\/mark> <\/strong>starosti, se <strong>morajo <\/strong>zipline avanture udele\u017eiti skupaj s star\u0161i. Mladostniki <strong><mark style=\"background-color:rgba(0, 0, 0, 0)\" class=\"has-inline-color has-neve-link-color-color\">med 15. in 17. letom<\/mark><\/strong> se zipline lahko udele\u017eijo brez prisotnosti star\u0161ev ali skrbnikov, vendar morajo v tem primeru s seboj <strong>prinesti podpisano pooblastilo.<\/strong>\u00a0Starost navzgor ni omejena. Omejitve so le <strong>osnovna fizi\u010dna pripravljenost <\/strong>za kratke pohode med posameznimi spusti.<\/p>\n<\/div><\/details>\n\n\n\n<details class=\"wp-block-themeisle-blocks-accordion-item\"><summary class=\"wp-block-themeisle-blocks-accordion-item__title\"><div>Kak\u0161na je najve\u010dja dovoljena te\u017ea?<\/div><\/summary><div class=\"wp-block-themeisle-blocks-accordion-item__content\">\n<p><strong>Najve\u010dja dovoljena te\u017ea je 120 kg. <\/strong>Poleg omejitve s te\u017eo je omejitev tudi velikost pasu (120 cm v predelu popka) in stegnja (75 cm v zgornjem delu). Vsi udele\u017eenci morajo iti dovolj vitki, da ustrezajo najve\u010djim dovoljenim meram za uporabo varnostnega pasu, poleg tega pa morajo biti tudi splo\u0161no fizi\u010dno pripravljeni in gibljivi. Vse te mere so od prizvajalca opreme PETZL.<\/p>\n<\/div><\/details>\n\n\n\n<details class=\"wp-block-themeisle-blocks-accordion-item\"><summary class=\"wp-block-themeisle-blocks-accordion-item__title\"><div>Ali za udele\u017ebo na Zipline Dolinki potrebujem predhodno znanje?<\/div><\/summary><div class=\"wp-block-themeisle-blocks-accordion-item__content\">\n<p>Za udele\u017ebo na avanturi <strong><mark style=\"background-color:rgba(0, 0, 0, 0)\" class=\"has-inline-color has-neve-link-color-color\">Zipline Dolinka<\/mark><\/strong> ni potrebnega <strong>nobenega predhodnega znanja. <\/strong>Potrebna je le <strong>osnovna psihofizi\u010dna kondicija<\/strong>, saj izlet vklju\u010duje tudi ve\u010d nekajminutnih sprehodov po travni\u0161kih in gozdnih poteh, deloma tudi navkreber.<\/p>\n<\/div><\/details>\n\n\n\n<details class=\"wp-block-themeisle-blocks-accordion-item\"><summary class=\"wp-block-themeisle-blocks-accordion-item__title\"><div>Ali za udele\u017ebo na izletu Zipline Dolinka potrebujem kak\u0161no posebno opremo?<\/div><\/summary><div class=\"wp-block-themeisle-blocks-accordion-item__content\">\n<p>Udele\u017eenec potrebuje vremenu <strong>primerna \u0161portna obla\u010dila in pohodni\u0161ko\/\u0161portno obutev <\/strong>(sandali in natika\u010di niso dovoljeni). Udele\u017eba <strong>brez <\/strong>ustrezne obutve <strong>ni d<\/strong>ovoljena. S seboj imate tudi nahrbtnik za shrambo pija\u010de, telefonov in drugih predmetov. V pisarni na zbirnem mestu vsak udele\u017eenec prejme vso potrebno opremo za spust po jeklenicah (\u010delado, pas s kompletom varovalnih popkovin in vponk, \u0161kripec, za\u0161\u010ditne rokavice. Varovalna oprema udele\u017eencev je od priznanega proizvajalca PETZL in testirana po evropskih standardih).<\/p>\n<\/div><\/details>\n\n\n\n<details class=\"wp-block-themeisle-blocks-accordion-item\"><summary class=\"wp-block-themeisle-blocks-accordion-item__title\"><div>Ali na avanturo lahko vzamem fotoaparat ali kamero?<\/div><\/summary><div class=\"wp-block-themeisle-blocks-accordion-item__content\">\n<p>Vabljeni, da s seboj vzamete fotoaparate oz. kamere. Pomembno je le, da so vse naprave med spusti pripete na telo ali opremo oziroma varno shranjeni v zaprtih \u017eepih. Naprave lahko med spustom hranite tudi v svojem nahrbtniku.&nbsp;<\/p>\n<\/div><\/details>\n\n\n\n<details class=\"wp-block-themeisle-blocks-accordion-item\"><summary class=\"wp-block-themeisle-blocks-accordion-item__title\"><div>Kdaj potekajo posamezni termini Zipline Dolinka?<\/div><\/summary><div class=\"wp-block-themeisle-blocks-accordion-item__content\">\n<p>Na\u0161e avanture potekajo v \u010dasu sezone vsak dan. Sezona <strong><mark style=\"background-color:rgba(0, 0, 0, 0)\" class=\"has-inline-color has-neve-link-color-color\">Zipline Dolinka <\/mark><\/strong>traja od <strong>marca do novembra<\/strong> in je odvisna od vremena. Med sezono je na voljo je en ali ve\u010d izletov dnevno, \u0161tevilo in \u010das odhodov je odvisen od letnega \u010dasa in povpra\u0161evanja. Prosimo, preverite pod gumbom <strong><mark style=\"background-color:rgba(0, 0, 0, 0)\" class=\"has-inline-color has-neve-link-color-color\"><a href=\"https:\/\/zipline-dolinka.si\/sl\/#wp-block-themeisle-blocks-advanced-columns-7366697e\">\u00bbRezerviraj\u00ab<\/a><\/mark><\/strong> proste termine na izbrane datume. Lahko pa nas tudi pokli\u010dete, po\u0161ljete e-mail ali obi\u0161\u010dete v sprejemni pisarni na <a href=\"https:\/\/www.google.com\/maps\/place\/Ljubljanska+cesta+5,+4260+Bled\/@46.368334,14.1085446,881m\/data=!3m2!1e3!4b1!4m6!3m5!1s0x477a96d2625a7e0b:0x66532bd1d207c874!8m2!3d46.368334!4d14.1111195!16s%2Fg%2F11c5q9ymcq?entry=ttu&amp;g_ep=EgoyMDI2MDEwNi4wIKXMDSoKLDEwMDc5MjA3MUgBUAM%3D\"><mark style=\"background-color:rgba(0, 0, 0, 0)\" class=\"has-inline-color has-neve-link-color-color\"><strong>\u00bbCesti svobode 1, 4260 Bled\u00ab.<\/strong><\/mark><\/a><\/p>\n<\/div><\/details>\n\n\n\n<details class=\"wp-block-themeisle-blocks-accordion-item\"><summary class=\"wp-block-themeisle-blocks-accordion-item__title\"><div>Ali je izlet Zipline Dolinka potrebno rezervirati?<\/div><\/summary><div class=\"wp-block-themeisle-blocks-accordion-item__content\">\n<p><strong><mark style=\"background-color:rgba(0, 0, 0, 0)\" class=\"has-inline-color has-neve-link-color-color\">Da!<\/mark><\/strong> Vsem priporo\u010damo predhodno rezervacijo. Vsakega posameznega izleta se lahko udele\u017ei le omejeno \u0161tevilo udele\u017eencev, zato se lahko zgodi, da na \u017eeleni dan ali uro ne bo ve\u010d prostih mest. Posebno v poletnih mesecih je zanimanje veliko, zato je pravo\u010dasna rezervacija obvezna. Rezervacijo izleta lahko opravite preko na\u0161e spletne strani pod gumbom <strong><mark style=\"background-color:rgba(0, 0, 0, 0)\" class=\"has-inline-color has-neve-link-color-color\"><a href=\"https:\/\/zipline-dolinka.si\/sl\/#wp-block-themeisle-blocks-advanced-columns-7366697e\">\u00bbRezerviraj\u00ab<\/a><\/mark><\/strong>, preko telefona<strong>\u00a0031 845 900<\/strong>, elektronske po\u0161te\u00a0<a href=\"mailto:info@zipline-dolinka.si\"><strong>info@zipline-dolinka.s<\/strong>i<\/a>,\u00a0ali fizi\u010dno v na\u0161i sprejemni pisarni na <strong><a href=\"https:\/\/www.google.com\/maps\/place\/Ljubljanska+cesta+5,+4260+Bled\/@46.368334,14.1085446,881m\/data=!3m2!1e3!4b1!4m6!3m5!1s0x477a96d2625a7e0b:0x66532bd1d207c874!8m2!3d46.368334!4d14.1111195!16s%2Fg%2F11c5q9ymcq?entry=ttu&amp;g_ep=EgoyMDI2MDEwNi4wIKXMDSoKLDEwMDc5MjA3MUgBUAM%3D\">\u00bbCesti svobode 1, 4260 Bled\u00ab.<\/a><\/strong><\/p>\n<\/div><\/details>\n\n\n\n<details class=\"wp-block-themeisle-blocks-accordion-item\"><summary class=\"wp-block-themeisle-blocks-accordion-item__title\"><div>Kaj \u010de me je strah vi\u0161ine?<\/div><\/summary><div class=\"wp-block-themeisle-blocks-accordion-item__content\">\n<p>Mnogi na\u0161i gostje do\u017eivljajo strah pred prvim spustom, zato si vzamemo \u010das, da goste seznanimo z opremo in samim potekom avanture. Vsakega obiskovalca pred pri\u010detkom \u010daka vadba na kratki vadbeni liniji, ki je nizko pri tleh. Razumevanje in zaupanje v opremo sta klju\u010d za premagovanje strahu, zato je potrebno pridobiti samozavest \u017ee na vadbeni liniji.<\/p>\n\n\n\n<p>V veselje nam je, da smo na tiso\u010de gostov vodili skozi na\u0161o edinstveno zipline avanturo. Poskrbeli smo, da so se vsi po\u010dutili varno in samozavestno, preden so se podali na vseh sedem zipline spustov. S potrpe\u017eljivostjo in vodstvom na\u0161ih izku\u0161enih vodnikov je veliko ljudi premagalo svoje strahove in nadaljevalo s pustolov\u0161\u010dino. Med samimi spusti pa nimamo nikoli ob\u010dutka \u00bbpadanja\u00ab ali neprijetnega ob\u010dutka, da stojimo \u00bbna robu\u00ab. Po na\u0161ih izku\u0161njah se tudi osebe z velikim strahom, po prvih spustih povsem sprostijo.<\/p>\n\n\n\n<p>V primeru, da z avanturo ne bi \u017eeleli nadaljevati, vas bo na\u0161 voznik pripeljal nazaj na zbirno mesto, kjer se boste lahko sprostili, mi pa vam bomo vrnili celotno kupnino.<\/p>\n<\/div><\/details>\n<\/div>\n\n\n\n<div style=\"height:100px\" aria-hidden=\"true\" class=\"wp-block-spacer\"><\/div>\n","protected":false},"excerpt":{"rendered":"","protected":false},"author":1,"featured_media":0,"parent":0,"menu_order":7,"comment_status":"closed","ping_status":"closed","template":"","meta":{"neve_meta_sidebar":"","neve_meta_container":"","neve_meta_enable_content_width":"on","neve_meta_content_width":70,"neve_meta_title_alignment":"","neve_meta_author_avatar":"","neve_post_elements_order":"","neve_meta_disable_header":"","neve_meta_disable_footer":"","neve_meta_disable_title":"","_themeisle_gutenberg_block_has_review":false,"footnotes":""},"class_list":["post-1071","page","type-page","status-publish","hentry"],"yoast_head":"<!-- This site is optimized with the Yoast SEO plugin v27.0 - https:\/\/yoast.com\/product\/yoast-seo-wordpress\/ -->\n<title>Pogosta vpra\u0161anja - Zipline Dolinka<\/title>\n<meta name=\"description\" content=\"Pogosta vpra\u0161anja o Zipline Dolinka: varnost, oprema, starostne omejitve, rezervacije, potek ture in pomembne informacije.\" \/>\n<meta name=\"robots\" content=\"index, follow, max-snippet:-1, max-image-preview:large, max-video-preview:-1\" \/>\n<link rel=\"canonical\" href=\"https:\/\/zipline-dolinka.si\/sl\/pogosta-vprasanja\/\" \/>\n<meta property=\"og:locale\" content=\"sl_SI\" \/>\n<meta property=\"og:type\" content=\"article\" \/>\n<meta property=\"og:title\" content=\"Pogosta vpra\u0161anja - Zipline Dolinka\" \/>\n<meta property=\"og:description\" content=\"Pogosta vpra\u0161anja o Zipline Dolinka: varnost, oprema, starostne omejitve, rezervacije, potek ture in pomembne informacije.\" \/>\n<meta property=\"og:url\" content=\"https:\/\/zipline-dolinka.si\/sl\/pogosta-vprasanja\/\" \/>\n<meta property=\"og:site_name\" content=\"Zipline Dolinka\" \/>\n<meta property=\"article:publisher\" content=\"https:\/\/www.facebook.com\/ZiplineDolinka\/\" \/>\n<meta property=\"article:modified_time\" content=\"2026-01-26T11:17:39+00:00\" \/>\n<meta name=\"twitter:card\" content=\"summary_large_image\" \/>\n<meta name=\"twitter:label1\" content=\"Est. reading time\" \/>\n\t<meta name=\"twitter:data1\" content=\"4 minute\" \/>\n<script type=\"application\/ld+json\" class=\"yoast-schema-graph\">{\"@context\":\"https:\/\/schema.org\",\"@graph\":[{\"@type\":\"WebPage\",\"@id\":\"https:\/\/zipline-dolinka.si\/sl\/pogosta-vprasanja\/\",\"url\":\"https:\/\/zipline-dolinka.si\/sl\/pogosta-vprasanja\/\",\"name\":\"Pogosta vpra\u0161anja - Zipline Dolinka\",\"isPartOf\":{\"@id\":\"https:\/\/zipline-dolinka.si\/sl\/#website\"},\"datePublished\":\"2022-06-15T18:27:14+00:00\",\"dateModified\":\"2026-01-26T11:17:39+00:00\",\"description\":\"Pogosta vpra\u0161anja o Zipline Dolinka: varnost, oprema, starostne omejitve, rezervacije, potek ture in pomembne informacije.\",\"breadcrumb\":{\"@id\":\"https:\/\/zipline-dolinka.si\/sl\/pogosta-vprasanja\/#breadcrumb\"},\"inLanguage\":\"sl-SI\",\"potentialAction\":[{\"@type\":\"ReadAction\",\"target\":[\"https:\/\/zipline-dolinka.si\/sl\/pogosta-vprasanja\/\"]}]},{\"@type\":\"BreadcrumbList\",\"@id\":\"https:\/\/zipline-dolinka.si\/sl\/pogosta-vprasanja\/#breadcrumb\",\"itemListElement\":[{\"@type\":\"ListItem\",\"position\":1,\"name\":\"Domov\",\"item\":\"https:\/\/zipline-dolinka.si\/sl\/\"},{\"@type\":\"ListItem\",\"position\":2,\"name\":\"Pogosta vpra\u0161anja\"}]},{\"@type\":\"WebSite\",\"@id\":\"https:\/\/zipline-dolinka.si\/sl\/#website\",\"url\":\"https:\/\/zipline-dolinka.si\/sl\/\",\"name\":\"Zipline Dolinka\",\"description\":\"The Longest Zipline in Europe\",\"publisher\":{\"@id\":\"https:\/\/zipline-dolinka.si\/sl\/#organization\"},\"potentialAction\":[{\"@type\":\"SearchAction\",\"target\":{\"@type\":\"EntryPoint\",\"urlTemplate\":\"https:\/\/zipline-dolinka.si\/sl\/?s={search_term_string}\"},\"query-input\":{\"@type\":\"PropertyValueSpecification\",\"valueRequired\":true,\"valueName\":\"search_term_string\"}}],\"inLanguage\":\"sl-SI\"},{\"@type\":\"Organization\",\"@id\":\"https:\/\/zipline-dolinka.si\/sl\/#organization\",\"name\":\"Zipline Dolinka Bled\",\"url\":\"https:\/\/zipline-dolinka.si\/sl\/\",\"logo\":{\"@type\":\"ImageObject\",\"inLanguage\":\"sl-SI\",\"@id\":\"https:\/\/zipline-dolinka.si\/sl\/#\/schema\/logo\/image\/\",\"url\":\"https:\/\/zipline-dolinka.si\/wp-content\/uploads\/2022\/05\/cropped-ziplinedolonka-favicon.png\",\"contentUrl\":\"https:\/\/zipline-dolinka.si\/wp-content\/uploads\/2022\/05\/cropped-ziplinedolonka-favicon.png\",\"width\":512,\"height\":512,\"caption\":\"Zipline Dolinka Bled\"},\"image\":{\"@id\":\"https:\/\/zipline-dolinka.si\/sl\/#\/schema\/logo\/image\/\"},\"sameAs\":[\"https:\/\/www.facebook.com\/ZiplineDolinka\/\",\"https:\/\/www.tripadvisor.com\/Attraction_Review-g274863-d14139627-Reviews-Zipline_Dolinka-Bled_Upper_Carniola_Region.html\"]}]}<\/script>\n<!-- \/ Yoast SEO plugin. -->","yoast_head_json":{"title":"Pogosta vpra\u0161anja - Zipline Dolinka","description":"Pogosta vpra\u0161anja o Zipline Dolinka: varnost, oprema, starostne omejitve, rezervacije, potek ture in pomembne informacije.","robots":{"index":"index","follow":"follow","max-snippet":"max-snippet:-1","max-image-preview":"max-image-preview:large","max-video-preview":"max-video-preview:-1"},"canonical":"https:\/\/zipline-dolinka.si\/sl\/pogosta-vprasanja\/","og_locale":"sl_SI","og_type":"article","og_title":"Pogosta vpra\u0161anja - Zipline Dolinka","og_description":"Pogosta vpra\u0161anja o Zipline Dolinka: varnost, oprema, starostne omejitve, rezervacije, potek ture in pomembne informacije.","og_url":"https:\/\/zipline-dolinka.si\/sl\/pogosta-vprasanja\/","og_site_name":"Zipline Dolinka","article_publisher":"https:\/\/www.facebook.com\/ZiplineDolinka\/","article_modified_time":"2026-01-26T11:17:39+00:00","twitter_card":"summary_large_image","twitter_misc":{"Est. reading time":"4 minute"},"schema":{"@context":"https:\/\/schema.org","@graph":[{"@type":"WebPage","@id":"https:\/\/zipline-dolinka.si\/sl\/pogosta-vprasanja\/","url":"https:\/\/zipline-dolinka.si\/sl\/pogosta-vprasanja\/","name":"Pogosta vpra\u0161anja - Zipline Dolinka","isPartOf":{"@id":"https:\/\/zipline-dolinka.si\/sl\/#website"},"datePublished":"2022-06-15T18:27:14+00:00","dateModified":"2026-01-26T11:17:39+00:00","description":"Pogosta vpra\u0161anja o Zipline Dolinka: varnost, oprema, starostne omejitve, rezervacije, potek ture in pomembne informacije.","breadcrumb":{"@id":"https:\/\/zipline-dolinka.si\/sl\/pogosta-vprasanja\/#breadcrumb"},"inLanguage":"sl-SI","potentialAction":[{"@type":"ReadAction","target":["https:\/\/zipline-dolinka.si\/sl\/pogosta-vprasanja\/"]}]},{"@type":"BreadcrumbList","@id":"https:\/\/zipline-dolinka.si\/sl\/pogosta-vprasanja\/#breadcrumb","itemListElement":[{"@type":"ListItem","position":1,"name":"Domov","item":"https:\/\/zipline-dolinka.si\/sl\/"},{"@type":"ListItem","position":2,"name":"Pogosta vpra\u0161anja"}]},{"@type":"WebSite","@id":"https:\/\/zipline-dolinka.si\/sl\/#website","url":"https:\/\/zipline-dolinka.si\/sl\/","name":"Zipline Dolinka","description":"The Longest Zipline in Europe","publisher":{"@id":"https:\/\/zipline-dolinka.si\/sl\/#organization"},"potentialAction":[{"@type":"SearchAction","target":{"@type":"EntryPoint","urlTemplate":"https:\/\/zipline-dolinka.si\/sl\/?s={search_term_string}"},"query-input":{"@type":"PropertyValueSpecification","valueRequired":true,"valueName":"search_term_string"}}],"inLanguage":"sl-SI"},{"@type":"Organization","@id":"https:\/\/zipline-dolinka.si\/sl\/#organization","name":"Zipline Dolinka Bled","url":"https:\/\/zipline-dolinka.si\/sl\/","logo":{"@type":"ImageObject","inLanguage":"sl-SI","@id":"https:\/\/zipline-dolinka.si\/sl\/#\/schema\/logo\/image\/","url":"https:\/\/zipline-dolinka.si\/wp-content\/uploads\/2022\/05\/cropped-ziplinedolonka-favicon.png","contentUrl":"https:\/\/zipline-dolinka.si\/wp-content\/uploads\/2022\/05\/cropped-ziplinedolonka-favicon.png","width":512,"height":512,"caption":"Zipline Dolinka Bled"},"image":{"@id":"https:\/\/zipline-dolinka.si\/sl\/#\/schema\/logo\/image\/"},"sameAs":["https:\/\/www.facebook.com\/ZiplineDolinka\/","https:\/\/www.tripadvisor.com\/Attraction_Review-g274863-d14139627-Reviews-Zipline_Dolinka-Bled_Upper_Carniola_Region.html"]}]}},"_links":{"self":[{"href":"https:\/\/zipline-dolinka.si\/sl\/wp-json\/wp\/v2\/pages\/1071","targetHints":{"allow":["GET"]}}],"collection":[{"href":"https:\/\/zipline-dolinka.si\/sl\/wp-json\/wp\/v2\/pages"}],"about":[{"href":"https:\/\/zipline-dolinka.si\/sl\/wp-json\/wp\/v2\/types\/page"}],"author":[{"embeddable":true,"href":"https:\/\/zipline-dolinka.si\/sl\/wp-json\/wp\/v2\/users\/1"}],"replies":[{"embeddable":true,"href":"https:\/\/zipline-dolinka.si\/sl\/wp-json\/wp\/v2\/comments?post=1071"}],"version-history":[{"count":2,"href":"https:\/\/zipline-dolinka.si\/sl\/wp-json\/wp\/v2\/pages\/1071\/revisions"}],"predecessor-version":[{"id":5950,"href":"https:\/\/zipline-dolinka.si\/sl\/wp-json\/wp\/v2\/pages\/1071\/revisions\/5950"}],"wp:attachment":[{"href":"https:\/\/zipline-dolinka.si\/sl\/wp-json\/wp\/v2\/media?parent=1071"}],"curies":[{"name":"wp","href":"https:\/\/api.w.org\/{rel}","templated":true}]}}