{"id":1052,"date":"2022-06-16T20:20:18","date_gmt":"2022-06-16T20:20:18","guid":{"rendered":"https:\/\/zipline-dolinka.si\/nasa-zgodba\/"},"modified":"2023-07-08T17:26:59","modified_gmt":"2023-07-08T17:26:59","slug":"nasa-zgodba","status":"publish","type":"page","link":"https:\/\/zipline-dolinka.si\/sl\/nasa-zgodba\/","title":{"rendered":"Na\u0161a zgodba"},"content":{"rendered":"\n<p>Ekipo Zipline Dolinka sestavljamo prebivalci obeh bregov Save Dolinke. Vodi nas skupna vizija o trajnostnem razvoju in upo\u0161tevanju naravnih in kulturnih vrednot, ki jih je na prostoru med Karavankami in Julijskimi Alpami resni\u010dno v izobilju.<\/p>\n\n\n\n<figure class=\"wp-block-pullquote\"><blockquote><p>\u201cDe\u017eela kranjska nima lep\u0161ga kraja, ko je z okol\u0161no ta, podoba raja.\u201d<\/p><cite>France Pre\u0161eren, 1800\u20131849, najve\u010dji slovenski pesnik, rojen na v Vrbi na levem bregu Save Dolinke.<\/cite><\/blockquote><\/figure>\n\n\n\n<figure class=\"wp-block-image size-large\"><img loading=\"lazy\" decoding=\"async\" width=\"1024\" height=\"684\" src=\"https:\/\/zipline-dolinka.si\/wp-content\/uploads\/2022\/06\/Private-1024x684.jpg\" alt=\"\" class=\"wp-image-641\" srcset=\"https:\/\/zipline-dolinka.si\/wp-content\/uploads\/2022\/06\/Private-1024x684.jpg 1024w, https:\/\/zipline-dolinka.si\/wp-content\/uploads\/2022\/06\/Private-300x200.jpg 300w, https:\/\/zipline-dolinka.si\/wp-content\/uploads\/2022\/06\/Private-768x513.jpg 768w, https:\/\/zipline-dolinka.si\/wp-content\/uploads\/2022\/06\/Private-930x620.jpg 930w, https:\/\/zipline-dolinka.si\/wp-content\/uploads\/2022\/06\/Private.jpg 1400w\" sizes=\"auto, (max-width: 1024px) 100vw, 1024px\" \/><\/figure>\n\n\n\n<h2 class=\"wp-block-heading\">Prava zipline avantura<\/h2>\n\n\n\n<p>Zipline Dolinka vodi obiskovalce skozi izku\u0161njo na prostem po izjemni Savi Dolinki, ki te\u010de med Bledom in Pre\u0161ernovo Vrbo. Gre za prilo\u017enost raziskovanja, u\u010denja, u\u017eitka v gibanju ter vznemirjenja v zraku, saj vse poteka v izjemnem naravnem okolju.<\/p>\n\n\n\n<p>Sava Dolinka predstavlja naravno povezavo med naravnimi lepotami Bleda in okolice ter kulturnim biserom slovenstva v vaseh pod Karavankami.&nbsp;<\/p>\n\n\n\n<p>Vseh sedem zipline prog je skrbno izbranih, tako, da potekajo iz brega na breg na mestih, kjer ni bilo potrebnega izsekavanja dreves. Tudi sama postavitev jeklenic je potekala z najsodobnej\u0161o opremo, brez negativnih vplivov na vegetacijo pod jeklenico.<\/p>\n\n\n\n<figure class=\"wp-block-image size-large\"><img loading=\"lazy\" decoding=\"async\" width=\"1024\" height=\"575\" src=\"https:\/\/zipline-dolinka.si\/wp-content\/uploads\/2022\/06\/Our_Story-1024x575.jpeg\" alt=\"\" class=\"wp-image-645\" srcset=\"https:\/\/zipline-dolinka.si\/wp-content\/uploads\/2022\/06\/Our_Story-1024x575.jpeg 1024w, https:\/\/zipline-dolinka.si\/wp-content\/uploads\/2022\/06\/Our_Story-300x169.jpeg 300w, https:\/\/zipline-dolinka.si\/wp-content\/uploads\/2022\/06\/Our_Story-768x431.jpeg 768w, https:\/\/zipline-dolinka.si\/wp-content\/uploads\/2022\/06\/Our_Story.jpeg 1029w\" sizes=\"auto, (max-width: 1024px) 100vw, 1024px\" \/><\/figure>\n\n\n\n<h2 class=\"wp-block-heading\">Trajnostni pristop<\/h2>\n\n\n\n<p>Po dvajsetletnem uspe\u0161nem trudu doma\u010dinov za ohranitev doline, jo z na\u0161im izletom, povezanim s spustom po jeklenici, posku\u0161amo \u0161e bolj pribli\u017eati obiskovalcem. Na\u0161i vodniki so prvi pripovedovalci zgodbe o dolini in okoli\u0161kih krajev. Skupaj z obiskovalci sku\u0161amo prispevati kar najve\u010d k pravem vrednotenju naravnih in kulturnih vsebin. \u017de pri projektiranju smo imeli v viziji naravno vrednoto doline. Pri pritrjevanju jeklenice in umestitvi poti, smo v kar najmanj\u0161i meri posegali v okolje, ter jo obenem umestili v prostor na na\u010din, ki obiskovalcu omogo\u010da \u010dim bolj pristen prvi vpogled v klju\u010dne naravne vrednote in posebnosti doline.<\/p>\n\n\n\n<p>Namen ekipe Zipline Dolinka je, da aktivnosti \u017eelenim obiskovalcem omogo\u010dimo \u010dudovite izku\u0161nje, ter jih obenem ozave\u0161\u010damo o okoljskih vrednotah. Zdru\u017eujemo elemente, ki se z roko v roki dopolnjujejo in podpirajo; privla\u010dno okolje zipline-a v dolini, kjer gozdove in mokri\u0161\u010da prepleta reka, podpira idejo o sonaravnem bivanju in predstavlja kuliso, v kateri gostje \u017eelijo podpreti trajnostno razmi\u0161ljanje.<\/p>\n\n\n\n<p>Medtem, ko obiskovalci u\u017eivajo v spektakularnih razgledih, obstaja namre\u010d lepa prilo\u017enost, da se pobli\u017eje spoznajo in navdu\u0161ijo nad dogajanji v naravi, ki potekajo okoli njih. Na izletu so obiskovalcem v pomo\u010d vodniki, prvi podporniki in pripovedovalci zgodbe o dolini, ki tudi v sodobnem svetu opominjajo na pomen neokrnjenega okolja.<\/p>\n\n\n\n<p>Iz spo\u0161tovanja do narave, se na izletu gibljemo umirjeno, brez kri\u010danja in glasnega govorjenja.<\/p>\n\n\n\n<div id=\"wp-block-themeisle-blocks-advanced-columns-bddec2eb\" class=\"wp-block-themeisle-blocks-advanced-columns has-1-columns has-desktop-twoOne-layout has-tablet-equal-layout has-mobile-equal-layout has-vertical-unset\"><div class=\"wp-block-themeisle-blocks-advanced-columns-overlay\"><\/div><div class=\"innerblocks-wrap\">\n<div id=\"wp-block-themeisle-blocks-advanced-column-84df613f\" class=\"wp-block-themeisle-blocks-advanced-column\"><\/div>\n<\/div><\/div>\n","protected":false},"excerpt":{"rendered":"<p>Ekipo Zipline Dolinka sestavljamo prebivalci obeh bregov Save Dolinke. Vodi nas skupna vizija o trajnostnem razvoju in upo\u0161tevanju naravnih in kulturnih vrednot, ki jih je na prostoru med Karavankami in Julijskimi Alpami resni\u010dno v izobilju. \u201cDe\u017eela kranjska nima lep\u0161ga kraja, ko je z okol\u0161no ta, podoba raja.\u201d France Pre\u0161eren, 1800\u20131849, najve\u010dji slovenski pesnik, rojen na&hellip;&nbsp;<a href=\"https:\/\/zipline-dolinka.si\/sl\/nasa-zgodba\/\" rel=\"bookmark\">Preberi ve\u010d &raquo;<span class=\"screen-reader-text\">Na\u0161a zgodba<\/span><\/a><\/p>\n","protected":false},"author":1,"featured_media":0,"parent":0,"menu_order":5,"comment_status":"closed","ping_status":"closed","template":"","meta":{"neve_meta_sidebar":"","neve_meta_container":"","neve_meta_enable_content_width":"on","neve_meta_content_width":70,"neve_meta_title_alignment":"","neve_meta_author_avatar":"","neve_post_elements_order":"","neve_meta_disable_header":"","neve_meta_disable_footer":"","neve_meta_disable_title":"","_themeisle_gutenberg_block_has_review":false,"footnotes":""},"class_list":["post-1052","page","type-page","status-publish","hentry"],"yoast_head":"<!-- This site is optimized with the Yoast SEO plugin v27.5 - https:\/\/yoast.com\/product\/yoast-seo-wordpress\/ -->\n<title>Na\u0161a zgodba - Zipline Dolinka<\/title>\n<meta name=\"robots\" content=\"index, follow, max-snippet:-1, max-image-preview:large, max-video-preview:-1\" \/>\n<link rel=\"canonical\" href=\"https:\/\/zipline-dolinka.si\/sl\/nasa-zgodba\/\" \/>\n<meta property=\"og:locale\" content=\"sl_SI\" \/>\n<meta property=\"og:type\" content=\"article\" \/>\n<meta property=\"og:title\" content=\"Na\u0161a zgodba - Zipline Dolinka\" \/>\n<meta property=\"og:description\" content=\"Ekipo Zipline Dolinka sestavljamo prebivalci obeh bregov Save Dolinke. Vodi nas skupna vizija o trajnostnem razvoju in upo\u0161tevanju naravnih in kulturnih vrednot, ki jih je na prostoru med Karavankami in Julijskimi Alpami resni\u010dno v izobilju. \u201cDe\u017eela kranjska nima lep\u0161ga kraja, ko je z okol\u0161no ta, podoba raja.\u201d France Pre\u0161eren, 1800\u20131849, najve\u010dji slovenski pesnik, rojen na&hellip;&nbsp;Preberi ve\u010d &raquo;Na\u0161a zgodba\" \/>\n<meta property=\"og:url\" content=\"https:\/\/zipline-dolinka.si\/sl\/nasa-zgodba\/\" \/>\n<meta property=\"og:site_name\" content=\"Zipline Dolinka\" \/>\n<meta property=\"article:publisher\" content=\"https:\/\/www.facebook.com\/ZiplineDolinka\/\" \/>\n<meta property=\"article:modified_time\" content=\"2023-07-08T17:26:59+00:00\" \/>\n<meta property=\"og:image\" content=\"https:\/\/zipline-dolinka.si\/wp-content\/uploads\/2022\/06\/Private-1024x684.jpg\" \/>\n<meta name=\"twitter:card\" content=\"summary_large_image\" \/>\n<meta name=\"twitter:label1\" content=\"Est. reading time\" \/>\n\t<meta name=\"twitter:data1\" content=\"3 minute\" \/>\n<script type=\"application\/ld+json\" class=\"yoast-schema-graph\">{\"@context\":\"https:\\\/\\\/schema.org\",\"@graph\":[{\"@type\":\"WebPage\",\"@id\":\"https:\\\/\\\/zipline-dolinka.si\\\/sl\\\/nasa-zgodba\\\/\",\"url\":\"https:\\\/\\\/zipline-dolinka.si\\\/sl\\\/nasa-zgodba\\\/\",\"name\":\"Na\u0161a zgodba - Zipline Dolinka\",\"isPartOf\":{\"@id\":\"https:\\\/\\\/zipline-dolinka.si\\\/sl\\\/#website\"},\"primaryImageOfPage\":{\"@id\":\"https:\\\/\\\/zipline-dolinka.si\\\/sl\\\/nasa-zgodba\\\/#primaryimage\"},\"image\":{\"@id\":\"https:\\\/\\\/zipline-dolinka.si\\\/sl\\\/nasa-zgodba\\\/#primaryimage\"},\"thumbnailUrl\":\"https:\\\/\\\/zipline-dolinka.si\\\/wp-content\\\/uploads\\\/2022\\\/06\\\/Private-1024x684.jpg\",\"datePublished\":\"2022-06-16T20:20:18+00:00\",\"dateModified\":\"2023-07-08T17:26:59+00:00\",\"breadcrumb\":{\"@id\":\"https:\\\/\\\/zipline-dolinka.si\\\/sl\\\/nasa-zgodba\\\/#breadcrumb\"},\"inLanguage\":\"sl-SI\",\"potentialAction\":[{\"@type\":\"ReadAction\",\"target\":[\"https:\\\/\\\/zipline-dolinka.si\\\/sl\\\/nasa-zgodba\\\/\"]}]},{\"@type\":\"ImageObject\",\"inLanguage\":\"sl-SI\",\"@id\":\"https:\\\/\\\/zipline-dolinka.si\\\/sl\\\/nasa-zgodba\\\/#primaryimage\",\"url\":\"https:\\\/\\\/zipline-dolinka.si\\\/wp-content\\\/uploads\\\/2022\\\/06\\\/Private-1024x684.jpg\",\"contentUrl\":\"https:\\\/\\\/zipline-dolinka.si\\\/wp-content\\\/uploads\\\/2022\\\/06\\\/Private-1024x684.jpg\"},{\"@type\":\"BreadcrumbList\",\"@id\":\"https:\\\/\\\/zipline-dolinka.si\\\/sl\\\/nasa-zgodba\\\/#breadcrumb\",\"itemListElement\":[{\"@type\":\"ListItem\",\"position\":1,\"name\":\"Domov\",\"item\":\"https:\\\/\\\/zipline-dolinka.si\\\/sl\\\/\"},{\"@type\":\"ListItem\",\"position\":2,\"name\":\"Na\u0161a zgodba\"}]},{\"@type\":\"WebSite\",\"@id\":\"https:\\\/\\\/zipline-dolinka.si\\\/sl\\\/#website\",\"url\":\"https:\\\/\\\/zipline-dolinka.si\\\/sl\\\/\",\"name\":\"Zipline Dolinka\",\"description\":\"The Longest Zipline in Europe\",\"publisher\":{\"@id\":\"https:\\\/\\\/zipline-dolinka.si\\\/sl\\\/#organization\"},\"potentialAction\":[{\"@type\":\"SearchAction\",\"target\":{\"@type\":\"EntryPoint\",\"urlTemplate\":\"https:\\\/\\\/zipline-dolinka.si\\\/sl\\\/?s={search_term_string}\"},\"query-input\":{\"@type\":\"PropertyValueSpecification\",\"valueRequired\":true,\"valueName\":\"search_term_string\"}}],\"inLanguage\":\"sl-SI\"},{\"@type\":\"Organization\",\"@id\":\"https:\\\/\\\/zipline-dolinka.si\\\/sl\\\/#organization\",\"name\":\"Zipline Dolinka Bled\",\"url\":\"https:\\\/\\\/zipline-dolinka.si\\\/sl\\\/\",\"logo\":{\"@type\":\"ImageObject\",\"inLanguage\":\"sl-SI\",\"@id\":\"https:\\\/\\\/zipline-dolinka.si\\\/sl\\\/#\\\/schema\\\/logo\\\/image\\\/\",\"url\":\"https:\\\/\\\/zipline-dolinka.si\\\/wp-content\\\/uploads\\\/2022\\\/05\\\/cropped-ziplinedolonka-favicon.png\",\"contentUrl\":\"https:\\\/\\\/zipline-dolinka.si\\\/wp-content\\\/uploads\\\/2022\\\/05\\\/cropped-ziplinedolonka-favicon.png\",\"width\":512,\"height\":512,\"caption\":\"Zipline Dolinka Bled\"},\"image\":{\"@id\":\"https:\\\/\\\/zipline-dolinka.si\\\/sl\\\/#\\\/schema\\\/logo\\\/image\\\/\"},\"sameAs\":[\"https:\\\/\\\/www.facebook.com\\\/ZiplineDolinka\\\/\",\"https:\\\/\\\/www.tripadvisor.com\\\/Attraction_Review-g274863-d14139627-Reviews-Zipline_Dolinka-Bled_Upper_Carniola_Region.html\"]}]}<\/script>\n<!-- \/ Yoast SEO plugin. -->","yoast_head_json":{"title":"Na\u0161a zgodba - Zipline Dolinka","robots":{"index":"index","follow":"follow","max-snippet":"max-snippet:-1","max-image-preview":"max-image-preview:large","max-video-preview":"max-video-preview:-1"},"canonical":"https:\/\/zipline-dolinka.si\/sl\/nasa-zgodba\/","og_locale":"sl_SI","og_type":"article","og_title":"Na\u0161a zgodba - Zipline Dolinka","og_description":"Ekipo Zipline Dolinka sestavljamo prebivalci obeh bregov Save Dolinke. Vodi nas skupna vizija o trajnostnem razvoju in upo\u0161tevanju naravnih in kulturnih vrednot, ki jih je na prostoru med Karavankami in Julijskimi Alpami resni\u010dno v izobilju. \u201cDe\u017eela kranjska nima lep\u0161ga kraja, ko je z okol\u0161no ta, podoba raja.\u201d France Pre\u0161eren, 1800\u20131849, najve\u010dji slovenski pesnik, rojen na&hellip;&nbsp;Preberi ve\u010d &raquo;Na\u0161a zgodba","og_url":"https:\/\/zipline-dolinka.si\/sl\/nasa-zgodba\/","og_site_name":"Zipline Dolinka","article_publisher":"https:\/\/www.facebook.com\/ZiplineDolinka\/","article_modified_time":"2023-07-08T17:26:59+00:00","og_image":[{"url":"https:\/\/zipline-dolinka.si\/wp-content\/uploads\/2022\/06\/Private-1024x684.jpg","type":"","width":"","height":""}],"twitter_card":"summary_large_image","twitter_misc":{"Est. reading time":"3 minute"},"schema":{"@context":"https:\/\/schema.org","@graph":[{"@type":"WebPage","@id":"https:\/\/zipline-dolinka.si\/sl\/nasa-zgodba\/","url":"https:\/\/zipline-dolinka.si\/sl\/nasa-zgodba\/","name":"Na\u0161a zgodba - Zipline Dolinka","isPartOf":{"@id":"https:\/\/zipline-dolinka.si\/sl\/#website"},"primaryImageOfPage":{"@id":"https:\/\/zipline-dolinka.si\/sl\/nasa-zgodba\/#primaryimage"},"image":{"@id":"https:\/\/zipline-dolinka.si\/sl\/nasa-zgodba\/#primaryimage"},"thumbnailUrl":"https:\/\/zipline-dolinka.si\/wp-content\/uploads\/2022\/06\/Private-1024x684.jpg","datePublished":"2022-06-16T20:20:18+00:00","dateModified":"2023-07-08T17:26:59+00:00","breadcrumb":{"@id":"https:\/\/zipline-dolinka.si\/sl\/nasa-zgodba\/#breadcrumb"},"inLanguage":"sl-SI","potentialAction":[{"@type":"ReadAction","target":["https:\/\/zipline-dolinka.si\/sl\/nasa-zgodba\/"]}]},{"@type":"ImageObject","inLanguage":"sl-SI","@id":"https:\/\/zipline-dolinka.si\/sl\/nasa-zgodba\/#primaryimage","url":"https:\/\/zipline-dolinka.si\/wp-content\/uploads\/2022\/06\/Private-1024x684.jpg","contentUrl":"https:\/\/zipline-dolinka.si\/wp-content\/uploads\/2022\/06\/Private-1024x684.jpg"},{"@type":"BreadcrumbList","@id":"https:\/\/zipline-dolinka.si\/sl\/nasa-zgodba\/#breadcrumb","itemListElement":[{"@type":"ListItem","position":1,"name":"Domov","item":"https:\/\/zipline-dolinka.si\/sl\/"},{"@type":"ListItem","position":2,"name":"Na\u0161a zgodba"}]},{"@type":"WebSite","@id":"https:\/\/zipline-dolinka.si\/sl\/#website","url":"https:\/\/zipline-dolinka.si\/sl\/","name":"Zipline Dolinka","description":"The Longest Zipline in Europe","publisher":{"@id":"https:\/\/zipline-dolinka.si\/sl\/#organization"},"potentialAction":[{"@type":"SearchAction","target":{"@type":"EntryPoint","urlTemplate":"https:\/\/zipline-dolinka.si\/sl\/?s={search_term_string}"},"query-input":{"@type":"PropertyValueSpecification","valueRequired":true,"valueName":"search_term_string"}}],"inLanguage":"sl-SI"},{"@type":"Organization","@id":"https:\/\/zipline-dolinka.si\/sl\/#organization","name":"Zipline Dolinka Bled","url":"https:\/\/zipline-dolinka.si\/sl\/","logo":{"@type":"ImageObject","inLanguage":"sl-SI","@id":"https:\/\/zipline-dolinka.si\/sl\/#\/schema\/logo\/image\/","url":"https:\/\/zipline-dolinka.si\/wp-content\/uploads\/2022\/05\/cropped-ziplinedolonka-favicon.png","contentUrl":"https:\/\/zipline-dolinka.si\/wp-content\/uploads\/2022\/05\/cropped-ziplinedolonka-favicon.png","width":512,"height":512,"caption":"Zipline Dolinka Bled"},"image":{"@id":"https:\/\/zipline-dolinka.si\/sl\/#\/schema\/logo\/image\/"},"sameAs":["https:\/\/www.facebook.com\/ZiplineDolinka\/","https:\/\/www.tripadvisor.com\/Attraction_Review-g274863-d14139627-Reviews-Zipline_Dolinka-Bled_Upper_Carniola_Region.html"]}]}},"_links":{"self":[{"href":"https:\/\/zipline-dolinka.si\/sl\/wp-json\/wp\/v2\/pages\/1052","targetHints":{"allow":["GET"]}}],"collection":[{"href":"https:\/\/zipline-dolinka.si\/sl\/wp-json\/wp\/v2\/pages"}],"about":[{"href":"https:\/\/zipline-dolinka.si\/sl\/wp-json\/wp\/v2\/types\/page"}],"author":[{"embeddable":true,"href":"https:\/\/zipline-dolinka.si\/sl\/wp-json\/wp\/v2\/users\/1"}],"replies":[{"embeddable":true,"href":"https:\/\/zipline-dolinka.si\/sl\/wp-json\/wp\/v2\/comments?post=1052"}],"version-history":[{"count":0,"href":"https:\/\/zipline-dolinka.si\/sl\/wp-json\/wp\/v2\/pages\/1052\/revisions"}],"wp:attachment":[{"href":"https:\/\/zipline-dolinka.si\/sl\/wp-json\/wp\/v2\/media?parent=1052"}],"curies":[{"name":"wp","href":"https:\/\/api.w.org\/{rel}","templated":true}]}}