{"id":4329,"date":"2023-07-31T06:33:35","date_gmt":"2023-07-31T06:33:35","guid":{"rendered":"https:\/\/zipline-dolinka.si\/?page_id=4329"},"modified":"2023-07-31T07:27:53","modified_gmt":"2023-07-31T07:27:53","slug":"a-visita-ao-por-do-sol","status":"publish","type":"page","link":"https:\/\/zipline-dolinka.si\/pt-pt\/tour\/a-visita-ao-por-do-sol\/","title":{"rendered":"A visita ao p\u00f4r do sol"},"content":{"rendered":"\n<div id=\"wp-block-themeisle-blocks-advanced-columns-832f3724\" class=\"wp-block-themeisle-blocks-advanced-columns has-2-columns has-desktop-equal-layout has-tablet-equal-layout has-mobile-collapsedRows-layout has-vertical-unset\"><div class=\"wp-block-themeisle-blocks-advanced-columns-overlay\"><\/div><div class=\"innerblocks-wrap\">\n<div id=\"wp-block-themeisle-blocks-advanced-column-0d8c41df\" class=\"wp-block-themeisle-blocks-advanced-column\">\n\n\n\n<script>\nga(function (tracker) {\n \/\/ Gets the client ID of the default tracker.\n var clientId = tracker.get('clientId');\n\n\n \/\/ Gets the Checkfront iframe.\n var checkfrontIframe = document.getElementById('CHECKFRONT_WIDGET_01').getElementsByTagName('iframe')[0]; \n\n\n \/\/ Sends the client ID to the window inside the destination frame, once it's loaded.\n checkfrontIframe.addEventListener(\"load\", function () {\n this.contentWindow.postMessage(clientId, 'https:\/\/zipline-dolinka.checkfront.com');\n });\n});\n<\/script>\n<\/div>\n\n\n\n<div id=\"wp-block-themeisle-blocks-advanced-column-f504d8eb\" class=\"wp-block-themeisle-blocks-advanced-column\">\n<p>A Sunset Tour de Zipline Dolinka oferece uma aventura emocionante, proporcionando a oportunidade de testemunhar as cores espetaculares do p\u00f4r do sol, se o clima permitir.<\/p>\n\n\n\n<p>Sua jornada o levar\u00e1 sobre vales e copas das \u00e1rvores, revelando o panorama deslumbrante de Dolinka, exatamente quando o dia se transforma em crep\u00fasculo.<\/p>\n\n\n\n<p>Nossa estrutura profissional de zipline garante seguran\u00e7a e divers\u00e3o, permitindo que voc\u00ea se envolva na beleza da natureza. Acompanhado por nossos guias experientes, voc\u00ea obter\u00e1 insights sobre o ecossistema local, enriquecendo essa emocionante escapada.<\/p>\n\n\n\n<p>Ao final do passeio, se o tempo estiver favor\u00e1vel, voc\u00ea ser\u00e1 presenteado com uma vista deslumbrante do p\u00f4r do sol, tornando esta noite sob as estrelas inesquec\u00edvel.<\/p>\n<\/div>\n<\/div><\/div>\n","protected":false},"excerpt":{"rendered":"","protected":false},"author":1,"featured_media":4277,"parent":4193,"menu_order":2,"comment_status":"closed","ping_status":"closed","template":"","meta":{"neve_meta_sidebar":"","neve_meta_container":"","neve_meta_enable_content_width":"","neve_meta_content_width":0,"neve_meta_title_alignment":"","neve_meta_author_avatar":"","neve_post_elements_order":"","neve_meta_disable_header":"","neve_meta_disable_footer":"","neve_meta_disable_title":"","_themeisle_gutenberg_block_has_review":false,"footnotes":""},"class_list":["post-4329","page","type-page","status-publish","has-post-thumbnail","hentry"],"yoast_head":"<!-- This site is optimized with the Yoast SEO plugin v27.0 - https:\/\/yoast.com\/product\/yoast-seo-wordpress\/ -->\n<title>A visita ao p\u00f4r do sol - Zipline Dolinka<\/title>\n<meta name=\"robots\" content=\"index, follow, max-snippet:-1, max-image-preview:large, max-video-preview:-1\" \/>\n<link rel=\"canonical\" href=\"https:\/\/zipline-dolinka.si\/pt-pt\/tour\/a-visita-ao-por-do-sol\/\" \/>\n<meta property=\"og:locale\" content=\"pt_PT\" \/>\n<meta property=\"og:type\" content=\"article\" \/>\n<meta property=\"og:title\" content=\"A visita ao p\u00f4r do sol - Zipline Dolinka\" \/>\n<meta property=\"og:url\" content=\"https:\/\/zipline-dolinka.si\/pt-pt\/tour\/a-visita-ao-por-do-sol\/\" \/>\n<meta property=\"og:site_name\" content=\"Zipline Dolinka\" \/>\n<meta property=\"article:publisher\" content=\"https:\/\/www.facebook.com\/ZiplineDolinka\/\" \/>\n<meta property=\"article:modified_time\" content=\"2023-07-31T07:27:53+00:00\" \/>\n<meta property=\"og:image\" content=\"https:\/\/zipline-dolinka.si\/wp-content\/uploads\/2023\/07\/zipline9-1.png\" \/>\n\t<meta property=\"og:image:width\" content=\"593\" \/>\n\t<meta property=\"og:image:height\" content=\"593\" \/>\n\t<meta property=\"og:image:type\" content=\"image\/png\" \/>\n<meta name=\"twitter:card\" content=\"summary_large_image\" \/>\n<meta name=\"twitter:label1\" content=\"Tempo estimado de leitura\" \/>\n\t<meta name=\"twitter:data1\" content=\"1 minuto\" \/>\n<script type=\"application\/ld+json\" class=\"yoast-schema-graph\">{\"@context\":\"https:\/\/schema.org\",\"@graph\":[{\"@type\":\"WebPage\",\"@id\":\"https:\/\/zipline-dolinka.si\/pt-pt\/tour\/a-visita-ao-por-do-sol\/\",\"url\":\"https:\/\/zipline-dolinka.si\/pt-pt\/tour\/a-visita-ao-por-do-sol\/\",\"name\":\"A visita ao p\u00f4r do sol - Zipline Dolinka\",\"isPartOf\":{\"@id\":\"https:\/\/zipline-dolinka.si\/pt-pt\/#website\"},\"primaryImageOfPage\":{\"@id\":\"https:\/\/zipline-dolinka.si\/pt-pt\/tour\/a-visita-ao-por-do-sol\/#primaryimage\"},\"image\":{\"@id\":\"https:\/\/zipline-dolinka.si\/pt-pt\/tour\/a-visita-ao-por-do-sol\/#primaryimage\"},\"thumbnailUrl\":\"https:\/\/zipline-dolinka.si\/wp-content\/uploads\/2023\/07\/zipline9-1.png\",\"datePublished\":\"2023-07-31T06:33:35+00:00\",\"dateModified\":\"2023-07-31T07:27:53+00:00\",\"breadcrumb\":{\"@id\":\"https:\/\/zipline-dolinka.si\/pt-pt\/tour\/a-visita-ao-por-do-sol\/#breadcrumb\"},\"inLanguage\":\"pt-PT\",\"potentialAction\":[{\"@type\":\"ReadAction\",\"target\":[\"https:\/\/zipline-dolinka.si\/pt-pt\/tour\/a-visita-ao-por-do-sol\/\"]}]},{\"@type\":\"ImageObject\",\"inLanguage\":\"pt-PT\",\"@id\":\"https:\/\/zipline-dolinka.si\/pt-pt\/tour\/a-visita-ao-por-do-sol\/#primaryimage\",\"url\":\"https:\/\/zipline-dolinka.si\/wp-content\/uploads\/2023\/07\/zipline9-1.png\",\"contentUrl\":\"https:\/\/zipline-dolinka.si\/wp-content\/uploads\/2023\/07\/zipline9-1.png\",\"width\":593,\"height\":593},{\"@type\":\"BreadcrumbList\",\"@id\":\"https:\/\/zipline-dolinka.si\/pt-pt\/tour\/a-visita-ao-por-do-sol\/#breadcrumb\",\"itemListElement\":[{\"@type\":\"ListItem\",\"position\":1,\"name\":\"P\u00e1gina inicial\",\"item\":\"https:\/\/zipline-dolinka.si\/pt-pt\/\"},{\"@type\":\"ListItem\",\"position\":2,\"name\":\"Zipline Tours\",\"item\":\"https:\/\/zipline-dolinka.si\/pt-pt\/tour\/\"},{\"@type\":\"ListItem\",\"position\":3,\"name\":\"A visita ao p\u00f4r do sol\"}]},{\"@type\":\"WebSite\",\"@id\":\"https:\/\/zipline-dolinka.si\/pt-pt\/#website\",\"url\":\"https:\/\/zipline-dolinka.si\/pt-pt\/\",\"name\":\"Zipline Dolinka\",\"description\":\"The Longest Zipline in Europe\",\"publisher\":{\"@id\":\"https:\/\/zipline-dolinka.si\/pt-pt\/#organization\"},\"potentialAction\":[{\"@type\":\"SearchAction\",\"target\":{\"@type\":\"EntryPoint\",\"urlTemplate\":\"https:\/\/zipline-dolinka.si\/pt-pt\/?s={search_term_string}\"},\"query-input\":{\"@type\":\"PropertyValueSpecification\",\"valueRequired\":true,\"valueName\":\"search_term_string\"}}],\"inLanguage\":\"pt-PT\"},{\"@type\":\"Organization\",\"@id\":\"https:\/\/zipline-dolinka.si\/pt-pt\/#organization\",\"name\":\"Zipline Dolinka Bled\",\"url\":\"https:\/\/zipline-dolinka.si\/pt-pt\/\",\"logo\":{\"@type\":\"ImageObject\",\"inLanguage\":\"pt-PT\",\"@id\":\"https:\/\/zipline-dolinka.si\/pt-pt\/#\/schema\/logo\/image\/\",\"url\":\"https:\/\/zipline-dolinka.si\/wp-content\/uploads\/2022\/05\/cropped-ziplinedolonka-favicon.png\",\"contentUrl\":\"https:\/\/zipline-dolinka.si\/wp-content\/uploads\/2022\/05\/cropped-ziplinedolonka-favicon.png\",\"width\":512,\"height\":512,\"caption\":\"Zipline Dolinka Bled\"},\"image\":{\"@id\":\"https:\/\/zipline-dolinka.si\/pt-pt\/#\/schema\/logo\/image\/\"},\"sameAs\":[\"https:\/\/www.facebook.com\/ZiplineDolinka\/\",\"https:\/\/www.tripadvisor.com\/Attraction_Review-g274863-d14139627-Reviews-Zipline_Dolinka-Bled_Upper_Carniola_Region.html\"]}]}<\/script>\n<!-- \/ Yoast SEO plugin. -->","yoast_head_json":{"title":"A visita ao p\u00f4r do sol - Zipline Dolinka","robots":{"index":"index","follow":"follow","max-snippet":"max-snippet:-1","max-image-preview":"max-image-preview:large","max-video-preview":"max-video-preview:-1"},"canonical":"https:\/\/zipline-dolinka.si\/pt-pt\/tour\/a-visita-ao-por-do-sol\/","og_locale":"pt_PT","og_type":"article","og_title":"A visita ao p\u00f4r do sol - Zipline Dolinka","og_url":"https:\/\/zipline-dolinka.si\/pt-pt\/tour\/a-visita-ao-por-do-sol\/","og_site_name":"Zipline Dolinka","article_publisher":"https:\/\/www.facebook.com\/ZiplineDolinka\/","article_modified_time":"2023-07-31T07:27:53+00:00","og_image":[{"width":593,"height":593,"url":"https:\/\/zipline-dolinka.si\/wp-content\/uploads\/2023\/07\/zipline9-1.png","type":"image\/png"}],"twitter_card":"summary_large_image","twitter_misc":{"Tempo estimado de leitura":"1 minuto"},"schema":{"@context":"https:\/\/schema.org","@graph":[{"@type":"WebPage","@id":"https:\/\/zipline-dolinka.si\/pt-pt\/tour\/a-visita-ao-por-do-sol\/","url":"https:\/\/zipline-dolinka.si\/pt-pt\/tour\/a-visita-ao-por-do-sol\/","name":"A visita ao p\u00f4r do sol - Zipline Dolinka","isPartOf":{"@id":"https:\/\/zipline-dolinka.si\/pt-pt\/#website"},"primaryImageOfPage":{"@id":"https:\/\/zipline-dolinka.si\/pt-pt\/tour\/a-visita-ao-por-do-sol\/#primaryimage"},"image":{"@id":"https:\/\/zipline-dolinka.si\/pt-pt\/tour\/a-visita-ao-por-do-sol\/#primaryimage"},"thumbnailUrl":"https:\/\/zipline-dolinka.si\/wp-content\/uploads\/2023\/07\/zipline9-1.png","datePublished":"2023-07-31T06:33:35+00:00","dateModified":"2023-07-31T07:27:53+00:00","breadcrumb":{"@id":"https:\/\/zipline-dolinka.si\/pt-pt\/tour\/a-visita-ao-por-do-sol\/#breadcrumb"},"inLanguage":"pt-PT","potentialAction":[{"@type":"ReadAction","target":["https:\/\/zipline-dolinka.si\/pt-pt\/tour\/a-visita-ao-por-do-sol\/"]}]},{"@type":"ImageObject","inLanguage":"pt-PT","@id":"https:\/\/zipline-dolinka.si\/pt-pt\/tour\/a-visita-ao-por-do-sol\/#primaryimage","url":"https:\/\/zipline-dolinka.si\/wp-content\/uploads\/2023\/07\/zipline9-1.png","contentUrl":"https:\/\/zipline-dolinka.si\/wp-content\/uploads\/2023\/07\/zipline9-1.png","width":593,"height":593},{"@type":"BreadcrumbList","@id":"https:\/\/zipline-dolinka.si\/pt-pt\/tour\/a-visita-ao-por-do-sol\/#breadcrumb","itemListElement":[{"@type":"ListItem","position":1,"name":"P\u00e1gina inicial","item":"https:\/\/zipline-dolinka.si\/pt-pt\/"},{"@type":"ListItem","position":2,"name":"Zipline Tours","item":"https:\/\/zipline-dolinka.si\/pt-pt\/tour\/"},{"@type":"ListItem","position":3,"name":"A visita ao p\u00f4r do sol"}]},{"@type":"WebSite","@id":"https:\/\/zipline-dolinka.si\/pt-pt\/#website","url":"https:\/\/zipline-dolinka.si\/pt-pt\/","name":"Zipline Dolinka","description":"The Longest Zipline in Europe","publisher":{"@id":"https:\/\/zipline-dolinka.si\/pt-pt\/#organization"},"potentialAction":[{"@type":"SearchAction","target":{"@type":"EntryPoint","urlTemplate":"https:\/\/zipline-dolinka.si\/pt-pt\/?s={search_term_string}"},"query-input":{"@type":"PropertyValueSpecification","valueRequired":true,"valueName":"search_term_string"}}],"inLanguage":"pt-PT"},{"@type":"Organization","@id":"https:\/\/zipline-dolinka.si\/pt-pt\/#organization","name":"Zipline Dolinka Bled","url":"https:\/\/zipline-dolinka.si\/pt-pt\/","logo":{"@type":"ImageObject","inLanguage":"pt-PT","@id":"https:\/\/zipline-dolinka.si\/pt-pt\/#\/schema\/logo\/image\/","url":"https:\/\/zipline-dolinka.si\/wp-content\/uploads\/2022\/05\/cropped-ziplinedolonka-favicon.png","contentUrl":"https:\/\/zipline-dolinka.si\/wp-content\/uploads\/2022\/05\/cropped-ziplinedolonka-favicon.png","width":512,"height":512,"caption":"Zipline Dolinka Bled"},"image":{"@id":"https:\/\/zipline-dolinka.si\/pt-pt\/#\/schema\/logo\/image\/"},"sameAs":["https:\/\/www.facebook.com\/ZiplineDolinka\/","https:\/\/www.tripadvisor.com\/Attraction_Review-g274863-d14139627-Reviews-Zipline_Dolinka-Bled_Upper_Carniola_Region.html"]}]}},"_links":{"self":[{"href":"https:\/\/zipline-dolinka.si\/pt-pt\/wp-json\/wp\/v2\/pages\/4329","targetHints":{"allow":["GET"]}}],"collection":[{"href":"https:\/\/zipline-dolinka.si\/pt-pt\/wp-json\/wp\/v2\/pages"}],"about":[{"href":"https:\/\/zipline-dolinka.si\/pt-pt\/wp-json\/wp\/v2\/types\/page"}],"author":[{"embeddable":true,"href":"https:\/\/zipline-dolinka.si\/pt-pt\/wp-json\/wp\/v2\/users\/1"}],"replies":[{"embeddable":true,"href":"https:\/\/zipline-dolinka.si\/pt-pt\/wp-json\/wp\/v2\/comments?post=4329"}],"version-history":[{"count":0,"href":"https:\/\/zipline-dolinka.si\/pt-pt\/wp-json\/wp\/v2\/pages\/4329\/revisions"}],"up":[{"embeddable":true,"href":"https:\/\/zipline-dolinka.si\/pt-pt\/wp-json\/wp\/v2\/pages\/4193"}],"wp:featuredmedia":[{"embeddable":true,"href":"https:\/\/zipline-dolinka.si\/pt-pt\/wp-json\/wp\/v2\/media\/4277"}],"wp:attachment":[{"href":"https:\/\/zipline-dolinka.si\/pt-pt\/wp-json\/wp\/v2\/media?parent=4329"}],"curies":[{"name":"wp","href":"https:\/\/api.w.org\/{rel}","templated":true}]}}