{"id":4236,"date":"2022-06-15T18:27:14","date_gmt":"2022-06-15T18:27:14","guid":{"rendered":"https:\/\/zipline-dolinka.si\/?page_id=4236"},"modified":"2023-07-19T14:13:19","modified_gmt":"2023-07-19T14:13:19","slug":"perguntas-frequentes","status":"publish","type":"page","link":"https:\/\/zipline-dolinka.si\/pt-pt\/perguntas-frequentes\/","title":{"rendered":"FAQ"},"content":{"rendered":"\n<div id=\"wp-block-themeisle-blocks-accordion-a4f23050\" class=\"wp-block-themeisle-blocks-accordion exclusive is-wider-gap has-light-content-bg\">\n<details class=\"wp-block-themeisle-blocks-accordion-item\"><summary class=\"wp-block-themeisle-blocks-accordion-item__title\"><div>Onde \u00e9 o ponto de encontro para os participantes do Zipline Dolinka?<\/div><\/summary><div class=\"wp-block-themeisle-blocks-accordion-item__content\">\n<p>O ponto de encontro fica perto da principal esta\u00e7\u00e3o de \u00f4nibus em Bled, no endere\u00e7o &#8220;Cesta svobode 1, 4260 Bled&#8221;. Os participantes devem estar no ponto de encontro pelo menos 15 minutos antes do hor\u00e1rio agendado para o passeio. Estacionamento para os participantes n\u00e3o \u00e9 fornecido.<\/p>\n<\/div><\/details>\n\n\n\n<details class=\"wp-block-themeisle-blocks-accordion-item\"><summary class=\"wp-block-themeisle-blocks-accordion-item__title\"><div>Onde posso estacionar?<\/div><\/summary><div class=\"wp-block-themeisle-blocks-accordion-item__content\">\n<p>Encontrar um espa\u00e7o de estacionamento gratuito em Bled pode ser especialmente dif\u00edcil durante os meses de ver\u00e3o, por isso sugerimos que saia de casa com tempo suficiente e estacione o seu carro em um dos estacionamentos que ficam a aproximadamente 10 minutos a p\u00e9.<\/p>\n\n\n\n<ul class=\"wp-block-list\">\n<li>Estacionamento ao lado da escola prim\u00e1ria: P15 &#8211; Osnovna \u0161ola, Endere\u00e7o: Parkiri\u0161\u010de Seli\u0161e 2<\/li>\n\n\n\n<li>Estacionamento na Infrastruktura: P11 &#8211; Blejski grad, Endere\u00e7o: Re\u010di\u0161ka cesta 2<\/li>\n\n\n\n<li>Estacionamento ao lado da pista de gelo: P04 &#8211; Ledena dvorana, Endere\u00e7o: Ljubljanska cesta 5<\/li>\n\n\n\n<li>Estacionamento Bled, Endere\u00e7o: Pre\u0161ernova cesta 23<\/li>\n<\/ul>\n\n\n\n<p>Todos os estacionamentos em Bled s\u00e3o pagos.<\/p>\n<\/div><\/details>\n\n\n\n<details class=\"wp-block-themeisle-blocks-accordion-item\"><summary class=\"wp-block-themeisle-blocks-accordion-item__title\"><div>O que est\u00e1 inclu\u00eddo no passeio?<\/div><\/summary><div class=\"wp-block-themeisle-blocks-accordion-item__content\">\n<p>Na Zipline Dolinka, nosso objetivo \u00e9 proporcionar uma experi\u00eancia emocionante, por\u00e9m segura. O pacote do passeio inclui o transporte do ponto de encontro designado at\u00e9 o ponto de partida da Zipline e de volta. Fornecemos todo o equipamento de seguran\u00e7a necess\u00e1rio, incluindo capacete, arn\u00eas de seguran\u00e7a, roldana e luvas de prote\u00e7\u00e3o. Voc\u00ea receber\u00e1 esse equipamento em nosso escrit\u00f3rio, localizado no ponto de encontro.<\/p>\n\n\n\n<p>Garantimos os mais altos padr\u00f5es de seguran\u00e7a ao usar equipamentos de prote\u00e7\u00e3o fabricados pela PETZL, uma renomada fabricante no setor de equipamentos de seguran\u00e7a ao ar livre. Todo o equipamento que fornecemos \u00e9 certificado de acordo com as normas de seguran\u00e7a europeias, garantindo assim que voc\u00ea tenha uma aventura de zipline segura e agrad\u00e1vel. Sua seguran\u00e7a \u00e9 nossa maior prioridade e tomamos todas as medidas necess\u00e1rias para garantir uma experi\u00eancia segura.<\/p>\n<\/div><\/details>\n\n\n\n<details class=\"wp-block-themeisle-blocks-accordion-item\"><summary class=\"wp-block-themeisle-blocks-accordion-item__title\"><div>O que eu preciso trazer?<\/div><\/summary><div class=\"wp-block-themeisle-blocks-accordion-item__content\">\n<p>Para a sua seguran\u00e7a e conforto durante a experi\u00eancia Zipline Dolinka, \u00e9 essencial trazer o equipamento adequado. Por favor, certifique-se de estar usando cal\u00e7ados de caminhada ou t\u00eanis esportivos resistentes. Infelizmente, por quest\u00f5es de seguran\u00e7a, n\u00e3o podemos permitir chinelos ou sand\u00e1lias. Recomendamos o uso de roupas adequadas para as condi\u00e7\u00f5es clim\u00e1ticas do dia e que permitam movimenta\u00e7\u00e3o confort\u00e1vel, normalmente roupas esportivas ou de atividades ao ar livre. Tamb\u00e9m \u00e9 recomendado trazer uma mochila com uma garrafa de \u00e1gua para se manter hidratado durante a atividade. Lembre-se de que o seu conforto e seguran\u00e7a s\u00e3o essenciais para n\u00f3s, e essas orienta\u00e7\u00f5es ajudam a garantir uma aventura positiva e emocionante.<\/p>\n<\/div><\/details>\n\n\n\n<details class=\"wp-block-themeisle-blocks-accordion-item\"><summary class=\"wp-block-themeisle-blocks-accordion-item__title\"><div>Quanto tempo dura o passeio na Zipline Dolinka?<\/div><\/summary><div class=\"wp-block-themeisle-blocks-accordion-item__content\">\n<p>Espere reservar entre 2 a 3 horas para toda a aventura na Zipline Dolinka. A dura\u00e7\u00e3o pode variar dependendo do tamanho do grupo e do ritmo. Fique tranquilo, nosso objetivo \u00e9 proporcionar uma experi\u00eancia agrad\u00e1vel e memor\u00e1vel sem pressa desnecess\u00e1ria. Estamos aqui para apreciar a beleza da natureza e compartilhar a emo\u00e7\u00e3o do ziplining em um ritmo que se adapte a todos no grupo.<\/p>\n<\/div><\/details>\n\n\n\n<details class=\"wp-block-themeisle-blocks-accordion-item\"><summary class=\"wp-block-themeisle-blocks-accordion-item__title\"><div>O passeio na Zipline Dolinka acontece em qualquer condi\u00e7\u00e3o clim\u00e1tica?<\/div><\/summary><div class=\"wp-block-themeisle-blocks-accordion-item__content\">\n<p>A Zipline Dolinka \u00e9 uma atividade ao ar livre e, como tal, o clima pode afetar significativamente a experi\u00eancia. Recomendamos que os participantes se vistam adequadamente para o clima, escolhendo roupas e cal\u00e7ados adequados e confort\u00e1veis. Em caso de condi\u00e7\u00f5es clim\u00e1ticas severas, como tempestades, por raz\u00f5es de seguran\u00e7a, podemos precisar adiar ou cancelar o passeio. Sua seguran\u00e7a \u00e9 nossa maior prioridade, e garantiremos comunicar quaisquer mudan\u00e7as o mais r\u00e1pido poss\u00edvel.<\/p>\n<\/div><\/details>\n\n\n\n<details class=\"wp-block-themeisle-blocks-accordion-item\"><summary class=\"wp-block-themeisle-blocks-accordion-item__title\"><div>Quais s\u00e3o os requisitos de sa\u00fade que devo atender para participar do passeio na Zipline Dolinka?<\/div><\/summary><div class=\"wp-block-themeisle-blocks-accordion-item__content\">\n<p>Sua seguran\u00e7a e bem-estar s\u00e3o nossa m\u00e1xima preocupa\u00e7\u00e3o na Zipline Dolinka. Portanto, recomendamos que os seguintes indiv\u00edduos evitem participar do passeio de zipline:<\/p>\n\n\n\n<ul class=\"wp-block-list\">\n<li>Mulheres gr\u00e1vidas: O zipline pode envolver movimentos e solavancos repentinos que podem n\u00e3o ser adequados para mulheres gr\u00e1vidas.<\/li>\n\n\n\n<li>Indiv\u00edduos com problemas card\u00edacos: A atividade pode ser fisicamente exigente e pode elevar a frequ\u00eancia card\u00edaca.<\/li>\n\n\n\n<li>Aqueles com les\u00f5es na coluna, ombros ou membros: O zipline requer um bom n\u00edvel de aptid\u00e3o f\u00edsica e pode causar tens\u00e3o nessas \u00e1reas.<\/li>\n\n\n\n<li>Pessoas com alergias graves ou diabetes: Se voc\u00ea optar por participar, recomendamos que traga seus medicamentos prescritos.<\/li>\n\n\n\n<li>Indiv\u00edduos incertos sobre sua condi\u00e7\u00e3o m\u00e9dica: Se tiver alguma d\u00favida, recomendamos que consulte seu m\u00e9dico antes de participar de um passeio de zipline.<\/li>\n\n\n\n<li>Pessoas sob efeito de drogas ou \u00e1lcool: Por raz\u00f5es \u00f3bvias de seguran\u00e7a, esses indiv\u00edduos n\u00e3o ser\u00e3o autorizados a participar do passeio.<\/li>\n\n\n\n<li>O zipline n\u00e3o \u00e9 adequado para pessoas com certas defici\u00eancias ou transtornos, como aquelas que s\u00e3o cegas, surdas ou t\u00eam transtorno do espectro autista. Isso se deve \u00e0 natureza da atividade, aos requisitos de seguran\u00e7a e \u00e0s necessidades de comunica\u00e7\u00e3o durante o passeio.<\/li>\n<\/ul>\n\n\n\n<p>Lembre-se, a seguran\u00e7a \u00e9 nossa principal prioridade, e essas diretrizes est\u00e3o em vigor para garantir que todos tenham uma experi\u00eancia segura e agrad\u00e1vel.<\/p>\n<\/div><\/details>\n\n\n\n<details class=\"wp-block-themeisle-blocks-accordion-item\"><summary class=\"wp-block-themeisle-blocks-accordion-item__title\"><div>Quais s\u00e3o as restri\u00e7\u00f5es de idade e outras para participa\u00e7\u00e3o?<\/div><\/summary><div class=\"wp-block-themeisle-blocks-accordion-item__content\">\n<p>Libere o esp\u00edrito aventureiro do seu filho em nossa Experi\u00eancia de Zipline! Jovens aventureiros entre 6 e 12 anos podem desfrutar de um emocionante passeio de zipline com seguran\u00e7a, indo em dupla com nossos guias especializados. Para crian\u00e7as com mais de 12 anos e pesando mais de 45 kg (100 libras), a independ\u00eancia para conquistar o zipline sozinhas as aguarda. Por favor, observe que crian\u00e7as com menos de 15 anos precisam estar acompanhadas de pelo menos um dos pais para garantir sua seguran\u00e7a e divers\u00e3o.<\/p>\n\n\n\n<p>Adolescentes entre 15 e 18 anos podem fazer o zipline sozinhos, desde que forne\u00e7am o consentimento por escrito de seus pais. A seguran\u00e7a e felicidade do seu filho s\u00e3o nossa prioridade!<\/p>\n\n\n\n<p>Para adultos, acomodamos um peso m\u00e1ximo de at\u00e9 120 kg (286 libras), com considera\u00e7\u00f5es tamb\u00e9m feitas para o ajuste do nosso equipamento de seguran\u00e7a padr\u00e3o. Pedimos a todos os participantes que avaliem seu n\u00edvel de aptid\u00e3o para lidar com esse passeio repleto de adrenalina.<\/p>\n<\/div><\/details>\n\n\n\n<details class=\"wp-block-themeisle-blocks-accordion-item\"><summary class=\"wp-block-themeisle-blocks-accordion-item__title\"><div>\u00c9 necess\u00e1rio algum conhecimento pr\u00e9vio antes de participar do passeio na Zipline Dolinka?<\/div><\/summary><div class=\"wp-block-themeisle-blocks-accordion-item__content\">\n<p>Experimente a emo\u00e7\u00e3o do passeio na Zipline Dolinka, mesmo se voc\u00ea for um iniciante! Voc\u00ea n\u00e3o precisa de nenhuma experi\u00eancia anterior em ziplining, apenas um pouco de esp\u00edrito aventureiro e forma f\u00edsica b\u00e1sica. Nossa jornada o levar\u00e1 por belos campos e encantadoras trilhas na floresta, com caminhadas breves e gerenci\u00e1veis, incluindo algumas subidas suaves. \u00c9 mais do que apenas um passeio de zipline &#8211; \u00e9 uma lufada de ar fresco ao ar livre, envolta em uma alegre dose de aventura. Portanto, venha conosco e deixe a beleza natural de Dolinka ser o seu parque de divers\u00f5es!<\/p>\n<\/div><\/details>\n\n\n\n<details class=\"wp-block-themeisle-blocks-accordion-item\"><summary class=\"wp-block-themeisle-blocks-accordion-item__title\"><div>Quando ocorrem os passeios da Zipline Dolinka?<\/div><\/summary><div class=\"wp-block-themeisle-blocks-accordion-item__content\">\n<p>Prepare-se para uma aventura que se encaixa em sua agenda! Nossos emocionantes passeios de zipline acontecem todos os dias, oferecendo flexibilidade para o seu passeio perfeito. Dependendo da esta\u00e7\u00e3o, temos uma ou mais viagens por dia, ent\u00e3o sempre h\u00e1 uma oportunidade para participar da divers\u00e3o. Para encontrar a data perfeita, basta clicar no bot\u00e3o &#8220;Reservar&#8221; para explorar nossa disponibilidade.<\/p>\n<\/div><\/details>\n\n\n\n<details class=\"wp-block-themeisle-blocks-accordion-item\"><summary class=\"wp-block-themeisle-blocks-accordion-item__title\"><div>\u00c9 necess\u00e1rio reservar o passeio na Zipline Dolinka?<\/div><\/summary><div class=\"wp-block-themeisle-blocks-accordion-item__content\">\n<p>Absolutamente! Recomendamos fortemente fazer uma reserva com anteced\u00eancia para garantir seu lugar em nossos emocionantes passeios de zipline. Limitamos o n\u00famero de participantes para garantir a seguran\u00e7a e o aproveitamento de todos, o que significa que as vagas podem se esgotar rapidamente, especialmente durante os movimentados meses de ver\u00e3o.<\/p>\n\n\n\n<p>Fazendo a reserva antecipada, voc\u00ea garantir\u00e1 que n\u00e3o perder\u00e1 a divers\u00e3o devido a uma agenda lotada. Embora fa\u00e7amos o poss\u00edvel para acomodar reservas de \u00faltima hora, n\u00e3o podemos garantir disponibilidade nesses casos. Ent\u00e3o, n\u00e3o espere! Garanta sua aventura reservando com anteced\u00eancia e assegure seu lugar na emo\u00e7\u00e3o do passeio na Zipline Dolinka!<\/p>\n<\/div><\/details>\n\n\n\n<details class=\"wp-block-themeisle-blocks-accordion-item\"><summary class=\"wp-block-themeisle-blocks-accordion-item__title\"><div>Posso levar uma c\u00e2mera de v\u00eddeo ou fotogr\u00e1fica?<\/div><\/summary><div class=\"wp-block-themeisle-blocks-accordion-item__content\">\n<p>N\u00e3o perca a oportunidade de capturar momentos incr\u00edveis da sua aventura de zipline! Voc\u00ea \u00e9 muito bem-vindo(a) a trazer sua c\u00e2mera. Se voc\u00ea quiser filmar durante as emocionantes descidas, certifique-se de que sua c\u00e2mera esteja firmemente presa para evitar qualquer acidente. Para outros dispositivos, por favor, certifique-se de que eles estejam seguramente guardados em sua mochila. Prepare-se para registrar mem\u00f3rias emocionantes da sua experi\u00eancia na Zipline Dolinka!<\/p>\n<\/div><\/details>\n\n\n\n<details class=\"wp-block-themeisle-blocks-accordion-item\"><summary class=\"wp-block-themeisle-blocks-accordion-item__title\"><div>O que devo fazer se eu tiver medo de altura?<\/div><\/summary><div class=\"wp-block-themeisle-blocks-accordion-item__content\">\n<p>Nervoso(a)? N\u00e3o se preocupe! Nossas experi\u00eancias comprovaram que mesmo os participantes que inicialmente estavam apreensivos acabaram relaxando e desfrutando plenamente ap\u00f3s as primeiras descidas. N\u00e3o h\u00e1 nada como a satisfa\u00e7\u00e3o de superar seus medos!<\/p>\n\n\n\n<p>No entanto, se por algum motivo voc\u00ea decidir n\u00e3o prosseguir com as descidas, tenha a certeza de que nosso motorista ir\u00e1 lev\u00e1-lo(a) em seguran\u00e7a de volta ao ponto de encontro. Nesses casos, oferecemos um reembolso completo, garantindo sua tranquilidade. Mas estamos confiantes de que nossos guias habilidosos e de apoio garantir\u00e3o seu conforto e seguran\u00e7a durante toda a experi\u00eancia. Eles estar\u00e3o com voc\u00ea em cada etapa do caminho. \u00c9 bem prov\u00e1vel que, uma vez que voc\u00ea comece, n\u00e3o queira voltar atr\u00e1s! Embarque nesta aventura e voc\u00ea pode se surpreender.<\/p>\n<\/div><\/details>\n<\/div>\n\n\n\n<div style=\"height:100px\" aria-hidden=\"true\" class=\"wp-block-spacer\"><\/div>\n","protected":false},"excerpt":{"rendered":"","protected":false},"author":1,"featured_media":0,"parent":0,"menu_order":7,"comment_status":"closed","ping_status":"closed","template":"","meta":{"neve_meta_sidebar":"","neve_meta_container":"","neve_meta_enable_content_width":"","neve_meta_content_width":0,"neve_meta_title_alignment":"","neve_meta_author_avatar":"","neve_post_elements_order":"","neve_meta_disable_header":"","neve_meta_disable_footer":"","neve_meta_disable_title":"","_themeisle_gutenberg_block_has_review":false,"footnotes":""},"class_list":["post-4236","page","type-page","status-publish","hentry"],"yoast_head":"<!-- This site is optimized with the Yoast SEO plugin v27.0 - https:\/\/yoast.com\/product\/yoast-seo-wordpress\/ -->\n<title>FAQ - Zipline Dolinka<\/title>\n<meta name=\"robots\" content=\"index, follow, max-snippet:-1, max-image-preview:large, max-video-preview:-1\" \/>\n<link rel=\"canonical\" href=\"https:\/\/zipline-dolinka.si\/pt-pt\/perguntas-frequentes\/\" \/>\n<meta property=\"og:locale\" content=\"pt_PT\" \/>\n<meta property=\"og:type\" content=\"article\" \/>\n<meta property=\"og:title\" content=\"FAQ - Zipline Dolinka\" \/>\n<meta property=\"og:url\" content=\"https:\/\/zipline-dolinka.si\/pt-pt\/perguntas-frequentes\/\" \/>\n<meta property=\"og:site_name\" content=\"Zipline Dolinka\" \/>\n<meta property=\"article:publisher\" content=\"https:\/\/www.facebook.com\/ZiplineDolinka\/\" \/>\n<meta property=\"article:modified_time\" content=\"2023-07-19T14:13:19+00:00\" \/>\n<meta name=\"twitter:card\" content=\"summary_large_image\" \/>\n<meta name=\"twitter:label1\" content=\"Tempo estimado de leitura\" \/>\n\t<meta name=\"twitter:data1\" content=\"8 minutos\" \/>\n<script type=\"application\/ld+json\" class=\"yoast-schema-graph\">{\"@context\":\"https:\/\/schema.org\",\"@graph\":[{\"@type\":\"WebPage\",\"@id\":\"https:\/\/zipline-dolinka.si\/pt-pt\/perguntas-frequentes\/\",\"url\":\"https:\/\/zipline-dolinka.si\/pt-pt\/perguntas-frequentes\/\",\"name\":\"FAQ - Zipline Dolinka\",\"isPartOf\":{\"@id\":\"https:\/\/zipline-dolinka.si\/pt-pt\/#website\"},\"datePublished\":\"2022-06-15T18:27:14+00:00\",\"dateModified\":\"2023-07-19T14:13:19+00:00\",\"breadcrumb\":{\"@id\":\"https:\/\/zipline-dolinka.si\/pt-pt\/perguntas-frequentes\/#breadcrumb\"},\"inLanguage\":\"pt-PT\",\"potentialAction\":[{\"@type\":\"ReadAction\",\"target\":[\"https:\/\/zipline-dolinka.si\/pt-pt\/perguntas-frequentes\/\"]}]},{\"@type\":\"BreadcrumbList\",\"@id\":\"https:\/\/zipline-dolinka.si\/pt-pt\/perguntas-frequentes\/#breadcrumb\",\"itemListElement\":[{\"@type\":\"ListItem\",\"position\":1,\"name\":\"P\u00e1gina inicial\",\"item\":\"https:\/\/zipline-dolinka.si\/pt-pt\/\"},{\"@type\":\"ListItem\",\"position\":2,\"name\":\"FAQ\"}]},{\"@type\":\"WebSite\",\"@id\":\"https:\/\/zipline-dolinka.si\/pt-pt\/#website\",\"url\":\"https:\/\/zipline-dolinka.si\/pt-pt\/\",\"name\":\"Zipline Dolinka\",\"description\":\"The Longest Zipline in Europe\",\"publisher\":{\"@id\":\"https:\/\/zipline-dolinka.si\/pt-pt\/#organization\"},\"potentialAction\":[{\"@type\":\"SearchAction\",\"target\":{\"@type\":\"EntryPoint\",\"urlTemplate\":\"https:\/\/zipline-dolinka.si\/pt-pt\/?s={search_term_string}\"},\"query-input\":{\"@type\":\"PropertyValueSpecification\",\"valueRequired\":true,\"valueName\":\"search_term_string\"}}],\"inLanguage\":\"pt-PT\"},{\"@type\":\"Organization\",\"@id\":\"https:\/\/zipline-dolinka.si\/pt-pt\/#organization\",\"name\":\"Zipline Dolinka Bled\",\"url\":\"https:\/\/zipline-dolinka.si\/pt-pt\/\",\"logo\":{\"@type\":\"ImageObject\",\"inLanguage\":\"pt-PT\",\"@id\":\"https:\/\/zipline-dolinka.si\/pt-pt\/#\/schema\/logo\/image\/\",\"url\":\"https:\/\/zipline-dolinka.si\/wp-content\/uploads\/2022\/05\/cropped-ziplinedolonka-favicon.png\",\"contentUrl\":\"https:\/\/zipline-dolinka.si\/wp-content\/uploads\/2022\/05\/cropped-ziplinedolonka-favicon.png\",\"width\":512,\"height\":512,\"caption\":\"Zipline Dolinka Bled\"},\"image\":{\"@id\":\"https:\/\/zipline-dolinka.si\/pt-pt\/#\/schema\/logo\/image\/\"},\"sameAs\":[\"https:\/\/www.facebook.com\/ZiplineDolinka\/\",\"https:\/\/www.tripadvisor.com\/Attraction_Review-g274863-d14139627-Reviews-Zipline_Dolinka-Bled_Upper_Carniola_Region.html\"]}]}<\/script>\n<!-- \/ Yoast SEO plugin. -->","yoast_head_json":{"title":"FAQ - Zipline Dolinka","robots":{"index":"index","follow":"follow","max-snippet":"max-snippet:-1","max-image-preview":"max-image-preview:large","max-video-preview":"max-video-preview:-1"},"canonical":"https:\/\/zipline-dolinka.si\/pt-pt\/perguntas-frequentes\/","og_locale":"pt_PT","og_type":"article","og_title":"FAQ - Zipline Dolinka","og_url":"https:\/\/zipline-dolinka.si\/pt-pt\/perguntas-frequentes\/","og_site_name":"Zipline Dolinka","article_publisher":"https:\/\/www.facebook.com\/ZiplineDolinka\/","article_modified_time":"2023-07-19T14:13:19+00:00","twitter_card":"summary_large_image","twitter_misc":{"Tempo estimado de leitura":"8 minutos"},"schema":{"@context":"https:\/\/schema.org","@graph":[{"@type":"WebPage","@id":"https:\/\/zipline-dolinka.si\/pt-pt\/perguntas-frequentes\/","url":"https:\/\/zipline-dolinka.si\/pt-pt\/perguntas-frequentes\/","name":"FAQ - Zipline Dolinka","isPartOf":{"@id":"https:\/\/zipline-dolinka.si\/pt-pt\/#website"},"datePublished":"2022-06-15T18:27:14+00:00","dateModified":"2023-07-19T14:13:19+00:00","breadcrumb":{"@id":"https:\/\/zipline-dolinka.si\/pt-pt\/perguntas-frequentes\/#breadcrumb"},"inLanguage":"pt-PT","potentialAction":[{"@type":"ReadAction","target":["https:\/\/zipline-dolinka.si\/pt-pt\/perguntas-frequentes\/"]}]},{"@type":"BreadcrumbList","@id":"https:\/\/zipline-dolinka.si\/pt-pt\/perguntas-frequentes\/#breadcrumb","itemListElement":[{"@type":"ListItem","position":1,"name":"P\u00e1gina inicial","item":"https:\/\/zipline-dolinka.si\/pt-pt\/"},{"@type":"ListItem","position":2,"name":"FAQ"}]},{"@type":"WebSite","@id":"https:\/\/zipline-dolinka.si\/pt-pt\/#website","url":"https:\/\/zipline-dolinka.si\/pt-pt\/","name":"Zipline Dolinka","description":"The Longest Zipline in Europe","publisher":{"@id":"https:\/\/zipline-dolinka.si\/pt-pt\/#organization"},"potentialAction":[{"@type":"SearchAction","target":{"@type":"EntryPoint","urlTemplate":"https:\/\/zipline-dolinka.si\/pt-pt\/?s={search_term_string}"},"query-input":{"@type":"PropertyValueSpecification","valueRequired":true,"valueName":"search_term_string"}}],"inLanguage":"pt-PT"},{"@type":"Organization","@id":"https:\/\/zipline-dolinka.si\/pt-pt\/#organization","name":"Zipline Dolinka Bled","url":"https:\/\/zipline-dolinka.si\/pt-pt\/","logo":{"@type":"ImageObject","inLanguage":"pt-PT","@id":"https:\/\/zipline-dolinka.si\/pt-pt\/#\/schema\/logo\/image\/","url":"https:\/\/zipline-dolinka.si\/wp-content\/uploads\/2022\/05\/cropped-ziplinedolonka-favicon.png","contentUrl":"https:\/\/zipline-dolinka.si\/wp-content\/uploads\/2022\/05\/cropped-ziplinedolonka-favicon.png","width":512,"height":512,"caption":"Zipline Dolinka Bled"},"image":{"@id":"https:\/\/zipline-dolinka.si\/pt-pt\/#\/schema\/logo\/image\/"},"sameAs":["https:\/\/www.facebook.com\/ZiplineDolinka\/","https:\/\/www.tripadvisor.com\/Attraction_Review-g274863-d14139627-Reviews-Zipline_Dolinka-Bled_Upper_Carniola_Region.html"]}]}},"_links":{"self":[{"href":"https:\/\/zipline-dolinka.si\/pt-pt\/wp-json\/wp\/v2\/pages\/4236","targetHints":{"allow":["GET"]}}],"collection":[{"href":"https:\/\/zipline-dolinka.si\/pt-pt\/wp-json\/wp\/v2\/pages"}],"about":[{"href":"https:\/\/zipline-dolinka.si\/pt-pt\/wp-json\/wp\/v2\/types\/page"}],"author":[{"embeddable":true,"href":"https:\/\/zipline-dolinka.si\/pt-pt\/wp-json\/wp\/v2\/users\/1"}],"replies":[{"embeddable":true,"href":"https:\/\/zipline-dolinka.si\/pt-pt\/wp-json\/wp\/v2\/comments?post=4236"}],"version-history":[{"count":0,"href":"https:\/\/zipline-dolinka.si\/pt-pt\/wp-json\/wp\/v2\/pages\/4236\/revisions"}],"wp:attachment":[{"href":"https:\/\/zipline-dolinka.si\/pt-pt\/wp-json\/wp\/v2\/media?parent=4236"}],"curies":[{"name":"wp","href":"https:\/\/api.w.org\/{rel}","templated":true}]}}