{"id":4234,"date":"2022-06-15T18:44:24","date_gmt":"2022-06-15T18:44:24","guid":{"rendered":"https:\/\/zipline-dolinka.si\/?page_id=4234"},"modified":"2023-08-02T05:32:11","modified_gmt":"2023-08-02T05:32:11","slug":"tour-classique-zipline-dolinka","status":"publish","type":"page","link":"https:\/\/zipline-dolinka.si\/pt-pt\/tour\/tour-classique-zipline-dolinka\/","title":{"rendered":"Tour classique Zipline Dolinka"},"content":{"rendered":"\n<div id=\"wp-block-themeisle-blocks-advanced-columns-832f3724\" class=\"wp-block-themeisle-blocks-advanced-columns has-2-columns has-desktop-equal-layout has-tablet-equal-layout has-mobile-collapsedRows-layout has-vertical-unset\"><div class=\"wp-block-themeisle-blocks-advanced-columns-overlay\"><\/div><div class=\"innerblocks-wrap\">\n<div id=\"wp-block-themeisle-blocks-advanced-column-0d8c41df\" class=\"wp-block-themeisle-blocks-advanced-column\">\n\n\n\n<script>\nga(function (tracker) {\n \/\/ Gets the client ID of the default tracker.\n var clientId = tracker.get('clientId');\n\n\n \/\/ Gets the Checkfront iframe.\n var checkfrontIframe = document.getElementById('CHECKFRONT_WIDGET_01').getElementsByTagName('iframe')[0]; \n\n\n \/\/ Sends the client ID to the window inside the destination frame, once it's loaded.\n checkfrontIframe.addEventListener(\"load\", function () {\n this.contentWindow.postMessage(clientId, 'https:\/\/zipline-dolinka.checkfront.com');\n });\n});\n<\/script>\n<\/div>\n\n\n\n<div id=\"wp-block-themeisle-blocks-advanced-column-f504d8eb\" class=\"wp-block-themeisle-blocks-advanced-column\">\n<p>Immergez-vous dans la beaut\u00e9 de la nature et le frisson de l&#8217;aventure avec notre billet classique Zipline Dolinka. Cette exp\u00e9rience soigneusement \u00e9labor\u00e9e m\u00e9lange harmonieusement les promenades en tyrolienne \u00e0 sensation avec le paysage impressionnant de la vall\u00e9e, o\u00f9 la rivi\u00e8re serpente \u00e9l\u00e9gamment \u00e0 travers des for\u00eats luxuriantes et des zones humides florissantes. Alors que vous vous d\u00e9placez dans les airs, le paysage captivant en dessous t\u00e9moigne de la beaut\u00e9 de la coexistence naturelle, inspirant souvent les invit\u00e9s \u00e0 adopter des mentalit\u00e9s plus durables.<\/p>\n\n\n\n<p>Le billet classique de Zipline Dolinka est bien plus qu&#8217;une visite en tyrolienne &#8211; c&#8217;est une exp\u00e9rience en plein air con\u00e7ue pour ravir et \u00e9clairer. Vous vous lancerez dans une promenade en tyrolienne de 4 km sur 7 tyroliennes distinctes, entrecoup\u00e9es d&#8217;un voyage \u00e9co-responsable \u00e0 travers la fascinante vall\u00e9e de la rivi\u00e8re Sava Dolinka<\/p>\n\n\n\n<p>La visite comprend \u00e9galement plusieurs arr\u00eats offrant des aper\u00e7us fascinants de la flore et de la faune locales, et pr\u00e9sentant une vue magnifique sur les sommets du mont Triglav, du Stol et du Babji Zob. L&#8217;ensemble du voyage, rempli d&#8217;excitation et de beaut\u00e9 naturelle, dure environ 2,5 heures.<\/p>\n\n\n\n<p>Exp\u00e9rimentez le frisson de la tyrolienne et la s\u00e9r\u00e9nit\u00e9 de la nature avec notre tour classique Zipline Dolinka. Votre aventure vous attend!<\/p>\n<\/div>\n<\/div><\/div>\n","protected":false},"excerpt":{"rendered":"","protected":false},"author":1,"featured_media":0,"parent":4193,"menu_order":2,"comment_status":"closed","ping_status":"closed","template":"","meta":{"neve_meta_sidebar":"","neve_meta_container":"","neve_meta_enable_content_width":"","neve_meta_content_width":0,"neve_meta_title_alignment":"","neve_meta_author_avatar":"","neve_post_elements_order":"","neve_meta_disable_header":"","neve_meta_disable_footer":"","neve_meta_disable_title":"","_themeisle_gutenberg_block_has_review":false,"footnotes":""},"class_list":["post-4234","page","type-page","status-publish","hentry"],"yoast_head":"<!-- This site is optimized with the Yoast SEO plugin v27.0 - https:\/\/yoast.com\/product\/yoast-seo-wordpress\/ -->\n<title>Tour classique Zipline Dolinka - Zipline Dolinka<\/title>\n<meta name=\"robots\" content=\"index, follow, max-snippet:-1, max-image-preview:large, max-video-preview:-1\" \/>\n<link rel=\"canonical\" href=\"https:\/\/zipline-dolinka.si\/pt-pt\/tour\/tour-classique-zipline-dolinka\/\" \/>\n<meta property=\"og:locale\" content=\"pt_PT\" \/>\n<meta property=\"og:type\" content=\"article\" \/>\n<meta property=\"og:title\" content=\"Tour classique Zipline Dolinka - Zipline Dolinka\" \/>\n<meta property=\"og:url\" content=\"https:\/\/zipline-dolinka.si\/pt-pt\/tour\/tour-classique-zipline-dolinka\/\" \/>\n<meta property=\"og:site_name\" content=\"Zipline Dolinka\" \/>\n<meta property=\"article:publisher\" content=\"https:\/\/www.facebook.com\/ZiplineDolinka\/\" \/>\n<meta property=\"article:modified_time\" content=\"2023-08-02T05:32:11+00:00\" \/>\n<meta name=\"twitter:card\" content=\"summary_large_image\" \/>\n<meta name=\"twitter:label1\" content=\"Tempo estimado de leitura\" \/>\n\t<meta name=\"twitter:data1\" content=\"1 minuto\" \/>\n<script type=\"application\/ld+json\" class=\"yoast-schema-graph\">{\"@context\":\"https:\/\/schema.org\",\"@graph\":[{\"@type\":\"WebPage\",\"@id\":\"https:\/\/zipline-dolinka.si\/pt-pt\/tour\/tour-classique-zipline-dolinka\/\",\"url\":\"https:\/\/zipline-dolinka.si\/pt-pt\/tour\/tour-classique-zipline-dolinka\/\",\"name\":\"Tour classique Zipline Dolinka - Zipline Dolinka\",\"isPartOf\":{\"@id\":\"https:\/\/zipline-dolinka.si\/pt-pt\/#website\"},\"datePublished\":\"2022-06-15T18:44:24+00:00\",\"dateModified\":\"2023-08-02T05:32:11+00:00\",\"breadcrumb\":{\"@id\":\"https:\/\/zipline-dolinka.si\/pt-pt\/tour\/tour-classique-zipline-dolinka\/#breadcrumb\"},\"inLanguage\":\"pt-PT\",\"potentialAction\":[{\"@type\":\"ReadAction\",\"target\":[\"https:\/\/zipline-dolinka.si\/pt-pt\/tour\/tour-classique-zipline-dolinka\/\"]}]},{\"@type\":\"BreadcrumbList\",\"@id\":\"https:\/\/zipline-dolinka.si\/pt-pt\/tour\/tour-classique-zipline-dolinka\/#breadcrumb\",\"itemListElement\":[{\"@type\":\"ListItem\",\"position\":1,\"name\":\"P\u00e1gina inicial\",\"item\":\"https:\/\/zipline-dolinka.si\/pt-pt\/\"},{\"@type\":\"ListItem\",\"position\":2,\"name\":\"Zipline Tours\",\"item\":\"https:\/\/zipline-dolinka.si\/pt-pt\/tour\/\"},{\"@type\":\"ListItem\",\"position\":3,\"name\":\"Tour classique Zipline Dolinka\"}]},{\"@type\":\"WebSite\",\"@id\":\"https:\/\/zipline-dolinka.si\/pt-pt\/#website\",\"url\":\"https:\/\/zipline-dolinka.si\/pt-pt\/\",\"name\":\"Zipline Dolinka\",\"description\":\"The Longest Zipline in Europe\",\"publisher\":{\"@id\":\"https:\/\/zipline-dolinka.si\/pt-pt\/#organization\"},\"potentialAction\":[{\"@type\":\"SearchAction\",\"target\":{\"@type\":\"EntryPoint\",\"urlTemplate\":\"https:\/\/zipline-dolinka.si\/pt-pt\/?s={search_term_string}\"},\"query-input\":{\"@type\":\"PropertyValueSpecification\",\"valueRequired\":true,\"valueName\":\"search_term_string\"}}],\"inLanguage\":\"pt-PT\"},{\"@type\":\"Organization\",\"@id\":\"https:\/\/zipline-dolinka.si\/pt-pt\/#organization\",\"name\":\"Zipline Dolinka Bled\",\"url\":\"https:\/\/zipline-dolinka.si\/pt-pt\/\",\"logo\":{\"@type\":\"ImageObject\",\"inLanguage\":\"pt-PT\",\"@id\":\"https:\/\/zipline-dolinka.si\/pt-pt\/#\/schema\/logo\/image\/\",\"url\":\"https:\/\/zipline-dolinka.si\/wp-content\/uploads\/2022\/05\/cropped-ziplinedolonka-favicon.png\",\"contentUrl\":\"https:\/\/zipline-dolinka.si\/wp-content\/uploads\/2022\/05\/cropped-ziplinedolonka-favicon.png\",\"width\":512,\"height\":512,\"caption\":\"Zipline Dolinka Bled\"},\"image\":{\"@id\":\"https:\/\/zipline-dolinka.si\/pt-pt\/#\/schema\/logo\/image\/\"},\"sameAs\":[\"https:\/\/www.facebook.com\/ZiplineDolinka\/\",\"https:\/\/www.tripadvisor.com\/Attraction_Review-g274863-d14139627-Reviews-Zipline_Dolinka-Bled_Upper_Carniola_Region.html\"]}]}<\/script>\n<!-- \/ Yoast SEO plugin. -->","yoast_head_json":{"title":"Tour classique Zipline Dolinka - Zipline Dolinka","robots":{"index":"index","follow":"follow","max-snippet":"max-snippet:-1","max-image-preview":"max-image-preview:large","max-video-preview":"max-video-preview:-1"},"canonical":"https:\/\/zipline-dolinka.si\/pt-pt\/tour\/tour-classique-zipline-dolinka\/","og_locale":"pt_PT","og_type":"article","og_title":"Tour classique Zipline Dolinka - Zipline Dolinka","og_url":"https:\/\/zipline-dolinka.si\/pt-pt\/tour\/tour-classique-zipline-dolinka\/","og_site_name":"Zipline Dolinka","article_publisher":"https:\/\/www.facebook.com\/ZiplineDolinka\/","article_modified_time":"2023-08-02T05:32:11+00:00","twitter_card":"summary_large_image","twitter_misc":{"Tempo estimado de leitura":"1 minuto"},"schema":{"@context":"https:\/\/schema.org","@graph":[{"@type":"WebPage","@id":"https:\/\/zipline-dolinka.si\/pt-pt\/tour\/tour-classique-zipline-dolinka\/","url":"https:\/\/zipline-dolinka.si\/pt-pt\/tour\/tour-classique-zipline-dolinka\/","name":"Tour classique Zipline Dolinka - Zipline Dolinka","isPartOf":{"@id":"https:\/\/zipline-dolinka.si\/pt-pt\/#website"},"datePublished":"2022-06-15T18:44:24+00:00","dateModified":"2023-08-02T05:32:11+00:00","breadcrumb":{"@id":"https:\/\/zipline-dolinka.si\/pt-pt\/tour\/tour-classique-zipline-dolinka\/#breadcrumb"},"inLanguage":"pt-PT","potentialAction":[{"@type":"ReadAction","target":["https:\/\/zipline-dolinka.si\/pt-pt\/tour\/tour-classique-zipline-dolinka\/"]}]},{"@type":"BreadcrumbList","@id":"https:\/\/zipline-dolinka.si\/pt-pt\/tour\/tour-classique-zipline-dolinka\/#breadcrumb","itemListElement":[{"@type":"ListItem","position":1,"name":"P\u00e1gina inicial","item":"https:\/\/zipline-dolinka.si\/pt-pt\/"},{"@type":"ListItem","position":2,"name":"Zipline Tours","item":"https:\/\/zipline-dolinka.si\/pt-pt\/tour\/"},{"@type":"ListItem","position":3,"name":"Tour classique Zipline Dolinka"}]},{"@type":"WebSite","@id":"https:\/\/zipline-dolinka.si\/pt-pt\/#website","url":"https:\/\/zipline-dolinka.si\/pt-pt\/","name":"Zipline Dolinka","description":"The Longest Zipline in Europe","publisher":{"@id":"https:\/\/zipline-dolinka.si\/pt-pt\/#organization"},"potentialAction":[{"@type":"SearchAction","target":{"@type":"EntryPoint","urlTemplate":"https:\/\/zipline-dolinka.si\/pt-pt\/?s={search_term_string}"},"query-input":{"@type":"PropertyValueSpecification","valueRequired":true,"valueName":"search_term_string"}}],"inLanguage":"pt-PT"},{"@type":"Organization","@id":"https:\/\/zipline-dolinka.si\/pt-pt\/#organization","name":"Zipline Dolinka Bled","url":"https:\/\/zipline-dolinka.si\/pt-pt\/","logo":{"@type":"ImageObject","inLanguage":"pt-PT","@id":"https:\/\/zipline-dolinka.si\/pt-pt\/#\/schema\/logo\/image\/","url":"https:\/\/zipline-dolinka.si\/wp-content\/uploads\/2022\/05\/cropped-ziplinedolonka-favicon.png","contentUrl":"https:\/\/zipline-dolinka.si\/wp-content\/uploads\/2022\/05\/cropped-ziplinedolonka-favicon.png","width":512,"height":512,"caption":"Zipline Dolinka Bled"},"image":{"@id":"https:\/\/zipline-dolinka.si\/pt-pt\/#\/schema\/logo\/image\/"},"sameAs":["https:\/\/www.facebook.com\/ZiplineDolinka\/","https:\/\/www.tripadvisor.com\/Attraction_Review-g274863-d14139627-Reviews-Zipline_Dolinka-Bled_Upper_Carniola_Region.html"]}]}},"_links":{"self":[{"href":"https:\/\/zipline-dolinka.si\/pt-pt\/wp-json\/wp\/v2\/pages\/4234","targetHints":{"allow":["GET"]}}],"collection":[{"href":"https:\/\/zipline-dolinka.si\/pt-pt\/wp-json\/wp\/v2\/pages"}],"about":[{"href":"https:\/\/zipline-dolinka.si\/pt-pt\/wp-json\/wp\/v2\/types\/page"}],"author":[{"embeddable":true,"href":"https:\/\/zipline-dolinka.si\/pt-pt\/wp-json\/wp\/v2\/users\/1"}],"replies":[{"embeddable":true,"href":"https:\/\/zipline-dolinka.si\/pt-pt\/wp-json\/wp\/v2\/comments?post=4234"}],"version-history":[{"count":0,"href":"https:\/\/zipline-dolinka.si\/pt-pt\/wp-json\/wp\/v2\/pages\/4234\/revisions"}],"up":[{"embeddable":true,"href":"https:\/\/zipline-dolinka.si\/pt-pt\/wp-json\/wp\/v2\/pages\/4193"}],"wp:attachment":[{"href":"https:\/\/zipline-dolinka.si\/pt-pt\/wp-json\/wp\/v2\/media?parent=4234"}],"curies":[{"name":"wp","href":"https:\/\/api.w.org\/{rel}","templated":true}]}}