{"id":4231,"date":"2022-06-15T18:37:46","date_gmt":"2022-06-15T18:37:46","guid":{"rendered":"https:\/\/zipline-dolinka.si\/?page_id=4231"},"modified":"2023-07-19T13:48:20","modified_gmt":"2023-07-19T13:48:20","slug":"tour-prive-zipline-dolinka","status":"publish","type":"page","link":"https:\/\/zipline-dolinka.si\/pt-pt\/tour\/tour-prive-zipline-dolinka\/","title":{"rendered":"Tour priv\u00e9 Zipline Dolinka"},"content":{"rendered":"\n<div id=\"wp-block-themeisle-blocks-advanced-columns-40d4ac3b\" class=\"wp-block-themeisle-blocks-advanced-columns has-2-columns has-desktop-equal-layout has-tablet-equal-layout has-mobile-collapsedRows-layout has-vertical-unset\"><div class=\"wp-block-themeisle-blocks-advanced-columns-overlay\"><\/div><div class=\"innerblocks-wrap\">\n<div id=\"wp-block-themeisle-blocks-advanced-column-11388c99\" class=\"wp-block-themeisle-blocks-advanced-column\">\n\n\n\n<script>\nga(function (tracker) {\n \/\/ Gets the client ID of the default tracker.\n var clientId = tracker.get('clientId');\n\n\n \/\/ Gets the Checkfront iframe.\n var checkfrontIframe = document.getElementById('CHECKFRONT_WIDGET_01').getElementsByTagName('iframe')[0]; \n\n\n \/\/ Sends the client ID to the window inside the destination frame, once it's loaded.\n checkfrontIframe.addEventListener(\"load\", function () {\n this.contentWindow.postMessage(clientId, 'https:\/\/zipline-dolinka.checkfront.com');\n });\n});\n<\/script>\n<\/div>\n\n\n\n<div id=\"wp-block-themeisle-blocks-advanced-column-31b001f5\" class=\"wp-block-themeisle-blocks-advanced-column\">\n<p>Profitez du tour \u00e9poustouflant Zipline Dolinka dans un cadre exclusif avec notre billet priv\u00e9. Parfait pour ceux qui recherchent une exp\u00e9rience plus personnelle et intime, cette option vous permet de savourer l&#8217;excitante visite en tyrolienne parmi votre propre famille ou vos amis, sans autres invit\u00e9s dans le groupe. Veuillez noter qu&#8217;un minimum de quatre participants est requis pour cette aventure priv\u00e9e.<\/p>\n\n\n\n<p>Notre mission est de proposer une exp\u00e9rience active inoubliable tout en favorisant la prise de conscience des valeurs environnementales. Nous int\u00e9grons parfaitement l&#8217;aventure palpitante avec les magnifiques environs naturels. Alors que vous vous d\u00e9placez en tyrolienne \u00e0 travers la vall\u00e9e pittoresque, avec la rivi\u00e8re serpentant \u00e0 travers les for\u00eats et les zones humides, vous serez rappel\u00e9 \u00e0 l&#8217;harmonie de la nature. Ce d\u00e9cor pittoresque inspire souvent nos invit\u00e9s \u00e0 appr\u00e9cier et \u00e0 soutenir la pens\u00e9e durable.<\/p>\n\n\n\n<p>Le voyage comprend une impressionnante gamme de sept c\u00e2bles de tyrolienne, allant de 300 m \u00e0 700 m de longueur, pour une longueur totale palpitante de 4 km. Ces tyroliennes individuelles sont reli\u00e9es par de fascinants sentiers forestiers et de champs. Tout au long du voyage, nous faisons plusieurs arr\u00eats qui permettent d&#8217;approfondir la connaissance de la flore et de la faune locales. Sans parler du fait que ces arr\u00eats offrent des vues magnifiques sur les sommets imposants du mont Triglav, du Stol et du Babji Zob.<\/p>\n\n\n\n<p>Rejoignez-nous pour ce tour priv\u00e9 Zipline Dolinka, parfait pour les aventuriers qui valorisent la vie priv\u00e9e, la beaut\u00e9 naturelle et les exp\u00e9riences palpitantes.<\/p>\n<\/div>\n<\/div><\/div>\n","protected":false},"excerpt":{"rendered":"","protected":false},"author":1,"featured_media":0,"parent":4193,"menu_order":1,"comment_status":"closed","ping_status":"closed","template":"","meta":{"neve_meta_sidebar":"","neve_meta_container":"","neve_meta_enable_content_width":"","neve_meta_content_width":0,"neve_meta_title_alignment":"","neve_meta_author_avatar":"","neve_post_elements_order":"","neve_meta_disable_header":"","neve_meta_disable_footer":"","neve_meta_disable_title":"","_themeisle_gutenberg_block_has_review":false,"footnotes":""},"class_list":["post-4231","page","type-page","status-publish","hentry"],"yoast_head":"<!-- This site is optimized with the Yoast SEO plugin v27.0 - https:\/\/yoast.com\/product\/yoast-seo-wordpress\/ -->\n<title>Tour priv\u00e9 Zipline Dolinka - Zipline Dolinka<\/title>\n<meta name=\"robots\" content=\"index, follow, max-snippet:-1, max-image-preview:large, max-video-preview:-1\" \/>\n<link rel=\"canonical\" href=\"https:\/\/zipline-dolinka.si\/pt-pt\/tour\/tour-prive-zipline-dolinka\/\" \/>\n<meta property=\"og:locale\" content=\"pt_PT\" \/>\n<meta property=\"og:type\" content=\"article\" \/>\n<meta property=\"og:title\" content=\"Tour priv\u00e9 Zipline Dolinka - Zipline Dolinka\" \/>\n<meta property=\"og:url\" content=\"https:\/\/zipline-dolinka.si\/pt-pt\/tour\/tour-prive-zipline-dolinka\/\" \/>\n<meta property=\"og:site_name\" content=\"Zipline Dolinka\" \/>\n<meta property=\"article:publisher\" content=\"https:\/\/www.facebook.com\/ZiplineDolinka\/\" \/>\n<meta property=\"article:modified_time\" content=\"2023-07-19T13:48:20+00:00\" \/>\n<meta name=\"twitter:card\" content=\"summary_large_image\" \/>\n<meta name=\"twitter:label1\" content=\"Tempo estimado de leitura\" \/>\n\t<meta name=\"twitter:data1\" content=\"1 minuto\" \/>\n<script type=\"application\/ld+json\" class=\"yoast-schema-graph\">{\"@context\":\"https:\/\/schema.org\",\"@graph\":[{\"@type\":\"WebPage\",\"@id\":\"https:\/\/zipline-dolinka.si\/pt-pt\/tour\/tour-prive-zipline-dolinka\/\",\"url\":\"https:\/\/zipline-dolinka.si\/pt-pt\/tour\/tour-prive-zipline-dolinka\/\",\"name\":\"Tour priv\u00e9 Zipline Dolinka - Zipline Dolinka\",\"isPartOf\":{\"@id\":\"https:\/\/zipline-dolinka.si\/pt-pt\/#website\"},\"datePublished\":\"2022-06-15T18:37:46+00:00\",\"dateModified\":\"2023-07-19T13:48:20+00:00\",\"breadcrumb\":{\"@id\":\"https:\/\/zipline-dolinka.si\/pt-pt\/tour\/tour-prive-zipline-dolinka\/#breadcrumb\"},\"inLanguage\":\"pt-PT\",\"potentialAction\":[{\"@type\":\"ReadAction\",\"target\":[\"https:\/\/zipline-dolinka.si\/pt-pt\/tour\/tour-prive-zipline-dolinka\/\"]}]},{\"@type\":\"BreadcrumbList\",\"@id\":\"https:\/\/zipline-dolinka.si\/pt-pt\/tour\/tour-prive-zipline-dolinka\/#breadcrumb\",\"itemListElement\":[{\"@type\":\"ListItem\",\"position\":1,\"name\":\"P\u00e1gina inicial\",\"item\":\"https:\/\/zipline-dolinka.si\/pt-pt\/\"},{\"@type\":\"ListItem\",\"position\":2,\"name\":\"Zipline Tours\",\"item\":\"https:\/\/zipline-dolinka.si\/pt-pt\/tour\/\"},{\"@type\":\"ListItem\",\"position\":3,\"name\":\"Tour priv\u00e9 Zipline Dolinka\"}]},{\"@type\":\"WebSite\",\"@id\":\"https:\/\/zipline-dolinka.si\/pt-pt\/#website\",\"url\":\"https:\/\/zipline-dolinka.si\/pt-pt\/\",\"name\":\"Zipline Dolinka\",\"description\":\"The Longest Zipline in Europe\",\"publisher\":{\"@id\":\"https:\/\/zipline-dolinka.si\/pt-pt\/#organization\"},\"potentialAction\":[{\"@type\":\"SearchAction\",\"target\":{\"@type\":\"EntryPoint\",\"urlTemplate\":\"https:\/\/zipline-dolinka.si\/pt-pt\/?s={search_term_string}\"},\"query-input\":{\"@type\":\"PropertyValueSpecification\",\"valueRequired\":true,\"valueName\":\"search_term_string\"}}],\"inLanguage\":\"pt-PT\"},{\"@type\":\"Organization\",\"@id\":\"https:\/\/zipline-dolinka.si\/pt-pt\/#organization\",\"name\":\"Zipline Dolinka Bled\",\"url\":\"https:\/\/zipline-dolinka.si\/pt-pt\/\",\"logo\":{\"@type\":\"ImageObject\",\"inLanguage\":\"pt-PT\",\"@id\":\"https:\/\/zipline-dolinka.si\/pt-pt\/#\/schema\/logo\/image\/\",\"url\":\"https:\/\/zipline-dolinka.si\/wp-content\/uploads\/2022\/05\/cropped-ziplinedolonka-favicon.png\",\"contentUrl\":\"https:\/\/zipline-dolinka.si\/wp-content\/uploads\/2022\/05\/cropped-ziplinedolonka-favicon.png\",\"width\":512,\"height\":512,\"caption\":\"Zipline Dolinka Bled\"},\"image\":{\"@id\":\"https:\/\/zipline-dolinka.si\/pt-pt\/#\/schema\/logo\/image\/\"},\"sameAs\":[\"https:\/\/www.facebook.com\/ZiplineDolinka\/\",\"https:\/\/www.tripadvisor.com\/Attraction_Review-g274863-d14139627-Reviews-Zipline_Dolinka-Bled_Upper_Carniola_Region.html\"]}]}<\/script>\n<!-- \/ Yoast SEO plugin. -->","yoast_head_json":{"title":"Tour priv\u00e9 Zipline Dolinka - Zipline Dolinka","robots":{"index":"index","follow":"follow","max-snippet":"max-snippet:-1","max-image-preview":"max-image-preview:large","max-video-preview":"max-video-preview:-1"},"canonical":"https:\/\/zipline-dolinka.si\/pt-pt\/tour\/tour-prive-zipline-dolinka\/","og_locale":"pt_PT","og_type":"article","og_title":"Tour priv\u00e9 Zipline Dolinka - Zipline Dolinka","og_url":"https:\/\/zipline-dolinka.si\/pt-pt\/tour\/tour-prive-zipline-dolinka\/","og_site_name":"Zipline Dolinka","article_publisher":"https:\/\/www.facebook.com\/ZiplineDolinka\/","article_modified_time":"2023-07-19T13:48:20+00:00","twitter_card":"summary_large_image","twitter_misc":{"Tempo estimado de leitura":"1 minuto"},"schema":{"@context":"https:\/\/schema.org","@graph":[{"@type":"WebPage","@id":"https:\/\/zipline-dolinka.si\/pt-pt\/tour\/tour-prive-zipline-dolinka\/","url":"https:\/\/zipline-dolinka.si\/pt-pt\/tour\/tour-prive-zipline-dolinka\/","name":"Tour priv\u00e9 Zipline Dolinka - Zipline Dolinka","isPartOf":{"@id":"https:\/\/zipline-dolinka.si\/pt-pt\/#website"},"datePublished":"2022-06-15T18:37:46+00:00","dateModified":"2023-07-19T13:48:20+00:00","breadcrumb":{"@id":"https:\/\/zipline-dolinka.si\/pt-pt\/tour\/tour-prive-zipline-dolinka\/#breadcrumb"},"inLanguage":"pt-PT","potentialAction":[{"@type":"ReadAction","target":["https:\/\/zipline-dolinka.si\/pt-pt\/tour\/tour-prive-zipline-dolinka\/"]}]},{"@type":"BreadcrumbList","@id":"https:\/\/zipline-dolinka.si\/pt-pt\/tour\/tour-prive-zipline-dolinka\/#breadcrumb","itemListElement":[{"@type":"ListItem","position":1,"name":"P\u00e1gina inicial","item":"https:\/\/zipline-dolinka.si\/pt-pt\/"},{"@type":"ListItem","position":2,"name":"Zipline Tours","item":"https:\/\/zipline-dolinka.si\/pt-pt\/tour\/"},{"@type":"ListItem","position":3,"name":"Tour priv\u00e9 Zipline Dolinka"}]},{"@type":"WebSite","@id":"https:\/\/zipline-dolinka.si\/pt-pt\/#website","url":"https:\/\/zipline-dolinka.si\/pt-pt\/","name":"Zipline Dolinka","description":"The Longest Zipline in Europe","publisher":{"@id":"https:\/\/zipline-dolinka.si\/pt-pt\/#organization"},"potentialAction":[{"@type":"SearchAction","target":{"@type":"EntryPoint","urlTemplate":"https:\/\/zipline-dolinka.si\/pt-pt\/?s={search_term_string}"},"query-input":{"@type":"PropertyValueSpecification","valueRequired":true,"valueName":"search_term_string"}}],"inLanguage":"pt-PT"},{"@type":"Organization","@id":"https:\/\/zipline-dolinka.si\/pt-pt\/#organization","name":"Zipline Dolinka Bled","url":"https:\/\/zipline-dolinka.si\/pt-pt\/","logo":{"@type":"ImageObject","inLanguage":"pt-PT","@id":"https:\/\/zipline-dolinka.si\/pt-pt\/#\/schema\/logo\/image\/","url":"https:\/\/zipline-dolinka.si\/wp-content\/uploads\/2022\/05\/cropped-ziplinedolonka-favicon.png","contentUrl":"https:\/\/zipline-dolinka.si\/wp-content\/uploads\/2022\/05\/cropped-ziplinedolonka-favicon.png","width":512,"height":512,"caption":"Zipline Dolinka Bled"},"image":{"@id":"https:\/\/zipline-dolinka.si\/pt-pt\/#\/schema\/logo\/image\/"},"sameAs":["https:\/\/www.facebook.com\/ZiplineDolinka\/","https:\/\/www.tripadvisor.com\/Attraction_Review-g274863-d14139627-Reviews-Zipline_Dolinka-Bled_Upper_Carniola_Region.html"]}]}},"_links":{"self":[{"href":"https:\/\/zipline-dolinka.si\/pt-pt\/wp-json\/wp\/v2\/pages\/4231","targetHints":{"allow":["GET"]}}],"collection":[{"href":"https:\/\/zipline-dolinka.si\/pt-pt\/wp-json\/wp\/v2\/pages"}],"about":[{"href":"https:\/\/zipline-dolinka.si\/pt-pt\/wp-json\/wp\/v2\/types\/page"}],"author":[{"embeddable":true,"href":"https:\/\/zipline-dolinka.si\/pt-pt\/wp-json\/wp\/v2\/users\/1"}],"replies":[{"embeddable":true,"href":"https:\/\/zipline-dolinka.si\/pt-pt\/wp-json\/wp\/v2\/comments?post=4231"}],"version-history":[{"count":0,"href":"https:\/\/zipline-dolinka.si\/pt-pt\/wp-json\/wp\/v2\/pages\/4231\/revisions"}],"up":[{"embeddable":true,"href":"https:\/\/zipline-dolinka.si\/pt-pt\/wp-json\/wp\/v2\/pages\/4193"}],"wp:attachment":[{"href":"https:\/\/zipline-dolinka.si\/pt-pt\/wp-json\/wp\/v2\/media?parent=4231"}],"curies":[{"name":"wp","href":"https:\/\/api.w.org\/{rel}","templated":true}]}}