{"id":4327,"date":"2023-07-31T06:33:35","date_gmt":"2023-07-31T06:33:35","guid":{"rendered":"https:\/\/zipline-dolinka.si\/?page_id=4327"},"modified":"2023-07-31T07:26:59","modified_gmt":"2023-07-31T07:26:59","slug":"wycieczka-o-zachodzie-slonca","status":"publish","type":"page","link":"https:\/\/zipline-dolinka.si\/pl\/wycieczka\/wycieczka-o-zachodzie-slonca\/","title":{"rendered":"Wycieczka o zachodzie s\u0142o\u0144ca"},"content":{"rendered":"\n<div id=\"wp-block-themeisle-blocks-advanced-columns-832f3724\" class=\"wp-block-themeisle-blocks-advanced-columns has-2-columns has-desktop-equal-layout has-tablet-equal-layout has-mobile-collapsedRows-layout has-vertical-unset\"><div class=\"wp-block-themeisle-blocks-advanced-columns-overlay\"><\/div><div class=\"innerblocks-wrap\">\n<div id=\"wp-block-themeisle-blocks-advanced-column-0d8c41df\" class=\"wp-block-themeisle-blocks-advanced-column\">\n\n\n\n<script>\nga(function (tracker) {\n \/\/ Gets the client ID of the default tracker.\n var clientId = tracker.get('clientId');\n\n\n \/\/ Gets the Checkfront iframe.\n var checkfrontIframe = document.getElementById('CHECKFRONT_WIDGET_01').getElementsByTagName('iframe')[0]; \n\n\n \/\/ Sends the client ID to the window inside the destination frame, once it's loaded.\n checkfrontIframe.addEventListener(\"load\", function () {\n this.contentWindow.postMessage(clientId, 'https:\/\/zipline-dolinka.checkfront.com');\n });\n});\n<\/script>\n<\/div>\n\n\n\n<div id=\"wp-block-themeisle-blocks-advanced-column-f504d8eb\" class=\"wp-block-themeisle-blocks-advanced-column\">\n<p>Wycieczka Zipline Dolinka o zachodzie s\u0142o\u0144ca oferuje ekscytuj\u0105c\u0105 przygod\u0119 i umo\u017cliwia podziwianie spektakularnych kolor\u00f3w zachodu s\u0142o\u0144ca, o ile pogoda na to pozwoli.<\/p>\n\n\n\n<p>Podczas podr\u00f3\u017cy b\u0119dziesz lata\u0107 nad dolinami i szczytami drzew, odkrywaj\u0105c zapieraj\u0105cy dech w piersiach widok na Dolinka, dok\u0142adnie w chwili, gdy dzie\u0144 przechodzi w zmierzch.<\/p>\n\n\n\n<p>Nasza profesjonalna infrastruktura dla lin zipline zapewnia bezpiecze\u0144stwo i zabaw\u0119, pozwalaj\u0105c ci cieszy\u0107 si\u0119 pi\u0119knem natury. W towarzystwie naszych wykwalifikowanych przewodnik\u00f3w zdob\u0119dziesz wiedz\u0119 na temat lokalnego ekosystemu, wzbogacaj\u0105c t\u0119 ekscytuj\u0105c\u0105 przygod\u0119.<\/p>\n\n\n\n<p>Na zako\u0144czenie wycieczki, je\u015bli pogoda nam dopisze, czeka na ciebie zachwycaj\u0105cy widok zachodu s\u0142o\u0144ca, kt\u00f3ry uczyni t\u0119 wieczorn\u0105 podr\u00f3\u017c pod gwiazdami niezapomnian\u0105.<\/p>\n<\/div>\n<\/div><\/div>\n","protected":false},"excerpt":{"rendered":"","protected":false},"author":1,"featured_media":4276,"parent":3144,"menu_order":2,"comment_status":"closed","ping_status":"closed","template":"","meta":{"neve_meta_sidebar":"","neve_meta_container":"","neve_meta_enable_content_width":"","neve_meta_content_width":0,"neve_meta_title_alignment":"","neve_meta_author_avatar":"","neve_post_elements_order":"","neve_meta_disable_header":"","neve_meta_disable_footer":"","neve_meta_disable_title":"","_themeisle_gutenberg_block_has_review":false,"footnotes":""},"class_list":["post-4327","page","type-page","status-publish","has-post-thumbnail","hentry"],"yoast_head":"<!-- This site is optimized with the Yoast SEO plugin v27.0 - https:\/\/yoast.com\/product\/yoast-seo-wordpress\/ -->\n<title>Wycieczka o zachodzie s\u0142o\u0144ca - Zipline Dolinka<\/title>\n<meta name=\"robots\" content=\"index, follow, max-snippet:-1, max-image-preview:large, max-video-preview:-1\" \/>\n<link rel=\"canonical\" href=\"https:\/\/zipline-dolinka.si\/pl\/wycieczka\/wycieczka-o-zachodzie-slonca\/\" \/>\n<meta property=\"og:locale\" content=\"pl_PL\" \/>\n<meta property=\"og:type\" content=\"article\" \/>\n<meta property=\"og:title\" content=\"Wycieczka o zachodzie s\u0142o\u0144ca - Zipline Dolinka\" \/>\n<meta property=\"og:url\" content=\"https:\/\/zipline-dolinka.si\/pl\/wycieczka\/wycieczka-o-zachodzie-slonca\/\" \/>\n<meta property=\"og:site_name\" content=\"Zipline Dolinka\" \/>\n<meta property=\"article:publisher\" content=\"https:\/\/www.facebook.com\/ZiplineDolinka\/\" \/>\n<meta property=\"article:modified_time\" content=\"2023-07-31T07:26:59+00:00\" \/>\n<meta property=\"og:image\" content=\"https:\/\/zipline-dolinka.si\/wp-content\/uploads\/2023\/07\/zipline9-1.png\" \/>\n\t<meta property=\"og:image:width\" content=\"593\" \/>\n\t<meta property=\"og:image:height\" content=\"593\" \/>\n\t<meta property=\"og:image:type\" content=\"image\/png\" \/>\n<meta name=\"twitter:card\" content=\"summary_large_image\" \/>\n<meta name=\"twitter:label1\" content=\"Szacowany czas czytania\" \/>\n\t<meta name=\"twitter:data1\" content=\"1 minuta\" \/>\n<script type=\"application\/ld+json\" class=\"yoast-schema-graph\">{\"@context\":\"https:\/\/schema.org\",\"@graph\":[{\"@type\":\"WebPage\",\"@id\":\"https:\/\/zipline-dolinka.si\/pl\/wycieczka\/wycieczka-o-zachodzie-slonca\/\",\"url\":\"https:\/\/zipline-dolinka.si\/pl\/wycieczka\/wycieczka-o-zachodzie-slonca\/\",\"name\":\"Wycieczka o zachodzie s\u0142o\u0144ca - Zipline Dolinka\",\"isPartOf\":{\"@id\":\"https:\/\/zipline-dolinka.si\/pl\/#website\"},\"primaryImageOfPage\":{\"@id\":\"https:\/\/zipline-dolinka.si\/pl\/wycieczka\/wycieczka-o-zachodzie-slonca\/#primaryimage\"},\"image\":{\"@id\":\"https:\/\/zipline-dolinka.si\/pl\/wycieczka\/wycieczka-o-zachodzie-slonca\/#primaryimage\"},\"thumbnailUrl\":\"https:\/\/zipline-dolinka.si\/wp-content\/uploads\/2023\/07\/zipline9-1.png\",\"datePublished\":\"2023-07-31T06:33:35+00:00\",\"dateModified\":\"2023-07-31T07:26:59+00:00\",\"breadcrumb\":{\"@id\":\"https:\/\/zipline-dolinka.si\/pl\/wycieczka\/wycieczka-o-zachodzie-slonca\/#breadcrumb\"},\"inLanguage\":\"pl-PL\",\"potentialAction\":[{\"@type\":\"ReadAction\",\"target\":[\"https:\/\/zipline-dolinka.si\/pl\/wycieczka\/wycieczka-o-zachodzie-slonca\/\"]}]},{\"@type\":\"ImageObject\",\"inLanguage\":\"pl-PL\",\"@id\":\"https:\/\/zipline-dolinka.si\/pl\/wycieczka\/wycieczka-o-zachodzie-slonca\/#primaryimage\",\"url\":\"https:\/\/zipline-dolinka.si\/wp-content\/uploads\/2023\/07\/zipline9-1.png\",\"contentUrl\":\"https:\/\/zipline-dolinka.si\/wp-content\/uploads\/2023\/07\/zipline9-1.png\",\"width\":593,\"height\":593},{\"@type\":\"BreadcrumbList\",\"@id\":\"https:\/\/zipline-dolinka.si\/pl\/wycieczka\/wycieczka-o-zachodzie-slonca\/#breadcrumb\",\"itemListElement\":[{\"@type\":\"ListItem\",\"position\":1,\"name\":\"Strona g\u0142\u00f3wna\",\"item\":\"https:\/\/zipline-dolinka.si\/pl\/\"},{\"@type\":\"ListItem\",\"position\":2,\"name\":\"Wycieczki na tyrolce\",\"item\":\"https:\/\/zipline-dolinka.si\/pl\/wycieczka\/\"},{\"@type\":\"ListItem\",\"position\":3,\"name\":\"Wycieczka o zachodzie s\u0142o\u0144ca\"}]},{\"@type\":\"WebSite\",\"@id\":\"https:\/\/zipline-dolinka.si\/pl\/#website\",\"url\":\"https:\/\/zipline-dolinka.si\/pl\/\",\"name\":\"Zipline Dolinka\",\"description\":\"The Longest Zipline in Europe\",\"publisher\":{\"@id\":\"https:\/\/zipline-dolinka.si\/pl\/#organization\"},\"potentialAction\":[{\"@type\":\"SearchAction\",\"target\":{\"@type\":\"EntryPoint\",\"urlTemplate\":\"https:\/\/zipline-dolinka.si\/pl\/?s={search_term_string}\"},\"query-input\":{\"@type\":\"PropertyValueSpecification\",\"valueRequired\":true,\"valueName\":\"search_term_string\"}}],\"inLanguage\":\"pl-PL\"},{\"@type\":\"Organization\",\"@id\":\"https:\/\/zipline-dolinka.si\/pl\/#organization\",\"name\":\"Zipline Dolinka Bled\",\"url\":\"https:\/\/zipline-dolinka.si\/pl\/\",\"logo\":{\"@type\":\"ImageObject\",\"inLanguage\":\"pl-PL\",\"@id\":\"https:\/\/zipline-dolinka.si\/pl\/#\/schema\/logo\/image\/\",\"url\":\"https:\/\/zipline-dolinka.si\/wp-content\/uploads\/2022\/05\/cropped-ziplinedolonka-favicon.png\",\"contentUrl\":\"https:\/\/zipline-dolinka.si\/wp-content\/uploads\/2022\/05\/cropped-ziplinedolonka-favicon.png\",\"width\":512,\"height\":512,\"caption\":\"Zipline Dolinka Bled\"},\"image\":{\"@id\":\"https:\/\/zipline-dolinka.si\/pl\/#\/schema\/logo\/image\/\"},\"sameAs\":[\"https:\/\/www.facebook.com\/ZiplineDolinka\/\",\"https:\/\/www.tripadvisor.com\/Attraction_Review-g274863-d14139627-Reviews-Zipline_Dolinka-Bled_Upper_Carniola_Region.html\"]}]}<\/script>\n<!-- \/ Yoast SEO plugin. -->","yoast_head_json":{"title":"Wycieczka o zachodzie s\u0142o\u0144ca - Zipline Dolinka","robots":{"index":"index","follow":"follow","max-snippet":"max-snippet:-1","max-image-preview":"max-image-preview:large","max-video-preview":"max-video-preview:-1"},"canonical":"https:\/\/zipline-dolinka.si\/pl\/wycieczka\/wycieczka-o-zachodzie-slonca\/","og_locale":"pl_PL","og_type":"article","og_title":"Wycieczka o zachodzie s\u0142o\u0144ca - Zipline Dolinka","og_url":"https:\/\/zipline-dolinka.si\/pl\/wycieczka\/wycieczka-o-zachodzie-slonca\/","og_site_name":"Zipline Dolinka","article_publisher":"https:\/\/www.facebook.com\/ZiplineDolinka\/","article_modified_time":"2023-07-31T07:26:59+00:00","og_image":[{"width":593,"height":593,"url":"https:\/\/zipline-dolinka.si\/wp-content\/uploads\/2023\/07\/zipline9-1.png","type":"image\/png"}],"twitter_card":"summary_large_image","twitter_misc":{"Szacowany czas czytania":"1 minuta"},"schema":{"@context":"https:\/\/schema.org","@graph":[{"@type":"WebPage","@id":"https:\/\/zipline-dolinka.si\/pl\/wycieczka\/wycieczka-o-zachodzie-slonca\/","url":"https:\/\/zipline-dolinka.si\/pl\/wycieczka\/wycieczka-o-zachodzie-slonca\/","name":"Wycieczka o zachodzie s\u0142o\u0144ca - Zipline Dolinka","isPartOf":{"@id":"https:\/\/zipline-dolinka.si\/pl\/#website"},"primaryImageOfPage":{"@id":"https:\/\/zipline-dolinka.si\/pl\/wycieczka\/wycieczka-o-zachodzie-slonca\/#primaryimage"},"image":{"@id":"https:\/\/zipline-dolinka.si\/pl\/wycieczka\/wycieczka-o-zachodzie-slonca\/#primaryimage"},"thumbnailUrl":"https:\/\/zipline-dolinka.si\/wp-content\/uploads\/2023\/07\/zipline9-1.png","datePublished":"2023-07-31T06:33:35+00:00","dateModified":"2023-07-31T07:26:59+00:00","breadcrumb":{"@id":"https:\/\/zipline-dolinka.si\/pl\/wycieczka\/wycieczka-o-zachodzie-slonca\/#breadcrumb"},"inLanguage":"pl-PL","potentialAction":[{"@type":"ReadAction","target":["https:\/\/zipline-dolinka.si\/pl\/wycieczka\/wycieczka-o-zachodzie-slonca\/"]}]},{"@type":"ImageObject","inLanguage":"pl-PL","@id":"https:\/\/zipline-dolinka.si\/pl\/wycieczka\/wycieczka-o-zachodzie-slonca\/#primaryimage","url":"https:\/\/zipline-dolinka.si\/wp-content\/uploads\/2023\/07\/zipline9-1.png","contentUrl":"https:\/\/zipline-dolinka.si\/wp-content\/uploads\/2023\/07\/zipline9-1.png","width":593,"height":593},{"@type":"BreadcrumbList","@id":"https:\/\/zipline-dolinka.si\/pl\/wycieczka\/wycieczka-o-zachodzie-slonca\/#breadcrumb","itemListElement":[{"@type":"ListItem","position":1,"name":"Strona g\u0142\u00f3wna","item":"https:\/\/zipline-dolinka.si\/pl\/"},{"@type":"ListItem","position":2,"name":"Wycieczki na tyrolce","item":"https:\/\/zipline-dolinka.si\/pl\/wycieczka\/"},{"@type":"ListItem","position":3,"name":"Wycieczka o zachodzie s\u0142o\u0144ca"}]},{"@type":"WebSite","@id":"https:\/\/zipline-dolinka.si\/pl\/#website","url":"https:\/\/zipline-dolinka.si\/pl\/","name":"Zipline Dolinka","description":"The Longest Zipline in Europe","publisher":{"@id":"https:\/\/zipline-dolinka.si\/pl\/#organization"},"potentialAction":[{"@type":"SearchAction","target":{"@type":"EntryPoint","urlTemplate":"https:\/\/zipline-dolinka.si\/pl\/?s={search_term_string}"},"query-input":{"@type":"PropertyValueSpecification","valueRequired":true,"valueName":"search_term_string"}}],"inLanguage":"pl-PL"},{"@type":"Organization","@id":"https:\/\/zipline-dolinka.si\/pl\/#organization","name":"Zipline Dolinka Bled","url":"https:\/\/zipline-dolinka.si\/pl\/","logo":{"@type":"ImageObject","inLanguage":"pl-PL","@id":"https:\/\/zipline-dolinka.si\/pl\/#\/schema\/logo\/image\/","url":"https:\/\/zipline-dolinka.si\/wp-content\/uploads\/2022\/05\/cropped-ziplinedolonka-favicon.png","contentUrl":"https:\/\/zipline-dolinka.si\/wp-content\/uploads\/2022\/05\/cropped-ziplinedolonka-favicon.png","width":512,"height":512,"caption":"Zipline Dolinka Bled"},"image":{"@id":"https:\/\/zipline-dolinka.si\/pl\/#\/schema\/logo\/image\/"},"sameAs":["https:\/\/www.facebook.com\/ZiplineDolinka\/","https:\/\/www.tripadvisor.com\/Attraction_Review-g274863-d14139627-Reviews-Zipline_Dolinka-Bled_Upper_Carniola_Region.html"]}]}},"_links":{"self":[{"href":"https:\/\/zipline-dolinka.si\/pl\/wp-json\/wp\/v2\/pages\/4327","targetHints":{"allow":["GET"]}}],"collection":[{"href":"https:\/\/zipline-dolinka.si\/pl\/wp-json\/wp\/v2\/pages"}],"about":[{"href":"https:\/\/zipline-dolinka.si\/pl\/wp-json\/wp\/v2\/types\/page"}],"author":[{"embeddable":true,"href":"https:\/\/zipline-dolinka.si\/pl\/wp-json\/wp\/v2\/users\/1"}],"replies":[{"embeddable":true,"href":"https:\/\/zipline-dolinka.si\/pl\/wp-json\/wp\/v2\/comments?post=4327"}],"version-history":[{"count":0,"href":"https:\/\/zipline-dolinka.si\/pl\/wp-json\/wp\/v2\/pages\/4327\/revisions"}],"up":[{"embeddable":true,"href":"https:\/\/zipline-dolinka.si\/pl\/wp-json\/wp\/v2\/pages\/3144"}],"wp:featuredmedia":[{"embeddable":true,"href":"https:\/\/zipline-dolinka.si\/pl\/wp-json\/wp\/v2\/media\/4276"}],"wp:attachment":[{"href":"https:\/\/zipline-dolinka.si\/pl\/wp-json\/wp\/v2\/media?parent=4327"}],"curies":[{"name":"wp","href":"https:\/\/api.w.org\/{rel}","templated":true}]}}