{"id":3396,"date":"2022-06-15T18:44:24","date_gmt":"2022-06-15T18:44:24","guid":{"rendered":"https:\/\/zipline-dolinka.si\/?page_id=3396"},"modified":"2023-06-30T08:05:37","modified_gmt":"2023-06-30T08:05:37","slug":"klasyczna-wycieczka-zipline-dolinka","status":"publish","type":"page","link":"https:\/\/zipline-dolinka.si\/pl\/wycieczka\/klasyczna-wycieczka-zipline-dolinka\/","title":{"rendered":"Klasyczna Wycieczka Zipline Dolinka"},"content":{"rendered":"\n<div id=\"wp-block-themeisle-blocks-advanced-columns-832f3724\" class=\"wp-block-themeisle-blocks-advanced-columns has-2-columns has-desktop-equal-layout has-tablet-equal-layout has-mobile-collapsedRows-layout has-vertical-unset\"><div class=\"wp-block-themeisle-blocks-advanced-columns-overlay\"><\/div><div class=\"innerblocks-wrap\">\n<div id=\"wp-block-themeisle-blocks-advanced-column-0d8c41df\" class=\"wp-block-themeisle-blocks-advanced-column\">\n\n\n\n<script>\nga(function (tracker) {\n \/\/ Gets the client ID of the default tracker.\n var clientId = tracker.get('clientId');\n\n\n \/\/ Gets the Checkfront iframe.\n var checkfrontIframe = document.getElementById('CHECKFRONT_WIDGET_01').getElementsByTagName('iframe')[0]; \n\n\n \/\/ Sends the client ID to the window inside the destination frame, once it's loaded.\n checkfrontIframe.addEventListener(\"load\", function () {\n this.contentWindow.postMessage(clientId, 'https:\/\/zipline-dolinka.checkfront.com');\n });\n});\n<\/script>\n<\/div>\n\n\n\n<div id=\"wp-block-themeisle-blocks-advanced-column-f504d8eb\" class=\"wp-block-themeisle-blocks-advanced-column\">\n<p>Zanurz si\u0119 w pi\u0119knie natury i emocji przygody z naszym Klasycznym Biletem na Zipline Dolinka. Ta starannie zaplanowana przygoda harmonijnie \u0142\u0105czy adrenalino-pompuj\u0105ce przeja\u017cd\u017cki na linach lotniczych z zapieraj\u0105cymi dech w piersiach widokami doliny, gdzie rzeka elegancko przemyka przez bujne lasy i t\u0119tni\u0105ce \u017cyciem mokrad\u0142a. Kiedy przemierzasz przestrze\u0144 w powietrzu, urzekaj\u0105cy krajobraz poni\u017cej jest pot\u0119\u017cnym \u015bwiadectwem pi\u0119kna naturalnej koegzystencji, cz\u0119sto inspiruj\u0105c go\u015bci do przyj\u0119cia bardziej zr\u00f3wnowa\u017conych postaw.<\/p>\n\n\n\n<p>Klasyczny Bilet na Zipline Dolinka to co\u015b wi\u0119cej ni\u017c tylko wycieczka na linach lotniczych &#8211; to outdoorowe do\u015bwiadczenie zaprojektowane, aby zafascynowa\u0107 i o\u015bwieci\u0107. Rozpoczniesz 4 km adrenaliny na 7 unikalnych linach lotniczych, przeplatanych ekologiczn\u0105 podr\u00f3\u017c\u0105 przez hipnotyzuj\u0105c\u0105 dolin\u0119 rzeki Sava Dolinka.<\/p>\n\n\n\n<p>Wycieczka obejmuje tak\u017ce kilka przystank\u00f3w dostarczaj\u0105cych fascynuj\u0105ce spostrze\u017cenia na temat lokalnej flory i fauny oraz prezentuj\u0105cych wspania\u0142y widok na szczyty Mt. Triglav, Stol i Babji Zob. Ca\u0142a wycieczka, pe\u0142na emocji i naturalnego pi\u0119kna, trwa oko\u0142o 2,5 godziny.<\/p>\n\n\n\n<p>Do\u015bwiadcz emocji zwi\u0105zanych z lini\u0105 lotnicz\u0105 i spokoju natury z nasz\u0105 Klasyczn\u0105 Wycieczk\u0105 Zipline Dolinka. Czeka na Ciebie.<\/p>\n<\/div>\n<\/div><\/div>\n","protected":false},"excerpt":{"rendered":"","protected":false},"author":1,"featured_media":0,"parent":3144,"menu_order":2,"comment_status":"closed","ping_status":"closed","template":"","meta":{"neve_meta_sidebar":"","neve_meta_container":"","neve_meta_enable_content_width":"","neve_meta_content_width":0,"neve_meta_title_alignment":"","neve_meta_author_avatar":"","neve_post_elements_order":"","neve_meta_disable_header":"","neve_meta_disable_footer":"","neve_meta_disable_title":"","_themeisle_gutenberg_block_has_review":false,"footnotes":""},"class_list":["post-3396","page","type-page","status-publish","hentry"],"yoast_head":"<!-- This site is optimized with the Yoast SEO plugin v27.0 - https:\/\/yoast.com\/product\/yoast-seo-wordpress\/ -->\n<title>Klasyczna Wycieczka Zipline Dolinka - Zipline Dolinka<\/title>\n<meta name=\"robots\" content=\"index, follow, max-snippet:-1, max-image-preview:large, max-video-preview:-1\" \/>\n<link rel=\"canonical\" href=\"https:\/\/zipline-dolinka.si\/pl\/wycieczka\/klasyczna-wycieczka-zipline-dolinka\/\" \/>\n<meta property=\"og:locale\" content=\"pl_PL\" \/>\n<meta property=\"og:type\" content=\"article\" \/>\n<meta property=\"og:title\" content=\"Klasyczna Wycieczka Zipline Dolinka - Zipline Dolinka\" \/>\n<meta property=\"og:url\" content=\"https:\/\/zipline-dolinka.si\/pl\/wycieczka\/klasyczna-wycieczka-zipline-dolinka\/\" \/>\n<meta property=\"og:site_name\" content=\"Zipline Dolinka\" \/>\n<meta property=\"article:publisher\" content=\"https:\/\/www.facebook.com\/ZiplineDolinka\/\" \/>\n<meta property=\"article:modified_time\" content=\"2023-06-30T08:05:37+00:00\" \/>\n<meta name=\"twitter:card\" content=\"summary_large_image\" \/>\n<meta name=\"twitter:label1\" content=\"Szacowany czas czytania\" \/>\n\t<meta name=\"twitter:data1\" content=\"1 minuta\" \/>\n<script type=\"application\/ld+json\" class=\"yoast-schema-graph\">{\"@context\":\"https:\/\/schema.org\",\"@graph\":[{\"@type\":\"WebPage\",\"@id\":\"https:\/\/zipline-dolinka.si\/pl\/wycieczka\/klasyczna-wycieczka-zipline-dolinka\/\",\"url\":\"https:\/\/zipline-dolinka.si\/pl\/wycieczka\/klasyczna-wycieczka-zipline-dolinka\/\",\"name\":\"Klasyczna Wycieczka Zipline Dolinka - Zipline Dolinka\",\"isPartOf\":{\"@id\":\"https:\/\/zipline-dolinka.si\/pl\/#website\"},\"datePublished\":\"2022-06-15T18:44:24+00:00\",\"dateModified\":\"2023-06-30T08:05:37+00:00\",\"breadcrumb\":{\"@id\":\"https:\/\/zipline-dolinka.si\/pl\/wycieczka\/klasyczna-wycieczka-zipline-dolinka\/#breadcrumb\"},\"inLanguage\":\"pl-PL\",\"potentialAction\":[{\"@type\":\"ReadAction\",\"target\":[\"https:\/\/zipline-dolinka.si\/pl\/wycieczka\/klasyczna-wycieczka-zipline-dolinka\/\"]}]},{\"@type\":\"BreadcrumbList\",\"@id\":\"https:\/\/zipline-dolinka.si\/pl\/wycieczka\/klasyczna-wycieczka-zipline-dolinka\/#breadcrumb\",\"itemListElement\":[{\"@type\":\"ListItem\",\"position\":1,\"name\":\"Strona g\u0142\u00f3wna\",\"item\":\"https:\/\/zipline-dolinka.si\/pl\/\"},{\"@type\":\"ListItem\",\"position\":2,\"name\":\"Wycieczki na tyrolce\",\"item\":\"https:\/\/zipline-dolinka.si\/pl\/wycieczka\/\"},{\"@type\":\"ListItem\",\"position\":3,\"name\":\"Klasyczna Wycieczka Zipline Dolinka\"}]},{\"@type\":\"WebSite\",\"@id\":\"https:\/\/zipline-dolinka.si\/pl\/#website\",\"url\":\"https:\/\/zipline-dolinka.si\/pl\/\",\"name\":\"Zipline Dolinka\",\"description\":\"The Longest Zipline in Europe\",\"publisher\":{\"@id\":\"https:\/\/zipline-dolinka.si\/pl\/#organization\"},\"potentialAction\":[{\"@type\":\"SearchAction\",\"target\":{\"@type\":\"EntryPoint\",\"urlTemplate\":\"https:\/\/zipline-dolinka.si\/pl\/?s={search_term_string}\"},\"query-input\":{\"@type\":\"PropertyValueSpecification\",\"valueRequired\":true,\"valueName\":\"search_term_string\"}}],\"inLanguage\":\"pl-PL\"},{\"@type\":\"Organization\",\"@id\":\"https:\/\/zipline-dolinka.si\/pl\/#organization\",\"name\":\"Zipline Dolinka Bled\",\"url\":\"https:\/\/zipline-dolinka.si\/pl\/\",\"logo\":{\"@type\":\"ImageObject\",\"inLanguage\":\"pl-PL\",\"@id\":\"https:\/\/zipline-dolinka.si\/pl\/#\/schema\/logo\/image\/\",\"url\":\"https:\/\/zipline-dolinka.si\/wp-content\/uploads\/2022\/05\/cropped-ziplinedolonka-favicon.png\",\"contentUrl\":\"https:\/\/zipline-dolinka.si\/wp-content\/uploads\/2022\/05\/cropped-ziplinedolonka-favicon.png\",\"width\":512,\"height\":512,\"caption\":\"Zipline Dolinka Bled\"},\"image\":{\"@id\":\"https:\/\/zipline-dolinka.si\/pl\/#\/schema\/logo\/image\/\"},\"sameAs\":[\"https:\/\/www.facebook.com\/ZiplineDolinka\/\",\"https:\/\/www.tripadvisor.com\/Attraction_Review-g274863-d14139627-Reviews-Zipline_Dolinka-Bled_Upper_Carniola_Region.html\"]}]}<\/script>\n<!-- \/ Yoast SEO plugin. -->","yoast_head_json":{"title":"Klasyczna Wycieczka Zipline Dolinka - Zipline Dolinka","robots":{"index":"index","follow":"follow","max-snippet":"max-snippet:-1","max-image-preview":"max-image-preview:large","max-video-preview":"max-video-preview:-1"},"canonical":"https:\/\/zipline-dolinka.si\/pl\/wycieczka\/klasyczna-wycieczka-zipline-dolinka\/","og_locale":"pl_PL","og_type":"article","og_title":"Klasyczna Wycieczka Zipline Dolinka - Zipline Dolinka","og_url":"https:\/\/zipline-dolinka.si\/pl\/wycieczka\/klasyczna-wycieczka-zipline-dolinka\/","og_site_name":"Zipline Dolinka","article_publisher":"https:\/\/www.facebook.com\/ZiplineDolinka\/","article_modified_time":"2023-06-30T08:05:37+00:00","twitter_card":"summary_large_image","twitter_misc":{"Szacowany czas czytania":"1 minuta"},"schema":{"@context":"https:\/\/schema.org","@graph":[{"@type":"WebPage","@id":"https:\/\/zipline-dolinka.si\/pl\/wycieczka\/klasyczna-wycieczka-zipline-dolinka\/","url":"https:\/\/zipline-dolinka.si\/pl\/wycieczka\/klasyczna-wycieczka-zipline-dolinka\/","name":"Klasyczna Wycieczka Zipline Dolinka - Zipline Dolinka","isPartOf":{"@id":"https:\/\/zipline-dolinka.si\/pl\/#website"},"datePublished":"2022-06-15T18:44:24+00:00","dateModified":"2023-06-30T08:05:37+00:00","breadcrumb":{"@id":"https:\/\/zipline-dolinka.si\/pl\/wycieczka\/klasyczna-wycieczka-zipline-dolinka\/#breadcrumb"},"inLanguage":"pl-PL","potentialAction":[{"@type":"ReadAction","target":["https:\/\/zipline-dolinka.si\/pl\/wycieczka\/klasyczna-wycieczka-zipline-dolinka\/"]}]},{"@type":"BreadcrumbList","@id":"https:\/\/zipline-dolinka.si\/pl\/wycieczka\/klasyczna-wycieczka-zipline-dolinka\/#breadcrumb","itemListElement":[{"@type":"ListItem","position":1,"name":"Strona g\u0142\u00f3wna","item":"https:\/\/zipline-dolinka.si\/pl\/"},{"@type":"ListItem","position":2,"name":"Wycieczki na tyrolce","item":"https:\/\/zipline-dolinka.si\/pl\/wycieczka\/"},{"@type":"ListItem","position":3,"name":"Klasyczna Wycieczka Zipline Dolinka"}]},{"@type":"WebSite","@id":"https:\/\/zipline-dolinka.si\/pl\/#website","url":"https:\/\/zipline-dolinka.si\/pl\/","name":"Zipline Dolinka","description":"The Longest Zipline in Europe","publisher":{"@id":"https:\/\/zipline-dolinka.si\/pl\/#organization"},"potentialAction":[{"@type":"SearchAction","target":{"@type":"EntryPoint","urlTemplate":"https:\/\/zipline-dolinka.si\/pl\/?s={search_term_string}"},"query-input":{"@type":"PropertyValueSpecification","valueRequired":true,"valueName":"search_term_string"}}],"inLanguage":"pl-PL"},{"@type":"Organization","@id":"https:\/\/zipline-dolinka.si\/pl\/#organization","name":"Zipline Dolinka Bled","url":"https:\/\/zipline-dolinka.si\/pl\/","logo":{"@type":"ImageObject","inLanguage":"pl-PL","@id":"https:\/\/zipline-dolinka.si\/pl\/#\/schema\/logo\/image\/","url":"https:\/\/zipline-dolinka.si\/wp-content\/uploads\/2022\/05\/cropped-ziplinedolonka-favicon.png","contentUrl":"https:\/\/zipline-dolinka.si\/wp-content\/uploads\/2022\/05\/cropped-ziplinedolonka-favicon.png","width":512,"height":512,"caption":"Zipline Dolinka Bled"},"image":{"@id":"https:\/\/zipline-dolinka.si\/pl\/#\/schema\/logo\/image\/"},"sameAs":["https:\/\/www.facebook.com\/ZiplineDolinka\/","https:\/\/www.tripadvisor.com\/Attraction_Review-g274863-d14139627-Reviews-Zipline_Dolinka-Bled_Upper_Carniola_Region.html"]}]}},"_links":{"self":[{"href":"https:\/\/zipline-dolinka.si\/pl\/wp-json\/wp\/v2\/pages\/3396","targetHints":{"allow":["GET"]}}],"collection":[{"href":"https:\/\/zipline-dolinka.si\/pl\/wp-json\/wp\/v2\/pages"}],"about":[{"href":"https:\/\/zipline-dolinka.si\/pl\/wp-json\/wp\/v2\/types\/page"}],"author":[{"embeddable":true,"href":"https:\/\/zipline-dolinka.si\/pl\/wp-json\/wp\/v2\/users\/1"}],"replies":[{"embeddable":true,"href":"https:\/\/zipline-dolinka.si\/pl\/wp-json\/wp\/v2\/comments?post=3396"}],"version-history":[{"count":0,"href":"https:\/\/zipline-dolinka.si\/pl\/wp-json\/wp\/v2\/pages\/3396\/revisions"}],"up":[{"embeddable":true,"href":"https:\/\/zipline-dolinka.si\/pl\/wp-json\/wp\/v2\/pages\/3144"}],"wp:attachment":[{"href":"https:\/\/zipline-dolinka.si\/pl\/wp-json\/wp\/v2\/media?parent=3396"}],"curies":[{"name":"wp","href":"https:\/\/api.w.org\/{rel}","templated":true}]}}