{"id":3394,"date":"2022-06-15T18:37:46","date_gmt":"2022-06-15T18:37:46","guid":{"rendered":"https:\/\/zipline-dolinka.si\/?page_id=3394"},"modified":"2023-06-30T08:02:59","modified_gmt":"2023-06-30T08:02:59","slug":"prywatna-wycieczka-zipline-dolinka","status":"publish","type":"page","link":"https:\/\/zipline-dolinka.si\/pl\/wycieczka\/prywatna-wycieczka-zipline-dolinka\/","title":{"rendered":"Prywatna Wycieczka Zipline Dolinka"},"content":{"rendered":"\n<div id=\"wp-block-themeisle-blocks-advanced-columns-40d4ac3b\" class=\"wp-block-themeisle-blocks-advanced-columns has-2-columns has-desktop-equal-layout has-tablet-equal-layout has-mobile-collapsedRows-layout has-vertical-unset\"><div class=\"wp-block-themeisle-blocks-advanced-columns-overlay\"><\/div><div class=\"innerblocks-wrap\">\n<div id=\"wp-block-themeisle-blocks-advanced-column-11388c99\" class=\"wp-block-themeisle-blocks-advanced-column\">\n\n\n\n<script>\nga(function (tracker) {\n \/\/ Gets the client ID of the default tracker.\n var clientId = tracker.get('clientId');\n\n\n \/\/ Gets the Checkfront iframe.\n var checkfrontIframe = document.getElementById('CHECKFRONT_WIDGET_01').getElementsByTagName('iframe')[0]; \n\n\n \/\/ Sends the client ID to the window inside the destination frame, once it's loaded.\n checkfrontIframe.addEventListener(\"load\", function () {\n this.contentWindow.postMessage(clientId, 'https:\/\/zipline-dolinka.checkfront.com');\n });\n});\n<\/script>\n<\/div>\n\n\n\n<div id=\"wp-block-themeisle-blocks-advanced-column-31b001f5\" class=\"wp-block-themeisle-blocks-advanced-column\">\n<p>Ciesz si\u0119 zapieraj\u0105cym dech w piersiach Zipline Dolinka w ekskluzywnych warunkach z naszym prywatnym biletem. Idealna dla tych, kt\u00f3rzy szukaj\u0105 bardziej osobistego i intymnego do\u015bwiadczenia, ta opcja pozwala cieszy\u0107 si\u0119 ekscytuj\u0105c\u0105 wycieczk\u0105 na linie lotnicze w gronie swojej rodziny lub przyjaci\u00f3\u0142, bez innych go\u015bci w grupie. Zauwa\u017c, \u017ce dla tej prywatnej przygody wymagane jest minimum czterech uczestnik\u00f3w.<\/p>\n\n\n\n<p>Nasz\u0105 misj\u0105 jest oferowanie niezapomnianych, aktywnych do\u015bwiadcze\u0144, jednocze\u015bnie promuj\u0105c \u015bwiadomo\u015b\u0107 warto\u015bci \u015brodowiskowych. Doskonale \u0142\u0105czymy ekscytuj\u0105c\u0105 przygod\u0119 z pi\u0119knymi naturalnymi okoliczno\u015bciami. Kiedy przemierzasz malownicz\u0105 dolin\u0119, z rzek\u0105 meandruj\u0105c\u0105 przez lasy i mokrad\u0142a, przypomnisz sobie o harmonii natury. Ten malowniczy krajobraz cz\u0119sto inspiruje naszych go\u015bci do docenienia i popierania my\u015blenia zr\u00f3wnowa\u017conego.<\/p>\n\n\n\n<p>Podr\u00f3\u017c obejmuje imponuj\u0105cy sk\u0142ad siedmiu lin lotniczych, o d\u0142ugo\u015bciach od 300 m do 700 m, co daje \u0142\u0105czn\u0105 d\u0142ugo\u015b\u0107 pe\u0142n\u0105 emocji &#8211; 4 km. Te poszczeg\u00f3lne linie lotnicze s\u0105 po\u0142\u0105czone fascynuj\u0105cymi le\u015bnymi i polnymi \u015bcie\u017ckami. W trakcie wyprawy robimy kilka przystank\u00f3w, kt\u00f3re pozwalaj\u0105 na g\u0142\u0119bsze zrozumienie lokalnej flory i fauny. Nie wspominaj\u0105c o tym, \u017ce te przystanki oferuj\u0105 wspania\u0142e widoki na g\u00f3ruj\u0105ce szczyty Mt. Triglav, Stol i Babji Zob.<\/p>\n\n\n\n<p>Do\u0142\u0105cz do nas na tej Prywatnej Wycieczce Zipline Dolinka, idealnej dla poszukiwaczy przyg\u00f3d ceni\u0105cych prywatno\u015b\u0107, naturalne pi\u0119kno i ekscytuj\u0105ce do\u015bwiadczenia.<\/p>\n<\/div>\n<\/div><\/div>\n","protected":false},"excerpt":{"rendered":"","protected":false},"author":1,"featured_media":0,"parent":3144,"menu_order":1,"comment_status":"closed","ping_status":"closed","template":"","meta":{"neve_meta_sidebar":"","neve_meta_container":"","neve_meta_enable_content_width":"","neve_meta_content_width":0,"neve_meta_title_alignment":"","neve_meta_author_avatar":"","neve_post_elements_order":"","neve_meta_disable_header":"","neve_meta_disable_footer":"","neve_meta_disable_title":"","_themeisle_gutenberg_block_has_review":false,"footnotes":""},"class_list":["post-3394","page","type-page","status-publish","hentry"],"yoast_head":"<!-- This site is optimized with the Yoast SEO plugin v27.0 - https:\/\/yoast.com\/product\/yoast-seo-wordpress\/ -->\n<title>Prywatna Wycieczka Zipline Dolinka - Zipline Dolinka<\/title>\n<meta name=\"robots\" content=\"index, follow, max-snippet:-1, max-image-preview:large, max-video-preview:-1\" \/>\n<link rel=\"canonical\" href=\"https:\/\/zipline-dolinka.si\/pl\/wycieczka\/prywatna-wycieczka-zipline-dolinka\/\" \/>\n<meta property=\"og:locale\" content=\"pl_PL\" \/>\n<meta property=\"og:type\" content=\"article\" \/>\n<meta property=\"og:title\" content=\"Prywatna Wycieczka Zipline Dolinka - Zipline Dolinka\" \/>\n<meta property=\"og:url\" content=\"https:\/\/zipline-dolinka.si\/pl\/wycieczka\/prywatna-wycieczka-zipline-dolinka\/\" \/>\n<meta property=\"og:site_name\" content=\"Zipline Dolinka\" \/>\n<meta property=\"article:publisher\" content=\"https:\/\/www.facebook.com\/ZiplineDolinka\/\" \/>\n<meta property=\"article:modified_time\" content=\"2023-06-30T08:02:59+00:00\" \/>\n<meta name=\"twitter:card\" content=\"summary_large_image\" \/>\n<meta name=\"twitter:label1\" content=\"Szacowany czas czytania\" \/>\n\t<meta name=\"twitter:data1\" content=\"1 minuta\" \/>\n<script type=\"application\/ld+json\" class=\"yoast-schema-graph\">{\"@context\":\"https:\/\/schema.org\",\"@graph\":[{\"@type\":\"WebPage\",\"@id\":\"https:\/\/zipline-dolinka.si\/pl\/wycieczka\/prywatna-wycieczka-zipline-dolinka\/\",\"url\":\"https:\/\/zipline-dolinka.si\/pl\/wycieczka\/prywatna-wycieczka-zipline-dolinka\/\",\"name\":\"Prywatna Wycieczka Zipline Dolinka - Zipline Dolinka\",\"isPartOf\":{\"@id\":\"https:\/\/zipline-dolinka.si\/pl\/#website\"},\"datePublished\":\"2022-06-15T18:37:46+00:00\",\"dateModified\":\"2023-06-30T08:02:59+00:00\",\"breadcrumb\":{\"@id\":\"https:\/\/zipline-dolinka.si\/pl\/wycieczka\/prywatna-wycieczka-zipline-dolinka\/#breadcrumb\"},\"inLanguage\":\"pl-PL\",\"potentialAction\":[{\"@type\":\"ReadAction\",\"target\":[\"https:\/\/zipline-dolinka.si\/pl\/wycieczka\/prywatna-wycieczka-zipline-dolinka\/\"]}]},{\"@type\":\"BreadcrumbList\",\"@id\":\"https:\/\/zipline-dolinka.si\/pl\/wycieczka\/prywatna-wycieczka-zipline-dolinka\/#breadcrumb\",\"itemListElement\":[{\"@type\":\"ListItem\",\"position\":1,\"name\":\"Strona g\u0142\u00f3wna\",\"item\":\"https:\/\/zipline-dolinka.si\/pl\/\"},{\"@type\":\"ListItem\",\"position\":2,\"name\":\"Wycieczki na tyrolce\",\"item\":\"https:\/\/zipline-dolinka.si\/pl\/wycieczka\/\"},{\"@type\":\"ListItem\",\"position\":3,\"name\":\"Prywatna Wycieczka Zipline Dolinka\"}]},{\"@type\":\"WebSite\",\"@id\":\"https:\/\/zipline-dolinka.si\/pl\/#website\",\"url\":\"https:\/\/zipline-dolinka.si\/pl\/\",\"name\":\"Zipline Dolinka\",\"description\":\"The Longest Zipline in Europe\",\"publisher\":{\"@id\":\"https:\/\/zipline-dolinka.si\/pl\/#organization\"},\"potentialAction\":[{\"@type\":\"SearchAction\",\"target\":{\"@type\":\"EntryPoint\",\"urlTemplate\":\"https:\/\/zipline-dolinka.si\/pl\/?s={search_term_string}\"},\"query-input\":{\"@type\":\"PropertyValueSpecification\",\"valueRequired\":true,\"valueName\":\"search_term_string\"}}],\"inLanguage\":\"pl-PL\"},{\"@type\":\"Organization\",\"@id\":\"https:\/\/zipline-dolinka.si\/pl\/#organization\",\"name\":\"Zipline Dolinka Bled\",\"url\":\"https:\/\/zipline-dolinka.si\/pl\/\",\"logo\":{\"@type\":\"ImageObject\",\"inLanguage\":\"pl-PL\",\"@id\":\"https:\/\/zipline-dolinka.si\/pl\/#\/schema\/logo\/image\/\",\"url\":\"https:\/\/zipline-dolinka.si\/wp-content\/uploads\/2022\/05\/cropped-ziplinedolonka-favicon.png\",\"contentUrl\":\"https:\/\/zipline-dolinka.si\/wp-content\/uploads\/2022\/05\/cropped-ziplinedolonka-favicon.png\",\"width\":512,\"height\":512,\"caption\":\"Zipline Dolinka Bled\"},\"image\":{\"@id\":\"https:\/\/zipline-dolinka.si\/pl\/#\/schema\/logo\/image\/\"},\"sameAs\":[\"https:\/\/www.facebook.com\/ZiplineDolinka\/\",\"https:\/\/www.tripadvisor.com\/Attraction_Review-g274863-d14139627-Reviews-Zipline_Dolinka-Bled_Upper_Carniola_Region.html\"]}]}<\/script>\n<!-- \/ Yoast SEO plugin. -->","yoast_head_json":{"title":"Prywatna Wycieczka Zipline Dolinka - Zipline Dolinka","robots":{"index":"index","follow":"follow","max-snippet":"max-snippet:-1","max-image-preview":"max-image-preview:large","max-video-preview":"max-video-preview:-1"},"canonical":"https:\/\/zipline-dolinka.si\/pl\/wycieczka\/prywatna-wycieczka-zipline-dolinka\/","og_locale":"pl_PL","og_type":"article","og_title":"Prywatna Wycieczka Zipline Dolinka - Zipline Dolinka","og_url":"https:\/\/zipline-dolinka.si\/pl\/wycieczka\/prywatna-wycieczka-zipline-dolinka\/","og_site_name":"Zipline Dolinka","article_publisher":"https:\/\/www.facebook.com\/ZiplineDolinka\/","article_modified_time":"2023-06-30T08:02:59+00:00","twitter_card":"summary_large_image","twitter_misc":{"Szacowany czas czytania":"1 minuta"},"schema":{"@context":"https:\/\/schema.org","@graph":[{"@type":"WebPage","@id":"https:\/\/zipline-dolinka.si\/pl\/wycieczka\/prywatna-wycieczka-zipline-dolinka\/","url":"https:\/\/zipline-dolinka.si\/pl\/wycieczka\/prywatna-wycieczka-zipline-dolinka\/","name":"Prywatna Wycieczka Zipline Dolinka - Zipline Dolinka","isPartOf":{"@id":"https:\/\/zipline-dolinka.si\/pl\/#website"},"datePublished":"2022-06-15T18:37:46+00:00","dateModified":"2023-06-30T08:02:59+00:00","breadcrumb":{"@id":"https:\/\/zipline-dolinka.si\/pl\/wycieczka\/prywatna-wycieczka-zipline-dolinka\/#breadcrumb"},"inLanguage":"pl-PL","potentialAction":[{"@type":"ReadAction","target":["https:\/\/zipline-dolinka.si\/pl\/wycieczka\/prywatna-wycieczka-zipline-dolinka\/"]}]},{"@type":"BreadcrumbList","@id":"https:\/\/zipline-dolinka.si\/pl\/wycieczka\/prywatna-wycieczka-zipline-dolinka\/#breadcrumb","itemListElement":[{"@type":"ListItem","position":1,"name":"Strona g\u0142\u00f3wna","item":"https:\/\/zipline-dolinka.si\/pl\/"},{"@type":"ListItem","position":2,"name":"Wycieczki na tyrolce","item":"https:\/\/zipline-dolinka.si\/pl\/wycieczka\/"},{"@type":"ListItem","position":3,"name":"Prywatna Wycieczka Zipline Dolinka"}]},{"@type":"WebSite","@id":"https:\/\/zipline-dolinka.si\/pl\/#website","url":"https:\/\/zipline-dolinka.si\/pl\/","name":"Zipline Dolinka","description":"The Longest Zipline in Europe","publisher":{"@id":"https:\/\/zipline-dolinka.si\/pl\/#organization"},"potentialAction":[{"@type":"SearchAction","target":{"@type":"EntryPoint","urlTemplate":"https:\/\/zipline-dolinka.si\/pl\/?s={search_term_string}"},"query-input":{"@type":"PropertyValueSpecification","valueRequired":true,"valueName":"search_term_string"}}],"inLanguage":"pl-PL"},{"@type":"Organization","@id":"https:\/\/zipline-dolinka.si\/pl\/#organization","name":"Zipline Dolinka Bled","url":"https:\/\/zipline-dolinka.si\/pl\/","logo":{"@type":"ImageObject","inLanguage":"pl-PL","@id":"https:\/\/zipline-dolinka.si\/pl\/#\/schema\/logo\/image\/","url":"https:\/\/zipline-dolinka.si\/wp-content\/uploads\/2022\/05\/cropped-ziplinedolonka-favicon.png","contentUrl":"https:\/\/zipline-dolinka.si\/wp-content\/uploads\/2022\/05\/cropped-ziplinedolonka-favicon.png","width":512,"height":512,"caption":"Zipline Dolinka Bled"},"image":{"@id":"https:\/\/zipline-dolinka.si\/pl\/#\/schema\/logo\/image\/"},"sameAs":["https:\/\/www.facebook.com\/ZiplineDolinka\/","https:\/\/www.tripadvisor.com\/Attraction_Review-g274863-d14139627-Reviews-Zipline_Dolinka-Bled_Upper_Carniola_Region.html"]}]}},"_links":{"self":[{"href":"https:\/\/zipline-dolinka.si\/pl\/wp-json\/wp\/v2\/pages\/3394","targetHints":{"allow":["GET"]}}],"collection":[{"href":"https:\/\/zipline-dolinka.si\/pl\/wp-json\/wp\/v2\/pages"}],"about":[{"href":"https:\/\/zipline-dolinka.si\/pl\/wp-json\/wp\/v2\/types\/page"}],"author":[{"embeddable":true,"href":"https:\/\/zipline-dolinka.si\/pl\/wp-json\/wp\/v2\/users\/1"}],"replies":[{"embeddable":true,"href":"https:\/\/zipline-dolinka.si\/pl\/wp-json\/wp\/v2\/comments?post=3394"}],"version-history":[{"count":0,"href":"https:\/\/zipline-dolinka.si\/pl\/wp-json\/wp\/v2\/pages\/3394\/revisions"}],"up":[{"embeddable":true,"href":"https:\/\/zipline-dolinka.si\/pl\/wp-json\/wp\/v2\/pages\/3144"}],"wp:attachment":[{"href":"https:\/\/zipline-dolinka.si\/pl\/wp-json\/wp\/v2\/media?parent=3394"}],"curies":[{"name":"wp","href":"https:\/\/api.w.org\/{rel}","templated":true}]}}