{"id":3392,"date":"2022-06-15T18:45:14","date_gmt":"2022-06-15T18:45:14","guid":{"rendered":"https:\/\/zipline-dolinka.si\/?page_id=3392"},"modified":"2023-06-30T08:00:08","modified_gmt":"2023-06-30T08:00:08","slug":"rodzinna-wycieczka-zipline-dolinka","status":"publish","type":"page","link":"https:\/\/zipline-dolinka.si\/pl\/wycieczka\/rodzinna-wycieczka-zipline-dolinka\/","title":{"rendered":"Rodzinna Wycieczka Zipline Dolinka"},"content":{"rendered":"\n<p><\/p>\n\n\n\n<div id=\"wp-block-themeisle-blocks-advanced-columns-1b153f13\" class=\"wp-block-themeisle-blocks-advanced-columns has-2-columns has-desktop-equal-layout has-tablet-equal-layout has-mobile-collapsedRows-layout has-vertical-unset\"><div class=\"wp-block-themeisle-blocks-advanced-columns-overlay\"><\/div><div class=\"innerblocks-wrap\">\n<div id=\"wp-block-themeisle-blocks-advanced-column-5110ee37\" class=\"wp-block-themeisle-blocks-advanced-column\">\n\n\n\n<script>\nga(function (tracker) {\n \/\/ Gets the client ID of the default tracker.\n var clientId = tracker.get('clientId');\n\n\n \/\/ Gets the Checkfront iframe.\n var checkfrontIframe = document.getElementById('CHECKFRONT_WIDGET_01').getElementsByTagName('iframe')[0]; \n\n\n \/\/ Sends the client ID to the window inside the destination frame, once it's loaded.\n checkfrontIframe.addEventListener(\"load\", function () {\n this.contentWindow.postMessage(clientId, 'https:\/\/zipline-dolinka.checkfront.com');\n });\n});\n<\/script>\n<\/div>\n\n\n\n<div id=\"wp-block-themeisle-blocks-advanced-column-5c1dcf60\" class=\"wp-block-themeisle-blocks-advanced-column\">\n<p>Rozbud\u017a poczucie przygody swojej rodziny z naszym Rodzinnym Biletem na Zipline Dolinka! Zaprojektowany tak, aby zachwyci\u0107 zar\u00f3wno dzieci (powy\u017cej 6 lat), jak i doros\u0142ych, ta rodzinna aktywno\u015b\u0107 stanowi idealne po\u0142\u0105czenie emocji i wi\u0119zi. Planowanie rodzinnych wakacji, kt\u00f3re przyci\u0105gn\u0105 wszystkie grupy wiekowe, mo\u017ce by\u0107 wyzwaniem, ale nasza przygoda na linach lotniczych z \u0142atwo\u015bci\u0105 pokonuje t\u0119 przepa\u015b\u0107. Wyobra\u017a sobie, jak unosisz si\u0119 w niebie jak ptak, odkrywaj\u0105c dzik\u0105 przyrod\u0119 w jej naturalnym alpejskim siedlisku &#8211; do\u015bwiadczenie niepor\u00f3wnywalne z \u017cadnym innym. Niezale\u017cnie od tego, czy jest to pierwsza przygoda Twojej rodziny na linach lotniczych, czy jeste\u015bcie do\u015bwiadczonymi poszukiwaczami emocji, jeste\u015bmy przekonani, \u017ce pokochacie unikaln\u0105, ekscytuj\u0105c\u0105 podr\u00f3\u017c, kt\u00f3r\u0105 dla Was przygotowali\u015bmy. Spotkaj r\u00f3\u017cnorodne dzikie zwierz\u0119ta, podziwiaj pi\u0119kn\u0105 rzek\u0119 i drzewa oraz ciesz si\u0119 zapieraj\u0105cymi dech w piersiach widokami naturalnego krajobrazu &#8211; to dawka adrenaliny, kt\u00f3rej \u017cadna inna aktywno\u015b\u0107 nie mo\u017ce dor\u00f3wna\u0107<\/p>\n\n\n\n<p>Bilet Rodzinny obejmuje ekscytuj\u0105c\u0105, 4 km podr\u00f3\u017c na siedmiu r\u00f3\u017cnych liniach lotniczych, ka\u017cda o d\u0142ugo\u015bci od 300 m do 700 m. Przemierzysz interesuj\u0105ce le\u015bne i polne \u015bcie\u017cki, \u0142\u0105cz\u0105ce poszczeg\u00f3lne linie lotnicze. W drodze zrobimy kilka przystank\u00f3w, dostarczaj\u0105c fascynuj\u0105cych spostrze\u017ce\u0144 na temat lokalnej flory i fauny, i umo\u017cliwiaj\u0105c spektakularne widoki na szczyty Mt. Triglav, Stol i Babji Zob. Przyjd\u017a, stw\u00f3rz niezapomniane wspomnienia i podziel si\u0119 trwa\u0142ymi historiami z nasz\u0105 Rodzinn\u0105 Wycieczk\u0105 Zipline Dolinka. <\/p>\n\n\n\n<p>Do\u015bwiadcz emocji, kt\u00f3re z resonuj\u0105 z ca\u0142\u0105 rodzin\u0105, tworz\u0105c przygod\u0119 do zapami\u0119tania na ca\u0142e \u017cycie!<\/p>\n<\/div>\n<\/div><\/div>\n","protected":false},"excerpt":{"rendered":"","protected":false},"author":1,"featured_media":0,"parent":3144,"menu_order":1,"comment_status":"closed","ping_status":"closed","template":"","meta":{"neve_meta_sidebar":"","neve_meta_container":"","neve_meta_enable_content_width":"","neve_meta_content_width":0,"neve_meta_title_alignment":"","neve_meta_author_avatar":"","neve_post_elements_order":"","neve_meta_disable_header":"","neve_meta_disable_footer":"","neve_meta_disable_title":"","_themeisle_gutenberg_block_has_review":false,"footnotes":""},"class_list":["post-3392","page","type-page","status-publish","hentry"],"yoast_head":"<!-- This site is optimized with the Yoast SEO plugin v27.0 - https:\/\/yoast.com\/product\/yoast-seo-wordpress\/ -->\n<title>Rodzinna Wycieczka Zipline Dolinka - Zipline Dolinka<\/title>\n<meta name=\"robots\" content=\"index, follow, max-snippet:-1, max-image-preview:large, max-video-preview:-1\" \/>\n<link rel=\"canonical\" href=\"https:\/\/zipline-dolinka.si\/pl\/wycieczka\/rodzinna-wycieczka-zipline-dolinka\/\" \/>\n<meta property=\"og:locale\" content=\"pl_PL\" \/>\n<meta property=\"og:type\" content=\"article\" \/>\n<meta property=\"og:title\" content=\"Rodzinna Wycieczka Zipline Dolinka - Zipline Dolinka\" \/>\n<meta property=\"og:url\" content=\"https:\/\/zipline-dolinka.si\/pl\/wycieczka\/rodzinna-wycieczka-zipline-dolinka\/\" \/>\n<meta property=\"og:site_name\" content=\"Zipline Dolinka\" \/>\n<meta property=\"article:publisher\" content=\"https:\/\/www.facebook.com\/ZiplineDolinka\/\" \/>\n<meta property=\"article:modified_time\" content=\"2023-06-30T08:00:08+00:00\" \/>\n<meta name=\"twitter:card\" content=\"summary_large_image\" \/>\n<meta name=\"twitter:label1\" content=\"Szacowany czas czytania\" \/>\n\t<meta name=\"twitter:data1\" content=\"1 minuta\" \/>\n<script type=\"application\/ld+json\" class=\"yoast-schema-graph\">{\"@context\":\"https:\/\/schema.org\",\"@graph\":[{\"@type\":\"WebPage\",\"@id\":\"https:\/\/zipline-dolinka.si\/pl\/wycieczka\/rodzinna-wycieczka-zipline-dolinka\/\",\"url\":\"https:\/\/zipline-dolinka.si\/pl\/wycieczka\/rodzinna-wycieczka-zipline-dolinka\/\",\"name\":\"Rodzinna Wycieczka Zipline Dolinka - Zipline Dolinka\",\"isPartOf\":{\"@id\":\"https:\/\/zipline-dolinka.si\/pl\/#website\"},\"datePublished\":\"2022-06-15T18:45:14+00:00\",\"dateModified\":\"2023-06-30T08:00:08+00:00\",\"breadcrumb\":{\"@id\":\"https:\/\/zipline-dolinka.si\/pl\/wycieczka\/rodzinna-wycieczka-zipline-dolinka\/#breadcrumb\"},\"inLanguage\":\"pl-PL\",\"potentialAction\":[{\"@type\":\"ReadAction\",\"target\":[\"https:\/\/zipline-dolinka.si\/pl\/wycieczka\/rodzinna-wycieczka-zipline-dolinka\/\"]}]},{\"@type\":\"BreadcrumbList\",\"@id\":\"https:\/\/zipline-dolinka.si\/pl\/wycieczka\/rodzinna-wycieczka-zipline-dolinka\/#breadcrumb\",\"itemListElement\":[{\"@type\":\"ListItem\",\"position\":1,\"name\":\"Strona g\u0142\u00f3wna\",\"item\":\"https:\/\/zipline-dolinka.si\/pl\/\"},{\"@type\":\"ListItem\",\"position\":2,\"name\":\"Wycieczki na tyrolce\",\"item\":\"https:\/\/zipline-dolinka.si\/pl\/wycieczka\/\"},{\"@type\":\"ListItem\",\"position\":3,\"name\":\"Rodzinna Wycieczka Zipline Dolinka\"}]},{\"@type\":\"WebSite\",\"@id\":\"https:\/\/zipline-dolinka.si\/pl\/#website\",\"url\":\"https:\/\/zipline-dolinka.si\/pl\/\",\"name\":\"Zipline Dolinka\",\"description\":\"The Longest Zipline in Europe\",\"publisher\":{\"@id\":\"https:\/\/zipline-dolinka.si\/pl\/#organization\"},\"potentialAction\":[{\"@type\":\"SearchAction\",\"target\":{\"@type\":\"EntryPoint\",\"urlTemplate\":\"https:\/\/zipline-dolinka.si\/pl\/?s={search_term_string}\"},\"query-input\":{\"@type\":\"PropertyValueSpecification\",\"valueRequired\":true,\"valueName\":\"search_term_string\"}}],\"inLanguage\":\"pl-PL\"},{\"@type\":\"Organization\",\"@id\":\"https:\/\/zipline-dolinka.si\/pl\/#organization\",\"name\":\"Zipline Dolinka Bled\",\"url\":\"https:\/\/zipline-dolinka.si\/pl\/\",\"logo\":{\"@type\":\"ImageObject\",\"inLanguage\":\"pl-PL\",\"@id\":\"https:\/\/zipline-dolinka.si\/pl\/#\/schema\/logo\/image\/\",\"url\":\"https:\/\/zipline-dolinka.si\/wp-content\/uploads\/2022\/05\/cropped-ziplinedolonka-favicon.png\",\"contentUrl\":\"https:\/\/zipline-dolinka.si\/wp-content\/uploads\/2022\/05\/cropped-ziplinedolonka-favicon.png\",\"width\":512,\"height\":512,\"caption\":\"Zipline Dolinka Bled\"},\"image\":{\"@id\":\"https:\/\/zipline-dolinka.si\/pl\/#\/schema\/logo\/image\/\"},\"sameAs\":[\"https:\/\/www.facebook.com\/ZiplineDolinka\/\",\"https:\/\/www.tripadvisor.com\/Attraction_Review-g274863-d14139627-Reviews-Zipline_Dolinka-Bled_Upper_Carniola_Region.html\"]}]}<\/script>\n<!-- \/ Yoast SEO plugin. -->","yoast_head_json":{"title":"Rodzinna Wycieczka Zipline Dolinka - Zipline Dolinka","robots":{"index":"index","follow":"follow","max-snippet":"max-snippet:-1","max-image-preview":"max-image-preview:large","max-video-preview":"max-video-preview:-1"},"canonical":"https:\/\/zipline-dolinka.si\/pl\/wycieczka\/rodzinna-wycieczka-zipline-dolinka\/","og_locale":"pl_PL","og_type":"article","og_title":"Rodzinna Wycieczka Zipline Dolinka - Zipline Dolinka","og_url":"https:\/\/zipline-dolinka.si\/pl\/wycieczka\/rodzinna-wycieczka-zipline-dolinka\/","og_site_name":"Zipline Dolinka","article_publisher":"https:\/\/www.facebook.com\/ZiplineDolinka\/","article_modified_time":"2023-06-30T08:00:08+00:00","twitter_card":"summary_large_image","twitter_misc":{"Szacowany czas czytania":"1 minuta"},"schema":{"@context":"https:\/\/schema.org","@graph":[{"@type":"WebPage","@id":"https:\/\/zipline-dolinka.si\/pl\/wycieczka\/rodzinna-wycieczka-zipline-dolinka\/","url":"https:\/\/zipline-dolinka.si\/pl\/wycieczka\/rodzinna-wycieczka-zipline-dolinka\/","name":"Rodzinna Wycieczka Zipline Dolinka - Zipline Dolinka","isPartOf":{"@id":"https:\/\/zipline-dolinka.si\/pl\/#website"},"datePublished":"2022-06-15T18:45:14+00:00","dateModified":"2023-06-30T08:00:08+00:00","breadcrumb":{"@id":"https:\/\/zipline-dolinka.si\/pl\/wycieczka\/rodzinna-wycieczka-zipline-dolinka\/#breadcrumb"},"inLanguage":"pl-PL","potentialAction":[{"@type":"ReadAction","target":["https:\/\/zipline-dolinka.si\/pl\/wycieczka\/rodzinna-wycieczka-zipline-dolinka\/"]}]},{"@type":"BreadcrumbList","@id":"https:\/\/zipline-dolinka.si\/pl\/wycieczka\/rodzinna-wycieczka-zipline-dolinka\/#breadcrumb","itemListElement":[{"@type":"ListItem","position":1,"name":"Strona g\u0142\u00f3wna","item":"https:\/\/zipline-dolinka.si\/pl\/"},{"@type":"ListItem","position":2,"name":"Wycieczki na tyrolce","item":"https:\/\/zipline-dolinka.si\/pl\/wycieczka\/"},{"@type":"ListItem","position":3,"name":"Rodzinna Wycieczka Zipline Dolinka"}]},{"@type":"WebSite","@id":"https:\/\/zipline-dolinka.si\/pl\/#website","url":"https:\/\/zipline-dolinka.si\/pl\/","name":"Zipline Dolinka","description":"The Longest Zipline in Europe","publisher":{"@id":"https:\/\/zipline-dolinka.si\/pl\/#organization"},"potentialAction":[{"@type":"SearchAction","target":{"@type":"EntryPoint","urlTemplate":"https:\/\/zipline-dolinka.si\/pl\/?s={search_term_string}"},"query-input":{"@type":"PropertyValueSpecification","valueRequired":true,"valueName":"search_term_string"}}],"inLanguage":"pl-PL"},{"@type":"Organization","@id":"https:\/\/zipline-dolinka.si\/pl\/#organization","name":"Zipline Dolinka Bled","url":"https:\/\/zipline-dolinka.si\/pl\/","logo":{"@type":"ImageObject","inLanguage":"pl-PL","@id":"https:\/\/zipline-dolinka.si\/pl\/#\/schema\/logo\/image\/","url":"https:\/\/zipline-dolinka.si\/wp-content\/uploads\/2022\/05\/cropped-ziplinedolonka-favicon.png","contentUrl":"https:\/\/zipline-dolinka.si\/wp-content\/uploads\/2022\/05\/cropped-ziplinedolonka-favicon.png","width":512,"height":512,"caption":"Zipline Dolinka Bled"},"image":{"@id":"https:\/\/zipline-dolinka.si\/pl\/#\/schema\/logo\/image\/"},"sameAs":["https:\/\/www.facebook.com\/ZiplineDolinka\/","https:\/\/www.tripadvisor.com\/Attraction_Review-g274863-d14139627-Reviews-Zipline_Dolinka-Bled_Upper_Carniola_Region.html"]}]}},"_links":{"self":[{"href":"https:\/\/zipline-dolinka.si\/pl\/wp-json\/wp\/v2\/pages\/3392","targetHints":{"allow":["GET"]}}],"collection":[{"href":"https:\/\/zipline-dolinka.si\/pl\/wp-json\/wp\/v2\/pages"}],"about":[{"href":"https:\/\/zipline-dolinka.si\/pl\/wp-json\/wp\/v2\/types\/page"}],"author":[{"embeddable":true,"href":"https:\/\/zipline-dolinka.si\/pl\/wp-json\/wp\/v2\/users\/1"}],"replies":[{"embeddable":true,"href":"https:\/\/zipline-dolinka.si\/pl\/wp-json\/wp\/v2\/comments?post=3392"}],"version-history":[{"count":0,"href":"https:\/\/zipline-dolinka.si\/pl\/wp-json\/wp\/v2\/pages\/3392\/revisions"}],"up":[{"embeddable":true,"href":"https:\/\/zipline-dolinka.si\/pl\/wp-json\/wp\/v2\/pages\/3144"}],"wp:attachment":[{"href":"https:\/\/zipline-dolinka.si\/pl\/wp-json\/wp\/v2\/media?parent=3392"}],"curies":[{"name":"wp","href":"https:\/\/api.w.org\/{rel}","templated":true}]}}