{"id":3160,"date":"2022-06-15T18:27:14","date_gmt":"2022-06-15T18:27:14","guid":{"rendered":"https:\/\/zipline-dolinka.si\/?page_id=3160"},"modified":"2023-07-13T07:52:42","modified_gmt":"2023-07-13T07:52:42","slug":"faq","status":"publish","type":"page","link":"https:\/\/zipline-dolinka.si\/pl\/faq\/","title":{"rendered":"FAQ"},"content":{"rendered":"\n<div id=\"wp-block-themeisle-blocks-accordion-a4f23050\" class=\"wp-block-themeisle-blocks-accordion exclusive is-wider-gap has-light-content-bg\">\n<details class=\"wp-block-themeisle-blocks-accordion-item\"><summary class=\"wp-block-themeisle-blocks-accordion-item__title\"><div>Gdzie znajduje si\u0119 punkt spotka\u0144 dla uczestnik\u00f3w Zipline Dolinka?<\/div><\/summary><div class=\"wp-block-themeisle-blocks-accordion-item__content\">\n<p>Miejsce spotkania znajduje si\u0119 niedaleko g\u0142\u00f3wnego dworca autobusowego w Bledzie, pod adresem &#8222;Cesta svobode 1, 4260 Bled&#8221;. Uczestnicy musz\u0105 by\u0107 na miejscu spotkania co najmniej 15 minut przed planowanym czasem wycieczki. Nie zapewniamy parkingu dla uczestnik\u00f3w.<\/p>\n<\/div><\/details>\n\n\n\n<details class=\"wp-block-themeisle-blocks-accordion-item\"><summary class=\"wp-block-themeisle-blocks-accordion-item__title\"><div>Gdzie mog\u0119 zaparkowa\u0107?\u00a0<\/div><\/summary><div class=\"wp-block-themeisle-blocks-accordion-item__content\">\n<p>Znalezienie darmowego miejsca parkingowego w Bledzie mo\u017ce by\u0107 szczeg\u00f3lnie trudne w miesi\u0105cach letnich, dlatego sugerujemy, aby\u015bcie wyruszyli z domu wystarczaj\u0105co wcze\u015bnie i zaparkowali samoch\u00f3d na jednym z parking\u00f3w, kt\u00f3re znajduj\u0105 si\u0119 oko\u0142o 10 minut spacerem od miejsca spotkania.<\/p>\n\n\n\n<ol class=\"wp-block-list\">\n<li>Parking obok szko\u0142y podstawowej: P15 &#8211; Osnovna \u0161ola, Adres: Parkiri\u0161\u010de Seli\u0161e 2<\/li>\n\n\n\n<li>Parking przy Infrastrukturze: P11 &#8211; Blejski grad, Adres: Re\u010di\u0161ka cesta 2<\/li>\n\n\n\n<li>Parking obok lodowiska: P04 &#8211; Ledena dvorana, Adres: Ljubljanska cesta 5<\/li>\n\n\n\n<li>Parking Bled, Adres: Pre\u0161ernova cesta 23 <\/li>\n<\/ol>\n\n\n\n<p>Wszystkie parkingi w Bledzie s\u0105 p\u0142atne.<\/p>\n<\/div><\/details>\n\n\n\n<details class=\"wp-block-themeisle-blocks-accordion-item\"><summary class=\"wp-block-themeisle-blocks-accordion-item__title\"><div>Co jest wliczone w cen\u0119 wycieczki?\u00a0<\/div><\/summary><div class=\"wp-block-themeisle-blocks-accordion-item__content\">\n<p>W Zipline Dolinka, naszym celem jest zapewnienie Ci ekscytuj\u0105cego, ale bezpiecznego do\u015bwiadczenia. Pakiet wycieczki obejmuje transport z wyznaczonego punktu spotka\u0144 do punktu startowego Zipline i z powrotem. Zapewniamy ca\u0142y niezb\u0119dny sprz\u0119t ochronny, w tym kask, uprz\u0105\u017c bezpiecze\u0144stwa, bloczek i r\u0119kawice ochronne. Otrzymasz ten sprz\u0119t w naszym biurze, znajduj\u0105cym si\u0119 w miejscu spotkania.&nbsp;<\/p>\n\n\n\n<p>Zapewniamy najwy\u017csze standardy bezpiecze\u0144stwa, u\u017cywaj\u0105c sprz\u0119tu ochronnego wykonanego przez PETZL, znanego producenta w bran\u017cy sprz\u0119tu ochronnego na \u015bwie\u017cym powietrzu. Ca\u0142y sprz\u0119t, kt\u00f3ry zapewniamy, jest certyfikowany zgodnie z europejskimi normami bezpiecze\u0144stwa, zapewniaj\u0105c Ci bezpieczn\u0105 i przyjemn\u0105 przygod\u0119 z zipline. Twoje bezpiecze\u0144stwo jest naszym najwa\u017cniejszym priorytetem i podj\u0119li\u015bmy wszelkie \u015brodki, aby zapewni\u0107 bezpieczne do\u015bwiadczenie.<\/p>\n<\/div><\/details>\n\n\n\n<details class=\"wp-block-themeisle-blocks-accordion-item\"><summary class=\"wp-block-themeisle-blocks-accordion-item__title\"><div>Co powiniene\u015b\/zdrowo by by\u0142o zabra\u0107 ze sob\u0105?<\/div><\/summary><div class=\"wp-block-themeisle-blocks-accordion-item__content\">\n<p>Do\u015bwiadczenie Zipline Dolinka wymaga odpowiedniego wyposa\u017cenia w celu zapewnienia bezpiecze\u0144stwa i komfortu. Upewnij si\u0119, \u017ce masz na sobie buty trekkingowe lub solidne buty sportowe. Niestety, ze wzgl\u0119d\u00f3w bezpiecze\u0144stwa, nie zezwalamy na chodzenie w japonkach lub sanda\u0142ach. Zalecamy ubranie odpowiednie do aktualnych warunk\u00f3w pogodowych oraz wygodne, typowo sportowe lub turystyczne ubranie. Przydatny b\u0119dzie r\u00f3wnie\u017c plecak z butelk\u0105 wody, aby utrzyma\u0107 odpowiednie nawodnienie podczas aktywno\u015bci. Pami\u0119taj, \u017ce Tw\u00f3j komfort i bezpiecze\u0144stwo s\u0105 dla nas najwa\u017cniejsze, a te wskaz\u00f3wki pomog\u0105 zapewni\u0107 udane i ekscytuj\u0105ce prze\u017cycie.<\/p>\n<\/div><\/details>\n\n\n\n<details class=\"wp-block-themeisle-blocks-accordion-item\"><summary class=\"wp-block-themeisle-blocks-accordion-item__title\"><div>Jak d\u0142ugo trwa wycieczka Zipline Dolinka?\u00a0<\/div><\/summary><div class=\"wp-block-themeisle-blocks-accordion-item__content\">\n<p>Przygotuj si\u0119 na po\u015bwi\u0119cenie od 2 do 3 godzin na ca\u0142\u0105 przygod\u0119 Zipline Dolinka. Czas trwania mo\u017ce si\u0119 r\u00f3\u017cni\u0107 w zale\u017cno\u015bci od wielko\u015bci grupy i tempa. Mo\u017cesz by\u0107 pewien, \u017ce naszym celem jest zapewnienie przyjemnego, niezapomnianego do\u015bwiadczenia bez zb\u0119dnego po\u015bpiechu. Jeste\u015bmy tutaj, aby cieszy\u0107 si\u0119 pi\u0119knem natury i podzieli\u0107 si\u0119 ekscytacj\u0105 zwi\u0105zanej z jazd\u0105 na linach, w tempie odpowiednim dla ka\u017cdego uczestnika grupy.<\/p>\n<\/div><\/details>\n\n\n\n<details class=\"wp-block-themeisle-blocks-accordion-item\"><summary class=\"wp-block-themeisle-blocks-accordion-item__title\"><div>Czy wycieczka Zipline Dolinka odbywa si\u0119 przy ka\u017cdej pogodzie?\u00a0<\/div><\/summary><div class=\"wp-block-themeisle-blocks-accordion-item__content\">\n<p>Zipline Dolinka to aktywno\u015b\u0107 odbywaj\u0105ca si\u0119 na \u015bwie\u017cym powietrzu, dlatego pogoda mo\u017ce mie\u0107 znacz\u0105cy wp\u0142yw na do\u015bwiadczenie. Zalecamy uczestnikom odpowiednie ubranie si\u0119 odpowiednio do warunk\u00f3w pogodowych, wybieraj\u0105c odpowiednie, wygodne ubrania i obuwie. W przypadku wyst\u0105pienia z\u0142ych warunk\u00f3w pogodowych, takich jak burze, ze wzgl\u0119d\u00f3w bezpiecze\u0144stwa mo\u017cemy by\u0107 zmuszeni prze\u0142o\u017cy\u0107 lub odwo\u0142a\u0107 wycieczk\u0119. Twoje bezpiecze\u0144stwo jest dla nas najwa\u017cniejsze, i b\u0119dziemy stara\u0107 si\u0119 jak najszybciej przekaza\u0107 wszelkie zmiany w planach.<\/p>\n<\/div><\/details>\n\n\n\n<details class=\"wp-block-themeisle-blocks-accordion-item\"><summary class=\"wp-block-themeisle-blocks-accordion-item__title\"><div>Jakie wymagania zdrowotne musz\u0119 spe\u0142ni\u0107, aby wzi\u0105\u0107 udzia\u0142 w wycieczce Zipline Dolinka?\u00a0<\/div><\/summary><div class=\"wp-block-themeisle-blocks-accordion-item__content\">\n<p>Twoje bezpiecze\u0144stwo i dobre samopoczucie s\u0105 dla nas najwa\u017cniejsze w Zipline Dolinka. Dlatego te\u017c zalecamy, aby nast\u0119puj\u0105ce osoby powstrzyma\u0142y si\u0119 od udzia\u0142u w wycieczce na linach:<\/p>\n\n\n\n<ol class=\"wp-block-list\" type=\"1\">\n<li>Kobiety w ci\u0105\u017cy: Jazda na linach mo\u017ce wi\u0105za\u0107 si\u0119 z nag\u0142ymi ruchami i wstrz\u0105sami, kt\u00f3re mog\u0105 nie by\u0107 odpowiednie dla kobiet w ci\u0105\u017cy.<\/li>\n\n\n\n<li>Osoby z chorobami serca: Ta aktywno\u015b\u0107 mo\u017ce by\u0107 wymagaj\u0105ca fizycznie i mo\u017ce spowodowa\u0107 przyspieszenie akcji serca.<\/li>\n\n\n\n<li>Osoby z urazami kr\u0119gos\u0142upa, ramion lub ko\u0144czyn: Jazda na linach wymaga dobrej kondycji fizycznej i mo\u017ce obci\u0105\u017ca\u0107 te obszary cia\u0142a.<\/li>\n\n\n\n<li>Osoby z powa\u017cnymi alergiami lub cukrzyc\u0105: Je\u015bli zdecydujesz si\u0119 wzi\u0105\u0107 udzia\u0142, zdecydowanie zalecamy zabranie ze sob\u0105 swojego leku przepisanego przez lekarza.<\/li>\n\n\n\n<li>Osoby niepewne co do swojego stanu zdrowia: Je\u015bli masz jakiekolwiek w\u0105tpliwo\u015bci, zalecamy skonsultowanie si\u0119 z lekarzem przed udzia\u0142em w wycieczce Zipline.<\/li>\n\n\n\n<li>Osoby b\u0119d\u0105ce pod wp\u0142ywem narkotyk\u00f3w lub alkoholu: Ze wzgl\u0119d\u00f3w oczywistych zwi\u0105zanych z bezpiecze\u0144stwem, takie osoby nie b\u0119d\u0105 dopuszczone do udzia\u0142u w wycieczce.<\/li>\n<\/ol>\n\n\n\n<p>azda na linach nie jest odpowiednia dla os\u00f3b z niekt\u00f3rymi niepe\u0142nosprawno\u015bciami lub zaburzeniami, takimi jak osoby niewidome, g\u0142uche lub osoby z autyzmemWynika to z charakteru aktywno\u015bci, wymaga\u0144 dotycz\u0105cych bezpiecze\u0144stwa i potrzeb komunikacyjnych podczas wycieczki. Pami\u0119taj, \u017ce bezpiecze\u0144stwo jest naszym priorytetem, a te wytyczne maj\u0105 na celu zapewnienie wszystkim udanej i bezpiecznej przygody. Je\u015bli masz jakie\u015b pytania lub obawy dotycz\u0105ce tych zalece\u0144, prosimy o kontakt.<\/p>\n<\/div><\/details>\n\n\n\n<details class=\"wp-block-themeisle-blocks-accordion-item\"><summary class=\"wp-block-themeisle-blocks-accordion-item__title\"><div>Jakie s\u0105 ograniczenia wiekowe i inne dotycz\u0105ce uczestnictwa?<\/div><\/summary><div class=\"wp-block-themeisle-blocks-accordion-item__content\">\n<ul class=\"wp-block-list\">\n<li> Jakie warunki zdrowotne musz\u0119 spe\u0142ni\u0107, aby wzi\u0105\u0107 udzia\u0142 w wycieczce Zipline Dolinka?<\/li>\n<\/ul>\n\n\n\n<ul class=\"wp-block-list\">\n<li>Uwolnij przygodowy duch swojego dziecka podczas naszego do\u015bwiadczenia z tyrolk\u0105! M\u0142odzi entuzja\u015bci mocnych wra\u017ce\u0144 w wieku od 6 do 12 lat mog\u0105 cieszy\u0107 si\u0119 bezpiecznym i ekscytuj\u0105cym lotem na tyrolce w tandemie z naszymi specjalnie przeszkolonymi przewodnikami. Dla dzieci powy\u017cej 12. roku \u017cycia, kt\u00f3re wa\u017c\u0105 powy\u017cej 45 kg, czeka niezale\u017cno\u015b\u0107 w pokonywaniu tyrolki samodzielnie. Nale\u017cy pami\u0119ta\u0107, \u017ce dzieci poni\u017cej 15. roku \u017cycia musz\u0105 by\u0107 w towarzystwie co najmniej jednego rodzica, aby zapewni\u0107 im bezpiecze\u0144stwo i przyjemno\u015b\u0107.<\/li>\n\n\n\n<li>M\u0142odzie\u017c w wieku od 15 do 18 lat jest mile widziana do samodzielnego korzystania z tyrolki pod warunkiem posiadania pisemnej zgody rodzic\u00f3w. Bezpiecze\u0144stwo i szcz\u0119\u015bcie Twojego dziecka s\u0105 dla nas priorytetem!<\/li>\n<\/ul>\n\n\n\n<p>Dla doros\u0142ych akceptujemy maksymaln\u0105 wag\u0119 do 120 kg, bior\u0105c r\u00f3wnie\u017c pod uwag\u0119 dopasowanie do naszego standardowego sprz\u0119tu bezpiecze\u0144stwa. Wszyscy uczestnicy s\u0105 proszeni o ocen\u0119 swojego poziomu sprawno\u015bci fizycznej, aby poradzi\u0107 sobie z tym pe\u0142nym adrenaliny wycieczkowym prze\u017cyciem.<\/p>\n<\/div><\/details>\n\n\n\n<details class=\"wp-block-themeisle-blocks-accordion-item\"><summary class=\"wp-block-themeisle-blocks-accordion-item__title\"><div>Czy potrzebuj\u0119 jakiej\u015b wcze\u015bniejszej wiedzy przed udzia\u0142em w wycieczce Zipline Dolinka?<\/div><\/summary><div class=\"wp-block-themeisle-blocks-accordion-item__content\">\n<p>Prze\u017cyj dreszczyk emocji zwi\u0105zany z wycieczk\u0105 Zipline Dolinka, nawet je\u015bli jeste\u015b pocz\u0105tkuj\u0105cy! Nie potrzebujesz \u017cadnego wcze\u015bniejszego do\u015bwiadczenia zwi\u0105zane z jazd\u0105 na linach, wystarczy troch\u0119 ducha przygody i podstawowa sprawno\u015b\u0107 fizyczna. Nasza wycieczka poprowadzi Ci\u0119 przez pi\u0119kne \u0142\u0105ki i urokliwe \u015bcie\u017cki le\u015bne, z kr\u00f3tkimi i \u0142atwymi do pokonania odcinkami, w tym niekt\u00f3rymi, kt\u00f3re prowadz\u0105 delikatnie pod g\u00f3r\u0119. To wi\u0119cej ni\u017c tylko jazda na linach &#8211; to oddech \u015bwie\u017cego powietrza na \u0142onie przyrody, otoczony radosnym dreszczykiem przygody. Wi\u0119c do\u0142\u0105cz do nas i pozw\u00f3l, aby naturalne pi\u0119kno Dolinki sta\u0142o si\u0119 Twoim placem zabaw!<\/p>\n<\/div><\/details>\n\n\n\n<details class=\"wp-block-themeisle-blocks-accordion-item\"><summary class=\"wp-block-themeisle-blocks-accordion-item__title\"><div>Kiedy odbywaj\u0105 si\u0119 wycieczki Zipline Dolinka?\u00a0<\/div><\/summary><div class=\"wp-block-themeisle-blocks-accordion-item__content\">\n<p>Przygotuj si\u0119 na przygod\u0119, kt\u00f3ra dopasuje si\u0119 do Twojego harmonogramu! Nasze ekscytuj\u0105ce wycieczki z linami odbywaj\u0105 si\u0119 codziennie, oferuj\u0105c elastyczno\u015b\u0107 dla Twojej idealnej wycieczki. W zale\u017cno\u015bci od pory roku, mamy jedn\u0105 lub wi\u0119cej wycieczek ka\u017cdego dnia, wi\u0119c zawsze istnieje mo\u017cliwo\u015b\u0107 do\u0142\u0105czenia do zabawy. Aby znale\u017a\u0107 idealn\u0105 dat\u0119, wystarczy klikn\u0105\u0107 przycisk &#8222;Zarezerwuj&#8221;, aby sprawdzi\u0107 nasz\u0105 dost\u0119pno\u015b\u0107.<\/p>\n<\/div><\/details>\n\n\n\n<details class=\"wp-block-themeisle-blocks-accordion-item\"><summary class=\"wp-block-themeisle-blocks-accordion-item__title\"><div>Czy musz\u0119 zarezerwowa\u0107 wycieczk\u0119 Zipline Dolinka?\u00a0<\/div><\/summary><div class=\"wp-block-themeisle-blocks-accordion-item__content\">\n<ul class=\"wp-block-list\">\n<li>Oczywi\u015bcie! Zdecydowanie zalecamy dokonanie rezerwacji z wyprzedzeniem, aby zapewni\u0107 sobie miejsce na naszych ekscytuj\u0105cych wycieczkach z linami. Ograniczamy liczb\u0119 uczestnik\u00f3w, aby zapewni\u0107 bezpiecze\u0144stwo i przyjemno\u015b\u0107 wszystkim, co oznacza, \u017ce miejsca mog\u0105 szybko si\u0119 zape\u0142ni\u0107, zw\u0142aszcza w czasie o\u017cywionych letnich miesi\u0119cy.<\/li>\n<\/ul>\n\n\n\n<p>Dokonanie wcze\u015bniejszej rezerwacji zagwarantuje, \u017ce nie przegapisz przygody z powodu pe\u0142nego harmonogramu. Chocia\u017c staramy si\u0119 jak najlepiej dostosowa\u0107 do rezerwacji last-minute, nie mo\u017cemy zagwarantowa\u0107 dost\u0119pno\u015bci w takich przypadkach. Dlatego nie czekaj! Zabezpiecz swoj\u0105 przygod\u0119, rezerwuj\u0105c z wyprzedzeniem i zapewnij sobie miejsce w emocjonuj\u0105cej wycieczce Zipline Dolinka!<\/p>\n<\/div><\/details>\n\n\n\n<details class=\"wp-block-themeisle-blocks-accordion-item\"><summary class=\"wp-block-themeisle-blocks-accordion-item__title\"><div>Czy mog\u0119 zabra\u0107 ze sob\u0105 kamer\u0119 wideo lub aparat fotograficzny?\u00a0<\/div><\/summary><div class=\"wp-block-themeisle-blocks-accordion-item__content\">\n<p>Nie przegap okazji, aby uwieczni\u0107 zapieraj\u0105ce dech w piersiach momenty podczas przygody na linach! Mo\u017cesz zabra\u0107 ze sob\u0105 kamer\u0119 lub aparat fotograficzny. Je\u015bli chcesz nagrywa\u0107 podczas ekscytuj\u0105cych zjazd\u00f3w, upewnij si\u0119, \u017ce Twoje urz\u0105dzenie jest bezpiecznie zamocowane, aby unikn\u0105\u0107 nieprzyjemno\u015bci. Wszystkie inne gad\u017cety prosimy umie\u015bci\u0107 w bezpieczny spos\u00f3b w plecaku. Przygotuj si\u0119, aby uwieczni\u0107 emocjonuj\u0105ce wspomnienia z wycieczki Zipline Dolinka!<\/p>\n<\/div><\/details>\n\n\n\n<details class=\"wp-block-themeisle-blocks-accordion-item\"><summary class=\"wp-block-themeisle-blocks-accordion-item__title\"><div>Co powinienem zrobi\u0107, je\u015bli boj\u0119 si\u0119 wysoko\u015bci?\u00a0<\/div><\/summary><div class=\"wp-block-themeisle-blocks-accordion-item__content\">\n<ul class=\"wp-block-list\">\n<li>Czujesz niepok\u00f3j? Nie martw si\u0119! Nasze do\u015bwiadczenia pokazuj\u0105, \u017ce nawet uczestnicy, kt\u00f3rzy pocz\u0105tkowo byli przestraszeni, po kilku pierwszych przejazdach zaczynaj\u0105 si\u0119 odpr\u0119\u017ca\u0107 i ca\u0142kowicie si\u0119 cieszy\u0107. Nie ma niczego takiego jak satysfakcja z pokonania w\u0142asnych l\u0119k\u00f3w!&nbsp;<\/li>\n<\/ul>\n\n\n\n<p>Je\u015bli jednak z jakiego\u015b powodu zdecydujesz si\u0119 nie kontynuowa\u0107 przejazd\u00f3w, nie martw si\u0119 &#8211; nasz kierowca bezpiecznie odwiezie Ci\u0119 z powrotem do punktu zbi\u00f3rki. W takich przypadkach oferujemy pe\u0142ny zwrot pieni\u0119dzy, aby\u015b m\u00f3g\u0142 mie\u0107 spok\u00f3j. Jeste\u015bmy jednak przekonani, \u017ce nasi wykwalifikowani i pomocni przewodnicy zapewni\u0105 Ci wygod\u0119 i bezpiecze\u0144stwo przez ca\u0142e do\u015bwiadczenie. B\u0119d\u0105 z Tob\u0105 na ka\u017cdym kroku. Chances are, once you&#8217;ve begun, you won&#8217;t want to turn back! Kiedy raz si\u0119 zacznie, by\u0107 mo\u017ce zaskoczysz sam siebie.<\/p>\n<\/div><\/details>\n<\/div>\n\n\n\n<div style=\"height:100px\" aria-hidden=\"true\" class=\"wp-block-spacer\"><\/div>\n","protected":false},"excerpt":{"rendered":"","protected":false},"author":2,"featured_media":0,"parent":0,"menu_order":7,"comment_status":"closed","ping_status":"closed","template":"","meta":{"neve_meta_sidebar":"","neve_meta_container":"","neve_meta_enable_content_width":"","neve_meta_content_width":0,"neve_meta_title_alignment":"","neve_meta_author_avatar":"","neve_post_elements_order":"","neve_meta_disable_header":"","neve_meta_disable_footer":"","neve_meta_disable_title":"","_themeisle_gutenberg_block_has_review":false,"footnotes":""},"class_list":["post-3160","page","type-page","status-publish","hentry"],"yoast_head":"<!-- This site is optimized with the Yoast SEO plugin v27.0 - https:\/\/yoast.com\/product\/yoast-seo-wordpress\/ -->\n<title>FAQ - Zipline Dolinka<\/title>\n<meta name=\"robots\" content=\"index, follow, max-snippet:-1, max-image-preview:large, max-video-preview:-1\" \/>\n<link rel=\"canonical\" href=\"https:\/\/zipline-dolinka.si\/pl\/faq\/\" \/>\n<meta property=\"og:locale\" content=\"pl_PL\" \/>\n<meta property=\"og:type\" content=\"article\" \/>\n<meta property=\"og:title\" content=\"FAQ - Zipline Dolinka\" \/>\n<meta property=\"og:url\" content=\"https:\/\/zipline-dolinka.si\/pl\/faq\/\" \/>\n<meta property=\"og:site_name\" content=\"Zipline Dolinka\" \/>\n<meta property=\"article:publisher\" content=\"https:\/\/www.facebook.com\/ZiplineDolinka\/\" \/>\n<meta property=\"article:modified_time\" content=\"2023-07-13T07:52:42+00:00\" \/>\n<meta name=\"twitter:card\" content=\"summary_large_image\" \/>\n<meta name=\"twitter:label1\" content=\"Szacowany czas czytania\" \/>\n\t<meta name=\"twitter:data1\" content=\"8 minut\" \/>\n<script type=\"application\/ld+json\" class=\"yoast-schema-graph\">{\"@context\":\"https:\/\/schema.org\",\"@graph\":[{\"@type\":\"WebPage\",\"@id\":\"https:\/\/zipline-dolinka.si\/pl\/faq\/\",\"url\":\"https:\/\/zipline-dolinka.si\/pl\/faq\/\",\"name\":\"FAQ - Zipline Dolinka\",\"isPartOf\":{\"@id\":\"https:\/\/zipline-dolinka.si\/pl\/#website\"},\"datePublished\":\"2022-06-15T18:27:14+00:00\",\"dateModified\":\"2023-07-13T07:52:42+00:00\",\"breadcrumb\":{\"@id\":\"https:\/\/zipline-dolinka.si\/pl\/faq\/#breadcrumb\"},\"inLanguage\":\"pl-PL\",\"potentialAction\":[{\"@type\":\"ReadAction\",\"target\":[\"https:\/\/zipline-dolinka.si\/pl\/faq\/\"]}]},{\"@type\":\"BreadcrumbList\",\"@id\":\"https:\/\/zipline-dolinka.si\/pl\/faq\/#breadcrumb\",\"itemListElement\":[{\"@type\":\"ListItem\",\"position\":1,\"name\":\"Strona g\u0142\u00f3wna\",\"item\":\"https:\/\/zipline-dolinka.si\/pl\/\"},{\"@type\":\"ListItem\",\"position\":2,\"name\":\"FAQ\"}]},{\"@type\":\"WebSite\",\"@id\":\"https:\/\/zipline-dolinka.si\/pl\/#website\",\"url\":\"https:\/\/zipline-dolinka.si\/pl\/\",\"name\":\"Zipline Dolinka\",\"description\":\"The Longest Zipline in Europe\",\"publisher\":{\"@id\":\"https:\/\/zipline-dolinka.si\/pl\/#organization\"},\"potentialAction\":[{\"@type\":\"SearchAction\",\"target\":{\"@type\":\"EntryPoint\",\"urlTemplate\":\"https:\/\/zipline-dolinka.si\/pl\/?s={search_term_string}\"},\"query-input\":{\"@type\":\"PropertyValueSpecification\",\"valueRequired\":true,\"valueName\":\"search_term_string\"}}],\"inLanguage\":\"pl-PL\"},{\"@type\":\"Organization\",\"@id\":\"https:\/\/zipline-dolinka.si\/pl\/#organization\",\"name\":\"Zipline Dolinka Bled\",\"url\":\"https:\/\/zipline-dolinka.si\/pl\/\",\"logo\":{\"@type\":\"ImageObject\",\"inLanguage\":\"pl-PL\",\"@id\":\"https:\/\/zipline-dolinka.si\/pl\/#\/schema\/logo\/image\/\",\"url\":\"https:\/\/zipline-dolinka.si\/wp-content\/uploads\/2022\/05\/cropped-ziplinedolonka-favicon.png\",\"contentUrl\":\"https:\/\/zipline-dolinka.si\/wp-content\/uploads\/2022\/05\/cropped-ziplinedolonka-favicon.png\",\"width\":512,\"height\":512,\"caption\":\"Zipline Dolinka Bled\"},\"image\":{\"@id\":\"https:\/\/zipline-dolinka.si\/pl\/#\/schema\/logo\/image\/\"},\"sameAs\":[\"https:\/\/www.facebook.com\/ZiplineDolinka\/\",\"https:\/\/www.tripadvisor.com\/Attraction_Review-g274863-d14139627-Reviews-Zipline_Dolinka-Bled_Upper_Carniola_Region.html\"]}]}<\/script>\n<!-- \/ Yoast SEO plugin. -->","yoast_head_json":{"title":"FAQ - Zipline Dolinka","robots":{"index":"index","follow":"follow","max-snippet":"max-snippet:-1","max-image-preview":"max-image-preview:large","max-video-preview":"max-video-preview:-1"},"canonical":"https:\/\/zipline-dolinka.si\/pl\/faq\/","og_locale":"pl_PL","og_type":"article","og_title":"FAQ - Zipline Dolinka","og_url":"https:\/\/zipline-dolinka.si\/pl\/faq\/","og_site_name":"Zipline Dolinka","article_publisher":"https:\/\/www.facebook.com\/ZiplineDolinka\/","article_modified_time":"2023-07-13T07:52:42+00:00","twitter_card":"summary_large_image","twitter_misc":{"Szacowany czas czytania":"8 minut"},"schema":{"@context":"https:\/\/schema.org","@graph":[{"@type":"WebPage","@id":"https:\/\/zipline-dolinka.si\/pl\/faq\/","url":"https:\/\/zipline-dolinka.si\/pl\/faq\/","name":"FAQ - Zipline Dolinka","isPartOf":{"@id":"https:\/\/zipline-dolinka.si\/pl\/#website"},"datePublished":"2022-06-15T18:27:14+00:00","dateModified":"2023-07-13T07:52:42+00:00","breadcrumb":{"@id":"https:\/\/zipline-dolinka.si\/pl\/faq\/#breadcrumb"},"inLanguage":"pl-PL","potentialAction":[{"@type":"ReadAction","target":["https:\/\/zipline-dolinka.si\/pl\/faq\/"]}]},{"@type":"BreadcrumbList","@id":"https:\/\/zipline-dolinka.si\/pl\/faq\/#breadcrumb","itemListElement":[{"@type":"ListItem","position":1,"name":"Strona g\u0142\u00f3wna","item":"https:\/\/zipline-dolinka.si\/pl\/"},{"@type":"ListItem","position":2,"name":"FAQ"}]},{"@type":"WebSite","@id":"https:\/\/zipline-dolinka.si\/pl\/#website","url":"https:\/\/zipline-dolinka.si\/pl\/","name":"Zipline Dolinka","description":"The Longest Zipline in Europe","publisher":{"@id":"https:\/\/zipline-dolinka.si\/pl\/#organization"},"potentialAction":[{"@type":"SearchAction","target":{"@type":"EntryPoint","urlTemplate":"https:\/\/zipline-dolinka.si\/pl\/?s={search_term_string}"},"query-input":{"@type":"PropertyValueSpecification","valueRequired":true,"valueName":"search_term_string"}}],"inLanguage":"pl-PL"},{"@type":"Organization","@id":"https:\/\/zipline-dolinka.si\/pl\/#organization","name":"Zipline Dolinka Bled","url":"https:\/\/zipline-dolinka.si\/pl\/","logo":{"@type":"ImageObject","inLanguage":"pl-PL","@id":"https:\/\/zipline-dolinka.si\/pl\/#\/schema\/logo\/image\/","url":"https:\/\/zipline-dolinka.si\/wp-content\/uploads\/2022\/05\/cropped-ziplinedolonka-favicon.png","contentUrl":"https:\/\/zipline-dolinka.si\/wp-content\/uploads\/2022\/05\/cropped-ziplinedolonka-favicon.png","width":512,"height":512,"caption":"Zipline Dolinka Bled"},"image":{"@id":"https:\/\/zipline-dolinka.si\/pl\/#\/schema\/logo\/image\/"},"sameAs":["https:\/\/www.facebook.com\/ZiplineDolinka\/","https:\/\/www.tripadvisor.com\/Attraction_Review-g274863-d14139627-Reviews-Zipline_Dolinka-Bled_Upper_Carniola_Region.html"]}]}},"_links":{"self":[{"href":"https:\/\/zipline-dolinka.si\/pl\/wp-json\/wp\/v2\/pages\/3160","targetHints":{"allow":["GET"]}}],"collection":[{"href":"https:\/\/zipline-dolinka.si\/pl\/wp-json\/wp\/v2\/pages"}],"about":[{"href":"https:\/\/zipline-dolinka.si\/pl\/wp-json\/wp\/v2\/types\/page"}],"author":[{"embeddable":true,"href":"https:\/\/zipline-dolinka.si\/pl\/wp-json\/wp\/v2\/users\/2"}],"replies":[{"embeddable":true,"href":"https:\/\/zipline-dolinka.si\/pl\/wp-json\/wp\/v2\/comments?post=3160"}],"version-history":[{"count":0,"href":"https:\/\/zipline-dolinka.si\/pl\/wp-json\/wp\/v2\/pages\/3160\/revisions"}],"wp:attachment":[{"href":"https:\/\/zipline-dolinka.si\/pl\/wp-json\/wp\/v2\/media?parent=3160"}],"curies":[{"name":"wp","href":"https:\/\/api.w.org\/{rel}","templated":true}]}}