{"id":3146,"date":"2022-06-16T20:20:18","date_gmt":"2022-06-16T20:20:18","guid":{"rendered":"https:\/\/zipline-dolinka.si\/?page_id=3146"},"modified":"2023-06-15T11:39:08","modified_gmt":"2023-06-15T11:39:08","slug":"nasza-historia","status":"publish","type":"page","link":"https:\/\/zipline-dolinka.si\/pl\/nasza-historia\/","title":{"rendered":"Nasza historia"},"content":{"rendered":"\n<p>Poznaj nasz oddany zesp\u00f3\u0142, grup\u0119 pe\u0142nych pasji lokalnych mieszka\u0144c\u00f3w z obu brzeg\u00f3w rzeki, zjednoczonych wsp\u00f3ln\u0105 wizj\u0105 promowania zr\u00f3wnowa\u017conego rozwoju i zachowania bogatego naturalnego i kulturowego dziedzictwa, zlokalizowanego mi\u0119dzy pasmem g\u00f3rskim Karawanki a Alpami Julijskimi. Nasze korzenie si\u0119gaj\u0105 g\u0142\u0119boko tego czaruj\u0105cego regionu, pozwalaj\u0105c nam podej\u015b\u0107 do ochrony z wiedz\u0105 osoby z wn\u0119trza i gor\u0105cym zaanga\u017cowaniem w ochron\u0119 naszego pi\u0119knego krajobrazu dla przysz\u0142ych pokole\u0144. Odkrywaj z nami i sta\u0144 si\u0119 cz\u0119\u015bci\u0105 spo\u0142eczno\u015bci, kt\u00f3ra po\u015bwi\u0119ca si\u0119 harmonizacji post\u0119pu i ochrony w tym zachwycaj\u0105cym zak\u0105tku \u015bwiata.<\/p>\n\n\n\n<figure class=\"wp-block-pullquote\"><blockquote><p>&#8222;Krajina Kranjska nie ma wi\u0119kszego pi\u0119kna ni\u017c ten obraz raju&#8221;<\/p><cite>France Pre\u0161eren, 1800-1849, najwi\u0119kszy s\u0142owe\u0144ski poeta, urodzony we wsi Vrba, po\u0142o\u017conej na lewym brzegu rzeki Sava Dolinka.<\/cite><\/blockquote><\/figure>\n\n\n\n<figure class=\"wp-block-image size-large\"><img loading=\"lazy\" decoding=\"async\" width=\"1024\" height=\"684\" src=\"https:\/\/zipline-dolinka.si\/wp-content\/uploads\/2022\/06\/Private-1024x684.jpg\" alt=\"\" class=\"wp-image-641\" srcset=\"https:\/\/zipline-dolinka.si\/wp-content\/uploads\/2022\/06\/Private-1024x684.jpg 1024w, https:\/\/zipline-dolinka.si\/wp-content\/uploads\/2022\/06\/Private-300x200.jpg 300w, https:\/\/zipline-dolinka.si\/wp-content\/uploads\/2022\/06\/Private-768x513.jpg 768w, https:\/\/zipline-dolinka.si\/wp-content\/uploads\/2022\/06\/Private-930x620.jpg 930w, https:\/\/zipline-dolinka.si\/wp-content\/uploads\/2022\/06\/Private.jpg 1400w\" sizes=\"auto, (max-width: 1024px) 100vw, 1024px\" \/><\/figure>\n\n\n\n<h2 class=\"wp-block-heading\">Nasza rzeka, twoja przygoda<\/h2>\n\n\n\n<p>Nasza rzeka Odkryj histori\u0119 rzeki Dolinka, \u015bwiadectwo odporno\u015bci spo\u0142eczno\u015bci, kt\u00f3ra dzielnie broni\u0142a swojej ukochanej rzeki i otaczaj\u0105cych j\u0105 teren\u00f3w. W 2004 roku, ta niez\u0142omna spo\u0142eczno\u015b\u0107 zjednoczy\u0142a si\u0119, zorganizowa\u0142a referendum i skutecznie udaremni\u0142a rz\u0105dowe plany budowy zapory, kt\u00f3ra wyrz\u0105dzi\u0142aby katastrofalne szkody w dolinie.<\/p>\n\n\n\n<p>Dzi\u015b ta dolina jest kwitn\u0105c\u0105 oaz\u0105, s\u0142u\u017c\u0105c\u0105 jako dziewicze i nietkni\u0119te po\u0142\u0105czenie mi\u0119dzy Bled a Vrba, miejscem urodzenia szanowanego s\u0142owe\u0144skiego poety, France Pre\u0161erena. Vrba to tylko jedna z wielu wsi na tym obszarze, ka\u017cda jest l\u015bni\u0105c\u0105 per\u0142\u0105 w gobelinie s\u0142owe\u0144skiej literatury. Zapraszamy do przy\u0142\u0105czenia si\u0119 do nas w zachowaniu naszego t\u0119tni\u0105cego \u017cyciem, naturalnego i bogatego kulturowego dziedzictwa, zlokalizowanego w s\u0142onecznym u\u015bcisku Alp.<\/p>\n\n\n\n<p><a href=\"https:\/\/visitzirovnica.si\/en\/experiences\/literary-route\/\" target=\"_blank\" rel=\"noreferrer noopener\">Dowiedz si\u0119 wi\u0119cej na naszym Szlaku Dziedzictwa Kulturowego.<\/a><\/p>\n\n\n\n<p>Naturalne pi\u0119kno doliny Dolinka zawsze by\u0142o sercem naszego projektu zipline. Z najwy\u017cszym szacunkiem dla \u015brodowiska, minimalnie zmodyfikowali\u015bmy teren, aby zainstalowa\u0107 nasze linie i \u015bcie\u017cki, tworz\u0105c innowacyjny spos\u00f3b, aby odwiedzaj\u0105cy mogli do\u015bwiadczy\u0107 rzeki i doliny z unikalnej perspektywy. Przy\u0142\u0105cz si\u0119 do nas i do\u015bwiadcz tej czaruj\u0105cej doliny jak nigdy dot\u0105d!<\/p>\n\n\n\n<figure class=\"wp-block-image size-large\"><img loading=\"lazy\" decoding=\"async\" width=\"1024\" height=\"575\" src=\"https:\/\/zipline-dolinka.si\/wp-content\/uploads\/2022\/06\/Our_Story-1024x575.jpeg\" alt=\"\" class=\"wp-image-645\" srcset=\"https:\/\/zipline-dolinka.si\/wp-content\/uploads\/2022\/06\/Our_Story-1024x575.jpeg 1024w, https:\/\/zipline-dolinka.si\/wp-content\/uploads\/2022\/06\/Our_Story-300x169.jpeg 300w, https:\/\/zipline-dolinka.si\/wp-content\/uploads\/2022\/06\/Our_Story-768x431.jpeg 768w, https:\/\/zipline-dolinka.si\/wp-content\/uploads\/2022\/06\/Our_Story.jpeg 1029w\" sizes=\"auto, (max-width: 1024px) 100vw, 1024px\" \/><\/figure>\n\n\n\n<h2 class=\"wp-block-heading\">Nasze podej\u015bcie<\/h2>\n\n\n\n<p>Przez dwie dekady lokalni opiekunowie sumiennie zachowali dziewiczy urok doliny. W Zipline Dolinka, nasza misja wykracza poza jedynie ekscytuj\u0105ce przygody na \u015bwie\u017cym powietrzu. Z pasj\u0105 zobowi\u0105zujemy si\u0119 do podnoszenia \u015bwiadomo\u015bci o naturalnym znaczeniu doliny, promowania regionu w\u015br\u00f3d odwiedzaj\u0105cych i dzielenia si\u0119 inspiruj\u0105c\u0105 histori\u0105 wytrwa\u0142o\u015bci naszej spo\u0142eczno\u015bci.<\/p>\n\n\n\n<p>Ka\u017cda z naszych siedmiu tras zipline zosta\u0142a starannie zaprojektowana z szacunkiem i z my\u015bl\u0105 o ochronie lokalnego \u015brodowiska. \u017badne drzewa nie zosta\u0142y po\u015bwi\u0119cone ani uszkodzone podczas ich tworzenia. Wykorzystuj\u0105c nowoczesne technologie i drony, umie\u015bcili\u015bmy kable tak, aby bujna ro\u015blinno\u015b\u0107 pod ziplinami pozosta\u0142a nienaruszona i nienaruszona. Naszym celem jest zaoferowanie odwiedzaj\u0105cym autentycznego wgl\u0105du w zadziwiaj\u0105ce naturalne cechy doliny, jednocze\u015bnie dbaj\u0105c o to, aby nasze dzia\u0142ania harmonizowa\u0142y z natur\u0105, a nie jej zak\u0142\u00f3ca\u0142y.<\/p>\n\n\n\n<p>Do\u0142\u0105cz do nas w niezapomnianej podr\u00f3\u017cy nad koronami drzew i do\u015bwiadcz niesamowitego pi\u0119kna doliny w spos\u00f3b, kt\u00f3ry szanuje i zachowuje jej przysz\u0142o\u015b\u0107.<\/p>\n\n\n\n<div id=\"wp-block-themeisle-blocks-advanced-columns-bddec2eb\" class=\"wp-block-themeisle-blocks-advanced-columns has-1-columns has-desktop-twoOne-layout has-tablet-equal-layout has-mobile-equal-layout has-vertical-unset\"><div class=\"wp-block-themeisle-blocks-advanced-columns-overlay\"><\/div><div class=\"innerblocks-wrap\">\n<div id=\"wp-block-themeisle-blocks-advanced-column-84df613f\" class=\"wp-block-themeisle-blocks-advanced-column\"><\/div>\n<\/div><\/div>\n","protected":false},"excerpt":{"rendered":"<p>Poznaj nasz oddany zesp\u00f3\u0142, grup\u0119 pe\u0142nych pasji lokalnych mieszka\u0144c\u00f3w z obu brzeg\u00f3w rzeki, zjednoczonych wsp\u00f3ln\u0105 wizj\u0105 promowania zr\u00f3wnowa\u017conego rozwoju i zachowania bogatego naturalnego i kulturowego dziedzictwa, zlokalizowanego mi\u0119dzy pasmem g\u00f3rskim Karawanki a Alpami Julijskimi. Nasze korzenie si\u0119gaj\u0105 g\u0142\u0119boko tego czaruj\u0105cego regionu, pozwalaj\u0105c nam podej\u015b\u0107 do ochrony z wiedz\u0105 osoby z wn\u0119trza i gor\u0105cym zaanga\u017cowaniem w&hellip;&nbsp;<a href=\"https:\/\/zipline-dolinka.si\/pl\/nasza-historia\/\" rel=\"bookmark\">Dowiedz si\u0119 wi\u0119cej &raquo;<span class=\"screen-reader-text\">Nasza historia<\/span><\/a><\/p>\n","protected":false},"author":2,"featured_media":0,"parent":0,"menu_order":5,"comment_status":"closed","ping_status":"closed","template":"","meta":{"neve_meta_sidebar":"","neve_meta_container":"","neve_meta_enable_content_width":"","neve_meta_content_width":0,"neve_meta_title_alignment":"","neve_meta_author_avatar":"","neve_post_elements_order":"","neve_meta_disable_header":"","neve_meta_disable_footer":"","neve_meta_disable_title":"","_themeisle_gutenberg_block_has_review":false,"footnotes":""},"class_list":["post-3146","page","type-page","status-publish","hentry"],"yoast_head":"<!-- This site is optimized with the Yoast SEO plugin v27.0 - https:\/\/yoast.com\/product\/yoast-seo-wordpress\/ -->\n<title>Nasza historia - Zipline Dolinka<\/title>\n<meta name=\"robots\" content=\"index, follow, max-snippet:-1, max-image-preview:large, max-video-preview:-1\" \/>\n<link rel=\"canonical\" href=\"https:\/\/zipline-dolinka.si\/pl\/nasza-historia\/\" \/>\n<meta property=\"og:locale\" content=\"pl_PL\" \/>\n<meta property=\"og:type\" content=\"article\" \/>\n<meta property=\"og:title\" content=\"Nasza historia - Zipline Dolinka\" \/>\n<meta property=\"og:description\" content=\"Poznaj nasz oddany zesp\u00f3\u0142, grup\u0119 pe\u0142nych pasji lokalnych mieszka\u0144c\u00f3w z obu brzeg\u00f3w rzeki, zjednoczonych wsp\u00f3ln\u0105 wizj\u0105 promowania zr\u00f3wnowa\u017conego rozwoju i zachowania bogatego naturalnego i kulturowego dziedzictwa, zlokalizowanego mi\u0119dzy pasmem g\u00f3rskim Karawanki a Alpami Julijskimi. Nasze korzenie si\u0119gaj\u0105 g\u0142\u0119boko tego czaruj\u0105cego regionu, pozwalaj\u0105c nam podej\u015b\u0107 do ochrony z wiedz\u0105 osoby z wn\u0119trza i gor\u0105cym zaanga\u017cowaniem w&hellip;&nbsp;Dowiedz si\u0119 wi\u0119cej &raquo;Nasza historia\" \/>\n<meta property=\"og:url\" content=\"https:\/\/zipline-dolinka.si\/pl\/nasza-historia\/\" \/>\n<meta property=\"og:site_name\" content=\"Zipline Dolinka\" \/>\n<meta property=\"article:publisher\" content=\"https:\/\/www.facebook.com\/ZiplineDolinka\/\" \/>\n<meta property=\"article:modified_time\" content=\"2023-06-15T11:39:08+00:00\" \/>\n<meta property=\"og:image\" content=\"https:\/\/zipline-dolinka.si\/wp-content\/uploads\/2022\/06\/Private-1024x684.jpg\" \/>\n<meta name=\"twitter:card\" content=\"summary_large_image\" \/>\n<meta name=\"twitter:label1\" content=\"Szacowany czas czytania\" \/>\n\t<meta name=\"twitter:data1\" content=\"3 minuty\" \/>\n<script type=\"application\/ld+json\" class=\"yoast-schema-graph\">{\"@context\":\"https:\/\/schema.org\",\"@graph\":[{\"@type\":\"WebPage\",\"@id\":\"https:\/\/zipline-dolinka.si\/pl\/nasza-historia\/\",\"url\":\"https:\/\/zipline-dolinka.si\/pl\/nasza-historia\/\",\"name\":\"Nasza historia - Zipline Dolinka\",\"isPartOf\":{\"@id\":\"https:\/\/zipline-dolinka.si\/pl\/#website\"},\"primaryImageOfPage\":{\"@id\":\"https:\/\/zipline-dolinka.si\/pl\/nasza-historia\/#primaryimage\"},\"image\":{\"@id\":\"https:\/\/zipline-dolinka.si\/pl\/nasza-historia\/#primaryimage\"},\"thumbnailUrl\":\"https:\/\/zipline-dolinka.si\/wp-content\/uploads\/2022\/06\/Private-1024x684.jpg\",\"datePublished\":\"2022-06-16T20:20:18+00:00\",\"dateModified\":\"2023-06-15T11:39:08+00:00\",\"breadcrumb\":{\"@id\":\"https:\/\/zipline-dolinka.si\/pl\/nasza-historia\/#breadcrumb\"},\"inLanguage\":\"pl-PL\",\"potentialAction\":[{\"@type\":\"ReadAction\",\"target\":[\"https:\/\/zipline-dolinka.si\/pl\/nasza-historia\/\"]}]},{\"@type\":\"ImageObject\",\"inLanguage\":\"pl-PL\",\"@id\":\"https:\/\/zipline-dolinka.si\/pl\/nasza-historia\/#primaryimage\",\"url\":\"https:\/\/zipline-dolinka.si\/wp-content\/uploads\/2022\/06\/Private-1024x684.jpg\",\"contentUrl\":\"https:\/\/zipline-dolinka.si\/wp-content\/uploads\/2022\/06\/Private-1024x684.jpg\"},{\"@type\":\"BreadcrumbList\",\"@id\":\"https:\/\/zipline-dolinka.si\/pl\/nasza-historia\/#breadcrumb\",\"itemListElement\":[{\"@type\":\"ListItem\",\"position\":1,\"name\":\"Strona g\u0142\u00f3wna\",\"item\":\"https:\/\/zipline-dolinka.si\/pl\/\"},{\"@type\":\"ListItem\",\"position\":2,\"name\":\"Nasza historia\"}]},{\"@type\":\"WebSite\",\"@id\":\"https:\/\/zipline-dolinka.si\/pl\/#website\",\"url\":\"https:\/\/zipline-dolinka.si\/pl\/\",\"name\":\"Zipline Dolinka\",\"description\":\"The Longest Zipline in Europe\",\"publisher\":{\"@id\":\"https:\/\/zipline-dolinka.si\/pl\/#organization\"},\"potentialAction\":[{\"@type\":\"SearchAction\",\"target\":{\"@type\":\"EntryPoint\",\"urlTemplate\":\"https:\/\/zipline-dolinka.si\/pl\/?s={search_term_string}\"},\"query-input\":{\"@type\":\"PropertyValueSpecification\",\"valueRequired\":true,\"valueName\":\"search_term_string\"}}],\"inLanguage\":\"pl-PL\"},{\"@type\":\"Organization\",\"@id\":\"https:\/\/zipline-dolinka.si\/pl\/#organization\",\"name\":\"Zipline Dolinka Bled\",\"url\":\"https:\/\/zipline-dolinka.si\/pl\/\",\"logo\":{\"@type\":\"ImageObject\",\"inLanguage\":\"pl-PL\",\"@id\":\"https:\/\/zipline-dolinka.si\/pl\/#\/schema\/logo\/image\/\",\"url\":\"https:\/\/zipline-dolinka.si\/wp-content\/uploads\/2022\/05\/cropped-ziplinedolonka-favicon.png\",\"contentUrl\":\"https:\/\/zipline-dolinka.si\/wp-content\/uploads\/2022\/05\/cropped-ziplinedolonka-favicon.png\",\"width\":512,\"height\":512,\"caption\":\"Zipline Dolinka Bled\"},\"image\":{\"@id\":\"https:\/\/zipline-dolinka.si\/pl\/#\/schema\/logo\/image\/\"},\"sameAs\":[\"https:\/\/www.facebook.com\/ZiplineDolinka\/\",\"https:\/\/www.tripadvisor.com\/Attraction_Review-g274863-d14139627-Reviews-Zipline_Dolinka-Bled_Upper_Carniola_Region.html\"]}]}<\/script>\n<!-- \/ Yoast SEO plugin. -->","yoast_head_json":{"title":"Nasza historia - Zipline Dolinka","robots":{"index":"index","follow":"follow","max-snippet":"max-snippet:-1","max-image-preview":"max-image-preview:large","max-video-preview":"max-video-preview:-1"},"canonical":"https:\/\/zipline-dolinka.si\/pl\/nasza-historia\/","og_locale":"pl_PL","og_type":"article","og_title":"Nasza historia - Zipline Dolinka","og_description":"Poznaj nasz oddany zesp\u00f3\u0142, grup\u0119 pe\u0142nych pasji lokalnych mieszka\u0144c\u00f3w z obu brzeg\u00f3w rzeki, zjednoczonych wsp\u00f3ln\u0105 wizj\u0105 promowania zr\u00f3wnowa\u017conego rozwoju i zachowania bogatego naturalnego i kulturowego dziedzictwa, zlokalizowanego mi\u0119dzy pasmem g\u00f3rskim Karawanki a Alpami Julijskimi. Nasze korzenie si\u0119gaj\u0105 g\u0142\u0119boko tego czaruj\u0105cego regionu, pozwalaj\u0105c nam podej\u015b\u0107 do ochrony z wiedz\u0105 osoby z wn\u0119trza i gor\u0105cym zaanga\u017cowaniem w&hellip;&nbsp;Dowiedz si\u0119 wi\u0119cej &raquo;Nasza historia","og_url":"https:\/\/zipline-dolinka.si\/pl\/nasza-historia\/","og_site_name":"Zipline Dolinka","article_publisher":"https:\/\/www.facebook.com\/ZiplineDolinka\/","article_modified_time":"2023-06-15T11:39:08+00:00","og_image":[{"url":"https:\/\/zipline-dolinka.si\/wp-content\/uploads\/2022\/06\/Private-1024x684.jpg","type":"","width":"","height":""}],"twitter_card":"summary_large_image","twitter_misc":{"Szacowany czas czytania":"3 minuty"},"schema":{"@context":"https:\/\/schema.org","@graph":[{"@type":"WebPage","@id":"https:\/\/zipline-dolinka.si\/pl\/nasza-historia\/","url":"https:\/\/zipline-dolinka.si\/pl\/nasza-historia\/","name":"Nasza historia - Zipline Dolinka","isPartOf":{"@id":"https:\/\/zipline-dolinka.si\/pl\/#website"},"primaryImageOfPage":{"@id":"https:\/\/zipline-dolinka.si\/pl\/nasza-historia\/#primaryimage"},"image":{"@id":"https:\/\/zipline-dolinka.si\/pl\/nasza-historia\/#primaryimage"},"thumbnailUrl":"https:\/\/zipline-dolinka.si\/wp-content\/uploads\/2022\/06\/Private-1024x684.jpg","datePublished":"2022-06-16T20:20:18+00:00","dateModified":"2023-06-15T11:39:08+00:00","breadcrumb":{"@id":"https:\/\/zipline-dolinka.si\/pl\/nasza-historia\/#breadcrumb"},"inLanguage":"pl-PL","potentialAction":[{"@type":"ReadAction","target":["https:\/\/zipline-dolinka.si\/pl\/nasza-historia\/"]}]},{"@type":"ImageObject","inLanguage":"pl-PL","@id":"https:\/\/zipline-dolinka.si\/pl\/nasza-historia\/#primaryimage","url":"https:\/\/zipline-dolinka.si\/wp-content\/uploads\/2022\/06\/Private-1024x684.jpg","contentUrl":"https:\/\/zipline-dolinka.si\/wp-content\/uploads\/2022\/06\/Private-1024x684.jpg"},{"@type":"BreadcrumbList","@id":"https:\/\/zipline-dolinka.si\/pl\/nasza-historia\/#breadcrumb","itemListElement":[{"@type":"ListItem","position":1,"name":"Strona g\u0142\u00f3wna","item":"https:\/\/zipline-dolinka.si\/pl\/"},{"@type":"ListItem","position":2,"name":"Nasza historia"}]},{"@type":"WebSite","@id":"https:\/\/zipline-dolinka.si\/pl\/#website","url":"https:\/\/zipline-dolinka.si\/pl\/","name":"Zipline Dolinka","description":"The Longest Zipline in Europe","publisher":{"@id":"https:\/\/zipline-dolinka.si\/pl\/#organization"},"potentialAction":[{"@type":"SearchAction","target":{"@type":"EntryPoint","urlTemplate":"https:\/\/zipline-dolinka.si\/pl\/?s={search_term_string}"},"query-input":{"@type":"PropertyValueSpecification","valueRequired":true,"valueName":"search_term_string"}}],"inLanguage":"pl-PL"},{"@type":"Organization","@id":"https:\/\/zipline-dolinka.si\/pl\/#organization","name":"Zipline Dolinka Bled","url":"https:\/\/zipline-dolinka.si\/pl\/","logo":{"@type":"ImageObject","inLanguage":"pl-PL","@id":"https:\/\/zipline-dolinka.si\/pl\/#\/schema\/logo\/image\/","url":"https:\/\/zipline-dolinka.si\/wp-content\/uploads\/2022\/05\/cropped-ziplinedolonka-favicon.png","contentUrl":"https:\/\/zipline-dolinka.si\/wp-content\/uploads\/2022\/05\/cropped-ziplinedolonka-favicon.png","width":512,"height":512,"caption":"Zipline Dolinka Bled"},"image":{"@id":"https:\/\/zipline-dolinka.si\/pl\/#\/schema\/logo\/image\/"},"sameAs":["https:\/\/www.facebook.com\/ZiplineDolinka\/","https:\/\/www.tripadvisor.com\/Attraction_Review-g274863-d14139627-Reviews-Zipline_Dolinka-Bled_Upper_Carniola_Region.html"]}]}},"_links":{"self":[{"href":"https:\/\/zipline-dolinka.si\/pl\/wp-json\/wp\/v2\/pages\/3146","targetHints":{"allow":["GET"]}}],"collection":[{"href":"https:\/\/zipline-dolinka.si\/pl\/wp-json\/wp\/v2\/pages"}],"about":[{"href":"https:\/\/zipline-dolinka.si\/pl\/wp-json\/wp\/v2\/types\/page"}],"author":[{"embeddable":true,"href":"https:\/\/zipline-dolinka.si\/pl\/wp-json\/wp\/v2\/users\/2"}],"replies":[{"embeddable":true,"href":"https:\/\/zipline-dolinka.si\/pl\/wp-json\/wp\/v2\/comments?post=3146"}],"version-history":[{"count":0,"href":"https:\/\/zipline-dolinka.si\/pl\/wp-json\/wp\/v2\/pages\/3146\/revisions"}],"wp:attachment":[{"href":"https:\/\/zipline-dolinka.si\/pl\/wp-json\/wp\/v2\/media?parent=3146"}],"curies":[{"name":"wp","href":"https:\/\/api.w.org\/{rel}","templated":true}]}}