{"id":3142,"date":"2022-05-27T09:43:26","date_gmt":"2022-05-27T09:43:26","guid":{"rendered":"https:\/\/zipline-dolinka.si\/?page_id=3142"},"modified":"2023-06-15T11:30:47","modified_gmt":"2023-06-15T11:30:47","slug":"cookies","status":"publish","type":"page","link":"https:\/\/zipline-dolinka.si\/pl\/cookies\/","title":{"rendered":"Cookies"},"content":{"rendered":"\n<h2 class=\"wp-block-heading\">Czym s\u0105 pliki cookies?<\/h2>\n\n\n\n<p>Pliki cookie to ma\u0142e pliki tekstowe przechowywane na Twoim komputerze, kt\u00f3re s\u0142u\u017c\u0105 do przechowywania informacji o tym, ile razy odwiedzi\u0142e\u015b nasz\u0105 stron\u0119 internetow\u0105 oraz o tym, czym by\u0142e\u015b zainteresowany podczas tych wizyt. Pliki cookie nie zawieraj\u0105 \u017cadnych danych osobowych, kt\u00f3re mog\u0142yby by\u0107 u\u017cyte do zidentyfikowania Ciebie.<\/p>\n\n\n\n<h2 class=\"wp-block-heading\">Dlaczego pliki cookies s\u0105 niezb\u0119dne?<\/h2>\n\n\n\n<p>Pliki cookie pomagaj\u0105 nam zapewni\u0107 lepsze do\u015bwiadczenie u\u017cytkownika na naszej stronie internetowej.<\/p>\n\n\n\n<p>Na przyk\u0142ad, pliki cookie mog\u0105 zapisywa\u0107 Twoje preferencje i ustawienia, wpisy do formularzy online oraz informacje dla zarejestrowanych u\u017cytkownik\u00f3w.<\/p>\n\n\n\n<p>Bez plik\u00f3w cookie podstawowe funkcje e-biznesu by\u0142by niemo\u017cliwe. Konkretnie, sklepy internetowe u\u017cywaj\u0105 plik\u00f3w cookie do zapisywania produkt\u00f3w w koszyku, ulubionych produkt\u00f3w, innych informacji dotycz\u0105cych zakup\u00f3w, itp.<\/p>\n\n\n\n<p>Pliki cookie pozwalaj\u0105 nam rejestrowa\u0107 statystyki dotycz\u0105ce witryny, co z kolei pomaga nam odkry\u0107 i poprawi\u0107 ewentualne b\u0142\u0119dy oraz oferowa\u0107 lepsz\u0105 tre\u015b\u0107 lub bardziej odpowiedni\u0105 us\u0142ug\u0119 podczas kolejnych wizyt na naszej stronie internetowej.<\/p>\n\n\n\n<p>Za pomoc\u0105 plik\u00f3w cookie wszelkie partnerzy reklamowi mog\u0105 dostarcza\u0107 Ci odpowiednie reklamy. Niekt\u00f3re pliki cookie s\u0105 niezb\u0119dne do samego funkcjonowania strony internetowej, podczas gdy inne mog\u0105 by\u0107 przechowywane tylko za Twoj\u0105 zgod\u0105.<\/p>\n\n\n\n<h2 class=\"wp-block-heading\">Lista plik\u00f3w cookie<\/h2>\n\n\n\n<figure class=\"wp-block-table\"><table><thead><tr><th>Nazwa pliku cookie\u00a0<\/th><th>Cel<\/th><th>Czas trwania\u00a0<\/th><th>Pochodzenie<\/th><\/tr><\/thead><tbody><tr><td>_utma<\/td><td>Statystyki wy\u015bwietle\u0144 strony internetowej\u00a0<\/td><td>2 lata\u00a0<\/td><td>Google Analytics<\/td><\/tr><tr><td>_utmb<\/td><td>Statystyki wy\u015bwietle\u0144 strony internetowej\u00a0<\/td><td>30 minut<\/td><td>Google Analytics<\/td><\/tr><tr><td>_utmc<\/td><td>Statystyki wy\u015bwietle\u0144 strony internetowej\u00a0<\/td><td>Do zamkni\u0119cia przegl\u0105darki\u00a0<\/td><td>Google Analytics<\/td><\/tr><tr><td>_utmz<\/td><td>Statystyki wy\u015bwietle\u0144 strony internetowej\u00a0<\/td><td>6 miesi\u0119cy\u00a0<\/td><td>Google Analytics<\/td><\/tr><\/tbody><\/table><\/figure>\n\n\n\n<h2 class=\"wp-block-heading\">Wy\u0142\u0105czanie plik\u00f3w cookie<\/h2>\n\n\n\n<p>Wi\u0119kszo\u015b\u0107 przegl\u0105darek internetowych automatycznie akceptuje pliki cookie. Mo\u017cesz wy\u0142\u0105czy\u0107 pliki cookie w dowolnym momencie, zmieniaj\u0105c ustawienia swojej przegl\u0105darki. Informacje dotycz\u0105ce ustawie\u0144 plik\u00f3w cookie w poszczeg\u00f3lnych przegl\u0105darkach s\u0105 dost\u0119pne pod poni\u017cszymi linkami:\u00a0<\/p>\n\n\n\n<ul class=\"wp-block-list\">\n<li><a href=\"https:\/\/support.google.com\/chrome\/answer\/95647?hl=en&amp;p=cpn_cookies\" target=\"_blank\" rel=\"noreferrer noopener\">Chrome<\/a><\/li>\n\n\n\n<li><a href=\"http:\/\/support.mozilla.org\/en-US\/kb\/enable-and-disable-cookies-website-preferences\" target=\"_blank\" rel=\"noreferrer noopener\">Firefox<\/a><\/li>\n\n\n\n<li><a href=\"http:\/\/windows.microsoft.com\/en-us\/windows-vista\/block-or-allow-cookies\" target=\"_blank\" rel=\"noreferrer noopener\">Internet Explorer<\/a><\/li>\n\n\n\n<li><a href=\"http:\/\/www.opera.com\/help\/tutorials\/security\/privacy\/\" target=\"_blank\" rel=\"noreferrer noopener\">Opera<\/a><\/li>\n\n\n\n<li><a href=\"http:\/\/www.apple.com\/support\/safari\/\" target=\"_blank\" rel=\"noreferrer noopener\">Safari<\/a><\/li>\n<\/ul>\n\n\n\n<p>Wy\u0142\u0105czenie plik\u00f3w cookie spowoduje, \u017ce strona internetowa nie b\u0119dzie dzia\u0142a\u0107 optymalnie lub wy\u0142\u0105czy niekt\u00f3re z jej funkcji. Jednak nawet przy wy\u0142\u0105czonych wszystkich plikach cookie, Twoja przegl\u0105darka nadal b\u0119dzie odbiera\u0107 pewne informacje niezb\u0119dne do podstawowego dzia\u0142ania naszej witryny.<\/p>\n","protected":false},"excerpt":{"rendered":"<p>Czym s\u0105 pliki cookies? Pliki cookie to ma\u0142e pliki tekstowe przechowywane na Twoim komputerze, kt\u00f3re s\u0142u\u017c\u0105 do przechowywania informacji o tym, ile razy odwiedzi\u0142e\u015b nasz\u0105 stron\u0119 internetow\u0105 oraz o tym, czym by\u0142e\u015b zainteresowany podczas tych wizyt. Pliki cookie nie zawieraj\u0105 \u017cadnych danych osobowych, kt\u00f3re mog\u0142yby by\u0107 u\u017cyte do zidentyfikowania Ciebie. Dlaczego pliki cookies s\u0105 niezb\u0119dne?&hellip;&nbsp;<a href=\"https:\/\/zipline-dolinka.si\/pl\/cookies\/\" rel=\"bookmark\">Dowiedz si\u0119 wi\u0119cej &raquo;<span class=\"screen-reader-text\">Cookies<\/span><\/a><\/p>\n","protected":false},"author":2,"featured_media":0,"parent":0,"menu_order":11,"comment_status":"closed","ping_status":"open","template":"","meta":{"neve_meta_sidebar":"","neve_meta_container":"","neve_meta_enable_content_width":"","neve_meta_content_width":0,"neve_meta_title_alignment":"","neve_meta_author_avatar":"","neve_post_elements_order":"","neve_meta_disable_header":"","neve_meta_disable_footer":"","neve_meta_disable_title":"","_themeisle_gutenberg_block_has_review":false,"footnotes":""},"class_list":["post-3142","page","type-page","status-publish","hentry"],"yoast_head":"<!-- This site is optimized with the Yoast SEO plugin v27.0 - https:\/\/yoast.com\/product\/yoast-seo-wordpress\/ -->\n<title>Cookies - Zipline Dolinka<\/title>\n<meta name=\"robots\" content=\"index, follow, max-snippet:-1, max-image-preview:large, max-video-preview:-1\" \/>\n<link rel=\"canonical\" href=\"https:\/\/zipline-dolinka.si\/pl\/cookies\/\" \/>\n<meta property=\"og:locale\" content=\"pl_PL\" \/>\n<meta property=\"og:type\" content=\"article\" \/>\n<meta property=\"og:title\" content=\"Cookies - Zipline Dolinka\" \/>\n<meta property=\"og:description\" content=\"Czym s\u0105 pliki cookies? Pliki cookie to ma\u0142e pliki tekstowe przechowywane na Twoim komputerze, kt\u00f3re s\u0142u\u017c\u0105 do przechowywania informacji o tym, ile razy odwiedzi\u0142e\u015b nasz\u0105 stron\u0119 internetow\u0105 oraz o tym, czym by\u0142e\u015b zainteresowany podczas tych wizyt. Pliki cookie nie zawieraj\u0105 \u017cadnych danych osobowych, kt\u00f3re mog\u0142yby by\u0107 u\u017cyte do zidentyfikowania Ciebie. Dlaczego pliki cookies s\u0105 niezb\u0119dne?&hellip;&nbsp;Dowiedz si\u0119 wi\u0119cej &raquo;Cookies\" \/>\n<meta property=\"og:url\" content=\"https:\/\/zipline-dolinka.si\/pl\/cookies\/\" \/>\n<meta property=\"og:site_name\" content=\"Zipline Dolinka\" \/>\n<meta property=\"article:publisher\" content=\"https:\/\/www.facebook.com\/ZiplineDolinka\/\" \/>\n<meta property=\"article:modified_time\" content=\"2023-06-15T11:30:47+00:00\" \/>\n<meta name=\"twitter:card\" content=\"summary_large_image\" \/>\n<meta name=\"twitter:label1\" content=\"Szacowany czas czytania\" \/>\n\t<meta name=\"twitter:data1\" content=\"2 minuty\" \/>\n<script type=\"application\/ld+json\" class=\"yoast-schema-graph\">{\"@context\":\"https:\/\/schema.org\",\"@graph\":[{\"@type\":\"WebPage\",\"@id\":\"https:\/\/zipline-dolinka.si\/pl\/cookies\/\",\"url\":\"https:\/\/zipline-dolinka.si\/pl\/cookies\/\",\"name\":\"Cookies - Zipline Dolinka\",\"isPartOf\":{\"@id\":\"https:\/\/zipline-dolinka.si\/pl\/#website\"},\"datePublished\":\"2022-05-27T09:43:26+00:00\",\"dateModified\":\"2023-06-15T11:30:47+00:00\",\"breadcrumb\":{\"@id\":\"https:\/\/zipline-dolinka.si\/pl\/cookies\/#breadcrumb\"},\"inLanguage\":\"pl-PL\",\"potentialAction\":[{\"@type\":\"ReadAction\",\"target\":[\"https:\/\/zipline-dolinka.si\/pl\/cookies\/\"]}]},{\"@type\":\"BreadcrumbList\",\"@id\":\"https:\/\/zipline-dolinka.si\/pl\/cookies\/#breadcrumb\",\"itemListElement\":[{\"@type\":\"ListItem\",\"position\":1,\"name\":\"Strona g\u0142\u00f3wna\",\"item\":\"https:\/\/zipline-dolinka.si\/pl\/\"},{\"@type\":\"ListItem\",\"position\":2,\"name\":\"Cookies\"}]},{\"@type\":\"WebSite\",\"@id\":\"https:\/\/zipline-dolinka.si\/pl\/#website\",\"url\":\"https:\/\/zipline-dolinka.si\/pl\/\",\"name\":\"Zipline Dolinka\",\"description\":\"The Longest Zipline in Europe\",\"publisher\":{\"@id\":\"https:\/\/zipline-dolinka.si\/pl\/#organization\"},\"potentialAction\":[{\"@type\":\"SearchAction\",\"target\":{\"@type\":\"EntryPoint\",\"urlTemplate\":\"https:\/\/zipline-dolinka.si\/pl\/?s={search_term_string}\"},\"query-input\":{\"@type\":\"PropertyValueSpecification\",\"valueRequired\":true,\"valueName\":\"search_term_string\"}}],\"inLanguage\":\"pl-PL\"},{\"@type\":\"Organization\",\"@id\":\"https:\/\/zipline-dolinka.si\/pl\/#organization\",\"name\":\"Zipline Dolinka Bled\",\"url\":\"https:\/\/zipline-dolinka.si\/pl\/\",\"logo\":{\"@type\":\"ImageObject\",\"inLanguage\":\"pl-PL\",\"@id\":\"https:\/\/zipline-dolinka.si\/pl\/#\/schema\/logo\/image\/\",\"url\":\"https:\/\/zipline-dolinka.si\/wp-content\/uploads\/2022\/05\/cropped-ziplinedolonka-favicon.png\",\"contentUrl\":\"https:\/\/zipline-dolinka.si\/wp-content\/uploads\/2022\/05\/cropped-ziplinedolonka-favicon.png\",\"width\":512,\"height\":512,\"caption\":\"Zipline Dolinka Bled\"},\"image\":{\"@id\":\"https:\/\/zipline-dolinka.si\/pl\/#\/schema\/logo\/image\/\"},\"sameAs\":[\"https:\/\/www.facebook.com\/ZiplineDolinka\/\",\"https:\/\/www.tripadvisor.com\/Attraction_Review-g274863-d14139627-Reviews-Zipline_Dolinka-Bled_Upper_Carniola_Region.html\"]}]}<\/script>\n<!-- \/ Yoast SEO plugin. -->","yoast_head_json":{"title":"Cookies - Zipline Dolinka","robots":{"index":"index","follow":"follow","max-snippet":"max-snippet:-1","max-image-preview":"max-image-preview:large","max-video-preview":"max-video-preview:-1"},"canonical":"https:\/\/zipline-dolinka.si\/pl\/cookies\/","og_locale":"pl_PL","og_type":"article","og_title":"Cookies - Zipline Dolinka","og_description":"Czym s\u0105 pliki cookies? Pliki cookie to ma\u0142e pliki tekstowe przechowywane na Twoim komputerze, kt\u00f3re s\u0142u\u017c\u0105 do przechowywania informacji o tym, ile razy odwiedzi\u0142e\u015b nasz\u0105 stron\u0119 internetow\u0105 oraz o tym, czym by\u0142e\u015b zainteresowany podczas tych wizyt. Pliki cookie nie zawieraj\u0105 \u017cadnych danych osobowych, kt\u00f3re mog\u0142yby by\u0107 u\u017cyte do zidentyfikowania Ciebie. Dlaczego pliki cookies s\u0105 niezb\u0119dne?&hellip;&nbsp;Dowiedz si\u0119 wi\u0119cej &raquo;Cookies","og_url":"https:\/\/zipline-dolinka.si\/pl\/cookies\/","og_site_name":"Zipline Dolinka","article_publisher":"https:\/\/www.facebook.com\/ZiplineDolinka\/","article_modified_time":"2023-06-15T11:30:47+00:00","twitter_card":"summary_large_image","twitter_misc":{"Szacowany czas czytania":"2 minuty"},"schema":{"@context":"https:\/\/schema.org","@graph":[{"@type":"WebPage","@id":"https:\/\/zipline-dolinka.si\/pl\/cookies\/","url":"https:\/\/zipline-dolinka.si\/pl\/cookies\/","name":"Cookies - Zipline Dolinka","isPartOf":{"@id":"https:\/\/zipline-dolinka.si\/pl\/#website"},"datePublished":"2022-05-27T09:43:26+00:00","dateModified":"2023-06-15T11:30:47+00:00","breadcrumb":{"@id":"https:\/\/zipline-dolinka.si\/pl\/cookies\/#breadcrumb"},"inLanguage":"pl-PL","potentialAction":[{"@type":"ReadAction","target":["https:\/\/zipline-dolinka.si\/pl\/cookies\/"]}]},{"@type":"BreadcrumbList","@id":"https:\/\/zipline-dolinka.si\/pl\/cookies\/#breadcrumb","itemListElement":[{"@type":"ListItem","position":1,"name":"Strona g\u0142\u00f3wna","item":"https:\/\/zipline-dolinka.si\/pl\/"},{"@type":"ListItem","position":2,"name":"Cookies"}]},{"@type":"WebSite","@id":"https:\/\/zipline-dolinka.si\/pl\/#website","url":"https:\/\/zipline-dolinka.si\/pl\/","name":"Zipline Dolinka","description":"The Longest Zipline in Europe","publisher":{"@id":"https:\/\/zipline-dolinka.si\/pl\/#organization"},"potentialAction":[{"@type":"SearchAction","target":{"@type":"EntryPoint","urlTemplate":"https:\/\/zipline-dolinka.si\/pl\/?s={search_term_string}"},"query-input":{"@type":"PropertyValueSpecification","valueRequired":true,"valueName":"search_term_string"}}],"inLanguage":"pl-PL"},{"@type":"Organization","@id":"https:\/\/zipline-dolinka.si\/pl\/#organization","name":"Zipline Dolinka Bled","url":"https:\/\/zipline-dolinka.si\/pl\/","logo":{"@type":"ImageObject","inLanguage":"pl-PL","@id":"https:\/\/zipline-dolinka.si\/pl\/#\/schema\/logo\/image\/","url":"https:\/\/zipline-dolinka.si\/wp-content\/uploads\/2022\/05\/cropped-ziplinedolonka-favicon.png","contentUrl":"https:\/\/zipline-dolinka.si\/wp-content\/uploads\/2022\/05\/cropped-ziplinedolonka-favicon.png","width":512,"height":512,"caption":"Zipline Dolinka Bled"},"image":{"@id":"https:\/\/zipline-dolinka.si\/pl\/#\/schema\/logo\/image\/"},"sameAs":["https:\/\/www.facebook.com\/ZiplineDolinka\/","https:\/\/www.tripadvisor.com\/Attraction_Review-g274863-d14139627-Reviews-Zipline_Dolinka-Bled_Upper_Carniola_Region.html"]}]}},"_links":{"self":[{"href":"https:\/\/zipline-dolinka.si\/pl\/wp-json\/wp\/v2\/pages\/3142","targetHints":{"allow":["GET"]}}],"collection":[{"href":"https:\/\/zipline-dolinka.si\/pl\/wp-json\/wp\/v2\/pages"}],"about":[{"href":"https:\/\/zipline-dolinka.si\/pl\/wp-json\/wp\/v2\/types\/page"}],"author":[{"embeddable":true,"href":"https:\/\/zipline-dolinka.si\/pl\/wp-json\/wp\/v2\/users\/2"}],"replies":[{"embeddable":true,"href":"https:\/\/zipline-dolinka.si\/pl\/wp-json\/wp\/v2\/comments?post=3142"}],"version-history":[{"count":0,"href":"https:\/\/zipline-dolinka.si\/pl\/wp-json\/wp\/v2\/pages\/3142\/revisions"}],"wp:attachment":[{"href":"https:\/\/zipline-dolinka.si\/pl\/wp-json\/wp\/v2\/media?parent=3142"}],"curies":[{"name":"wp","href":"https:\/\/api.w.org\/{rel}","templated":true}]}}