{"id":3421,"date":"2022-11-11T09:14:51","date_gmt":"2022-11-11T09:14:51","guid":{"rendered":"https:\/\/zipline-dolinka.si\/?page_id=3421"},"modified":"2023-06-30T09:03:54","modified_gmt":"2023-06-30T09:03:54","slug":"metodi-di-pagamento","status":"publish","type":"page","link":"https:\/\/zipline-dolinka.si\/it\/metodi-di-pagamento\/","title":{"rendered":"Metodi di pagamento"},"content":{"rendered":"\n<div id=\"wp-block-themeisle-blocks-advanced-columns-0e12137a\" class=\"wp-block-themeisle-blocks-advanced-columns has-1-columns has-desktop-equal-layout has-tablet-equal-layout has-mobile-equal-layout has-vertical-unset\"><div class=\"wp-block-themeisle-blocks-advanced-columns-overlay\"><\/div><div class=\"innerblocks-wrap\">\n<div id=\"wp-block-themeisle-blocks-advanced-column-06b2b250\" class=\"wp-block-themeisle-blocks-advanced-column\">\n<h3 id=\"wp-block-themeisle-blocks-advanced-heading-f246226f\" class=\"wp-block-themeisle-blocks-advanced-heading wp-block-themeisle-blocks-advanced-heading-f246226f\">Carte di credito<\/h3>\n\n\n\n<p>Se non si dispone di un account PayPal, \u00e8 possibile effettuare pagamenti online tramite l&#8217;applicazione PayPal utilizzando le seguenti carte:<\/p>\n\n\n\n<ul class=\"wp-block-list\">\n<li>Mastercard<\/li>\n\n\n\n<li>Visa<\/li>\n\n\n\n<li>Maestro<\/li>\n<\/ul>\n\n\n\n<p>Se si prenota un servizio in anticipo per 48 ore, verr\u00e0 addebitato solo il 15% dei costi amministrativi sul vostro karma. L&#8217;85% rimanente verr\u00e0 addebitato dopo il periodo di cancellazione gratuita, che \u00e8 di 48 ore prima del servizio. Fino ad allora, verr\u00e0 riservata una somma pari all&#8217;85% sul vostro karma.<\/p>\n\n\n\n<p><\/p>\n\n\n\n<h3 id=\"wp-block-themeisle-blocks-advanced-heading-430eff9a\" class=\"wp-block-themeisle-blocks-advanced-heading wp-block-themeisle-blocks-advanced-heading-430eff9a\">Fattura proforma<\/h3>\n\n\n\n<p>Possiamo anche inviarvi una fattura proforma e potete effettuare il pagamento del servizio tramite bonifico sul nostro conto aziendale.<\/p>\n\n\n\n<p><\/p>\n\n\n\n<h3 id=\"wp-block-themeisle-blocks-advanced-heading-f505394c\" class=\"wp-block-themeisle-blocks-advanced-heading wp-block-themeisle-blocks-advanced-heading-f505394c\">Pagamento in contanti<\/h3>\n\n\n\n<p>\u00c8 possibile pagare tutti i servizi in contanti presso il nostro ufficio di accoglienza.<\/p>\n<\/div>\n<\/div><\/div>\n","protected":false},"excerpt":{"rendered":"","protected":false},"author":1,"featured_media":0,"parent":0,"menu_order":10,"comment_status":"closed","ping_status":"open","template":"","meta":{"neve_meta_sidebar":"","neve_meta_container":"","neve_meta_enable_content_width":"","neve_meta_content_width":0,"neve_meta_title_alignment":"","neve_meta_author_avatar":"","neve_post_elements_order":"","neve_meta_disable_header":"","neve_meta_disable_footer":"","neve_meta_disable_title":"","_themeisle_gutenberg_block_has_review":false,"footnotes":""},"class_list":["post-3421","page","type-page","status-publish","hentry"],"yoast_head":"<!-- This site is optimized with the Yoast SEO plugin v27.0 - https:\/\/yoast.com\/product\/yoast-seo-wordpress\/ -->\n<title>Metodi di pagamento - Zipline Dolinka<\/title>\n<meta name=\"robots\" content=\"index, follow, max-snippet:-1, max-image-preview:large, max-video-preview:-1\" \/>\n<link rel=\"canonical\" href=\"https:\/\/zipline-dolinka.si\/it\/metodi-di-pagamento\/\" \/>\n<meta property=\"og:locale\" content=\"it_IT\" \/>\n<meta property=\"og:type\" content=\"article\" \/>\n<meta property=\"og:title\" content=\"Metodi di pagamento - Zipline Dolinka\" \/>\n<meta property=\"og:url\" content=\"https:\/\/zipline-dolinka.si\/it\/metodi-di-pagamento\/\" \/>\n<meta property=\"og:site_name\" content=\"Zipline Dolinka\" \/>\n<meta property=\"article:publisher\" content=\"https:\/\/www.facebook.com\/ZiplineDolinka\/\" \/>\n<meta property=\"article:modified_time\" content=\"2023-06-30T09:03:54+00:00\" \/>\n<meta name=\"twitter:card\" content=\"summary_large_image\" \/>\n<meta name=\"twitter:label1\" content=\"Tempo di lettura stimato\" \/>\n\t<meta name=\"twitter:data1\" content=\"1 minuto\" \/>\n<script type=\"application\/ld+json\" class=\"yoast-schema-graph\">{\"@context\":\"https:\/\/schema.org\",\"@graph\":[{\"@type\":\"WebPage\",\"@id\":\"https:\/\/zipline-dolinka.si\/it\/metodi-di-pagamento\/\",\"url\":\"https:\/\/zipline-dolinka.si\/it\/metodi-di-pagamento\/\",\"name\":\"Metodi di pagamento - Zipline Dolinka\",\"isPartOf\":{\"@id\":\"https:\/\/zipline-dolinka.si\/it\/#website\"},\"datePublished\":\"2022-11-11T09:14:51+00:00\",\"dateModified\":\"2023-06-30T09:03:54+00:00\",\"breadcrumb\":{\"@id\":\"https:\/\/zipline-dolinka.si\/it\/metodi-di-pagamento\/#breadcrumb\"},\"inLanguage\":\"it-IT\",\"potentialAction\":[{\"@type\":\"ReadAction\",\"target\":[\"https:\/\/zipline-dolinka.si\/it\/metodi-di-pagamento\/\"]}]},{\"@type\":\"BreadcrumbList\",\"@id\":\"https:\/\/zipline-dolinka.si\/it\/metodi-di-pagamento\/#breadcrumb\",\"itemListElement\":[{\"@type\":\"ListItem\",\"position\":1,\"name\":\"Homepage\",\"item\":\"https:\/\/zipline-dolinka.si\/it\/\"},{\"@type\":\"ListItem\",\"position\":2,\"name\":\"Metodi di pagamento\"}]},{\"@type\":\"WebSite\",\"@id\":\"https:\/\/zipline-dolinka.si\/it\/#website\",\"url\":\"https:\/\/zipline-dolinka.si\/it\/\",\"name\":\"Zipline Dolinka\",\"description\":\"The Longest Zipline in Europe\",\"publisher\":{\"@id\":\"https:\/\/zipline-dolinka.si\/it\/#organization\"},\"potentialAction\":[{\"@type\":\"SearchAction\",\"target\":{\"@type\":\"EntryPoint\",\"urlTemplate\":\"https:\/\/zipline-dolinka.si\/it\/?s={search_term_string}\"},\"query-input\":{\"@type\":\"PropertyValueSpecification\",\"valueRequired\":true,\"valueName\":\"search_term_string\"}}],\"inLanguage\":\"it-IT\"},{\"@type\":\"Organization\",\"@id\":\"https:\/\/zipline-dolinka.si\/it\/#organization\",\"name\":\"Zipline Dolinka Bled\",\"url\":\"https:\/\/zipline-dolinka.si\/it\/\",\"logo\":{\"@type\":\"ImageObject\",\"inLanguage\":\"it-IT\",\"@id\":\"https:\/\/zipline-dolinka.si\/it\/#\/schema\/logo\/image\/\",\"url\":\"https:\/\/zipline-dolinka.si\/wp-content\/uploads\/2022\/05\/cropped-ziplinedolonka-favicon.png\",\"contentUrl\":\"https:\/\/zipline-dolinka.si\/wp-content\/uploads\/2022\/05\/cropped-ziplinedolonka-favicon.png\",\"width\":512,\"height\":512,\"caption\":\"Zipline Dolinka Bled\"},\"image\":{\"@id\":\"https:\/\/zipline-dolinka.si\/it\/#\/schema\/logo\/image\/\"},\"sameAs\":[\"https:\/\/www.facebook.com\/ZiplineDolinka\/\",\"https:\/\/www.tripadvisor.com\/Attraction_Review-g274863-d14139627-Reviews-Zipline_Dolinka-Bled_Upper_Carniola_Region.html\"]}]}<\/script>\n<!-- \/ Yoast SEO plugin. -->","yoast_head_json":{"title":"Metodi di pagamento - Zipline Dolinka","robots":{"index":"index","follow":"follow","max-snippet":"max-snippet:-1","max-image-preview":"max-image-preview:large","max-video-preview":"max-video-preview:-1"},"canonical":"https:\/\/zipline-dolinka.si\/it\/metodi-di-pagamento\/","og_locale":"it_IT","og_type":"article","og_title":"Metodi di pagamento - Zipline Dolinka","og_url":"https:\/\/zipline-dolinka.si\/it\/metodi-di-pagamento\/","og_site_name":"Zipline Dolinka","article_publisher":"https:\/\/www.facebook.com\/ZiplineDolinka\/","article_modified_time":"2023-06-30T09:03:54+00:00","twitter_card":"summary_large_image","twitter_misc":{"Tempo di lettura stimato":"1 minuto"},"schema":{"@context":"https:\/\/schema.org","@graph":[{"@type":"WebPage","@id":"https:\/\/zipline-dolinka.si\/it\/metodi-di-pagamento\/","url":"https:\/\/zipline-dolinka.si\/it\/metodi-di-pagamento\/","name":"Metodi di pagamento - Zipline Dolinka","isPartOf":{"@id":"https:\/\/zipline-dolinka.si\/it\/#website"},"datePublished":"2022-11-11T09:14:51+00:00","dateModified":"2023-06-30T09:03:54+00:00","breadcrumb":{"@id":"https:\/\/zipline-dolinka.si\/it\/metodi-di-pagamento\/#breadcrumb"},"inLanguage":"it-IT","potentialAction":[{"@type":"ReadAction","target":["https:\/\/zipline-dolinka.si\/it\/metodi-di-pagamento\/"]}]},{"@type":"BreadcrumbList","@id":"https:\/\/zipline-dolinka.si\/it\/metodi-di-pagamento\/#breadcrumb","itemListElement":[{"@type":"ListItem","position":1,"name":"Homepage","item":"https:\/\/zipline-dolinka.si\/it\/"},{"@type":"ListItem","position":2,"name":"Metodi di pagamento"}]},{"@type":"WebSite","@id":"https:\/\/zipline-dolinka.si\/it\/#website","url":"https:\/\/zipline-dolinka.si\/it\/","name":"Zipline Dolinka","description":"The Longest Zipline in Europe","publisher":{"@id":"https:\/\/zipline-dolinka.si\/it\/#organization"},"potentialAction":[{"@type":"SearchAction","target":{"@type":"EntryPoint","urlTemplate":"https:\/\/zipline-dolinka.si\/it\/?s={search_term_string}"},"query-input":{"@type":"PropertyValueSpecification","valueRequired":true,"valueName":"search_term_string"}}],"inLanguage":"it-IT"},{"@type":"Organization","@id":"https:\/\/zipline-dolinka.si\/it\/#organization","name":"Zipline Dolinka Bled","url":"https:\/\/zipline-dolinka.si\/it\/","logo":{"@type":"ImageObject","inLanguage":"it-IT","@id":"https:\/\/zipline-dolinka.si\/it\/#\/schema\/logo\/image\/","url":"https:\/\/zipline-dolinka.si\/wp-content\/uploads\/2022\/05\/cropped-ziplinedolonka-favicon.png","contentUrl":"https:\/\/zipline-dolinka.si\/wp-content\/uploads\/2022\/05\/cropped-ziplinedolonka-favicon.png","width":512,"height":512,"caption":"Zipline Dolinka Bled"},"image":{"@id":"https:\/\/zipline-dolinka.si\/it\/#\/schema\/logo\/image\/"},"sameAs":["https:\/\/www.facebook.com\/ZiplineDolinka\/","https:\/\/www.tripadvisor.com\/Attraction_Review-g274863-d14139627-Reviews-Zipline_Dolinka-Bled_Upper_Carniola_Region.html"]}]}},"_links":{"self":[{"href":"https:\/\/zipline-dolinka.si\/it\/wp-json\/wp\/v2\/pages\/3421","targetHints":{"allow":["GET"]}}],"collection":[{"href":"https:\/\/zipline-dolinka.si\/it\/wp-json\/wp\/v2\/pages"}],"about":[{"href":"https:\/\/zipline-dolinka.si\/it\/wp-json\/wp\/v2\/types\/page"}],"author":[{"embeddable":true,"href":"https:\/\/zipline-dolinka.si\/it\/wp-json\/wp\/v2\/users\/1"}],"replies":[{"embeddable":true,"href":"https:\/\/zipline-dolinka.si\/it\/wp-json\/wp\/v2\/comments?post=3421"}],"version-history":[{"count":0,"href":"https:\/\/zipline-dolinka.si\/it\/wp-json\/wp\/v2\/pages\/3421\/revisions"}],"wp:attachment":[{"href":"https:\/\/zipline-dolinka.si\/it\/wp-json\/wp\/v2\/media?parent=3421"}],"curies":[{"name":"wp","href":"https:\/\/api.w.org\/{rel}","templated":true}]}}