{"id":3285,"date":"2022-06-15T18:44:24","date_gmt":"2022-06-15T18:44:24","guid":{"rendered":"https:\/\/zipline-dolinka.si\/?page_id=3285"},"modified":"2023-06-28T05:59:58","modified_gmt":"2023-06-28T05:59:58","slug":"tour-classico-zipline-dolinka","status":"publish","type":"page","link":"https:\/\/zipline-dolinka.si\/it\/tour\/tour-classico-zipline-dolinka\/","title":{"rendered":"Tour Classico Zipline Dolinka"},"content":{"rendered":"\n<div id=\"wp-block-themeisle-blocks-advanced-columns-832f3724\" class=\"wp-block-themeisle-blocks-advanced-columns has-2-columns has-desktop-equal-layout has-tablet-equal-layout has-mobile-collapsedRows-layout has-vertical-unset\"><div class=\"wp-block-themeisle-blocks-advanced-columns-overlay\"><\/div><div class=\"innerblocks-wrap\">\n<div id=\"wp-block-themeisle-blocks-advanced-column-0d8c41df\" class=\"wp-block-themeisle-blocks-advanced-column\">\n\n\n\n<script>\nga(function (tracker) {\n \/\/ Gets the client ID of the default tracker.\n var clientId = tracker.get('clientId');\n\n\n \/\/ Gets the Checkfront iframe.\n var checkfrontIframe = document.getElementById('CHECKFRONT_WIDGET_01').getElementsByTagName('iframe')[0]; \n\n\n \/\/ Sends the client ID to the window inside the destination frame, once it's loaded.\n checkfrontIframe.addEventListener(\"load\", function () {\n this.contentWindow.postMessage(clientId, 'https:\/\/zipline-dolinka.checkfront.com');\n });\n});\n<\/script>\n<\/div>\n\n\n\n<div id=\"wp-block-themeisle-blocks-advanced-column-f504d8eb\" class=\"wp-block-themeisle-blocks-advanced-column\">\n<p>Immergiti nella bellezza della natura e nell&#8217;emozione dell&#8217;avventura con il nostro biglietto Classico Zipline Dolinka. Questa esperienza accuratamente progettata unisce in armonia corse adrenaliniche in zipline con l&#8217;imponente panorama della valle, dove il fiume serpeggia elegantemente attraverso foreste rigogliose e fiorite zone umide. Mentre sfrecci nell&#8217;aria, l&#8217;affascinante paesaggio sottostante serve come una potente testimonianza della bellezza della coesistenza naturale e spesso ispira gli ospiti a un pensiero pi\u00f9 sostenibile.<\/p>\n\n\n\n<p>Il biglietto classico di Zipline Dolinka \u00e8 pi\u00f9 di una semplice tour in zipline &#8211; \u00e8 un&#8217;esperienza all&#8217;aperto che emoziona e illumina. Ti lanci in un viaggio adrenalinico di 4 km su 7 diverse zipline, intermezzato da un viaggio eco-consapevole attraverso l&#8217;affascinante valle del fiume Sava Dolinka.<\/p>\n\n\n\n<p>Il tour include anche diverse soste che offrono affascinanti approfondimenti sulla flora e fauna locali e una vista magnifica sulle cime del Monte Triglav, Stol e Babji Zob. L&#8217;intero viaggio, pieno di emozioni e bellezza naturale, dura circa 2,5 ore.<\/p>\n\n\n\n<p>Vivi l&#8217;emozione della zipline e la tranquillit\u00e0 della natura con il nostro tour classico Zipline Dolinka. La tua avventura ti aspetta!<\/p>\n<\/div>\n<\/div><\/div>\n","protected":false},"excerpt":{"rendered":"","protected":false},"author":1,"featured_media":0,"parent":2567,"menu_order":2,"comment_status":"closed","ping_status":"closed","template":"","meta":{"neve_meta_sidebar":"","neve_meta_container":"","neve_meta_enable_content_width":"","neve_meta_content_width":0,"neve_meta_title_alignment":"","neve_meta_author_avatar":"","neve_post_elements_order":"","neve_meta_disable_header":"","neve_meta_disable_footer":"","neve_meta_disable_title":"","_themeisle_gutenberg_block_has_review":false,"footnotes":""},"class_list":["post-3285","page","type-page","status-publish","hentry"],"yoast_head":"<!-- This site is optimized with the Yoast SEO plugin v27.0 - https:\/\/yoast.com\/product\/yoast-seo-wordpress\/ -->\n<title>Tour Classico Zipline Dolinka - Zipline Dolinka<\/title>\n<meta name=\"robots\" content=\"index, follow, max-snippet:-1, max-image-preview:large, max-video-preview:-1\" \/>\n<link rel=\"canonical\" href=\"https:\/\/zipline-dolinka.si\/it\/tour\/tour-classico-zipline-dolinka\/\" \/>\n<meta property=\"og:locale\" content=\"it_IT\" \/>\n<meta property=\"og:type\" content=\"article\" \/>\n<meta property=\"og:title\" content=\"Tour Classico Zipline Dolinka - Zipline Dolinka\" \/>\n<meta property=\"og:url\" content=\"https:\/\/zipline-dolinka.si\/it\/tour\/tour-classico-zipline-dolinka\/\" \/>\n<meta property=\"og:site_name\" content=\"Zipline Dolinka\" \/>\n<meta property=\"article:publisher\" content=\"https:\/\/www.facebook.com\/ZiplineDolinka\/\" \/>\n<meta property=\"article:modified_time\" content=\"2023-06-28T05:59:58+00:00\" \/>\n<meta name=\"twitter:card\" content=\"summary_large_image\" \/>\n<meta name=\"twitter:label1\" content=\"Tempo di lettura stimato\" \/>\n\t<meta name=\"twitter:data1\" content=\"1 minuto\" \/>\n<script type=\"application\/ld+json\" class=\"yoast-schema-graph\">{\"@context\":\"https:\/\/schema.org\",\"@graph\":[{\"@type\":\"WebPage\",\"@id\":\"https:\/\/zipline-dolinka.si\/it\/tour\/tour-classico-zipline-dolinka\/\",\"url\":\"https:\/\/zipline-dolinka.si\/it\/tour\/tour-classico-zipline-dolinka\/\",\"name\":\"Tour Classico Zipline Dolinka - Zipline Dolinka\",\"isPartOf\":{\"@id\":\"https:\/\/zipline-dolinka.si\/it\/#website\"},\"datePublished\":\"2022-06-15T18:44:24+00:00\",\"dateModified\":\"2023-06-28T05:59:58+00:00\",\"breadcrumb\":{\"@id\":\"https:\/\/zipline-dolinka.si\/it\/tour\/tour-classico-zipline-dolinka\/#breadcrumb\"},\"inLanguage\":\"it-IT\",\"potentialAction\":[{\"@type\":\"ReadAction\",\"target\":[\"https:\/\/zipline-dolinka.si\/it\/tour\/tour-classico-zipline-dolinka\/\"]}]},{\"@type\":\"BreadcrumbList\",\"@id\":\"https:\/\/zipline-dolinka.si\/it\/tour\/tour-classico-zipline-dolinka\/#breadcrumb\",\"itemListElement\":[{\"@type\":\"ListItem\",\"position\":1,\"name\":\"Homepage\",\"item\":\"https:\/\/zipline-dolinka.si\/it\/\"},{\"@type\":\"ListItem\",\"position\":2,\"name\":\"Tour in zipline\",\"item\":\"https:\/\/zipline-dolinka.si\/it\/tour\/\"},{\"@type\":\"ListItem\",\"position\":3,\"name\":\"Tour Classico Zipline Dolinka\"}]},{\"@type\":\"WebSite\",\"@id\":\"https:\/\/zipline-dolinka.si\/it\/#website\",\"url\":\"https:\/\/zipline-dolinka.si\/it\/\",\"name\":\"Zipline Dolinka\",\"description\":\"The Longest Zipline in Europe\",\"publisher\":{\"@id\":\"https:\/\/zipline-dolinka.si\/it\/#organization\"},\"potentialAction\":[{\"@type\":\"SearchAction\",\"target\":{\"@type\":\"EntryPoint\",\"urlTemplate\":\"https:\/\/zipline-dolinka.si\/it\/?s={search_term_string}\"},\"query-input\":{\"@type\":\"PropertyValueSpecification\",\"valueRequired\":true,\"valueName\":\"search_term_string\"}}],\"inLanguage\":\"it-IT\"},{\"@type\":\"Organization\",\"@id\":\"https:\/\/zipline-dolinka.si\/it\/#organization\",\"name\":\"Zipline Dolinka Bled\",\"url\":\"https:\/\/zipline-dolinka.si\/it\/\",\"logo\":{\"@type\":\"ImageObject\",\"inLanguage\":\"it-IT\",\"@id\":\"https:\/\/zipline-dolinka.si\/it\/#\/schema\/logo\/image\/\",\"url\":\"https:\/\/zipline-dolinka.si\/wp-content\/uploads\/2022\/05\/cropped-ziplinedolonka-favicon.png\",\"contentUrl\":\"https:\/\/zipline-dolinka.si\/wp-content\/uploads\/2022\/05\/cropped-ziplinedolonka-favicon.png\",\"width\":512,\"height\":512,\"caption\":\"Zipline Dolinka Bled\"},\"image\":{\"@id\":\"https:\/\/zipline-dolinka.si\/it\/#\/schema\/logo\/image\/\"},\"sameAs\":[\"https:\/\/www.facebook.com\/ZiplineDolinka\/\",\"https:\/\/www.tripadvisor.com\/Attraction_Review-g274863-d14139627-Reviews-Zipline_Dolinka-Bled_Upper_Carniola_Region.html\"]}]}<\/script>\n<!-- \/ Yoast SEO plugin. -->","yoast_head_json":{"title":"Tour Classico Zipline Dolinka - Zipline Dolinka","robots":{"index":"index","follow":"follow","max-snippet":"max-snippet:-1","max-image-preview":"max-image-preview:large","max-video-preview":"max-video-preview:-1"},"canonical":"https:\/\/zipline-dolinka.si\/it\/tour\/tour-classico-zipline-dolinka\/","og_locale":"it_IT","og_type":"article","og_title":"Tour Classico Zipline Dolinka - Zipline Dolinka","og_url":"https:\/\/zipline-dolinka.si\/it\/tour\/tour-classico-zipline-dolinka\/","og_site_name":"Zipline Dolinka","article_publisher":"https:\/\/www.facebook.com\/ZiplineDolinka\/","article_modified_time":"2023-06-28T05:59:58+00:00","twitter_card":"summary_large_image","twitter_misc":{"Tempo di lettura stimato":"1 minuto"},"schema":{"@context":"https:\/\/schema.org","@graph":[{"@type":"WebPage","@id":"https:\/\/zipline-dolinka.si\/it\/tour\/tour-classico-zipline-dolinka\/","url":"https:\/\/zipline-dolinka.si\/it\/tour\/tour-classico-zipline-dolinka\/","name":"Tour Classico Zipline Dolinka - Zipline Dolinka","isPartOf":{"@id":"https:\/\/zipline-dolinka.si\/it\/#website"},"datePublished":"2022-06-15T18:44:24+00:00","dateModified":"2023-06-28T05:59:58+00:00","breadcrumb":{"@id":"https:\/\/zipline-dolinka.si\/it\/tour\/tour-classico-zipline-dolinka\/#breadcrumb"},"inLanguage":"it-IT","potentialAction":[{"@type":"ReadAction","target":["https:\/\/zipline-dolinka.si\/it\/tour\/tour-classico-zipline-dolinka\/"]}]},{"@type":"BreadcrumbList","@id":"https:\/\/zipline-dolinka.si\/it\/tour\/tour-classico-zipline-dolinka\/#breadcrumb","itemListElement":[{"@type":"ListItem","position":1,"name":"Homepage","item":"https:\/\/zipline-dolinka.si\/it\/"},{"@type":"ListItem","position":2,"name":"Tour in zipline","item":"https:\/\/zipline-dolinka.si\/it\/tour\/"},{"@type":"ListItem","position":3,"name":"Tour Classico Zipline Dolinka"}]},{"@type":"WebSite","@id":"https:\/\/zipline-dolinka.si\/it\/#website","url":"https:\/\/zipline-dolinka.si\/it\/","name":"Zipline Dolinka","description":"The Longest Zipline in Europe","publisher":{"@id":"https:\/\/zipline-dolinka.si\/it\/#organization"},"potentialAction":[{"@type":"SearchAction","target":{"@type":"EntryPoint","urlTemplate":"https:\/\/zipline-dolinka.si\/it\/?s={search_term_string}"},"query-input":{"@type":"PropertyValueSpecification","valueRequired":true,"valueName":"search_term_string"}}],"inLanguage":"it-IT"},{"@type":"Organization","@id":"https:\/\/zipline-dolinka.si\/it\/#organization","name":"Zipline Dolinka Bled","url":"https:\/\/zipline-dolinka.si\/it\/","logo":{"@type":"ImageObject","inLanguage":"it-IT","@id":"https:\/\/zipline-dolinka.si\/it\/#\/schema\/logo\/image\/","url":"https:\/\/zipline-dolinka.si\/wp-content\/uploads\/2022\/05\/cropped-ziplinedolonka-favicon.png","contentUrl":"https:\/\/zipline-dolinka.si\/wp-content\/uploads\/2022\/05\/cropped-ziplinedolonka-favicon.png","width":512,"height":512,"caption":"Zipline Dolinka Bled"},"image":{"@id":"https:\/\/zipline-dolinka.si\/it\/#\/schema\/logo\/image\/"},"sameAs":["https:\/\/www.facebook.com\/ZiplineDolinka\/","https:\/\/www.tripadvisor.com\/Attraction_Review-g274863-d14139627-Reviews-Zipline_Dolinka-Bled_Upper_Carniola_Region.html"]}]}},"_links":{"self":[{"href":"https:\/\/zipline-dolinka.si\/it\/wp-json\/wp\/v2\/pages\/3285","targetHints":{"allow":["GET"]}}],"collection":[{"href":"https:\/\/zipline-dolinka.si\/it\/wp-json\/wp\/v2\/pages"}],"about":[{"href":"https:\/\/zipline-dolinka.si\/it\/wp-json\/wp\/v2\/types\/page"}],"author":[{"embeddable":true,"href":"https:\/\/zipline-dolinka.si\/it\/wp-json\/wp\/v2\/users\/1"}],"replies":[{"embeddable":true,"href":"https:\/\/zipline-dolinka.si\/it\/wp-json\/wp\/v2\/comments?post=3285"}],"version-history":[{"count":0,"href":"https:\/\/zipline-dolinka.si\/it\/wp-json\/wp\/v2\/pages\/3285\/revisions"}],"up":[{"embeddable":true,"href":"https:\/\/zipline-dolinka.si\/it\/wp-json\/wp\/v2\/pages\/2567"}],"wp:attachment":[{"href":"https:\/\/zipline-dolinka.si\/it\/wp-json\/wp\/v2\/media?parent=3285"}],"curies":[{"name":"wp","href":"https:\/\/api.w.org\/{rel}","templated":true}]}}