{"id":3280,"date":"2022-06-15T18:45:14","date_gmt":"2022-06-15T18:45:14","guid":{"rendered":"https:\/\/zipline-dolinka.si\/?page_id=3280"},"modified":"2023-06-28T05:54:12","modified_gmt":"2023-06-28T05:54:12","slug":"tour-zipline-dolinka-per-famiglie","status":"publish","type":"page","link":"https:\/\/zipline-dolinka.si\/it\/tour\/tour-zipline-dolinka-per-famiglie\/","title":{"rendered":"Tour Zipline Dolinka per Famiglie"},"content":{"rendered":"\n<p><\/p>\n\n\n\n<div id=\"wp-block-themeisle-blocks-advanced-columns-1b153f13\" class=\"wp-block-themeisle-blocks-advanced-columns has-2-columns has-desktop-equal-layout has-tablet-equal-layout has-mobile-collapsedRows-layout has-vertical-unset\"><div class=\"wp-block-themeisle-blocks-advanced-columns-overlay\"><\/div><div class=\"innerblocks-wrap\">\n<div id=\"wp-block-themeisle-blocks-advanced-column-5110ee37\" class=\"wp-block-themeisle-blocks-advanced-column\">\n\n\n\n<script>\nga(function (tracker) {\n \/\/ Gets the client ID of the default tracker.\n var clientId = tracker.get('clientId');\n\n\n \/\/ Gets the Checkfront iframe.\n var checkfrontIframe = document.getElementById('CHECKFRONT_WIDGET_01').getElementsByTagName('iframe')[0]; \n\n\n \/\/ Sends the client ID to the window inside the destination frame, once it's loaded.\n checkfrontIframe.addEventListener(\"load\", function () {\n this.contentWindow.postMessage(clientId, 'https:\/\/zipline-dolinka.checkfront.com');\n });\n});\n<\/script>\n<\/div>\n\n\n\n<div id=\"wp-block-themeisle-blocks-advanced-column-5c1dcf60\" class=\"wp-block-themeisle-blocks-advanced-column\">\n<p>Scatenate il vostro spirito avventuroso di famiglia con il nostro biglietto Zipline Dolinka per Famiglie! Quest&#8217;attivit\u00e0 adatta a tutta la famiglia, che entusiasma sia i bambini (a partire dai 6 anni) che gli adulti, offre il perfetto mix di emozioni e legame. Pianificare una vacanza in famiglia che soddisfi tutte le fasce d&#8217;et\u00e0 pu\u00f2 essere una sfida, ma la nostra avventura in zipline colma questo divario senza sforzo. Immagina di librarti nel cielo come un uccello e di esplorare la fauna selvatica nel suo naturale habitat alpino &#8211; un&#8217;esperienza senza pari. <\/p>\n\n\n\n<p>Che sia la vostra prima avventura in zipline in famiglia o che siate esperti in cerca di brividi, siamo sicuri che amerete l&#8217;unico ed eccitante viaggio che abbiamo preparato per voi. Incontrate una fauna variegata, ammirate il bellissimo fiume e gli alberi e godetevi la vista mozzafiato sul paesaggio naturale &#8211; \u00e8 una scarica di adrenalina che nessun&#8217;altra attivit\u00e0 pu\u00f2 offrire.<\/p>\n\n\n\n<p>Il biglietto per famiglie include un emozionante viaggio di 4 km su sette diverse zipline, ognuna lunga tra i 300 e i 700 metri. Attraverserete interessanti sentieri boschivi e campi che collegano le singole zipline. Lungo il percorso, faremo diverse soste che offrono affascinanti approfondimenti sulla flora e fauna locali e una vista spettacolare sulle cime del Monte Triglav, Stol e Babji Zob. Create ricordi indimenticabili e condividete storie durature con il nostro tour Zipline Dolinka per famiglie. <\/p>\n\n\n\n<p>Sperimentate un&#8217;emozione che far\u00e0 appello a tutta la famiglia e creer\u00e0 un&#8217;avventura che si ricorder\u00e0 per tutta la vita!<\/p>\n<\/div>\n<\/div><\/div>\n","protected":false},"excerpt":{"rendered":"","protected":false},"author":1,"featured_media":0,"parent":2567,"menu_order":1,"comment_status":"closed","ping_status":"closed","template":"","meta":{"neve_meta_sidebar":"","neve_meta_container":"","neve_meta_enable_content_width":"","neve_meta_content_width":0,"neve_meta_title_alignment":"","neve_meta_author_avatar":"","neve_post_elements_order":"","neve_meta_disable_header":"","neve_meta_disable_footer":"","neve_meta_disable_title":"","_themeisle_gutenberg_block_has_review":false,"footnotes":""},"class_list":["post-3280","page","type-page","status-publish","hentry"],"yoast_head":"<!-- This site is optimized with the Yoast SEO plugin v27.0 - https:\/\/yoast.com\/product\/yoast-seo-wordpress\/ -->\n<title>Tour Zipline Dolinka per Famiglie - Zipline Dolinka<\/title>\n<meta name=\"robots\" content=\"index, follow, max-snippet:-1, max-image-preview:large, max-video-preview:-1\" \/>\n<link rel=\"canonical\" href=\"https:\/\/zipline-dolinka.si\/it\/tour\/tour-zipline-dolinka-per-famiglie\/\" \/>\n<meta property=\"og:locale\" content=\"it_IT\" \/>\n<meta property=\"og:type\" content=\"article\" \/>\n<meta property=\"og:title\" content=\"Tour Zipline Dolinka per Famiglie - Zipline Dolinka\" \/>\n<meta property=\"og:url\" content=\"https:\/\/zipline-dolinka.si\/it\/tour\/tour-zipline-dolinka-per-famiglie\/\" \/>\n<meta property=\"og:site_name\" content=\"Zipline Dolinka\" \/>\n<meta property=\"article:publisher\" content=\"https:\/\/www.facebook.com\/ZiplineDolinka\/\" \/>\n<meta property=\"article:modified_time\" content=\"2023-06-28T05:54:12+00:00\" \/>\n<meta name=\"twitter:card\" content=\"summary_large_image\" \/>\n<meta name=\"twitter:label1\" content=\"Tempo di lettura stimato\" \/>\n\t<meta name=\"twitter:data1\" content=\"1 minuto\" \/>\n<script type=\"application\/ld+json\" class=\"yoast-schema-graph\">{\"@context\":\"https:\/\/schema.org\",\"@graph\":[{\"@type\":\"WebPage\",\"@id\":\"https:\/\/zipline-dolinka.si\/it\/tour\/tour-zipline-dolinka-per-famiglie\/\",\"url\":\"https:\/\/zipline-dolinka.si\/it\/tour\/tour-zipline-dolinka-per-famiglie\/\",\"name\":\"Tour Zipline Dolinka per Famiglie - Zipline Dolinka\",\"isPartOf\":{\"@id\":\"https:\/\/zipline-dolinka.si\/it\/#website\"},\"datePublished\":\"2022-06-15T18:45:14+00:00\",\"dateModified\":\"2023-06-28T05:54:12+00:00\",\"breadcrumb\":{\"@id\":\"https:\/\/zipline-dolinka.si\/it\/tour\/tour-zipline-dolinka-per-famiglie\/#breadcrumb\"},\"inLanguage\":\"it-IT\",\"potentialAction\":[{\"@type\":\"ReadAction\",\"target\":[\"https:\/\/zipline-dolinka.si\/it\/tour\/tour-zipline-dolinka-per-famiglie\/\"]}]},{\"@type\":\"BreadcrumbList\",\"@id\":\"https:\/\/zipline-dolinka.si\/it\/tour\/tour-zipline-dolinka-per-famiglie\/#breadcrumb\",\"itemListElement\":[{\"@type\":\"ListItem\",\"position\":1,\"name\":\"Homepage\",\"item\":\"https:\/\/zipline-dolinka.si\/it\/\"},{\"@type\":\"ListItem\",\"position\":2,\"name\":\"Tour in zipline\",\"item\":\"https:\/\/zipline-dolinka.si\/it\/tour\/\"},{\"@type\":\"ListItem\",\"position\":3,\"name\":\"Tour Zipline Dolinka per Famiglie\"}]},{\"@type\":\"WebSite\",\"@id\":\"https:\/\/zipline-dolinka.si\/it\/#website\",\"url\":\"https:\/\/zipline-dolinka.si\/it\/\",\"name\":\"Zipline Dolinka\",\"description\":\"The Longest Zipline in Europe\",\"publisher\":{\"@id\":\"https:\/\/zipline-dolinka.si\/it\/#organization\"},\"potentialAction\":[{\"@type\":\"SearchAction\",\"target\":{\"@type\":\"EntryPoint\",\"urlTemplate\":\"https:\/\/zipline-dolinka.si\/it\/?s={search_term_string}\"},\"query-input\":{\"@type\":\"PropertyValueSpecification\",\"valueRequired\":true,\"valueName\":\"search_term_string\"}}],\"inLanguage\":\"it-IT\"},{\"@type\":\"Organization\",\"@id\":\"https:\/\/zipline-dolinka.si\/it\/#organization\",\"name\":\"Zipline Dolinka Bled\",\"url\":\"https:\/\/zipline-dolinka.si\/it\/\",\"logo\":{\"@type\":\"ImageObject\",\"inLanguage\":\"it-IT\",\"@id\":\"https:\/\/zipline-dolinka.si\/it\/#\/schema\/logo\/image\/\",\"url\":\"https:\/\/zipline-dolinka.si\/wp-content\/uploads\/2022\/05\/cropped-ziplinedolonka-favicon.png\",\"contentUrl\":\"https:\/\/zipline-dolinka.si\/wp-content\/uploads\/2022\/05\/cropped-ziplinedolonka-favicon.png\",\"width\":512,\"height\":512,\"caption\":\"Zipline Dolinka Bled\"},\"image\":{\"@id\":\"https:\/\/zipline-dolinka.si\/it\/#\/schema\/logo\/image\/\"},\"sameAs\":[\"https:\/\/www.facebook.com\/ZiplineDolinka\/\",\"https:\/\/www.tripadvisor.com\/Attraction_Review-g274863-d14139627-Reviews-Zipline_Dolinka-Bled_Upper_Carniola_Region.html\"]}]}<\/script>\n<!-- \/ Yoast SEO plugin. -->","yoast_head_json":{"title":"Tour Zipline Dolinka per Famiglie - Zipline Dolinka","robots":{"index":"index","follow":"follow","max-snippet":"max-snippet:-1","max-image-preview":"max-image-preview:large","max-video-preview":"max-video-preview:-1"},"canonical":"https:\/\/zipline-dolinka.si\/it\/tour\/tour-zipline-dolinka-per-famiglie\/","og_locale":"it_IT","og_type":"article","og_title":"Tour Zipline Dolinka per Famiglie - Zipline Dolinka","og_url":"https:\/\/zipline-dolinka.si\/it\/tour\/tour-zipline-dolinka-per-famiglie\/","og_site_name":"Zipline Dolinka","article_publisher":"https:\/\/www.facebook.com\/ZiplineDolinka\/","article_modified_time":"2023-06-28T05:54:12+00:00","twitter_card":"summary_large_image","twitter_misc":{"Tempo di lettura stimato":"1 minuto"},"schema":{"@context":"https:\/\/schema.org","@graph":[{"@type":"WebPage","@id":"https:\/\/zipline-dolinka.si\/it\/tour\/tour-zipline-dolinka-per-famiglie\/","url":"https:\/\/zipline-dolinka.si\/it\/tour\/tour-zipline-dolinka-per-famiglie\/","name":"Tour Zipline Dolinka per Famiglie - Zipline Dolinka","isPartOf":{"@id":"https:\/\/zipline-dolinka.si\/it\/#website"},"datePublished":"2022-06-15T18:45:14+00:00","dateModified":"2023-06-28T05:54:12+00:00","breadcrumb":{"@id":"https:\/\/zipline-dolinka.si\/it\/tour\/tour-zipline-dolinka-per-famiglie\/#breadcrumb"},"inLanguage":"it-IT","potentialAction":[{"@type":"ReadAction","target":["https:\/\/zipline-dolinka.si\/it\/tour\/tour-zipline-dolinka-per-famiglie\/"]}]},{"@type":"BreadcrumbList","@id":"https:\/\/zipline-dolinka.si\/it\/tour\/tour-zipline-dolinka-per-famiglie\/#breadcrumb","itemListElement":[{"@type":"ListItem","position":1,"name":"Homepage","item":"https:\/\/zipline-dolinka.si\/it\/"},{"@type":"ListItem","position":2,"name":"Tour in zipline","item":"https:\/\/zipline-dolinka.si\/it\/tour\/"},{"@type":"ListItem","position":3,"name":"Tour Zipline Dolinka per Famiglie"}]},{"@type":"WebSite","@id":"https:\/\/zipline-dolinka.si\/it\/#website","url":"https:\/\/zipline-dolinka.si\/it\/","name":"Zipline Dolinka","description":"The Longest Zipline in Europe","publisher":{"@id":"https:\/\/zipline-dolinka.si\/it\/#organization"},"potentialAction":[{"@type":"SearchAction","target":{"@type":"EntryPoint","urlTemplate":"https:\/\/zipline-dolinka.si\/it\/?s={search_term_string}"},"query-input":{"@type":"PropertyValueSpecification","valueRequired":true,"valueName":"search_term_string"}}],"inLanguage":"it-IT"},{"@type":"Organization","@id":"https:\/\/zipline-dolinka.si\/it\/#organization","name":"Zipline Dolinka Bled","url":"https:\/\/zipline-dolinka.si\/it\/","logo":{"@type":"ImageObject","inLanguage":"it-IT","@id":"https:\/\/zipline-dolinka.si\/it\/#\/schema\/logo\/image\/","url":"https:\/\/zipline-dolinka.si\/wp-content\/uploads\/2022\/05\/cropped-ziplinedolonka-favicon.png","contentUrl":"https:\/\/zipline-dolinka.si\/wp-content\/uploads\/2022\/05\/cropped-ziplinedolonka-favicon.png","width":512,"height":512,"caption":"Zipline Dolinka Bled"},"image":{"@id":"https:\/\/zipline-dolinka.si\/it\/#\/schema\/logo\/image\/"},"sameAs":["https:\/\/www.facebook.com\/ZiplineDolinka\/","https:\/\/www.tripadvisor.com\/Attraction_Review-g274863-d14139627-Reviews-Zipline_Dolinka-Bled_Upper_Carniola_Region.html"]}]}},"_links":{"self":[{"href":"https:\/\/zipline-dolinka.si\/it\/wp-json\/wp\/v2\/pages\/3280","targetHints":{"allow":["GET"]}}],"collection":[{"href":"https:\/\/zipline-dolinka.si\/it\/wp-json\/wp\/v2\/pages"}],"about":[{"href":"https:\/\/zipline-dolinka.si\/it\/wp-json\/wp\/v2\/types\/page"}],"author":[{"embeddable":true,"href":"https:\/\/zipline-dolinka.si\/it\/wp-json\/wp\/v2\/users\/1"}],"replies":[{"embeddable":true,"href":"https:\/\/zipline-dolinka.si\/it\/wp-json\/wp\/v2\/comments?post=3280"}],"version-history":[{"count":0,"href":"https:\/\/zipline-dolinka.si\/it\/wp-json\/wp\/v2\/pages\/3280\/revisions"}],"up":[{"embeddable":true,"href":"https:\/\/zipline-dolinka.si\/it\/wp-json\/wp\/v2\/pages\/2567"}],"wp:attachment":[{"href":"https:\/\/zipline-dolinka.si\/it\/wp-json\/wp\/v2\/media?parent=3280"}],"curies":[{"name":"wp","href":"https:\/\/api.w.org\/{rel}","templated":true}]}}