{"id":2586,"date":"2022-06-15T18:27:14","date_gmt":"2022-06-15T18:27:14","guid":{"rendered":"https:\/\/zipline-dolinka.si\/?page_id=2586"},"modified":"2026-01-29T11:46:36","modified_gmt":"2026-01-29T11:46:36","slug":"faq","status":"publish","type":"page","link":"https:\/\/zipline-dolinka.si\/it\/faq\/","title":{"rendered":"FAQ"},"content":{"rendered":"\n<div id=\"wp-block-themeisle-blocks-accordion-a4f23050\" class=\"wp-block-themeisle-blocks-accordion exclusive is-wider-gap has-light-content-bg\">\n<details class=\"wp-block-themeisle-blocks-accordion-item\"><summary class=\"wp-block-themeisle-blocks-accordion-item__title\"><div>Dove si trova il punto d&#8217;incontro per i partecipanti al Zipline Dolinka?<\/div><\/summary><div class=\"wp-block-themeisle-blocks-accordion-item__content\">\n<p>Il punto di incontro si trova vicino alla stazione principale degli autobus a Bled, all&#8217;indirizzo <a href=\"https:\/\/www.google.com\/maps\/place\/Cesta+svobode+1,+4260+Bled\/@46.370898,14.1052313,881m\/data=!3m2!1e3!4b1!4m6!3m5!1s0x477a912cdb66eb35:0x5c494fa9875fa467!8m2!3d46.370898!4d14.1078062!16s%2Fg%2F11c19v5qxk?entry=ttu&amp;g_ep=EgoyMDI2MDEyNi4wIKXMDSoASAFQAw%3D%3D\">&#8220;Cesta svobode 1, 4260 Bled&#8221;<\/a>. I partecipanti devono trovarsi al punto di incontro almeno 15 minuti prima dell&#8217;orario programmato per il viaggio. Non \u00e8 previsto un parcheggio per i partecipanti.<\/p>\n<\/div><\/details>\n\n\n\n<details class=\"wp-block-themeisle-blocks-accordion-item\"><summary class=\"wp-block-themeisle-blocks-accordion-item__title\"><div>Dove posso parcheggiare?<\/div><\/summary><div class=\"wp-block-themeisle-blocks-accordion-item__content\">\n<p>Trovare un parcheggio gratuito a Bled pu\u00f2 essere particolarmente difficile durante i mesi estivi, ecco perch\u00e9 ti suggeriamo di lasciare casa con sufficiente anticipo e parcheggiare la tua auto in uno dei parcheggi che distano circa 10 minuti a piedi.<\/p>\n\n\n\n<ol class=\"wp-block-list\">\n<li>Parcheggio accanto alla scuola primaria: P15 &#8211; Osnovna \u0161ola, Indirizzo: Parkiri\u0161\u010de Seli\u0161e 2<\/li>\n\n\n\n<li>Parcheggio presso Infrastruktura: P11 &#8211; Blejski grad, Indirizzo: Re\u010di\u0161ka cesta 2<\/li>\n\n\n\n<li>Parcheggio accanto al palazzo del ghiaccio: P04 &#8211; Ledena dvorana, Indirizzo: Ljubljanska cesta 5<\/li>\n\n\n\n<li>Parcheggio Bled, Indirizzo: Pre\u0161ernova cesta 23 <\/li>\n<\/ol>\n\n\n\n<p>Tutti i parcheggi a Bled sono a pagamento.<\/p>\n<\/div><\/details>\n\n\n\n<details class=\"wp-block-themeisle-blocks-accordion-item\"><summary class=\"wp-block-themeisle-blocks-accordion-item__title\"><div>Cosa \u00e8 incluso nel tour?<\/div><\/summary><div class=\"wp-block-themeisle-blocks-accordion-item__content\">\n<p>A Zipline Dolinka, miriamo a offrirti un&#8217;esperienza emozionante e sicura. Il pacchetto del tour include trasferimenti dal nostro punto di incontro designato al punto di partenza della Zipline e ritorno. Forniamo tutta l&#8217;attrezzatura di sicurezza necessaria, inclusi un casco, un&#8217;imbracatura di sicurezza, una carrucola e guanti protettivi. Riceverai quest&#8217;attrezzatura nel nostro ufficio, situato presso il punto di incontro.&nbsp;<\/p>\n\n\n\n<p>Assicuriamo i pi\u00f9 alti standard di sicurezza utilizzando attrezzature di protezione prodotte da PETZL, un produttore rinomato nel settore dell&#8217;attrezzatura di sicurezza outdoor. Tutte le attrezzature che forniamo sono certificate secondo gli standard di sicurezza europei, assicurandoti cos\u00ec un&#8217;avventura sicura e piacevole con la zipline. La tua sicurezza \u00e8 la nostra massima priorit\u00e0 e abbiamo adottato ogni misura per garantire un&#8217;esperienza sicura.<\/p>\n<\/div><\/details>\n\n\n\n<details class=\"wp-block-themeisle-blocks-accordion-item\"><summary class=\"wp-block-themeisle-blocks-accordion-item__title\"><div>Cosa devo portare con me?\u00a0<\/div><\/summary><div class=\"wp-block-themeisle-blocks-accordion-item__content\">\n<p>Per la tua sicurezza e comfort durante l&#8217;esperienza Zipline Dolinka, \u00e8 importante avere l&#8217;equipaggiamento giusto. Assicurati di indossare scarpe da trekking o scarpe da ginnastica robuste. Purtroppo, per motivi di sicurezza, non possiamo permettere infradito o sandali. Consigliamo abbigliamento che corrisponda alle condizioni meteo del giorno e in cui ti senti a tuo agio a muoverti, tipicamente abbigliamento sportivo o da esterno. \u00c8 anche vantaggioso portare uno zaino con una bottiglia d&#8217;acqua per rimanere idratati durante l&#8217;attivit\u00e0. Ricorda, il tuo comfort e la tua sicurezza sono molto importanti per noi e queste linee guida contribuiscono a garantire un&#8217;avventura positiva ed emozionante.<\/p>\n<\/div><\/details>\n\n\n\n<details class=\"wp-block-themeisle-blocks-accordion-item\"><summary class=\"wp-block-themeisle-blocks-accordion-item__title\"><div>Quanto dura l&#8217;escursione di Zipline Dolinka?<\/div><\/summary><div class=\"wp-block-themeisle-blocks-accordion-item__content\">\n<p>Prevedi di impiegare tra 2 e 3 ore per l&#8217;intera avventura di Zipline Dolinka. La durata pu\u00f2 variare a seconda delle dimensioni del gruppo e del ritmo. Sii certo, il nostro obiettivo \u00e8 offrire un&#8217;esperienza piacevole e indimenticabile senza fretta inutile. Siamo qui per godere della bellezza della natura e condividere l&#8217;eccitazione dello ziplining, ad un ritmo adatto a tutti nel gruppo.<\/p>\n<\/div><\/details>\n\n\n\n<details class=\"wp-block-themeisle-blocks-accordion-item\"><summary class=\"wp-block-themeisle-blocks-accordion-item__title\"><div>La tour Zipline Dolinka si svolge in qualsiasi condizione meteorologica?\u00a0<\/div><\/summary><div class=\"wp-block-themeisle-blocks-accordion-item__content\">\n<p>Zipline Dolinka \u00e8 un&#8217;attivit\u00e0 all&#8217;aperto e il tempo pu\u00f2 influenzare notevolmente l&#8217;esperienza. Consigliamo ai partecipanti di vestirsi adeguatamente in base al tempo, scegliendo abiti e scarpe comode e appropriate. In condizioni meteorologiche avverse, come tempeste, potremmo essere costretti a posticipare o annullare l&#8217;escursione in zipline per motivi di sicurezza. In tali casi, ci assicuriamo sempre di mantenere una comunicazione chiara con i nostri ospiti. Se un tour viene cancellato a causa di condizioni meteorologiche estreme, vi offriamo l&#8217;opportunit\u00e0 di riprogrammare o di ricevere un rimborso completo. La vostra sicurezza \u00e8 sempre la nostra massima priorit\u00e0, e apprezziamo la vostra comprensione in queste questioni.<\/p>\n<\/div><\/details>\n\n\n\n<details class=\"wp-block-themeisle-blocks-accordion-item\"><summary class=\"wp-block-themeisle-blocks-accordion-item__title\"><div>Quali requisiti di salute devo soddisfare per partecipare al tour Zipline Dolinka?\u00a0<\/div><\/summary><div class=\"wp-block-themeisle-blocks-accordion-item__content\">\n<p>La tua sicurezza e il tuo benessere sono di massima importanza per noi a Zipline Dolinka. Pertanto, sconsigliamo le seguenti persone di partecipare a un tour di ziplining:<\/p>\n\n\n\n<ol class=\"wp-block-list\">\n<li> Donne incinte: lo ziplining pu\u00f2 comportare movimenti improvvisi e scosse che potrebbero non essere adatti per le donne incinte.&nbsp;<\/li>\n\n\n\n<li> Persone con problemi cardiaci: l&#8217;attivit\u00e0 pu\u00f2 essere fisicamente impegnativa e pu\u00f2 causare un aumento della frequenza cardiaca. \u25cf Persone con lesioni alla colonna vertebrale, alla spalla o agli arti: lo ziplining richiede un buon grado di forma fisica e pu\u00f2 mettere sotto sforzo queste aree.<\/li>\n\n\n\n<li> Persone con allergie gravi o diabete: se intendi partecipare, ti consigliamo vivamente di portare con te i tuoi farmaci su prescrizione.&nbsp;<\/li>\n\n\n\n<li> Persone incerte sul loro stato di salute: se hai dubbi, ti consigliamo di consultare il tuo medico prima di partecipare a un tour di ziplining.<\/li>\n\n\n\n<li> Persone sotto l&#8217;effetto di droghe o alcol: per ovvi motivi di sicurezza, tali individui non sono ammessi al tour.<\/li>\n\n\n\n<li> Lo ziplining non \u00e8 adatto per persone con determinate disabilit\u00e0 o disturbi, come ad esempio ciechi, sordi o persone con disturbi dello spettro autistico. Questo \u00e8 dovuto alla natura dell&#8217;attivit\u00e0, ai requisiti di sicurezza e alle necessit\u00e0 di comunicazione durante il tour.<\/li>\n<\/ol>\n\n\n\n<p>Ricorda, la sicurezza \u00e8 la nostra priorit\u00e0 principale e queste linee guida servono per garantire che tutti abbiano un&#8217;esperienza divertente e sicura. Se hai domande o preoccupazioni riguardo a queste raccomandazioni, non esitare a contattarci.<\/p>\n<\/div><\/details>\n\n\n\n<details class=\"wp-block-themeisle-blocks-accordion-item\"><summary class=\"wp-block-themeisle-blocks-accordion-item__title\"><div>Quali sono i limiti di et\u00e0 e altri limiti per la partecipazione?\u00a0<\/div><\/summary><div class=\"wp-block-themeisle-blocks-accordion-item__content\">\n<ul class=\"wp-block-list\">\n<li>Quali requisiti di salute devo soddisfare per partecipare al tour Zipline Dolinka?&nbsp;<\/li>\n<\/ul>\n\n\n\n<ul class=\"wp-block-list\">\n<li>Lascia libero lo spirito avventuroso del tuo bambino con la nostra esperienza di ziplining! Giovani avventurieri dai 6 ai 12 anni possono vivere un&#8217;emozionante e sicura corsa in zipline insieme ai nostri guide professionalmente formate. Per i bambini di oltre 12 anni che pesano pi\u00f9 di 45 kg (100 libbre), l&#8217;indipendenza di conquistare la zipline da soli li aspetta. Si prega di notare che i bambini sotto i 15 anni richiedono la presenza di almeno un genitore per garantire la loro sicurezza e gioia.<\/li>\n\n\n\n<li>I giovani di et\u00e0 compresa tra 15 e 18 anni possono partecipare da soli alla Zipline con il consenso scritto dei loro genitori. La sicurezza e la felicit\u00e0 del tuo bambino sono la nostra priorit\u00e0!&nbsp;<\/li>\n\n\n\n<li>Per gli adulti, accettiamo un peso massimo di 120 kg (286 libbre), tenendo conto anche della vestibilit\u00e0 della nostra attrezzatura di sicurezza standard. Chiediamo a tutti i partecipanti di valutare il loro livello di forma fisica per questo tour ricco di adrenalina.<\/li>\n<\/ul>\n<\/div><\/details>\n\n\n\n<details class=\"wp-block-themeisle-blocks-accordion-item\"><summary class=\"wp-block-themeisle-blocks-accordion-item__title\"><div>Ho bisogno di una conoscenza preliminare prima di partecipare all&#8217;escursione di Zipline Dolinka?<\/div><\/summary><div class=\"wp-block-themeisle-blocks-accordion-item__content\">\n<p>Vivi l&#8217;emozione del tour Zipline Dolinka, anche se sei un principiante! Non hai bisogno di alcuna esperienza precedente con la zipline, solo un pizzico di spirito avventuroso e una condizione fisica di base. Il nostro viaggio ti condurr\u00e0 attraverso splendidi prati e incantevoli sentieri nel bosco, con brevi passeggiate gestibili, alcune delle quali salgono dolcemente in collina. \u00c8 pi\u00f9 che un semplice tour in zipline &#8211; \u00e8 un soffio di aria fresca in mezzo alla natura, avvolto in una porzione allegra di avventura. Quindi, vieni e lascia che la bellezza naturale di Dolinka diventi il tuo parco giochi!<\/p>\n<\/div><\/details>\n\n\n\n<details class=\"wp-block-themeisle-blocks-accordion-item\"><summary class=\"wp-block-themeisle-blocks-accordion-item__title\"><div>Quando si svolgono i tour Zipline Dolinka?<\/div><\/summary><div class=\"wp-block-themeisle-blocks-accordion-item__content\">\n<p>Preparati per un&#8217;avventura che si adatta al tuo programma! I nostri emozionanti tour in zipline si svolgono ogni giorno, offrendo flessibilit\u00e0 per la tua gita perfetta. A seconda della stagione, abbiamo uno o pi\u00f9 tour al giorno, quindi c&#8217;\u00e8 sempre l&#8217;opportunit\u00e0 di partecipare al divertimento. Per trovare la data perfetta, basta fare clic sul pulsante &#8220;Prenota&#8221; per esplorare le nostre disponibilit\u00e0.<\/p>\n<\/div><\/details>\n\n\n\n<details class=\"wp-block-themeisle-blocks-accordion-item\"><summary class=\"wp-block-themeisle-blocks-accordion-item__title\"><div>Devo prenotare il tour Zipline Dolinka?\u00a0<\/div><\/summary><div class=\"wp-block-themeisle-blocks-accordion-item__content\">\n<p>Assolutamente! Consigliamo vivamente di fare una prenotazione in anticipo per garantire il tuo posto nei nostri emozionanti tour in zipline. Limitiamo il numero di partecipanti per garantire la sicurezza e il divertimento di tutti, il che significa che i posti possono esaurirsi rapidamente, soprattutto durante i mesi estivi pi\u00f9 affollati.<\/p>\n<\/div><\/details>\n\n\n\n<details class=\"wp-block-themeisle-blocks-accordion-item\"><summary class=\"wp-block-themeisle-blocks-accordion-item__title\"><div>Posso portare una videocamera o una fotocamera?<\/div><\/summary><div class=\"wp-block-themeisle-blocks-accordion-item__content\">\n<p>Non perdere l&#8217;occasione di catturare i momenti mozzafiato della tua avventura in zipline! Puoi portare volentieri la tua fotocamera. Se vuoi filmare durante le emozionanti discese, assicurati che la tua fotocamera sia ben fissata per evitare incidenti. Per tutti gli altri dispositivi, assicurati che siano al sicuro nel tuo zaino. Preparati a catturare ricordi entusiasmanti della tua esperienza con Zipline Dolinka!<\/p>\n<\/div><\/details>\n\n\n\n<details class=\"wp-block-themeisle-blocks-accordion-item\"><summary class=\"wp-block-themeisle-blocks-accordion-item__title\"><div>Cosa dovrei fare se ho paura delle altezze?\u00a0<\/div><\/summary><div class=\"wp-block-themeisle-blocks-accordion-item__content\">\n<ul class=\"wp-block-list\">\n<li>Sei nervoso? Non preoccuparti! La nostra esperienza ha dimostrato che anche i partecipanti che all&#8217;inizio erano ansiosi, si sono rilassati dopo le prime corse e si sono divertiti molto. Non c&#8217;\u00e8 niente di pi\u00f9 gratificante che superare le tue paure!&nbsp;<\/li>\n<\/ul>\n\n\n\n<p>Tuttavia, se per qualsiasi motivo decidi di non continuare le corse, puoi essere certo che il nostro autista ti riporter\u00e0 al punto di ritrovo in tutta sicurezza. In tali casi, offriamo un rimborso completo per garantire la tua tranquillit\u00e0. Ma siamo sicuri che le nostre guide esperte e di supporto si prenderanno cura del tuo comfort e della tua sicurezza durante l&#8217;intera esperienza. Saranno con te ad ogni passo. \u00c8 probabile che, una volta iniziato, non vorrai pi\u00f9 tornare indietro! Fatti coraggio e intraprendi quest&#8217;avventura, potresti sorprenderti.<\/p>\n<\/div><\/details>\n<\/div>\n\n\n\n<div style=\"height:100px\" aria-hidden=\"true\" class=\"wp-block-spacer\"><\/div>\n","protected":false},"excerpt":{"rendered":"","protected":false},"author":2,"featured_media":0,"parent":0,"menu_order":7,"comment_status":"closed","ping_status":"closed","template":"","meta":{"neve_meta_sidebar":"","neve_meta_container":"","neve_meta_enable_content_width":"","neve_meta_content_width":0,"neve_meta_title_alignment":"","neve_meta_author_avatar":"","neve_post_elements_order":"","neve_meta_disable_header":"","neve_meta_disable_footer":"","neve_meta_disable_title":"","_themeisle_gutenberg_block_has_review":false,"footnotes":""},"class_list":["post-2586","page","type-page","status-publish","hentry"],"yoast_head":"<!-- This site is optimized with the Yoast SEO plugin v27.0 - https:\/\/yoast.com\/product\/yoast-seo-wordpress\/ -->\n<title>FAQ - Zipline Dolinka<\/title>\n<meta name=\"robots\" content=\"index, follow, max-snippet:-1, max-image-preview:large, max-video-preview:-1\" \/>\n<link rel=\"canonical\" href=\"https:\/\/zipline-dolinka.si\/it\/faq\/\" \/>\n<meta property=\"og:locale\" content=\"it_IT\" \/>\n<meta property=\"og:type\" content=\"article\" \/>\n<meta property=\"og:title\" content=\"FAQ - Zipline Dolinka\" \/>\n<meta property=\"og:url\" content=\"https:\/\/zipline-dolinka.si\/it\/faq\/\" \/>\n<meta property=\"og:site_name\" content=\"Zipline Dolinka\" \/>\n<meta property=\"article:publisher\" content=\"https:\/\/www.facebook.com\/ZiplineDolinka\/\" \/>\n<meta property=\"article:modified_time\" content=\"2026-01-29T11:46:36+00:00\" \/>\n<meta name=\"twitter:card\" content=\"summary_large_image\" \/>\n<meta name=\"twitter:label1\" content=\"Tempo di lettura stimato\" \/>\n\t<meta name=\"twitter:data1\" content=\"7 minuti\" \/>\n<script type=\"application\/ld+json\" class=\"yoast-schema-graph\">{\"@context\":\"https:\/\/schema.org\",\"@graph\":[{\"@type\":\"WebPage\",\"@id\":\"https:\/\/zipline-dolinka.si\/it\/faq\/\",\"url\":\"https:\/\/zipline-dolinka.si\/it\/faq\/\",\"name\":\"FAQ - Zipline Dolinka\",\"isPartOf\":{\"@id\":\"https:\/\/zipline-dolinka.si\/it\/#website\"},\"datePublished\":\"2022-06-15T18:27:14+00:00\",\"dateModified\":\"2026-01-29T11:46:36+00:00\",\"breadcrumb\":{\"@id\":\"https:\/\/zipline-dolinka.si\/it\/faq\/#breadcrumb\"},\"inLanguage\":\"it-IT\",\"potentialAction\":[{\"@type\":\"ReadAction\",\"target\":[\"https:\/\/zipline-dolinka.si\/it\/faq\/\"]}]},{\"@type\":\"BreadcrumbList\",\"@id\":\"https:\/\/zipline-dolinka.si\/it\/faq\/#breadcrumb\",\"itemListElement\":[{\"@type\":\"ListItem\",\"position\":1,\"name\":\"Homepage\",\"item\":\"https:\/\/zipline-dolinka.si\/it\/\"},{\"@type\":\"ListItem\",\"position\":2,\"name\":\"FAQ\"}]},{\"@type\":\"WebSite\",\"@id\":\"https:\/\/zipline-dolinka.si\/it\/#website\",\"url\":\"https:\/\/zipline-dolinka.si\/it\/\",\"name\":\"Zipline Dolinka\",\"description\":\"The Longest Zipline in Europe\",\"publisher\":{\"@id\":\"https:\/\/zipline-dolinka.si\/it\/#organization\"},\"potentialAction\":[{\"@type\":\"SearchAction\",\"target\":{\"@type\":\"EntryPoint\",\"urlTemplate\":\"https:\/\/zipline-dolinka.si\/it\/?s={search_term_string}\"},\"query-input\":{\"@type\":\"PropertyValueSpecification\",\"valueRequired\":true,\"valueName\":\"search_term_string\"}}],\"inLanguage\":\"it-IT\"},{\"@type\":\"Organization\",\"@id\":\"https:\/\/zipline-dolinka.si\/it\/#organization\",\"name\":\"Zipline Dolinka Bled\",\"url\":\"https:\/\/zipline-dolinka.si\/it\/\",\"logo\":{\"@type\":\"ImageObject\",\"inLanguage\":\"it-IT\",\"@id\":\"https:\/\/zipline-dolinka.si\/it\/#\/schema\/logo\/image\/\",\"url\":\"https:\/\/zipline-dolinka.si\/wp-content\/uploads\/2022\/05\/cropped-ziplinedolonka-favicon.png\",\"contentUrl\":\"https:\/\/zipline-dolinka.si\/wp-content\/uploads\/2022\/05\/cropped-ziplinedolonka-favicon.png\",\"width\":512,\"height\":512,\"caption\":\"Zipline Dolinka Bled\"},\"image\":{\"@id\":\"https:\/\/zipline-dolinka.si\/it\/#\/schema\/logo\/image\/\"},\"sameAs\":[\"https:\/\/www.facebook.com\/ZiplineDolinka\/\",\"https:\/\/www.tripadvisor.com\/Attraction_Review-g274863-d14139627-Reviews-Zipline_Dolinka-Bled_Upper_Carniola_Region.html\"]}]}<\/script>\n<!-- \/ Yoast SEO plugin. -->","yoast_head_json":{"title":"FAQ - Zipline Dolinka","robots":{"index":"index","follow":"follow","max-snippet":"max-snippet:-1","max-image-preview":"max-image-preview:large","max-video-preview":"max-video-preview:-1"},"canonical":"https:\/\/zipline-dolinka.si\/it\/faq\/","og_locale":"it_IT","og_type":"article","og_title":"FAQ - Zipline Dolinka","og_url":"https:\/\/zipline-dolinka.si\/it\/faq\/","og_site_name":"Zipline Dolinka","article_publisher":"https:\/\/www.facebook.com\/ZiplineDolinka\/","article_modified_time":"2026-01-29T11:46:36+00:00","twitter_card":"summary_large_image","twitter_misc":{"Tempo di lettura stimato":"7 minuti"},"schema":{"@context":"https:\/\/schema.org","@graph":[{"@type":"WebPage","@id":"https:\/\/zipline-dolinka.si\/it\/faq\/","url":"https:\/\/zipline-dolinka.si\/it\/faq\/","name":"FAQ - Zipline Dolinka","isPartOf":{"@id":"https:\/\/zipline-dolinka.si\/it\/#website"},"datePublished":"2022-06-15T18:27:14+00:00","dateModified":"2026-01-29T11:46:36+00:00","breadcrumb":{"@id":"https:\/\/zipline-dolinka.si\/it\/faq\/#breadcrumb"},"inLanguage":"it-IT","potentialAction":[{"@type":"ReadAction","target":["https:\/\/zipline-dolinka.si\/it\/faq\/"]}]},{"@type":"BreadcrumbList","@id":"https:\/\/zipline-dolinka.si\/it\/faq\/#breadcrumb","itemListElement":[{"@type":"ListItem","position":1,"name":"Homepage","item":"https:\/\/zipline-dolinka.si\/it\/"},{"@type":"ListItem","position":2,"name":"FAQ"}]},{"@type":"WebSite","@id":"https:\/\/zipline-dolinka.si\/it\/#website","url":"https:\/\/zipline-dolinka.si\/it\/","name":"Zipline Dolinka","description":"The Longest Zipline in Europe","publisher":{"@id":"https:\/\/zipline-dolinka.si\/it\/#organization"},"potentialAction":[{"@type":"SearchAction","target":{"@type":"EntryPoint","urlTemplate":"https:\/\/zipline-dolinka.si\/it\/?s={search_term_string}"},"query-input":{"@type":"PropertyValueSpecification","valueRequired":true,"valueName":"search_term_string"}}],"inLanguage":"it-IT"},{"@type":"Organization","@id":"https:\/\/zipline-dolinka.si\/it\/#organization","name":"Zipline Dolinka Bled","url":"https:\/\/zipline-dolinka.si\/it\/","logo":{"@type":"ImageObject","inLanguage":"it-IT","@id":"https:\/\/zipline-dolinka.si\/it\/#\/schema\/logo\/image\/","url":"https:\/\/zipline-dolinka.si\/wp-content\/uploads\/2022\/05\/cropped-ziplinedolonka-favicon.png","contentUrl":"https:\/\/zipline-dolinka.si\/wp-content\/uploads\/2022\/05\/cropped-ziplinedolonka-favicon.png","width":512,"height":512,"caption":"Zipline Dolinka Bled"},"image":{"@id":"https:\/\/zipline-dolinka.si\/it\/#\/schema\/logo\/image\/"},"sameAs":["https:\/\/www.facebook.com\/ZiplineDolinka\/","https:\/\/www.tripadvisor.com\/Attraction_Review-g274863-d14139627-Reviews-Zipline_Dolinka-Bled_Upper_Carniola_Region.html"]}]}},"_links":{"self":[{"href":"https:\/\/zipline-dolinka.si\/it\/wp-json\/wp\/v2\/pages\/2586","targetHints":{"allow":["GET"]}}],"collection":[{"href":"https:\/\/zipline-dolinka.si\/it\/wp-json\/wp\/v2\/pages"}],"about":[{"href":"https:\/\/zipline-dolinka.si\/it\/wp-json\/wp\/v2\/types\/page"}],"author":[{"embeddable":true,"href":"https:\/\/zipline-dolinka.si\/it\/wp-json\/wp\/v2\/users\/2"}],"replies":[{"embeddable":true,"href":"https:\/\/zipline-dolinka.si\/it\/wp-json\/wp\/v2\/comments?post=2586"}],"version-history":[{"count":1,"href":"https:\/\/zipline-dolinka.si\/it\/wp-json\/wp\/v2\/pages\/2586\/revisions"}],"predecessor-version":[{"id":5983,"href":"https:\/\/zipline-dolinka.si\/it\/wp-json\/wp\/v2\/pages\/2586\/revisions\/5983"}],"wp:attachment":[{"href":"https:\/\/zipline-dolinka.si\/it\/wp-json\/wp\/v2\/media?parent=2586"}],"curies":[{"name":"wp","href":"https:\/\/api.w.org\/{rel}","templated":true}]}}