{"id":4323,"date":"2023-07-31T06:33:35","date_gmt":"2023-07-31T06:33:35","guid":{"rendered":"https:\/\/zipline-dolinka.si\/?page_id=4323"},"modified":"2023-07-31T07:25:25","modified_gmt":"2023-07-31T07:25:25","slug":"a-naplemente-tura","status":"publish","type":"page","link":"https:\/\/zipline-dolinka.si\/hu\/tour\/a-naplemente-tura\/","title":{"rendered":"A naplemente t\u00fara"},"content":{"rendered":"\n<div id=\"wp-block-themeisle-blocks-advanced-columns-832f3724\" class=\"wp-block-themeisle-blocks-advanced-columns has-2-columns has-desktop-equal-layout has-tablet-equal-layout has-mobile-collapsedRows-layout has-vertical-unset\"><div class=\"wp-block-themeisle-blocks-advanced-columns-overlay\"><\/div><div class=\"innerblocks-wrap\">\n<div id=\"wp-block-themeisle-blocks-advanced-column-0d8c41df\" class=\"wp-block-themeisle-blocks-advanced-column\">\n\n\n\n<script>\nga(function (tracker) {\n \/\/ Gets the client ID of the default tracker.\n var clientId = tracker.get('clientId');\n\n\n \/\/ Gets the Checkfront iframe.\n var checkfrontIframe = document.getElementById('CHECKFRONT_WIDGET_01').getElementsByTagName('iframe')[0]; \n\n\n \/\/ Sends the client ID to the window inside the destination frame, once it's loaded.\n checkfrontIframe.addEventListener(\"load\", function () {\n this.contentWindow.postMessage(clientId, 'https:\/\/zipline-dolinka.checkfront.com');\n });\n});\n<\/script>\n<\/div>\n\n\n\n<div id=\"wp-block-themeisle-blocks-advanced-column-f504d8eb\" class=\"wp-block-themeisle-blocks-advanced-column\">\n<p>A Zipline Dolinka naplemente t\u00far\u00e1ja izgalmas kalandot k\u00edn\u00e1l, lehet\u0151s\u00e9get adva, hogy megcsod\u00e1lja a leny\u0171g\u00f6z\u0151 naplemente sz\u00edneit, ha az id\u0151j\u00e1r\u00e1s engedi.<\/p>\n\n\n\n<p>Az utaz\u00e1s sor\u00e1n v\u00f6lgyek \u00e9s f\u00e1k lombkoron\u00e1i f\u00f6l\u00f6tt sz\u00e1rnyalhat, megmutatva Dolinka l\u00e9legzetel\u00e1ll\u00edt\u00f3 panor\u00e1m\u00e1j\u00e1t, \u00e9ppen amikor a nap \u00e1tv\u00e1lt alkonyatba.<\/p>\n\n\n\n<p>A profi zipline l\u00e9tes\u00edtm\u00e9ny\u00fcnk biztons\u00e1got \u00e9s sz\u00f3rakoz\u00e1st garant\u00e1l, hogy teljes m\u00e9rt\u00e9kben \u00e9lvezhesse a term\u00e9szet sz\u00e9ps\u00e9g\u00e9t. Tapasztalt idegenvezet\u0151ink k\u00eds\u00e9ret\u00e9ben betekint\u00e9st nyerhet a helyi \u00f6kosziszt\u00e9m\u00e1ba, gazdag\u00edtva ezt az izgalmas kalandot.<\/p>\n\n\n\n<p>A t\u00fara v\u00e9g\u00e9n, ha az id\u0151j\u00e1r\u00e1s kedvez\u0151, elk\u00e1pr\u00e1ztat\u00f3 naplemente v\u00e1rja \u00d6nt, amely felejthetetlenn\u00e9 teszi az est\u00e9t a csillagok alatt.<\/p>\n<\/div>\n<\/div><\/div>\n","protected":false},"excerpt":{"rendered":"","protected":false},"author":1,"featured_media":4274,"parent":2595,"menu_order":2,"comment_status":"closed","ping_status":"closed","template":"","meta":{"neve_meta_sidebar":"","neve_meta_container":"","neve_meta_enable_content_width":"","neve_meta_content_width":0,"neve_meta_title_alignment":"","neve_meta_author_avatar":"","neve_post_elements_order":"","neve_meta_disable_header":"","neve_meta_disable_footer":"","neve_meta_disable_title":"","_themeisle_gutenberg_block_has_review":false,"footnotes":""},"class_list":["post-4323","page","type-page","status-publish","has-post-thumbnail","hentry"],"yoast_head":"<!-- This site is optimized with the Yoast SEO plugin v27.0 - https:\/\/yoast.com\/product\/yoast-seo-wordpress\/ -->\n<title>A naplemente t\u00fara - Zipline Dolinka<\/title>\n<meta name=\"robots\" content=\"index, follow, max-snippet:-1, max-image-preview:large, max-video-preview:-1\" \/>\n<link rel=\"canonical\" href=\"https:\/\/zipline-dolinka.si\/hu\/tour\/a-naplemente-tura\/\" \/>\n<meta property=\"og:locale\" content=\"hu_HU\" \/>\n<meta property=\"og:type\" content=\"article\" \/>\n<meta property=\"og:title\" content=\"A naplemente t\u00fara - Zipline Dolinka\" \/>\n<meta property=\"og:url\" content=\"https:\/\/zipline-dolinka.si\/hu\/tour\/a-naplemente-tura\/\" \/>\n<meta property=\"og:site_name\" content=\"Zipline Dolinka\" \/>\n<meta property=\"article:publisher\" content=\"https:\/\/www.facebook.com\/ZiplineDolinka\/\" \/>\n<meta property=\"article:modified_time\" content=\"2023-07-31T07:25:25+00:00\" \/>\n<meta property=\"og:image\" content=\"https:\/\/zipline-dolinka.si\/wp-content\/uploads\/2023\/07\/zipline9-1.png\" \/>\n\t<meta property=\"og:image:width\" content=\"593\" \/>\n\t<meta property=\"og:image:height\" content=\"593\" \/>\n\t<meta property=\"og:image:type\" content=\"image\/png\" \/>\n<meta name=\"twitter:card\" content=\"summary_large_image\" \/>\n<meta name=\"twitter:label1\" content=\"Becs\u00fclt olvas\u00e1si id\u0151\" \/>\n\t<meta name=\"twitter:data1\" content=\"1 perc\" \/>\n<script type=\"application\/ld+json\" class=\"yoast-schema-graph\">{\"@context\":\"https:\/\/schema.org\",\"@graph\":[{\"@type\":\"WebPage\",\"@id\":\"https:\/\/zipline-dolinka.si\/hu\/tour\/a-naplemente-tura\/\",\"url\":\"https:\/\/zipline-dolinka.si\/hu\/tour\/a-naplemente-tura\/\",\"name\":\"A naplemente t\u00fara - Zipline Dolinka\",\"isPartOf\":{\"@id\":\"https:\/\/zipline-dolinka.si\/hu\/#website\"},\"primaryImageOfPage\":{\"@id\":\"https:\/\/zipline-dolinka.si\/hu\/tour\/a-naplemente-tura\/#primaryimage\"},\"image\":{\"@id\":\"https:\/\/zipline-dolinka.si\/hu\/tour\/a-naplemente-tura\/#primaryimage\"},\"thumbnailUrl\":\"https:\/\/zipline-dolinka.si\/wp-content\/uploads\/2023\/07\/zipline9-1.png\",\"datePublished\":\"2023-07-31T06:33:35+00:00\",\"dateModified\":\"2023-07-31T07:25:25+00:00\",\"breadcrumb\":{\"@id\":\"https:\/\/zipline-dolinka.si\/hu\/tour\/a-naplemente-tura\/#breadcrumb\"},\"inLanguage\":\"hu\",\"potentialAction\":[{\"@type\":\"ReadAction\",\"target\":[\"https:\/\/zipline-dolinka.si\/hu\/tour\/a-naplemente-tura\/\"]}]},{\"@type\":\"ImageObject\",\"inLanguage\":\"hu\",\"@id\":\"https:\/\/zipline-dolinka.si\/hu\/tour\/a-naplemente-tura\/#primaryimage\",\"url\":\"https:\/\/zipline-dolinka.si\/wp-content\/uploads\/2023\/07\/zipline9-1.png\",\"contentUrl\":\"https:\/\/zipline-dolinka.si\/wp-content\/uploads\/2023\/07\/zipline9-1.png\",\"width\":593,\"height\":593},{\"@type\":\"BreadcrumbList\",\"@id\":\"https:\/\/zipline-dolinka.si\/hu\/tour\/a-naplemente-tura\/#breadcrumb\",\"itemListElement\":[{\"@type\":\"ListItem\",\"position\":1,\"name\":\"Kezd\u0151lap\",\"item\":\"https:\/\/zipline-dolinka.si\/hu\/\"},{\"@type\":\"ListItem\",\"position\":2,\"name\":\"K\u00f6t\u00e9lp\u00e1ly\u00e1s t\u00far\u00e1k\",\"item\":\"https:\/\/zipline-dolinka.si\/hu\/tour\/\"},{\"@type\":\"ListItem\",\"position\":3,\"name\":\"A naplemente t\u00fara\"}]},{\"@type\":\"WebSite\",\"@id\":\"https:\/\/zipline-dolinka.si\/hu\/#website\",\"url\":\"https:\/\/zipline-dolinka.si\/hu\/\",\"name\":\"Zipline Dolinka\",\"description\":\"The Longest Zipline in Europe\",\"publisher\":{\"@id\":\"https:\/\/zipline-dolinka.si\/hu\/#organization\"},\"potentialAction\":[{\"@type\":\"SearchAction\",\"target\":{\"@type\":\"EntryPoint\",\"urlTemplate\":\"https:\/\/zipline-dolinka.si\/hu\/?s={search_term_string}\"},\"query-input\":{\"@type\":\"PropertyValueSpecification\",\"valueRequired\":true,\"valueName\":\"search_term_string\"}}],\"inLanguage\":\"hu\"},{\"@type\":\"Organization\",\"@id\":\"https:\/\/zipline-dolinka.si\/hu\/#organization\",\"name\":\"Zipline Dolinka Bled\",\"url\":\"https:\/\/zipline-dolinka.si\/hu\/\",\"logo\":{\"@type\":\"ImageObject\",\"inLanguage\":\"hu\",\"@id\":\"https:\/\/zipline-dolinka.si\/hu\/#\/schema\/logo\/image\/\",\"url\":\"https:\/\/zipline-dolinka.si\/wp-content\/uploads\/2022\/05\/cropped-ziplinedolonka-favicon.png\",\"contentUrl\":\"https:\/\/zipline-dolinka.si\/wp-content\/uploads\/2022\/05\/cropped-ziplinedolonka-favicon.png\",\"width\":512,\"height\":512,\"caption\":\"Zipline Dolinka Bled\"},\"image\":{\"@id\":\"https:\/\/zipline-dolinka.si\/hu\/#\/schema\/logo\/image\/\"},\"sameAs\":[\"https:\/\/www.facebook.com\/ZiplineDolinka\/\",\"https:\/\/www.tripadvisor.com\/Attraction_Review-g274863-d14139627-Reviews-Zipline_Dolinka-Bled_Upper_Carniola_Region.html\"]}]}<\/script>\n<!-- \/ Yoast SEO plugin. -->","yoast_head_json":{"title":"A naplemente t\u00fara - Zipline Dolinka","robots":{"index":"index","follow":"follow","max-snippet":"max-snippet:-1","max-image-preview":"max-image-preview:large","max-video-preview":"max-video-preview:-1"},"canonical":"https:\/\/zipline-dolinka.si\/hu\/tour\/a-naplemente-tura\/","og_locale":"hu_HU","og_type":"article","og_title":"A naplemente t\u00fara - Zipline Dolinka","og_url":"https:\/\/zipline-dolinka.si\/hu\/tour\/a-naplemente-tura\/","og_site_name":"Zipline Dolinka","article_publisher":"https:\/\/www.facebook.com\/ZiplineDolinka\/","article_modified_time":"2023-07-31T07:25:25+00:00","og_image":[{"width":593,"height":593,"url":"https:\/\/zipline-dolinka.si\/wp-content\/uploads\/2023\/07\/zipline9-1.png","type":"image\/png"}],"twitter_card":"summary_large_image","twitter_misc":{"Becs\u00fclt olvas\u00e1si id\u0151":"1 perc"},"schema":{"@context":"https:\/\/schema.org","@graph":[{"@type":"WebPage","@id":"https:\/\/zipline-dolinka.si\/hu\/tour\/a-naplemente-tura\/","url":"https:\/\/zipline-dolinka.si\/hu\/tour\/a-naplemente-tura\/","name":"A naplemente t\u00fara - Zipline Dolinka","isPartOf":{"@id":"https:\/\/zipline-dolinka.si\/hu\/#website"},"primaryImageOfPage":{"@id":"https:\/\/zipline-dolinka.si\/hu\/tour\/a-naplemente-tura\/#primaryimage"},"image":{"@id":"https:\/\/zipline-dolinka.si\/hu\/tour\/a-naplemente-tura\/#primaryimage"},"thumbnailUrl":"https:\/\/zipline-dolinka.si\/wp-content\/uploads\/2023\/07\/zipline9-1.png","datePublished":"2023-07-31T06:33:35+00:00","dateModified":"2023-07-31T07:25:25+00:00","breadcrumb":{"@id":"https:\/\/zipline-dolinka.si\/hu\/tour\/a-naplemente-tura\/#breadcrumb"},"inLanguage":"hu","potentialAction":[{"@type":"ReadAction","target":["https:\/\/zipline-dolinka.si\/hu\/tour\/a-naplemente-tura\/"]}]},{"@type":"ImageObject","inLanguage":"hu","@id":"https:\/\/zipline-dolinka.si\/hu\/tour\/a-naplemente-tura\/#primaryimage","url":"https:\/\/zipline-dolinka.si\/wp-content\/uploads\/2023\/07\/zipline9-1.png","contentUrl":"https:\/\/zipline-dolinka.si\/wp-content\/uploads\/2023\/07\/zipline9-1.png","width":593,"height":593},{"@type":"BreadcrumbList","@id":"https:\/\/zipline-dolinka.si\/hu\/tour\/a-naplemente-tura\/#breadcrumb","itemListElement":[{"@type":"ListItem","position":1,"name":"Kezd\u0151lap","item":"https:\/\/zipline-dolinka.si\/hu\/"},{"@type":"ListItem","position":2,"name":"K\u00f6t\u00e9lp\u00e1ly\u00e1s t\u00far\u00e1k","item":"https:\/\/zipline-dolinka.si\/hu\/tour\/"},{"@type":"ListItem","position":3,"name":"A naplemente t\u00fara"}]},{"@type":"WebSite","@id":"https:\/\/zipline-dolinka.si\/hu\/#website","url":"https:\/\/zipline-dolinka.si\/hu\/","name":"Zipline Dolinka","description":"The Longest Zipline in Europe","publisher":{"@id":"https:\/\/zipline-dolinka.si\/hu\/#organization"},"potentialAction":[{"@type":"SearchAction","target":{"@type":"EntryPoint","urlTemplate":"https:\/\/zipline-dolinka.si\/hu\/?s={search_term_string}"},"query-input":{"@type":"PropertyValueSpecification","valueRequired":true,"valueName":"search_term_string"}}],"inLanguage":"hu"},{"@type":"Organization","@id":"https:\/\/zipline-dolinka.si\/hu\/#organization","name":"Zipline Dolinka Bled","url":"https:\/\/zipline-dolinka.si\/hu\/","logo":{"@type":"ImageObject","inLanguage":"hu","@id":"https:\/\/zipline-dolinka.si\/hu\/#\/schema\/logo\/image\/","url":"https:\/\/zipline-dolinka.si\/wp-content\/uploads\/2022\/05\/cropped-ziplinedolonka-favicon.png","contentUrl":"https:\/\/zipline-dolinka.si\/wp-content\/uploads\/2022\/05\/cropped-ziplinedolonka-favicon.png","width":512,"height":512,"caption":"Zipline Dolinka Bled"},"image":{"@id":"https:\/\/zipline-dolinka.si\/hu\/#\/schema\/logo\/image\/"},"sameAs":["https:\/\/www.facebook.com\/ZiplineDolinka\/","https:\/\/www.tripadvisor.com\/Attraction_Review-g274863-d14139627-Reviews-Zipline_Dolinka-Bled_Upper_Carniola_Region.html"]}]}},"_links":{"self":[{"href":"https:\/\/zipline-dolinka.si\/hu\/wp-json\/wp\/v2\/pages\/4323","targetHints":{"allow":["GET"]}}],"collection":[{"href":"https:\/\/zipline-dolinka.si\/hu\/wp-json\/wp\/v2\/pages"}],"about":[{"href":"https:\/\/zipline-dolinka.si\/hu\/wp-json\/wp\/v2\/types\/page"}],"author":[{"embeddable":true,"href":"https:\/\/zipline-dolinka.si\/hu\/wp-json\/wp\/v2\/users\/1"}],"replies":[{"embeddable":true,"href":"https:\/\/zipline-dolinka.si\/hu\/wp-json\/wp\/v2\/comments?post=4323"}],"version-history":[{"count":0,"href":"https:\/\/zipline-dolinka.si\/hu\/wp-json\/wp\/v2\/pages\/4323\/revisions"}],"up":[{"embeddable":true,"href":"https:\/\/zipline-dolinka.si\/hu\/wp-json\/wp\/v2\/pages\/2595"}],"wp:featuredmedia":[{"embeddable":true,"href":"https:\/\/zipline-dolinka.si\/hu\/wp-json\/wp\/v2\/media\/4274"}],"wp:attachment":[{"href":"https:\/\/zipline-dolinka.si\/hu\/wp-json\/wp\/v2\/media?parent=4323"}],"curies":[{"name":"wp","href":"https:\/\/api.w.org\/{rel}","templated":true}]}}