{"id":3419,"date":"2022-11-11T09:14:51","date_gmt":"2022-11-11T09:14:51","guid":{"rendered":"https:\/\/zipline-dolinka.si\/?page_id=3419"},"modified":"2023-06-30T09:02:33","modified_gmt":"2023-06-30T09:02:33","slug":"fizetesi-modok","status":"publish","type":"page","link":"https:\/\/zipline-dolinka.si\/hu\/fizetesi-modok\/","title":{"rendered":"Fizet\u00e9si m\u00f3dok"},"content":{"rendered":"\n<div id=\"wp-block-themeisle-blocks-advanced-columns-0e12137a\" class=\"wp-block-themeisle-blocks-advanced-columns has-1-columns has-desktop-equal-layout has-tablet-equal-layout has-mobile-equal-layout has-vertical-unset\"><div class=\"wp-block-themeisle-blocks-advanced-columns-overlay\"><\/div><div class=\"innerblocks-wrap\">\n<div id=\"wp-block-themeisle-blocks-advanced-column-06b2b250\" class=\"wp-block-themeisle-blocks-advanced-column\">\n<h3 id=\"wp-block-themeisle-blocks-advanced-heading-fa5c23ec\" class=\"wp-block-themeisle-blocks-advanced-heading wp-block-themeisle-blocks-advanced-heading-fa5c23ec\">Hitelk\u00e1rty\u00e1k<\/h3>\n\n\n\n<p>Ha nincs PayPal-fi\u00f3kja, online fizet\u00e9seket v\u00e9gezhet a PayPal alkalmaz\u00e1s seg\u00edts\u00e9g\u00e9vel az al\u00e1bbi k\u00e1rtyat\u00edpusokkal:<\/p>\n\n\n\n<p>Mastercard<br>Visa<br>Maestro<\/p>\n\n\n\n<p>Ha el\u0151re lefoglal egy szolg\u00e1ltat\u00e1st 48 \u00f3r\u00e1val a tervezett id\u0151pont el\u0151tt, csak a karma 15%-\u00e1t sz\u00e1m\u00edtjuk fel adminisztrat\u00edv k\u00f6lts\u00e9gk\u00e9nt. A fennmarad\u00f3 85%-ot a ingyenes lemond\u00e1si id\u0151szak lej\u00e1rta ut\u00e1n sz\u00e1m\u00edtjuk fel, ami a szolg\u00e1ltat\u00e1s el\u0151tt 48 \u00f3r\u00e1val kezd\u0151dik. Addig a 85%-os \u00f6sszeg tartal\u00e9kba lesz helyezve a karm\u00e1j\u00e1n.<\/p>\n\n\n\n<p><\/p>\n\n\n\n<h3 id=\"wp-block-themeisle-blocks-advanced-heading-3446a230\" class=\"wp-block-themeisle-blocks-advanced-heading wp-block-themeisle-blocks-advanced-heading-3446a230\">El\u0151zetes sz\u00e1mla<\/h3>\n\n\n\n<p>K\u00fcldhet\u00fcnk \u00d6nnek el\u0151zetes sz\u00e1ml\u00e1t is, \u00e9s a szolg\u00e1ltat\u00e1st a v\u00e1llalkoz\u00e1sunk banksz\u00e1ml\u00e1j\u00e1ra t\u00f6rt\u00e9n\u0151 \u00e1tutal\u00e1ssal fizetheti ki.<\/p>\n\n\n\n<p><\/p>\n\n\n\n<h3 id=\"wp-block-themeisle-blocks-advanced-heading-01196f8e\" class=\"wp-block-themeisle-blocks-advanced-heading wp-block-themeisle-blocks-advanced-heading-01196f8e\">K\u00e9szp\u00e9nzes fizet\u00e9s<\/h3>\n\n\n\n<p>Az \u00f6sszes szolg\u00e1ltat\u00e1st k\u00e9szp\u00e9nzben fizetheti a recepci\u00f3s irod\u00e1nkban.<\/p>\n<\/div>\n<\/div><\/div>\n","protected":false},"excerpt":{"rendered":"","protected":false},"author":1,"featured_media":0,"parent":0,"menu_order":10,"comment_status":"closed","ping_status":"open","template":"","meta":{"neve_meta_sidebar":"","neve_meta_container":"","neve_meta_enable_content_width":"","neve_meta_content_width":0,"neve_meta_title_alignment":"","neve_meta_author_avatar":"","neve_post_elements_order":"","neve_meta_disable_header":"","neve_meta_disable_footer":"","neve_meta_disable_title":"","_themeisle_gutenberg_block_has_review":false,"footnotes":""},"class_list":["post-3419","page","type-page","status-publish","hentry"],"yoast_head":"<!-- This site is optimized with the Yoast SEO plugin v27.0 - https:\/\/yoast.com\/product\/yoast-seo-wordpress\/ -->\n<title>Fizet\u00e9si m\u00f3dok - Zipline Dolinka<\/title>\n<meta name=\"robots\" content=\"index, follow, max-snippet:-1, max-image-preview:large, max-video-preview:-1\" \/>\n<link rel=\"canonical\" href=\"https:\/\/zipline-dolinka.si\/hu\/fizetesi-modok\/\" \/>\n<meta property=\"og:locale\" content=\"hu_HU\" \/>\n<meta property=\"og:type\" content=\"article\" \/>\n<meta property=\"og:title\" content=\"Fizet\u00e9si m\u00f3dok - Zipline Dolinka\" \/>\n<meta property=\"og:url\" content=\"https:\/\/zipline-dolinka.si\/hu\/fizetesi-modok\/\" \/>\n<meta property=\"og:site_name\" content=\"Zipline Dolinka\" \/>\n<meta property=\"article:publisher\" content=\"https:\/\/www.facebook.com\/ZiplineDolinka\/\" \/>\n<meta property=\"article:modified_time\" content=\"2023-06-30T09:02:33+00:00\" \/>\n<meta name=\"twitter:card\" content=\"summary_large_image\" \/>\n<meta name=\"twitter:label1\" content=\"Becs\u00fclt olvas\u00e1si id\u0151\" \/>\n\t<meta name=\"twitter:data1\" content=\"1 perc\" \/>\n<script type=\"application\/ld+json\" class=\"yoast-schema-graph\">{\"@context\":\"https:\/\/schema.org\",\"@graph\":[{\"@type\":\"WebPage\",\"@id\":\"https:\/\/zipline-dolinka.si\/hu\/fizetesi-modok\/\",\"url\":\"https:\/\/zipline-dolinka.si\/hu\/fizetesi-modok\/\",\"name\":\"Fizet\u00e9si m\u00f3dok - Zipline Dolinka\",\"isPartOf\":{\"@id\":\"https:\/\/zipline-dolinka.si\/hu\/#website\"},\"datePublished\":\"2022-11-11T09:14:51+00:00\",\"dateModified\":\"2023-06-30T09:02:33+00:00\",\"breadcrumb\":{\"@id\":\"https:\/\/zipline-dolinka.si\/hu\/fizetesi-modok\/#breadcrumb\"},\"inLanguage\":\"hu\",\"potentialAction\":[{\"@type\":\"ReadAction\",\"target\":[\"https:\/\/zipline-dolinka.si\/hu\/fizetesi-modok\/\"]}]},{\"@type\":\"BreadcrumbList\",\"@id\":\"https:\/\/zipline-dolinka.si\/hu\/fizetesi-modok\/#breadcrumb\",\"itemListElement\":[{\"@type\":\"ListItem\",\"position\":1,\"name\":\"Kezd\u0151lap\",\"item\":\"https:\/\/zipline-dolinka.si\/hu\/\"},{\"@type\":\"ListItem\",\"position\":2,\"name\":\"Fizet\u00e9si m\u00f3dok\"}]},{\"@type\":\"WebSite\",\"@id\":\"https:\/\/zipline-dolinka.si\/hu\/#website\",\"url\":\"https:\/\/zipline-dolinka.si\/hu\/\",\"name\":\"Zipline Dolinka\",\"description\":\"The Longest Zipline in Europe\",\"publisher\":{\"@id\":\"https:\/\/zipline-dolinka.si\/hu\/#organization\"},\"potentialAction\":[{\"@type\":\"SearchAction\",\"target\":{\"@type\":\"EntryPoint\",\"urlTemplate\":\"https:\/\/zipline-dolinka.si\/hu\/?s={search_term_string}\"},\"query-input\":{\"@type\":\"PropertyValueSpecification\",\"valueRequired\":true,\"valueName\":\"search_term_string\"}}],\"inLanguage\":\"hu\"},{\"@type\":\"Organization\",\"@id\":\"https:\/\/zipline-dolinka.si\/hu\/#organization\",\"name\":\"Zipline Dolinka Bled\",\"url\":\"https:\/\/zipline-dolinka.si\/hu\/\",\"logo\":{\"@type\":\"ImageObject\",\"inLanguage\":\"hu\",\"@id\":\"https:\/\/zipline-dolinka.si\/hu\/#\/schema\/logo\/image\/\",\"url\":\"https:\/\/zipline-dolinka.si\/wp-content\/uploads\/2022\/05\/cropped-ziplinedolonka-favicon.png\",\"contentUrl\":\"https:\/\/zipline-dolinka.si\/wp-content\/uploads\/2022\/05\/cropped-ziplinedolonka-favicon.png\",\"width\":512,\"height\":512,\"caption\":\"Zipline Dolinka Bled\"},\"image\":{\"@id\":\"https:\/\/zipline-dolinka.si\/hu\/#\/schema\/logo\/image\/\"},\"sameAs\":[\"https:\/\/www.facebook.com\/ZiplineDolinka\/\",\"https:\/\/www.tripadvisor.com\/Attraction_Review-g274863-d14139627-Reviews-Zipline_Dolinka-Bled_Upper_Carniola_Region.html\"]}]}<\/script>\n<!-- \/ Yoast SEO plugin. -->","yoast_head_json":{"title":"Fizet\u00e9si m\u00f3dok - Zipline Dolinka","robots":{"index":"index","follow":"follow","max-snippet":"max-snippet:-1","max-image-preview":"max-image-preview:large","max-video-preview":"max-video-preview:-1"},"canonical":"https:\/\/zipline-dolinka.si\/hu\/fizetesi-modok\/","og_locale":"hu_HU","og_type":"article","og_title":"Fizet\u00e9si m\u00f3dok - Zipline Dolinka","og_url":"https:\/\/zipline-dolinka.si\/hu\/fizetesi-modok\/","og_site_name":"Zipline Dolinka","article_publisher":"https:\/\/www.facebook.com\/ZiplineDolinka\/","article_modified_time":"2023-06-30T09:02:33+00:00","twitter_card":"summary_large_image","twitter_misc":{"Becs\u00fclt olvas\u00e1si id\u0151":"1 perc"},"schema":{"@context":"https:\/\/schema.org","@graph":[{"@type":"WebPage","@id":"https:\/\/zipline-dolinka.si\/hu\/fizetesi-modok\/","url":"https:\/\/zipline-dolinka.si\/hu\/fizetesi-modok\/","name":"Fizet\u00e9si m\u00f3dok - Zipline Dolinka","isPartOf":{"@id":"https:\/\/zipline-dolinka.si\/hu\/#website"},"datePublished":"2022-11-11T09:14:51+00:00","dateModified":"2023-06-30T09:02:33+00:00","breadcrumb":{"@id":"https:\/\/zipline-dolinka.si\/hu\/fizetesi-modok\/#breadcrumb"},"inLanguage":"hu","potentialAction":[{"@type":"ReadAction","target":["https:\/\/zipline-dolinka.si\/hu\/fizetesi-modok\/"]}]},{"@type":"BreadcrumbList","@id":"https:\/\/zipline-dolinka.si\/hu\/fizetesi-modok\/#breadcrumb","itemListElement":[{"@type":"ListItem","position":1,"name":"Kezd\u0151lap","item":"https:\/\/zipline-dolinka.si\/hu\/"},{"@type":"ListItem","position":2,"name":"Fizet\u00e9si m\u00f3dok"}]},{"@type":"WebSite","@id":"https:\/\/zipline-dolinka.si\/hu\/#website","url":"https:\/\/zipline-dolinka.si\/hu\/","name":"Zipline Dolinka","description":"The Longest Zipline in Europe","publisher":{"@id":"https:\/\/zipline-dolinka.si\/hu\/#organization"},"potentialAction":[{"@type":"SearchAction","target":{"@type":"EntryPoint","urlTemplate":"https:\/\/zipline-dolinka.si\/hu\/?s={search_term_string}"},"query-input":{"@type":"PropertyValueSpecification","valueRequired":true,"valueName":"search_term_string"}}],"inLanguage":"hu"},{"@type":"Organization","@id":"https:\/\/zipline-dolinka.si\/hu\/#organization","name":"Zipline Dolinka Bled","url":"https:\/\/zipline-dolinka.si\/hu\/","logo":{"@type":"ImageObject","inLanguage":"hu","@id":"https:\/\/zipline-dolinka.si\/hu\/#\/schema\/logo\/image\/","url":"https:\/\/zipline-dolinka.si\/wp-content\/uploads\/2022\/05\/cropped-ziplinedolonka-favicon.png","contentUrl":"https:\/\/zipline-dolinka.si\/wp-content\/uploads\/2022\/05\/cropped-ziplinedolonka-favicon.png","width":512,"height":512,"caption":"Zipline Dolinka Bled"},"image":{"@id":"https:\/\/zipline-dolinka.si\/hu\/#\/schema\/logo\/image\/"},"sameAs":["https:\/\/www.facebook.com\/ZiplineDolinka\/","https:\/\/www.tripadvisor.com\/Attraction_Review-g274863-d14139627-Reviews-Zipline_Dolinka-Bled_Upper_Carniola_Region.html"]}]}},"_links":{"self":[{"href":"https:\/\/zipline-dolinka.si\/hu\/wp-json\/wp\/v2\/pages\/3419","targetHints":{"allow":["GET"]}}],"collection":[{"href":"https:\/\/zipline-dolinka.si\/hu\/wp-json\/wp\/v2\/pages"}],"about":[{"href":"https:\/\/zipline-dolinka.si\/hu\/wp-json\/wp\/v2\/types\/page"}],"author":[{"embeddable":true,"href":"https:\/\/zipline-dolinka.si\/hu\/wp-json\/wp\/v2\/users\/1"}],"replies":[{"embeddable":true,"href":"https:\/\/zipline-dolinka.si\/hu\/wp-json\/wp\/v2\/comments?post=3419"}],"version-history":[{"count":0,"href":"https:\/\/zipline-dolinka.si\/hu\/wp-json\/wp\/v2\/pages\/3419\/revisions"}],"wp:attachment":[{"href":"https:\/\/zipline-dolinka.si\/hu\/wp-json\/wp\/v2\/media?parent=3419"}],"curies":[{"name":"wp","href":"https:\/\/api.w.org\/{rel}","templated":true}]}}