{"id":3248,"date":"2022-06-15T18:45:14","date_gmt":"2022-06-15T18:45:14","guid":{"rendered":"https:\/\/zipline-dolinka.si\/?page_id=3248"},"modified":"2023-06-27T15:13:19","modified_gmt":"2023-06-27T15:13:19","slug":"csaladi-jegy","status":"publish","type":"page","link":"https:\/\/zipline-dolinka.si\/hu\/tour\/csaladi-jegy\/","title":{"rendered":"Csal\u00e1di jegy"},"content":{"rendered":"\n<p><\/p>\n\n\n\n<div id=\"wp-block-themeisle-blocks-advanced-columns-1b153f13\" class=\"wp-block-themeisle-blocks-advanced-columns has-2-columns has-desktop-equal-layout has-tablet-equal-layout has-mobile-collapsedRows-layout has-vertical-unset\"><div class=\"wp-block-themeisle-blocks-advanced-columns-overlay\"><\/div><div class=\"innerblocks-wrap\">\n<div id=\"wp-block-themeisle-blocks-advanced-column-5110ee37\" class=\"wp-block-themeisle-blocks-advanced-column\">\n\n\n\n<script>\nga(function (tracker) {\n \/\/ Gets the client ID of the default tracker.\n var clientId = tracker.get('clientId');\n\n\n \/\/ Gets the Checkfront iframe.\n var checkfrontIframe = document.getElementById('CHECKFRONT_WIDGET_01').getElementsByTagName('iframe')[0]; \n\n\n \/\/ Sends the client ID to the window inside the destination frame, once it's loaded.\n checkfrontIframe.addEventListener(\"load\", function () {\n this.contentWindow.postMessage(clientId, 'https:\/\/zipline-dolinka.checkfront.com');\n });\n});\n<\/script>\n<\/div>\n\n\n\n<div id=\"wp-block-themeisle-blocks-advanced-column-5c1dcf60\" class=\"wp-block-themeisle-blocks-advanced-column\">\n<p>A Zipline Dolinka 6 \u00e9vn\u00e9l id\u0151sebb gyermekes csal\u00e1dok sz\u00e1m\u00e1ra is alkalmas. A csal\u00e1dok egy\u00fctt nyaralnak, hogy kikapcsol\u00f3djanak, k\u00f6t\u0151djenek egym\u00e1shoz \u00e9s eml\u00e9keket alkossanak. De amikor csal\u00e1di nyaral\u00e1st tervez\u00fcnk, n\u00e9ha kih\u00edv\u00e1st jelenthet olyan tev\u00e9kenys\u00e9get tal\u00e1lni, amelyet a sz\u00fcl\u0151k \u00e9pp\u00fagy szeretn\u00e9nek csin\u00e1lni, mint a gyerekek. Csal\u00e1dja visszat\u00e9r egy h\u00faz\u00f3s kaland ut\u00e1n, meg\u0151rizend\u0151 eml\u00e9kekkel \u00e9s megoszthat\u00f3 t\u00f6rt\u00e9netekkel, amelyek egy \u00e9letre sz\u00f3lnak. Az \u00e9lm\u00e9ny semmihez sem hasonl\u00edthat\u00f3. K\u00e9pzelje el, hogy mad\u00e1rk\u00e9nt rep\u00fcl a vadon \u00e9l\u0151 \u00e1llatok felett egy term\u00e9szetes, alpesi \u00e9l\u0151helyen. Ak\u00e1r zipline-ozt\u00e1l a m\u00faltban, ak\u00e1r soha nem volt lehet\u0151s\u00e9ged kipr\u00f3b\u00e1lni, tudjuk, hogy meg fogod \u00e9lni a r\u00e1d v\u00e1r\u00f3 kalandot. Lehet\u0151s\u00e9ge lesz \u00faj \u00e9l\u0151vil\u00e1got, gy\u00f6ny\u00f6r\u0171 foly\u00f3t, f\u00e1kat \u00e9s l\u00e9legzetel\u00e1ll\u00edt\u00f3 term\u00e9szeti kil\u00e1t\u00e1sokat l\u00e1tni. Ez egy olyan izgalom, amelyet semmilyen m\u00e1s tev\u00e9kenys\u00e9gt\u0151l nem kaphat meg.<\/p>\n\n\n\n<p>Az utaz\u00e1s 7 p\u00e1ly\u00e1t tartalmaz, amelyek hossza 300 \u00e9s 700 m k\u00f6z\u00f6tt van, \u00e9s teljes hossza 4 km. Az egyes Ziplines \u00e9rdekes erdei \u00e9s mezei \u00f6sv\u00e9nyekkel k\u00f6thet\u0151 \u00f6ssze. Sz\u00e1mos meg\u00e1ll\u00f3 is tal\u00e1lhat\u00f3, amelyek betekint\u00e9st ny\u00fajtanak a n\u00f6v\u00e9ny- \u00e9s \u00e1llatvil\u00e1gba, \u00e9s leny\u0171g\u00f6z\u0151 kil\u00e1t\u00e1st ny\u00fajtanak a Triglav-hegy, a Stol \u00e9s a Babji zob cs\u00facsaira<\/p>\n<\/div>\n<\/div><\/div>\n","protected":false},"excerpt":{"rendered":"","protected":false},"author":1,"featured_media":0,"parent":2595,"menu_order":1,"comment_status":"closed","ping_status":"closed","template":"","meta":{"neve_meta_sidebar":"","neve_meta_container":"","neve_meta_enable_content_width":"","neve_meta_content_width":0,"neve_meta_title_alignment":"","neve_meta_author_avatar":"","neve_post_elements_order":"","neve_meta_disable_header":"","neve_meta_disable_footer":"","neve_meta_disable_title":"","_themeisle_gutenberg_block_has_review":false,"footnotes":""},"class_list":["post-3248","page","type-page","status-publish","hentry"],"yoast_head":"<!-- This site is optimized with the Yoast SEO plugin v27.0 - https:\/\/yoast.com\/product\/yoast-seo-wordpress\/ -->\n<title>Csal\u00e1di jegy - Zipline Dolinka<\/title>\n<meta name=\"robots\" content=\"index, follow, max-snippet:-1, max-image-preview:large, max-video-preview:-1\" \/>\n<link rel=\"canonical\" href=\"https:\/\/zipline-dolinka.si\/hu\/tour\/csaladi-jegy\/\" \/>\n<meta property=\"og:locale\" content=\"hu_HU\" \/>\n<meta property=\"og:type\" content=\"article\" \/>\n<meta property=\"og:title\" content=\"Csal\u00e1di jegy - Zipline Dolinka\" \/>\n<meta property=\"og:url\" content=\"https:\/\/zipline-dolinka.si\/hu\/tour\/csaladi-jegy\/\" \/>\n<meta property=\"og:site_name\" content=\"Zipline Dolinka\" \/>\n<meta property=\"article:publisher\" content=\"https:\/\/www.facebook.com\/ZiplineDolinka\/\" \/>\n<meta property=\"article:modified_time\" content=\"2023-06-27T15:13:19+00:00\" \/>\n<meta name=\"twitter:card\" content=\"summary_large_image\" \/>\n<meta name=\"twitter:label1\" content=\"Becs\u00fclt olvas\u00e1si id\u0151\" \/>\n\t<meta name=\"twitter:data1\" content=\"1 perc\" \/>\n<script type=\"application\/ld+json\" class=\"yoast-schema-graph\">{\"@context\":\"https:\/\/schema.org\",\"@graph\":[{\"@type\":\"WebPage\",\"@id\":\"https:\/\/zipline-dolinka.si\/hu\/tour\/csaladi-jegy\/\",\"url\":\"https:\/\/zipline-dolinka.si\/hu\/tour\/csaladi-jegy\/\",\"name\":\"Csal\u00e1di jegy - Zipline Dolinka\",\"isPartOf\":{\"@id\":\"https:\/\/zipline-dolinka.si\/hu\/#website\"},\"datePublished\":\"2022-06-15T18:45:14+00:00\",\"dateModified\":\"2023-06-27T15:13:19+00:00\",\"breadcrumb\":{\"@id\":\"https:\/\/zipline-dolinka.si\/hu\/tour\/csaladi-jegy\/#breadcrumb\"},\"inLanguage\":\"hu\",\"potentialAction\":[{\"@type\":\"ReadAction\",\"target\":[\"https:\/\/zipline-dolinka.si\/hu\/tour\/csaladi-jegy\/\"]}]},{\"@type\":\"BreadcrumbList\",\"@id\":\"https:\/\/zipline-dolinka.si\/hu\/tour\/csaladi-jegy\/#breadcrumb\",\"itemListElement\":[{\"@type\":\"ListItem\",\"position\":1,\"name\":\"Kezd\u0151lap\",\"item\":\"https:\/\/zipline-dolinka.si\/hu\/\"},{\"@type\":\"ListItem\",\"position\":2,\"name\":\"K\u00f6t\u00e9lp\u00e1ly\u00e1s t\u00far\u00e1k\",\"item\":\"https:\/\/zipline-dolinka.si\/hu\/tour\/\"},{\"@type\":\"ListItem\",\"position\":3,\"name\":\"Csal\u00e1di jegy\"}]},{\"@type\":\"WebSite\",\"@id\":\"https:\/\/zipline-dolinka.si\/hu\/#website\",\"url\":\"https:\/\/zipline-dolinka.si\/hu\/\",\"name\":\"Zipline Dolinka\",\"description\":\"The Longest Zipline in Europe\",\"publisher\":{\"@id\":\"https:\/\/zipline-dolinka.si\/hu\/#organization\"},\"potentialAction\":[{\"@type\":\"SearchAction\",\"target\":{\"@type\":\"EntryPoint\",\"urlTemplate\":\"https:\/\/zipline-dolinka.si\/hu\/?s={search_term_string}\"},\"query-input\":{\"@type\":\"PropertyValueSpecification\",\"valueRequired\":true,\"valueName\":\"search_term_string\"}}],\"inLanguage\":\"hu\"},{\"@type\":\"Organization\",\"@id\":\"https:\/\/zipline-dolinka.si\/hu\/#organization\",\"name\":\"Zipline Dolinka Bled\",\"url\":\"https:\/\/zipline-dolinka.si\/hu\/\",\"logo\":{\"@type\":\"ImageObject\",\"inLanguage\":\"hu\",\"@id\":\"https:\/\/zipline-dolinka.si\/hu\/#\/schema\/logo\/image\/\",\"url\":\"https:\/\/zipline-dolinka.si\/wp-content\/uploads\/2022\/05\/cropped-ziplinedolonka-favicon.png\",\"contentUrl\":\"https:\/\/zipline-dolinka.si\/wp-content\/uploads\/2022\/05\/cropped-ziplinedolonka-favicon.png\",\"width\":512,\"height\":512,\"caption\":\"Zipline Dolinka Bled\"},\"image\":{\"@id\":\"https:\/\/zipline-dolinka.si\/hu\/#\/schema\/logo\/image\/\"},\"sameAs\":[\"https:\/\/www.facebook.com\/ZiplineDolinka\/\",\"https:\/\/www.tripadvisor.com\/Attraction_Review-g274863-d14139627-Reviews-Zipline_Dolinka-Bled_Upper_Carniola_Region.html\"]}]}<\/script>\n<!-- \/ Yoast SEO plugin. -->","yoast_head_json":{"title":"Csal\u00e1di jegy - Zipline Dolinka","robots":{"index":"index","follow":"follow","max-snippet":"max-snippet:-1","max-image-preview":"max-image-preview:large","max-video-preview":"max-video-preview:-1"},"canonical":"https:\/\/zipline-dolinka.si\/hu\/tour\/csaladi-jegy\/","og_locale":"hu_HU","og_type":"article","og_title":"Csal\u00e1di jegy - Zipline Dolinka","og_url":"https:\/\/zipline-dolinka.si\/hu\/tour\/csaladi-jegy\/","og_site_name":"Zipline Dolinka","article_publisher":"https:\/\/www.facebook.com\/ZiplineDolinka\/","article_modified_time":"2023-06-27T15:13:19+00:00","twitter_card":"summary_large_image","twitter_misc":{"Becs\u00fclt olvas\u00e1si id\u0151":"1 perc"},"schema":{"@context":"https:\/\/schema.org","@graph":[{"@type":"WebPage","@id":"https:\/\/zipline-dolinka.si\/hu\/tour\/csaladi-jegy\/","url":"https:\/\/zipline-dolinka.si\/hu\/tour\/csaladi-jegy\/","name":"Csal\u00e1di jegy - Zipline Dolinka","isPartOf":{"@id":"https:\/\/zipline-dolinka.si\/hu\/#website"},"datePublished":"2022-06-15T18:45:14+00:00","dateModified":"2023-06-27T15:13:19+00:00","breadcrumb":{"@id":"https:\/\/zipline-dolinka.si\/hu\/tour\/csaladi-jegy\/#breadcrumb"},"inLanguage":"hu","potentialAction":[{"@type":"ReadAction","target":["https:\/\/zipline-dolinka.si\/hu\/tour\/csaladi-jegy\/"]}]},{"@type":"BreadcrumbList","@id":"https:\/\/zipline-dolinka.si\/hu\/tour\/csaladi-jegy\/#breadcrumb","itemListElement":[{"@type":"ListItem","position":1,"name":"Kezd\u0151lap","item":"https:\/\/zipline-dolinka.si\/hu\/"},{"@type":"ListItem","position":2,"name":"K\u00f6t\u00e9lp\u00e1ly\u00e1s t\u00far\u00e1k","item":"https:\/\/zipline-dolinka.si\/hu\/tour\/"},{"@type":"ListItem","position":3,"name":"Csal\u00e1di jegy"}]},{"@type":"WebSite","@id":"https:\/\/zipline-dolinka.si\/hu\/#website","url":"https:\/\/zipline-dolinka.si\/hu\/","name":"Zipline Dolinka","description":"The Longest Zipline in Europe","publisher":{"@id":"https:\/\/zipline-dolinka.si\/hu\/#organization"},"potentialAction":[{"@type":"SearchAction","target":{"@type":"EntryPoint","urlTemplate":"https:\/\/zipline-dolinka.si\/hu\/?s={search_term_string}"},"query-input":{"@type":"PropertyValueSpecification","valueRequired":true,"valueName":"search_term_string"}}],"inLanguage":"hu"},{"@type":"Organization","@id":"https:\/\/zipline-dolinka.si\/hu\/#organization","name":"Zipline Dolinka Bled","url":"https:\/\/zipline-dolinka.si\/hu\/","logo":{"@type":"ImageObject","inLanguage":"hu","@id":"https:\/\/zipline-dolinka.si\/hu\/#\/schema\/logo\/image\/","url":"https:\/\/zipline-dolinka.si\/wp-content\/uploads\/2022\/05\/cropped-ziplinedolonka-favicon.png","contentUrl":"https:\/\/zipline-dolinka.si\/wp-content\/uploads\/2022\/05\/cropped-ziplinedolonka-favicon.png","width":512,"height":512,"caption":"Zipline Dolinka Bled"},"image":{"@id":"https:\/\/zipline-dolinka.si\/hu\/#\/schema\/logo\/image\/"},"sameAs":["https:\/\/www.facebook.com\/ZiplineDolinka\/","https:\/\/www.tripadvisor.com\/Attraction_Review-g274863-d14139627-Reviews-Zipline_Dolinka-Bled_Upper_Carniola_Region.html"]}]}},"_links":{"self":[{"href":"https:\/\/zipline-dolinka.si\/hu\/wp-json\/wp\/v2\/pages\/3248","targetHints":{"allow":["GET"]}}],"collection":[{"href":"https:\/\/zipline-dolinka.si\/hu\/wp-json\/wp\/v2\/pages"}],"about":[{"href":"https:\/\/zipline-dolinka.si\/hu\/wp-json\/wp\/v2\/types\/page"}],"author":[{"embeddable":true,"href":"https:\/\/zipline-dolinka.si\/hu\/wp-json\/wp\/v2\/users\/1"}],"replies":[{"embeddable":true,"href":"https:\/\/zipline-dolinka.si\/hu\/wp-json\/wp\/v2\/comments?post=3248"}],"version-history":[{"count":0,"href":"https:\/\/zipline-dolinka.si\/hu\/wp-json\/wp\/v2\/pages\/3248\/revisions"}],"up":[{"embeddable":true,"href":"https:\/\/zipline-dolinka.si\/hu\/wp-json\/wp\/v2\/pages\/2595"}],"wp:attachment":[{"href":"https:\/\/zipline-dolinka.si\/hu\/wp-json\/wp\/v2\/media?parent=3248"}],"curies":[{"name":"wp","href":"https:\/\/api.w.org\/{rel}","templated":true}]}}