{"id":2613,"date":"2022-06-15T18:27:14","date_gmt":"2022-06-15T18:27:14","guid":{"rendered":"https:\/\/zipline-dolinka.si\/?page_id=2613"},"modified":"2023-07-13T07:38:59","modified_gmt":"2023-07-13T07:38:59","slug":"faq","status":"publish","type":"page","link":"https:\/\/zipline-dolinka.si\/hu\/faq\/","title":{"rendered":"FAQ"},"content":{"rendered":"\n<div id=\"wp-block-themeisle-blocks-accordion-a4f23050\" class=\"wp-block-themeisle-blocks-accordion exclusive is-wider-gap has-light-content-bg\">\n<details class=\"wp-block-themeisle-blocks-accordion-item\"><summary class=\"wp-block-themeisle-blocks-accordion-item__title\"><div>Hol van a Zipline Dolinka r\u00e9sztvev\u0151i tal\u00e1lkoz\u00e1si pontja?<\/div><\/summary><div class=\"wp-block-themeisle-blocks-accordion-item__content\">\n<p>A tal\u00e1lkoz\u00e1si pont a Bled f\u0151buszp\u00e1lyaudvar k\u00f6zel\u00e9ben tal\u00e1lhat\u00f3, a k\u00f6vetkez\u0151 c\u00edmen: &#8222;Cesta svobode 1, 4260 Bled&#8221;. A r\u00e9sztvev\u0151knek legal\u00e1bb 15 perccel a tervezett \u00fatid\u0151 el\u0151tt meg kell jelenni\u00fck a tal\u00e1lkoz\u00e1si helyen. Parkol\u00e1si lehet\u0151s\u00e9g a r\u00e9sztvev\u0151k sz\u00e1m\u00e1ra nem biztos\u00edtott.<\/p>\n<\/div><\/details>\n\n\n\n<details class=\"wp-block-themeisle-blocks-accordion-item\"><summary class=\"wp-block-themeisle-blocks-accordion-item__title\"><div>Hol tudok parkolni?<\/div><\/summary><div class=\"wp-block-themeisle-blocks-accordion-item__content\">\n<p>Egy ingyenes parkol\u00f3hely tal\u00e1l\u00e1sa Bledben k\u00fcl\u00f6n\u00f6sen neh\u00e9z lehet a ny\u00e1ri h\u00f3napokban, ez\u00e9rt javasoljuk, hogy el\u00e9g kor\u00e1n hagyja el otthon\u00e1t, \u00e9s \u00e1lljon meg az aut\u00f3j\u00e1val egy olyan parkol\u00f3ban, ami kb. 10 perc s\u00e9t\u00e1ra van.<\/p>\n\n\n\n<ol class=\"wp-block-list\">\n<li>Parkol\u00f3 az \u00e1ltal\u00e1nos iskola mellett: P15 &#8211; Osnovna \u0161ola, C\u00edm: Parkiri\u0161\u010de Seli\u0161e 2<\/li>\n\n\n\n<li>Parkol\u00f3 az Infrastruktura ter\u00fclet\u00e9n: P11 &#8211; Blejski grad, C\u00edm: Re\u010di\u0161ka cesta 2<\/li>\n\n\n\n<li>Parkol\u00f3 a j\u00e9gcsarnok mellett: P04 &#8211; Ledena dvorana, C\u00edm: Ljubljanska cesta 5<\/li>\n\n\n\n<li>Parkol\u00f3 Bledben, C\u00edm: Pre\u0161ernova cesta 23 <\/li>\n<\/ol>\n\n\n\n<p>Minden parkol\u00f3 Bledben fizet\u0151s.<\/p>\n<\/div><\/details>\n\n\n\n<details class=\"wp-block-themeisle-blocks-accordion-item\"><summary class=\"wp-block-themeisle-blocks-accordion-item__title\"><div>Mit tartalmaz a t\u00fara?<\/div><\/summary><div class=\"wp-block-themeisle-blocks-accordion-item__content\">\n<p>A t\u00fara tartalmazza a transzfert a tal\u00e1lkoz\u00e1si pontt\u00f3l a Zipline kiindul\u00e1si pontig \u00e9s vissza, az \u00f6sszes felszerel\u00e9st \u00e9s k\u00e9t idegenvezet\u0151t. A r\u00e9sztvev\u0151 a tal\u00e1lkoz\u00e1si helyen l\u00e9v\u0151 irod\u00e1ban kap sisakot, biztons\u00e1gi \u00f6vet, csig\u00e1t \u00e9s v\u00e9d\u0151keszty\u0171t. A r\u00e9sztvev\u0151k v\u00e9d\u0151felszerel\u00e9s\u00e9t a PETZL gy\u00e1rt\u00f3 k\u00e9sz\u00edtette, \u00e9s az eur\u00f3pai szabv\u00e1nyoknak megfelel\u0151 tan\u00fas\u00edtv\u00e1nnyal rendelkezik.<\/p>\n<\/div><\/details>\n\n\n\n<details class=\"wp-block-themeisle-blocks-accordion-item\"><summary class=\"wp-block-themeisle-blocks-accordion-item__title\"><div>Mit kell vinnem?<\/div><\/summary><div class=\"wp-block-themeisle-blocks-accordion-item__content\">\n<p>Minden r\u00e9sztvev\u0151nek t\u00fara- vagy sportcip\u0151t (flip-flop\/szand\u00e1l nem megengedett), id\u0151j\u00e1r\u00e1snak megfelel\u0151 sportruh\u00e1zatot \u00e9s v\u00edzes h\u00e1tizs\u00e1kot kell hoznia.<\/p>\n<\/div><\/details>\n\n\n\n<details class=\"wp-block-themeisle-blocks-accordion-item\"><summary class=\"wp-block-themeisle-blocks-accordion-item__title\"><div>Mennyi ideig tart a Zipline Dolinka utaz\u00e1s?<\/div><\/summary><div class=\"wp-block-themeisle-blocks-accordion-item__content\">\n<p>A teljes utaz\u00e1s 2-3 \u00f3r\u00e1ig tart, a csoport m\u00e9ret\u00e9t\u0151l \u00e9s \u00e1ltal\u00e1nos megk\u00f6zel\u00edt\u00e9s\u00e9t\u0151l f\u00fcgg\u0151en.<\/p>\n<\/div><\/details>\n\n\n\n<details class=\"wp-block-themeisle-blocks-accordion-item\"><summary class=\"wp-block-themeisle-blocks-accordion-item__title\"><div>A Zipline Dolinka kir\u00e1ndul\u00e1s minden id\u0151ben megt\u00f6rt\u00e9nik?<\/div><\/summary><div class=\"wp-block-themeisle-blocks-accordion-item__content\">\n<p>A Zipline egy kaland, amely a szabadban \u00e9s v\u00e1ltozatos id\u0151j\u00e1r\u00e1si k\u00f6r\u00fclm\u00e9nyek k\u00f6z\u00f6tt zajlik, a r\u00e9sztvev\u0151knek ehhez kell igaz\u00edtaniuk ruh\u00e1ikat \u00e9s cip\u0151iket. Vihar eset\u00e9n az utaz\u00e1st elhalasztj\u00e1k vagy lemondj\u00e1k.<\/p>\n<\/div><\/details>\n\n\n\n<details class=\"wp-block-themeisle-blocks-accordion-item\"><summary class=\"wp-block-themeisle-blocks-accordion-item__title\"><div>Milyen eg\u00e9szs\u00e9g\u00fcgyi k\u00f6vetelm\u00e9nyeknek kell megfelelnem a Zipline Dolinka kir\u00e1ndul\u00e1son val\u00f3 r\u00e9szv\u00e9telhez?<\/div><\/summary><div class=\"wp-block-themeisle-blocks-accordion-item__content\">\n<p>Terhes n\u0151knek, sz\u00edvbetegeknek \u00e9s gerinc-, v\u00e1ll- vagy v\u00e9gtags\u00e9r\u00fclteknek ne vegyenek r\u00e9szt. Az allergi\u00e1s vagy cukorbetegs\u00e9gben szenved\u0151knek magukkal kell hozniuk v\u00e9nyk\u00f6teles gy\u00f3gyszereiket. Azoknak, akik nem biztosak eg\u00e9szs\u00e9gi \u00e1llapotukban, tan\u00e1csos orvoshoz fordulni, miel\u0151tt r\u00e9szt vesznek a Zipline utaz\u00e1son. Az utaz\u00e1son k\u00e1b\u00edt\u00f3szer vagy alkohol hat\u00e1sa alatt \u00e1ll\u00f3 szem\u00e9lyek nem vehetnek r\u00e9szt. A Zipline nem megfelel\u0151 fogyat\u00e9kkal \u00e9l\u0151 vagy betegs\u00e9gben szenved\u0151k (vakok, siketek, autista spektrumzavarban szenved\u0151k stb.) sz\u00e1m\u00e1ra.<\/p>\n<\/div><\/details>\n\n\n\n<details class=\"wp-block-themeisle-blocks-accordion-item\"><summary class=\"wp-block-themeisle-blocks-accordion-item__title\"><div>Milyen korhat\u00e1r \u00e9s egy\u00e9b r\u00e9szv\u00e9teli korl\u00e1tok vannak?<\/div><\/summary><div class=\"wp-block-themeisle-blocks-accordion-item__content\">\n<ul class=\"wp-block-list\">\n<li>Milyen eg\u00e9szs\u00e9g\u00fcgyi k\u00f6vetelm\u00e9nyeknek kell megfelelnem a Zipline Dolinka kir\u00e1ndul\u00e1son val\u00f3 r\u00e9szv\u00e9telhez?<\/li>\n<\/ul>\n\n\n\n<ul class=\"wp-block-list\">\n<li>Gyerekek, akik 6 \u00e9s 12 \u00e9v k\u00f6z\u00f6ttiek, szakk\u00e9pzett vezet\u0151inkkel egy\u00fctt. A Zipline-t 12 \u00e9vesn\u00e9l id\u0151sebb \u00e9s 45 kg-n\u00e1l (100 fontn\u00e1l) meghalad\u00f3 gyermekek egyed\u00fcl vehetik r\u00e9szt. Minden 15 \u00e9v alatti gyermeket legal\u00e1bb az egyik sz\u00fcl\u0151 k\u00eds\u00e9ret\u00e9ben kell biztos\u00edtani. A 15 \u00e9s 18 \u00e9v k\u00f6z\u00f6tti gyermekeknek sz\u00fcleik \u00edr\u00e1sos beleegyez\u00e9se sz\u00fcks\u00e9ges.<\/li>\n\n\n\n<li>A maxim\u00e1lis s\u00falyhat\u00e1r 120 kg (265 font). A r\u00e9sztvev\u0151k sz\u00e1ma korl\u00e1tozott a szabv\u00e1nyos biztons\u00e1gi felszerel\u00e9s\u00fcnk m\u00e9ret\u00e9vel is. A r\u00e9sztvev\u0151knek el\u00e9g fittnek kell lenni\u00fck ahhoz, hogy lebonyol\u00edts\u00e1k a t\u00far\u00e1t.<\/li>\n<\/ul>\n<\/div><\/details>\n\n\n\n<details class=\"wp-block-themeisle-blocks-accordion-item\"><summary class=\"wp-block-themeisle-blocks-accordion-item__title\"><div>Sz\u00fcks\u00e9gem van b\u00e1rmilyen el\u0151zetes tud\u00e1sra, miel\u0151tt r\u00e9szt venn\u00e9k a Zipline Dolinka utaz\u00e1son?<\/div><\/summary><div class=\"wp-block-themeisle-blocks-accordion-item__content\">\n<p>A Zipline Dolinka utaz\u00e1shoz nincs sz\u00fcks\u00e9g el\u0151zetes tud\u00e1sra. Csak alap er\u0151nl\u00e9t kell, mert az \u00fat p\u00e1r perces s\u00e9t\u00e1kat tartalmaz r\u00e9teken \u00e9s erdei \u00f6sv\u00e9nyeken, melyek egy r\u00e9sze felfel\u00e9 vezet.<\/p>\n<\/div><\/details>\n\n\n\n<details class=\"wp-block-themeisle-blocks-accordion-item\"><summary class=\"wp-block-themeisle-blocks-accordion-item__title\"><div>Mikor zajlanak a Zipline Dolinka kir\u00e1ndul\u00e1sok?<\/div><\/summary><div class=\"wp-block-themeisle-blocks-accordion-item__content\">\n<p>Utaz\u00e1saink minden nap zajlanak. Naponta egy vagy t\u00f6bb utaz\u00e1st k\u00edn\u00e1lunk, az utaz\u00e1sok sz\u00e1ma \u00e9s menetrendje szezonf\u00fcgg\u0151. K\u00e9rj\u00fck, ellen\u0151rizze a szabad id\u0151pontokat a \u201eFoglal\u00e1s\u201d gombra kattintva. H\u00edvhat minket, k\u00fcldhet e-mailt vagy megl\u00e1togathat irod\u00e1nkban.<\/p>\n<\/div><\/details>\n\n\n\n<details class=\"wp-block-themeisle-blocks-accordion-item\"><summary class=\"wp-block-themeisle-blocks-accordion-item__title\"><div>Le kell foglalnom a Zipline Dolinka utaz\u00e1st?<\/div><\/summary><div class=\"wp-block-themeisle-blocks-accordion-item__content\">\n<p>Igen! Mindig javasoljuk az el\u0151zetes foglal\u00e1st. A kir\u00e1ndul\u00e1son csak korl\u00e1tozott sz\u00e1mban vehetnek r\u00e9szt a r\u00e9sztvev\u0151k, \u00e9s el\u0151fordulhat, hogy egy adott napon m\u00e1r nincs szabad hely. A ny\u00e1ri h\u00f3napok k\u00fcl\u00f6n\u00f6sen mozgalmasak, ez\u00e9rt er\u0151sen aj\u00e1nlott az el\u0151zetes foglal\u00e1s. Last minute foglal\u00e1s lehets\u00e9ges, de ebben az esetben a jegye nem garant\u00e1lhat\u00f3.<\/p>\n<\/div><\/details>\n\n\n\n<details class=\"wp-block-themeisle-blocks-accordion-item\"><summary class=\"wp-block-themeisle-blocks-accordion-item__title\"><div>Hozhatok-e vide\u00f3t vagy f\u00e9nyk\u00e9pez\u0151t?<\/div><\/summary><div class=\"wp-block-themeisle-blocks-accordion-item__content\">\n<p>Sz\u00edvesen hozzon mag\u00e1val f\u00e9nyk\u00e9pez\u0151g\u00e9pet. Lejt\u0151s k\u00f6zben azonban csak a kamera csatlakoztat\u00e1sa eset\u00e9n szabad filmezni. A t\u00f6bbi k\u00fcty\u00fct a h\u00e1tizs\u00e1kj\u00e1ban kell tartani vagy t\u00e1rolni.<\/p>\n<\/div><\/details>\n\n\n\n<details class=\"wp-block-themeisle-blocks-accordion-item\"><summary class=\"wp-block-themeisle-blocks-accordion-item__title\"><div>Mit tegyek, ha f\u00e9lek a magass\u00e1gt\u00f3l?<\/div><\/summary><div class=\"wp-block-themeisle-blocks-accordion-item__content\">\n<ul class=\"wp-block-list\">\n<li>Tapasztalataink azt mutatj\u00e1k, hogy azok a r\u00e9sztvev\u0151k is, akik eleinte nagyon f\u00e9ltek, ellazulnak az els\u0151 n\u00e9h\u00e1ny utaz\u00e1s ut\u00e1n, \u00e9s k\u00fcl\u00f6n\u00f6sen el\u00e9gedettnek \u00e9rzik magukat a f\u00e9lelmeik lek\u00fczd\u00e9s\u00e9vel.<\/li>\n<\/ul>\n\n\n\n<p>Abban az esetben, ha egy r\u00e9sztvev\u0151 \u00fagy d\u00f6nt, hogy m\u00e9gsem indul el, sof\u0151r\u00fcnk visszaviszi a tal\u00e1lkoz\u00e1si pontra. Ebben az esetben teljes visszat\u00e9r\u00edt\u00e9st v\u00e1llalunk. De biztos lehet benne, hogy vezet\u0151ink biztons\u00e1gban \u00e9rzik magukat, \u00e9s minden l\u00e9p\u00e9sben seg\u00edtenek! Fogadunk, hogy nem fog megfordulni.<\/p>\n<\/div><\/details>\n<\/div>\n\n\n\n<div style=\"height:100px\" aria-hidden=\"true\" class=\"wp-block-spacer\"><\/div>\n","protected":false},"excerpt":{"rendered":"","protected":false},"author":2,"featured_media":0,"parent":0,"menu_order":7,"comment_status":"closed","ping_status":"closed","template":"","meta":{"neve_meta_sidebar":"","neve_meta_container":"","neve_meta_enable_content_width":"","neve_meta_content_width":0,"neve_meta_title_alignment":"","neve_meta_author_avatar":"","neve_post_elements_order":"","neve_meta_disable_header":"","neve_meta_disable_footer":"","neve_meta_disable_title":"","_themeisle_gutenberg_block_has_review":false,"footnotes":""},"class_list":["post-2613","page","type-page","status-publish","hentry"],"yoast_head":"<!-- This site is optimized with the Yoast SEO plugin v27.0 - https:\/\/yoast.com\/product\/yoast-seo-wordpress\/ -->\n<title>FAQ - Zipline Dolinka<\/title>\n<meta name=\"robots\" content=\"index, follow, max-snippet:-1, max-image-preview:large, max-video-preview:-1\" \/>\n<link rel=\"canonical\" href=\"https:\/\/zipline-dolinka.si\/hu\/faq\/\" \/>\n<meta property=\"og:locale\" content=\"hu_HU\" \/>\n<meta property=\"og:type\" content=\"article\" \/>\n<meta property=\"og:title\" content=\"FAQ - Zipline Dolinka\" \/>\n<meta property=\"og:url\" content=\"https:\/\/zipline-dolinka.si\/hu\/faq\/\" \/>\n<meta property=\"og:site_name\" content=\"Zipline Dolinka\" \/>\n<meta property=\"article:publisher\" content=\"https:\/\/www.facebook.com\/ZiplineDolinka\/\" \/>\n<meta property=\"article:modified_time\" content=\"2023-07-13T07:38:59+00:00\" \/>\n<meta name=\"twitter:card\" content=\"summary_large_image\" \/>\n<meta name=\"twitter:label1\" content=\"Becs\u00fclt olvas\u00e1si id\u0151\" \/>\n\t<meta name=\"twitter:data1\" content=\"5 perc\" \/>\n<script type=\"application\/ld+json\" class=\"yoast-schema-graph\">{\"@context\":\"https:\/\/schema.org\",\"@graph\":[{\"@type\":\"WebPage\",\"@id\":\"https:\/\/zipline-dolinka.si\/hu\/faq\/\",\"url\":\"https:\/\/zipline-dolinka.si\/hu\/faq\/\",\"name\":\"FAQ - Zipline Dolinka\",\"isPartOf\":{\"@id\":\"https:\/\/zipline-dolinka.si\/hu\/#website\"},\"datePublished\":\"2022-06-15T18:27:14+00:00\",\"dateModified\":\"2023-07-13T07:38:59+00:00\",\"breadcrumb\":{\"@id\":\"https:\/\/zipline-dolinka.si\/hu\/faq\/#breadcrumb\"},\"inLanguage\":\"hu\",\"potentialAction\":[{\"@type\":\"ReadAction\",\"target\":[\"https:\/\/zipline-dolinka.si\/hu\/faq\/\"]}]},{\"@type\":\"BreadcrumbList\",\"@id\":\"https:\/\/zipline-dolinka.si\/hu\/faq\/#breadcrumb\",\"itemListElement\":[{\"@type\":\"ListItem\",\"position\":1,\"name\":\"Kezd\u0151lap\",\"item\":\"https:\/\/zipline-dolinka.si\/hu\/\"},{\"@type\":\"ListItem\",\"position\":2,\"name\":\"FAQ\"}]},{\"@type\":\"WebSite\",\"@id\":\"https:\/\/zipline-dolinka.si\/hu\/#website\",\"url\":\"https:\/\/zipline-dolinka.si\/hu\/\",\"name\":\"Zipline Dolinka\",\"description\":\"The Longest Zipline in Europe\",\"publisher\":{\"@id\":\"https:\/\/zipline-dolinka.si\/hu\/#organization\"},\"potentialAction\":[{\"@type\":\"SearchAction\",\"target\":{\"@type\":\"EntryPoint\",\"urlTemplate\":\"https:\/\/zipline-dolinka.si\/hu\/?s={search_term_string}\"},\"query-input\":{\"@type\":\"PropertyValueSpecification\",\"valueRequired\":true,\"valueName\":\"search_term_string\"}}],\"inLanguage\":\"hu\"},{\"@type\":\"Organization\",\"@id\":\"https:\/\/zipline-dolinka.si\/hu\/#organization\",\"name\":\"Zipline Dolinka Bled\",\"url\":\"https:\/\/zipline-dolinka.si\/hu\/\",\"logo\":{\"@type\":\"ImageObject\",\"inLanguage\":\"hu\",\"@id\":\"https:\/\/zipline-dolinka.si\/hu\/#\/schema\/logo\/image\/\",\"url\":\"https:\/\/zipline-dolinka.si\/wp-content\/uploads\/2022\/05\/cropped-ziplinedolonka-favicon.png\",\"contentUrl\":\"https:\/\/zipline-dolinka.si\/wp-content\/uploads\/2022\/05\/cropped-ziplinedolonka-favicon.png\",\"width\":512,\"height\":512,\"caption\":\"Zipline Dolinka Bled\"},\"image\":{\"@id\":\"https:\/\/zipline-dolinka.si\/hu\/#\/schema\/logo\/image\/\"},\"sameAs\":[\"https:\/\/www.facebook.com\/ZiplineDolinka\/\",\"https:\/\/www.tripadvisor.com\/Attraction_Review-g274863-d14139627-Reviews-Zipline_Dolinka-Bled_Upper_Carniola_Region.html\"]}]}<\/script>\n<!-- \/ Yoast SEO plugin. -->","yoast_head_json":{"title":"FAQ - Zipline Dolinka","robots":{"index":"index","follow":"follow","max-snippet":"max-snippet:-1","max-image-preview":"max-image-preview:large","max-video-preview":"max-video-preview:-1"},"canonical":"https:\/\/zipline-dolinka.si\/hu\/faq\/","og_locale":"hu_HU","og_type":"article","og_title":"FAQ - Zipline Dolinka","og_url":"https:\/\/zipline-dolinka.si\/hu\/faq\/","og_site_name":"Zipline Dolinka","article_publisher":"https:\/\/www.facebook.com\/ZiplineDolinka\/","article_modified_time":"2023-07-13T07:38:59+00:00","twitter_card":"summary_large_image","twitter_misc":{"Becs\u00fclt olvas\u00e1si id\u0151":"5 perc"},"schema":{"@context":"https:\/\/schema.org","@graph":[{"@type":"WebPage","@id":"https:\/\/zipline-dolinka.si\/hu\/faq\/","url":"https:\/\/zipline-dolinka.si\/hu\/faq\/","name":"FAQ - Zipline Dolinka","isPartOf":{"@id":"https:\/\/zipline-dolinka.si\/hu\/#website"},"datePublished":"2022-06-15T18:27:14+00:00","dateModified":"2023-07-13T07:38:59+00:00","breadcrumb":{"@id":"https:\/\/zipline-dolinka.si\/hu\/faq\/#breadcrumb"},"inLanguage":"hu","potentialAction":[{"@type":"ReadAction","target":["https:\/\/zipline-dolinka.si\/hu\/faq\/"]}]},{"@type":"BreadcrumbList","@id":"https:\/\/zipline-dolinka.si\/hu\/faq\/#breadcrumb","itemListElement":[{"@type":"ListItem","position":1,"name":"Kezd\u0151lap","item":"https:\/\/zipline-dolinka.si\/hu\/"},{"@type":"ListItem","position":2,"name":"FAQ"}]},{"@type":"WebSite","@id":"https:\/\/zipline-dolinka.si\/hu\/#website","url":"https:\/\/zipline-dolinka.si\/hu\/","name":"Zipline Dolinka","description":"The Longest Zipline in Europe","publisher":{"@id":"https:\/\/zipline-dolinka.si\/hu\/#organization"},"potentialAction":[{"@type":"SearchAction","target":{"@type":"EntryPoint","urlTemplate":"https:\/\/zipline-dolinka.si\/hu\/?s={search_term_string}"},"query-input":{"@type":"PropertyValueSpecification","valueRequired":true,"valueName":"search_term_string"}}],"inLanguage":"hu"},{"@type":"Organization","@id":"https:\/\/zipline-dolinka.si\/hu\/#organization","name":"Zipline Dolinka Bled","url":"https:\/\/zipline-dolinka.si\/hu\/","logo":{"@type":"ImageObject","inLanguage":"hu","@id":"https:\/\/zipline-dolinka.si\/hu\/#\/schema\/logo\/image\/","url":"https:\/\/zipline-dolinka.si\/wp-content\/uploads\/2022\/05\/cropped-ziplinedolonka-favicon.png","contentUrl":"https:\/\/zipline-dolinka.si\/wp-content\/uploads\/2022\/05\/cropped-ziplinedolonka-favicon.png","width":512,"height":512,"caption":"Zipline Dolinka Bled"},"image":{"@id":"https:\/\/zipline-dolinka.si\/hu\/#\/schema\/logo\/image\/"},"sameAs":["https:\/\/www.facebook.com\/ZiplineDolinka\/","https:\/\/www.tripadvisor.com\/Attraction_Review-g274863-d14139627-Reviews-Zipline_Dolinka-Bled_Upper_Carniola_Region.html"]}]}},"_links":{"self":[{"href":"https:\/\/zipline-dolinka.si\/hu\/wp-json\/wp\/v2\/pages\/2613","targetHints":{"allow":["GET"]}}],"collection":[{"href":"https:\/\/zipline-dolinka.si\/hu\/wp-json\/wp\/v2\/pages"}],"about":[{"href":"https:\/\/zipline-dolinka.si\/hu\/wp-json\/wp\/v2\/types\/page"}],"author":[{"embeddable":true,"href":"https:\/\/zipline-dolinka.si\/hu\/wp-json\/wp\/v2\/users\/2"}],"replies":[{"embeddable":true,"href":"https:\/\/zipline-dolinka.si\/hu\/wp-json\/wp\/v2\/comments?post=2613"}],"version-history":[{"count":0,"href":"https:\/\/zipline-dolinka.si\/hu\/wp-json\/wp\/v2\/pages\/2613\/revisions"}],"wp:attachment":[{"href":"https:\/\/zipline-dolinka.si\/hu\/wp-json\/wp\/v2\/media?parent=2613"}],"curies":[{"name":"wp","href":"https:\/\/api.w.org\/{rel}","templated":true}]}}