{"id":4319,"date":"2023-07-31T06:33:35","date_gmt":"2023-07-31T06:33:35","guid":{"rendered":"https:\/\/zipline-dolinka.si\/?page_id=4319"},"modified":"2023-07-31T07:23:35","modified_gmt":"2023-07-31T07:23:35","slug":"la-visite-au-coucher-du-soleil","status":"publish","type":"page","link":"https:\/\/zipline-dolinka.si\/fr\/visite-ou-excursiontour\/la-visite-au-coucher-du-soleil\/","title":{"rendered":"La visite au coucher du soleil"},"content":{"rendered":"\n<div id=\"wp-block-themeisle-blocks-advanced-columns-832f3724\" class=\"wp-block-themeisle-blocks-advanced-columns has-2-columns has-desktop-equal-layout has-tablet-equal-layout has-mobile-collapsedRows-layout has-vertical-unset\"><div class=\"wp-block-themeisle-blocks-advanced-columns-overlay\"><\/div><div class=\"innerblocks-wrap\">\n<div id=\"wp-block-themeisle-blocks-advanced-column-0d8c41df\" class=\"wp-block-themeisle-blocks-advanced-column\">\n\n\n\n<script>\nga(function (tracker) {\n \/\/ Gets the client ID of the default tracker.\n var clientId = tracker.get('clientId');\n\n\n \/\/ Gets the Checkfront iframe.\n var checkfrontIframe = document.getElementById('CHECKFRONT_WIDGET_01').getElementsByTagName('iframe')[0]; \n\n\n \/\/ Sends the client ID to the window inside the destination frame, once it's loaded.\n checkfrontIframe.addEventListener(\"load\", function () {\n this.contentWindow.postMessage(clientId, 'https:\/\/zipline-dolinka.checkfront.com');\n });\n});\n<\/script>\n<\/div>\n\n\n\n<div id=\"wp-block-themeisle-blocks-advanced-column-f504d8eb\" class=\"wp-block-themeisle-blocks-advanced-column\">\n<p>La visite au coucher du soleil de Zipline Dolinka offre une aventure palpitante, vous permettant d&rsquo;admirer les couleurs spectaculaires du coucher de soleil par beau temps.<\/p>\n\n\n\n<p>Votre voyage vous fera survoler les vall\u00e9es et les cimes des arbres, r\u00e9v\u00e9lant le panorama \u00e0 couper le souffle de Dolinka au moment o\u00f9 le jour se transforme en cr\u00e9puscule.<\/p>\n\n\n\n<p>Notre installation de Zipline professionnelle garantit s\u00e9curit\u00e9 et plaisir, vous permettant de vous impr\u00e9gner de la beaut\u00e9 de la nature. Accompagn\u00e9 de nos guides exp\u00e9riment\u00e9s, vous acquerrez des connaissances sur l&rsquo;\u00e9cosyst\u00e8me local, enrichissant cette aventure palpitante.<\/p>\n\n\n\n<p>En fin de visite, si le temps nous le permet, vous serez gratifi\u00e9 d&rsquo;une vue imprenable sur le coucher de soleil, rendant cette soir\u00e9e sous les \u00e9toiles inoubliable.<\/p>\n<\/div>\n<\/div><\/div>\n","protected":false},"excerpt":{"rendered":"","protected":false},"author":1,"featured_media":4271,"parent":2674,"menu_order":2,"comment_status":"closed","ping_status":"closed","template":"","meta":{"neve_meta_sidebar":"","neve_meta_container":"","neve_meta_enable_content_width":"","neve_meta_content_width":0,"neve_meta_title_alignment":"","neve_meta_author_avatar":"","neve_post_elements_order":"","neve_meta_disable_header":"","neve_meta_disable_footer":"","neve_meta_disable_title":"","_themeisle_gutenberg_block_has_review":false,"footnotes":""},"class_list":["post-4319","page","type-page","status-publish","has-post-thumbnail","hentry"],"yoast_head":"<!-- This site is optimized with the Yoast SEO plugin v27.0 - https:\/\/yoast.com\/product\/yoast-seo-wordpress\/ -->\n<title>La visite au coucher du soleil - Zipline Dolinka<\/title>\n<meta name=\"robots\" content=\"index, follow, max-snippet:-1, max-image-preview:large, max-video-preview:-1\" \/>\n<link rel=\"canonical\" href=\"https:\/\/zipline-dolinka.si\/fr\/visite-ou-excursiontour\/la-visite-au-coucher-du-soleil\/\" \/>\n<meta property=\"og:locale\" content=\"fr_FR\" \/>\n<meta property=\"og:type\" content=\"article\" \/>\n<meta property=\"og:title\" content=\"La visite au coucher du soleil - Zipline Dolinka\" \/>\n<meta property=\"og:url\" content=\"https:\/\/zipline-dolinka.si\/fr\/visite-ou-excursiontour\/la-visite-au-coucher-du-soleil\/\" \/>\n<meta property=\"og:site_name\" content=\"Zipline Dolinka\" \/>\n<meta property=\"article:publisher\" content=\"https:\/\/www.facebook.com\/ZiplineDolinka\/\" \/>\n<meta property=\"article:modified_time\" content=\"2023-07-31T07:23:35+00:00\" \/>\n<meta property=\"og:image\" content=\"https:\/\/zipline-dolinka.si\/wp-content\/uploads\/2023\/07\/zipline9-1.png\" \/>\n\t<meta property=\"og:image:width\" content=\"593\" \/>\n\t<meta property=\"og:image:height\" content=\"593\" \/>\n\t<meta property=\"og:image:type\" content=\"image\/png\" \/>\n<meta name=\"twitter:card\" content=\"summary_large_image\" \/>\n<meta name=\"twitter:label1\" content=\"Dur\u00e9e de lecture estim\u00e9e\" \/>\n\t<meta name=\"twitter:data1\" content=\"1 minute\" \/>\n<script type=\"application\/ld+json\" class=\"yoast-schema-graph\">{\"@context\":\"https:\/\/schema.org\",\"@graph\":[{\"@type\":\"WebPage\",\"@id\":\"https:\/\/zipline-dolinka.si\/fr\/visite-ou-excursiontour\/la-visite-au-coucher-du-soleil\/\",\"url\":\"https:\/\/zipline-dolinka.si\/fr\/visite-ou-excursiontour\/la-visite-au-coucher-du-soleil\/\",\"name\":\"La visite au coucher du soleil - Zipline Dolinka\",\"isPartOf\":{\"@id\":\"https:\/\/zipline-dolinka.si\/fr\/#website\"},\"primaryImageOfPage\":{\"@id\":\"https:\/\/zipline-dolinka.si\/fr\/visite-ou-excursiontour\/la-visite-au-coucher-du-soleil\/#primaryimage\"},\"image\":{\"@id\":\"https:\/\/zipline-dolinka.si\/fr\/visite-ou-excursiontour\/la-visite-au-coucher-du-soleil\/#primaryimage\"},\"thumbnailUrl\":\"https:\/\/zipline-dolinka.si\/wp-content\/uploads\/2023\/07\/zipline9-1.png\",\"datePublished\":\"2023-07-31T06:33:35+00:00\",\"dateModified\":\"2023-07-31T07:23:35+00:00\",\"breadcrumb\":{\"@id\":\"https:\/\/zipline-dolinka.si\/fr\/visite-ou-excursiontour\/la-visite-au-coucher-du-soleil\/#breadcrumb\"},\"inLanguage\":\"fr-FR\",\"potentialAction\":[{\"@type\":\"ReadAction\",\"target\":[\"https:\/\/zipline-dolinka.si\/fr\/visite-ou-excursiontour\/la-visite-au-coucher-du-soleil\/\"]}]},{\"@type\":\"ImageObject\",\"inLanguage\":\"fr-FR\",\"@id\":\"https:\/\/zipline-dolinka.si\/fr\/visite-ou-excursiontour\/la-visite-au-coucher-du-soleil\/#primaryimage\",\"url\":\"https:\/\/zipline-dolinka.si\/wp-content\/uploads\/2023\/07\/zipline9-1.png\",\"contentUrl\":\"https:\/\/zipline-dolinka.si\/wp-content\/uploads\/2023\/07\/zipline9-1.png\",\"width\":593,\"height\":593},{\"@type\":\"BreadcrumbList\",\"@id\":\"https:\/\/zipline-dolinka.si\/fr\/visite-ou-excursiontour\/la-visite-au-coucher-du-soleil\/#breadcrumb\",\"itemListElement\":[{\"@type\":\"ListItem\",\"position\":1,\"name\":\"Page d'accueil\",\"item\":\"https:\/\/zipline-dolinka.si\/fr\/\"},{\"@type\":\"ListItem\",\"position\":2,\"name\":\"Zipline Tours\",\"item\":\"https:\/\/zipline-dolinka.si\/fr\/visite-ou-excursiontour\/\"},{\"@type\":\"ListItem\",\"position\":3,\"name\":\"La visite au coucher du soleil\"}]},{\"@type\":\"WebSite\",\"@id\":\"https:\/\/zipline-dolinka.si\/fr\/#website\",\"url\":\"https:\/\/zipline-dolinka.si\/fr\/\",\"name\":\"Zipline Dolinka\",\"description\":\"The Longest Zipline in Europe\",\"publisher\":{\"@id\":\"https:\/\/zipline-dolinka.si\/fr\/#organization\"},\"potentialAction\":[{\"@type\":\"SearchAction\",\"target\":{\"@type\":\"EntryPoint\",\"urlTemplate\":\"https:\/\/zipline-dolinka.si\/fr\/?s={search_term_string}\"},\"query-input\":{\"@type\":\"PropertyValueSpecification\",\"valueRequired\":true,\"valueName\":\"search_term_string\"}}],\"inLanguage\":\"fr-FR\"},{\"@type\":\"Organization\",\"@id\":\"https:\/\/zipline-dolinka.si\/fr\/#organization\",\"name\":\"Zipline Dolinka Bled\",\"url\":\"https:\/\/zipline-dolinka.si\/fr\/\",\"logo\":{\"@type\":\"ImageObject\",\"inLanguage\":\"fr-FR\",\"@id\":\"https:\/\/zipline-dolinka.si\/fr\/#\/schema\/logo\/image\/\",\"url\":\"https:\/\/zipline-dolinka.si\/wp-content\/uploads\/2022\/05\/cropped-ziplinedolonka-favicon.png\",\"contentUrl\":\"https:\/\/zipline-dolinka.si\/wp-content\/uploads\/2022\/05\/cropped-ziplinedolonka-favicon.png\",\"width\":512,\"height\":512,\"caption\":\"Zipline Dolinka Bled\"},\"image\":{\"@id\":\"https:\/\/zipline-dolinka.si\/fr\/#\/schema\/logo\/image\/\"},\"sameAs\":[\"https:\/\/www.facebook.com\/ZiplineDolinka\/\",\"https:\/\/www.tripadvisor.com\/Attraction_Review-g274863-d14139627-Reviews-Zipline_Dolinka-Bled_Upper_Carniola_Region.html\"]}]}<\/script>\n<!-- \/ Yoast SEO plugin. -->","yoast_head_json":{"title":"La visite au coucher du soleil - Zipline Dolinka","robots":{"index":"index","follow":"follow","max-snippet":"max-snippet:-1","max-image-preview":"max-image-preview:large","max-video-preview":"max-video-preview:-1"},"canonical":"https:\/\/zipline-dolinka.si\/fr\/visite-ou-excursiontour\/la-visite-au-coucher-du-soleil\/","og_locale":"fr_FR","og_type":"article","og_title":"La visite au coucher du soleil - Zipline Dolinka","og_url":"https:\/\/zipline-dolinka.si\/fr\/visite-ou-excursiontour\/la-visite-au-coucher-du-soleil\/","og_site_name":"Zipline Dolinka","article_publisher":"https:\/\/www.facebook.com\/ZiplineDolinka\/","article_modified_time":"2023-07-31T07:23:35+00:00","og_image":[{"width":593,"height":593,"url":"https:\/\/zipline-dolinka.si\/wp-content\/uploads\/2023\/07\/zipline9-1.png","type":"image\/png"}],"twitter_card":"summary_large_image","twitter_misc":{"Dur\u00e9e de lecture estim\u00e9e":"1 minute"},"schema":{"@context":"https:\/\/schema.org","@graph":[{"@type":"WebPage","@id":"https:\/\/zipline-dolinka.si\/fr\/visite-ou-excursiontour\/la-visite-au-coucher-du-soleil\/","url":"https:\/\/zipline-dolinka.si\/fr\/visite-ou-excursiontour\/la-visite-au-coucher-du-soleil\/","name":"La visite au coucher du soleil - Zipline Dolinka","isPartOf":{"@id":"https:\/\/zipline-dolinka.si\/fr\/#website"},"primaryImageOfPage":{"@id":"https:\/\/zipline-dolinka.si\/fr\/visite-ou-excursiontour\/la-visite-au-coucher-du-soleil\/#primaryimage"},"image":{"@id":"https:\/\/zipline-dolinka.si\/fr\/visite-ou-excursiontour\/la-visite-au-coucher-du-soleil\/#primaryimage"},"thumbnailUrl":"https:\/\/zipline-dolinka.si\/wp-content\/uploads\/2023\/07\/zipline9-1.png","datePublished":"2023-07-31T06:33:35+00:00","dateModified":"2023-07-31T07:23:35+00:00","breadcrumb":{"@id":"https:\/\/zipline-dolinka.si\/fr\/visite-ou-excursiontour\/la-visite-au-coucher-du-soleil\/#breadcrumb"},"inLanguage":"fr-FR","potentialAction":[{"@type":"ReadAction","target":["https:\/\/zipline-dolinka.si\/fr\/visite-ou-excursiontour\/la-visite-au-coucher-du-soleil\/"]}]},{"@type":"ImageObject","inLanguage":"fr-FR","@id":"https:\/\/zipline-dolinka.si\/fr\/visite-ou-excursiontour\/la-visite-au-coucher-du-soleil\/#primaryimage","url":"https:\/\/zipline-dolinka.si\/wp-content\/uploads\/2023\/07\/zipline9-1.png","contentUrl":"https:\/\/zipline-dolinka.si\/wp-content\/uploads\/2023\/07\/zipline9-1.png","width":593,"height":593},{"@type":"BreadcrumbList","@id":"https:\/\/zipline-dolinka.si\/fr\/visite-ou-excursiontour\/la-visite-au-coucher-du-soleil\/#breadcrumb","itemListElement":[{"@type":"ListItem","position":1,"name":"Page d'accueil","item":"https:\/\/zipline-dolinka.si\/fr\/"},{"@type":"ListItem","position":2,"name":"Zipline Tours","item":"https:\/\/zipline-dolinka.si\/fr\/visite-ou-excursiontour\/"},{"@type":"ListItem","position":3,"name":"La visite au coucher du soleil"}]},{"@type":"WebSite","@id":"https:\/\/zipline-dolinka.si\/fr\/#website","url":"https:\/\/zipline-dolinka.si\/fr\/","name":"Zipline Dolinka","description":"The Longest Zipline in Europe","publisher":{"@id":"https:\/\/zipline-dolinka.si\/fr\/#organization"},"potentialAction":[{"@type":"SearchAction","target":{"@type":"EntryPoint","urlTemplate":"https:\/\/zipline-dolinka.si\/fr\/?s={search_term_string}"},"query-input":{"@type":"PropertyValueSpecification","valueRequired":true,"valueName":"search_term_string"}}],"inLanguage":"fr-FR"},{"@type":"Organization","@id":"https:\/\/zipline-dolinka.si\/fr\/#organization","name":"Zipline Dolinka Bled","url":"https:\/\/zipline-dolinka.si\/fr\/","logo":{"@type":"ImageObject","inLanguage":"fr-FR","@id":"https:\/\/zipline-dolinka.si\/fr\/#\/schema\/logo\/image\/","url":"https:\/\/zipline-dolinka.si\/wp-content\/uploads\/2022\/05\/cropped-ziplinedolonka-favicon.png","contentUrl":"https:\/\/zipline-dolinka.si\/wp-content\/uploads\/2022\/05\/cropped-ziplinedolonka-favicon.png","width":512,"height":512,"caption":"Zipline Dolinka Bled"},"image":{"@id":"https:\/\/zipline-dolinka.si\/fr\/#\/schema\/logo\/image\/"},"sameAs":["https:\/\/www.facebook.com\/ZiplineDolinka\/","https:\/\/www.tripadvisor.com\/Attraction_Review-g274863-d14139627-Reviews-Zipline_Dolinka-Bled_Upper_Carniola_Region.html"]}]}},"_links":{"self":[{"href":"https:\/\/zipline-dolinka.si\/fr\/wp-json\/wp\/v2\/pages\/4319","targetHints":{"allow":["GET"]}}],"collection":[{"href":"https:\/\/zipline-dolinka.si\/fr\/wp-json\/wp\/v2\/pages"}],"about":[{"href":"https:\/\/zipline-dolinka.si\/fr\/wp-json\/wp\/v2\/types\/page"}],"author":[{"embeddable":true,"href":"https:\/\/zipline-dolinka.si\/fr\/wp-json\/wp\/v2\/users\/1"}],"replies":[{"embeddable":true,"href":"https:\/\/zipline-dolinka.si\/fr\/wp-json\/wp\/v2\/comments?post=4319"}],"version-history":[{"count":0,"href":"https:\/\/zipline-dolinka.si\/fr\/wp-json\/wp\/v2\/pages\/4319\/revisions"}],"up":[{"embeddable":true,"href":"https:\/\/zipline-dolinka.si\/fr\/wp-json\/wp\/v2\/pages\/2674"}],"wp:featuredmedia":[{"embeddable":true,"href":"https:\/\/zipline-dolinka.si\/fr\/wp-json\/wp\/v2\/media\/4271"}],"wp:attachment":[{"href":"https:\/\/zipline-dolinka.si\/fr\/wp-json\/wp\/v2\/media?parent=4319"}],"curies":[{"name":"wp","href":"https:\/\/api.w.org\/{rel}","templated":true}]}}