{"id":3222,"date":"2022-06-15T18:45:14","date_gmt":"2022-06-15T18:45:14","guid":{"rendered":"https:\/\/zipline-dolinka.si\/?page_id=3222"},"modified":"2023-06-27T14:33:51","modified_gmt":"2023-06-27T14:33:51","slug":"excursion-en-famille-zipline-dolinka","status":"publish","type":"page","link":"https:\/\/zipline-dolinka.si\/fr\/visite-ou-excursiontour\/excursion-en-famille-zipline-dolinka\/","title":{"rendered":"Excursion en famille Zipline Dolinka"},"content":{"rendered":"\n<p><\/p>\n\n\n\n<div id=\"wp-block-themeisle-blocks-advanced-columns-1b153f13\" class=\"wp-block-themeisle-blocks-advanced-columns has-2-columns has-desktop-equal-layout has-tablet-equal-layout has-mobile-collapsedRows-layout has-vertical-unset\"><div class=\"wp-block-themeisle-blocks-advanced-columns-overlay\"><\/div><div class=\"innerblocks-wrap\">\n<div id=\"wp-block-themeisle-blocks-advanced-column-5110ee37\" class=\"wp-block-themeisle-blocks-advanced-column\">\n\n\n\n<script>\nga(function (tracker) {\n \/\/ Gets the client ID of the default tracker.\n var clientId = tracker.get('clientId');\n\n\n \/\/ Gets the Checkfront iframe.\n var checkfrontIframe = document.getElementById('CHECKFRONT_WIDGET_01').getElementsByTagName('iframe')[0]; \n\n\n \/\/ Sends the client ID to the window inside the destination frame, once it's loaded.\n checkfrontIframe.addEventListener(\"load\", function () {\n this.contentWindow.postMessage(clientId, 'https:\/\/zipline-dolinka.checkfront.com');\n });\n});\n<\/script>\n<\/div>\n\n\n\n<div id=\"wp-block-themeisle-blocks-advanced-column-5c1dcf60\" class=\"wp-block-themeisle-blocks-advanced-column\">\n<p>D\u00e9clenchez le sens de l&rsquo;aventure de votre famille avec notre billet familial Zipline Dolinka! Con\u00e7ue pour ravir \u00e0 la fois les enfants (\u00e0 partir de 6 ans) et les adultes, cette activit\u00e9 conviviale apporte le m\u00e9lange parfait d&rsquo;excitation et de liens familiaux. Planifier des vacances en famille qui plaisent \u00e0 tous les \u00e2ges peut \u00eatre un d\u00e9fi, mais notre aventure en tyrolienne comble ce foss\u00e9 sans effort. Imaginez-vous voler \u00e0 travers les cieux comme un oiseau, explorer la faune dans son habitat naturel alpin &#8211; une exp\u00e9rience pas comme les autres. <\/p>\n\n\n\n<p>Que ce soit la premi\u00e8re aventure en tyrolienne de votre famille ou que vous soyez des adeptes de sensations fortes aguerris, nous sommes convaincus que vous aimerez le voyage unique et palpitant que nous avons pr\u00e9par\u00e9 pour vous. Rencontrez une faune vari\u00e9e, admirez la magnifique rivi\u00e8re et les arbres, et contemplez les vues \u00e0 couper le souffle sur le paysage naturel &#8211; c&rsquo;est une mont\u00e9e d&rsquo;adr\u00e9naline qu&rsquo;aucune autre activit\u00e9 ne peut \u00e9galer.<\/p>\n\n\n\n<p>Le billet familial comprend un voyage palpitant de 4 km sur sept tyroliennes distinctes, chacune mesurant entre 300 m et 700 m de long. Vous traverserez des sentiers forestiers et de champs int\u00e9ressants reliant les tyroliennes individuelles. En cours de route, nous ferons plusieurs arr\u00eats, offrant des aper\u00e7us fascinants de la flore et de la faune locales, et offrant des vues spectaculaires sur les sommets du mont Triglav, Stol, et Babji Zob. Venez cr\u00e9er des souvenirs inoubliables et partager des histoires durables avec notre tour en famille Zipline Dolinka. <\/p>\n\n\n\n<p>Vivez une \u00e9motion qui r\u00e9sonnera avec toute la famille, cr\u00e9ant une aventure \u00e0 se souvenir pour la vie!<\/p>\n<\/div>\n<\/div><\/div>\n","protected":false},"excerpt":{"rendered":"","protected":false},"author":1,"featured_media":0,"parent":2674,"menu_order":1,"comment_status":"closed","ping_status":"closed","template":"","meta":{"neve_meta_sidebar":"","neve_meta_container":"","neve_meta_enable_content_width":"","neve_meta_content_width":0,"neve_meta_title_alignment":"","neve_meta_author_avatar":"","neve_post_elements_order":"","neve_meta_disable_header":"","neve_meta_disable_footer":"","neve_meta_disable_title":"","_themeisle_gutenberg_block_has_review":false,"footnotes":""},"class_list":["post-3222","page","type-page","status-publish","hentry"],"yoast_head":"<!-- This site is optimized with the Yoast SEO plugin v27.0 - https:\/\/yoast.com\/product\/yoast-seo-wordpress\/ -->\n<title>Excursion en famille Zipline Dolinka - Zipline Dolinka<\/title>\n<meta name=\"robots\" content=\"index, follow, max-snippet:-1, max-image-preview:large, max-video-preview:-1\" \/>\n<link rel=\"canonical\" href=\"https:\/\/zipline-dolinka.si\/fr\/visite-ou-excursiontour\/excursion-en-famille-zipline-dolinka\/\" \/>\n<meta property=\"og:locale\" content=\"fr_FR\" \/>\n<meta property=\"og:type\" content=\"article\" \/>\n<meta property=\"og:title\" content=\"Excursion en famille Zipline Dolinka - Zipline Dolinka\" \/>\n<meta property=\"og:url\" content=\"https:\/\/zipline-dolinka.si\/fr\/visite-ou-excursiontour\/excursion-en-famille-zipline-dolinka\/\" \/>\n<meta property=\"og:site_name\" content=\"Zipline Dolinka\" \/>\n<meta property=\"article:publisher\" content=\"https:\/\/www.facebook.com\/ZiplineDolinka\/\" \/>\n<meta property=\"article:modified_time\" content=\"2023-06-27T14:33:51+00:00\" \/>\n<meta name=\"twitter:card\" content=\"summary_large_image\" \/>\n<meta name=\"twitter:label1\" content=\"Dur\u00e9e de lecture estim\u00e9e\" \/>\n\t<meta name=\"twitter:data1\" content=\"1 minute\" \/>\n<script type=\"application\/ld+json\" class=\"yoast-schema-graph\">{\"@context\":\"https:\/\/schema.org\",\"@graph\":[{\"@type\":\"WebPage\",\"@id\":\"https:\/\/zipline-dolinka.si\/fr\/visite-ou-excursiontour\/excursion-en-famille-zipline-dolinka\/\",\"url\":\"https:\/\/zipline-dolinka.si\/fr\/visite-ou-excursiontour\/excursion-en-famille-zipline-dolinka\/\",\"name\":\"Excursion en famille Zipline Dolinka - Zipline Dolinka\",\"isPartOf\":{\"@id\":\"https:\/\/zipline-dolinka.si\/fr\/#website\"},\"datePublished\":\"2022-06-15T18:45:14+00:00\",\"dateModified\":\"2023-06-27T14:33:51+00:00\",\"breadcrumb\":{\"@id\":\"https:\/\/zipline-dolinka.si\/fr\/visite-ou-excursiontour\/excursion-en-famille-zipline-dolinka\/#breadcrumb\"},\"inLanguage\":\"fr-FR\",\"potentialAction\":[{\"@type\":\"ReadAction\",\"target\":[\"https:\/\/zipline-dolinka.si\/fr\/visite-ou-excursiontour\/excursion-en-famille-zipline-dolinka\/\"]}]},{\"@type\":\"BreadcrumbList\",\"@id\":\"https:\/\/zipline-dolinka.si\/fr\/visite-ou-excursiontour\/excursion-en-famille-zipline-dolinka\/#breadcrumb\",\"itemListElement\":[{\"@type\":\"ListItem\",\"position\":1,\"name\":\"Page d'accueil\",\"item\":\"https:\/\/zipline-dolinka.si\/fr\/\"},{\"@type\":\"ListItem\",\"position\":2,\"name\":\"Zipline Tours\",\"item\":\"https:\/\/zipline-dolinka.si\/fr\/visite-ou-excursiontour\/\"},{\"@type\":\"ListItem\",\"position\":3,\"name\":\"Excursion en famille Zipline Dolinka\"}]},{\"@type\":\"WebSite\",\"@id\":\"https:\/\/zipline-dolinka.si\/fr\/#website\",\"url\":\"https:\/\/zipline-dolinka.si\/fr\/\",\"name\":\"Zipline Dolinka\",\"description\":\"The Longest Zipline in Europe\",\"publisher\":{\"@id\":\"https:\/\/zipline-dolinka.si\/fr\/#organization\"},\"potentialAction\":[{\"@type\":\"SearchAction\",\"target\":{\"@type\":\"EntryPoint\",\"urlTemplate\":\"https:\/\/zipline-dolinka.si\/fr\/?s={search_term_string}\"},\"query-input\":{\"@type\":\"PropertyValueSpecification\",\"valueRequired\":true,\"valueName\":\"search_term_string\"}}],\"inLanguage\":\"fr-FR\"},{\"@type\":\"Organization\",\"@id\":\"https:\/\/zipline-dolinka.si\/fr\/#organization\",\"name\":\"Zipline Dolinka Bled\",\"url\":\"https:\/\/zipline-dolinka.si\/fr\/\",\"logo\":{\"@type\":\"ImageObject\",\"inLanguage\":\"fr-FR\",\"@id\":\"https:\/\/zipline-dolinka.si\/fr\/#\/schema\/logo\/image\/\",\"url\":\"https:\/\/zipline-dolinka.si\/wp-content\/uploads\/2022\/05\/cropped-ziplinedolonka-favicon.png\",\"contentUrl\":\"https:\/\/zipline-dolinka.si\/wp-content\/uploads\/2022\/05\/cropped-ziplinedolonka-favicon.png\",\"width\":512,\"height\":512,\"caption\":\"Zipline Dolinka Bled\"},\"image\":{\"@id\":\"https:\/\/zipline-dolinka.si\/fr\/#\/schema\/logo\/image\/\"},\"sameAs\":[\"https:\/\/www.facebook.com\/ZiplineDolinka\/\",\"https:\/\/www.tripadvisor.com\/Attraction_Review-g274863-d14139627-Reviews-Zipline_Dolinka-Bled_Upper_Carniola_Region.html\"]}]}<\/script>\n<!-- \/ Yoast SEO plugin. -->","yoast_head_json":{"title":"Excursion en famille Zipline Dolinka - Zipline Dolinka","robots":{"index":"index","follow":"follow","max-snippet":"max-snippet:-1","max-image-preview":"max-image-preview:large","max-video-preview":"max-video-preview:-1"},"canonical":"https:\/\/zipline-dolinka.si\/fr\/visite-ou-excursiontour\/excursion-en-famille-zipline-dolinka\/","og_locale":"fr_FR","og_type":"article","og_title":"Excursion en famille Zipline Dolinka - Zipline Dolinka","og_url":"https:\/\/zipline-dolinka.si\/fr\/visite-ou-excursiontour\/excursion-en-famille-zipline-dolinka\/","og_site_name":"Zipline Dolinka","article_publisher":"https:\/\/www.facebook.com\/ZiplineDolinka\/","article_modified_time":"2023-06-27T14:33:51+00:00","twitter_card":"summary_large_image","twitter_misc":{"Dur\u00e9e de lecture estim\u00e9e":"1 minute"},"schema":{"@context":"https:\/\/schema.org","@graph":[{"@type":"WebPage","@id":"https:\/\/zipline-dolinka.si\/fr\/visite-ou-excursiontour\/excursion-en-famille-zipline-dolinka\/","url":"https:\/\/zipline-dolinka.si\/fr\/visite-ou-excursiontour\/excursion-en-famille-zipline-dolinka\/","name":"Excursion en famille Zipline Dolinka - Zipline Dolinka","isPartOf":{"@id":"https:\/\/zipline-dolinka.si\/fr\/#website"},"datePublished":"2022-06-15T18:45:14+00:00","dateModified":"2023-06-27T14:33:51+00:00","breadcrumb":{"@id":"https:\/\/zipline-dolinka.si\/fr\/visite-ou-excursiontour\/excursion-en-famille-zipline-dolinka\/#breadcrumb"},"inLanguage":"fr-FR","potentialAction":[{"@type":"ReadAction","target":["https:\/\/zipline-dolinka.si\/fr\/visite-ou-excursiontour\/excursion-en-famille-zipline-dolinka\/"]}]},{"@type":"BreadcrumbList","@id":"https:\/\/zipline-dolinka.si\/fr\/visite-ou-excursiontour\/excursion-en-famille-zipline-dolinka\/#breadcrumb","itemListElement":[{"@type":"ListItem","position":1,"name":"Page d'accueil","item":"https:\/\/zipline-dolinka.si\/fr\/"},{"@type":"ListItem","position":2,"name":"Zipline Tours","item":"https:\/\/zipline-dolinka.si\/fr\/visite-ou-excursiontour\/"},{"@type":"ListItem","position":3,"name":"Excursion en famille Zipline Dolinka"}]},{"@type":"WebSite","@id":"https:\/\/zipline-dolinka.si\/fr\/#website","url":"https:\/\/zipline-dolinka.si\/fr\/","name":"Zipline Dolinka","description":"The Longest Zipline in Europe","publisher":{"@id":"https:\/\/zipline-dolinka.si\/fr\/#organization"},"potentialAction":[{"@type":"SearchAction","target":{"@type":"EntryPoint","urlTemplate":"https:\/\/zipline-dolinka.si\/fr\/?s={search_term_string}"},"query-input":{"@type":"PropertyValueSpecification","valueRequired":true,"valueName":"search_term_string"}}],"inLanguage":"fr-FR"},{"@type":"Organization","@id":"https:\/\/zipline-dolinka.si\/fr\/#organization","name":"Zipline Dolinka Bled","url":"https:\/\/zipline-dolinka.si\/fr\/","logo":{"@type":"ImageObject","inLanguage":"fr-FR","@id":"https:\/\/zipline-dolinka.si\/fr\/#\/schema\/logo\/image\/","url":"https:\/\/zipline-dolinka.si\/wp-content\/uploads\/2022\/05\/cropped-ziplinedolonka-favicon.png","contentUrl":"https:\/\/zipline-dolinka.si\/wp-content\/uploads\/2022\/05\/cropped-ziplinedolonka-favicon.png","width":512,"height":512,"caption":"Zipline Dolinka Bled"},"image":{"@id":"https:\/\/zipline-dolinka.si\/fr\/#\/schema\/logo\/image\/"},"sameAs":["https:\/\/www.facebook.com\/ZiplineDolinka\/","https:\/\/www.tripadvisor.com\/Attraction_Review-g274863-d14139627-Reviews-Zipline_Dolinka-Bled_Upper_Carniola_Region.html"]}]}},"_links":{"self":[{"href":"https:\/\/zipline-dolinka.si\/fr\/wp-json\/wp\/v2\/pages\/3222","targetHints":{"allow":["GET"]}}],"collection":[{"href":"https:\/\/zipline-dolinka.si\/fr\/wp-json\/wp\/v2\/pages"}],"about":[{"href":"https:\/\/zipline-dolinka.si\/fr\/wp-json\/wp\/v2\/types\/page"}],"author":[{"embeddable":true,"href":"https:\/\/zipline-dolinka.si\/fr\/wp-json\/wp\/v2\/users\/1"}],"replies":[{"embeddable":true,"href":"https:\/\/zipline-dolinka.si\/fr\/wp-json\/wp\/v2\/comments?post=3222"}],"version-history":[{"count":0,"href":"https:\/\/zipline-dolinka.si\/fr\/wp-json\/wp\/v2\/pages\/3222\/revisions"}],"up":[{"embeddable":true,"href":"https:\/\/zipline-dolinka.si\/fr\/wp-json\/wp\/v2\/pages\/2674"}],"wp:attachment":[{"href":"https:\/\/zipline-dolinka.si\/fr\/wp-json\/wp\/v2\/media?parent=3222"}],"curies":[{"name":"wp","href":"https:\/\/api.w.org\/{rel}","templated":true}]}}