{"id":2691,"date":"2022-06-15T18:27:14","date_gmt":"2022-06-15T18:27:14","guid":{"rendered":"https:\/\/zipline-dolinka.si\/?page_id=2691"},"modified":"2023-07-13T07:39:42","modified_gmt":"2023-07-13T07:39:42","slug":"faq","status":"publish","type":"page","link":"https:\/\/zipline-dolinka.si\/fr\/faq\/","title":{"rendered":"FAQ"},"content":{"rendered":"\n<div id=\"wp-block-themeisle-blocks-accordion-a4f23050\" class=\"wp-block-themeisle-blocks-accordion exclusive is-wider-gap has-light-content-bg\">\n<details class=\"wp-block-themeisle-blocks-accordion-item\"><summary class=\"wp-block-themeisle-blocks-accordion-item__title\"><div>O\u00f9 se situe le point de rencontre pour les participants \u00e0 la Zipline Dolinka ?<\/div><\/summary><div class=\"wp-block-themeisle-blocks-accordion-item__content\">\n<p>Le point de rencontre se trouve pr\u00e8s de la gare routi\u00e8re principale \u00e0 Bled, \u00e0 l&rsquo;adresse \u00ab\u00a0Cesta svobode 1, 4260 Bled\u00a0\u00bb. Les participants doivent \u00eatre pr\u00e9sents au point de rencontre au moins 15 minutes avant l&rsquo;heure pr\u00e9vue du voyage. Aucun parking n&rsquo;est pr\u00e9vu pour les participants.<\/p>\n<\/div><\/details>\n\n\n\n<details class=\"wp-block-themeisle-blocks-accordion-item\"><summary class=\"wp-block-themeisle-blocks-accordion-item__title\"><div>O\u00f9 puis-je me garer ?\u00a0<\/div><\/summary><div class=\"wp-block-themeisle-blocks-accordion-item__content\">\n<p>Trouver une place de parking gratuite \u00e0 Bled peut \u00eatre particuli\u00e8rement difficile pendant les mois d&rsquo;\u00e9t\u00e9, c&rsquo;est pourquoi nous vous sugg\u00e9rons de quitter votre domicile suffisamment t\u00f4t et de garer votre voiture dans l&rsquo;un des parkings situ\u00e9s \u00e0 environ 10 minutes de marche.<\/p>\n\n\n\n<ol class=\"wp-block-list\">\n<li>Parking \u00e0 c\u00f4t\u00e9 de l&rsquo;\u00e9cole primaire : P15 &#8211; Osnovna \u0161ola, Adresse : Parkiri\u0161\u010de Seli\u0161e 2<\/li>\n\n\n\n<li>Parking chez Infrastruktura : P11 &#8211; Blejski grad, Adresse : Re\u010di\u0161ka cesta 2<\/li>\n\n\n\n<li>Parking \u00e0 c\u00f4t\u00e9 de la patinoire : P04 &#8211; Ledena dvorana, Adresse : Ljubljanska cesta 5<\/li>\n\n\n\n<li>Parking Bled, Adresse : Pre\u0161ernova cesta 23 <\/li>\n<\/ol>\n\n\n\n<p>Tous les parkings \u00e0 Bled sont payants.<\/p>\n<\/div><\/details>\n\n\n\n<details class=\"wp-block-themeisle-blocks-accordion-item\"><summary class=\"wp-block-themeisle-blocks-accordion-item__title\"><div>Qu&rsquo;est-ce qui est inclus dans le tour ?\u00a0<\/div><\/summary><div class=\"wp-block-themeisle-blocks-accordion-item__content\">\n<p>Chez Zipline Dolinka, nous visons \u00e0 vous offrir une exp\u00e9rience palpitante, mais s\u00e9curitaire. Le forfait de la tourn\u00e9e comprend les transferts de notre point de rencontre d\u00e9sign\u00e9 au point de d\u00e9part de la tyrolienne et le retour. Nous fournissons tout l&rsquo;\u00e9quipement de s\u00e9curit\u00e9 n\u00e9cessaire, y compris un casque, un harnais de s\u00e9curit\u00e9, une poulie et des gants de protection. Vous recevrez cet \u00e9quipement \u00e0 notre bureau, situ\u00e9 au point de rencontre<\/p>\n\n\n\n<p>Nous assurons les normes de s\u00e9curit\u00e9 les plus \u00e9lev\u00e9es en utilisant de l&rsquo;\u00e9quipement de protection fabriqu\u00e9 par PETZL, un fabricant renomm\u00e9 dans l&rsquo;industrie de l&rsquo;\u00e9quipement de s\u00e9curit\u00e9 ext\u00e9rieur. Tout le mat\u00e9riel que nous fournissons est certifi\u00e9 selon les normes de s\u00e9curit\u00e9 europ\u00e9ennes, assurant ainsi que vous ayez une aventure en tyrolienne s\u00fbre et agr\u00e9able. Votre s\u00e9curit\u00e9 est notre priorit\u00e9 absolue et nous avons pris toutes les mesures pour garantir une exp\u00e9rience s\u00e9curitaire.<\/p>\n<\/div><\/details>\n\n\n\n<details class=\"wp-block-themeisle-blocks-accordion-item\"><summary class=\"wp-block-themeisle-blocks-accordion-item__title\"><div>Que dois-je apporter ?\u00a0<\/div><\/summary><div class=\"wp-block-themeisle-blocks-accordion-item__content\">\n<p>Pour votre s\u00e9curit\u00e9 et votre confort pendant l&rsquo;exp\u00e9rience Zipline Dolinka, il est essentiel d&rsquo;apporter le bon \u00e9quipement. Assurez-vous de porter des chaussures de randonn\u00e9e ou des chaussures de sport solides. Malheureusement, pour votre s\u00e9curit\u00e9, nous ne pouvons pas autoriser les tongs ou les sandales. Nous recommandons des v\u00eatements appropri\u00e9s aux conditions m\u00e9t\u00e9orologiques du jour et dans lesquels vous \u00eates \u00e0 l&rsquo;aise pour bouger, typiquement des v\u00eatements de sport ou de plein air. Il est \u00e9galement b\u00e9n\u00e9fique d&rsquo;apporter un sac \u00e0 dos avec une bouteille d&rsquo;eau pour rester hydrat\u00e9 pendant l&rsquo;activit\u00e9. N&rsquo;oubliez pas, votre confort et votre s\u00e9curit\u00e9 sont primordiaux pour nous, et ces directives aident \u00e0 garantir une aventure positive et palpitante.<\/p>\n<\/div><\/details>\n\n\n\n<details class=\"wp-block-themeisle-blocks-accordion-item\"><summary class=\"wp-block-themeisle-blocks-accordion-item__title\"><div>Combien de temps dure le voyage Zipline Dolinka ?\u00a0<\/div><\/summary><div class=\"wp-block-themeisle-blocks-accordion-item__content\">\n<p>Pr\u00e9voyez de r\u00e9server entre 2 \u00e0 3 heures pour l&rsquo;ensemble de l&rsquo;aventure Zipline Dolinka. La dur\u00e9e peut varier en fonction de la taille du groupe et du rythme. Soyez assur\u00e9, notre objectif est de fournir une exp\u00e9rience agr\u00e9able et m\u00e9morable sans aucune pr\u00e9cipitation inutile. Nous sommes ici pour savourer la beaut\u00e9 de la nature et partager l&rsquo;exaltation de la tyrolienne, \u00e0 un rythme qui convient \u00e0 tout le monde dans le groupe.<\/p>\n<\/div><\/details>\n\n\n\n<details class=\"wp-block-themeisle-blocks-accordion-item\"><summary class=\"wp-block-themeisle-blocks-accordion-item__title\"><div>Le voyage Zipline Dolinka a-t-il lieu par tous les temps ?\u00a0<\/div><\/summary><div class=\"wp-block-themeisle-blocks-accordion-item__content\">\n<p>Zipline Dolinka est une activit\u00e9 de plein air, et en tant que telle, la m\u00e9t\u00e9o peut avoir un impact significatif sur l&rsquo;exp\u00e9rience. Nous recommandons aux participants de s&rsquo;habiller en fonction de la m\u00e9t\u00e9o, en choisissant des v\u00eatements et des chaussures adapt\u00e9s et confortables. En cas de conditions m\u00e9t\u00e9orologiques s\u00e9v\u00e8res, comme des temp\u00eates, pour des raisons de s\u00e9curit\u00e9, nous pourrions devoir reporter ou annuler le voyage. Votre s\u00e9curit\u00e9 est notre priorit\u00e9 absolue, et nous nous assurerons de communiquer toute modification d\u00e8s que possible.<\/p>\n<\/div><\/details>\n\n\n\n<details class=\"wp-block-themeisle-blocks-accordion-item\"><summary class=\"wp-block-themeisle-blocks-accordion-item__title\"><div>Quelles conditions de sant\u00e9 dois-je remplir pour participer au voyage Zipline Dolinka ?\u00a0<\/div><\/summary><div class=\"wp-block-themeisle-blocks-accordion-item__content\">\n<p>Votre s\u00e9curit\u00e9 et votre bien-\u00eatre sont notre pr\u00e9occupation majeure \u00e0 Zipline Dolinka. Nous recommandons donc aux personnes suivantes de s&rsquo;abstenir de participer \u00e0 une excursion en tyrolienne :<\/p>\n\n\n\n<ol class=\"wp-block-list\" type=\"1\">\n<li>Les femmes enceintes : La tyrolienne peut impliquer des mouvements brusques et des secousses qui peuvent ne pas convenir aux femmes enceintes.<\/li>\n\n\n\n<li>Les personnes souffrant de troubles cardiaques : L&rsquo;activit\u00e9 peut \u00eatre physiquement exigeante et peut provoquer une augmentation du rythme cardiaque.<\/li>\n\n\n\n<li>Ceux qui ont des blessures \u00e0 la colonne vert\u00e9brale, \u00e0 l&rsquo;\u00e9paule ou aux membres : La tyrolienne n\u00e9cessite un bon degr\u00e9 de condition physique et peut solliciter ces zones.<\/li>\n\n\n\n<li>Les personnes atteintes d&rsquo;allergies s\u00e9v\u00e8res ou de diab\u00e8te : Si vous participez, nous vous conseillons vivement d&#8217;emporter vos m\u00e9dicaments sur ordonnance avec vous.<\/li>\n\n\n\n<li>Les personnes qui ne sont pas s\u00fbres de leur \u00e9tat de sant\u00e9 : Si vous avez des doutes, nous vous recommandons de consulter votre m\u00e9decin avant de participer \u00e0 une excursion en tyrolienne.<\/li>\n\n\n\n<li>Les personnes sous l&rsquo;influence de drogues ou d&rsquo;alcool : Pour des raisons de s\u00e9curit\u00e9 \u00e9videntes, ces individus ne seront pas autoris\u00e9s \u00e0 participer au voyage.<\/li>\n\n\n\n<li>La tyrolienne n&rsquo;est pas adapt\u00e9e aux personnes ayant certains handicaps ou troubles, tels que les personnes aveugles, sourdes ou celles atteintes d&rsquo;un trouble du spectre de l&rsquo;autisme. Cela est d\u00fb \u00e0 la nature de l&rsquo;activit\u00e9, aux exigences de s\u00e9curit\u00e9 et aux besoins de communication pendant le tour.<\/li>\n<\/ol>\n\n\n\n<p>Rappelez-vous, la s\u00e9curit\u00e9 est notre priorit\u00e9 absolue, et ces directives sont en place pour garantir que tout le monde a une exp\u00e9rience amusante et s\u00e9curitaire. Si vous avez des questions ou des pr\u00e9occupations concernant ces recommandations, n&rsquo;h\u00e9sitez pas \u00e0 nous contacter.<\/p>\n<\/div><\/details>\n\n\n\n<details class=\"wp-block-themeisle-blocks-accordion-item\"><summary class=\"wp-block-themeisle-blocks-accordion-item__title\"><div>Quelles sont les limites d&rsquo;\u00e2ge et autres pour participer ?<\/div><\/summary><div class=\"wp-block-themeisle-blocks-accordion-item__content\">\n<ul class=\"wp-block-list\">\n<li>Quelles conditions de sant\u00e9 dois-je remplir pour participer au voyage Zipline Dolinka ?<\/li>\n<\/ul>\n\n\n\n<ul class=\"wp-block-list\">\n<li>Lib\u00e9rez l&rsquo;esprit aventureux de votre enfant lors de notre exp\u00e9rience de tyrolienne ! Les jeunes amateurs de sensations fortes \u00e2g\u00e9s de 6 \u00e0 12 ans peuvent profiter d&rsquo;une balade en tyrolienne s\u00fbre et excitante en tandem avec nos guides sp\u00e9cialement form\u00e9s. Pour les enfants de plus de 12 ans pesant plus de 45 kg (100 livres), l&rsquo;ind\u00e9pendance de conqu\u00e9rir la tyrolienne en solo les attend. Veuillez noter que les enfants de moins de 15 ans doivent \u00eatre accompagn\u00e9s d&rsquo;au moins un parent pour garantir leur s\u00e9curit\u00e9 et leur plaisir.<\/li>\n\n\n\n<li>Les adolescents \u00e2g\u00e9s de 15 \u00e0 18 ans sont les bienvenus pour faire de la tyrolienne en solo, \u00e0 condition d&rsquo;avoir le consentement \u00e9crit de leurs parents. La s\u00e9curit\u00e9 et le bonheur de votre enfant sont notre priorit\u00e9 !\u00a0<\/li>\n<\/ul>\n\n\n\n<p>Pour les adultes, nous acceptons jusqu&rsquo;\u00e0 un poids maximum de 120 kg (286 livres), en tenant \u00e9galement compte de l&rsquo;ajustement de notre \u00e9quipement de s\u00e9curit\u00e9 standard. Nous demandons \u00e0 tous les participants d&rsquo;\u00e9valuer leur niveau de forme physique pour pouvoir g\u00e9rer cette excursion riche en adr\u00e9naline.<\/p>\n<\/div><\/details>\n\n\n\n<details class=\"wp-block-themeisle-blocks-accordion-item\"><summary class=\"wp-block-themeisle-blocks-accordion-item__title\"><div>Dois-je avoir des connaissances pr\u00e9alables avant de participer au voyage Zipline Dolinka ?<\/div><\/summary><div class=\"wp-block-themeisle-blocks-accordion-item__content\">\n<p>Vivez le frisson du voyage Zipline Dolinka, m\u00eame si vous \u00eates d\u00e9butant ! Vous n&rsquo;avez pas besoin d&rsquo;exp\u00e9rience pr\u00e9alable en tyrolienne, juste un soup\u00e7on d&rsquo;esprit d&rsquo;aventure et une condition physique de base. Notre voyage vous emm\u00e8nera \u00e0 travers de magnifiques prairies et des sentiers forestiers enchanteurs, avec de courtes marches g\u00e9rables, dont certaines qui montent doucement en pente. C&rsquo;est plus qu&rsquo;un simple voyage en tyrolienne &#8211; c&rsquo;est une bouff\u00e9e d&rsquo;air frais en pleine nature, envelopp\u00e9e d&rsquo;une joyeuse pointe d&rsquo;aventure. Alors, venez et laissez la beaut\u00e9 naturelle de Dolinka \u00eatre votre terrain de jeu !<\/p>\n<\/div><\/details>\n\n\n\n<details class=\"wp-block-themeisle-blocks-accordion-item\"><summary class=\"wp-block-themeisle-blocks-accordion-item__title\"><div>Quand ont lieu les voyages Zipline Dolinka ?\u00a0<\/div><\/summary><div class=\"wp-block-themeisle-blocks-accordion-item__content\">\n<p>Pr\u00e9parez-vous pour une aventure qui s&rsquo;int\u00e8gre dans votre emploi du temps ! Nos passionnants voyages en tyrolienne ont lieu tous les jours, offrant une flexibilit\u00e9 pour votre sortie parfaite. En fonction de la saison, nous avons un ou plusieurs voyages chaque jour, donc il y a toujours une occasion de participer \u00e0 l&rsquo;amusement. Pour trouver la date parfaite, cliquez simplement sur le bouton \u00ab\u00a0R\u00e9server\u00a0\u00bb pour explorer nos disponibilit\u00e9s.<\/p>\n<\/div><\/details>\n\n\n\n<details class=\"wp-block-themeisle-blocks-accordion-item\"><summary class=\"wp-block-themeisle-blocks-accordion-item__title\"><div>Dois-je r\u00e9server le voyage Zipline Dolinka ?<\/div><\/summary><div class=\"wp-block-themeisle-blocks-accordion-item__content\">\n<ul class=\"wp-block-list\">\n<li>Absolument ! Nous recommandons fortement de faire une r\u00e9servation \u00e0 l&rsquo;avance pour garantir votre place dans nos passionnants voyages en tyrolienne. Nous limitons le nombre de participants pour assurer la s\u00e9curit\u00e9 et le plaisir de tous, ce qui signifie que les places peuvent se remplir rapidement, surtout pendant les mois d&rsquo;\u00e9t\u00e9 anim\u00e9s.&nbsp;<\/li>\n<\/ul>\n\n\n\n<p>R\u00e9server \u00e0 l&rsquo;avance vous garantira de ne pas manquer le plaisir \u00e0 cause d&rsquo;un emploi du temps charg\u00e9. Bien que nous fassions de notre mieux pour accommoder les r\u00e9servations de derni\u00e8re minute, nous ne pouvons pas garantir la disponibilit\u00e9 dans ces cas. Alors, n&rsquo;attendez pas ! Assurez-vous votre aventure en r\u00e9servant \u00e0 l&rsquo;avance et assurez votre place dans le frisson du voyage Zipline Dolinka !<\/p>\n<\/div><\/details>\n\n\n\n<details class=\"wp-block-themeisle-blocks-accordion-item\"><summary class=\"wp-block-themeisle-blocks-accordion-item__title\"><div>Puis-je apporter une cam\u00e9ra vid\u00e9o ou photo ?\u00a0<\/div><\/summary><div class=\"wp-block-themeisle-blocks-accordion-item__content\">\n<p>Ne manquez pas de capturer les moments \u00e0 couper le souffle de votre aventure en tyrolienne ! Vous \u00eates les bienvenus pour emporter votre appareil photo avec vous. Si vous voulez filmer pendant les descentes exaltantes, assurez-vous que votre cam\u00e9ra est solidement attach\u00e9e pour \u00e9viter tout incident. Pour tous les autres gadgets, veuillez vous assurer qu&rsquo;ils sont rang\u00e9s en toute s\u00e9curit\u00e9 dans votre sac \u00e0 dos. Pr\u00e9parez-vous \u00e0 enregistrer des souvenirs palpitants de votre exp\u00e9rience Zipline Dolinka !<\/p>\n<\/div><\/details>\n\n\n\n<details class=\"wp-block-themeisle-blocks-accordion-item\"><summary class=\"wp-block-themeisle-blocks-accordion-item__title\"><div>Que dois-je faire si j&rsquo;ai peur des hauteurs ?\u00a0<\/div><\/summary><div class=\"wp-block-themeisle-blocks-accordion-item__content\">\n<ul class=\"wp-block-list\">\n<li>Nerveux ? Ne vous inqui\u00e9tez pas ! Nos exp\u00e9riences ont prouv\u00e9 que m\u00eame les participants initialement r\u00e9ticents se sont retrouv\u00e9s \u00e0 se d\u00e9tendre et \u00e0 profiter pleinement apr\u00e8s les premi\u00e8res descentes. Il n&rsquo;y a rien de tel que la satisfaction de vaincre ses peurs !<\/li>\n<\/ul>\n\n\n\n<p>Cependant, si pour une raison quelconque vous d\u00e9cidez de ne pas poursuivre les descentes, soyez assur\u00e9 que notre chauffeur vous ram\u00e8nera en toute s\u00e9curit\u00e9 au point de rendez-vous. Dans de tels cas, nous offrons un remboursement complet, assurant votre tranquillit\u00e9 d&rsquo;esprit. Mais, nous sommes convaincus que nos guides comp\u00e9tents et attentionn\u00e9s veilleront \u00e0 votre confort et \u00e0 votre s\u00e9curit\u00e9 tout au long de l&rsquo;exp\u00e9rience. Ils seront avec vous \u00e0 chaque \u00e9tape. Il y a de fortes chances que, une fois que vous aurez commenc\u00e9, vous ne voudrez plus faire marche arri\u00e8re ! Embarquez pour cette aventure et vous pourriez bien vous surprendre.<\/p>\n<\/div><\/details>\n<\/div>\n\n\n\n<div style=\"height:100px\" aria-hidden=\"true\" class=\"wp-block-spacer\"><\/div>\n","protected":false},"excerpt":{"rendered":"","protected":false},"author":2,"featured_media":0,"parent":0,"menu_order":7,"comment_status":"closed","ping_status":"closed","template":"","meta":{"neve_meta_sidebar":"","neve_meta_container":"","neve_meta_enable_content_width":"","neve_meta_content_width":0,"neve_meta_title_alignment":"","neve_meta_author_avatar":"","neve_post_elements_order":"","neve_meta_disable_header":"","neve_meta_disable_footer":"","neve_meta_disable_title":"","_themeisle_gutenberg_block_has_review":false,"footnotes":""},"class_list":["post-2691","page","type-page","status-publish","hentry"],"yoast_head":"<!-- This site is optimized with the Yoast SEO plugin v27.0 - https:\/\/yoast.com\/product\/yoast-seo-wordpress\/ -->\n<title>FAQ - Zipline Dolinka<\/title>\n<meta name=\"robots\" content=\"index, follow, max-snippet:-1, max-image-preview:large, max-video-preview:-1\" \/>\n<link rel=\"canonical\" href=\"https:\/\/zipline-dolinka.si\/fr\/faq\/\" \/>\n<meta property=\"og:locale\" content=\"fr_FR\" \/>\n<meta property=\"og:type\" content=\"article\" \/>\n<meta property=\"og:title\" content=\"FAQ - Zipline Dolinka\" \/>\n<meta property=\"og:url\" content=\"https:\/\/zipline-dolinka.si\/fr\/faq\/\" \/>\n<meta property=\"og:site_name\" content=\"Zipline Dolinka\" \/>\n<meta property=\"article:publisher\" content=\"https:\/\/www.facebook.com\/ZiplineDolinka\/\" \/>\n<meta property=\"article:modified_time\" content=\"2023-07-13T07:39:42+00:00\" \/>\n<meta name=\"twitter:card\" content=\"summary_large_image\" \/>\n<meta name=\"twitter:label1\" content=\"Dur\u00e9e de lecture estim\u00e9e\" \/>\n\t<meta name=\"twitter:data1\" content=\"8 minutes\" \/>\n<script type=\"application\/ld+json\" class=\"yoast-schema-graph\">{\"@context\":\"https:\/\/schema.org\",\"@graph\":[{\"@type\":\"WebPage\",\"@id\":\"https:\/\/zipline-dolinka.si\/fr\/faq\/\",\"url\":\"https:\/\/zipline-dolinka.si\/fr\/faq\/\",\"name\":\"FAQ - Zipline Dolinka\",\"isPartOf\":{\"@id\":\"https:\/\/zipline-dolinka.si\/fr\/#website\"},\"datePublished\":\"2022-06-15T18:27:14+00:00\",\"dateModified\":\"2023-07-13T07:39:42+00:00\",\"breadcrumb\":{\"@id\":\"https:\/\/zipline-dolinka.si\/fr\/faq\/#breadcrumb\"},\"inLanguage\":\"fr-FR\",\"potentialAction\":[{\"@type\":\"ReadAction\",\"target\":[\"https:\/\/zipline-dolinka.si\/fr\/faq\/\"]}]},{\"@type\":\"BreadcrumbList\",\"@id\":\"https:\/\/zipline-dolinka.si\/fr\/faq\/#breadcrumb\",\"itemListElement\":[{\"@type\":\"ListItem\",\"position\":1,\"name\":\"Page d'accueil\",\"item\":\"https:\/\/zipline-dolinka.si\/fr\/\"},{\"@type\":\"ListItem\",\"position\":2,\"name\":\"FAQ\"}]},{\"@type\":\"WebSite\",\"@id\":\"https:\/\/zipline-dolinka.si\/fr\/#website\",\"url\":\"https:\/\/zipline-dolinka.si\/fr\/\",\"name\":\"Zipline Dolinka\",\"description\":\"The Longest Zipline in Europe\",\"publisher\":{\"@id\":\"https:\/\/zipline-dolinka.si\/fr\/#organization\"},\"potentialAction\":[{\"@type\":\"SearchAction\",\"target\":{\"@type\":\"EntryPoint\",\"urlTemplate\":\"https:\/\/zipline-dolinka.si\/fr\/?s={search_term_string}\"},\"query-input\":{\"@type\":\"PropertyValueSpecification\",\"valueRequired\":true,\"valueName\":\"search_term_string\"}}],\"inLanguage\":\"fr-FR\"},{\"@type\":\"Organization\",\"@id\":\"https:\/\/zipline-dolinka.si\/fr\/#organization\",\"name\":\"Zipline Dolinka Bled\",\"url\":\"https:\/\/zipline-dolinka.si\/fr\/\",\"logo\":{\"@type\":\"ImageObject\",\"inLanguage\":\"fr-FR\",\"@id\":\"https:\/\/zipline-dolinka.si\/fr\/#\/schema\/logo\/image\/\",\"url\":\"https:\/\/zipline-dolinka.si\/wp-content\/uploads\/2022\/05\/cropped-ziplinedolonka-favicon.png\",\"contentUrl\":\"https:\/\/zipline-dolinka.si\/wp-content\/uploads\/2022\/05\/cropped-ziplinedolonka-favicon.png\",\"width\":512,\"height\":512,\"caption\":\"Zipline Dolinka Bled\"},\"image\":{\"@id\":\"https:\/\/zipline-dolinka.si\/fr\/#\/schema\/logo\/image\/\"},\"sameAs\":[\"https:\/\/www.facebook.com\/ZiplineDolinka\/\",\"https:\/\/www.tripadvisor.com\/Attraction_Review-g274863-d14139627-Reviews-Zipline_Dolinka-Bled_Upper_Carniola_Region.html\"]}]}<\/script>\n<!-- \/ Yoast SEO plugin. -->","yoast_head_json":{"title":"FAQ - Zipline Dolinka","robots":{"index":"index","follow":"follow","max-snippet":"max-snippet:-1","max-image-preview":"max-image-preview:large","max-video-preview":"max-video-preview:-1"},"canonical":"https:\/\/zipline-dolinka.si\/fr\/faq\/","og_locale":"fr_FR","og_type":"article","og_title":"FAQ - Zipline Dolinka","og_url":"https:\/\/zipline-dolinka.si\/fr\/faq\/","og_site_name":"Zipline Dolinka","article_publisher":"https:\/\/www.facebook.com\/ZiplineDolinka\/","article_modified_time":"2023-07-13T07:39:42+00:00","twitter_card":"summary_large_image","twitter_misc":{"Dur\u00e9e de lecture estim\u00e9e":"8 minutes"},"schema":{"@context":"https:\/\/schema.org","@graph":[{"@type":"WebPage","@id":"https:\/\/zipline-dolinka.si\/fr\/faq\/","url":"https:\/\/zipline-dolinka.si\/fr\/faq\/","name":"FAQ - Zipline Dolinka","isPartOf":{"@id":"https:\/\/zipline-dolinka.si\/fr\/#website"},"datePublished":"2022-06-15T18:27:14+00:00","dateModified":"2023-07-13T07:39:42+00:00","breadcrumb":{"@id":"https:\/\/zipline-dolinka.si\/fr\/faq\/#breadcrumb"},"inLanguage":"fr-FR","potentialAction":[{"@type":"ReadAction","target":["https:\/\/zipline-dolinka.si\/fr\/faq\/"]}]},{"@type":"BreadcrumbList","@id":"https:\/\/zipline-dolinka.si\/fr\/faq\/#breadcrumb","itemListElement":[{"@type":"ListItem","position":1,"name":"Page d'accueil","item":"https:\/\/zipline-dolinka.si\/fr\/"},{"@type":"ListItem","position":2,"name":"FAQ"}]},{"@type":"WebSite","@id":"https:\/\/zipline-dolinka.si\/fr\/#website","url":"https:\/\/zipline-dolinka.si\/fr\/","name":"Zipline Dolinka","description":"The Longest Zipline in Europe","publisher":{"@id":"https:\/\/zipline-dolinka.si\/fr\/#organization"},"potentialAction":[{"@type":"SearchAction","target":{"@type":"EntryPoint","urlTemplate":"https:\/\/zipline-dolinka.si\/fr\/?s={search_term_string}"},"query-input":{"@type":"PropertyValueSpecification","valueRequired":true,"valueName":"search_term_string"}}],"inLanguage":"fr-FR"},{"@type":"Organization","@id":"https:\/\/zipline-dolinka.si\/fr\/#organization","name":"Zipline Dolinka Bled","url":"https:\/\/zipline-dolinka.si\/fr\/","logo":{"@type":"ImageObject","inLanguage":"fr-FR","@id":"https:\/\/zipline-dolinka.si\/fr\/#\/schema\/logo\/image\/","url":"https:\/\/zipline-dolinka.si\/wp-content\/uploads\/2022\/05\/cropped-ziplinedolonka-favicon.png","contentUrl":"https:\/\/zipline-dolinka.si\/wp-content\/uploads\/2022\/05\/cropped-ziplinedolonka-favicon.png","width":512,"height":512,"caption":"Zipline Dolinka Bled"},"image":{"@id":"https:\/\/zipline-dolinka.si\/fr\/#\/schema\/logo\/image\/"},"sameAs":["https:\/\/www.facebook.com\/ZiplineDolinka\/","https:\/\/www.tripadvisor.com\/Attraction_Review-g274863-d14139627-Reviews-Zipline_Dolinka-Bled_Upper_Carniola_Region.html"]}]}},"_links":{"self":[{"href":"https:\/\/zipline-dolinka.si\/fr\/wp-json\/wp\/v2\/pages\/2691","targetHints":{"allow":["GET"]}}],"collection":[{"href":"https:\/\/zipline-dolinka.si\/fr\/wp-json\/wp\/v2\/pages"}],"about":[{"href":"https:\/\/zipline-dolinka.si\/fr\/wp-json\/wp\/v2\/types\/page"}],"author":[{"embeddable":true,"href":"https:\/\/zipline-dolinka.si\/fr\/wp-json\/wp\/v2\/users\/2"}],"replies":[{"embeddable":true,"href":"https:\/\/zipline-dolinka.si\/fr\/wp-json\/wp\/v2\/comments?post=2691"}],"version-history":[{"count":0,"href":"https:\/\/zipline-dolinka.si\/fr\/wp-json\/wp\/v2\/pages\/2691\/revisions"}],"wp:attachment":[{"href":"https:\/\/zipline-dolinka.si\/fr\/wp-json\/wp\/v2\/media?parent=2691"}],"curies":[{"name":"wp","href":"https:\/\/api.w.org\/{rel}","templated":true}]}}