{"id":2672,"date":"2022-05-27T09:43:26","date_gmt":"2022-05-27T09:43:26","guid":{"rendered":"https:\/\/zipline-dolinka.si\/?page_id=2672"},"modified":"2023-06-15T08:27:05","modified_gmt":"2023-06-15T08:27:05","slug":"cookies","status":"publish","type":"page","link":"https:\/\/zipline-dolinka.si\/fr\/cookies\/","title":{"rendered":"Cookies"},"content":{"rendered":"\n<h2 class=\"wp-block-heading\">Qu&rsquo;est-ce que les cookies ?<\/h2>\n\n\n\n<p>Les cookies sont de petits fichiers texte stock\u00e9s sur votre ordinateur qui sont utilis\u00e9s pour enregistrer des informations sur le nombre de fois o\u00f9 vous avez visit\u00e9 notre site web et sur vos centres d&rsquo;int\u00e9r\u00eat lors de ces visites. Les cookies ne contiennent aucune information personnelle pouvant \u00eatre utilis\u00e9e pour vous identifier.<\/p>\n\n\n\n<h2 class=\"wp-block-heading\">Pourquoi les cookies sont-ils n\u00e9cessaires ?<\/h2>\n\n\n\n<p>Les cookies nous aident \u00e0 offrir une meilleure exp\u00e9rience utilisateur sur notre site web.<\/p>\n\n\n\n<p>Par exemple, les cookies peuvent enregistrer vos pr\u00e9f\u00e9rences et param\u00e8tres, les informations saisies dans les formulaires en ligne et les informations des utilisateurs enregistr\u00e9s.<\/p>\n\n\n\n<p>Les fonctions de base du commerce \u00e9lectronique seraient impossibles sans les cookies. Plus pr\u00e9cis\u00e9ment, les boutiques en ligne utilisent des cookies pour enregistrer les produits dans le panier d&rsquo;achat, les produits pr\u00e9f\u00e9r\u00e9s, d&rsquo;autres informations sur les achats, etc.<\/p>\n\n\n\n<p>Les cookies nous permettent d&rsquo;enregistrer des statistiques sur le site web, ce qui nous aide \u00e0 d\u00e9couvrir et \u00e0 corriger les \u00e9ventuelles erreurs, ainsi qu&rsquo;\u00e0 offrir un meilleur contenu ou un service plus adapt\u00e9 lors de vos visites ult\u00e9rieures sur notre site web.Gr\u00e2ce aux cookies, les partenaires publicitaires peuvent vous fournir des publicit\u00e9s pertinentes. Certains cookies sont essentiels au fonctionnement m\u00eame du site web, tandis que d&rsquo;autres ne peuvent \u00eatre stock\u00e9s qu&rsquo;avec votre accord.<\/p>\n\n\n\n<h2 class=\"wp-block-heading\">Liste des cookies<\/h2>\n\n\n\n<figure class=\"wp-block-table\"><table><thead><tr><th>Nom du cookie\u00a0<\/th><th>Objectif<\/th><th>Dur\u00e9e<\/th><th>Origine<\/th><\/tr><\/thead><tbody><tr><td>_utma<\/td><td>Statistiques des vues du site web\u00a0<\/td><td>2 ans\u00a0<\/td><td>Google Analytics<\/td><\/tr><tr><td>_utmb<\/td><td>Statistiques des vues du site web\u00a0<\/td><td>30 minutes<\/td><td>Google Analytics<\/td><\/tr><tr><td>_utmc<\/td><td>Statistiques des vues du site web\u00a0<\/td><td>Jusqu&rsquo;\u00e0 la fermeture du navigateur\u00a0<\/td><td>Google Analytics<\/td><\/tr><tr><td>_utmz<\/td><td>Statistiques des vues du site web\u00a0<\/td><td>6 mois\u00a0<\/td><td>Google Analytics<\/td><\/tr><\/tbody><\/table><\/figure>\n\n\n\n<h2 class=\"wp-block-heading\">D\u00e9sactivation des cookies<\/h2>\n\n\n\n<p>La plupart des navigateurs web acceptent automatiquement les cookies. Vous pouvez d\u00e9sactiver les cookies \u00e0 tout moment en modifiant les param\u00e8tres de votre navigateur. Des informations sur les param\u00e8tres des cookies dans les navigateurs respectifs sont disponibles aux liens suivants :<\/p>\n\n\n\n<ul class=\"wp-block-list\">\n<li><a href=\"https:\/\/support.google.com\/chrome\/answer\/95647?hl=en&amp;p=cpn_cookies\" target=\"_blank\" rel=\"noreferrer noopener\">Chrome<\/a><\/li>\n\n\n\n<li><a href=\"http:\/\/support.mozilla.org\/en-US\/kb\/enable-and-disable-cookies-website-preferences\" target=\"_blank\" rel=\"noreferrer noopener\">Firefox<\/a><\/li>\n\n\n\n<li><a href=\"http:\/\/windows.microsoft.com\/en-us\/windows-vista\/block-or-allow-cookies\" target=\"_blank\" rel=\"noreferrer noopener\">Internet Explorer<\/a><\/li>\n\n\n\n<li><a href=\"http:\/\/www.opera.com\/help\/tutorials\/security\/privacy\/\" target=\"_blank\" rel=\"noreferrer noopener\">Opera<\/a><\/li>\n\n\n\n<li><a href=\"http:\/\/www.apple.com\/support\/safari\/\" target=\"_blank\" rel=\"noreferrer noopener\">Safari<\/a><\/li>\n<\/ul>\n\n\n\n<p>D\u00e9sactiver les cookies emp\u00eachera le site web de fonctionner de mani\u00e8re optimale ou d\u00e9sactivera certaines de ses fonctionnalit\u00e9s. Cependant, m\u00eame avec tous les cookies d\u00e9sactiv\u00e9s, votre navigateur recevra toujours certaines informations n\u00e9cessaires au fonctionnement de base de notre site web.<\/p>\n","protected":false},"excerpt":{"rendered":"<p>Qu&rsquo;est-ce que les cookies ? Les cookies sont de petits fichiers texte stock\u00e9s sur votre ordinateur qui sont utilis\u00e9s pour enregistrer des informations sur le nombre de fois o\u00f9 vous avez visit\u00e9 notre site web et sur vos centres d&rsquo;int\u00e9r\u00eat lors de ces visites. Les cookies ne contiennent aucune information personnelle pouvant \u00eatre utilis\u00e9e pour&hellip;&nbsp;<a href=\"https:\/\/zipline-dolinka.si\/fr\/cookies\/\" rel=\"bookmark\">Lire la suite &raquo;<span class=\"screen-reader-text\">Cookies<\/span><\/a><\/p>\n","protected":false},"author":2,"featured_media":0,"parent":0,"menu_order":11,"comment_status":"closed","ping_status":"open","template":"","meta":{"neve_meta_sidebar":"","neve_meta_container":"","neve_meta_enable_content_width":"","neve_meta_content_width":0,"neve_meta_title_alignment":"","neve_meta_author_avatar":"","neve_post_elements_order":"","neve_meta_disable_header":"","neve_meta_disable_footer":"","neve_meta_disable_title":"","_themeisle_gutenberg_block_has_review":false,"footnotes":""},"class_list":["post-2672","page","type-page","status-publish","hentry"],"yoast_head":"<!-- This site is optimized with the Yoast SEO plugin v27.0 - https:\/\/yoast.com\/product\/yoast-seo-wordpress\/ -->\n<title>Cookies - Zipline Dolinka<\/title>\n<meta name=\"robots\" content=\"index, follow, max-snippet:-1, max-image-preview:large, max-video-preview:-1\" \/>\n<link rel=\"canonical\" href=\"https:\/\/zipline-dolinka.si\/fr\/cookies\/\" \/>\n<meta property=\"og:locale\" content=\"fr_FR\" \/>\n<meta property=\"og:type\" content=\"article\" \/>\n<meta property=\"og:title\" content=\"Cookies - Zipline Dolinka\" \/>\n<meta property=\"og:description\" content=\"Qu&rsquo;est-ce que les cookies ? Les cookies sont de petits fichiers texte stock\u00e9s sur votre ordinateur qui sont utilis\u00e9s pour enregistrer des informations sur le nombre de fois o\u00f9 vous avez visit\u00e9 notre site web et sur vos centres d&rsquo;int\u00e9r\u00eat lors de ces visites. Les cookies ne contiennent aucune information personnelle pouvant \u00eatre utilis\u00e9e pour&hellip;&nbsp;Lire la suite &raquo;Cookies\" \/>\n<meta property=\"og:url\" content=\"https:\/\/zipline-dolinka.si\/fr\/cookies\/\" \/>\n<meta property=\"og:site_name\" content=\"Zipline Dolinka\" \/>\n<meta property=\"article:publisher\" content=\"https:\/\/www.facebook.com\/ZiplineDolinka\/\" \/>\n<meta property=\"article:modified_time\" content=\"2023-06-15T08:27:05+00:00\" \/>\n<meta name=\"twitter:card\" content=\"summary_large_image\" \/>\n<meta name=\"twitter:label1\" content=\"Dur\u00e9e de lecture estim\u00e9e\" \/>\n\t<meta name=\"twitter:data1\" content=\"2 minutes\" \/>\n<script type=\"application\/ld+json\" class=\"yoast-schema-graph\">{\"@context\":\"https:\/\/schema.org\",\"@graph\":[{\"@type\":\"WebPage\",\"@id\":\"https:\/\/zipline-dolinka.si\/fr\/cookies\/\",\"url\":\"https:\/\/zipline-dolinka.si\/fr\/cookies\/\",\"name\":\"Cookies - Zipline Dolinka\",\"isPartOf\":{\"@id\":\"https:\/\/zipline-dolinka.si\/fr\/#website\"},\"datePublished\":\"2022-05-27T09:43:26+00:00\",\"dateModified\":\"2023-06-15T08:27:05+00:00\",\"breadcrumb\":{\"@id\":\"https:\/\/zipline-dolinka.si\/fr\/cookies\/#breadcrumb\"},\"inLanguage\":\"fr-FR\",\"potentialAction\":[{\"@type\":\"ReadAction\",\"target\":[\"https:\/\/zipline-dolinka.si\/fr\/cookies\/\"]}]},{\"@type\":\"BreadcrumbList\",\"@id\":\"https:\/\/zipline-dolinka.si\/fr\/cookies\/#breadcrumb\",\"itemListElement\":[{\"@type\":\"ListItem\",\"position\":1,\"name\":\"Page d'accueil\",\"item\":\"https:\/\/zipline-dolinka.si\/fr\/\"},{\"@type\":\"ListItem\",\"position\":2,\"name\":\"Cookies\"}]},{\"@type\":\"WebSite\",\"@id\":\"https:\/\/zipline-dolinka.si\/fr\/#website\",\"url\":\"https:\/\/zipline-dolinka.si\/fr\/\",\"name\":\"Zipline Dolinka\",\"description\":\"The Longest Zipline in Europe\",\"publisher\":{\"@id\":\"https:\/\/zipline-dolinka.si\/fr\/#organization\"},\"potentialAction\":[{\"@type\":\"SearchAction\",\"target\":{\"@type\":\"EntryPoint\",\"urlTemplate\":\"https:\/\/zipline-dolinka.si\/fr\/?s={search_term_string}\"},\"query-input\":{\"@type\":\"PropertyValueSpecification\",\"valueRequired\":true,\"valueName\":\"search_term_string\"}}],\"inLanguage\":\"fr-FR\"},{\"@type\":\"Organization\",\"@id\":\"https:\/\/zipline-dolinka.si\/fr\/#organization\",\"name\":\"Zipline Dolinka Bled\",\"url\":\"https:\/\/zipline-dolinka.si\/fr\/\",\"logo\":{\"@type\":\"ImageObject\",\"inLanguage\":\"fr-FR\",\"@id\":\"https:\/\/zipline-dolinka.si\/fr\/#\/schema\/logo\/image\/\",\"url\":\"https:\/\/zipline-dolinka.si\/wp-content\/uploads\/2022\/05\/cropped-ziplinedolonka-favicon.png\",\"contentUrl\":\"https:\/\/zipline-dolinka.si\/wp-content\/uploads\/2022\/05\/cropped-ziplinedolonka-favicon.png\",\"width\":512,\"height\":512,\"caption\":\"Zipline Dolinka Bled\"},\"image\":{\"@id\":\"https:\/\/zipline-dolinka.si\/fr\/#\/schema\/logo\/image\/\"},\"sameAs\":[\"https:\/\/www.facebook.com\/ZiplineDolinka\/\",\"https:\/\/www.tripadvisor.com\/Attraction_Review-g274863-d14139627-Reviews-Zipline_Dolinka-Bled_Upper_Carniola_Region.html\"]}]}<\/script>\n<!-- \/ Yoast SEO plugin. -->","yoast_head_json":{"title":"Cookies - Zipline Dolinka","robots":{"index":"index","follow":"follow","max-snippet":"max-snippet:-1","max-image-preview":"max-image-preview:large","max-video-preview":"max-video-preview:-1"},"canonical":"https:\/\/zipline-dolinka.si\/fr\/cookies\/","og_locale":"fr_FR","og_type":"article","og_title":"Cookies - Zipline Dolinka","og_description":"Qu&rsquo;est-ce que les cookies ? Les cookies sont de petits fichiers texte stock\u00e9s sur votre ordinateur qui sont utilis\u00e9s pour enregistrer des informations sur le nombre de fois o\u00f9 vous avez visit\u00e9 notre site web et sur vos centres d&rsquo;int\u00e9r\u00eat lors de ces visites. Les cookies ne contiennent aucune information personnelle pouvant \u00eatre utilis\u00e9e pour&hellip;&nbsp;Lire la suite &raquo;Cookies","og_url":"https:\/\/zipline-dolinka.si\/fr\/cookies\/","og_site_name":"Zipline Dolinka","article_publisher":"https:\/\/www.facebook.com\/ZiplineDolinka\/","article_modified_time":"2023-06-15T08:27:05+00:00","twitter_card":"summary_large_image","twitter_misc":{"Dur\u00e9e de lecture estim\u00e9e":"2 minutes"},"schema":{"@context":"https:\/\/schema.org","@graph":[{"@type":"WebPage","@id":"https:\/\/zipline-dolinka.si\/fr\/cookies\/","url":"https:\/\/zipline-dolinka.si\/fr\/cookies\/","name":"Cookies - Zipline Dolinka","isPartOf":{"@id":"https:\/\/zipline-dolinka.si\/fr\/#website"},"datePublished":"2022-05-27T09:43:26+00:00","dateModified":"2023-06-15T08:27:05+00:00","breadcrumb":{"@id":"https:\/\/zipline-dolinka.si\/fr\/cookies\/#breadcrumb"},"inLanguage":"fr-FR","potentialAction":[{"@type":"ReadAction","target":["https:\/\/zipline-dolinka.si\/fr\/cookies\/"]}]},{"@type":"BreadcrumbList","@id":"https:\/\/zipline-dolinka.si\/fr\/cookies\/#breadcrumb","itemListElement":[{"@type":"ListItem","position":1,"name":"Page d'accueil","item":"https:\/\/zipline-dolinka.si\/fr\/"},{"@type":"ListItem","position":2,"name":"Cookies"}]},{"@type":"WebSite","@id":"https:\/\/zipline-dolinka.si\/fr\/#website","url":"https:\/\/zipline-dolinka.si\/fr\/","name":"Zipline Dolinka","description":"The Longest Zipline in Europe","publisher":{"@id":"https:\/\/zipline-dolinka.si\/fr\/#organization"},"potentialAction":[{"@type":"SearchAction","target":{"@type":"EntryPoint","urlTemplate":"https:\/\/zipline-dolinka.si\/fr\/?s={search_term_string}"},"query-input":{"@type":"PropertyValueSpecification","valueRequired":true,"valueName":"search_term_string"}}],"inLanguage":"fr-FR"},{"@type":"Organization","@id":"https:\/\/zipline-dolinka.si\/fr\/#organization","name":"Zipline Dolinka Bled","url":"https:\/\/zipline-dolinka.si\/fr\/","logo":{"@type":"ImageObject","inLanguage":"fr-FR","@id":"https:\/\/zipline-dolinka.si\/fr\/#\/schema\/logo\/image\/","url":"https:\/\/zipline-dolinka.si\/wp-content\/uploads\/2022\/05\/cropped-ziplinedolonka-favicon.png","contentUrl":"https:\/\/zipline-dolinka.si\/wp-content\/uploads\/2022\/05\/cropped-ziplinedolonka-favicon.png","width":512,"height":512,"caption":"Zipline Dolinka Bled"},"image":{"@id":"https:\/\/zipline-dolinka.si\/fr\/#\/schema\/logo\/image\/"},"sameAs":["https:\/\/www.facebook.com\/ZiplineDolinka\/","https:\/\/www.tripadvisor.com\/Attraction_Review-g274863-d14139627-Reviews-Zipline_Dolinka-Bled_Upper_Carniola_Region.html"]}]}},"_links":{"self":[{"href":"https:\/\/zipline-dolinka.si\/fr\/wp-json\/wp\/v2\/pages\/2672","targetHints":{"allow":["GET"]}}],"collection":[{"href":"https:\/\/zipline-dolinka.si\/fr\/wp-json\/wp\/v2\/pages"}],"about":[{"href":"https:\/\/zipline-dolinka.si\/fr\/wp-json\/wp\/v2\/types\/page"}],"author":[{"embeddable":true,"href":"https:\/\/zipline-dolinka.si\/fr\/wp-json\/wp\/v2\/users\/2"}],"replies":[{"embeddable":true,"href":"https:\/\/zipline-dolinka.si\/fr\/wp-json\/wp\/v2\/comments?post=2672"}],"version-history":[{"count":0,"href":"https:\/\/zipline-dolinka.si\/fr\/wp-json\/wp\/v2\/pages\/2672\/revisions"}],"wp:attachment":[{"href":"https:\/\/zipline-dolinka.si\/fr\/wp-json\/wp\/v2\/media?parent=2672"}],"curies":[{"name":"wp","href":"https:\/\/api.w.org\/{rel}","templated":true}]}}