{"id":3368,"date":"2022-06-15T18:45:14","date_gmt":"2022-06-15T18:45:14","guid":{"rendered":"https:\/\/zipline-dolinka.si\/?page_id=3368"},"modified":"2023-06-30T06:53:42","modified_gmt":"2023-06-30T06:53:42","slug":"billete-familiar","status":"publish","type":"page","link":"https:\/\/zipline-dolinka.si\/es\/tour\/billete-familiar\/","title":{"rendered":"Billete Familiar"},"content":{"rendered":"\n<p><\/p>\n\n\n\n<div id=\"wp-block-themeisle-blocks-advanced-columns-1b153f13\" class=\"wp-block-themeisle-blocks-advanced-columns has-2-columns has-desktop-equal-layout has-tablet-equal-layout has-mobile-collapsedRows-layout has-vertical-unset\"><div class=\"wp-block-themeisle-blocks-advanced-columns-overlay\"><\/div><div class=\"innerblocks-wrap\">\n<div id=\"wp-block-themeisle-blocks-advanced-column-5110ee37\" class=\"wp-block-themeisle-blocks-advanced-column\">\n\n\n\n<script>\nga(function (tracker) {\n \/\/ Gets the client ID of the default tracker.\n var clientId = tracker.get('clientId');\n\n\n \/\/ Gets the Checkfront iframe.\n var checkfrontIframe = document.getElementById('CHECKFRONT_WIDGET_01').getElementsByTagName('iframe')[0]; \n\n\n \/\/ Sends the client ID to the window inside the destination frame, once it's loaded.\n checkfrontIframe.addEventListener(\"load\", function () {\n this.contentWindow.postMessage(clientId, 'https:\/\/zipline-dolinka.checkfront.com');\n });\n});\n<\/script>\n<\/div>\n\n\n\n<div id=\"wp-block-themeisle-blocks-advanced-column-5c1dcf60\" class=\"wp-block-themeisle-blocks-advanced-column\">\n<p>\u25cf Zipline Dolinka tambi\u00e9n es adecuado para familias con ni\u00f1os mayores de 6 a\u00f1os. Unas vacaciones familiares juntos para relajarse, unirse y crear recuerdos. Pero cuando se planea un viaje familiar puede ser un desaf\u00edo encontrar una actividad que tanto los padres como los ni\u00f1os est\u00e9n deseando hacer. Su familia regresar\u00e1 de la aventura de la tirolina con recuerdos que atesorar e historias que compartir para toda la vida. La experiencia es diferente a cualquier otra. Imag\u00ednese volando como un p\u00e1jaro sobre la naturaleza en un h\u00e1bitat alpino. Tanto si ha usado una tirolina con anterioridad como si nunca tuvo la oportunidad de intentarlo, sabemos que disfrutar\u00e1 la aventura que le est\u00e1 esperando. Tendr\u00e1 la oportunidad de ver vida salvaje, un r\u00edo precioso, \u00e1rboles y unas asombrosas vistas de la naturaleza. Es una sensaci\u00f3n que no puede conseguir en otra actividad.<\/p>\n\n\n\n<p>El viaje incluye 7 tirolinas que tienen entre 300 y 700 metros de longitud y en total son 4 km de cable. Las tirolinas individuales se conectan a trav\u00e9s de sendas en el bosque y los campos. Hay tambi\u00e9n algunas paradas en las que se ofrece una profundizaci\u00f3n en la flora y fauna y nos da una espectacular vista de las cimas del Monte Triglav, Stol y Babji zob.<\/p>\n<\/div>\n<\/div><\/div>\n","protected":false},"excerpt":{"rendered":"","protected":false},"author":1,"featured_media":0,"parent":2622,"menu_order":1,"comment_status":"closed","ping_status":"closed","template":"","meta":{"neve_meta_sidebar":"","neve_meta_container":"","neve_meta_enable_content_width":"","neve_meta_content_width":0,"neve_meta_title_alignment":"","neve_meta_author_avatar":"","neve_post_elements_order":"","neve_meta_disable_header":"","neve_meta_disable_footer":"","neve_meta_disable_title":"","_themeisle_gutenberg_block_has_review":false,"footnotes":""},"class_list":["post-3368","page","type-page","status-publish","hentry"],"yoast_head":"<!-- This site is optimized with the Yoast SEO plugin v27.0 - https:\/\/yoast.com\/product\/yoast-seo-wordpress\/ -->\n<title>Billete Familiar - Zipline Dolinka<\/title>\n<meta name=\"robots\" content=\"index, follow, max-snippet:-1, max-image-preview:large, max-video-preview:-1\" \/>\n<link rel=\"canonical\" href=\"https:\/\/zipline-dolinka.si\/es\/tour\/billete-familiar\/\" \/>\n<meta property=\"og:locale\" content=\"es_ES\" \/>\n<meta property=\"og:type\" content=\"article\" \/>\n<meta property=\"og:title\" content=\"Billete Familiar - Zipline Dolinka\" \/>\n<meta property=\"og:url\" content=\"https:\/\/zipline-dolinka.si\/es\/tour\/billete-familiar\/\" \/>\n<meta property=\"og:site_name\" content=\"Zipline Dolinka\" \/>\n<meta property=\"article:publisher\" content=\"https:\/\/www.facebook.com\/ZiplineDolinka\/\" \/>\n<meta property=\"article:modified_time\" content=\"2023-06-30T06:53:42+00:00\" \/>\n<meta name=\"twitter:card\" content=\"summary_large_image\" \/>\n<meta name=\"twitter:label1\" content=\"Tiempo de lectura\" \/>\n\t<meta name=\"twitter:data1\" content=\"1 minuto\" \/>\n<script type=\"application\/ld+json\" class=\"yoast-schema-graph\">{\"@context\":\"https:\/\/schema.org\",\"@graph\":[{\"@type\":\"WebPage\",\"@id\":\"https:\/\/zipline-dolinka.si\/es\/tour\/billete-familiar\/\",\"url\":\"https:\/\/zipline-dolinka.si\/es\/tour\/billete-familiar\/\",\"name\":\"Billete Familiar - Zipline Dolinka\",\"isPartOf\":{\"@id\":\"https:\/\/zipline-dolinka.si\/es\/#website\"},\"datePublished\":\"2022-06-15T18:45:14+00:00\",\"dateModified\":\"2023-06-30T06:53:42+00:00\",\"breadcrumb\":{\"@id\":\"https:\/\/zipline-dolinka.si\/es\/tour\/billete-familiar\/#breadcrumb\"},\"inLanguage\":\"es\",\"potentialAction\":[{\"@type\":\"ReadAction\",\"target\":[\"https:\/\/zipline-dolinka.si\/es\/tour\/billete-familiar\/\"]}]},{\"@type\":\"BreadcrumbList\",\"@id\":\"https:\/\/zipline-dolinka.si\/es\/tour\/billete-familiar\/#breadcrumb\",\"itemListElement\":[{\"@type\":\"ListItem\",\"position\":1,\"name\":\"P\u00e1gina de inicio\",\"item\":\"https:\/\/zipline-dolinka.si\/es\/\"},{\"@type\":\"ListItem\",\"position\":2,\"name\":\"Tours en tirolesa\",\"item\":\"https:\/\/zipline-dolinka.si\/es\/tour\/\"},{\"@type\":\"ListItem\",\"position\":3,\"name\":\"Billete Familiar\"}]},{\"@type\":\"WebSite\",\"@id\":\"https:\/\/zipline-dolinka.si\/es\/#website\",\"url\":\"https:\/\/zipline-dolinka.si\/es\/\",\"name\":\"Zipline Dolinka\",\"description\":\"The Longest Zipline in Europe\",\"publisher\":{\"@id\":\"https:\/\/zipline-dolinka.si\/es\/#organization\"},\"potentialAction\":[{\"@type\":\"SearchAction\",\"target\":{\"@type\":\"EntryPoint\",\"urlTemplate\":\"https:\/\/zipline-dolinka.si\/es\/?s={search_term_string}\"},\"query-input\":{\"@type\":\"PropertyValueSpecification\",\"valueRequired\":true,\"valueName\":\"search_term_string\"}}],\"inLanguage\":\"es\"},{\"@type\":\"Organization\",\"@id\":\"https:\/\/zipline-dolinka.si\/es\/#organization\",\"name\":\"Zipline Dolinka Bled\",\"url\":\"https:\/\/zipline-dolinka.si\/es\/\",\"logo\":{\"@type\":\"ImageObject\",\"inLanguage\":\"es\",\"@id\":\"https:\/\/zipline-dolinka.si\/es\/#\/schema\/logo\/image\/\",\"url\":\"https:\/\/zipline-dolinka.si\/wp-content\/uploads\/2022\/05\/cropped-ziplinedolonka-favicon.png\",\"contentUrl\":\"https:\/\/zipline-dolinka.si\/wp-content\/uploads\/2022\/05\/cropped-ziplinedolonka-favicon.png\",\"width\":512,\"height\":512,\"caption\":\"Zipline Dolinka Bled\"},\"image\":{\"@id\":\"https:\/\/zipline-dolinka.si\/es\/#\/schema\/logo\/image\/\"},\"sameAs\":[\"https:\/\/www.facebook.com\/ZiplineDolinka\/\",\"https:\/\/www.tripadvisor.com\/Attraction_Review-g274863-d14139627-Reviews-Zipline_Dolinka-Bled_Upper_Carniola_Region.html\"]}]}<\/script>\n<!-- \/ Yoast SEO plugin. -->","yoast_head_json":{"title":"Billete Familiar - Zipline Dolinka","robots":{"index":"index","follow":"follow","max-snippet":"max-snippet:-1","max-image-preview":"max-image-preview:large","max-video-preview":"max-video-preview:-1"},"canonical":"https:\/\/zipline-dolinka.si\/es\/tour\/billete-familiar\/","og_locale":"es_ES","og_type":"article","og_title":"Billete Familiar - Zipline Dolinka","og_url":"https:\/\/zipline-dolinka.si\/es\/tour\/billete-familiar\/","og_site_name":"Zipline Dolinka","article_publisher":"https:\/\/www.facebook.com\/ZiplineDolinka\/","article_modified_time":"2023-06-30T06:53:42+00:00","twitter_card":"summary_large_image","twitter_misc":{"Tiempo de lectura":"1 minuto"},"schema":{"@context":"https:\/\/schema.org","@graph":[{"@type":"WebPage","@id":"https:\/\/zipline-dolinka.si\/es\/tour\/billete-familiar\/","url":"https:\/\/zipline-dolinka.si\/es\/tour\/billete-familiar\/","name":"Billete Familiar - Zipline Dolinka","isPartOf":{"@id":"https:\/\/zipline-dolinka.si\/es\/#website"},"datePublished":"2022-06-15T18:45:14+00:00","dateModified":"2023-06-30T06:53:42+00:00","breadcrumb":{"@id":"https:\/\/zipline-dolinka.si\/es\/tour\/billete-familiar\/#breadcrumb"},"inLanguage":"es","potentialAction":[{"@type":"ReadAction","target":["https:\/\/zipline-dolinka.si\/es\/tour\/billete-familiar\/"]}]},{"@type":"BreadcrumbList","@id":"https:\/\/zipline-dolinka.si\/es\/tour\/billete-familiar\/#breadcrumb","itemListElement":[{"@type":"ListItem","position":1,"name":"P\u00e1gina de inicio","item":"https:\/\/zipline-dolinka.si\/es\/"},{"@type":"ListItem","position":2,"name":"Tours en tirolesa","item":"https:\/\/zipline-dolinka.si\/es\/tour\/"},{"@type":"ListItem","position":3,"name":"Billete Familiar"}]},{"@type":"WebSite","@id":"https:\/\/zipline-dolinka.si\/es\/#website","url":"https:\/\/zipline-dolinka.si\/es\/","name":"Zipline Dolinka","description":"The Longest Zipline in Europe","publisher":{"@id":"https:\/\/zipline-dolinka.si\/es\/#organization"},"potentialAction":[{"@type":"SearchAction","target":{"@type":"EntryPoint","urlTemplate":"https:\/\/zipline-dolinka.si\/es\/?s={search_term_string}"},"query-input":{"@type":"PropertyValueSpecification","valueRequired":true,"valueName":"search_term_string"}}],"inLanguage":"es"},{"@type":"Organization","@id":"https:\/\/zipline-dolinka.si\/es\/#organization","name":"Zipline Dolinka Bled","url":"https:\/\/zipline-dolinka.si\/es\/","logo":{"@type":"ImageObject","inLanguage":"es","@id":"https:\/\/zipline-dolinka.si\/es\/#\/schema\/logo\/image\/","url":"https:\/\/zipline-dolinka.si\/wp-content\/uploads\/2022\/05\/cropped-ziplinedolonka-favicon.png","contentUrl":"https:\/\/zipline-dolinka.si\/wp-content\/uploads\/2022\/05\/cropped-ziplinedolonka-favicon.png","width":512,"height":512,"caption":"Zipline Dolinka Bled"},"image":{"@id":"https:\/\/zipline-dolinka.si\/es\/#\/schema\/logo\/image\/"},"sameAs":["https:\/\/www.facebook.com\/ZiplineDolinka\/","https:\/\/www.tripadvisor.com\/Attraction_Review-g274863-d14139627-Reviews-Zipline_Dolinka-Bled_Upper_Carniola_Region.html"]}]}},"_links":{"self":[{"href":"https:\/\/zipline-dolinka.si\/es\/wp-json\/wp\/v2\/pages\/3368","targetHints":{"allow":["GET"]}}],"collection":[{"href":"https:\/\/zipline-dolinka.si\/es\/wp-json\/wp\/v2\/pages"}],"about":[{"href":"https:\/\/zipline-dolinka.si\/es\/wp-json\/wp\/v2\/types\/page"}],"author":[{"embeddable":true,"href":"https:\/\/zipline-dolinka.si\/es\/wp-json\/wp\/v2\/users\/1"}],"replies":[{"embeddable":true,"href":"https:\/\/zipline-dolinka.si\/es\/wp-json\/wp\/v2\/comments?post=3368"}],"version-history":[{"count":0,"href":"https:\/\/zipline-dolinka.si\/es\/wp-json\/wp\/v2\/pages\/3368\/revisions"}],"up":[{"embeddable":true,"href":"https:\/\/zipline-dolinka.si\/es\/wp-json\/wp\/v2\/pages\/2622"}],"wp:attachment":[{"href":"https:\/\/zipline-dolinka.si\/es\/wp-json\/wp\/v2\/media?parent=3368"}],"curies":[{"name":"wp","href":"https:\/\/api.w.org\/{rel}","templated":true}]}}