{"id":2624,"date":"2022-06-16T20:20:18","date_gmt":"2022-06-16T20:20:18","guid":{"rendered":"https:\/\/zipline-dolinka.si\/?page_id=2624"},"modified":"2023-06-13T10:47:11","modified_gmt":"2023-06-13T10:47:11","slug":"nuestra-historia","status":"publish","type":"page","link":"https:\/\/zipline-dolinka.si\/es\/nuestra-historia\/","title":{"rendered":"Nuestra historia"},"content":{"rendered":"\n<p>Nuestro equipo est\u00e1 formado por gente local de ambos lados del r\u00edo, todos ellos guiados por la visi\u00f3n del desarrollo sostenible, as\u00ed como la preservaci\u00f3n de la herencia cultural que se encuentra entre la cordillera de Karavanke y los Alpes Julianos<\/p>\n\n\n\n<figure class=\"wp-block-pullquote\"><blockquote><p>\u00a0\u201cEl paisaje de Carniola no tiene mayor belleza que su similitud con el para\u00edso\u201d<\/p><cite>France Pre\u0161eren, 1800\u20131849, el poeta esloveno m\u00e1s importante, nacido en el pueblo de Vrba, afincado en la margen izquierda del Sava Dolinka.<\/cite><\/blockquote><\/figure>\n\n\n\n<figure class=\"wp-block-image size-large\"><img loading=\"lazy\" decoding=\"async\" width=\"1024\" height=\"684\" src=\"https:\/\/zipline-dolinka.si\/wp-content\/uploads\/2022\/06\/Private-1024x684.jpg\" alt=\"\" class=\"wp-image-641\" srcset=\"https:\/\/zipline-dolinka.si\/wp-content\/uploads\/2022\/06\/Private-1024x684.jpg 1024w, https:\/\/zipline-dolinka.si\/wp-content\/uploads\/2022\/06\/Private-300x200.jpg 300w, https:\/\/zipline-dolinka.si\/wp-content\/uploads\/2022\/06\/Private-768x513.jpg 768w, https:\/\/zipline-dolinka.si\/wp-content\/uploads\/2022\/06\/Private-930x620.jpg 930w, https:\/\/zipline-dolinka.si\/wp-content\/uploads\/2022\/06\/Private.jpg 1400w\" sizes=\"auto, (max-width: 1024px) 100vw, 1024px\" \/><\/figure>\n\n\n\n<h2 class=\"wp-block-heading\">Nuestro r\u00edo<\/h2>\n\n\n\n<p>El r\u00edo Sava Dolinka- detr\u00e1s del nombre descansa la historia de una comunidad orgullosa que rehus\u00f3 permitir al gobierno amenazar al r\u00edo y el \u00e1rea que lo rodea. En 2004 la gente de la zona organiz\u00f3 un refer\u00e9ndum y revoc\u00f3 de manera exitosa el plan del gobierno de construir un embalse, el cual habr\u00eda causado un impacto devastador en el valle.<\/p>\n\n\n\n<p>Hoy en d\u00eda el valle est\u00e1 prosperando y ejerce de conexi\u00f3n natural e inmaculada entre Bled y Vrba- el lugar de nacimiento del poeta m\u00e1s importante, France Pre\u0161eren. Vrba es solamente uno de los muchos pueblos de la zona que conforman la joya de la Literatura Eslovena. \u00danase a nosotros y apoye la conservaci\u00f3n de nuestra bella herencia cultural en el lado soleado de los Alpes.<\/p>\n\n\n\n<p><a href=\"https:\/\/visitzirovnica.si\/en\/experiences\/literary-route\/\" target=\"_blank\" rel=\"noreferrer noopener\">M\u00e1s sobre el Paseo de la Herencia Cultural.<\/a><\/p>\n\n\n\n<p>El valor natural del valle del Dolinka se ha tenido en consideraci\u00f3n desde el comienzo del proyecto de la tirolina. Los cables y paseos se colocaron con la menor interferencia con el \u00e1rea que lo rodea y los visitantes pueden ahora experimentar el r\u00edo y el valle de una nueva manera.\u00a0<\/p>\n\n\n\n<figure class=\"wp-block-image size-large\"><img loading=\"lazy\" decoding=\"async\" width=\"1024\" height=\"575\" src=\"https:\/\/zipline-dolinka.si\/wp-content\/uploads\/2022\/06\/Our_Story-1024x575.jpeg\" alt=\"\" class=\"wp-image-645\" srcset=\"https:\/\/zipline-dolinka.si\/wp-content\/uploads\/2022\/06\/Our_Story-1024x575.jpeg 1024w, https:\/\/zipline-dolinka.si\/wp-content\/uploads\/2022\/06\/Our_Story-300x169.jpeg 300w, https:\/\/zipline-dolinka.si\/wp-content\/uploads\/2022\/06\/Our_Story-768x431.jpeg 768w, https:\/\/zipline-dolinka.si\/wp-content\/uploads\/2022\/06\/Our_Story.jpeg 1029w\" sizes=\"auto, (max-width: 1024px) 100vw, 1024px\" \/><\/figure>\n\n\n\n<h2 class=\"wp-block-heading\">Nuestro enfoque<\/h2>\n\n\n\n<p>Durante dos d\u00e9cadas la gente local ha mantenido el valle intacto de manera exitosa. Aqu\u00ed, en Zipline Dolinka, tenemos el objetivo de incrementar la conciencia de la importancia natural del valle y promocionar la regi\u00f3n entre nuestros visitantes, as\u00ed como compartir nuestra historia.<\/p>\n\n\n\n<p>Todas y cada una de las siete tirolinas fueron cuidadosamente elegidas, de manera que ning\u00fan \u00e1rbol tuviera que ser da\u00f1ado o cortado. Los cables se colocaron con la ayuda de las m\u00e1s modernas tecnolog\u00edas y se utiliz\u00f3 un dron para asegurarse que la vegetaci\u00f3n debajo de las cuerdas no sufr\u00eda impacto negativo. Creemos que hemos conseguido crear algo que le da al visitante la posibilidad de penetrar en los aspectos m\u00e1s cruciales del valle sin causar trastorno a la naturaleza<\/p>\n\n\n\n<div id=\"wp-block-themeisle-blocks-advanced-columns-bddec2eb\" class=\"wp-block-themeisle-blocks-advanced-columns has-1-columns has-desktop-twoOne-layout has-tablet-equal-layout has-mobile-equal-layout has-vertical-unset\"><div class=\"wp-block-themeisle-blocks-advanced-columns-overlay\"><\/div><div class=\"innerblocks-wrap\">\n<div id=\"wp-block-themeisle-blocks-advanced-column-84df613f\" class=\"wp-block-themeisle-blocks-advanced-column\"><\/div>\n<\/div><\/div>\n","protected":false},"excerpt":{"rendered":"<p>Nuestro equipo est\u00e1 formado por gente local de ambos lados del r\u00edo, todos ellos guiados por la visi\u00f3n del desarrollo sostenible, as\u00ed como la preservaci\u00f3n de la herencia cultural que se encuentra entre la cordillera de Karavanke y los Alpes Julianos \u00a0\u201cEl paisaje de Carniola no tiene mayor belleza que su similitud con el para\u00edso\u201d&hellip;&nbsp;<a href=\"https:\/\/zipline-dolinka.si\/es\/nuestra-historia\/\" rel=\"bookmark\">Leer m\u00e1s &raquo;<span class=\"screen-reader-text\">Nuestra historia<\/span><\/a><\/p>\n","protected":false},"author":2,"featured_media":0,"parent":0,"menu_order":5,"comment_status":"closed","ping_status":"closed","template":"","meta":{"neve_meta_sidebar":"","neve_meta_container":"","neve_meta_enable_content_width":"","neve_meta_content_width":0,"neve_meta_title_alignment":"","neve_meta_author_avatar":"","neve_post_elements_order":"","neve_meta_disable_header":"","neve_meta_disable_footer":"","neve_meta_disable_title":"","_themeisle_gutenberg_block_has_review":false,"footnotes":""},"class_list":["post-2624","page","type-page","status-publish","hentry"],"yoast_head":"<!-- This site is optimized with the Yoast SEO plugin v27.5 - https:\/\/yoast.com\/product\/yoast-seo-wordpress\/ -->\n<title>Nuestra historia - Zipline Dolinka<\/title>\n<meta name=\"robots\" content=\"index, follow, max-snippet:-1, max-image-preview:large, max-video-preview:-1\" \/>\n<link rel=\"canonical\" href=\"https:\/\/zipline-dolinka.si\/es\/nuestra-historia\/\" \/>\n<meta property=\"og:locale\" content=\"es_ES\" \/>\n<meta property=\"og:type\" content=\"article\" \/>\n<meta property=\"og:title\" content=\"Nuestra historia - Zipline Dolinka\" \/>\n<meta property=\"og:description\" content=\"Nuestro equipo est\u00e1 formado por gente local de ambos lados del r\u00edo, todos ellos guiados por la visi\u00f3n del desarrollo sostenible, as\u00ed como la preservaci\u00f3n de la herencia cultural que se encuentra entre la cordillera de Karavanke y los Alpes Julianos \u00a0\u201cEl paisaje de Carniola no tiene mayor belleza que su similitud con el para\u00edso\u201d&hellip;&nbsp;Leer m\u00e1s &raquo;Nuestra historia\" \/>\n<meta property=\"og:url\" content=\"https:\/\/zipline-dolinka.si\/es\/nuestra-historia\/\" \/>\n<meta property=\"og:site_name\" content=\"Zipline Dolinka\" \/>\n<meta property=\"article:publisher\" content=\"https:\/\/www.facebook.com\/ZiplineDolinka\/\" \/>\n<meta property=\"article:modified_time\" content=\"2023-06-13T10:47:11+00:00\" \/>\n<meta property=\"og:image\" content=\"https:\/\/zipline-dolinka.si\/wp-content\/uploads\/2022\/06\/Private-1024x684.jpg\" \/>\n<meta name=\"twitter:card\" content=\"summary_large_image\" \/>\n<meta name=\"twitter:label1\" content=\"Tiempo de lectura\" \/>\n\t<meta name=\"twitter:data1\" content=\"2 minutos\" \/>\n<script type=\"application\/ld+json\" class=\"yoast-schema-graph\">{\"@context\":\"https:\\\/\\\/schema.org\",\"@graph\":[{\"@type\":\"WebPage\",\"@id\":\"https:\\\/\\\/zipline-dolinka.si\\\/es\\\/nuestra-historia\\\/\",\"url\":\"https:\\\/\\\/zipline-dolinka.si\\\/es\\\/nuestra-historia\\\/\",\"name\":\"Nuestra historia - Zipline Dolinka\",\"isPartOf\":{\"@id\":\"https:\\\/\\\/zipline-dolinka.si\\\/es\\\/#website\"},\"primaryImageOfPage\":{\"@id\":\"https:\\\/\\\/zipline-dolinka.si\\\/es\\\/nuestra-historia\\\/#primaryimage\"},\"image\":{\"@id\":\"https:\\\/\\\/zipline-dolinka.si\\\/es\\\/nuestra-historia\\\/#primaryimage\"},\"thumbnailUrl\":\"https:\\\/\\\/zipline-dolinka.si\\\/wp-content\\\/uploads\\\/2022\\\/06\\\/Private-1024x684.jpg\",\"datePublished\":\"2022-06-16T20:20:18+00:00\",\"dateModified\":\"2023-06-13T10:47:11+00:00\",\"breadcrumb\":{\"@id\":\"https:\\\/\\\/zipline-dolinka.si\\\/es\\\/nuestra-historia\\\/#breadcrumb\"},\"inLanguage\":\"es\",\"potentialAction\":[{\"@type\":\"ReadAction\",\"target\":[\"https:\\\/\\\/zipline-dolinka.si\\\/es\\\/nuestra-historia\\\/\"]}]},{\"@type\":\"ImageObject\",\"inLanguage\":\"es\",\"@id\":\"https:\\\/\\\/zipline-dolinka.si\\\/es\\\/nuestra-historia\\\/#primaryimage\",\"url\":\"https:\\\/\\\/zipline-dolinka.si\\\/wp-content\\\/uploads\\\/2022\\\/06\\\/Private-1024x684.jpg\",\"contentUrl\":\"https:\\\/\\\/zipline-dolinka.si\\\/wp-content\\\/uploads\\\/2022\\\/06\\\/Private-1024x684.jpg\"},{\"@type\":\"BreadcrumbList\",\"@id\":\"https:\\\/\\\/zipline-dolinka.si\\\/es\\\/nuestra-historia\\\/#breadcrumb\",\"itemListElement\":[{\"@type\":\"ListItem\",\"position\":1,\"name\":\"P\u00e1gina de inicio\",\"item\":\"https:\\\/\\\/zipline-dolinka.si\\\/es\\\/\"},{\"@type\":\"ListItem\",\"position\":2,\"name\":\"Nuestra historia\"}]},{\"@type\":\"WebSite\",\"@id\":\"https:\\\/\\\/zipline-dolinka.si\\\/es\\\/#website\",\"url\":\"https:\\\/\\\/zipline-dolinka.si\\\/es\\\/\",\"name\":\"Zipline Dolinka\",\"description\":\"The Longest Zipline in Europe\",\"publisher\":{\"@id\":\"https:\\\/\\\/zipline-dolinka.si\\\/es\\\/#organization\"},\"potentialAction\":[{\"@type\":\"SearchAction\",\"target\":{\"@type\":\"EntryPoint\",\"urlTemplate\":\"https:\\\/\\\/zipline-dolinka.si\\\/es\\\/?s={search_term_string}\"},\"query-input\":{\"@type\":\"PropertyValueSpecification\",\"valueRequired\":true,\"valueName\":\"search_term_string\"}}],\"inLanguage\":\"es\"},{\"@type\":\"Organization\",\"@id\":\"https:\\\/\\\/zipline-dolinka.si\\\/es\\\/#organization\",\"name\":\"Zipline Dolinka Bled\",\"url\":\"https:\\\/\\\/zipline-dolinka.si\\\/es\\\/\",\"logo\":{\"@type\":\"ImageObject\",\"inLanguage\":\"es\",\"@id\":\"https:\\\/\\\/zipline-dolinka.si\\\/es\\\/#\\\/schema\\\/logo\\\/image\\\/\",\"url\":\"https:\\\/\\\/zipline-dolinka.si\\\/wp-content\\\/uploads\\\/2022\\\/05\\\/cropped-ziplinedolonka-favicon.png\",\"contentUrl\":\"https:\\\/\\\/zipline-dolinka.si\\\/wp-content\\\/uploads\\\/2022\\\/05\\\/cropped-ziplinedolonka-favicon.png\",\"width\":512,\"height\":512,\"caption\":\"Zipline Dolinka Bled\"},\"image\":{\"@id\":\"https:\\\/\\\/zipline-dolinka.si\\\/es\\\/#\\\/schema\\\/logo\\\/image\\\/\"},\"sameAs\":[\"https:\\\/\\\/www.facebook.com\\\/ZiplineDolinka\\\/\",\"https:\\\/\\\/www.tripadvisor.com\\\/Attraction_Review-g274863-d14139627-Reviews-Zipline_Dolinka-Bled_Upper_Carniola_Region.html\"]}]}<\/script>\n<!-- \/ Yoast SEO plugin. -->","yoast_head_json":{"title":"Nuestra historia - Zipline Dolinka","robots":{"index":"index","follow":"follow","max-snippet":"max-snippet:-1","max-image-preview":"max-image-preview:large","max-video-preview":"max-video-preview:-1"},"canonical":"https:\/\/zipline-dolinka.si\/es\/nuestra-historia\/","og_locale":"es_ES","og_type":"article","og_title":"Nuestra historia - Zipline Dolinka","og_description":"Nuestro equipo est\u00e1 formado por gente local de ambos lados del r\u00edo, todos ellos guiados por la visi\u00f3n del desarrollo sostenible, as\u00ed como la preservaci\u00f3n de la herencia cultural que se encuentra entre la cordillera de Karavanke y los Alpes Julianos \u00a0\u201cEl paisaje de Carniola no tiene mayor belleza que su similitud con el para\u00edso\u201d&hellip;&nbsp;Leer m\u00e1s &raquo;Nuestra historia","og_url":"https:\/\/zipline-dolinka.si\/es\/nuestra-historia\/","og_site_name":"Zipline Dolinka","article_publisher":"https:\/\/www.facebook.com\/ZiplineDolinka\/","article_modified_time":"2023-06-13T10:47:11+00:00","og_image":[{"url":"https:\/\/zipline-dolinka.si\/wp-content\/uploads\/2022\/06\/Private-1024x684.jpg","type":"","width":"","height":""}],"twitter_card":"summary_large_image","twitter_misc":{"Tiempo de lectura":"2 minutos"},"schema":{"@context":"https:\/\/schema.org","@graph":[{"@type":"WebPage","@id":"https:\/\/zipline-dolinka.si\/es\/nuestra-historia\/","url":"https:\/\/zipline-dolinka.si\/es\/nuestra-historia\/","name":"Nuestra historia - Zipline Dolinka","isPartOf":{"@id":"https:\/\/zipline-dolinka.si\/es\/#website"},"primaryImageOfPage":{"@id":"https:\/\/zipline-dolinka.si\/es\/nuestra-historia\/#primaryimage"},"image":{"@id":"https:\/\/zipline-dolinka.si\/es\/nuestra-historia\/#primaryimage"},"thumbnailUrl":"https:\/\/zipline-dolinka.si\/wp-content\/uploads\/2022\/06\/Private-1024x684.jpg","datePublished":"2022-06-16T20:20:18+00:00","dateModified":"2023-06-13T10:47:11+00:00","breadcrumb":{"@id":"https:\/\/zipline-dolinka.si\/es\/nuestra-historia\/#breadcrumb"},"inLanguage":"es","potentialAction":[{"@type":"ReadAction","target":["https:\/\/zipline-dolinka.si\/es\/nuestra-historia\/"]}]},{"@type":"ImageObject","inLanguage":"es","@id":"https:\/\/zipline-dolinka.si\/es\/nuestra-historia\/#primaryimage","url":"https:\/\/zipline-dolinka.si\/wp-content\/uploads\/2022\/06\/Private-1024x684.jpg","contentUrl":"https:\/\/zipline-dolinka.si\/wp-content\/uploads\/2022\/06\/Private-1024x684.jpg"},{"@type":"BreadcrumbList","@id":"https:\/\/zipline-dolinka.si\/es\/nuestra-historia\/#breadcrumb","itemListElement":[{"@type":"ListItem","position":1,"name":"P\u00e1gina de inicio","item":"https:\/\/zipline-dolinka.si\/es\/"},{"@type":"ListItem","position":2,"name":"Nuestra historia"}]},{"@type":"WebSite","@id":"https:\/\/zipline-dolinka.si\/es\/#website","url":"https:\/\/zipline-dolinka.si\/es\/","name":"Zipline Dolinka","description":"The Longest Zipline in Europe","publisher":{"@id":"https:\/\/zipline-dolinka.si\/es\/#organization"},"potentialAction":[{"@type":"SearchAction","target":{"@type":"EntryPoint","urlTemplate":"https:\/\/zipline-dolinka.si\/es\/?s={search_term_string}"},"query-input":{"@type":"PropertyValueSpecification","valueRequired":true,"valueName":"search_term_string"}}],"inLanguage":"es"},{"@type":"Organization","@id":"https:\/\/zipline-dolinka.si\/es\/#organization","name":"Zipline Dolinka Bled","url":"https:\/\/zipline-dolinka.si\/es\/","logo":{"@type":"ImageObject","inLanguage":"es","@id":"https:\/\/zipline-dolinka.si\/es\/#\/schema\/logo\/image\/","url":"https:\/\/zipline-dolinka.si\/wp-content\/uploads\/2022\/05\/cropped-ziplinedolonka-favicon.png","contentUrl":"https:\/\/zipline-dolinka.si\/wp-content\/uploads\/2022\/05\/cropped-ziplinedolonka-favicon.png","width":512,"height":512,"caption":"Zipline Dolinka Bled"},"image":{"@id":"https:\/\/zipline-dolinka.si\/es\/#\/schema\/logo\/image\/"},"sameAs":["https:\/\/www.facebook.com\/ZiplineDolinka\/","https:\/\/www.tripadvisor.com\/Attraction_Review-g274863-d14139627-Reviews-Zipline_Dolinka-Bled_Upper_Carniola_Region.html"]}]}},"_links":{"self":[{"href":"https:\/\/zipline-dolinka.si\/es\/wp-json\/wp\/v2\/pages\/2624","targetHints":{"allow":["GET"]}}],"collection":[{"href":"https:\/\/zipline-dolinka.si\/es\/wp-json\/wp\/v2\/pages"}],"about":[{"href":"https:\/\/zipline-dolinka.si\/es\/wp-json\/wp\/v2\/types\/page"}],"author":[{"embeddable":true,"href":"https:\/\/zipline-dolinka.si\/es\/wp-json\/wp\/v2\/users\/2"}],"replies":[{"embeddable":true,"href":"https:\/\/zipline-dolinka.si\/es\/wp-json\/wp\/v2\/comments?post=2624"}],"version-history":[{"count":0,"href":"https:\/\/zipline-dolinka.si\/es\/wp-json\/wp\/v2\/pages\/2624\/revisions"}],"wp:attachment":[{"href":"https:\/\/zipline-dolinka.si\/es\/wp-json\/wp\/v2\/media?parent=2624"}],"curies":[{"name":"wp","href":"https:\/\/api.w.org\/{rel}","templated":true}]}}