{"id":4288,"date":"2023-07-31T06:33:35","date_gmt":"2023-07-31T06:33:35","guid":{"rendered":"https:\/\/zipline-dolinka.si\/?page_id=4288"},"modified":"2026-02-09T16:13:27","modified_gmt":"2026-02-09T16:13:27","slug":"die-sonnenuntergangstour","status":"publish","type":"page","link":"https:\/\/zipline-dolinka.si\/de\/tour\/die-sonnenuntergangstour\/","title":{"rendered":"Die Sunset-Ticket"},"content":{"rendered":"\n<div id=\"wp-block-themeisle-blocks-advanced-columns-832f3724\" class=\"wp-block-themeisle-blocks-advanced-columns has-2-columns has-desktop-equal-layout has-tablet-equal-layout has-mobile-collapsedRows-layout has-vertical-unset\"><div class=\"wp-block-themeisle-blocks-advanced-columns-overlay\"><\/div><div class=\"innerblocks-wrap\">\n<div id=\"wp-block-themeisle-blocks-advanced-column-0d8c41df\" class=\"wp-block-themeisle-blocks-advanced-column\">\n\n\n\n<script>\nga(function (tracker) {\n \/\/ Gets the client ID of the default tracker.\n var clientId = tracker.get('clientId');\n\n\n \/\/ Gets the Checkfront iframe.\n var checkfrontIframe = document.getElementById('CHECKFRONT_WIDGET_01').getElementsByTagName('iframe')[0]; \n\n\n \/\/ Sends the client ID to the window inside the destination frame, once it's loaded.\n checkfrontIframe.addEventListener(\"load\", function () {\n this.contentWindow.postMessage(clientId, 'https:\/\/zipline-dolinka.checkfront.com');\n });\n});\n<\/script>\n<\/div>\n\n\n\n<div id=\"wp-block-themeisle-blocks-advanced-column-f504d8eb\" class=\"wp-block-themeisle-blocks-advanced-column\">\n<p><strong><mark style=\"background-color:rgba(0, 0, 0, 0)\" class=\"has-inline-color has-neve-link-color-color\">Von 21.3.2026 bis 22.11.2026<\/mark><\/strong><br><br><strong><mark style=\"background-color:rgba(0, 0, 0, 0)\" class=\"has-inline-color has-neve-link-color-color\">Die Zipline Dolinka<\/mark><\/strong> bietet ein aufregendes Abenteuer und erm\u00f6glicht Ihnen, bei gutem Wetter, <strong>die spektakul\u00e4ren Farben des Sonnenuntergangs<\/strong> zu erleben.<\/p>\n\n\n\n<p>Ihre Reise f\u00fchrt Sie \u00fcber T\u00e4ler und Baumwipfel, und offenbart Ihnen <strong>das atemberaubende Panorama von Dolinka<\/strong>, genau in dem Moment, wenn der Tag in die Abendd\u00e4mmerung \u00fcbergeht.<\/p>\n\n\n\n<p>Unsere <strong>professionelle Zipline-Einrichtung<\/strong> gew\u00e4hrleistet Sicherheit und Spa\u00df, sodass Sie die Sch\u00f6nheit der Natur in vollen Z\u00fcgen genie\u00dfen k\u00f6nnen. Begleitet von unseren sachkundigen F\u00fchrern werden Sie Einblicke in <strong>das \u00f6rtliche \u00d6kosystem<\/strong> erhalten und somit dieses aufregende Abenteuer bereichern.<\/p>\n\n\n\n<p>Wenn sich die Tour dem Ende zuneigt und das Wetter uns wohlgesonnen ist, erwartet Sie ein atemberaubender Blick auf den Sonnenuntergang, der diesen Abend unter den Sternen zu einem unvergesslichen Erlebnis macht.<\/p>\n<\/div>\n<\/div><\/div>\n","protected":false},"excerpt":{"rendered":"","protected":false},"author":1,"featured_media":4272,"parent":2515,"menu_order":2,"comment_status":"closed","ping_status":"closed","template":"","meta":{"neve_meta_sidebar":"","neve_meta_container":"","neve_meta_enable_content_width":"","neve_meta_content_width":0,"neve_meta_title_alignment":"","neve_meta_author_avatar":"","neve_post_elements_order":"","neve_meta_disable_header":"","neve_meta_disable_footer":"","neve_meta_disable_title":"","_themeisle_gutenberg_block_has_review":false,"footnotes":""},"class_list":["post-4288","page","type-page","status-publish","has-post-thumbnail","hentry"],"yoast_head":"<!-- This site is optimized with the Yoast SEO plugin v27.0 - https:\/\/yoast.com\/product\/yoast-seo-wordpress\/ -->\n<title>Die Sunset-Ticket - Zipline Dolinka<\/title>\n<meta name=\"description\" content=\"Erlebe 7 Ziplines bei der goldenen Stunde, 4 km, 2,5 Std. magische Panoramen und unvergessliche Abendstimmung.\" \/>\n<meta name=\"robots\" content=\"index, follow, max-snippet:-1, max-image-preview:large, max-video-preview:-1\" \/>\n<link rel=\"canonical\" href=\"https:\/\/zipline-dolinka.si\/de\/tour\/die-sonnenuntergangstour\/\" \/>\n<meta property=\"og:locale\" content=\"de_DE\" \/>\n<meta property=\"og:type\" content=\"article\" \/>\n<meta property=\"og:title\" content=\"Die Sunset-Ticket - Zipline Dolinka\" \/>\n<meta property=\"og:description\" content=\"Erlebe 7 Ziplines bei der goldenen Stunde, 4 km, 2,5 Std. magische Panoramen und unvergessliche Abendstimmung.\" \/>\n<meta property=\"og:url\" content=\"https:\/\/zipline-dolinka.si\/de\/tour\/die-sonnenuntergangstour\/\" \/>\n<meta property=\"og:site_name\" content=\"Zipline Dolinka\" \/>\n<meta property=\"article:publisher\" content=\"https:\/\/www.facebook.com\/ZiplineDolinka\/\" \/>\n<meta property=\"article:modified_time\" content=\"2026-02-09T16:13:27+00:00\" \/>\n<meta property=\"og:image\" content=\"https:\/\/zipline-dolinka.si\/wp-content\/uploads\/2023\/07\/zipline9-1.png\" \/>\n\t<meta property=\"og:image:width\" content=\"593\" \/>\n\t<meta property=\"og:image:height\" content=\"593\" \/>\n\t<meta property=\"og:image:type\" content=\"image\/png\" \/>\n<meta name=\"twitter:card\" content=\"summary_large_image\" \/>\n<meta name=\"twitter:label1\" content=\"Gesch\u00e4tzte Lesezeit\" \/>\n\t<meta name=\"twitter:data1\" content=\"1\u00a0Minute\" \/>\n<script type=\"application\/ld+json\" class=\"yoast-schema-graph\">{\"@context\":\"https:\/\/schema.org\",\"@graph\":[{\"@type\":\"WebPage\",\"@id\":\"https:\/\/zipline-dolinka.si\/de\/tour\/die-sonnenuntergangstour\/\",\"url\":\"https:\/\/zipline-dolinka.si\/de\/tour\/die-sonnenuntergangstour\/\",\"name\":\"Die Sunset-Ticket - Zipline Dolinka\",\"isPartOf\":{\"@id\":\"https:\/\/zipline-dolinka.si\/de\/#website\"},\"primaryImageOfPage\":{\"@id\":\"https:\/\/zipline-dolinka.si\/de\/tour\/die-sonnenuntergangstour\/#primaryimage\"},\"image\":{\"@id\":\"https:\/\/zipline-dolinka.si\/de\/tour\/die-sonnenuntergangstour\/#primaryimage\"},\"thumbnailUrl\":\"https:\/\/zipline-dolinka.si\/wp-content\/uploads\/2023\/07\/zipline9-1.png\",\"datePublished\":\"2023-07-31T06:33:35+00:00\",\"dateModified\":\"2026-02-09T16:13:27+00:00\",\"description\":\"Erlebe 7 Ziplines bei der goldenen Stunde, 4 km, 2,5 Std. magische Panoramen und unvergessliche Abendstimmung.\",\"breadcrumb\":{\"@id\":\"https:\/\/zipline-dolinka.si\/de\/tour\/die-sonnenuntergangstour\/#breadcrumb\"},\"inLanguage\":\"de\",\"potentialAction\":[{\"@type\":\"ReadAction\",\"target\":[\"https:\/\/zipline-dolinka.si\/de\/tour\/die-sonnenuntergangstour\/\"]}]},{\"@type\":\"ImageObject\",\"inLanguage\":\"de\",\"@id\":\"https:\/\/zipline-dolinka.si\/de\/tour\/die-sonnenuntergangstour\/#primaryimage\",\"url\":\"https:\/\/zipline-dolinka.si\/wp-content\/uploads\/2023\/07\/zipline9-1.png\",\"contentUrl\":\"https:\/\/zipline-dolinka.si\/wp-content\/uploads\/2023\/07\/zipline9-1.png\",\"width\":593,\"height\":593},{\"@type\":\"BreadcrumbList\",\"@id\":\"https:\/\/zipline-dolinka.si\/de\/tour\/die-sonnenuntergangstour\/#breadcrumb\",\"itemListElement\":[{\"@type\":\"ListItem\",\"position\":1,\"name\":\"Startseite\",\"item\":\"https:\/\/zipline-dolinka.si\/de\/\"},{\"@type\":\"ListItem\",\"position\":2,\"name\":\"Zipline-Touren\",\"item\":\"https:\/\/zipline-dolinka.si\/de\/tour\/\"},{\"@type\":\"ListItem\",\"position\":3,\"name\":\"Die Sunset-Ticket\"}]},{\"@type\":\"WebSite\",\"@id\":\"https:\/\/zipline-dolinka.si\/de\/#website\",\"url\":\"https:\/\/zipline-dolinka.si\/de\/\",\"name\":\"Zipline Dolinka\",\"description\":\"The Longest Zipline in Europe\",\"publisher\":{\"@id\":\"https:\/\/zipline-dolinka.si\/de\/#organization\"},\"potentialAction\":[{\"@type\":\"SearchAction\",\"target\":{\"@type\":\"EntryPoint\",\"urlTemplate\":\"https:\/\/zipline-dolinka.si\/de\/?s={search_term_string}\"},\"query-input\":{\"@type\":\"PropertyValueSpecification\",\"valueRequired\":true,\"valueName\":\"search_term_string\"}}],\"inLanguage\":\"de\"},{\"@type\":\"Organization\",\"@id\":\"https:\/\/zipline-dolinka.si\/de\/#organization\",\"name\":\"Zipline Dolinka Bled\",\"url\":\"https:\/\/zipline-dolinka.si\/de\/\",\"logo\":{\"@type\":\"ImageObject\",\"inLanguage\":\"de\",\"@id\":\"https:\/\/zipline-dolinka.si\/de\/#\/schema\/logo\/image\/\",\"url\":\"https:\/\/zipline-dolinka.si\/wp-content\/uploads\/2022\/05\/cropped-ziplinedolonka-favicon.png\",\"contentUrl\":\"https:\/\/zipline-dolinka.si\/wp-content\/uploads\/2022\/05\/cropped-ziplinedolonka-favicon.png\",\"width\":512,\"height\":512,\"caption\":\"Zipline Dolinka Bled\"},\"image\":{\"@id\":\"https:\/\/zipline-dolinka.si\/de\/#\/schema\/logo\/image\/\"},\"sameAs\":[\"https:\/\/www.facebook.com\/ZiplineDolinka\/\",\"https:\/\/www.tripadvisor.com\/Attraction_Review-g274863-d14139627-Reviews-Zipline_Dolinka-Bled_Upper_Carniola_Region.html\"]}]}<\/script>\n<!-- \/ Yoast SEO plugin. -->","yoast_head_json":{"title":"Die Sunset-Ticket - Zipline Dolinka","description":"Erlebe 7 Ziplines bei der goldenen Stunde, 4 km, 2,5 Std. magische Panoramen und unvergessliche Abendstimmung.","robots":{"index":"index","follow":"follow","max-snippet":"max-snippet:-1","max-image-preview":"max-image-preview:large","max-video-preview":"max-video-preview:-1"},"canonical":"https:\/\/zipline-dolinka.si\/de\/tour\/die-sonnenuntergangstour\/","og_locale":"de_DE","og_type":"article","og_title":"Die Sunset-Ticket - Zipline Dolinka","og_description":"Erlebe 7 Ziplines bei der goldenen Stunde, 4 km, 2,5 Std. magische Panoramen und unvergessliche Abendstimmung.","og_url":"https:\/\/zipline-dolinka.si\/de\/tour\/die-sonnenuntergangstour\/","og_site_name":"Zipline Dolinka","article_publisher":"https:\/\/www.facebook.com\/ZiplineDolinka\/","article_modified_time":"2026-02-09T16:13:27+00:00","og_image":[{"width":593,"height":593,"url":"https:\/\/zipline-dolinka.si\/wp-content\/uploads\/2023\/07\/zipline9-1.png","type":"image\/png"}],"twitter_card":"summary_large_image","twitter_misc":{"Gesch\u00e4tzte Lesezeit":"1\u00a0Minute"},"schema":{"@context":"https:\/\/schema.org","@graph":[{"@type":"WebPage","@id":"https:\/\/zipline-dolinka.si\/de\/tour\/die-sonnenuntergangstour\/","url":"https:\/\/zipline-dolinka.si\/de\/tour\/die-sonnenuntergangstour\/","name":"Die Sunset-Ticket - Zipline Dolinka","isPartOf":{"@id":"https:\/\/zipline-dolinka.si\/de\/#website"},"primaryImageOfPage":{"@id":"https:\/\/zipline-dolinka.si\/de\/tour\/die-sonnenuntergangstour\/#primaryimage"},"image":{"@id":"https:\/\/zipline-dolinka.si\/de\/tour\/die-sonnenuntergangstour\/#primaryimage"},"thumbnailUrl":"https:\/\/zipline-dolinka.si\/wp-content\/uploads\/2023\/07\/zipline9-1.png","datePublished":"2023-07-31T06:33:35+00:00","dateModified":"2026-02-09T16:13:27+00:00","description":"Erlebe 7 Ziplines bei der goldenen Stunde, 4 km, 2,5 Std. magische Panoramen und unvergessliche Abendstimmung.","breadcrumb":{"@id":"https:\/\/zipline-dolinka.si\/de\/tour\/die-sonnenuntergangstour\/#breadcrumb"},"inLanguage":"de","potentialAction":[{"@type":"ReadAction","target":["https:\/\/zipline-dolinka.si\/de\/tour\/die-sonnenuntergangstour\/"]}]},{"@type":"ImageObject","inLanguage":"de","@id":"https:\/\/zipline-dolinka.si\/de\/tour\/die-sonnenuntergangstour\/#primaryimage","url":"https:\/\/zipline-dolinka.si\/wp-content\/uploads\/2023\/07\/zipline9-1.png","contentUrl":"https:\/\/zipline-dolinka.si\/wp-content\/uploads\/2023\/07\/zipline9-1.png","width":593,"height":593},{"@type":"BreadcrumbList","@id":"https:\/\/zipline-dolinka.si\/de\/tour\/die-sonnenuntergangstour\/#breadcrumb","itemListElement":[{"@type":"ListItem","position":1,"name":"Startseite","item":"https:\/\/zipline-dolinka.si\/de\/"},{"@type":"ListItem","position":2,"name":"Zipline-Touren","item":"https:\/\/zipline-dolinka.si\/de\/tour\/"},{"@type":"ListItem","position":3,"name":"Die Sunset-Ticket"}]},{"@type":"WebSite","@id":"https:\/\/zipline-dolinka.si\/de\/#website","url":"https:\/\/zipline-dolinka.si\/de\/","name":"Zipline Dolinka","description":"The Longest Zipline in Europe","publisher":{"@id":"https:\/\/zipline-dolinka.si\/de\/#organization"},"potentialAction":[{"@type":"SearchAction","target":{"@type":"EntryPoint","urlTemplate":"https:\/\/zipline-dolinka.si\/de\/?s={search_term_string}"},"query-input":{"@type":"PropertyValueSpecification","valueRequired":true,"valueName":"search_term_string"}}],"inLanguage":"de"},{"@type":"Organization","@id":"https:\/\/zipline-dolinka.si\/de\/#organization","name":"Zipline Dolinka Bled","url":"https:\/\/zipline-dolinka.si\/de\/","logo":{"@type":"ImageObject","inLanguage":"de","@id":"https:\/\/zipline-dolinka.si\/de\/#\/schema\/logo\/image\/","url":"https:\/\/zipline-dolinka.si\/wp-content\/uploads\/2022\/05\/cropped-ziplinedolonka-favicon.png","contentUrl":"https:\/\/zipline-dolinka.si\/wp-content\/uploads\/2022\/05\/cropped-ziplinedolonka-favicon.png","width":512,"height":512,"caption":"Zipline Dolinka Bled"},"image":{"@id":"https:\/\/zipline-dolinka.si\/de\/#\/schema\/logo\/image\/"},"sameAs":["https:\/\/www.facebook.com\/ZiplineDolinka\/","https:\/\/www.tripadvisor.com\/Attraction_Review-g274863-d14139627-Reviews-Zipline_Dolinka-Bled_Upper_Carniola_Region.html"]}]}},"_links":{"self":[{"href":"https:\/\/zipline-dolinka.si\/de\/wp-json\/wp\/v2\/pages\/4288","targetHints":{"allow":["GET"]}}],"collection":[{"href":"https:\/\/zipline-dolinka.si\/de\/wp-json\/wp\/v2\/pages"}],"about":[{"href":"https:\/\/zipline-dolinka.si\/de\/wp-json\/wp\/v2\/types\/page"}],"author":[{"embeddable":true,"href":"https:\/\/zipline-dolinka.si\/de\/wp-json\/wp\/v2\/users\/1"}],"replies":[{"embeddable":true,"href":"https:\/\/zipline-dolinka.si\/de\/wp-json\/wp\/v2\/comments?post=4288"}],"version-history":[{"count":3,"href":"https:\/\/zipline-dolinka.si\/de\/wp-json\/wp\/v2\/pages\/4288\/revisions"}],"predecessor-version":[{"id":6007,"href":"https:\/\/zipline-dolinka.si\/de\/wp-json\/wp\/v2\/pages\/4288\/revisions\/6007"}],"up":[{"embeddable":true,"href":"https:\/\/zipline-dolinka.si\/de\/wp-json\/wp\/v2\/pages\/2515"}],"wp:featuredmedia":[{"embeddable":true,"href":"https:\/\/zipline-dolinka.si\/de\/wp-json\/wp\/v2\/media\/4272"}],"wp:attachment":[{"href":"https:\/\/zipline-dolinka.si\/de\/wp-json\/wp\/v2\/media?parent=4288"}],"curies":[{"name":"wp","href":"https:\/\/api.w.org\/{rel}","templated":true}]}}