{"id":3196,"date":"2022-06-15T18:44:24","date_gmt":"2022-06-15T18:44:24","guid":{"rendered":"https:\/\/zipline-dolinka.si\/?page_id=3196"},"modified":"2026-02-09T16:11:48","modified_gmt":"2026-02-09T16:11:48","slug":"klassische-zipline-dolinka-tour","status":"publish","type":"page","link":"https:\/\/zipline-dolinka.si\/de\/tour\/klassische-zipline-dolinka-tour\/","title":{"rendered":"Klassische Zipline Dolinka Tour"},"content":{"rendered":"\n<div id=\"wp-block-themeisle-blocks-advanced-columns-832f3724\" class=\"wp-block-themeisle-blocks-advanced-columns has-2-columns has-desktop-equal-layout has-tablet-equal-layout has-mobile-collapsedRows-layout has-vertical-unset\"><div class=\"wp-block-themeisle-blocks-advanced-columns-overlay\"><\/div><div class=\"innerblocks-wrap\">\n<div id=\"wp-block-themeisle-blocks-advanced-column-0d8c41df\" class=\"wp-block-themeisle-blocks-advanced-column\">\n\n\n\n<script>\nga(function (tracker) {\n \/\/ Gets the client ID of the default tracker.\n var clientId = tracker.get('clientId');\n\n\n \/\/ Gets the Checkfront iframe.\n var checkfrontIframe = document.getElementById('CHECKFRONT_WIDGET_01').getElementsByTagName('iframe')[0]; \n\n\n \/\/ Sends the client ID to the window inside the destination frame, once it's loaded.\n checkfrontIframe.addEventListener(\"load\", function () {\n this.contentWindow.postMessage(clientId, 'https:\/\/zipline-dolinka.checkfront.com');\n });\n});\n<\/script>\n<\/div>\n\n\n\n<div id=\"wp-block-themeisle-blocks-advanced-column-f504d8eb\" class=\"wp-block-themeisle-blocks-advanced-column\">\n<p><strong><mark style=\"background-color:rgba(0, 0, 0, 0)\" class=\"has-inline-color has-neve-link-color-color\">Von 21.3.2026 bis 22.11.2026<\/mark><\/strong><br><br>Tauchen Sie mit unserem <strong><mark style=\"background-color:rgba(0, 0, 0, 0)\" class=\"has-inline-color has-neve-link-color-color\">klassischen Zipline Dolinka Ticket<\/mark><\/strong> in die <strong>Sch\u00f6nheit der Natur<\/strong> und den Nervenkitzel des Abenteuers ein. Diese sorgf\u00e4ltig gestaltete Erfahrung verbindet harmonisch adrenalingeladene Zipline-Fahrten mit der beeindruckenden <strong>Landschaft des Tals<\/strong>, wo der Fluss elegant seinen Weg durch \u00fcppige W\u00e4lder und bl\u00fchende Feuchtgebiete schl\u00e4ngelt. W\u00e4hrend Sie durch die Luft sausen, dient die faszinierende Landschaft unten als kraftvolles Zeugnis f\u00fcr die Sch\u00f6nheit des nat\u00fcrlichen Zusammenlebens und inspiriert die G\u00e4ste oft <strong>zu nachhaltigerem Denken<\/strong>.<\/p>\n\n\n\n<p><strong>Das klassische Ticket<\/strong> von<strong><mark style=\"background-color:rgba(0, 0, 0, 0)\" class=\"has-inline-color has-neve-link-color-color\"> Zipline Dolinka<\/mark><\/strong> ist mehr als nur eine Zipline-Tour &#8211; es ist ein <strong>Outdoor-Erlebnis<\/strong>, das begeistert und erleuchtet. Sie starten zu einer <strong>4 km<\/strong> langen Adrenalinfahrt auf <strong>7 verschiedenen Ziplines<\/strong>, durchsetzt mit einer umweltbewussten Reise durch das faszinierende Sava Dolinka Flusstal.<\/p>\n\n\n\n<p>Die Tour beinhaltet auch mehrere Stopps, die faszinierende Einblicke in <strong>die lokale Flora und Fauna<\/strong> bieten und einen herrlichen Blick auf die Gipfel des <strong><mark style=\"background-color:rgba(0, 0, 0, 0)\" class=\"has-inline-color has-neve-link-color-color\">Mt. Triglav, Stol und Babji Zob<\/mark> <\/strong>bieten. Die gesamte Reise, voller Aufregung und nat\u00fcrlicher Sch\u00f6nheit, dauert etwa<strong> 2,5 Stunden<\/strong>.<\/p>\n\n\n\n<p>Erleben Sie den Nervenkitzel der Zipline und die Ruhe der Natur mit unserer klassischen Ticket.<br><br><strong><mark style=\"background-color:rgba(0, 0, 0, 0)\" class=\"has-inline-color has-neve-link-color-color\">Anforderungen:<\/mark><\/strong><br>&#8211; <strong>Sportkleidung <\/strong>(bei K\u00e4lte: Jacke bis zur Taille, nicht unter H\u00fcfte oder Knie; kein Rock, T\u2011Shirt mit \u00c4rmeln, kein Croptop, keine Kleider)<br>&#8211; <strong>Sportschuhe<\/strong> (keine Flip\u2011Flops, keine Crocs o.\u00e4.)<br>&#8211; <strong>Lange Haare<\/strong> m\u00fcssen aus Sicherheitsgr\u00fcnden geflochten sein<\/p>\n<\/div>\n<\/div><\/div>\n\n\n\n<p><\/p>\n","protected":false},"excerpt":{"rendered":"","protected":false},"author":1,"featured_media":0,"parent":2515,"menu_order":2,"comment_status":"closed","ping_status":"closed","template":"","meta":{"neve_meta_sidebar":"","neve_meta_container":"","neve_meta_enable_content_width":"","neve_meta_content_width":0,"neve_meta_title_alignment":"","neve_meta_author_avatar":"","neve_post_elements_order":"","neve_meta_disable_header":"","neve_meta_disable_footer":"","neve_meta_disable_title":"","_themeisle_gutenberg_block_has_review":false,"footnotes":""},"class_list":["post-3196","page","type-page","status-publish","hentry"],"yoast_head":"<!-- This site is optimized with the Yoast SEO plugin v27.0 - https:\/\/yoast.com\/product\/yoast-seo-wordpress\/ -->\n<title>Klassische Zipline Dolinka Tour - Zipline Dolinka<\/title>\n<meta name=\"description\" content=\"7 Ziplines, 4 km, 2,5 Std. gef\u00fchrte Tour durch das Sava Dolinka Tal \u2013 Adrenalin, Panoramen &amp; Naturbewusstsein\" \/>\n<meta name=\"robots\" content=\"index, follow, max-snippet:-1, max-image-preview:large, max-video-preview:-1\" \/>\n<link rel=\"canonical\" href=\"https:\/\/zipline-dolinka.si\/de\/tour\/klassische-zipline-dolinka-tour\/\" \/>\n<meta property=\"og:locale\" content=\"de_DE\" \/>\n<meta property=\"og:type\" content=\"article\" \/>\n<meta property=\"og:title\" content=\"Klassische Zipline Dolinka Tour - Zipline Dolinka\" \/>\n<meta property=\"og:description\" content=\"7 Ziplines, 4 km, 2,5 Std. gef\u00fchrte Tour durch das Sava Dolinka Tal \u2013 Adrenalin, Panoramen &amp; Naturbewusstsein\" \/>\n<meta property=\"og:url\" content=\"https:\/\/zipline-dolinka.si\/de\/tour\/klassische-zipline-dolinka-tour\/\" \/>\n<meta property=\"og:site_name\" content=\"Zipline Dolinka\" \/>\n<meta property=\"article:publisher\" content=\"https:\/\/www.facebook.com\/ZiplineDolinka\/\" \/>\n<meta property=\"article:modified_time\" content=\"2026-02-09T16:11:48+00:00\" \/>\n<meta name=\"twitter:card\" content=\"summary_large_image\" \/>\n<meta name=\"twitter:label1\" content=\"Gesch\u00e4tzte Lesezeit\" \/>\n\t<meta name=\"twitter:data1\" content=\"1\u00a0Minute\" \/>\n<script type=\"application\/ld+json\" class=\"yoast-schema-graph\">{\"@context\":\"https:\/\/schema.org\",\"@graph\":[{\"@type\":\"WebPage\",\"@id\":\"https:\/\/zipline-dolinka.si\/de\/tour\/klassische-zipline-dolinka-tour\/\",\"url\":\"https:\/\/zipline-dolinka.si\/de\/tour\/klassische-zipline-dolinka-tour\/\",\"name\":\"Klassische Zipline Dolinka Tour - Zipline Dolinka\",\"isPartOf\":{\"@id\":\"https:\/\/zipline-dolinka.si\/de\/#website\"},\"datePublished\":\"2022-06-15T18:44:24+00:00\",\"dateModified\":\"2026-02-09T16:11:48+00:00\",\"description\":\"7 Ziplines, 4 km, 2,5 Std. gef\u00fchrte Tour durch das Sava Dolinka Tal \u2013 Adrenalin, Panoramen & Naturbewusstsein\",\"breadcrumb\":{\"@id\":\"https:\/\/zipline-dolinka.si\/de\/tour\/klassische-zipline-dolinka-tour\/#breadcrumb\"},\"inLanguage\":\"de\",\"potentialAction\":[{\"@type\":\"ReadAction\",\"target\":[\"https:\/\/zipline-dolinka.si\/de\/tour\/klassische-zipline-dolinka-tour\/\"]}]},{\"@type\":\"BreadcrumbList\",\"@id\":\"https:\/\/zipline-dolinka.si\/de\/tour\/klassische-zipline-dolinka-tour\/#breadcrumb\",\"itemListElement\":[{\"@type\":\"ListItem\",\"position\":1,\"name\":\"Startseite\",\"item\":\"https:\/\/zipline-dolinka.si\/de\/\"},{\"@type\":\"ListItem\",\"position\":2,\"name\":\"Zipline-Touren\",\"item\":\"https:\/\/zipline-dolinka.si\/de\/tour\/\"},{\"@type\":\"ListItem\",\"position\":3,\"name\":\"Klassische Zipline Dolinka Tour\"}]},{\"@type\":\"WebSite\",\"@id\":\"https:\/\/zipline-dolinka.si\/de\/#website\",\"url\":\"https:\/\/zipline-dolinka.si\/de\/\",\"name\":\"Zipline Dolinka\",\"description\":\"The Longest Zipline in Europe\",\"publisher\":{\"@id\":\"https:\/\/zipline-dolinka.si\/de\/#organization\"},\"potentialAction\":[{\"@type\":\"SearchAction\",\"target\":{\"@type\":\"EntryPoint\",\"urlTemplate\":\"https:\/\/zipline-dolinka.si\/de\/?s={search_term_string}\"},\"query-input\":{\"@type\":\"PropertyValueSpecification\",\"valueRequired\":true,\"valueName\":\"search_term_string\"}}],\"inLanguage\":\"de\"},{\"@type\":\"Organization\",\"@id\":\"https:\/\/zipline-dolinka.si\/de\/#organization\",\"name\":\"Zipline Dolinka Bled\",\"url\":\"https:\/\/zipline-dolinka.si\/de\/\",\"logo\":{\"@type\":\"ImageObject\",\"inLanguage\":\"de\",\"@id\":\"https:\/\/zipline-dolinka.si\/de\/#\/schema\/logo\/image\/\",\"url\":\"https:\/\/zipline-dolinka.si\/wp-content\/uploads\/2022\/05\/cropped-ziplinedolonka-favicon.png\",\"contentUrl\":\"https:\/\/zipline-dolinka.si\/wp-content\/uploads\/2022\/05\/cropped-ziplinedolonka-favicon.png\",\"width\":512,\"height\":512,\"caption\":\"Zipline Dolinka Bled\"},\"image\":{\"@id\":\"https:\/\/zipline-dolinka.si\/de\/#\/schema\/logo\/image\/\"},\"sameAs\":[\"https:\/\/www.facebook.com\/ZiplineDolinka\/\",\"https:\/\/www.tripadvisor.com\/Attraction_Review-g274863-d14139627-Reviews-Zipline_Dolinka-Bled_Upper_Carniola_Region.html\"]}]}<\/script>\n<!-- \/ Yoast SEO plugin. -->","yoast_head_json":{"title":"Klassische Zipline Dolinka Tour - Zipline Dolinka","description":"7 Ziplines, 4 km, 2,5 Std. gef\u00fchrte Tour durch das Sava Dolinka Tal \u2013 Adrenalin, Panoramen & Naturbewusstsein","robots":{"index":"index","follow":"follow","max-snippet":"max-snippet:-1","max-image-preview":"max-image-preview:large","max-video-preview":"max-video-preview:-1"},"canonical":"https:\/\/zipline-dolinka.si\/de\/tour\/klassische-zipline-dolinka-tour\/","og_locale":"de_DE","og_type":"article","og_title":"Klassische Zipline Dolinka Tour - Zipline Dolinka","og_description":"7 Ziplines, 4 km, 2,5 Std. gef\u00fchrte Tour durch das Sava Dolinka Tal \u2013 Adrenalin, Panoramen & Naturbewusstsein","og_url":"https:\/\/zipline-dolinka.si\/de\/tour\/klassische-zipline-dolinka-tour\/","og_site_name":"Zipline Dolinka","article_publisher":"https:\/\/www.facebook.com\/ZiplineDolinka\/","article_modified_time":"2026-02-09T16:11:48+00:00","twitter_card":"summary_large_image","twitter_misc":{"Gesch\u00e4tzte Lesezeit":"1\u00a0Minute"},"schema":{"@context":"https:\/\/schema.org","@graph":[{"@type":"WebPage","@id":"https:\/\/zipline-dolinka.si\/de\/tour\/klassische-zipline-dolinka-tour\/","url":"https:\/\/zipline-dolinka.si\/de\/tour\/klassische-zipline-dolinka-tour\/","name":"Klassische Zipline Dolinka Tour - Zipline Dolinka","isPartOf":{"@id":"https:\/\/zipline-dolinka.si\/de\/#website"},"datePublished":"2022-06-15T18:44:24+00:00","dateModified":"2026-02-09T16:11:48+00:00","description":"7 Ziplines, 4 km, 2,5 Std. gef\u00fchrte Tour durch das Sava Dolinka Tal \u2013 Adrenalin, Panoramen & Naturbewusstsein","breadcrumb":{"@id":"https:\/\/zipline-dolinka.si\/de\/tour\/klassische-zipline-dolinka-tour\/#breadcrumb"},"inLanguage":"de","potentialAction":[{"@type":"ReadAction","target":["https:\/\/zipline-dolinka.si\/de\/tour\/klassische-zipline-dolinka-tour\/"]}]},{"@type":"BreadcrumbList","@id":"https:\/\/zipline-dolinka.si\/de\/tour\/klassische-zipline-dolinka-tour\/#breadcrumb","itemListElement":[{"@type":"ListItem","position":1,"name":"Startseite","item":"https:\/\/zipline-dolinka.si\/de\/"},{"@type":"ListItem","position":2,"name":"Zipline-Touren","item":"https:\/\/zipline-dolinka.si\/de\/tour\/"},{"@type":"ListItem","position":3,"name":"Klassische Zipline Dolinka Tour"}]},{"@type":"WebSite","@id":"https:\/\/zipline-dolinka.si\/de\/#website","url":"https:\/\/zipline-dolinka.si\/de\/","name":"Zipline Dolinka","description":"The Longest Zipline in Europe","publisher":{"@id":"https:\/\/zipline-dolinka.si\/de\/#organization"},"potentialAction":[{"@type":"SearchAction","target":{"@type":"EntryPoint","urlTemplate":"https:\/\/zipline-dolinka.si\/de\/?s={search_term_string}"},"query-input":{"@type":"PropertyValueSpecification","valueRequired":true,"valueName":"search_term_string"}}],"inLanguage":"de"},{"@type":"Organization","@id":"https:\/\/zipline-dolinka.si\/de\/#organization","name":"Zipline Dolinka Bled","url":"https:\/\/zipline-dolinka.si\/de\/","logo":{"@type":"ImageObject","inLanguage":"de","@id":"https:\/\/zipline-dolinka.si\/de\/#\/schema\/logo\/image\/","url":"https:\/\/zipline-dolinka.si\/wp-content\/uploads\/2022\/05\/cropped-ziplinedolonka-favicon.png","contentUrl":"https:\/\/zipline-dolinka.si\/wp-content\/uploads\/2022\/05\/cropped-ziplinedolonka-favicon.png","width":512,"height":512,"caption":"Zipline Dolinka Bled"},"image":{"@id":"https:\/\/zipline-dolinka.si\/de\/#\/schema\/logo\/image\/"},"sameAs":["https:\/\/www.facebook.com\/ZiplineDolinka\/","https:\/\/www.tripadvisor.com\/Attraction_Review-g274863-d14139627-Reviews-Zipline_Dolinka-Bled_Upper_Carniola_Region.html"]}]}},"_links":{"self":[{"href":"https:\/\/zipline-dolinka.si\/de\/wp-json\/wp\/v2\/pages\/3196","targetHints":{"allow":["GET"]}}],"collection":[{"href":"https:\/\/zipline-dolinka.si\/de\/wp-json\/wp\/v2\/pages"}],"about":[{"href":"https:\/\/zipline-dolinka.si\/de\/wp-json\/wp\/v2\/types\/page"}],"author":[{"embeddable":true,"href":"https:\/\/zipline-dolinka.si\/de\/wp-json\/wp\/v2\/users\/1"}],"replies":[{"embeddable":true,"href":"https:\/\/zipline-dolinka.si\/de\/wp-json\/wp\/v2\/comments?post=3196"}],"version-history":[{"count":3,"href":"https:\/\/zipline-dolinka.si\/de\/wp-json\/wp\/v2\/pages\/3196\/revisions"}],"predecessor-version":[{"id":6005,"href":"https:\/\/zipline-dolinka.si\/de\/wp-json\/wp\/v2\/pages\/3196\/revisions\/6005"}],"up":[{"embeddable":true,"href":"https:\/\/zipline-dolinka.si\/de\/wp-json\/wp\/v2\/pages\/2515"}],"wp:attachment":[{"href":"https:\/\/zipline-dolinka.si\/de\/wp-json\/wp\/v2\/media?parent=3196"}],"curies":[{"name":"wp","href":"https:\/\/api.w.org\/{rel}","templated":true}]}}