{"id":3188,"date":"2022-06-15T18:37:46","date_gmt":"2022-06-15T18:37:46","guid":{"rendered":"https:\/\/zipline-dolinka.si\/?page_id=3188"},"modified":"2026-02-09T16:14:37","modified_gmt":"2026-02-09T16:14:37","slug":"private-zipline-dolinka-tour","status":"publish","type":"page","link":"https:\/\/zipline-dolinka.si\/de\/tour\/private-zipline-dolinka-tour\/","title":{"rendered":"Private Zipline Dolinka Tour"},"content":{"rendered":"\n<div id=\"wp-block-themeisle-blocks-advanced-columns-40d4ac3b\" class=\"wp-block-themeisle-blocks-advanced-columns has-2-columns has-desktop-equal-layout has-tablet-equal-layout has-mobile-collapsedRows-layout has-vertical-unset\"><div class=\"wp-block-themeisle-blocks-advanced-columns-overlay\"><\/div><div class=\"innerblocks-wrap\">\n<div id=\"wp-block-themeisle-blocks-advanced-column-11388c99\" class=\"wp-block-themeisle-blocks-advanced-column\">\n\n\n\n<script>\nga(function (tracker) {\n \/\/ Gets the client ID of the default tracker.\n var clientId = tracker.get('clientId');\n\n\n \/\/ Gets the Checkfront iframe.\n var checkfrontIframe = document.getElementById('CHECKFRONT_WIDGET_01').getElementsByTagName('iframe')[0]; \n\n\n \/\/ Sends the client ID to the window inside the destination frame, once it's loaded.\n checkfrontIframe.addEventListener(\"load\", function () {\n this.contentWindow.postMessage(clientId, 'https:\/\/zipline-dolinka.checkfront.com');\n });\n});\n<\/script>\n<\/div>\n\n\n\n<div id=\"wp-block-themeisle-blocks-advanced-column-31b001f5\" class=\"wp-block-themeisle-blocks-advanced-column\">\n<p><strong><mark style=\"background-color:rgba(0, 0, 0, 0)\" class=\"has-inline-color has-neve-link-color-color\">Von 21.3.2026 bis 22.11.2026<\/mark><\/strong><br><br>Erleben Sie die atemberaubende <strong><mark style=\"background-color:rgba(0, 0, 0, 0)\" class=\"has-inline-color has-neve-link-color-color\">Zipline Dolinka Tour <\/mark><\/strong>in einem exklusiven Setup mit unserem <strong>Private Ticket.<\/strong> Perfekt f\u00fcr diejenigen, die ein pers\u00f6nlicheres und intimeres Erlebnis suchen, erm\u00f6glicht diese Option Ihnen, die aufregende Zipline tour unter Ihren eigenen Familienmitgliedern oder Freunden zu genie\u00dfen, <strong>ohne andere G\u00e4ste<\/strong> in der Gruppe. Bitte beachten Sie, dass mindestens vier Teilnehmer f\u00fcr dieses private Abenteuer erforderlich sind.<\/p>\n\n\n\n<p><strong>Unsere Mission<\/strong> ist es, ein unvergessliches, aktives Erlebnis zu bieten und dabei das Bewusstsein f\u00fcr Umweltwerte zu f\u00f6rdern. Wir verbinden nahtlos das aufregende Abenteuer mit der wundersch\u00f6nen nat\u00fcrlichen Umgebung. W\u00e4hrend Sie durch das malerische Tal sausen, mit dem Fluss, der durch W\u00e4lder und Feuchtgebiete m\u00e4andert, werden Sie an <strong>die Harmonie<\/strong> der Natur erinnert. Diese malerische Kulisse inspiriert unsere G\u00e4ste oft dazu, nachhaltiges Denken zu sch\u00e4tzen und zu unterst\u00fctzen.<\/p>\n\n\n\n<p>Die Reise beinhaltet eine beeindruckende Reihe von <strong>sieben Zipline-Kabel<\/strong>n, die zwischen <strong>300 m und 700 m lang<\/strong> sind und in einer Gesamtl\u00e4nge von <strong><mark style=\"background-color:rgba(0, 0, 0, 0)\" class=\"has-inline-color has-neve-link-color-color\">4 km<\/mark><\/strong> m\u00fcnden. Diese einzelnen Ziplines sind durch faszinierende Wald- und Feldwege miteinander verbunden. W\u00e4hrend der Reise machen wir mehrere Stopps, die einen tieferen Einblick in die lokale <strong>Flora und Fauna<\/strong> erm\u00f6glichen. Ganz zu schweigen davon, dass diese Stopps einen herrlichen Blick auf die aufragenden Gipfel des <strong><mark style=\"background-color:rgba(0, 0, 0, 0)\" class=\"has-inline-color has-neve-link-color-color\">Mt. Triglav, Stol und Babji Zob <\/mark><\/strong>bieten.<\/p>\n\n\n\n<p>Begleiten Sie uns auf dieser privaten Zipline Dolinka Tour, perfekt f\u00fcr Abenteurer, die Privatsph\u00e4re, nat\u00fcrliche Sch\u00f6nheit und aufregende Erlebnisse sch\u00e4tzen.<\/p>\n<\/div>\n<\/div><\/div>\n","protected":false},"excerpt":{"rendered":"","protected":false},"author":1,"featured_media":0,"parent":2515,"menu_order":1,"comment_status":"closed","ping_status":"closed","template":"","meta":{"neve_meta_sidebar":"","neve_meta_container":"","neve_meta_enable_content_width":"","neve_meta_content_width":0,"neve_meta_title_alignment":"","neve_meta_author_avatar":"","neve_post_elements_order":"","neve_meta_disable_header":"","neve_meta_disable_footer":"","neve_meta_disable_title":"","_themeisle_gutenberg_block_has_review":false,"footnotes":""},"class_list":["post-3188","page","type-page","status-publish","hentry"],"yoast_head":"<!-- This site is optimized with the Yoast SEO plugin v27.0 - https:\/\/yoast.com\/product\/yoast-seo-wordpress\/ -->\n<title>Private Zipline Dolinka Tour - Zipline Dolinka<\/title>\n<meta name=\"description\" content=\"Exklusives Abenteuer f\u00fcr Gruppen ab 4 Pers., 7 Ziplines, 4 km, private F\u00fchrung &amp; atemberaubende Naturblicke\" \/>\n<meta name=\"robots\" content=\"index, follow, max-snippet:-1, max-image-preview:large, max-video-preview:-1\" \/>\n<link rel=\"canonical\" href=\"https:\/\/zipline-dolinka.si\/de\/tour\/private-zipline-dolinka-tour\/\" \/>\n<meta property=\"og:locale\" content=\"de_DE\" \/>\n<meta property=\"og:type\" content=\"article\" \/>\n<meta property=\"og:title\" content=\"Private Zipline Dolinka Tour - Zipline Dolinka\" \/>\n<meta property=\"og:description\" content=\"Exklusives Abenteuer f\u00fcr Gruppen ab 4 Pers., 7 Ziplines, 4 km, private F\u00fchrung &amp; atemberaubende Naturblicke\" \/>\n<meta property=\"og:url\" content=\"https:\/\/zipline-dolinka.si\/de\/tour\/private-zipline-dolinka-tour\/\" \/>\n<meta property=\"og:site_name\" content=\"Zipline Dolinka\" \/>\n<meta property=\"article:publisher\" content=\"https:\/\/www.facebook.com\/ZiplineDolinka\/\" \/>\n<meta property=\"article:modified_time\" content=\"2026-02-09T16:14:37+00:00\" \/>\n<meta name=\"twitter:card\" content=\"summary_large_image\" \/>\n<meta name=\"twitter:label1\" content=\"Gesch\u00e4tzte Lesezeit\" \/>\n\t<meta name=\"twitter:data1\" content=\"1\u00a0Minute\" \/>\n<script type=\"application\/ld+json\" class=\"yoast-schema-graph\">{\"@context\":\"https:\/\/schema.org\",\"@graph\":[{\"@type\":\"WebPage\",\"@id\":\"https:\/\/zipline-dolinka.si\/de\/tour\/private-zipline-dolinka-tour\/\",\"url\":\"https:\/\/zipline-dolinka.si\/de\/tour\/private-zipline-dolinka-tour\/\",\"name\":\"Private Zipline Dolinka Tour - Zipline Dolinka\",\"isPartOf\":{\"@id\":\"https:\/\/zipline-dolinka.si\/de\/#website\"},\"datePublished\":\"2022-06-15T18:37:46+00:00\",\"dateModified\":\"2026-02-09T16:14:37+00:00\",\"description\":\"Exklusives Abenteuer f\u00fcr Gruppen ab 4 Pers., 7 Ziplines, 4 km, private F\u00fchrung & atemberaubende Naturblicke\",\"breadcrumb\":{\"@id\":\"https:\/\/zipline-dolinka.si\/de\/tour\/private-zipline-dolinka-tour\/#breadcrumb\"},\"inLanguage\":\"de\",\"potentialAction\":[{\"@type\":\"ReadAction\",\"target\":[\"https:\/\/zipline-dolinka.si\/de\/tour\/private-zipline-dolinka-tour\/\"]}]},{\"@type\":\"BreadcrumbList\",\"@id\":\"https:\/\/zipline-dolinka.si\/de\/tour\/private-zipline-dolinka-tour\/#breadcrumb\",\"itemListElement\":[{\"@type\":\"ListItem\",\"position\":1,\"name\":\"Startseite\",\"item\":\"https:\/\/zipline-dolinka.si\/de\/\"},{\"@type\":\"ListItem\",\"position\":2,\"name\":\"Zipline-Touren\",\"item\":\"https:\/\/zipline-dolinka.si\/de\/tour\/\"},{\"@type\":\"ListItem\",\"position\":3,\"name\":\"Private Zipline Dolinka Tour\"}]},{\"@type\":\"WebSite\",\"@id\":\"https:\/\/zipline-dolinka.si\/de\/#website\",\"url\":\"https:\/\/zipline-dolinka.si\/de\/\",\"name\":\"Zipline Dolinka\",\"description\":\"The Longest Zipline in Europe\",\"publisher\":{\"@id\":\"https:\/\/zipline-dolinka.si\/de\/#organization\"},\"potentialAction\":[{\"@type\":\"SearchAction\",\"target\":{\"@type\":\"EntryPoint\",\"urlTemplate\":\"https:\/\/zipline-dolinka.si\/de\/?s={search_term_string}\"},\"query-input\":{\"@type\":\"PropertyValueSpecification\",\"valueRequired\":true,\"valueName\":\"search_term_string\"}}],\"inLanguage\":\"de\"},{\"@type\":\"Organization\",\"@id\":\"https:\/\/zipline-dolinka.si\/de\/#organization\",\"name\":\"Zipline Dolinka Bled\",\"url\":\"https:\/\/zipline-dolinka.si\/de\/\",\"logo\":{\"@type\":\"ImageObject\",\"inLanguage\":\"de\",\"@id\":\"https:\/\/zipline-dolinka.si\/de\/#\/schema\/logo\/image\/\",\"url\":\"https:\/\/zipline-dolinka.si\/wp-content\/uploads\/2022\/05\/cropped-ziplinedolonka-favicon.png\",\"contentUrl\":\"https:\/\/zipline-dolinka.si\/wp-content\/uploads\/2022\/05\/cropped-ziplinedolonka-favicon.png\",\"width\":512,\"height\":512,\"caption\":\"Zipline Dolinka Bled\"},\"image\":{\"@id\":\"https:\/\/zipline-dolinka.si\/de\/#\/schema\/logo\/image\/\"},\"sameAs\":[\"https:\/\/www.facebook.com\/ZiplineDolinka\/\",\"https:\/\/www.tripadvisor.com\/Attraction_Review-g274863-d14139627-Reviews-Zipline_Dolinka-Bled_Upper_Carniola_Region.html\"]}]}<\/script>\n<!-- \/ Yoast SEO plugin. -->","yoast_head_json":{"title":"Private Zipline Dolinka Tour - Zipline Dolinka","description":"Exklusives Abenteuer f\u00fcr Gruppen ab 4 Pers., 7 Ziplines, 4 km, private F\u00fchrung & atemberaubende Naturblicke","robots":{"index":"index","follow":"follow","max-snippet":"max-snippet:-1","max-image-preview":"max-image-preview:large","max-video-preview":"max-video-preview:-1"},"canonical":"https:\/\/zipline-dolinka.si\/de\/tour\/private-zipline-dolinka-tour\/","og_locale":"de_DE","og_type":"article","og_title":"Private Zipline Dolinka Tour - Zipline Dolinka","og_description":"Exklusives Abenteuer f\u00fcr Gruppen ab 4 Pers., 7 Ziplines, 4 km, private F\u00fchrung & atemberaubende Naturblicke","og_url":"https:\/\/zipline-dolinka.si\/de\/tour\/private-zipline-dolinka-tour\/","og_site_name":"Zipline Dolinka","article_publisher":"https:\/\/www.facebook.com\/ZiplineDolinka\/","article_modified_time":"2026-02-09T16:14:37+00:00","twitter_card":"summary_large_image","twitter_misc":{"Gesch\u00e4tzte Lesezeit":"1\u00a0Minute"},"schema":{"@context":"https:\/\/schema.org","@graph":[{"@type":"WebPage","@id":"https:\/\/zipline-dolinka.si\/de\/tour\/private-zipline-dolinka-tour\/","url":"https:\/\/zipline-dolinka.si\/de\/tour\/private-zipline-dolinka-tour\/","name":"Private Zipline Dolinka Tour - Zipline Dolinka","isPartOf":{"@id":"https:\/\/zipline-dolinka.si\/de\/#website"},"datePublished":"2022-06-15T18:37:46+00:00","dateModified":"2026-02-09T16:14:37+00:00","description":"Exklusives Abenteuer f\u00fcr Gruppen ab 4 Pers., 7 Ziplines, 4 km, private F\u00fchrung & atemberaubende Naturblicke","breadcrumb":{"@id":"https:\/\/zipline-dolinka.si\/de\/tour\/private-zipline-dolinka-tour\/#breadcrumb"},"inLanguage":"de","potentialAction":[{"@type":"ReadAction","target":["https:\/\/zipline-dolinka.si\/de\/tour\/private-zipline-dolinka-tour\/"]}]},{"@type":"BreadcrumbList","@id":"https:\/\/zipline-dolinka.si\/de\/tour\/private-zipline-dolinka-tour\/#breadcrumb","itemListElement":[{"@type":"ListItem","position":1,"name":"Startseite","item":"https:\/\/zipline-dolinka.si\/de\/"},{"@type":"ListItem","position":2,"name":"Zipline-Touren","item":"https:\/\/zipline-dolinka.si\/de\/tour\/"},{"@type":"ListItem","position":3,"name":"Private Zipline Dolinka Tour"}]},{"@type":"WebSite","@id":"https:\/\/zipline-dolinka.si\/de\/#website","url":"https:\/\/zipline-dolinka.si\/de\/","name":"Zipline Dolinka","description":"The Longest Zipline in Europe","publisher":{"@id":"https:\/\/zipline-dolinka.si\/de\/#organization"},"potentialAction":[{"@type":"SearchAction","target":{"@type":"EntryPoint","urlTemplate":"https:\/\/zipline-dolinka.si\/de\/?s={search_term_string}"},"query-input":{"@type":"PropertyValueSpecification","valueRequired":true,"valueName":"search_term_string"}}],"inLanguage":"de"},{"@type":"Organization","@id":"https:\/\/zipline-dolinka.si\/de\/#organization","name":"Zipline Dolinka Bled","url":"https:\/\/zipline-dolinka.si\/de\/","logo":{"@type":"ImageObject","inLanguage":"de","@id":"https:\/\/zipline-dolinka.si\/de\/#\/schema\/logo\/image\/","url":"https:\/\/zipline-dolinka.si\/wp-content\/uploads\/2022\/05\/cropped-ziplinedolonka-favicon.png","contentUrl":"https:\/\/zipline-dolinka.si\/wp-content\/uploads\/2022\/05\/cropped-ziplinedolonka-favicon.png","width":512,"height":512,"caption":"Zipline Dolinka Bled"},"image":{"@id":"https:\/\/zipline-dolinka.si\/de\/#\/schema\/logo\/image\/"},"sameAs":["https:\/\/www.facebook.com\/ZiplineDolinka\/","https:\/\/www.tripadvisor.com\/Attraction_Review-g274863-d14139627-Reviews-Zipline_Dolinka-Bled_Upper_Carniola_Region.html"]}]}},"_links":{"self":[{"href":"https:\/\/zipline-dolinka.si\/de\/wp-json\/wp\/v2\/pages\/3188","targetHints":{"allow":["GET"]}}],"collection":[{"href":"https:\/\/zipline-dolinka.si\/de\/wp-json\/wp\/v2\/pages"}],"about":[{"href":"https:\/\/zipline-dolinka.si\/de\/wp-json\/wp\/v2\/types\/page"}],"author":[{"embeddable":true,"href":"https:\/\/zipline-dolinka.si\/de\/wp-json\/wp\/v2\/users\/1"}],"replies":[{"embeddable":true,"href":"https:\/\/zipline-dolinka.si\/de\/wp-json\/wp\/v2\/comments?post=3188"}],"version-history":[{"count":2,"href":"https:\/\/zipline-dolinka.si\/de\/wp-json\/wp\/v2\/pages\/3188\/revisions"}],"predecessor-version":[{"id":6008,"href":"https:\/\/zipline-dolinka.si\/de\/wp-json\/wp\/v2\/pages\/3188\/revisions\/6008"}],"up":[{"embeddable":true,"href":"https:\/\/zipline-dolinka.si\/de\/wp-json\/wp\/v2\/pages\/2515"}],"wp:attachment":[{"href":"https:\/\/zipline-dolinka.si\/de\/wp-json\/wp\/v2\/media?parent=3188"}],"curies":[{"name":"wp","href":"https:\/\/api.w.org\/{rel}","templated":true}]}}