{"id":3180,"date":"2022-06-15T18:45:14","date_gmt":"2022-06-15T18:45:14","guid":{"rendered":"https:\/\/zipline-dolinka.si\/?page_id=3180"},"modified":"2026-02-09T16:12:39","modified_gmt":"2026-02-09T16:12:39","slug":"familien-zipline-dolinka-tour","status":"publish","type":"page","link":"https:\/\/zipline-dolinka.si\/de\/tour\/familien-zipline-dolinka-tour\/","title":{"rendered":"Familien Zipline Dolinka Tour"},"content":{"rendered":"\n<p><\/p>\n\n\n\n<div id=\"wp-block-themeisle-blocks-advanced-columns-1b153f13\" class=\"wp-block-themeisle-blocks-advanced-columns has-2-columns has-desktop-equal-layout has-tablet-equal-layout has-mobile-collapsedRows-layout has-vertical-unset\"><div class=\"wp-block-themeisle-blocks-advanced-columns-overlay\"><\/div><div class=\"innerblocks-wrap\">\n<div id=\"wp-block-themeisle-blocks-advanced-column-5110ee37\" class=\"wp-block-themeisle-blocks-advanced-column\">\n\n\n\n<script>\nga(function (tracker) {\n \/\/ Gets the client ID of the default tracker.\n var clientId = tracker.get('clientId');\n\n\n \/\/ Gets the Checkfront iframe.\n var checkfrontIframe = document.getElementById('CHECKFRONT_WIDGET_01').getElementsByTagName('iframe')[0]; \n\n\n \/\/ Sends the client ID to the window inside the destination frame, once it's loaded.\n checkfrontIframe.addEventListener(\"load\", function () {\n this.contentWindow.postMessage(clientId, 'https:\/\/zipline-dolinka.checkfront.com');\n });\n});\n<\/script>\n<\/div>\n\n\n\n<div id=\"wp-block-themeisle-blocks-advanced-column-5c1dcf60\" class=\"wp-block-themeisle-blocks-advanced-column\">\n<p><strong><mark style=\"background-color:rgba(0, 0, 0, 0)\" class=\"has-inline-color has-neve-link-color-color\">Von 21.3.2026 bis 22.11.2026<\/mark><\/strong><br><br><mark style=\"background-color:rgba(0, 0, 0, 0)\" class=\"has-inline-color has-neve-link-color-color\"><strong>6 &#8211; 12 child, 13 &#8211; 17 teen, 18+ adult<\/strong><\/mark><\/p>\n\n\n\n<p>Entfesseln Sie Ihr famili\u00e4res Abenteuergef\u00fchl mit unserem <mark style=\"background-color:rgba(0, 0, 0, 0)\" class=\"has-inline-color has-neve-link-color-color\"><strong>Familien Zipline Dolinka Ticket<\/strong><\/mark>! Diese familienfreundliche Aktivit\u00e4t, die sowohl Kinder (ab 6 Jahren) als auch Erwachsene begeistert, bietet die perfekte Mischung aus Aufregung und Bindung. Einen Familienurlaub zu planen, der allen Altersgruppen gef\u00e4llt, kann eine Herausforderung sein, aber unser Zipline-Abenteuer \u00fcberbr\u00fcckt diese L\u00fccke m\u00fchelos. Stellen Sie sich vor, wie Sie wie ein Vogel durch den Himmel schweben und die Tierwelt in ihrem nat\u00fcrlichen alpinen Lebensraum erkunden \u2013 ein Erlebnis, das seinesgleichen sucht. Ob es Ihr erstes Zipline-Abenteuer als Familie ist oder Sie erfahrene Nervenkitzler sind, wir sind zuversichtlich, dass Sie die einzigartige, aufregende Reise lieben werden, die wir f\u00fcr Sie vorbereitet haben. Begegnen Sie vielf\u00e4ltiger Tierwelt, bewundern Sie den sch\u00f6nen Fluss und die B\u00e4ume und genie\u00dfen Sie den atemberaubenden Blick auf die nat\u00fcrliche Landschaft &#8211; es ist ein Adrenalinschub, den keine andere Aktivit\u00e4t bieten kann.<\/p>\n\n\n\n<p>Das Familienticket umfasst eine aufregende <mark style=\"background-color:rgba(0, 0, 0, 0)\" class=\"has-inline-color has-neve-link-color-color\"><strong>4 km<\/strong><\/mark> lange Reise auf sieben verschiedenen Ziplines, jede zwischen <mark style=\"background-color:rgba(0, 0, 0, 0)\" class=\"has-inline-color has-neve-link-color-color\"><strong>300 m und 700 m lang<\/strong><\/mark>. Sie werden interessante Wald- und Feldwege \u00fcberqueren, die einzelne Ziplines verbinden. Unterwegs machen wir mehrere Stopps, die faszinierende Einblicke in die lokale Flora und Fauna bieten und einen spektakul\u00e4ren Blick auf die Gipfel des Mt. <mark style=\"background-color:rgba(0, 0, 0, 0)\" class=\"has-inline-color has-neve-link-color-color\"><strong>Triglav, Stol und Babji Zob <\/strong><\/mark>erm\u00f6glichen. Machen Sie unvergessliche Erinnerungen und teilen Sie bleibende Geschichten mit unserer Familien Zipline Dolinka Tour. Erleben Sie einen Nervenkitzel, der die ganze Familie ansprechen wird und ein Abenteuer schafft, an das man sich ein Leben lang erinnern wird! <br><br><strong><mark style=\"background-color:rgba(0, 0, 0, 0)\" class=\"has-inline-color has-neve-link-color-color\">Anforderungen:<\/mark><\/strong><br>&#8211;&nbsp;<strong>Sportkleidung&nbsp;<\/strong>(bei K\u00e4lte: Jacke bis zur Taille, nicht unter H\u00fcfte oder Knie; kein Rock, T\u2011Shirt mit \u00c4rmeln, kein Croptop, keine Kleider)<br>&#8211;&nbsp;<strong>Sportschuhe<\/strong>&nbsp;(keine Flip\u2011Flops, keine Crocs o.\u00e4.)<br>&#8211;&nbsp;<strong>Lange Haare<\/strong>&nbsp;m\u00fcssen aus Sicherheitsgr\u00fcnden geflochten sein<\/p>\n<\/div>\n<\/div><\/div>\n","protected":false},"excerpt":{"rendered":"","protected":false},"author":1,"featured_media":0,"parent":2515,"menu_order":1,"comment_status":"closed","ping_status":"closed","template":"","meta":{"neve_meta_sidebar":"","neve_meta_container":"","neve_meta_enable_content_width":"","neve_meta_content_width":0,"neve_meta_title_alignment":"","neve_meta_author_avatar":"","neve_post_elements_order":"","neve_meta_disable_header":"","neve_meta_disable_footer":"","neve_meta_disable_title":"","_themeisle_gutenberg_block_has_review":false,"footnotes":""},"class_list":["post-3180","page","type-page","status-publish","hentry"],"yoast_head":"<!-- This site is optimized with the Yoast SEO plugin v27.0 - https:\/\/yoast.com\/product\/yoast-seo-wordpress\/ -->\n<title>Familien Zipline Dolinka Tour - Zipline Dolinka<\/title>\n<meta name=\"description\" content=\"Spa\u00df f\u00fcr Gro\u00df und Klein \u2013 7 Ziplines, 4 km, 2,5 Std. gef\u00fchrte Tour im Schutzgebiet von Bled. Jetzt Familienplatz sichern!\" \/>\n<meta name=\"robots\" content=\"index, follow, max-snippet:-1, max-image-preview:large, max-video-preview:-1\" \/>\n<link rel=\"canonical\" href=\"https:\/\/zipline-dolinka.si\/de\/tour\/familien-zipline-dolinka-tour\/\" \/>\n<meta property=\"og:locale\" content=\"de_DE\" \/>\n<meta property=\"og:type\" content=\"article\" \/>\n<meta property=\"og:title\" content=\"Familien Zipline Dolinka Tour - Zipline Dolinka\" \/>\n<meta property=\"og:description\" content=\"Spa\u00df f\u00fcr Gro\u00df und Klein \u2013 7 Ziplines, 4 km, 2,5 Std. gef\u00fchrte Tour im Schutzgebiet von Bled. Jetzt Familienplatz sichern!\" \/>\n<meta property=\"og:url\" content=\"https:\/\/zipline-dolinka.si\/de\/tour\/familien-zipline-dolinka-tour\/\" \/>\n<meta property=\"og:site_name\" content=\"Zipline Dolinka\" \/>\n<meta property=\"article:publisher\" content=\"https:\/\/www.facebook.com\/ZiplineDolinka\/\" \/>\n<meta property=\"article:modified_time\" content=\"2026-02-09T16:12:39+00:00\" \/>\n<meta name=\"twitter:card\" content=\"summary_large_image\" \/>\n<meta name=\"twitter:label1\" content=\"Gesch\u00e4tzte Lesezeit\" \/>\n\t<meta name=\"twitter:data1\" content=\"2\u00a0Minuten\" \/>\n<script type=\"application\/ld+json\" class=\"yoast-schema-graph\">{\"@context\":\"https:\/\/schema.org\",\"@graph\":[{\"@type\":\"WebPage\",\"@id\":\"https:\/\/zipline-dolinka.si\/de\/tour\/familien-zipline-dolinka-tour\/\",\"url\":\"https:\/\/zipline-dolinka.si\/de\/tour\/familien-zipline-dolinka-tour\/\",\"name\":\"Familien Zipline Dolinka Tour - Zipline Dolinka\",\"isPartOf\":{\"@id\":\"https:\/\/zipline-dolinka.si\/de\/#website\"},\"datePublished\":\"2022-06-15T18:45:14+00:00\",\"dateModified\":\"2026-02-09T16:12:39+00:00\",\"description\":\"Spa\u00df f\u00fcr Gro\u00df und Klein \u2013 7 Ziplines, 4 km, 2,5 Std. gef\u00fchrte Tour im Schutzgebiet von Bled. Jetzt Familienplatz sichern!\",\"breadcrumb\":{\"@id\":\"https:\/\/zipline-dolinka.si\/de\/tour\/familien-zipline-dolinka-tour\/#breadcrumb\"},\"inLanguage\":\"de\",\"potentialAction\":[{\"@type\":\"ReadAction\",\"target\":[\"https:\/\/zipline-dolinka.si\/de\/tour\/familien-zipline-dolinka-tour\/\"]}]},{\"@type\":\"BreadcrumbList\",\"@id\":\"https:\/\/zipline-dolinka.si\/de\/tour\/familien-zipline-dolinka-tour\/#breadcrumb\",\"itemListElement\":[{\"@type\":\"ListItem\",\"position\":1,\"name\":\"Startseite\",\"item\":\"https:\/\/zipline-dolinka.si\/de\/\"},{\"@type\":\"ListItem\",\"position\":2,\"name\":\"Zipline-Touren\",\"item\":\"https:\/\/zipline-dolinka.si\/de\/tour\/\"},{\"@type\":\"ListItem\",\"position\":3,\"name\":\"Familien Zipline Dolinka Tour\"}]},{\"@type\":\"WebSite\",\"@id\":\"https:\/\/zipline-dolinka.si\/de\/#website\",\"url\":\"https:\/\/zipline-dolinka.si\/de\/\",\"name\":\"Zipline Dolinka\",\"description\":\"The Longest Zipline in Europe\",\"publisher\":{\"@id\":\"https:\/\/zipline-dolinka.si\/de\/#organization\"},\"potentialAction\":[{\"@type\":\"SearchAction\",\"target\":{\"@type\":\"EntryPoint\",\"urlTemplate\":\"https:\/\/zipline-dolinka.si\/de\/?s={search_term_string}\"},\"query-input\":{\"@type\":\"PropertyValueSpecification\",\"valueRequired\":true,\"valueName\":\"search_term_string\"}}],\"inLanguage\":\"de\"},{\"@type\":\"Organization\",\"@id\":\"https:\/\/zipline-dolinka.si\/de\/#organization\",\"name\":\"Zipline Dolinka Bled\",\"url\":\"https:\/\/zipline-dolinka.si\/de\/\",\"logo\":{\"@type\":\"ImageObject\",\"inLanguage\":\"de\",\"@id\":\"https:\/\/zipline-dolinka.si\/de\/#\/schema\/logo\/image\/\",\"url\":\"https:\/\/zipline-dolinka.si\/wp-content\/uploads\/2022\/05\/cropped-ziplinedolonka-favicon.png\",\"contentUrl\":\"https:\/\/zipline-dolinka.si\/wp-content\/uploads\/2022\/05\/cropped-ziplinedolonka-favicon.png\",\"width\":512,\"height\":512,\"caption\":\"Zipline Dolinka Bled\"},\"image\":{\"@id\":\"https:\/\/zipline-dolinka.si\/de\/#\/schema\/logo\/image\/\"},\"sameAs\":[\"https:\/\/www.facebook.com\/ZiplineDolinka\/\",\"https:\/\/www.tripadvisor.com\/Attraction_Review-g274863-d14139627-Reviews-Zipline_Dolinka-Bled_Upper_Carniola_Region.html\"]}]}<\/script>\n<!-- \/ Yoast SEO plugin. -->","yoast_head_json":{"title":"Familien Zipline Dolinka Tour - Zipline Dolinka","description":"Spa\u00df f\u00fcr Gro\u00df und Klein \u2013 7 Ziplines, 4 km, 2,5 Std. gef\u00fchrte Tour im Schutzgebiet von Bled. Jetzt Familienplatz sichern!","robots":{"index":"index","follow":"follow","max-snippet":"max-snippet:-1","max-image-preview":"max-image-preview:large","max-video-preview":"max-video-preview:-1"},"canonical":"https:\/\/zipline-dolinka.si\/de\/tour\/familien-zipline-dolinka-tour\/","og_locale":"de_DE","og_type":"article","og_title":"Familien Zipline Dolinka Tour - Zipline Dolinka","og_description":"Spa\u00df f\u00fcr Gro\u00df und Klein \u2013 7 Ziplines, 4 km, 2,5 Std. gef\u00fchrte Tour im Schutzgebiet von Bled. Jetzt Familienplatz sichern!","og_url":"https:\/\/zipline-dolinka.si\/de\/tour\/familien-zipline-dolinka-tour\/","og_site_name":"Zipline Dolinka","article_publisher":"https:\/\/www.facebook.com\/ZiplineDolinka\/","article_modified_time":"2026-02-09T16:12:39+00:00","twitter_card":"summary_large_image","twitter_misc":{"Gesch\u00e4tzte Lesezeit":"2\u00a0Minuten"},"schema":{"@context":"https:\/\/schema.org","@graph":[{"@type":"WebPage","@id":"https:\/\/zipline-dolinka.si\/de\/tour\/familien-zipline-dolinka-tour\/","url":"https:\/\/zipline-dolinka.si\/de\/tour\/familien-zipline-dolinka-tour\/","name":"Familien Zipline Dolinka Tour - Zipline Dolinka","isPartOf":{"@id":"https:\/\/zipline-dolinka.si\/de\/#website"},"datePublished":"2022-06-15T18:45:14+00:00","dateModified":"2026-02-09T16:12:39+00:00","description":"Spa\u00df f\u00fcr Gro\u00df und Klein \u2013 7 Ziplines, 4 km, 2,5 Std. gef\u00fchrte Tour im Schutzgebiet von Bled. Jetzt Familienplatz sichern!","breadcrumb":{"@id":"https:\/\/zipline-dolinka.si\/de\/tour\/familien-zipline-dolinka-tour\/#breadcrumb"},"inLanguage":"de","potentialAction":[{"@type":"ReadAction","target":["https:\/\/zipline-dolinka.si\/de\/tour\/familien-zipline-dolinka-tour\/"]}]},{"@type":"BreadcrumbList","@id":"https:\/\/zipline-dolinka.si\/de\/tour\/familien-zipline-dolinka-tour\/#breadcrumb","itemListElement":[{"@type":"ListItem","position":1,"name":"Startseite","item":"https:\/\/zipline-dolinka.si\/de\/"},{"@type":"ListItem","position":2,"name":"Zipline-Touren","item":"https:\/\/zipline-dolinka.si\/de\/tour\/"},{"@type":"ListItem","position":3,"name":"Familien Zipline Dolinka Tour"}]},{"@type":"WebSite","@id":"https:\/\/zipline-dolinka.si\/de\/#website","url":"https:\/\/zipline-dolinka.si\/de\/","name":"Zipline Dolinka","description":"The Longest Zipline in Europe","publisher":{"@id":"https:\/\/zipline-dolinka.si\/de\/#organization"},"potentialAction":[{"@type":"SearchAction","target":{"@type":"EntryPoint","urlTemplate":"https:\/\/zipline-dolinka.si\/de\/?s={search_term_string}"},"query-input":{"@type":"PropertyValueSpecification","valueRequired":true,"valueName":"search_term_string"}}],"inLanguage":"de"},{"@type":"Organization","@id":"https:\/\/zipline-dolinka.si\/de\/#organization","name":"Zipline Dolinka Bled","url":"https:\/\/zipline-dolinka.si\/de\/","logo":{"@type":"ImageObject","inLanguage":"de","@id":"https:\/\/zipline-dolinka.si\/de\/#\/schema\/logo\/image\/","url":"https:\/\/zipline-dolinka.si\/wp-content\/uploads\/2022\/05\/cropped-ziplinedolonka-favicon.png","contentUrl":"https:\/\/zipline-dolinka.si\/wp-content\/uploads\/2022\/05\/cropped-ziplinedolonka-favicon.png","width":512,"height":512,"caption":"Zipline Dolinka Bled"},"image":{"@id":"https:\/\/zipline-dolinka.si\/de\/#\/schema\/logo\/image\/"},"sameAs":["https:\/\/www.facebook.com\/ZiplineDolinka\/","https:\/\/www.tripadvisor.com\/Attraction_Review-g274863-d14139627-Reviews-Zipline_Dolinka-Bled_Upper_Carniola_Region.html"]}]}},"_links":{"self":[{"href":"https:\/\/zipline-dolinka.si\/de\/wp-json\/wp\/v2\/pages\/3180","targetHints":{"allow":["GET"]}}],"collection":[{"href":"https:\/\/zipline-dolinka.si\/de\/wp-json\/wp\/v2\/pages"}],"about":[{"href":"https:\/\/zipline-dolinka.si\/de\/wp-json\/wp\/v2\/types\/page"}],"author":[{"embeddable":true,"href":"https:\/\/zipline-dolinka.si\/de\/wp-json\/wp\/v2\/users\/1"}],"replies":[{"embeddable":true,"href":"https:\/\/zipline-dolinka.si\/de\/wp-json\/wp\/v2\/comments?post=3180"}],"version-history":[{"count":3,"href":"https:\/\/zipline-dolinka.si\/de\/wp-json\/wp\/v2\/pages\/3180\/revisions"}],"predecessor-version":[{"id":6006,"href":"https:\/\/zipline-dolinka.si\/de\/wp-json\/wp\/v2\/pages\/3180\/revisions\/6006"}],"up":[{"embeddable":true,"href":"https:\/\/zipline-dolinka.si\/de\/wp-json\/wp\/v2\/pages\/2515"}],"wp:attachment":[{"href":"https:\/\/zipline-dolinka.si\/de\/wp-json\/wp\/v2\/media?parent=3180"}],"curies":[{"name":"wp","href":"https:\/\/api.w.org\/{rel}","templated":true}]}}