{"id":2560,"date":"2022-05-27T09:43:26","date_gmt":"2022-05-27T09:43:26","guid":{"rendered":"https:\/\/zipline-dolinka.si\/?page_id=2560"},"modified":"2025-06-07T09:23:46","modified_gmt":"2025-06-07T09:23:46","slug":"cookies","status":"publish","type":"page","link":"https:\/\/zipline-dolinka.si\/de\/cookies\/","title":{"rendered":"Cookies"},"content":{"rendered":"\n<h2 class=\"wp-block-heading\">Was sind Cookies?&nbsp;<\/h2>\n\n\n\n<p>Cookies sind kleine Textdateien auf Ihrem Computer, die verwendet werden, um Informationen dar\u00fcber zu speichern, wie oft Sie unsere Website besucht haben und wof\u00fcr Sie sich w\u00e4hrend dieser Besuche interessiert haben. Cookies enthalten keine pers\u00f6nlichen Informationen, die zur Identifizierung Ihrer Person verwendet werden k\u00f6nnten.<\/p>\n\n\n\n<h2 class=\"wp-block-heading\">Warum sind Cookies notwendig?<\/h2>\n\n\n\n<p>Cookies helfen uns, eine bessere Benutzererfahrung auf unserer Website bereitzustellen.<\/p>\n\n\n\n<p>Zum Beispiel k\u00f6nnen Cookies Ihre Einstellungen und Eingaben in Online-Formularen speichern sowie Informationen f\u00fcr registrierte Benutzer.&nbsp;<\/p>\n\n\n\n<p>Die grundlegenden Funktionen des E-Commerce w\u00e4ren ohne Cookies nicht m\u00f6glich. Konkret verwenden Online-Shops Cookies, um Produkte im Warenkorb, favorisierte Produkte, andere Informationen zu Eink\u00e4ufen usw. zu speichern.&nbsp;<\/p>\n\n\n\n<p>Cookies erm\u00f6glichen es uns, Website-Statistiken aufzuzeichnen, die uns wiederum dabei helfen, Fehler zu entdecken und zu beheben sowie bei Ihren zuk\u00fcnftigen Besuchen auf unserer Website bessere Inhalte oder einen passenderen Service anzubieten.&nbsp;<\/p>\n\n\n\n<p>Durch Cookies k\u00f6nnen Ihnen Werbepartner relevante Werbung anzeigen. Einige Cookies sind f\u00fcr den reibungslosen Betrieb der Website unerl\u00e4sslich, w\u00e4hrend andere nur mit Ihrer Zustimmung gespeichert werden k\u00f6nnen.<\/p>\n\n\n\n<h2 class=\"wp-block-heading\">Liste der Cookies<\/h2>\n\n\n\n<h2 class=\"wp-block-heading\">Deaktivierung Cookies<\/h2>\n\n\n\n<figure class=\"wp-block-table\"><table><thead><tr><th>Cookie-Name<\/th><th>Zweck<\/th><th>Dauer<\/th><th>Ursprung<\/th><\/tr><\/thead><tbody><tr><td>_ga<\/td><td>Statistiken \u00fcber Website-Ansichten&nbsp;<\/td><td>2 Jahre<\/td><td>Google Analytics<\/td><\/tr><tr><td>_ga_xxx<br><br><\/td><td>Statistiken \u00fcber Website-Ansichten&nbsp;<\/td><td>30 Minuten<\/td><td>Google Analytics<\/td><\/tr><tr><td>_gat<\/td><td>Statistiken \u00fcber Website-Ansichten&nbsp;<\/td><td>Bis zum Schlie\u00dfen des Browsers&nbsp;<\/td><td>Google Analytics<\/td><\/tr><tr><td>_gid<\/td><td>Statistiken \u00fcber Website-Ansichten&nbsp;<\/td><td>6 Monate&nbsp;<\/td><td>Google Analytics<\/td><\/tr><tr><td>TawkConnectionTime,<br>twk_idm_key,<br>PH_HPXY_CHECK,<br>wp-wpml_current_language,<br>soundestID<\/td><td>Funktionale cookie<\/td><td>Bis zum Schlie\u00dfen des Browsers\u00a0<\/td><td>WordPress<\/td><\/tr><\/tbody><\/table><\/figure>\n\n\n\n<p>Die meisten Webbrowser akzeptieren Cookies automatisch. Sie k\u00f6nnen Cookies jederzeit deaktivieren, indem Sie Ihre Browsereinstellungen \u00e4ndern. Informationen zu den Cookie-Einstellungen in den jeweiligen Browsern finden Sie unter den folgenden Links:&nbsp;<\/p>\n\n\n\n<ul class=\"wp-block-list\">\n<li><a href=\"https:\/\/support.google.com\/chrome\/answer\/95647?hl=en&amp;p=cpn_cookies\" target=\"_blank\" rel=\"noreferrer noopener\">Chrome<\/a><\/li>\n\n\n\n<li><a href=\"http:\/\/support.mozilla.org\/en-US\/kb\/enable-and-disable-cookies-website-preferences\" target=\"_blank\" rel=\"noreferrer noopener\">Firefox<\/a><\/li>\n\n\n\n<li><a href=\"http:\/\/windows.microsoft.com\/en-us\/windows-vista\/block-or-allow-cookies\" target=\"_blank\" rel=\"noreferrer noopener\">Internet Explorer<\/a><\/li>\n\n\n\n<li><a href=\"http:\/\/www.opera.com\/help\/tutorials\/security\/privacy\/\" target=\"_blank\" rel=\"noreferrer noopener\">Opera<\/a><\/li>\n\n\n\n<li><a href=\"http:\/\/www.apple.com\/support\/safari\/\" target=\"_blank\" rel=\"noreferrer noopener\">Safari<\/a><\/li>\n<\/ul>\n\n\n\n<p>Das Deaktivieren von Cookies verhindert, dass die Website optimal funktioniert oder einige ihrer Funktionen deaktiviert werden. Auch wenn alle Cookies deaktiviert sind, erh\u00e4lt Ihr Browser dennoch bestimmte Informationen, die f\u00fcr den grundlegenden Betrieb unserer Website erforderlich sind.<\/p>\n","protected":false},"excerpt":{"rendered":"<p>Was sind Cookies?&nbsp; Cookies sind kleine Textdateien auf Ihrem Computer, die verwendet werden, um Informationen dar\u00fcber zu speichern, wie oft Sie unsere Website besucht haben und wof\u00fcr Sie sich w\u00e4hrend dieser Besuche interessiert haben. Cookies enthalten keine pers\u00f6nlichen Informationen, die zur Identifizierung Ihrer Person verwendet werden k\u00f6nnten. Warum sind Cookies notwendig? Cookies helfen uns, eine&hellip;&nbsp;<a href=\"https:\/\/zipline-dolinka.si\/de\/cookies\/\" rel=\"bookmark\">Weiterlesen &raquo;<span class=\"screen-reader-text\">Cookies<\/span><\/a><\/p>\n","protected":false},"author":2,"featured_media":0,"parent":0,"menu_order":11,"comment_status":"closed","ping_status":"open","template":"","meta":{"neve_meta_sidebar":"","neve_meta_container":"","neve_meta_enable_content_width":"","neve_meta_content_width":0,"neve_meta_title_alignment":"","neve_meta_author_avatar":"","neve_post_elements_order":"","neve_meta_disable_header":"","neve_meta_disable_footer":"","neve_meta_disable_title":"","_themeisle_gutenberg_block_has_review":false,"footnotes":""},"class_list":["post-2560","page","type-page","status-publish","hentry"],"yoast_head":"<!-- This site is optimized with the Yoast SEO plugin v27.0 - https:\/\/yoast.com\/product\/yoast-seo-wordpress\/ -->\n<title>Cookies - Zipline Dolinka<\/title>\n<meta name=\"robots\" content=\"index, follow, max-snippet:-1, max-image-preview:large, max-video-preview:-1\" \/>\n<link rel=\"canonical\" href=\"https:\/\/zipline-dolinka.si\/de\/cookies\/\" \/>\n<meta property=\"og:locale\" content=\"de_DE\" \/>\n<meta property=\"og:type\" content=\"article\" \/>\n<meta property=\"og:title\" content=\"Cookies - Zipline Dolinka\" \/>\n<meta property=\"og:description\" content=\"Was sind Cookies?&nbsp; Cookies sind kleine Textdateien auf Ihrem Computer, die verwendet werden, um Informationen dar\u00fcber zu speichern, wie oft Sie unsere Website besucht haben und wof\u00fcr Sie sich w\u00e4hrend dieser Besuche interessiert haben. Cookies enthalten keine pers\u00f6nlichen Informationen, die zur Identifizierung Ihrer Person verwendet werden k\u00f6nnten. Warum sind Cookies notwendig? Cookies helfen uns, eine&hellip;&nbsp;Weiterlesen &raquo;Cookies\" \/>\n<meta property=\"og:url\" content=\"https:\/\/zipline-dolinka.si\/de\/cookies\/\" \/>\n<meta property=\"og:site_name\" content=\"Zipline Dolinka\" \/>\n<meta property=\"article:publisher\" content=\"https:\/\/www.facebook.com\/ZiplineDolinka\/\" \/>\n<meta property=\"article:modified_time\" content=\"2025-06-07T09:23:46+00:00\" \/>\n<meta name=\"twitter:card\" content=\"summary_large_image\" \/>\n<meta name=\"twitter:label1\" content=\"Gesch\u00e4tzte Lesezeit\" \/>\n\t<meta name=\"twitter:data1\" content=\"2\u00a0Minuten\" \/>\n<script type=\"application\/ld+json\" class=\"yoast-schema-graph\">{\"@context\":\"https:\/\/schema.org\",\"@graph\":[{\"@type\":\"WebPage\",\"@id\":\"https:\/\/zipline-dolinka.si\/de\/cookies\/\",\"url\":\"https:\/\/zipline-dolinka.si\/de\/cookies\/\",\"name\":\"Cookies - Zipline Dolinka\",\"isPartOf\":{\"@id\":\"https:\/\/zipline-dolinka.si\/de\/#website\"},\"datePublished\":\"2022-05-27T09:43:26+00:00\",\"dateModified\":\"2025-06-07T09:23:46+00:00\",\"breadcrumb\":{\"@id\":\"https:\/\/zipline-dolinka.si\/de\/cookies\/#breadcrumb\"},\"inLanguage\":\"de\",\"potentialAction\":[{\"@type\":\"ReadAction\",\"target\":[\"https:\/\/zipline-dolinka.si\/de\/cookies\/\"]}]},{\"@type\":\"BreadcrumbList\",\"@id\":\"https:\/\/zipline-dolinka.si\/de\/cookies\/#breadcrumb\",\"itemListElement\":[{\"@type\":\"ListItem\",\"position\":1,\"name\":\"Startseite\",\"item\":\"https:\/\/zipline-dolinka.si\/de\/\"},{\"@type\":\"ListItem\",\"position\":2,\"name\":\"Cookies\"}]},{\"@type\":\"WebSite\",\"@id\":\"https:\/\/zipline-dolinka.si\/de\/#website\",\"url\":\"https:\/\/zipline-dolinka.si\/de\/\",\"name\":\"Zipline Dolinka\",\"description\":\"The Longest Zipline in Europe\",\"publisher\":{\"@id\":\"https:\/\/zipline-dolinka.si\/de\/#organization\"},\"potentialAction\":[{\"@type\":\"SearchAction\",\"target\":{\"@type\":\"EntryPoint\",\"urlTemplate\":\"https:\/\/zipline-dolinka.si\/de\/?s={search_term_string}\"},\"query-input\":{\"@type\":\"PropertyValueSpecification\",\"valueRequired\":true,\"valueName\":\"search_term_string\"}}],\"inLanguage\":\"de\"},{\"@type\":\"Organization\",\"@id\":\"https:\/\/zipline-dolinka.si\/de\/#organization\",\"name\":\"Zipline Dolinka Bled\",\"url\":\"https:\/\/zipline-dolinka.si\/de\/\",\"logo\":{\"@type\":\"ImageObject\",\"inLanguage\":\"de\",\"@id\":\"https:\/\/zipline-dolinka.si\/de\/#\/schema\/logo\/image\/\",\"url\":\"https:\/\/zipline-dolinka.si\/wp-content\/uploads\/2022\/05\/cropped-ziplinedolonka-favicon.png\",\"contentUrl\":\"https:\/\/zipline-dolinka.si\/wp-content\/uploads\/2022\/05\/cropped-ziplinedolonka-favicon.png\",\"width\":512,\"height\":512,\"caption\":\"Zipline Dolinka Bled\"},\"image\":{\"@id\":\"https:\/\/zipline-dolinka.si\/de\/#\/schema\/logo\/image\/\"},\"sameAs\":[\"https:\/\/www.facebook.com\/ZiplineDolinka\/\",\"https:\/\/www.tripadvisor.com\/Attraction_Review-g274863-d14139627-Reviews-Zipline_Dolinka-Bled_Upper_Carniola_Region.html\"]}]}<\/script>\n<!-- \/ Yoast SEO plugin. -->","yoast_head_json":{"title":"Cookies - Zipline Dolinka","robots":{"index":"index","follow":"follow","max-snippet":"max-snippet:-1","max-image-preview":"max-image-preview:large","max-video-preview":"max-video-preview:-1"},"canonical":"https:\/\/zipline-dolinka.si\/de\/cookies\/","og_locale":"de_DE","og_type":"article","og_title":"Cookies - Zipline Dolinka","og_description":"Was sind Cookies?&nbsp; Cookies sind kleine Textdateien auf Ihrem Computer, die verwendet werden, um Informationen dar\u00fcber zu speichern, wie oft Sie unsere Website besucht haben und wof\u00fcr Sie sich w\u00e4hrend dieser Besuche interessiert haben. Cookies enthalten keine pers\u00f6nlichen Informationen, die zur Identifizierung Ihrer Person verwendet werden k\u00f6nnten. Warum sind Cookies notwendig? Cookies helfen uns, eine&hellip;&nbsp;Weiterlesen &raquo;Cookies","og_url":"https:\/\/zipline-dolinka.si\/de\/cookies\/","og_site_name":"Zipline Dolinka","article_publisher":"https:\/\/www.facebook.com\/ZiplineDolinka\/","article_modified_time":"2025-06-07T09:23:46+00:00","twitter_card":"summary_large_image","twitter_misc":{"Gesch\u00e4tzte Lesezeit":"2\u00a0Minuten"},"schema":{"@context":"https:\/\/schema.org","@graph":[{"@type":"WebPage","@id":"https:\/\/zipline-dolinka.si\/de\/cookies\/","url":"https:\/\/zipline-dolinka.si\/de\/cookies\/","name":"Cookies - Zipline Dolinka","isPartOf":{"@id":"https:\/\/zipline-dolinka.si\/de\/#website"},"datePublished":"2022-05-27T09:43:26+00:00","dateModified":"2025-06-07T09:23:46+00:00","breadcrumb":{"@id":"https:\/\/zipline-dolinka.si\/de\/cookies\/#breadcrumb"},"inLanguage":"de","potentialAction":[{"@type":"ReadAction","target":["https:\/\/zipline-dolinka.si\/de\/cookies\/"]}]},{"@type":"BreadcrumbList","@id":"https:\/\/zipline-dolinka.si\/de\/cookies\/#breadcrumb","itemListElement":[{"@type":"ListItem","position":1,"name":"Startseite","item":"https:\/\/zipline-dolinka.si\/de\/"},{"@type":"ListItem","position":2,"name":"Cookies"}]},{"@type":"WebSite","@id":"https:\/\/zipline-dolinka.si\/de\/#website","url":"https:\/\/zipline-dolinka.si\/de\/","name":"Zipline Dolinka","description":"The Longest Zipline in Europe","publisher":{"@id":"https:\/\/zipline-dolinka.si\/de\/#organization"},"potentialAction":[{"@type":"SearchAction","target":{"@type":"EntryPoint","urlTemplate":"https:\/\/zipline-dolinka.si\/de\/?s={search_term_string}"},"query-input":{"@type":"PropertyValueSpecification","valueRequired":true,"valueName":"search_term_string"}}],"inLanguage":"de"},{"@type":"Organization","@id":"https:\/\/zipline-dolinka.si\/de\/#organization","name":"Zipline Dolinka Bled","url":"https:\/\/zipline-dolinka.si\/de\/","logo":{"@type":"ImageObject","inLanguage":"de","@id":"https:\/\/zipline-dolinka.si\/de\/#\/schema\/logo\/image\/","url":"https:\/\/zipline-dolinka.si\/wp-content\/uploads\/2022\/05\/cropped-ziplinedolonka-favicon.png","contentUrl":"https:\/\/zipline-dolinka.si\/wp-content\/uploads\/2022\/05\/cropped-ziplinedolonka-favicon.png","width":512,"height":512,"caption":"Zipline Dolinka Bled"},"image":{"@id":"https:\/\/zipline-dolinka.si\/de\/#\/schema\/logo\/image\/"},"sameAs":["https:\/\/www.facebook.com\/ZiplineDolinka\/","https:\/\/www.tripadvisor.com\/Attraction_Review-g274863-d14139627-Reviews-Zipline_Dolinka-Bled_Upper_Carniola_Region.html"]}]}},"_links":{"self":[{"href":"https:\/\/zipline-dolinka.si\/de\/wp-json\/wp\/v2\/pages\/2560","targetHints":{"allow":["GET"]}}],"collection":[{"href":"https:\/\/zipline-dolinka.si\/de\/wp-json\/wp\/v2\/pages"}],"about":[{"href":"https:\/\/zipline-dolinka.si\/de\/wp-json\/wp\/v2\/types\/page"}],"author":[{"embeddable":true,"href":"https:\/\/zipline-dolinka.si\/de\/wp-json\/wp\/v2\/users\/2"}],"replies":[{"embeddable":true,"href":"https:\/\/zipline-dolinka.si\/de\/wp-json\/wp\/v2\/comments?post=2560"}],"version-history":[{"count":1,"href":"https:\/\/zipline-dolinka.si\/de\/wp-json\/wp\/v2\/pages\/2560\/revisions"}],"predecessor-version":[{"id":5746,"href":"https:\/\/zipline-dolinka.si\/de\/wp-json\/wp\/v2\/pages\/2560\/revisions\/5746"}],"wp:attachment":[{"href":"https:\/\/zipline-dolinka.si\/de\/wp-json\/wp\/v2\/media?parent=2560"}],"curies":[{"name":"wp","href":"https:\/\/api.w.org\/{rel}","templated":true}]}}