{"id":2545,"date":"2022-06-15T18:27:14","date_gmt":"2022-06-15T18:27:14","guid":{"rendered":"https:\/\/zipline-dolinka.si\/?page_id=2545"},"modified":"2026-01-29T11:42:59","modified_gmt":"2026-01-29T11:42:59","slug":"faq","status":"publish","type":"page","link":"https:\/\/zipline-dolinka.si\/de\/faq\/","title":{"rendered":"FAQ"},"content":{"rendered":"\n<div id=\"wp-block-themeisle-blocks-accordion-a4f23050\" class=\"wp-block-themeisle-blocks-accordion exclusive is-wider-gap has-light-content-bg\">\n<details class=\"wp-block-themeisle-blocks-accordion-item\"><summary class=\"wp-block-themeisle-blocks-accordion-item__title\"><div>Wo ist der Treffpunkt f\u00fcr die Teilnehmer von Zipline Dolinka?<\/div><\/summary><div class=\"wp-block-themeisle-blocks-accordion-item__content\">\n<p><strong>Der Treffpunkt <\/strong>befindet sich in<strong> der N\u00e4he des Hauptbusbahnhofs<\/strong> in Bled, unter der Adresse<a href=\"https:\/\/www.google.com\/maps\/place\/Zipline+Dolinka+Bled\/@46.3709209,14.1052506,881m\/data=!3m1!1e3!4m14!1m7!3m6!1s0x477a91c52a77f053:0x96038353209dd853!2sZipline+Dolinka+Bled!8m2!3d46.3709209!4d14.1078255!16s%2Fg%2F11gjz2gjpl!3m5!1s0x477a91c52a77f053:0x96038353209dd853!8m2!3d46.3709209!4d14.1078255!16s%2Fg%2F11gjz2gjpl?entry=ttu&amp;g_ep=EgoyMDI2MDEyNi4wIKXMDSoASAFQAw%3D%3D\"> &#8222;Cesta svobode 1, 4260 Bled&#8220;<\/a>. Die Teilnehmer m\u00fcssen sich mindestens<strong><mark style=\"background-color:rgba(0, 0, 0, 0)\" class=\"has-inline-color has-neve-link-color-color\"> 15 Minuten<\/mark><\/strong> vor der geplanten Abfahrtszeit am Treffpunkt einfinden. Parkpl\u00e4tze f\u00fcr die Teilnehmer sind nicht vorhanden.<\/p>\n<\/div><\/details>\n\n\n\n<details class=\"wp-block-themeisle-blocks-accordion-item\"><summary class=\"wp-block-themeisle-blocks-accordion-item__title\"><div>\u00a0Wo kann man parken?<\/div><\/summary><div class=\"wp-block-themeisle-blocks-accordion-item__content\">\n<p>Es kann besonders schwierig sein, einen kostenlosen Parkplatz in Bled zu finden, insbesondere w\u00e4hrend der Sommermonate. Deshalb empfehlen wir Ihnen, fr\u00fch genug von Ihrem Zuhause loszufahren und Ihr Auto auf einem der etwa 10 Gehminuten entfernten Parkpl\u00e4tze abzustellen.<\/p>\n\n\n\n<ol class=\"wp-block-list\">\n<li>Parkplatz neben der Grundschule: P15 &#8211; Osnovna \u0161ola, Adresse: <a href=\"https:\/\/www.google.com\/maps\/place\/Parkiri\u0161\u010de+Seli\u0161e+2\/@46.3735925,14.1050722,881m\/data=!3m2!1e3!4b1!4m6!3m5!1s0x477a912b70f79e61:0x51686c9256ab5758!8m2!3d46.3735925!4d14.1076471!16s%2Fg%2F11cn3hfyqd?entry=ttu&amp;g_ep=EgoyMDI2MDEyNi4wIKXMDSoASAFQAw%3D%3D\">Parkiri\u0161\u010de Seli\u0161e 2<\/a><\/li>\n\n\n\n<li>Parkplatz bei Infrastruktura: P11 &#8211; Blejski grad, Adresse: <a href=\"https:\/\/www.google.com\/maps\/place\/Re\u010di\u0161ka+cesta+2,+4260+Bled\/@46.3730491,14.0984056,881m\/data=!3m2!1e3!4b1!4m6!3m5!1s0x477a912edab05191:0x3f7715697057683b!8m2!3d46.3730491!4d14.1009805!16s%2Fg%2F11c4x_xvzc?entry=ttu&amp;g_ep=EgoyMDI2MDEyNi4wIKXMDSoASAFQAw%3D%3D\">Re\u010di\u0161ka cesta 2<\/a><\/li>\n\n\n\n<li>Parkplatz neben der Eishalle: P04 &#8211; Ledena dvorana, Adresse: <a href=\"https:\/\/www.google.com\/maps\/place\/Ljubljanska+cesta+5,+4260+Bled\/@46.368334,14.1085446,881m\/data=!3m2!1e3!4b1!4m6!3m5!1s0x477a96d2625a7e0b:0x66532bd1d207c874!8m2!3d46.368334!4d14.1111195!16s%2Fg%2F11c5q9ymcq?entry=ttu&amp;g_ep=EgoyMDI2MDEyNi4wIKXMDSoASAFQAw%3D%3D\">Ljubljanska cesta 5<\/a><\/li>\n\n\n\n<li>Parkplatz Bled, Adresse: <a href=\"https:\/\/www.google.com\/maps\/place\/Pre\u0161ernova+cesta+23,+4260+Bled\/@46.3697047,14.107307,881m\/data=!3m2!1e3!4b1!4m6!3m5!1s0x477a96d2dd0819f9:0x34c64058aba8c6d5!8m2!3d46.3697047!4d14.1098819!16s%2Fg%2F11c4r2r6nv?entry=ttu&amp;g_ep=EgoyMDI2MDEyNi4wIKXMDSoASAFQAw%3D%3D\">Pre\u0161ernova cesta 23<\/a><\/li>\n<\/ol>\n\n\n\n<p><strong>Alle <\/strong>Parkpl\u00e4tze in Bled sind <strong>kostenpflichtig.<\/strong><\/p>\n<\/div><\/details>\n\n\n\n<details class=\"wp-block-themeisle-blocks-accordion-item\"><summary class=\"wp-block-themeisle-blocks-accordion-item__title\"><div>Was ist in der Tour enthalten?<\/div><\/summary><div class=\"wp-block-themeisle-blocks-accordion-item__content\">\n<p>Bei <strong><mark style=\"background-color:rgba(0, 0, 0, 0)\" class=\"has-inline-color has-neve-link-color-color\">Zipline Dolinka<\/mark><\/strong> ist es unser Ziel, Ihnen ein aufregendes, aber sicheres Erlebnis zu bieten. Das Tour-Paket beinhaltet Transfers von unserem festgelegten Treffpunkt zum <strong>Zipline-Startpunkt und zur\u00fcck.<\/strong> Wir stellen die gesamte notwendige Sicherheitsausr\u00fcstung zur Verf\u00fcgung, einschlie\u00dflich eines Helms, eines Sicherheitsgurtes, einer Seilrolle und Schutzhandschuhen. Diese Ausr\u00fcstung erhalten Sie in <strong>unserem B\u00fcro<\/strong>, das sich am <strong>Treffpunkt befindet.<\/strong><\/p>\n\n\n\n<p><strong>Wir garantieren<\/strong> h\u00f6chste Sicherheitsstandards, indem wir Schutzausr\u00fcstung von <strong><mark style=\"background-color:rgba(0, 0, 0, 0)\" class=\"has-inline-color has-neve-link-color-color\">PETZL <\/mark><\/strong>verwenden, einem renommierten Hersteller in der Branche f\u00fcr Outdoor-Sicherheitsausr\u00fcstung. Alle von uns bereitgestellten Ausr\u00fcstungen sind nach europ\u00e4ischen Sicherheitsstandards zertifiziert, um Ihnen ein sicheres und angenehmes Zipline-Abenteuer zu gew\u00e4hrleisten. Ihre Sicherheit ist unsere h\u00f6chste Priorit\u00e4t und wir haben alle Ma\u00dfnahmen getroffen, um ein sicheres Erlebnis zu garantieren.<\/p>\n<\/div><\/details>\n\n\n\n<details class=\"wp-block-themeisle-blocks-accordion-item\"><summary class=\"wp-block-themeisle-blocks-accordion-item__title\"><div>Was muss ich mitbringen?<\/div><\/summary><div class=\"wp-block-themeisle-blocks-accordion-item__content\">\n<p><strong>F\u00fcr Ihre Sicherheit <\/strong>und <strong>Ihren Komfort<\/strong> w\u00e4hrend <strong><mark style=\"background-color:rgba(0, 0, 0, 0)\" class=\"has-inline-color has-neve-link-color-color\">des Zipline Dolinka<\/mark><\/strong>-Erlebnisses ist es wichtig, <strong>die richtige Ausr\u00fcstung<\/strong> dabei zu haben. Bitte stellen Sie sicher, dass Sie entweder Wanderschuhe oder robuste Sportschuhe tragen. Leider k\u00f6nnen wir aus Sicherheitsgr\u00fcnden keine Flip-Flops oder Sandalen zulassen. Wir empfehlen Kleidung, die dem Wetter des Tages entspricht und in der Sie sich bequem bewegen k\u00f6nnen, <strong>typischerweise sportliche oder Outdoor-Bekleidung.<\/strong> Es ist auch <strong>vorteilhaft<\/strong>, einen <strong>Rucksack<\/strong> mit einer <strong><mark style=\"background-color:rgba(0, 0, 0, 0)\" class=\"has-inline-color has-neve-link-color-color\">Wasserflasche mitzubringen<\/mark><\/strong>, um w\u00e4hrend der<strong> Aktivit\u00e4t hydratisiert zu bleiben<\/strong>. Denken Sie daran, Ihr Komfort und Ihre Sicherheit sind uns sehr wichtig, und diese Richtlinien tragen dazu bei, ein positives, aufregendes Abenteuer zu gew\u00e4hrleisten.<\/p>\n<\/div><\/details>\n\n\n\n<details class=\"wp-block-themeisle-blocks-accordion-item\"><summary class=\"wp-block-themeisle-blocks-accordion-item__title\"><div>Wie lange dauert der Zipline Dolinka Ausflug?<\/div><\/summary><div class=\"wp-block-themeisle-blocks-accordion-item__content\">\n<p>Rechnen Sie damit, <strong>zwischen 2 bis 3 Stunden<\/strong> f\u00fcr das gesamte <strong><mark style=\"background-color:rgba(0, 0, 0, 0)\" class=\"has-inline-color has-neve-link-color-color\">Zipline Dolinka<\/mark><\/strong> Abenteuer einzuplanen. Die Dauer kann je nach Gruppengr\u00f6\u00dfe und Tempo variieren. Seien Sie versichert, unser Ziel ist es, ein angenehmes, unvergessliches Erlebnis ohne unn\u00f6tige Eile zu bieten. Wir sind hier, um die Sch\u00f6nheit der Natur zu genie\u00dfen und die Begeisterung des Ziplinings zu teilen, in einem Tempo, das f\u00fcr alle in der Gruppe passt.<\/p>\n<\/div><\/details>\n\n\n\n<details class=\"wp-block-themeisle-blocks-accordion-item\"><summary class=\"wp-block-themeisle-blocks-accordion-item__title\"><div>Findet die Zipline Dolinka Tour bei jedem Wetter statt?<\/div><\/summary><div class=\"wp-block-themeisle-blocks-accordion-item__content\">\n<p><strong><mark style=\"background-color:rgba(0, 0, 0, 0)\" class=\"has-inline-color has-neve-link-color-color\">Zipline Dolinka<\/mark><\/strong> ist eine <strong>Outdoor-Aktivit\u00e4t<\/strong> und das Wetter kann das Erlebnis erheblich beeinflussen. Wir empfehlen den Teilnehmern, sich dem Wetter entsprechend angemessen zu kleiden, passende, bequeme Kleidung und Schuhe zu w\u00e4hlen. Bei schweren Wetterbedingungen, wie St\u00fcrmen, m\u00fcssen wir aus Sicherheitsgr\u00fcnden m\u00f6glicherweise den Zipline-Ausflug verschieben oder absagen In solchen <strong>F\u00e4llen sorgen wir <\/strong>immer f\u00fcr eine <strong>klare Kommunikation mit unseren G\u00e4sten<\/strong>. Wenn eine Tour aufgrund extremer Wetterbedingungen abgesagt wird, bieten wir Ihnen die M\u00f6glichkeit, umzubuchen oder eine vollst\u00e4ndige R\u00fcckerstattung zu erhalten. Ihre Sicherheit hat f\u00fcr uns immer oberste Priorit\u00e4t, und wir sch\u00e4tzen Ihr Verst\u00e4ndnis in diesen Angelegenheiten.<\/p>\n<\/div><\/details>\n\n\n\n<details class=\"wp-block-themeisle-blocks-accordion-item\"><summary class=\"wp-block-themeisle-blocks-accordion-item__title\"><div>Welche Gesundheitsanforderungen muss ich erf\u00fcllen, um an der Zipline Dolinka Tour teilnehmen zu k\u00f6nnen?\u00a0<\/div><\/summary><div class=\"wp-block-themeisle-blocks-accordion-item__content\">\n<p><strong>Ihre Sicherheit <\/strong>und <strong>Ihr Wohlbefinden <\/strong>sind uns bei <strong><mark style=\"background-color:rgba(0, 0, 0, 0)\" class=\"has-inline-color has-neve-link-color-color\">Zipline Dolinka<\/mark><\/strong> von gr\u00f6\u00dfter Bedeutung. Daher empfehlen wir den folgenden Personen, nicht an einer Zipline-Tour teilzunehmen:<\/p>\n\n\n\n<ol class=\"wp-block-list\">\n<li><strong>Schwangere Frauen<\/strong>: Ziplining kann pl\u00f6tzliche Bewegungen und Rucke beinhalten, die f\u00fcr Schwangere nicht geeignet sein k\u00f6nnten.<\/li>\n\n\n\n<li><strong>Personen mit Herzproblemen<\/strong>: Die Aktivit\u00e4t kann k\u00f6rperlich anstrengend sein und kann einen erh\u00f6hten Herzschlag verursachen.<\/li>\n\n\n\n<li><strong>Personen mit Wirbels\u00e4ulen-, Schulter- oder Gliedma\u00dfenverletzungen:<\/strong> Ziplining erfordert einen guten Grad an k\u00f6rperlicher Fitness und kann diese Bereiche belasten.<\/li>\n\n\n\n<li><strong>Menschen mit schweren Allergien oder Diabetes:<\/strong> Wenn Sie teilnehmen, raten wir Ihnen dringend, Ihre verschreibungspflichtigen Medikamente mitzubringen.<\/li>\n\n\n\n<li><strong>Personen, die sich bez\u00fcglich ihres gesundheitlichen Zustands unsicher sind:<\/strong> Wenn Sie Zweifel haben, empfehlen wir Ihnen, vor dem Besuch einer Zipline-Tour Ihren Arzt zu konsultieren.<\/li>\n\n\n\n<li><strong>Personen unter Einfluss von Drogen oder Alkohol:<\/strong> Aus offensichtlichen Sicherheitsgr\u00fcnden d\u00fcrfen solche Personen nicht an der Tour teilnehmen.<\/li>\n\n\n\n<li>Ziplining ist nicht geeignet f\u00fcr Personen mit bestimmten Behinderungen oder St\u00f6rungen, wie z.B. f\u00fcr Blinde, Geh\u00f6rlose oder Personen mit Autismus-Spektrum-St\u00f6rung. Dies liegt in der Natur der Aktivit\u00e4t, den Sicherheitsanforderungen und Kommunikationsbed\u00fcrfnissen w\u00e4hrend der Tour.&nbsp;<\/li>\n<\/ol>\n\n\n\n<p>Denken Sie daran, dass Sicherheit unsere oberste Priorit\u00e4t ist und diese Richtlinien dazu dienen, dass jeder ein lustiges und sicheres Erlebnis hat. Wenn Sie Fragen oder Bedenken zu diesen Empfehlungen haben, z\u00f6gern Sie bitte nicht, uns zu kontaktieren.<\/p>\n<\/div><\/details>\n\n\n\n<details class=\"wp-block-themeisle-blocks-accordion-item\"><summary class=\"wp-block-themeisle-blocks-accordion-item__title\"><div>Welche Gesundheitsanforderungen muss ich erf\u00fcllen, um an der Zipline Dolinka Tour teilnehmen zu k\u00f6nnen?<\/div><\/summary><div class=\"wp-block-themeisle-blocks-accordion-item__content\">\n<p>Lassen Sie den abenteuerlustigen Geist Ihres Kindes bei unserer Zipline-Erfahrung frei! Junge Abenteurer im Alter <strong><mark style=\"background-color:rgba(0, 0, 0, 0)\" class=\"has-inline-color has-neve-link-color-color\">von 6-12 <\/mark><\/strong>Jahren k\u00f6nnen eine sichere und aufregende Zipline-Fahrt zusammen mit unseren professionell ausgebildeten Guides erleben. F\u00fcr Kinder<strong><mark style=\"background-color:rgba(0, 0, 0, 0)\" class=\"has-inline-color has-neve-link-color-color\"> \u00fcber 12 Jahren<\/mark><\/strong>, die <strong>mehr als 45 kg<\/strong> (100 Pfund) wiegen, wartet die Unabh\u00e4ngigkeit, die Zipline <strong>solo<\/strong> zu erobern. Bitte beachten Sie, dass Kinder unter 15 Jahren die Begleitung von mindestens einem Elternteil ben\u00f6tigen, um ihre Sicherheit und Freude zu gew\u00e4hrleisten.<\/p>\n\n\n\n<p>\u25cf Jugendliche im Alter von<strong> 15-18 Jahren <\/strong>d\u00fcrfen mit schriftlicher Zustimmung ihrer Eltern<strong> solo<\/strong> an der Zipline teilnehmen. Die Sicherheit und das Gl\u00fcck Ihres Kindes sind <strong>unsere Priorit\u00e4t!<\/strong><\/p>\n\n\n\n<p>\u25cf F\u00fcr Erwachsene akzeptieren wir bis zu einem maximalen <strong>Gewicht von 120 kg <\/strong>(286 Pfund), wobei auch die Passform unserer standardm\u00e4\u00dfigen Sicherheitsausr\u00fcstung ber\u00fccksichtigt wird. Wir bitten alle Teilnehmer, ihr Fitnesslevel f\u00fcr diese adrenalinegeladene Tour zu beurteilen.<\/p>\n<\/div><\/details>\n\n\n\n<details class=\"wp-block-themeisle-blocks-accordion-item\"><summary class=\"wp-block-themeisle-blocks-accordion-item__title\"><div>Brauche ich Vorwissen, bevor ich an der Zipline Dolinka Tour teilnehme?<\/div><\/summary><div class=\"wp-block-themeisle-blocks-accordion-item__content\">\n<p>Erleben Sie den Nervenkitzel der <strong><mark style=\"background-color:rgba(0, 0, 0, 0)\" class=\"has-inline-color has-neve-link-color-color\">Zipline Dolinka Tour<\/mark><\/strong>, auch wenn Sie ein Anf\u00e4nger sind! Sie ben\u00f6tigen keine vorherige Zipline-Erfahrung, nur einen Hauch von Abenteuergeist und grundlegende Fitness. Unsere Reise f\u00fchrt Sie durch wundersch\u00f6ne Wiesen und bezaubernde Waldwege, mit kurzen, handhabbaren Spazierg\u00e4ngen, darunter einige, die sanft bergauf f\u00fchren. Es ist mehr als nur eine <strong>Zipline-Tour<\/strong> &#8211; es ist ein Hauch frischer Luft in der freien Natur, eingewickelt in eine fr\u00f6hliche Portion Abenteuer. Also, kommen Sie vorbei und lassen Sie die nat\u00fcrliche Sch\u00f6nheit von Dolinka zu Ihrem Spielplatz werden!<\/p>\n<\/div><\/details>\n\n\n\n<details class=\"wp-block-themeisle-blocks-accordion-item\"><summary class=\"wp-block-themeisle-blocks-accordion-item__title\"><div>Wann finden die Zipline Dolinka Touren statt?<\/div><\/summary><div class=\"wp-block-themeisle-blocks-accordion-item__content\">\n<p>Bereiten Sie sich auf ein Abenteuer vor, das in Ihren Zeitplan passt! Unsere aufregenden <strong>Zipline-Touren<\/strong> finden jeden Tag statt und bieten<strong> Flexibilit\u00e4t f\u00fcr Ihren perfekten Ausflug. <\/strong>Je nach Jahreszeit haben wir eine oder mehrere Touren pro Tag, so dass immer die M\u00f6glichkeit besteht, an dem Spa\u00df teilzunehmen. Um das perfekte Datum zu finden, klicken Sie einfach auf den Button <a href=\"https:\/\/zipline-dolinka.si\/de\/#wp-block-themeisle-blocks-advanced-heading-380de660\">&#8222;Buchen&#8220;<\/a>, um unsere Verf\u00fcgbarkeiten zu erkunden.<\/p>\n<\/div><\/details>\n\n\n\n<details class=\"wp-block-themeisle-blocks-accordion-item\"><summary class=\"wp-block-themeisle-blocks-accordion-item__title\"><div>Muss ich die Zipline Dolinka Tour buchen?<\/div><\/summary><div class=\"wp-block-themeisle-blocks-accordion-item__content\">\n<p><strong><mark style=\"background-color:rgba(0, 0, 0, 0)\" class=\"has-inline-color has-neve-link-color-color\">Absolut!<\/mark><\/strong> Wir empfehlen dringend, im Voraus <strong>eine Reservierung zu machen<\/strong>, um<strong> Ihren Platz <\/strong>auf unseren aufregenden Zipline-Touren zu sichern. Wir begrenzen die Anzahl der Teilnehmer, um die Sicherheit und Freude aller zu gew\u00e4hrleisten, was bedeutet, dass die Pl\u00e4tze schnell besetzt sein k\u00f6nnen, besonders w\u00e4hrend der gesch\u00e4ftigen Sommermonate.<\/p>\n<\/div><\/details>\n\n\n\n<details class=\"wp-block-themeisle-blocks-accordion-item\"><summary class=\"wp-block-themeisle-blocks-accordion-item__title\"><div>Kann ich eine Video- oder Fotokamera mitbringen?<\/div><\/summary><div class=\"wp-block-themeisle-blocks-accordion-item__content\">\n<p>Verpassen Sie nicht die atemberaubenden Momente Ihrer Zipline-Abenteuer zu erfassen! Sie k\u00f6nnen <strong>Ihre Kamera gerne mitbringen.<\/strong> Wenn Sie w\u00e4hrend der aufregenden Abfahrten<strong> filmen m\u00f6chten<\/strong>, stellen Sie sicher, dass <strong>Ihre Kamera <\/strong>sicher befestigt ist, um Unf\u00e4lle zu vermeiden. F\u00fcr alle anderen Ger\u00e4te stellen Sie bitte sicher, dass sie sicher in Ihrem Rucksack verstaut sind. Machen Sie sich bereit, spannende Erinnerungen an Ihr <strong><mark style=\"background-color:rgba(0, 0, 0, 0)\" class=\"has-inline-color has-neve-link-color-color\">Zipline Dolinka <\/mark><\/strong>Erlebnis festzuhalten!<\/p>\n<\/div><\/details>\n\n\n\n<details class=\"wp-block-themeisle-blocks-accordion-item\"><summary class=\"wp-block-themeisle-blocks-accordion-item__title\"><div>Was sollte ich tun, wenn ich H\u00f6henangst habe?<\/div><\/summary><div class=\"wp-block-themeisle-blocks-accordion-item__content\">\n<ul class=\"wp-block-list\">\n<li><strong>Sind Sie nerv\u00f6s?<\/strong> <strong><mark style=\"background-color:rgba(0, 0, 0, 0)\" class=\"has-inline-color has-neve-link-color-color\">Keine Sorge!<\/mark><\/strong> Unsere Erfahrungen haben gezeigt, dass selbst Teilnehmer, die anfangs \u00e4ngstlich waren, sich nach den ersten paar Fahrten entspannten und sich rundum am\u00fcsierten. Es gibt nichts Befriedigenderes als die \u00dcberwindung Ihrer \u00c4ngste <\/li>\n\n\n\n<li>Wenn Sie jedoch aus irgendeinem Grund entscheiden, die Fahrten nicht fortzusetzen, k\u00f6nnen Sie sicher sein, dass <strong>unser Fahrer Sie sicher zum Treffpunkt zur\u00fcckbringt<\/strong>. In solchen F\u00e4llen bieten wir eine vollst\u00e4ndige R\u00fcckerstattung an, um Ihre Seelenruhe zu gew\u00e4hrleisten. Aber wir sind zuversichtlich, dass unsere erfahrenen und unterst\u00fctzenden Guides w\u00e4hrend des gesamten Erlebnisses f\u00fcr Ihren Komfort und Ihre Sicherheit sorgen werden. Sie werden bei jedem Schritt bei Ihnen sein. Wahrscheinlich ist, dass Sie, sobald Sie angefangen haben, nicht mehr zur\u00fcck wollen! Wagen Sie sich an dieses Abenteuer und Sie k\u00f6nnten sich selbst \u00fcberraschen.<\/li>\n<\/ul>\n<\/div><\/details>\n<\/div>\n\n\n\n<div style=\"height:100px\" aria-hidden=\"true\" class=\"wp-block-spacer\"><\/div>\n","protected":false},"excerpt":{"rendered":"","protected":false},"author":2,"featured_media":0,"parent":0,"menu_order":7,"comment_status":"closed","ping_status":"closed","template":"","meta":{"neve_meta_sidebar":"","neve_meta_container":"","neve_meta_enable_content_width":"","neve_meta_content_width":0,"neve_meta_title_alignment":"","neve_meta_author_avatar":"","neve_post_elements_order":"","neve_meta_disable_header":"","neve_meta_disable_footer":"","neve_meta_disable_title":"","_themeisle_gutenberg_block_has_review":false,"footnotes":""},"class_list":["post-2545","page","type-page","status-publish","hentry"],"yoast_head":"<!-- This site is optimized with the Yoast SEO plugin v27.0 - https:\/\/yoast.com\/product\/yoast-seo-wordpress\/ -->\n<title>FAQ - Zipline Dolinka<\/title>\n<meta name=\"description\" content=\"Antworten zu Buchung, Sicherheit, Alters\u2011\/Gewichtsgrenzen, Ausr\u00fcstung und Tour\u2011Ablauf f\u00fcr Ihre Zipline\u2011Erfahrung in Bled.\" \/>\n<meta name=\"robots\" content=\"index, follow, max-snippet:-1, max-image-preview:large, max-video-preview:-1\" \/>\n<link rel=\"canonical\" href=\"https:\/\/zipline-dolinka.si\/de\/faq\/\" \/>\n<meta property=\"og:locale\" content=\"de_DE\" \/>\n<meta property=\"og:type\" content=\"article\" \/>\n<meta property=\"og:title\" content=\"FAQ - Zipline Dolinka\" \/>\n<meta property=\"og:description\" content=\"Antworten zu Buchung, Sicherheit, Alters\u2011\/Gewichtsgrenzen, Ausr\u00fcstung und Tour\u2011Ablauf f\u00fcr Ihre Zipline\u2011Erfahrung in Bled.\" \/>\n<meta property=\"og:url\" content=\"https:\/\/zipline-dolinka.si\/de\/faq\/\" \/>\n<meta property=\"og:site_name\" content=\"Zipline Dolinka\" \/>\n<meta property=\"article:publisher\" content=\"https:\/\/www.facebook.com\/ZiplineDolinka\/\" \/>\n<meta property=\"article:modified_time\" content=\"2026-01-29T11:42:59+00:00\" \/>\n<meta name=\"twitter:card\" content=\"summary_large_image\" \/>\n<meta name=\"twitter:label1\" content=\"Gesch\u00e4tzte Lesezeit\" \/>\n\t<meta name=\"twitter:data1\" content=\"7\u00a0Minuten\" \/>\n<script type=\"application\/ld+json\" class=\"yoast-schema-graph\">{\"@context\":\"https:\/\/schema.org\",\"@graph\":[{\"@type\":\"WebPage\",\"@id\":\"https:\/\/zipline-dolinka.si\/de\/faq\/\",\"url\":\"https:\/\/zipline-dolinka.si\/de\/faq\/\",\"name\":\"FAQ - Zipline Dolinka\",\"isPartOf\":{\"@id\":\"https:\/\/zipline-dolinka.si\/de\/#website\"},\"datePublished\":\"2022-06-15T18:27:14+00:00\",\"dateModified\":\"2026-01-29T11:42:59+00:00\",\"description\":\"Antworten zu Buchung, Sicherheit, Alters\u2011\/Gewichtsgrenzen, Ausr\u00fcstung und Tour\u2011Ablauf f\u00fcr Ihre Zipline\u2011Erfahrung in Bled.\",\"breadcrumb\":{\"@id\":\"https:\/\/zipline-dolinka.si\/de\/faq\/#breadcrumb\"},\"inLanguage\":\"de\",\"potentialAction\":[{\"@type\":\"ReadAction\",\"target\":[\"https:\/\/zipline-dolinka.si\/de\/faq\/\"]}]},{\"@type\":\"BreadcrumbList\",\"@id\":\"https:\/\/zipline-dolinka.si\/de\/faq\/#breadcrumb\",\"itemListElement\":[{\"@type\":\"ListItem\",\"position\":1,\"name\":\"Startseite\",\"item\":\"https:\/\/zipline-dolinka.si\/de\/\"},{\"@type\":\"ListItem\",\"position\":2,\"name\":\"FAQ\"}]},{\"@type\":\"WebSite\",\"@id\":\"https:\/\/zipline-dolinka.si\/de\/#website\",\"url\":\"https:\/\/zipline-dolinka.si\/de\/\",\"name\":\"Zipline Dolinka\",\"description\":\"The Longest Zipline in Europe\",\"publisher\":{\"@id\":\"https:\/\/zipline-dolinka.si\/de\/#organization\"},\"potentialAction\":[{\"@type\":\"SearchAction\",\"target\":{\"@type\":\"EntryPoint\",\"urlTemplate\":\"https:\/\/zipline-dolinka.si\/de\/?s={search_term_string}\"},\"query-input\":{\"@type\":\"PropertyValueSpecification\",\"valueRequired\":true,\"valueName\":\"search_term_string\"}}],\"inLanguage\":\"de\"},{\"@type\":\"Organization\",\"@id\":\"https:\/\/zipline-dolinka.si\/de\/#organization\",\"name\":\"Zipline Dolinka Bled\",\"url\":\"https:\/\/zipline-dolinka.si\/de\/\",\"logo\":{\"@type\":\"ImageObject\",\"inLanguage\":\"de\",\"@id\":\"https:\/\/zipline-dolinka.si\/de\/#\/schema\/logo\/image\/\",\"url\":\"https:\/\/zipline-dolinka.si\/wp-content\/uploads\/2022\/05\/cropped-ziplinedolonka-favicon.png\",\"contentUrl\":\"https:\/\/zipline-dolinka.si\/wp-content\/uploads\/2022\/05\/cropped-ziplinedolonka-favicon.png\",\"width\":512,\"height\":512,\"caption\":\"Zipline Dolinka Bled\"},\"image\":{\"@id\":\"https:\/\/zipline-dolinka.si\/de\/#\/schema\/logo\/image\/\"},\"sameAs\":[\"https:\/\/www.facebook.com\/ZiplineDolinka\/\",\"https:\/\/www.tripadvisor.com\/Attraction_Review-g274863-d14139627-Reviews-Zipline_Dolinka-Bled_Upper_Carniola_Region.html\"]}]}<\/script>\n<!-- \/ Yoast SEO plugin. -->","yoast_head_json":{"title":"FAQ - Zipline Dolinka","description":"Antworten zu Buchung, Sicherheit, Alters\u2011\/Gewichtsgrenzen, Ausr\u00fcstung und Tour\u2011Ablauf f\u00fcr Ihre Zipline\u2011Erfahrung in Bled.","robots":{"index":"index","follow":"follow","max-snippet":"max-snippet:-1","max-image-preview":"max-image-preview:large","max-video-preview":"max-video-preview:-1"},"canonical":"https:\/\/zipline-dolinka.si\/de\/faq\/","og_locale":"de_DE","og_type":"article","og_title":"FAQ - Zipline Dolinka","og_description":"Antworten zu Buchung, Sicherheit, Alters\u2011\/Gewichtsgrenzen, Ausr\u00fcstung und Tour\u2011Ablauf f\u00fcr Ihre Zipline\u2011Erfahrung in Bled.","og_url":"https:\/\/zipline-dolinka.si\/de\/faq\/","og_site_name":"Zipline Dolinka","article_publisher":"https:\/\/www.facebook.com\/ZiplineDolinka\/","article_modified_time":"2026-01-29T11:42:59+00:00","twitter_card":"summary_large_image","twitter_misc":{"Gesch\u00e4tzte Lesezeit":"7\u00a0Minuten"},"schema":{"@context":"https:\/\/schema.org","@graph":[{"@type":"WebPage","@id":"https:\/\/zipline-dolinka.si\/de\/faq\/","url":"https:\/\/zipline-dolinka.si\/de\/faq\/","name":"FAQ - Zipline Dolinka","isPartOf":{"@id":"https:\/\/zipline-dolinka.si\/de\/#website"},"datePublished":"2022-06-15T18:27:14+00:00","dateModified":"2026-01-29T11:42:59+00:00","description":"Antworten zu Buchung, Sicherheit, Alters\u2011\/Gewichtsgrenzen, Ausr\u00fcstung und Tour\u2011Ablauf f\u00fcr Ihre Zipline\u2011Erfahrung in Bled.","breadcrumb":{"@id":"https:\/\/zipline-dolinka.si\/de\/faq\/#breadcrumb"},"inLanguage":"de","potentialAction":[{"@type":"ReadAction","target":["https:\/\/zipline-dolinka.si\/de\/faq\/"]}]},{"@type":"BreadcrumbList","@id":"https:\/\/zipline-dolinka.si\/de\/faq\/#breadcrumb","itemListElement":[{"@type":"ListItem","position":1,"name":"Startseite","item":"https:\/\/zipline-dolinka.si\/de\/"},{"@type":"ListItem","position":2,"name":"FAQ"}]},{"@type":"WebSite","@id":"https:\/\/zipline-dolinka.si\/de\/#website","url":"https:\/\/zipline-dolinka.si\/de\/","name":"Zipline Dolinka","description":"The Longest Zipline in Europe","publisher":{"@id":"https:\/\/zipline-dolinka.si\/de\/#organization"},"potentialAction":[{"@type":"SearchAction","target":{"@type":"EntryPoint","urlTemplate":"https:\/\/zipline-dolinka.si\/de\/?s={search_term_string}"},"query-input":{"@type":"PropertyValueSpecification","valueRequired":true,"valueName":"search_term_string"}}],"inLanguage":"de"},{"@type":"Organization","@id":"https:\/\/zipline-dolinka.si\/de\/#organization","name":"Zipline Dolinka Bled","url":"https:\/\/zipline-dolinka.si\/de\/","logo":{"@type":"ImageObject","inLanguage":"de","@id":"https:\/\/zipline-dolinka.si\/de\/#\/schema\/logo\/image\/","url":"https:\/\/zipline-dolinka.si\/wp-content\/uploads\/2022\/05\/cropped-ziplinedolonka-favicon.png","contentUrl":"https:\/\/zipline-dolinka.si\/wp-content\/uploads\/2022\/05\/cropped-ziplinedolonka-favicon.png","width":512,"height":512,"caption":"Zipline Dolinka Bled"},"image":{"@id":"https:\/\/zipline-dolinka.si\/de\/#\/schema\/logo\/image\/"},"sameAs":["https:\/\/www.facebook.com\/ZiplineDolinka\/","https:\/\/www.tripadvisor.com\/Attraction_Review-g274863-d14139627-Reviews-Zipline_Dolinka-Bled_Upper_Carniola_Region.html"]}]}},"_links":{"self":[{"href":"https:\/\/zipline-dolinka.si\/de\/wp-json\/wp\/v2\/pages\/2545","targetHints":{"allow":["GET"]}}],"collection":[{"href":"https:\/\/zipline-dolinka.si\/de\/wp-json\/wp\/v2\/pages"}],"about":[{"href":"https:\/\/zipline-dolinka.si\/de\/wp-json\/wp\/v2\/types\/page"}],"author":[{"embeddable":true,"href":"https:\/\/zipline-dolinka.si\/de\/wp-json\/wp\/v2\/users\/2"}],"replies":[{"embeddable":true,"href":"https:\/\/zipline-dolinka.si\/de\/wp-json\/wp\/v2\/comments?post=2545"}],"version-history":[{"count":1,"href":"https:\/\/zipline-dolinka.si\/de\/wp-json\/wp\/v2\/pages\/2545\/revisions"}],"predecessor-version":[{"id":5981,"href":"https:\/\/zipline-dolinka.si\/de\/wp-json\/wp\/v2\/pages\/2545\/revisions\/5981"}],"wp:attachment":[{"href":"https:\/\/zipline-dolinka.si\/de\/wp-json\/wp\/v2\/media?parent=2545"}],"curies":[{"name":"wp","href":"https:\/\/api.w.org\/{rel}","templated":true}]}}