{"id":4343,"date":"2023-07-31T07:45:20","date_gmt":"2023-07-31T07:45:20","guid":{"rendered":"https:\/\/zipline-dolinka.si\/?page_id=4343"},"modified":"2023-07-31T07:45:21","modified_gmt":"2023-07-31T07:45:21","slug":"rodinny-vylet-zipline-dolinka","status":"publish","type":"page","link":"https:\/\/zipline-dolinka.si\/cs\/prohlidka-nebo-vylet\/rodinny-vylet-zipline-dolinka\/","title":{"rendered":"Rodinn\u00fd v\u00fdlet Zipline Dolinka"},"content":{"rendered":"\n<p><\/p>\n\n\n\n<div id=\"wp-block-themeisle-blocks-advanced-columns-1b153f13\" class=\"wp-block-themeisle-blocks-advanced-columns has-2-columns has-desktop-equal-layout has-tablet-equal-layout has-mobile-collapsedRows-layout has-vertical-unset\"><div class=\"wp-block-themeisle-blocks-advanced-columns-overlay\"><\/div><div class=\"innerblocks-wrap\">\n<div id=\"wp-block-themeisle-blocks-advanced-column-5110ee37\" class=\"wp-block-themeisle-blocks-advanced-column\">\n\n\n\n<script>\nga(function (tracker) {\n \/\/ Gets the client ID of the default tracker.\n var clientId = tracker.get('clientId');\n\n\n \/\/ Gets the Checkfront iframe.\n var checkfrontIframe = document.getElementById('CHECKFRONT_WIDGET_01').getElementsByTagName('iframe')[0]; \n\n\n \/\/ Sends the client ID to the window inside the destination frame, once it's loaded.\n checkfrontIframe.addEventListener(\"load\", function () {\n this.contentWindow.postMessage(clientId, 'https:\/\/zipline-dolinka.checkfront.com');\n });\n});\n<\/script>\n<\/div>\n\n\n\n<div id=\"wp-block-themeisle-blocks-advanced-column-5c1dcf60\" class=\"wp-block-themeisle-blocks-advanced-column\">\n<p>Povzbuzujte smysl pro dobrodru\u017estv\u00ed sv\u00e9 rodiny s na\u0161\u00ed Rodinnou vstupenkou na Zipline Dolinka! Navr\u017een\u00e1 tak, aby pot\u011b\u0161ila jak d\u011bti (nad 6 let), tak dosp\u011bl\u00e9, tato rodinn\u00e1 aktivita p\u0159in\u00e1\u0161\u00ed dokonalou sm\u011bs vzru\u0161en\u00ed a sbl\u00ed\u017een\u00ed. Pl\u00e1nov\u00e1n\u00ed rodinn\u00e9 dovolen\u00e9, kter\u00e1 vyhovuje v\u0161em v\u011bkov\u00fdm skupin\u00e1m, m\u016f\u017ee b\u00fdt n\u00e1ro\u010dn\u00e9, ale na\u0161e lanovkov\u00e9 dobrodru\u017estv\u00ed tuto mezeru p\u0159ekon\u00e1v\u00e1 bez n\u00e1mahy. <\/p>\n\n\n\n<p>P\u0159edstavte si, jak se vzn\u00e1\u0161\u00edte oblohou jako pt\u00e1k, prozkoum\u00e1v\u00e1te divokou zv\u011b\u0159 v jej\u00edm p\u0159irozen\u00e9m alpsk\u00e9m prost\u0159ed\u00ed &#8211; z\u00e1\u017eitek, jak\u00fd nenajdete nikde jinde. A\u0165 u\u017e je to va\u0161e rodinn\u00e9 prvn\u00ed dobrodru\u017estv\u00ed na lanovce nebo jste zku\u0161en\u00ed hleda\u010di vzru\u0161en\u00ed, jsme si jisti, \u017ee se v\u00e1m bude l\u00edbit unik\u00e1tn\u00ed, vzru\u0161uj\u00edc\u00ed cesta, kterou jsme pro v\u00e1s p\u0159ipravili. Setk\u00e1te se s rozmanitou divokou zv\u011b\u0159\u00ed, budete obdivovat kr\u00e1snou \u0159eku a stromy a budete nas\u00e1vat dechberouc\u00ed v\u00fdhledy na p\u0159\u00edrodn\u00ed krajinu &#8211; je to adrenalinov\u00fd n\u00e1val, kter\u00fd \u017e\u00e1dn\u00e1 jin\u00e1 aktivita nem\u016f\u017ee napodobit.<\/p>\n\n\n\n<p>Rodinn\u00e1 vstupenka zahrnuje vzru\u0161uj\u00edc\u00ed 4 km cestu po sedmi r\u016fzn\u00fdch lanovk\u00e1ch, ka\u017ed\u00e1 dlouh\u00e1 mezi 300 m a 700 m. P\u0159ekon\u00e1te zaj\u00edmav\u00e9 lesn\u00ed a poln\u00ed stezky spojuj\u00edc\u00ed jednotliv\u00e9 lanovky. Cestou ud\u011bl\u00e1me n\u011bkolik zast\u00e1vek, kter\u00e9 poskytuj\u00ed fascinuj\u00edc\u00ed vhledy do m\u00edstn\u00ed fl\u00f3ry a fauny a poskytuj\u00ed n\u00e1dhern\u00fd v\u00fdhled na vrcholky hory Triglav, Stolu a Babji Zob. P\u0159ij\u010fte si vytvo\u0159it nezapomenuteln\u00e9 vzpom\u00ednky a sd\u00edlet trval\u00e9 p\u0159\u00edb\u011bhy s na\u0161\u00edm Rodinn\u00fdm v\u00fdletem Zipline Dolinka. <\/p>\n\n\n\n<p>Za\u017eijte vzru\u0161en\u00ed, kter\u00e9 rezonuje s celou rodinou, a vytvo\u0159te dobrodru\u017estv\u00ed, na kter\u00e9 si budete pamatovat cel\u00fd \u017eivot!<\/p>\n<\/div>\n<\/div><\/div>\n","protected":false},"excerpt":{"rendered":"","protected":false},"author":1,"featured_media":0,"parent":3119,"menu_order":0,"comment_status":"closed","ping_status":"closed","template":"","meta":{"neve_meta_sidebar":"","neve_meta_container":"","neve_meta_enable_content_width":"","neve_meta_content_width":0,"neve_meta_title_alignment":"","neve_meta_author_avatar":"","neve_post_elements_order":"","neve_meta_disable_header":"","neve_meta_disable_footer":"","neve_meta_disable_title":"","_themeisle_gutenberg_block_has_review":false,"footnotes":""},"class_list":["post-4343","page","type-page","status-publish","hentry"],"yoast_head":"<!-- This site is optimized with the Yoast SEO plugin v27.0 - https:\/\/yoast.com\/product\/yoast-seo-wordpress\/ -->\n<title>Rodinn\u00fd v\u00fdlet Zipline Dolinka - Zipline Dolinka<\/title>\n<meta name=\"robots\" content=\"index, follow, max-snippet:-1, max-image-preview:large, max-video-preview:-1\" \/>\n<link rel=\"canonical\" href=\"https:\/\/zipline-dolinka.si\/cs\/prohlidka-nebo-vylet\/rodinny-vylet-zipline-dolinka\/\" \/>\n<meta property=\"og:locale\" content=\"cs_CZ\" \/>\n<meta property=\"og:type\" content=\"article\" \/>\n<meta property=\"og:title\" content=\"Rodinn\u00fd v\u00fdlet Zipline Dolinka - Zipline Dolinka\" \/>\n<meta property=\"og:url\" content=\"https:\/\/zipline-dolinka.si\/cs\/prohlidka-nebo-vylet\/rodinny-vylet-zipline-dolinka\/\" \/>\n<meta property=\"og:site_name\" content=\"Zipline Dolinka\" \/>\n<meta property=\"article:publisher\" content=\"https:\/\/www.facebook.com\/ZiplineDolinka\/\" \/>\n<meta property=\"article:modified_time\" content=\"2023-07-31T07:45:21+00:00\" \/>\n<meta name=\"twitter:card\" content=\"summary_large_image\" \/>\n<meta name=\"twitter:label1\" content=\"Odhadovan\u00e1 doba \u010dten\u00ed\" \/>\n\t<meta name=\"twitter:data1\" content=\"2 minuty\" \/>\n<script type=\"application\/ld+json\" class=\"yoast-schema-graph\">{\"@context\":\"https:\/\/schema.org\",\"@graph\":[{\"@type\":\"WebPage\",\"@id\":\"https:\/\/zipline-dolinka.si\/cs\/prohlidka-nebo-vylet\/rodinny-vylet-zipline-dolinka\/\",\"url\":\"https:\/\/zipline-dolinka.si\/cs\/prohlidka-nebo-vylet\/rodinny-vylet-zipline-dolinka\/\",\"name\":\"Rodinn\u00fd v\u00fdlet Zipline Dolinka - Zipline Dolinka\",\"isPartOf\":{\"@id\":\"https:\/\/zipline-dolinka.si\/cs\/#website\"},\"datePublished\":\"2023-07-31T07:45:20+00:00\",\"dateModified\":\"2023-07-31T07:45:21+00:00\",\"breadcrumb\":{\"@id\":\"https:\/\/zipline-dolinka.si\/cs\/prohlidka-nebo-vylet\/rodinny-vylet-zipline-dolinka\/#breadcrumb\"},\"inLanguage\":\"cs\",\"potentialAction\":[{\"@type\":\"ReadAction\",\"target\":[\"https:\/\/zipline-dolinka.si\/cs\/prohlidka-nebo-vylet\/rodinny-vylet-zipline-dolinka\/\"]}]},{\"@type\":\"BreadcrumbList\",\"@id\":\"https:\/\/zipline-dolinka.si\/cs\/prohlidka-nebo-vylet\/rodinny-vylet-zipline-dolinka\/#breadcrumb\",\"itemListElement\":[{\"@type\":\"ListItem\",\"position\":1,\"name\":\"\u00davodn\u00ed str\u00e1nka\",\"item\":\"https:\/\/zipline-dolinka.si\/cs\/\"},{\"@type\":\"ListItem\",\"position\":2,\"name\":\"Prohl\u00eddka nebo v\u00fdlet\",\"item\":\"https:\/\/zipline-dolinka.si\/cs\/prohlidka-nebo-vylet\/\"},{\"@type\":\"ListItem\",\"position\":3,\"name\":\"Rodinn\u00fd v\u00fdlet Zipline Dolinka\"}]},{\"@type\":\"WebSite\",\"@id\":\"https:\/\/zipline-dolinka.si\/cs\/#website\",\"url\":\"https:\/\/zipline-dolinka.si\/cs\/\",\"name\":\"Zipline Dolinka\",\"description\":\"The Longest Zipline in Europe\",\"publisher\":{\"@id\":\"https:\/\/zipline-dolinka.si\/cs\/#organization\"},\"potentialAction\":[{\"@type\":\"SearchAction\",\"target\":{\"@type\":\"EntryPoint\",\"urlTemplate\":\"https:\/\/zipline-dolinka.si\/cs\/?s={search_term_string}\"},\"query-input\":{\"@type\":\"PropertyValueSpecification\",\"valueRequired\":true,\"valueName\":\"search_term_string\"}}],\"inLanguage\":\"cs\"},{\"@type\":\"Organization\",\"@id\":\"https:\/\/zipline-dolinka.si\/cs\/#organization\",\"name\":\"Zipline Dolinka Bled\",\"url\":\"https:\/\/zipline-dolinka.si\/cs\/\",\"logo\":{\"@type\":\"ImageObject\",\"inLanguage\":\"cs\",\"@id\":\"https:\/\/zipline-dolinka.si\/cs\/#\/schema\/logo\/image\/\",\"url\":\"https:\/\/zipline-dolinka.si\/wp-content\/uploads\/2022\/05\/cropped-ziplinedolonka-favicon.png\",\"contentUrl\":\"https:\/\/zipline-dolinka.si\/wp-content\/uploads\/2022\/05\/cropped-ziplinedolonka-favicon.png\",\"width\":512,\"height\":512,\"caption\":\"Zipline Dolinka Bled\"},\"image\":{\"@id\":\"https:\/\/zipline-dolinka.si\/cs\/#\/schema\/logo\/image\/\"},\"sameAs\":[\"https:\/\/www.facebook.com\/ZiplineDolinka\/\",\"https:\/\/www.tripadvisor.com\/Attraction_Review-g274863-d14139627-Reviews-Zipline_Dolinka-Bled_Upper_Carniola_Region.html\"]}]}<\/script>\n<!-- \/ Yoast SEO plugin. -->","yoast_head_json":{"title":"Rodinn\u00fd v\u00fdlet Zipline Dolinka - Zipline Dolinka","robots":{"index":"index","follow":"follow","max-snippet":"max-snippet:-1","max-image-preview":"max-image-preview:large","max-video-preview":"max-video-preview:-1"},"canonical":"https:\/\/zipline-dolinka.si\/cs\/prohlidka-nebo-vylet\/rodinny-vylet-zipline-dolinka\/","og_locale":"cs_CZ","og_type":"article","og_title":"Rodinn\u00fd v\u00fdlet Zipline Dolinka - Zipline Dolinka","og_url":"https:\/\/zipline-dolinka.si\/cs\/prohlidka-nebo-vylet\/rodinny-vylet-zipline-dolinka\/","og_site_name":"Zipline Dolinka","article_publisher":"https:\/\/www.facebook.com\/ZiplineDolinka\/","article_modified_time":"2023-07-31T07:45:21+00:00","twitter_card":"summary_large_image","twitter_misc":{"Odhadovan\u00e1 doba \u010dten\u00ed":"2 minuty"},"schema":{"@context":"https:\/\/schema.org","@graph":[{"@type":"WebPage","@id":"https:\/\/zipline-dolinka.si\/cs\/prohlidka-nebo-vylet\/rodinny-vylet-zipline-dolinka\/","url":"https:\/\/zipline-dolinka.si\/cs\/prohlidka-nebo-vylet\/rodinny-vylet-zipline-dolinka\/","name":"Rodinn\u00fd v\u00fdlet Zipline Dolinka - Zipline Dolinka","isPartOf":{"@id":"https:\/\/zipline-dolinka.si\/cs\/#website"},"datePublished":"2023-07-31T07:45:20+00:00","dateModified":"2023-07-31T07:45:21+00:00","breadcrumb":{"@id":"https:\/\/zipline-dolinka.si\/cs\/prohlidka-nebo-vylet\/rodinny-vylet-zipline-dolinka\/#breadcrumb"},"inLanguage":"cs","potentialAction":[{"@type":"ReadAction","target":["https:\/\/zipline-dolinka.si\/cs\/prohlidka-nebo-vylet\/rodinny-vylet-zipline-dolinka\/"]}]},{"@type":"BreadcrumbList","@id":"https:\/\/zipline-dolinka.si\/cs\/prohlidka-nebo-vylet\/rodinny-vylet-zipline-dolinka\/#breadcrumb","itemListElement":[{"@type":"ListItem","position":1,"name":"\u00davodn\u00ed str\u00e1nka","item":"https:\/\/zipline-dolinka.si\/cs\/"},{"@type":"ListItem","position":2,"name":"Prohl\u00eddka nebo v\u00fdlet","item":"https:\/\/zipline-dolinka.si\/cs\/prohlidka-nebo-vylet\/"},{"@type":"ListItem","position":3,"name":"Rodinn\u00fd v\u00fdlet Zipline Dolinka"}]},{"@type":"WebSite","@id":"https:\/\/zipline-dolinka.si\/cs\/#website","url":"https:\/\/zipline-dolinka.si\/cs\/","name":"Zipline Dolinka","description":"The Longest Zipline in Europe","publisher":{"@id":"https:\/\/zipline-dolinka.si\/cs\/#organization"},"potentialAction":[{"@type":"SearchAction","target":{"@type":"EntryPoint","urlTemplate":"https:\/\/zipline-dolinka.si\/cs\/?s={search_term_string}"},"query-input":{"@type":"PropertyValueSpecification","valueRequired":true,"valueName":"search_term_string"}}],"inLanguage":"cs"},{"@type":"Organization","@id":"https:\/\/zipline-dolinka.si\/cs\/#organization","name":"Zipline Dolinka Bled","url":"https:\/\/zipline-dolinka.si\/cs\/","logo":{"@type":"ImageObject","inLanguage":"cs","@id":"https:\/\/zipline-dolinka.si\/cs\/#\/schema\/logo\/image\/","url":"https:\/\/zipline-dolinka.si\/wp-content\/uploads\/2022\/05\/cropped-ziplinedolonka-favicon.png","contentUrl":"https:\/\/zipline-dolinka.si\/wp-content\/uploads\/2022\/05\/cropped-ziplinedolonka-favicon.png","width":512,"height":512,"caption":"Zipline Dolinka Bled"},"image":{"@id":"https:\/\/zipline-dolinka.si\/cs\/#\/schema\/logo\/image\/"},"sameAs":["https:\/\/www.facebook.com\/ZiplineDolinka\/","https:\/\/www.tripadvisor.com\/Attraction_Review-g274863-d14139627-Reviews-Zipline_Dolinka-Bled_Upper_Carniola_Region.html"]}]}},"_links":{"self":[{"href":"https:\/\/zipline-dolinka.si\/cs\/wp-json\/wp\/v2\/pages\/4343","targetHints":{"allow":["GET"]}}],"collection":[{"href":"https:\/\/zipline-dolinka.si\/cs\/wp-json\/wp\/v2\/pages"}],"about":[{"href":"https:\/\/zipline-dolinka.si\/cs\/wp-json\/wp\/v2\/types\/page"}],"author":[{"embeddable":true,"href":"https:\/\/zipline-dolinka.si\/cs\/wp-json\/wp\/v2\/users\/1"}],"replies":[{"embeddable":true,"href":"https:\/\/zipline-dolinka.si\/cs\/wp-json\/wp\/v2\/comments?post=4343"}],"version-history":[{"count":0,"href":"https:\/\/zipline-dolinka.si\/cs\/wp-json\/wp\/v2\/pages\/4343\/revisions"}],"up":[{"embeddable":true,"href":"https:\/\/zipline-dolinka.si\/cs\/wp-json\/wp\/v2\/pages\/3119"}],"wp:attachment":[{"href":"https:\/\/zipline-dolinka.si\/cs\/wp-json\/wp\/v2\/media?parent=4343"}],"curies":[{"name":"wp","href":"https:\/\/api.w.org\/{rel}","templated":true}]}}