{"id":4317,"date":"2023-07-31T06:33:35","date_gmt":"2023-07-31T06:33:35","guid":{"rendered":"https:\/\/zipline-dolinka.si\/?page_id=4317"},"modified":"2023-07-31T07:44:07","modified_gmt":"2023-07-31T07:44:07","slug":"slunecni-zapadova-prohlidka","status":"publish","type":"page","link":"https:\/\/zipline-dolinka.si\/cs\/prohlidka-nebo-vylet\/slunecni-zapadova-prohlidka\/","title":{"rendered":"Slune\u010dn\u00ed z\u00e1padov\u00e1 prohl\u00eddka"},"content":{"rendered":"\n<div id=\"wp-block-themeisle-blocks-advanced-columns-832f3724\" class=\"wp-block-themeisle-blocks-advanced-columns has-2-columns has-desktop-equal-layout has-tablet-equal-layout has-mobile-collapsedRows-layout has-vertical-unset\"><div class=\"wp-block-themeisle-blocks-advanced-columns-overlay\"><\/div><div class=\"innerblocks-wrap\">\n<div id=\"wp-block-themeisle-blocks-advanced-column-0d8c41df\" class=\"wp-block-themeisle-blocks-advanced-column\">\n\n\n\n<script>\nga(function (tracker) {\n \/\/ Gets the client ID of the default tracker.\n var clientId = tracker.get('clientId');\n\n\n \/\/ Gets the Checkfront iframe.\n var checkfrontIframe = document.getElementById('CHECKFRONT_WIDGET_01').getElementsByTagName('iframe')[0]; \n\n\n \/\/ Sends the client ID to the window inside the destination frame, once it's loaded.\n checkfrontIframe.addEventListener(\"load\", function () {\n this.contentWindow.postMessage(clientId, 'https:\/\/zipline-dolinka.checkfront.com');\n });\n});\n<\/script>\n<\/div>\n\n\n\n<div id=\"wp-block-themeisle-blocks-advanced-column-f504d8eb\" class=\"wp-block-themeisle-blocks-advanced-column\">\n<p>Zipline Dolinka Slune\u010dn\u00ed z\u00e1padov\u00e1 prohl\u00eddka nab\u00edz\u00ed vzru\u0161uj\u00edc\u00ed dobrodru\u017estv\u00ed a umo\u017en\u00ed v\u00e1m za p\u0159\u00edzniv\u00e9ho po\u010das\u00ed za\u017e\u00edt spektakul\u00e1rn\u00ed barvy slune\u010dn\u00edho z\u00e1padu.<\/p>\n\n\n\n<p>Va\u0161e cesta v\u00e1s zavede nad \u00fadol\u00edmi a korunami strom\u016f, odhal\u00ed \u00fachvatn\u00fd panoramatick\u00fd pohled na Dolinku pr\u00e1v\u011b v okam\u017eiku, kdy den p\u0159ech\u00e1z\u00ed v soumrak.<\/p>\n\n\n\n<p>Na\u0161e profesion\u00e1ln\u00ed za\u0159\u00edzen\u00ed pro zipline zaji\u0161\u0165uje bezpe\u010dnost a z\u00e1bavu, co\u017e v\u00e1m umo\u017en\u00ed pln\u011b si vychutnat kr\u00e1sy p\u0159\u00edrody. Doprov\u00e1zeni na\u0161imi odborn\u00fdmi pr\u016fvodci z\u00edsk\u00e1te n\u00e1hled do m\u00edstn\u00edho ekosyst\u00e9mu, obohat\u00edte tak tuto vzru\u0161uj\u00edc\u00ed dobrodru\u017estv\u00ed.<\/p>\n\n\n\n<p>Na z\u00e1v\u011br prohl\u00eddky, za p\u0159\u00edzniv\u00e9ho po\u010das\u00ed, na v\u00e1s \u010dek\u00e1 dechberouc\u00ed pohled na slune\u010dn\u00ed z\u00e1pad, kter\u00fd tento ve\u010der pod hv\u011bzdami u\u010din\u00ed nezapomenuteln\u00fdm z\u00e1\u017eitkem.<\/p>\n<\/div>\n<\/div><\/div>\n","protected":false},"excerpt":{"rendered":"","protected":false},"author":1,"featured_media":4270,"parent":3119,"menu_order":2,"comment_status":"closed","ping_status":"closed","template":"","meta":{"neve_meta_sidebar":"","neve_meta_container":"","neve_meta_enable_content_width":"","neve_meta_content_width":0,"neve_meta_title_alignment":"","neve_meta_author_avatar":"","neve_post_elements_order":"","neve_meta_disable_header":"","neve_meta_disable_footer":"","neve_meta_disable_title":"","_themeisle_gutenberg_block_has_review":false,"footnotes":""},"class_list":["post-4317","page","type-page","status-publish","has-post-thumbnail","hentry"],"yoast_head":"<!-- This site is optimized with the Yoast SEO plugin v27.0 - https:\/\/yoast.com\/product\/yoast-seo-wordpress\/ -->\n<title>Slune\u010dn\u00ed z\u00e1padov\u00e1 prohl\u00eddka - Zipline Dolinka<\/title>\n<meta name=\"robots\" content=\"index, follow, max-snippet:-1, max-image-preview:large, max-video-preview:-1\" \/>\n<link rel=\"canonical\" href=\"https:\/\/zipline-dolinka.si\/cs\/prohlidka-nebo-vylet\/slunecni-zapadova-prohlidka\/\" \/>\n<meta property=\"og:locale\" content=\"cs_CZ\" \/>\n<meta property=\"og:type\" content=\"article\" \/>\n<meta property=\"og:title\" content=\"Slune\u010dn\u00ed z\u00e1padov\u00e1 prohl\u00eddka - Zipline Dolinka\" \/>\n<meta property=\"og:url\" content=\"https:\/\/zipline-dolinka.si\/cs\/prohlidka-nebo-vylet\/slunecni-zapadova-prohlidka\/\" \/>\n<meta property=\"og:site_name\" content=\"Zipline Dolinka\" \/>\n<meta property=\"article:publisher\" content=\"https:\/\/www.facebook.com\/ZiplineDolinka\/\" \/>\n<meta property=\"article:modified_time\" content=\"2023-07-31T07:44:07+00:00\" \/>\n<meta property=\"og:image\" content=\"https:\/\/zipline-dolinka.si\/wp-content\/uploads\/2023\/07\/zipline9-1.png\" \/>\n\t<meta property=\"og:image:width\" content=\"593\" \/>\n\t<meta property=\"og:image:height\" content=\"593\" \/>\n\t<meta property=\"og:image:type\" content=\"image\/png\" \/>\n<meta name=\"twitter:card\" content=\"summary_large_image\" \/>\n<meta name=\"twitter:label1\" content=\"Odhadovan\u00e1 doba \u010dten\u00ed\" \/>\n\t<meta name=\"twitter:data1\" content=\"1 minuta\" \/>\n<script type=\"application\/ld+json\" class=\"yoast-schema-graph\">{\"@context\":\"https:\/\/schema.org\",\"@graph\":[{\"@type\":\"WebPage\",\"@id\":\"https:\/\/zipline-dolinka.si\/cs\/prohlidka-nebo-vylet\/slunecni-zapadova-prohlidka\/\",\"url\":\"https:\/\/zipline-dolinka.si\/cs\/prohlidka-nebo-vylet\/slunecni-zapadova-prohlidka\/\",\"name\":\"Slune\u010dn\u00ed z\u00e1padov\u00e1 prohl\u00eddka - Zipline Dolinka\",\"isPartOf\":{\"@id\":\"https:\/\/zipline-dolinka.si\/cs\/#website\"},\"primaryImageOfPage\":{\"@id\":\"https:\/\/zipline-dolinka.si\/cs\/prohlidka-nebo-vylet\/slunecni-zapadova-prohlidka\/#primaryimage\"},\"image\":{\"@id\":\"https:\/\/zipline-dolinka.si\/cs\/prohlidka-nebo-vylet\/slunecni-zapadova-prohlidka\/#primaryimage\"},\"thumbnailUrl\":\"https:\/\/zipline-dolinka.si\/wp-content\/uploads\/2023\/07\/zipline9-1.png\",\"datePublished\":\"2023-07-31T06:33:35+00:00\",\"dateModified\":\"2023-07-31T07:44:07+00:00\",\"breadcrumb\":{\"@id\":\"https:\/\/zipline-dolinka.si\/cs\/prohlidka-nebo-vylet\/slunecni-zapadova-prohlidka\/#breadcrumb\"},\"inLanguage\":\"cs\",\"potentialAction\":[{\"@type\":\"ReadAction\",\"target\":[\"https:\/\/zipline-dolinka.si\/cs\/prohlidka-nebo-vylet\/slunecni-zapadova-prohlidka\/\"]}]},{\"@type\":\"ImageObject\",\"inLanguage\":\"cs\",\"@id\":\"https:\/\/zipline-dolinka.si\/cs\/prohlidka-nebo-vylet\/slunecni-zapadova-prohlidka\/#primaryimage\",\"url\":\"https:\/\/zipline-dolinka.si\/wp-content\/uploads\/2023\/07\/zipline9-1.png\",\"contentUrl\":\"https:\/\/zipline-dolinka.si\/wp-content\/uploads\/2023\/07\/zipline9-1.png\",\"width\":593,\"height\":593},{\"@type\":\"BreadcrumbList\",\"@id\":\"https:\/\/zipline-dolinka.si\/cs\/prohlidka-nebo-vylet\/slunecni-zapadova-prohlidka\/#breadcrumb\",\"itemListElement\":[{\"@type\":\"ListItem\",\"position\":1,\"name\":\"\u00davodn\u00ed str\u00e1nka\",\"item\":\"https:\/\/zipline-dolinka.si\/cs\/\"},{\"@type\":\"ListItem\",\"position\":2,\"name\":\"Prohl\u00eddka nebo v\u00fdlet\",\"item\":\"https:\/\/zipline-dolinka.si\/cs\/prohlidka-nebo-vylet\/\"},{\"@type\":\"ListItem\",\"position\":3,\"name\":\"Slune\u010dn\u00ed z\u00e1padov\u00e1 prohl\u00eddka\"}]},{\"@type\":\"WebSite\",\"@id\":\"https:\/\/zipline-dolinka.si\/cs\/#website\",\"url\":\"https:\/\/zipline-dolinka.si\/cs\/\",\"name\":\"Zipline Dolinka\",\"description\":\"The Longest Zipline in Europe\",\"publisher\":{\"@id\":\"https:\/\/zipline-dolinka.si\/cs\/#organization\"},\"potentialAction\":[{\"@type\":\"SearchAction\",\"target\":{\"@type\":\"EntryPoint\",\"urlTemplate\":\"https:\/\/zipline-dolinka.si\/cs\/?s={search_term_string}\"},\"query-input\":{\"@type\":\"PropertyValueSpecification\",\"valueRequired\":true,\"valueName\":\"search_term_string\"}}],\"inLanguage\":\"cs\"},{\"@type\":\"Organization\",\"@id\":\"https:\/\/zipline-dolinka.si\/cs\/#organization\",\"name\":\"Zipline Dolinka Bled\",\"url\":\"https:\/\/zipline-dolinka.si\/cs\/\",\"logo\":{\"@type\":\"ImageObject\",\"inLanguage\":\"cs\",\"@id\":\"https:\/\/zipline-dolinka.si\/cs\/#\/schema\/logo\/image\/\",\"url\":\"https:\/\/zipline-dolinka.si\/wp-content\/uploads\/2022\/05\/cropped-ziplinedolonka-favicon.png\",\"contentUrl\":\"https:\/\/zipline-dolinka.si\/wp-content\/uploads\/2022\/05\/cropped-ziplinedolonka-favicon.png\",\"width\":512,\"height\":512,\"caption\":\"Zipline Dolinka Bled\"},\"image\":{\"@id\":\"https:\/\/zipline-dolinka.si\/cs\/#\/schema\/logo\/image\/\"},\"sameAs\":[\"https:\/\/www.facebook.com\/ZiplineDolinka\/\",\"https:\/\/www.tripadvisor.com\/Attraction_Review-g274863-d14139627-Reviews-Zipline_Dolinka-Bled_Upper_Carniola_Region.html\"]}]}<\/script>\n<!-- \/ Yoast SEO plugin. -->","yoast_head_json":{"title":"Slune\u010dn\u00ed z\u00e1padov\u00e1 prohl\u00eddka - Zipline Dolinka","robots":{"index":"index","follow":"follow","max-snippet":"max-snippet:-1","max-image-preview":"max-image-preview:large","max-video-preview":"max-video-preview:-1"},"canonical":"https:\/\/zipline-dolinka.si\/cs\/prohlidka-nebo-vylet\/slunecni-zapadova-prohlidka\/","og_locale":"cs_CZ","og_type":"article","og_title":"Slune\u010dn\u00ed z\u00e1padov\u00e1 prohl\u00eddka - Zipline Dolinka","og_url":"https:\/\/zipline-dolinka.si\/cs\/prohlidka-nebo-vylet\/slunecni-zapadova-prohlidka\/","og_site_name":"Zipline Dolinka","article_publisher":"https:\/\/www.facebook.com\/ZiplineDolinka\/","article_modified_time":"2023-07-31T07:44:07+00:00","og_image":[{"width":593,"height":593,"url":"https:\/\/zipline-dolinka.si\/wp-content\/uploads\/2023\/07\/zipline9-1.png","type":"image\/png"}],"twitter_card":"summary_large_image","twitter_misc":{"Odhadovan\u00e1 doba \u010dten\u00ed":"1 minuta"},"schema":{"@context":"https:\/\/schema.org","@graph":[{"@type":"WebPage","@id":"https:\/\/zipline-dolinka.si\/cs\/prohlidka-nebo-vylet\/slunecni-zapadova-prohlidka\/","url":"https:\/\/zipline-dolinka.si\/cs\/prohlidka-nebo-vylet\/slunecni-zapadova-prohlidka\/","name":"Slune\u010dn\u00ed z\u00e1padov\u00e1 prohl\u00eddka - Zipline Dolinka","isPartOf":{"@id":"https:\/\/zipline-dolinka.si\/cs\/#website"},"primaryImageOfPage":{"@id":"https:\/\/zipline-dolinka.si\/cs\/prohlidka-nebo-vylet\/slunecni-zapadova-prohlidka\/#primaryimage"},"image":{"@id":"https:\/\/zipline-dolinka.si\/cs\/prohlidka-nebo-vylet\/slunecni-zapadova-prohlidka\/#primaryimage"},"thumbnailUrl":"https:\/\/zipline-dolinka.si\/wp-content\/uploads\/2023\/07\/zipline9-1.png","datePublished":"2023-07-31T06:33:35+00:00","dateModified":"2023-07-31T07:44:07+00:00","breadcrumb":{"@id":"https:\/\/zipline-dolinka.si\/cs\/prohlidka-nebo-vylet\/slunecni-zapadova-prohlidka\/#breadcrumb"},"inLanguage":"cs","potentialAction":[{"@type":"ReadAction","target":["https:\/\/zipline-dolinka.si\/cs\/prohlidka-nebo-vylet\/slunecni-zapadova-prohlidka\/"]}]},{"@type":"ImageObject","inLanguage":"cs","@id":"https:\/\/zipline-dolinka.si\/cs\/prohlidka-nebo-vylet\/slunecni-zapadova-prohlidka\/#primaryimage","url":"https:\/\/zipline-dolinka.si\/wp-content\/uploads\/2023\/07\/zipline9-1.png","contentUrl":"https:\/\/zipline-dolinka.si\/wp-content\/uploads\/2023\/07\/zipline9-1.png","width":593,"height":593},{"@type":"BreadcrumbList","@id":"https:\/\/zipline-dolinka.si\/cs\/prohlidka-nebo-vylet\/slunecni-zapadova-prohlidka\/#breadcrumb","itemListElement":[{"@type":"ListItem","position":1,"name":"\u00davodn\u00ed str\u00e1nka","item":"https:\/\/zipline-dolinka.si\/cs\/"},{"@type":"ListItem","position":2,"name":"Prohl\u00eddka nebo v\u00fdlet","item":"https:\/\/zipline-dolinka.si\/cs\/prohlidka-nebo-vylet\/"},{"@type":"ListItem","position":3,"name":"Slune\u010dn\u00ed z\u00e1padov\u00e1 prohl\u00eddka"}]},{"@type":"WebSite","@id":"https:\/\/zipline-dolinka.si\/cs\/#website","url":"https:\/\/zipline-dolinka.si\/cs\/","name":"Zipline Dolinka","description":"The Longest Zipline in Europe","publisher":{"@id":"https:\/\/zipline-dolinka.si\/cs\/#organization"},"potentialAction":[{"@type":"SearchAction","target":{"@type":"EntryPoint","urlTemplate":"https:\/\/zipline-dolinka.si\/cs\/?s={search_term_string}"},"query-input":{"@type":"PropertyValueSpecification","valueRequired":true,"valueName":"search_term_string"}}],"inLanguage":"cs"},{"@type":"Organization","@id":"https:\/\/zipline-dolinka.si\/cs\/#organization","name":"Zipline Dolinka Bled","url":"https:\/\/zipline-dolinka.si\/cs\/","logo":{"@type":"ImageObject","inLanguage":"cs","@id":"https:\/\/zipline-dolinka.si\/cs\/#\/schema\/logo\/image\/","url":"https:\/\/zipline-dolinka.si\/wp-content\/uploads\/2022\/05\/cropped-ziplinedolonka-favicon.png","contentUrl":"https:\/\/zipline-dolinka.si\/wp-content\/uploads\/2022\/05\/cropped-ziplinedolonka-favicon.png","width":512,"height":512,"caption":"Zipline Dolinka Bled"},"image":{"@id":"https:\/\/zipline-dolinka.si\/cs\/#\/schema\/logo\/image\/"},"sameAs":["https:\/\/www.facebook.com\/ZiplineDolinka\/","https:\/\/www.tripadvisor.com\/Attraction_Review-g274863-d14139627-Reviews-Zipline_Dolinka-Bled_Upper_Carniola_Region.html"]}]}},"_links":{"self":[{"href":"https:\/\/zipline-dolinka.si\/cs\/wp-json\/wp\/v2\/pages\/4317","targetHints":{"allow":["GET"]}}],"collection":[{"href":"https:\/\/zipline-dolinka.si\/cs\/wp-json\/wp\/v2\/pages"}],"about":[{"href":"https:\/\/zipline-dolinka.si\/cs\/wp-json\/wp\/v2\/types\/page"}],"author":[{"embeddable":true,"href":"https:\/\/zipline-dolinka.si\/cs\/wp-json\/wp\/v2\/users\/1"}],"replies":[{"embeddable":true,"href":"https:\/\/zipline-dolinka.si\/cs\/wp-json\/wp\/v2\/comments?post=4317"}],"version-history":[{"count":0,"href":"https:\/\/zipline-dolinka.si\/cs\/wp-json\/wp\/v2\/pages\/4317\/revisions"}],"up":[{"embeddable":true,"href":"https:\/\/zipline-dolinka.si\/cs\/wp-json\/wp\/v2\/pages\/3119"}],"wp:featuredmedia":[{"embeddable":true,"href":"https:\/\/zipline-dolinka.si\/cs\/wp-json\/wp\/v2\/media\/4270"}],"wp:attachment":[{"href":"https:\/\/zipline-dolinka.si\/cs\/wp-json\/wp\/v2\/media?parent=4317"}],"curies":[{"name":"wp","href":"https:\/\/api.w.org\/{rel}","templated":true}]}}