{"id":3326,"date":"2022-06-15T18:37:46","date_gmt":"2022-06-15T18:37:46","guid":{"rendered":"https:\/\/zipline-dolinka.si\/?page_id=3326"},"modified":"2023-06-28T10:07:04","modified_gmt":"2023-06-28T10:07:04","slug":"soukromy-vylet-zipline-dolinka","status":"publish","type":"page","link":"https:\/\/zipline-dolinka.si\/cs\/prohlidka-nebo-vylet\/soukromy-vylet-zipline-dolinka\/","title":{"rendered":"Soukrom\u00fd v\u00fdlet Zipline Dolinka"},"content":{"rendered":"\n<div id=\"wp-block-themeisle-blocks-advanced-columns-40d4ac3b\" class=\"wp-block-themeisle-blocks-advanced-columns has-2-columns has-desktop-equal-layout has-tablet-equal-layout has-mobile-collapsedRows-layout has-vertical-unset\"><div class=\"wp-block-themeisle-blocks-advanced-columns-overlay\"><\/div><div class=\"innerblocks-wrap\">\n<div id=\"wp-block-themeisle-blocks-advanced-column-11388c99\" class=\"wp-block-themeisle-blocks-advanced-column\">\n\n\n\n<script>\nga(function (tracker) {\n \/\/ Gets the client ID of the default tracker.\n var clientId = tracker.get('clientId');\n\n\n \/\/ Gets the Checkfront iframe.\n var checkfrontIframe = document.getElementById('CHECKFRONT_WIDGET_01').getElementsByTagName('iframe')[0]; \n\n\n \/\/ Sends the client ID to the window inside the destination frame, once it's loaded.\n checkfrontIframe.addEventListener(\"load\", function () {\n this.contentWindow.postMessage(clientId, 'https:\/\/zipline-dolinka.checkfront.com');\n });\n});\n<\/script>\n<\/div>\n\n\n\n<div id=\"wp-block-themeisle-blocks-advanced-column-31b001f5\" class=\"wp-block-themeisle-blocks-advanced-column\">\n<p>U\u017eijte si dechberouc\u00ed v\u00fdlet Zipline Dolinka v exkluzivn\u00edm nastaven\u00ed s na\u0161\u00ed soukromou vstupenkou. Tato mo\u017enost je ide\u00e1ln\u00ed pro ty, kte\u0159\u00ed hledaj\u00ed osobn\u011bj\u0161\u00ed a intimn\u011bj\u0161\u00ed z\u00e1\u017eitek, a umo\u017e\u0148uje v\u00e1m vychutnat si vzru\u0161uj\u00edc\u00ed v\u00fdlet po lanovce mezi va\u0161\u00ed vlastn\u00ed rodinou nebo p\u0159\u00e1teli, ani\u017e by ve skupin\u011b byli jin\u00ed host\u00e9. Upozor\u0148ujeme, \u017ee pro toto soukrom\u00e9 dobrodru\u017estv\u00ed je nutn\u00fd minim\u00e1ln\u011b \u010dty\u0159i \u00fa\u010dastn\u00edci.<\/p>\n\n\n\n<p>Na\u0161\u00edm posl\u00e1n\u00edm je nab\u00eddnout nezapomenuteln\u00fd, aktivn\u00ed z\u00e1\u017eitek a z\u00e1rove\u0148 v\u0161t\u00edpit pov\u011bdom\u00ed o environment\u00e1ln\u00edch hodnot\u00e1ch. Dokonale propojujeme vzru\u0161uj\u00edc\u00ed dobrodru\u017estv\u00ed s kr\u00e1sn\u00fdm p\u0159\u00edrodn\u00edm prost\u0159ed\u00edm. Jak se budete proh\u00e1n\u011bt malebn\u00fdm \u00fadol\u00edm, kde se \u0159eka vine lesem a mok\u0159ady, budete si p\u0159ipom\u00ednat harmonii p\u0159\u00edrody. Tato malebn\u00e1 kulisa \u010dasto inspiruje na\u0161e hosty k ocen\u011bn\u00ed a podpo\u0159e udr\u017eiteln\u00e9ho my\u0161len\u00ed.<\/p>\n\n\n\n<p>Cesta zahrnuje p\u016fsobivou \u0159adu sedmi lanovek v d\u00e9lce od 300 m do 700 m, co\u017e celkem p\u0159edstavuje vzru\u0161uj\u00edc\u00ed d\u00e9lku 4 km. Jednotliv\u00e9 lanovky spojuj\u00ed fascinuj\u00edc\u00ed lesn\u00ed a poln\u00ed stezky. B\u011bhem v\u00fdletu d\u011bl\u00e1me n\u011bkolik zast\u00e1vek, kter\u00e9 umo\u017e\u0148uj\u00ed hlub\u0161\u00ed pochopen\u00ed m\u00edstn\u00ed fl\u00f3ry a fauny. A to nemluv\u00edme o tom, \u017ee tyto zast\u00e1vky nab\u00edzej\u00ed n\u00e1dhern\u00e9 v\u00fdhledy na majest\u00e1tn\u00ed vrcholy Mt. Triglav, Stol a Babji Zob.<\/p>\n\n\n\n<p>P\u0159idejte se k n\u00e1m na tomto soukrom\u00e9m v\u00fdletu Zipline Dolinka, kter\u00fd je ide\u00e1ln\u00ed pro dobrodruhy, kte\u0159\u00ed oce\u0148uj\u00ed soukrom\u00ed, p\u0159\u00edrodn\u00ed kr\u00e1su a vzru\u0161uj\u00edc\u00ed z\u00e1\u017eitky.<\/p>\n<\/div>\n<\/div><\/div>\n","protected":false},"excerpt":{"rendered":"","protected":false},"author":1,"featured_media":0,"parent":3119,"menu_order":1,"comment_status":"closed","ping_status":"closed","template":"","meta":{"neve_meta_sidebar":"","neve_meta_container":"","neve_meta_enable_content_width":"","neve_meta_content_width":0,"neve_meta_title_alignment":"","neve_meta_author_avatar":"","neve_post_elements_order":"","neve_meta_disable_header":"","neve_meta_disable_footer":"","neve_meta_disable_title":"","_themeisle_gutenberg_block_has_review":false,"footnotes":""},"class_list":["post-3326","page","type-page","status-publish","hentry"],"yoast_head":"<!-- This site is optimized with the Yoast SEO plugin v27.0 - https:\/\/yoast.com\/product\/yoast-seo-wordpress\/ -->\n<title>Soukrom\u00fd v\u00fdlet Zipline Dolinka - Zipline Dolinka<\/title>\n<meta name=\"robots\" content=\"index, follow, max-snippet:-1, max-image-preview:large, max-video-preview:-1\" \/>\n<link rel=\"canonical\" href=\"https:\/\/zipline-dolinka.si\/cs\/prohlidka-nebo-vylet\/soukromy-vylet-zipline-dolinka\/\" \/>\n<meta property=\"og:locale\" content=\"cs_CZ\" \/>\n<meta property=\"og:type\" content=\"article\" \/>\n<meta property=\"og:title\" content=\"Soukrom\u00fd v\u00fdlet Zipline Dolinka - Zipline Dolinka\" \/>\n<meta property=\"og:url\" content=\"https:\/\/zipline-dolinka.si\/cs\/prohlidka-nebo-vylet\/soukromy-vylet-zipline-dolinka\/\" \/>\n<meta property=\"og:site_name\" content=\"Zipline Dolinka\" \/>\n<meta property=\"article:publisher\" content=\"https:\/\/www.facebook.com\/ZiplineDolinka\/\" \/>\n<meta property=\"article:modified_time\" content=\"2023-06-28T10:07:04+00:00\" \/>\n<meta name=\"twitter:card\" content=\"summary_large_image\" \/>\n<meta name=\"twitter:label1\" content=\"Odhadovan\u00e1 doba \u010dten\u00ed\" \/>\n\t<meta name=\"twitter:data1\" content=\"1 minuta\" \/>\n<script type=\"application\/ld+json\" class=\"yoast-schema-graph\">{\"@context\":\"https:\/\/schema.org\",\"@graph\":[{\"@type\":\"WebPage\",\"@id\":\"https:\/\/zipline-dolinka.si\/cs\/prohlidka-nebo-vylet\/soukromy-vylet-zipline-dolinka\/\",\"url\":\"https:\/\/zipline-dolinka.si\/cs\/prohlidka-nebo-vylet\/soukromy-vylet-zipline-dolinka\/\",\"name\":\"Soukrom\u00fd v\u00fdlet Zipline Dolinka - Zipline Dolinka\",\"isPartOf\":{\"@id\":\"https:\/\/zipline-dolinka.si\/cs\/#website\"},\"datePublished\":\"2022-06-15T18:37:46+00:00\",\"dateModified\":\"2023-06-28T10:07:04+00:00\",\"breadcrumb\":{\"@id\":\"https:\/\/zipline-dolinka.si\/cs\/prohlidka-nebo-vylet\/soukromy-vylet-zipline-dolinka\/#breadcrumb\"},\"inLanguage\":\"cs\",\"potentialAction\":[{\"@type\":\"ReadAction\",\"target\":[\"https:\/\/zipline-dolinka.si\/cs\/prohlidka-nebo-vylet\/soukromy-vylet-zipline-dolinka\/\"]}]},{\"@type\":\"BreadcrumbList\",\"@id\":\"https:\/\/zipline-dolinka.si\/cs\/prohlidka-nebo-vylet\/soukromy-vylet-zipline-dolinka\/#breadcrumb\",\"itemListElement\":[{\"@type\":\"ListItem\",\"position\":1,\"name\":\"\u00davodn\u00ed str\u00e1nka\",\"item\":\"https:\/\/zipline-dolinka.si\/cs\/\"},{\"@type\":\"ListItem\",\"position\":2,\"name\":\"Prohl\u00eddka nebo v\u00fdlet\",\"item\":\"https:\/\/zipline-dolinka.si\/cs\/prohlidka-nebo-vylet\/\"},{\"@type\":\"ListItem\",\"position\":3,\"name\":\"Soukrom\u00fd v\u00fdlet Zipline Dolinka\"}]},{\"@type\":\"WebSite\",\"@id\":\"https:\/\/zipline-dolinka.si\/cs\/#website\",\"url\":\"https:\/\/zipline-dolinka.si\/cs\/\",\"name\":\"Zipline Dolinka\",\"description\":\"The Longest Zipline in Europe\",\"publisher\":{\"@id\":\"https:\/\/zipline-dolinka.si\/cs\/#organization\"},\"potentialAction\":[{\"@type\":\"SearchAction\",\"target\":{\"@type\":\"EntryPoint\",\"urlTemplate\":\"https:\/\/zipline-dolinka.si\/cs\/?s={search_term_string}\"},\"query-input\":{\"@type\":\"PropertyValueSpecification\",\"valueRequired\":true,\"valueName\":\"search_term_string\"}}],\"inLanguage\":\"cs\"},{\"@type\":\"Organization\",\"@id\":\"https:\/\/zipline-dolinka.si\/cs\/#organization\",\"name\":\"Zipline Dolinka Bled\",\"url\":\"https:\/\/zipline-dolinka.si\/cs\/\",\"logo\":{\"@type\":\"ImageObject\",\"inLanguage\":\"cs\",\"@id\":\"https:\/\/zipline-dolinka.si\/cs\/#\/schema\/logo\/image\/\",\"url\":\"https:\/\/zipline-dolinka.si\/wp-content\/uploads\/2022\/05\/cropped-ziplinedolonka-favicon.png\",\"contentUrl\":\"https:\/\/zipline-dolinka.si\/wp-content\/uploads\/2022\/05\/cropped-ziplinedolonka-favicon.png\",\"width\":512,\"height\":512,\"caption\":\"Zipline Dolinka Bled\"},\"image\":{\"@id\":\"https:\/\/zipline-dolinka.si\/cs\/#\/schema\/logo\/image\/\"},\"sameAs\":[\"https:\/\/www.facebook.com\/ZiplineDolinka\/\",\"https:\/\/www.tripadvisor.com\/Attraction_Review-g274863-d14139627-Reviews-Zipline_Dolinka-Bled_Upper_Carniola_Region.html\"]}]}<\/script>\n<!-- \/ Yoast SEO plugin. -->","yoast_head_json":{"title":"Soukrom\u00fd v\u00fdlet Zipline Dolinka - Zipline Dolinka","robots":{"index":"index","follow":"follow","max-snippet":"max-snippet:-1","max-image-preview":"max-image-preview:large","max-video-preview":"max-video-preview:-1"},"canonical":"https:\/\/zipline-dolinka.si\/cs\/prohlidka-nebo-vylet\/soukromy-vylet-zipline-dolinka\/","og_locale":"cs_CZ","og_type":"article","og_title":"Soukrom\u00fd v\u00fdlet Zipline Dolinka - Zipline Dolinka","og_url":"https:\/\/zipline-dolinka.si\/cs\/prohlidka-nebo-vylet\/soukromy-vylet-zipline-dolinka\/","og_site_name":"Zipline Dolinka","article_publisher":"https:\/\/www.facebook.com\/ZiplineDolinka\/","article_modified_time":"2023-06-28T10:07:04+00:00","twitter_card":"summary_large_image","twitter_misc":{"Odhadovan\u00e1 doba \u010dten\u00ed":"1 minuta"},"schema":{"@context":"https:\/\/schema.org","@graph":[{"@type":"WebPage","@id":"https:\/\/zipline-dolinka.si\/cs\/prohlidka-nebo-vylet\/soukromy-vylet-zipline-dolinka\/","url":"https:\/\/zipline-dolinka.si\/cs\/prohlidka-nebo-vylet\/soukromy-vylet-zipline-dolinka\/","name":"Soukrom\u00fd v\u00fdlet Zipline Dolinka - Zipline Dolinka","isPartOf":{"@id":"https:\/\/zipline-dolinka.si\/cs\/#website"},"datePublished":"2022-06-15T18:37:46+00:00","dateModified":"2023-06-28T10:07:04+00:00","breadcrumb":{"@id":"https:\/\/zipline-dolinka.si\/cs\/prohlidka-nebo-vylet\/soukromy-vylet-zipline-dolinka\/#breadcrumb"},"inLanguage":"cs","potentialAction":[{"@type":"ReadAction","target":["https:\/\/zipline-dolinka.si\/cs\/prohlidka-nebo-vylet\/soukromy-vylet-zipline-dolinka\/"]}]},{"@type":"BreadcrumbList","@id":"https:\/\/zipline-dolinka.si\/cs\/prohlidka-nebo-vylet\/soukromy-vylet-zipline-dolinka\/#breadcrumb","itemListElement":[{"@type":"ListItem","position":1,"name":"\u00davodn\u00ed str\u00e1nka","item":"https:\/\/zipline-dolinka.si\/cs\/"},{"@type":"ListItem","position":2,"name":"Prohl\u00eddka nebo v\u00fdlet","item":"https:\/\/zipline-dolinka.si\/cs\/prohlidka-nebo-vylet\/"},{"@type":"ListItem","position":3,"name":"Soukrom\u00fd v\u00fdlet Zipline Dolinka"}]},{"@type":"WebSite","@id":"https:\/\/zipline-dolinka.si\/cs\/#website","url":"https:\/\/zipline-dolinka.si\/cs\/","name":"Zipline Dolinka","description":"The Longest Zipline in Europe","publisher":{"@id":"https:\/\/zipline-dolinka.si\/cs\/#organization"},"potentialAction":[{"@type":"SearchAction","target":{"@type":"EntryPoint","urlTemplate":"https:\/\/zipline-dolinka.si\/cs\/?s={search_term_string}"},"query-input":{"@type":"PropertyValueSpecification","valueRequired":true,"valueName":"search_term_string"}}],"inLanguage":"cs"},{"@type":"Organization","@id":"https:\/\/zipline-dolinka.si\/cs\/#organization","name":"Zipline Dolinka Bled","url":"https:\/\/zipline-dolinka.si\/cs\/","logo":{"@type":"ImageObject","inLanguage":"cs","@id":"https:\/\/zipline-dolinka.si\/cs\/#\/schema\/logo\/image\/","url":"https:\/\/zipline-dolinka.si\/wp-content\/uploads\/2022\/05\/cropped-ziplinedolonka-favicon.png","contentUrl":"https:\/\/zipline-dolinka.si\/wp-content\/uploads\/2022\/05\/cropped-ziplinedolonka-favicon.png","width":512,"height":512,"caption":"Zipline Dolinka Bled"},"image":{"@id":"https:\/\/zipline-dolinka.si\/cs\/#\/schema\/logo\/image\/"},"sameAs":["https:\/\/www.facebook.com\/ZiplineDolinka\/","https:\/\/www.tripadvisor.com\/Attraction_Review-g274863-d14139627-Reviews-Zipline_Dolinka-Bled_Upper_Carniola_Region.html"]}]}},"_links":{"self":[{"href":"https:\/\/zipline-dolinka.si\/cs\/wp-json\/wp\/v2\/pages\/3326","targetHints":{"allow":["GET"]}}],"collection":[{"href":"https:\/\/zipline-dolinka.si\/cs\/wp-json\/wp\/v2\/pages"}],"about":[{"href":"https:\/\/zipline-dolinka.si\/cs\/wp-json\/wp\/v2\/types\/page"}],"author":[{"embeddable":true,"href":"https:\/\/zipline-dolinka.si\/cs\/wp-json\/wp\/v2\/users\/1"}],"replies":[{"embeddable":true,"href":"https:\/\/zipline-dolinka.si\/cs\/wp-json\/wp\/v2\/comments?post=3326"}],"version-history":[{"count":0,"href":"https:\/\/zipline-dolinka.si\/cs\/wp-json\/wp\/v2\/pages\/3326\/revisions"}],"up":[{"embeddable":true,"href":"https:\/\/zipline-dolinka.si\/cs\/wp-json\/wp\/v2\/pages\/3119"}],"wp:attachment":[{"href":"https:\/\/zipline-dolinka.si\/cs\/wp-json\/wp\/v2\/media?parent=3326"}],"curies":[{"name":"wp","href":"https:\/\/api.w.org\/{rel}","templated":true}]}}