{"id":3135,"date":"2022-06-15T18:27:14","date_gmt":"2022-06-15T18:27:14","guid":{"rendered":"https:\/\/zipline-dolinka.si\/?page_id=3135"},"modified":"2023-07-13T07:50:35","modified_gmt":"2023-07-13T07:50:35","slug":"faq","status":"publish","type":"page","link":"https:\/\/zipline-dolinka.si\/cs\/faq\/","title":{"rendered":"FAQ"},"content":{"rendered":"\n<div id=\"wp-block-themeisle-blocks-accordion-a4f23050\" class=\"wp-block-themeisle-blocks-accordion exclusive is-wider-gap has-light-content-bg\">\n<details class=\"wp-block-themeisle-blocks-accordion-item\"><summary class=\"wp-block-themeisle-blocks-accordion-item__title\"><div>Kde se nach\u00e1z\u00ed m\u00edsto setk\u00e1n\u00ed pro \u00fa\u010dastn\u00edky Zipline Dolinka?<\/div><\/summary><div class=\"wp-block-themeisle-blocks-accordion-item__content\">\n<p>M\u00edsto setk\u00e1n\u00ed se nach\u00e1z\u00ed pobl\u00ed\u017e hlavn\u00ed autobusov\u00e9 stanice v Bledu na adrese &#8222;Cesta svobode 1, 4260 Bled&#8220;. \u00da\u010dastn\u00edci mus\u00ed b\u00fdt na m\u00edst\u011b setk\u00e1n\u00ed nejm\u00e9n\u011b 15 minut p\u0159ed pl\u00e1novan\u00fdm \u010dasem cesty. Parkov\u00e1n\u00ed pro \u00fa\u010dastn\u00edky nen\u00ed zaji\u0161t\u011bno.<\/p>\n<\/div><\/details>\n\n\n\n<details class=\"wp-block-themeisle-blocks-accordion-item\"><summary class=\"wp-block-themeisle-blocks-accordion-item__title\"><div>Kde mohu zaparkovat?<\/div><\/summary><div class=\"wp-block-themeisle-blocks-accordion-item__content\">\n<p>Naj\u00edt voln\u00e9 parkovac\u00ed m\u00edsto v Bledu m\u016f\u017ee b\u00fdt zvl\u00e1\u0161t\u011b obt\u00ed\u017en\u00e9 b\u011bhem letn\u00edch m\u011bs\u00edc\u016f, proto v\u00e1m doporu\u010dujeme opustit domov dostate\u010dn\u011b brzy a zaparkovat sv\u00e9 auto na jednom z parkovi\u0161\u0165, kter\u00e1 jsou p\u0159ibli\u017en\u011b 10 minut ch\u016fze vzd\u00e1len\u00e1.<\/p>\n\n\n\n<ol class=\"wp-block-list\">\n<li>Parkov\u00e1n\u00ed vedle z\u00e1kladn\u00ed \u0161koly: P15 &#8211; Osnovna \u0161ola, Adresa: Parkiri\u0161\u010de Seli\u0161e 2<\/li>\n\n\n\n<li>Parkov\u00e1n\u00ed u Infrastruktura: P11 &#8211; Blejski grad, Adresa: Re\u010di\u0161ka cesta 2<\/li>\n\n\n\n<li>Parkov\u00e1n\u00ed vedle ledov\u00e9ho stadionu: P04 &#8211; Ledena dvorana, Adresa: Ljubljanska cesta 5<\/li>\n\n\n\n<li>Parkov\u00e1n\u00ed Bled, Adresa: Pre\u0161ernova cesta 23 <\/li>\n<\/ol>\n\n\n\n<p>V\u0161echna parkovi\u0161t\u011b v Bledu jsou placen\u00e1.<\/p>\n<\/div><\/details>\n\n\n\n<details class=\"wp-block-themeisle-blocks-accordion-item\"><summary class=\"wp-block-themeisle-blocks-accordion-item__title\"><div>Co je zahrnuto v prohl\u00eddce?<\/div><\/summary><div class=\"wp-block-themeisle-blocks-accordion-item__content\">\n<p>Ve Zipline Dolinka se sna\u017e\u00edme poskytnout v\u00e1m vzru\u0161uj\u00edc\u00ed, ale z\u00e1rove\u0148 bezpe\u010dn\u00fd z\u00e1\u017eitek. Bal\u00ed\u010dek prohl\u00eddky zahrnuje p\u0159epravu z na\u0161eho ur\u010den\u00e9ho m\u00edsta setk\u00e1n\u00ed na za\u010d\u00e1tek zipline a zp\u011bt. Poskytujeme ve\u0161ker\u00e9 pot\u0159ebn\u00e9 bezpe\u010dnostn\u00ed vybaven\u00ed, v\u010detn\u011b helmy, bezpe\u010dnostn\u00edho sed\u00e1ku, rolni\u010dky a ochrann\u00fdch rukavic. Toto vybaven\u00ed obdr\u017e\u00edte v na\u0161\u00ed kancel\u00e1\u0159i, kter\u00e1 se nach\u00e1z\u00ed na m\u00edst\u011b setk\u00e1n\u00ed.&nbsp;<\/p>\n\n\n\n<p>Zaji\u0161\u0165ujeme nejvy\u0161\u0161\u00ed bezpe\u010dnostn\u00ed standardy pomoc\u00ed ochrann\u00e9ho vybaven\u00ed od renomovan\u00e9ho v\u00fdrobce PETZL, kter\u00fd se specializuje na v\u00fdrobu bezpe\u010dnostn\u00edho vybaven\u00ed pro venkovn\u00ed aktivity. Ve\u0161ker\u00e9 vybaven\u00ed, kter\u00e9 poskytujeme, je certifikov\u00e1no podle evropsk\u00fdch bezpe\u010dnostn\u00edch standard\u016f, aby v\u00e1m zajistilo bezpe\u010dnou a p\u0159\u00edjemnou j\u00edzdu na zipline. Va\u0161e bezpe\u010dnost je na\u0161\u00ed nejvy\u0161\u0161\u00ed prioritou a p\u0159ijali jsme v\u0161echna opat\u0159en\u00ed pro zaji\u0161t\u011bn\u00ed bezpe\u010dn\u00e9ho z\u00e1\u017eitku.<\/p>\n<\/div><\/details>\n\n\n\n<details class=\"wp-block-themeisle-blocks-accordion-item\"><summary class=\"wp-block-themeisle-blocks-accordion-item__title\"><div>Co si m\u00e1m p\u0159in\u00e9st?<\/div><\/summary><div class=\"wp-block-themeisle-blocks-accordion-item__content\">\n<p>Pro va\u0161i bezpe\u010dnost a pohodl\u00ed b\u011bhem z\u00e1\u017eitku na Zipline Dolinka je d\u016fle\u017eit\u00e9 m\u00edt spr\u00e1vn\u00e9 vybaven\u00ed. Ujist\u011bte se, \u017ee m\u00e1te na sob\u011b turistick\u00e9 boty nebo pevn\u00e9 sportovn\u00ed boty. Bohu\u017eel, kv\u016fli va\u0161\u00ed bezpe\u010dnosti, nem\u016f\u017eeme v\u00e1m dovolit nosit \u017eabky nebo sand\u00e1ly. Doporu\u010dujeme oble\u010den\u00ed vhodn\u00e9 pro aktu\u00e1ln\u00ed po\u010das\u00ed a ve kter\u00e9m se budete pohodln\u011b pohybovat, obvykle sportovn\u00ed nebo outdoorov\u00e9 oble\u010den\u00ed. Je tak\u00e9 v\u00fdhodn\u00e9 m\u00edt s sebou batoh s lahv\u00ed na vodu, abyste b\u011bhem aktivity z\u016fstali hydratovan\u00ed. Pamatujte si, \u017ee va\u0161e pohodl\u00ed a bezpe\u010dnost jsou pro n\u00e1s nejd\u016fle\u017eit\u011bj\u0161\u00ed a tyto pokyny pom\u00e1haj\u00ed zajistit pozitivn\u00ed a vzru\u0161uj\u00edc\u00ed dobrodru\u017estv\u00ed.<\/p>\n<\/div><\/details>\n\n\n\n<details class=\"wp-block-themeisle-blocks-accordion-item\"><summary class=\"wp-block-themeisle-blocks-accordion-item__title\"><div>Jak dlouho trv\u00e1 v\u00fdlet Zipline Dolinka?<\/div><\/summary><div class=\"wp-block-themeisle-blocks-accordion-item__content\">\n<p>P\u0159ipravte se na \u010dasov\u00fd rozsah mezi 2 a\u017e 3 hodinami pro cel\u00e9 dobrodru\u017estv\u00ed na Zipline Dolinka. Doba se m\u016f\u017ee li\u0161it v z\u00e1vislosti na velikosti skupiny a tempu. Bu\u010fte si jisti, \u017ee na\u0161\u00edm c\u00edlem je poskytnout p\u0159\u00edjemn\u00fd a nezapomenuteln\u00fd z\u00e1\u017eitek bez zbyte\u010dn\u00e9ho sp\u011bchu. Jsme zde, abychom si u\u017eili kr\u00e1su p\u0159\u00edrody a sd\u00edleli nad\u0161en\u00ed ze ziplinu v tempu, kter\u00e9 vyhovuje v\u0161em ve skupin\u011b.<\/p>\n<\/div><\/details>\n\n\n\n<details class=\"wp-block-themeisle-blocks-accordion-item\"><summary class=\"wp-block-themeisle-blocks-accordion-item__title\"><div>Prob\u00edh\u00e1 v\u00fdlet Zipline Dolinka za ka\u017ed\u00e9ho po\u010das\u00ed?<\/div><\/summary><div class=\"wp-block-themeisle-blocks-accordion-item__content\">\n<p>Zipline Dolinka je venkovn\u00ed aktivita a jako takov\u00e1 je zna\u010dn\u011b ovlivn\u011bna po\u010das\u00edm. Doporu\u010dujeme \u00fa\u010dastn\u00edk\u016fm obl\u00e9knout se vhodn\u011b podle po\u010das\u00ed a zvolit pohodln\u00e9 oble\u010den\u00ed a obuv. V p\u0159\u00edpad\u011b extr\u00e9mn\u00edch pov\u011btrnostn\u00edch podm\u00ednek, jako jsou bou\u0159ky, z bezpe\u010dnostn\u00edch d\u016fvod\u016f se m\u016f\u017ee st\u00e1t, \u017ee budeme muset v\u00fdlet odlo\u017eit nebo zru\u0161it. Va\u0161e bezpe\u010dnost je na\u0161\u00ed nejvy\u0161\u0161\u00ed prioritou a budeme se sna\u017eit co nejd\u0159\u00edve informovat o p\u0159\u00edpadn\u00fdch zm\u011bn\u00e1ch.<\/p>\n<\/div><\/details>\n\n\n\n<details class=\"wp-block-themeisle-blocks-accordion-item\"><summary class=\"wp-block-themeisle-blocks-accordion-item__title\"><div>Jak\u00e9 zdravotn\u00ed po\u017eadavky mus\u00edm splnit pro \u00fa\u010dast na v\u00fdletu Zipline Dolinka?\u00a0<\/div><\/summary><div class=\"wp-block-themeisle-blocks-accordion-item__content\">\n<p>Va\u0161e bezpe\u010dnost a pohoda jsou pro n\u00e1s nejvy\u0161\u0161\u00ed prioritou ve Zipline Dolinka. Proto doporu\u010dujeme n\u00e1sleduj\u00edc\u00edm osob\u00e1m zdr\u017eet se \u00fa\u010dasti na v\u00fdletu na zipline:<\/p>\n\n\n\n<ol class=\"wp-block-list\">\n<li>T\u011bhotn\u00e9 \u017eeny: J\u00edzda na zipline m\u016f\u017ee zahrnovat prudk\u00e9 pohyby a ot\u0159esy, co\u017e nemus\u00ed b\u00fdt vhodn\u00e9 pro t\u011bhotn\u00e9 \u017eeny.<\/li>\n\n\n\n<li>Osoby s srde\u010dn\u00edmi probl\u00e9my: Aktivita m\u016f\u017ee b\u00fdt fyzicky n\u00e1ro\u010dn\u00e1 a m\u016f\u017ee zp\u016fsobit zv\u00fd\u0161en\u00fd srde\u010dn\u00ed tep.<\/li>\n\n\n\n<li>Osoby se zran\u011bn\u00edm p\u00e1te\u0159e, ramen nebo kon\u010detin: J\u00edzda na zipline vy\u017eaduje dobrou fyzickou kondici a m\u016f\u017ee zat\u011b\u017eovat tyto oblasti.<\/li>\n\n\n\n<li>Osoby s v\u00e1\u017en\u00fdmi alergiemi nebo cukrovkou: Pokud se \u00fa\u010dastn\u00edte, siln\u011b doporu\u010dujeme, abyste si s sebou vzali p\u0159edepsan\u00e9 l\u00e9ky.<\/li>\n\n\n\n<li>Osoby, kter\u00e9 nejsou si jist\u00e9 sv\u00fdm zdravotn\u00edm stavem: Pokud m\u00e1te jak\u00e9koliv pochybnosti, doporu\u010dujeme se poradit se sv\u00fdm l\u00e9ka\u0159em p\u0159ed \u00fa\u010dast\u00ed na v\u00fdletu na zipline.<\/li>\n\n\n\n<li>Osoby pod vlivem drog nebo alkoholu: Z\u0159ejm\u011b z bezpe\u010dnostn\u00edch d\u016fvod\u016f takov\u00fdm osob\u00e1m nebude umo\u017en\u011bno \u00fa\u010dastnit se v\u00fdletu.<\/li>\n\n\n\n<li>J\u00edzda na zipline nen\u00ed vhodn\u00e1 pro osoby s ur\u010dit\u00fdmi posti\u017een\u00edmi nebo poruchami, nap\u0159\u00edklad pro slep\u00e9, nesly\u0161\u00edc\u00ed nebo osoby s poruchou autistick\u00e9ho spektra. To je zp\u016fsobeno povahou aktivity, bezpe\u010dnostn\u00edmi po\u017eadavky a pot\u0159ebou komunikace b\u011bhem prohl\u00eddky.<\/li>\n\n\n\n<li> Pamatujte, \u017ee bezpe\u010dnost je na\u0161\u00ed nejvy\u0161\u0161\u00ed prioritou a tyto pokyny jsou zde proto, aby se v\u0161ichni m\u011bli p\u0159i z\u00e1\u017eitku na zipline bezpe\u010dn\u011b a dob\u0159e bavili. Pokud m\u00e1te jak\u00e9koliv ot\u00e1zky nebo obavy t\u00fdkaj\u00edc\u00ed se t\u011bchto doporu\u010den\u00ed, nev\u00e1hejte n\u00e1s kontaktovat.<\/li>\n<\/ol>\n<\/div><\/details>\n\n\n\n<details class=\"wp-block-themeisle-blocks-accordion-item\"><summary class=\"wp-block-themeisle-blocks-accordion-item__title\"><div>Jak\u00e9 jsou v\u011bkov\u00e9 a jin\u00e9 omezen\u00ed \u00fa\u010dasti?<\/div><\/summary><div class=\"wp-block-themeisle-blocks-accordion-item__content\">\n<ul class=\"wp-block-list\">\n<li>Jak\u00e9 zdravotn\u00ed po\u017eadavky mus\u00edm splnit pro \u00fa\u010dast na v\u00fdletu Zipline Dolinka?<\/li>\n<\/ul>\n\n\n\n<ul class=\"wp-block-list\">\n<li>Pustte voln\u011b dobrodru\u017en\u00e9ho ducha sv\u00e9ho d\u00edt\u011bte na na\u0161em Zipline z\u00e1\u017eitku! Mlad\u00ed dobrodruzi ve v\u011bku 6-12 let se mohou t\u011b\u0161it na bezpe\u010dnou a vzru\u0161uj\u00edc\u00ed j\u00edzdu na zipline spole\u010dn\u011b s na\u0161imi zku\u0161en\u00fdmi pr\u016fvodci. Pro d\u011bti star\u0161\u00ed 12 let a v\u00e1\u017e\u00edc\u00ed v\u00edce ne\u017e 45 kg (100 liber) \u010dek\u00e1 samostatn\u00e1 j\u00edzda na zipline. V\u0161imn\u011bte si, \u017ee d\u011bti mlad\u0161\u00ed 15 let mus\u00ed b\u00fdt doprov\u00e1zeny nejm\u00e9n\u011b jedn\u00edm rodi\u010dem, aby byla zaji\u0161t\u011bna jejich bezpe\u010dnost a pot\u011b\u0161en\u00ed.<\/li>\n\n\n\n<li>Dosp\u00edvaj\u00edc\u00ed ve v\u011bku 15-18 let jsou v\u00edt\u00e1ni k j\u00edzd\u011b na zipline samostatn\u011b s p\u00edsemn\u00fdm souhlasem sv\u00fdch rodi\u010d\u016f. Bezpe\u010dnost a \u0161t\u011bst\u00ed va\u0161eho d\u00edt\u011bte jsou na\u0161\u00ed prioritou!<\/li>\n<\/ul>\n\n\n\n<p>Pro dosp\u011bl\u00e9 nab\u00edz\u00edme maxim\u00e1ln\u00ed povolenou hmotnost 120 kg (286 liber), s ohledem tak\u00e9 na p\u0159izp\u016fsoben\u00ed na\u0161eho standardn\u00edho bezpe\u010dnostn\u00edho vybaven\u00ed. V\u0161echny \u00fa\u010dastn\u00edky \u017e\u00e1d\u00e1me, aby posoudili svou fyzickou kondici a zvl\u00e1dnut\u00ed tohoto adrenalinem nabit\u00e9ho v\u00fdletu.<\/p>\n<\/div><\/details>\n\n\n\n<details class=\"wp-block-themeisle-blocks-accordion-item\"><summary class=\"wp-block-themeisle-blocks-accordion-item__title\"><div>Pot\u0159ebuji n\u011bjak\u00e9 p\u0159edchoz\u00ed znalosti p\u0159ed \u00fa\u010dast\u00ed na v\u00fdletu Zipline Dolinka?<\/div><\/summary><div class=\"wp-block-themeisle-blocks-accordion-item__content\">\n<p>Za\u017eijte vzru\u0161en\u00ed z v\u00fdletu na Zipline Dolinka, i kdy\u017e jste za\u010d\u00e1te\u010dn\u00edk! Nemus\u00edte m\u00edt \u017e\u00e1dn\u00e9 p\u0159edchoz\u00ed zku\u0161enosti s j\u00edzdou na zipline, sta\u010d\u00ed jen trochu dobrodru\u017en\u00e9ho ducha a z\u00e1kladn\u00ed fyzickou kondici. Na\u0161e cesta v\u00e1s zavede p\u0159es kr\u00e1sn\u00e9 louky a okouzluj\u00edc\u00ed lesn\u00ed stezky s kr\u00e1tk\u00fdmi a snadno zvladateln\u00fdmi proch\u00e1zkami, v\u010detn\u011b t\u011bch, kter\u00e9 se m\u00edrn\u011b stoupaj\u00ed. Je to v\u00edc ne\u017e jen v\u00fdlet na zipline &#8211; je to nadech \u010derstv\u00e9ho vzduchu na voln\u00e9m prostranstv\u00ed, zabaleno do radostn\u00e9ho dobrodru\u017estv\u00ed. P\u0159ipojte se k n\u00e1m a nechte p\u0159\u00edrodn\u00ed kr\u00e1su Dolinky b\u00fdt va\u0161\u00edm h\u0159i\u0161t\u011bm!<\/p>\n<\/div><\/details>\n\n\n\n<details class=\"wp-block-themeisle-blocks-accordion-item\"><summary class=\"wp-block-themeisle-blocks-accordion-item__title\"><div>Kdy se konaj\u00ed v\u00fdlety na Zipline Dolinka?<\/div><\/summary><div class=\"wp-block-themeisle-blocks-accordion-item__content\">\n<p>P\u0159ipravte se na dobrodru\u017estv\u00ed, kter\u00e9 se vejde do va\u0161eho pl\u00e1nu! Na\u0161e vzru\u0161uj\u00edc\u00ed v\u00fdlety na zipline se konaj\u00ed ka\u017ed\u00fd den, nab\u00edzej\u00ed flexibilitu pro va\u0161e perfektn\u00ed v\u00fdlety. V z\u00e1vislosti na ro\u010dn\u00edm obdob\u00ed m\u00e1me jeden nebo v\u00edce v\u00fdlet\u016f ka\u017ed\u00fd den, tak\u017ee v\u017edy je p\u0159\u00edle\u017eitost p\u0159ipojit se k z\u00e1bav\u011b. Abyste na\u0161li perfektn\u00ed datum, sta\u010d\u00ed kliknout na tla\u010d\u00edtko &#8222;Rezervovat&#8220; a prozkoumat na\u0161i dostupnost.<\/p>\n<\/div><\/details>\n\n\n\n<details class=\"wp-block-themeisle-blocks-accordion-item\"><summary class=\"wp-block-themeisle-blocks-accordion-item__title\"><div>Mus\u00edm si p\u0159edem rezervovat v\u00fdlet na Zipline Dolinka?<\/div><\/summary><div class=\"wp-block-themeisle-blocks-accordion-item__content\">\n<ul class=\"wp-block-list\">\n<li>Absolutn\u011b ano! D\u016frazn\u011b doporu\u010dujeme si p\u0159edem rezervovat m\u00edsto na na\u0161ich vzru\u0161uj\u00edc\u00edch v\u00fdletech na zipline. Omezuje se po\u010det \u00fa\u010dastn\u00edk\u016f, abychom zajistili bezpe\u010dnost a pot\u011b\u0161en\u00ed v\u0161ech, co\u017e znamen\u00e1, \u017ee m\u00edsta se mohou rychle zaplnit, zejm\u00e9na b\u011bhem ru\u0161n\u00fdch letn\u00edch m\u011bs\u00edc\u016f.&nbsp;<\/li>\n<\/ul>\n\n\n\n<p>Rezervac\u00ed p\u0159edem zajist\u00edte, \u017ee nezme\u0161k\u00e1te z\u00e1bavu kv\u016fli pln\u00e9mu programu. I kdy\u017e se sna\u017e\u00edme vyhov\u011bt i rezervac\u00edm na posledn\u00ed chv\u00edli, nem\u016f\u017eeme v takov\u00fdch p\u0159\u00edpadech zaru\u010dit dostupnost. Tak nev\u00e1hejte! Zajist\u011bte si sv\u00e9 dobrodru\u017estv\u00ed rezervac\u00ed p\u0159edem a zajist\u011bte si sv\u00e9 m\u00edsto ve vzru\u0161en\u00ed v\u00fdletu na Zipline Dolinka!<\/p>\n<\/div><\/details>\n\n\n\n<details class=\"wp-block-themeisle-blocks-accordion-item\"><summary class=\"wp-block-themeisle-blocks-accordion-item__title\"><div>M\u016f\u017eu si vz\u00edt s sebou video nebo fotoapar\u00e1t?<\/div><\/summary><div class=\"wp-block-themeisle-blocks-accordion-item__content\">\n<p>Nezme\u0161kejte mo\u017enost zachytit dech berouc\u00ed okam\u017eiky ze sv\u00e9ho dobrodru\u017estv\u00ed na zipline! S sebou m\u016f\u017eete klidn\u011b p\u0159in\u00e9st fotoapar\u00e1t. Pokud chcete nat\u00e1\u010det b\u011bhem vzru\u0161uj\u00edc\u00edch sestup\u016f, ujist\u011bte se, \u017ee je v\u00e1\u0161 fotoapar\u00e1t pevn\u011b p\u0159ipevn\u011bn, abyste p\u0159ede\u0161li p\u0159\u00edpadn\u00fdm nehod\u00e1m. Pro v\u0161echny ostatn\u00ed elektronick\u00e9 za\u0159\u00edzen\u00ed se ujist\u011bte, \u017ee jsou bezpe\u010dn\u011b uschov\u00e1na ve va\u0161em batohu. P\u0159ipravte se na z\u00e1znam vzru\u0161uj\u00edc\u00edch vzpom\u00ednek ze sv\u00e9ho z\u00e1\u017eitku na Zipline Dolinka!<\/p>\n<\/div><\/details>\n\n\n\n<details class=\"wp-block-themeisle-blocks-accordion-item\"><summary class=\"wp-block-themeisle-blocks-accordion-item__title\"><div>Co bych m\u011bl ud\u011blat, pokud se boj\u00edm v\u00fd\u0161ek?<\/div><\/summary><div class=\"wp-block-themeisle-blocks-accordion-item__content\">\n<ul class=\"wp-block-list\">\n<li>Nerv\u00f3zn\u00ed? Nem\u011bjte obavy! Na\u0161e zku\u0161enosti uk\u00e1zaly, \u017ee i ti \u00fa\u010dastn\u00edci, kte\u0159\u00ed m\u011bli na za\u010d\u00e1tku obavy, se po prvn\u00edch p\u00e1r j\u00edzd\u00e1ch uvolnili a naplno si to u\u017e\u00edvali. Nic nen\u00ed jako uspokojen\u00ed z toho, \u017ee p\u0159ekon\u00e1te sv\u00e9 obavy!<\/li>\n<\/ul>\n\n\n\n<p>Pokud v\u0161ak z jak\u00e9hokoli d\u016fvodu rozhodnete nepokra\u010dovat ve j\u00edzd\u00e1ch, nechte si to proj\u00edt hlavou. N\u00e1\u0161 \u0159idi\u010d v\u00e1s bezpe\u010dn\u011b p\u0159eprav\u00ed zp\u011bt na m\u00edsto setk\u00e1n\u00ed. V takov\u00fdch p\u0159\u00edpadech nab\u00edz\u00edme pln\u00e9 vr\u00e1cen\u00ed pen\u011bz, abychom zajistili v\u00e1\u0161 klid. Ale jsme si jisti, \u017ee na\u0161i zku\u0161en\u00ed a podp\u016frn\u00ed pr\u016fvodci se postaraj\u00ed o va\u0161e pohodl\u00ed a bezpe\u010d\u00ed po celou dobu z\u00e1\u017eitku. Budou s v\u00e1mi krok za krokem. Pravd\u011bpodobn\u011b, a\u017e za\u010dnete, nebudete se cht\u00edt vracet zp\u011bt! Vydejte se na toto dobrodru\u017estv\u00ed a mo\u017en\u00e1 sami sebe p\u0159ekvap\u00edte.<\/p>\n<\/div><\/details>\n<\/div>\n\n\n\n<div style=\"height:100px\" aria-hidden=\"true\" class=\"wp-block-spacer\"><\/div>\n","protected":false},"excerpt":{"rendered":"","protected":false},"author":2,"featured_media":0,"parent":0,"menu_order":7,"comment_status":"closed","ping_status":"closed","template":"","meta":{"neve_meta_sidebar":"","neve_meta_container":"","neve_meta_enable_content_width":"","neve_meta_content_width":0,"neve_meta_title_alignment":"","neve_meta_author_avatar":"","neve_post_elements_order":"","neve_meta_disable_header":"","neve_meta_disable_footer":"","neve_meta_disable_title":"","_themeisle_gutenberg_block_has_review":false,"footnotes":""},"class_list":["post-3135","page","type-page","status-publish","hentry"],"yoast_head":"<!-- This site is optimized with the Yoast SEO plugin v27.0 - https:\/\/yoast.com\/product\/yoast-seo-wordpress\/ -->\n<title>FAQ - Zipline Dolinka<\/title>\n<meta name=\"robots\" content=\"index, follow, max-snippet:-1, max-image-preview:large, max-video-preview:-1\" \/>\n<link rel=\"canonical\" href=\"https:\/\/zipline-dolinka.si\/cs\/faq\/\" \/>\n<meta property=\"og:locale\" content=\"cs_CZ\" \/>\n<meta property=\"og:type\" content=\"article\" \/>\n<meta property=\"og:title\" content=\"FAQ - Zipline Dolinka\" \/>\n<meta property=\"og:url\" content=\"https:\/\/zipline-dolinka.si\/cs\/faq\/\" \/>\n<meta property=\"og:site_name\" content=\"Zipline Dolinka\" \/>\n<meta property=\"article:publisher\" content=\"https:\/\/www.facebook.com\/ZiplineDolinka\/\" \/>\n<meta property=\"article:modified_time\" content=\"2023-07-13T07:50:35+00:00\" \/>\n<meta name=\"twitter:card\" content=\"summary_large_image\" \/>\n<meta name=\"twitter:label1\" content=\"Odhadovan\u00e1 doba \u010dten\u00ed\" \/>\n\t<meta name=\"twitter:data1\" content=\"9 minut\" \/>\n<script type=\"application\/ld+json\" class=\"yoast-schema-graph\">{\"@context\":\"https:\/\/schema.org\",\"@graph\":[{\"@type\":\"WebPage\",\"@id\":\"https:\/\/zipline-dolinka.si\/cs\/faq\/\",\"url\":\"https:\/\/zipline-dolinka.si\/cs\/faq\/\",\"name\":\"FAQ - Zipline Dolinka\",\"isPartOf\":{\"@id\":\"https:\/\/zipline-dolinka.si\/cs\/#website\"},\"datePublished\":\"2022-06-15T18:27:14+00:00\",\"dateModified\":\"2023-07-13T07:50:35+00:00\",\"breadcrumb\":{\"@id\":\"https:\/\/zipline-dolinka.si\/cs\/faq\/#breadcrumb\"},\"inLanguage\":\"cs\",\"potentialAction\":[{\"@type\":\"ReadAction\",\"target\":[\"https:\/\/zipline-dolinka.si\/cs\/faq\/\"]}]},{\"@type\":\"BreadcrumbList\",\"@id\":\"https:\/\/zipline-dolinka.si\/cs\/faq\/#breadcrumb\",\"itemListElement\":[{\"@type\":\"ListItem\",\"position\":1,\"name\":\"\u00davodn\u00ed str\u00e1nka\",\"item\":\"https:\/\/zipline-dolinka.si\/cs\/\"},{\"@type\":\"ListItem\",\"position\":2,\"name\":\"FAQ\"}]},{\"@type\":\"WebSite\",\"@id\":\"https:\/\/zipline-dolinka.si\/cs\/#website\",\"url\":\"https:\/\/zipline-dolinka.si\/cs\/\",\"name\":\"Zipline Dolinka\",\"description\":\"The Longest Zipline in Europe\",\"publisher\":{\"@id\":\"https:\/\/zipline-dolinka.si\/cs\/#organization\"},\"potentialAction\":[{\"@type\":\"SearchAction\",\"target\":{\"@type\":\"EntryPoint\",\"urlTemplate\":\"https:\/\/zipline-dolinka.si\/cs\/?s={search_term_string}\"},\"query-input\":{\"@type\":\"PropertyValueSpecification\",\"valueRequired\":true,\"valueName\":\"search_term_string\"}}],\"inLanguage\":\"cs\"},{\"@type\":\"Organization\",\"@id\":\"https:\/\/zipline-dolinka.si\/cs\/#organization\",\"name\":\"Zipline Dolinka Bled\",\"url\":\"https:\/\/zipline-dolinka.si\/cs\/\",\"logo\":{\"@type\":\"ImageObject\",\"inLanguage\":\"cs\",\"@id\":\"https:\/\/zipline-dolinka.si\/cs\/#\/schema\/logo\/image\/\",\"url\":\"https:\/\/zipline-dolinka.si\/wp-content\/uploads\/2022\/05\/cropped-ziplinedolonka-favicon.png\",\"contentUrl\":\"https:\/\/zipline-dolinka.si\/wp-content\/uploads\/2022\/05\/cropped-ziplinedolonka-favicon.png\",\"width\":512,\"height\":512,\"caption\":\"Zipline Dolinka Bled\"},\"image\":{\"@id\":\"https:\/\/zipline-dolinka.si\/cs\/#\/schema\/logo\/image\/\"},\"sameAs\":[\"https:\/\/www.facebook.com\/ZiplineDolinka\/\",\"https:\/\/www.tripadvisor.com\/Attraction_Review-g274863-d14139627-Reviews-Zipline_Dolinka-Bled_Upper_Carniola_Region.html\"]}]}<\/script>\n<!-- \/ Yoast SEO plugin. -->","yoast_head_json":{"title":"FAQ - Zipline Dolinka","robots":{"index":"index","follow":"follow","max-snippet":"max-snippet:-1","max-image-preview":"max-image-preview:large","max-video-preview":"max-video-preview:-1"},"canonical":"https:\/\/zipline-dolinka.si\/cs\/faq\/","og_locale":"cs_CZ","og_type":"article","og_title":"FAQ - Zipline Dolinka","og_url":"https:\/\/zipline-dolinka.si\/cs\/faq\/","og_site_name":"Zipline Dolinka","article_publisher":"https:\/\/www.facebook.com\/ZiplineDolinka\/","article_modified_time":"2023-07-13T07:50:35+00:00","twitter_card":"summary_large_image","twitter_misc":{"Odhadovan\u00e1 doba \u010dten\u00ed":"9 minut"},"schema":{"@context":"https:\/\/schema.org","@graph":[{"@type":"WebPage","@id":"https:\/\/zipline-dolinka.si\/cs\/faq\/","url":"https:\/\/zipline-dolinka.si\/cs\/faq\/","name":"FAQ - Zipline Dolinka","isPartOf":{"@id":"https:\/\/zipline-dolinka.si\/cs\/#website"},"datePublished":"2022-06-15T18:27:14+00:00","dateModified":"2023-07-13T07:50:35+00:00","breadcrumb":{"@id":"https:\/\/zipline-dolinka.si\/cs\/faq\/#breadcrumb"},"inLanguage":"cs","potentialAction":[{"@type":"ReadAction","target":["https:\/\/zipline-dolinka.si\/cs\/faq\/"]}]},{"@type":"BreadcrumbList","@id":"https:\/\/zipline-dolinka.si\/cs\/faq\/#breadcrumb","itemListElement":[{"@type":"ListItem","position":1,"name":"\u00davodn\u00ed str\u00e1nka","item":"https:\/\/zipline-dolinka.si\/cs\/"},{"@type":"ListItem","position":2,"name":"FAQ"}]},{"@type":"WebSite","@id":"https:\/\/zipline-dolinka.si\/cs\/#website","url":"https:\/\/zipline-dolinka.si\/cs\/","name":"Zipline Dolinka","description":"The Longest Zipline in Europe","publisher":{"@id":"https:\/\/zipline-dolinka.si\/cs\/#organization"},"potentialAction":[{"@type":"SearchAction","target":{"@type":"EntryPoint","urlTemplate":"https:\/\/zipline-dolinka.si\/cs\/?s={search_term_string}"},"query-input":{"@type":"PropertyValueSpecification","valueRequired":true,"valueName":"search_term_string"}}],"inLanguage":"cs"},{"@type":"Organization","@id":"https:\/\/zipline-dolinka.si\/cs\/#organization","name":"Zipline Dolinka Bled","url":"https:\/\/zipline-dolinka.si\/cs\/","logo":{"@type":"ImageObject","inLanguage":"cs","@id":"https:\/\/zipline-dolinka.si\/cs\/#\/schema\/logo\/image\/","url":"https:\/\/zipline-dolinka.si\/wp-content\/uploads\/2022\/05\/cropped-ziplinedolonka-favicon.png","contentUrl":"https:\/\/zipline-dolinka.si\/wp-content\/uploads\/2022\/05\/cropped-ziplinedolonka-favicon.png","width":512,"height":512,"caption":"Zipline Dolinka Bled"},"image":{"@id":"https:\/\/zipline-dolinka.si\/cs\/#\/schema\/logo\/image\/"},"sameAs":["https:\/\/www.facebook.com\/ZiplineDolinka\/","https:\/\/www.tripadvisor.com\/Attraction_Review-g274863-d14139627-Reviews-Zipline_Dolinka-Bled_Upper_Carniola_Region.html"]}]}},"_links":{"self":[{"href":"https:\/\/zipline-dolinka.si\/cs\/wp-json\/wp\/v2\/pages\/3135","targetHints":{"allow":["GET"]}}],"collection":[{"href":"https:\/\/zipline-dolinka.si\/cs\/wp-json\/wp\/v2\/pages"}],"about":[{"href":"https:\/\/zipline-dolinka.si\/cs\/wp-json\/wp\/v2\/types\/page"}],"author":[{"embeddable":true,"href":"https:\/\/zipline-dolinka.si\/cs\/wp-json\/wp\/v2\/users\/2"}],"replies":[{"embeddable":true,"href":"https:\/\/zipline-dolinka.si\/cs\/wp-json\/wp\/v2\/comments?post=3135"}],"version-history":[{"count":0,"href":"https:\/\/zipline-dolinka.si\/cs\/wp-json\/wp\/v2\/pages\/3135\/revisions"}],"wp:attachment":[{"href":"https:\/\/zipline-dolinka.si\/cs\/wp-json\/wp\/v2\/media?parent=3135"}],"curies":[{"name":"wp","href":"https:\/\/api.w.org\/{rel}","templated":true}]}}